{"id":14757,"date":"2022-12-27T23:14:30","date_gmt":"2022-12-27T19:14:30","guid":{"rendered":"https:\/\/intour.lizin.am\/general-information\/"},"modified":"2023-01-22T17:10:22","modified_gmt":"2023-01-22T13:10:22","slug":"general-information","status":"publish","type":"page","link":"https:\/\/armintour.com\/de\/general-information\/","title":{"rendered":"Allgemeine Informationen"},"content":{"rendered":"<section class=\"l-section wpb_row height_small\"><div class=\"l-section-h i-cf\"><div class=\"g-cols vc_row via_grid cols_1 laptops-cols_inherit tablets-cols_inherit mobiles-cols_1 valign_top type_default stacking_default\"><div class=\"wpb_column vc_column_container\"><div class=\"vc_column-inner\"><div class=\"w-tabs style_default switch_click accordion has_scrolling\" style=\"--sections-title-size:inherit\"><div class=\"w-tabs-sections titles-align_none icon_triangle cpos_right\"><div class=\"w-tabs-section no_indents\" id=\"j24f\" itemscope itemprop=\"mainEntity\" itemtype=\"https:\/\/schema.org\/Question\"><button class=\"w-tabs-section-header\" aria-controls=\"content-j24f\" aria-expanded=\"false\"><div class=\"w-tabs-section-title\" itemprop=\"name\">Allgemeine Informationen<\/div><div class=\"w-tabs-section-control\"><\/div><\/button><div  class=\"w-tabs-section-content\" id=\"content-j24f\" itemscope itemprop=\"acceptedAnswer\" itemtype=\"https:\/\/schema.org\/Answer\"><div class=\"w-tabs-section-content-h i-cf\" itemprop=\"text\"><div class=\"wpb_text_column\"><div class=\"wpb_wrapper\"><p>Offizieler Name \u2013 Republik Armenien (Hajastani Hanrapetutjun)<br \/>\nRepublik Armenien ist ein souver\u00e4ner, demokratischer, sozialer Rechtsstaat. Die Staatsverwaltung wird gem\u00e4\u00df der Verfassung und der Gesetze realisiert, die auf die Legislativ-, Exekutiv- und Justizbeh\u00f6rden verteilt wrden.<\/p>\n<\/div><\/div><\/div><\/div><\/div><div class=\"w-tabs-section\" id=\"n3f1\" itemscope itemprop=\"mainEntity\" itemtype=\"https:\/\/schema.org\/Question\"><button class=\"w-tabs-section-header\" aria-controls=\"content-n3f1\" aria-expanded=\"false\"><div class=\"w-tabs-section-title\" itemprop=\"name\">Hauptstadt:<\/div><div class=\"w-tabs-section-control\"><\/div><\/button><div  class=\"w-tabs-section-content\" id=\"content-n3f1\" itemscope itemprop=\"acceptedAnswer\" itemtype=\"https:\/\/schema.org\/Answer\"><div class=\"w-tabs-section-content-h i-cf\" itemprop=\"text\"><div class=\"g-cols wpb_row via_grid cols_2 laptops-cols_inherit tablets-cols_inherit mobiles-cols_1 valign_top type_default stacking_default\" style=\"--columns-gap:3rem;\"><div class=\"wpb_column vc_column_container\"><div class=\"vc_column-inner\"><div class=\"wpb_text_column\"><div class=\"wpb_wrapper\"><p>Jerewan mit ca. 1,073,700 Einwohner (laut 2016)<\/p>\n<\/div><\/div><\/div><\/div><div class=\"wpb_column vc_column_container\"><div class=\"vc_column-inner\"><div class=\"w-image align_center\"><a ref=\"magnificPopup\" href=\"https:\/\/armintour.com\/wp-content\/uploads\/2022\/12\/Yerevan-3.jpg\" aria-label=\"Yerevan\" class=\"w-image-h\"><img decoding=\"async\" width=\"1920\" height=\"1080\" src=\"https:\/\/armintour.com\/wp-content\/uploads\/2022\/12\/Yerevan-3.jpg\" class=\"attachment-full size-full\" alt=\"\" loading=\"lazy\" srcset=\"https:\/\/armintour.com\/wp-content\/uploads\/2022\/12\/Yerevan-3.jpg 1920w, https:\/\/armintour.com\/wp-content\/uploads\/2022\/12\/Yerevan-3-300x169.jpg 300w, https:\/\/armintour.com\/wp-content\/uploads\/2022\/12\/Yerevan-3-1024x576.jpg 1024w\" sizes=\"auto, (max-width: 1920px) 100vw, 1920px\" \/><\/a><\/div><\/div><\/div><\/div><\/div><\/div><\/div><div class=\"w-tabs-section\" id=\"s1e7\" itemscope itemprop=\"mainEntity\" itemtype=\"https:\/\/schema.org\/Question\"><button class=\"w-tabs-section-header\" aria-controls=\"content-s1e7\" aria-expanded=\"false\"><div class=\"w-tabs-section-title\" itemprop=\"name\">Sttatssprache:<\/div><div class=\"w-tabs-section-control\"><\/div><\/button><div  class=\"w-tabs-section-content\" id=\"content-s1e7\" itemscope itemprop=\"acceptedAnswer\" itemtype=\"https:\/\/schema.org\/Answer\"><div class=\"w-tabs-section-content-h i-cf\" itemprop=\"text\"><div class=\"g-cols wpb_row via_grid cols_2 laptops-cols_inherit tablets-cols_inherit mobiles-cols_1 valign_top type_default stacking_default\" style=\"--columns-gap:3rem;\"><div class=\"wpb_column vc_column_container\"><div class=\"vc_column-inner\"><div class=\"wpb_text_column\"><div class=\"wpb_wrapper\"><p>Die offizielle Staatssprache der Republik Armenien ist Armenisch.<br \/>\n(Russisch ist weit verbreitet, vor allem in der Bildung)<\/p>\n<\/div><\/div><\/div><\/div><div class=\"wpb_column vc_column_container\"><div class=\"vc_column-inner\"><div class=\"w-image align_center\"><a ref=\"magnificPopup\" href=\"https:\/\/armintour.com\/wp-content\/uploads\/2022\/12\/armenian-alphabet-monument.jpg\" aria-label=\"armenian-alphabet-monument\" class=\"w-image-h\"><img decoding=\"async\" width=\"1200\" height=\"1200\" src=\"https:\/\/armintour.com\/wp-content\/uploads\/2022\/12\/armenian-alphabet-monument.jpg\" class=\"attachment-full size-full\" alt=\"\" loading=\"lazy\" srcset=\"https:\/\/armintour.com\/wp-content\/uploads\/2022\/12\/armenian-alphabet-monument.jpg 1200w, https:\/\/armintour.com\/wp-content\/uploads\/2022\/12\/armenian-alphabet-monument-300x300.jpg 300w, https:\/\/armintour.com\/wp-content\/uploads\/2022\/12\/armenian-alphabet-monument-1024x1024.jpg 1024w, https:\/\/armintour.com\/wp-content\/uploads\/2022\/12\/armenian-alphabet-monument-150x150.jpg 150w\" sizes=\"auto, (max-width: 1200px) 100vw, 1200px\" \/><\/a><\/div><\/div><\/div><\/div><\/div><\/div><\/div><div class=\"w-tabs-section\" id=\"s07d\" itemscope itemprop=\"mainEntity\" itemtype=\"https:\/\/schema.org\/Question\"><button class=\"w-tabs-section-header\" aria-controls=\"content-s07d\" aria-expanded=\"false\"><div class=\"w-tabs-section-title\" itemprop=\"name\">Religion:<\/div><div class=\"w-tabs-section-control\"><\/div><\/button><div  class=\"w-tabs-section-content\" id=\"content-s07d\" itemscope itemprop=\"acceptedAnswer\" itemtype=\"https:\/\/schema.org\/Answer\"><div class=\"w-tabs-section-content-h i-cf\" itemprop=\"text\"><div class=\"g-cols wpb_row via_grid cols_2 laptops-cols_inherit tablets-cols_inherit mobiles-cols_1 valign_top type_default stacking_default\" style=\"--columns-gap:3rem;\"><div class=\"wpb_column vc_column_container\"><div class=\"vc_column-inner\"><div class=\"wpb_text_column\"><div class=\"wpb_wrapper\"><p>Die absolute Mehrheit bilden die Nachfolger der armenischen apostolischen Kirche.<\/p>\n<\/div><\/div><\/div><\/div><div class=\"wpb_column vc_column_container\"><div class=\"vc_column-inner\"><div class=\"w-image align_center\"><a ref=\"magnificPopup\" href=\"https:\/\/armintour.com\/wp-content\/uploads\/2022\/12\/Echmiatsin-2.1.jpg\" aria-label=\"Echmiatsin-2.1\" class=\"w-image-h\"><img decoding=\"async\" width=\"1000\" height=\"816\" src=\"https:\/\/armintour.com\/wp-content\/uploads\/2022\/12\/Echmiatsin-2.1.jpg\" class=\"attachment-full size-full\" alt=\"\" loading=\"lazy\" srcset=\"https:\/\/armintour.com\/wp-content\/uploads\/2022\/12\/Echmiatsin-2.1.jpg 1000w, https:\/\/armintour.com\/wp-content\/uploads\/2022\/12\/Echmiatsin-2.1-300x245.jpg 300w\" sizes=\"auto, (max-width: 1000px) 100vw, 1000px\" \/><\/a><\/div><\/div><\/div><\/div><\/div><\/div><\/div><div class=\"w-tabs-section\" id=\"de6f\" itemscope itemprop=\"mainEntity\" itemtype=\"https:\/\/schema.org\/Question\"><button class=\"w-tabs-section-header\" aria-controls=\"content-de6f\" aria-expanded=\"false\"><div class=\"w-tabs-section-title\" itemprop=\"name\">W\u00e4hrung:<\/div><div class=\"w-tabs-section-control\"><\/div><\/button><div  class=\"w-tabs-section-content\" id=\"content-de6f\" itemscope itemprop=\"acceptedAnswer\" itemtype=\"https:\/\/schema.org\/Answer\"><div class=\"w-tabs-section-content-h i-cf\" itemprop=\"text\"><div class=\"g-cols wpb_row via_grid cols_2 laptops-cols_inherit tablets-cols_inherit mobiles-cols_1 valign_top type_default stacking_default\" style=\"--columns-gap:3rem;\"><div class=\"wpb_column vc_column_container\"><div class=\"vc_column-inner\"><div class=\"wpb_text_column\"><div class=\"wpb_wrapper\"><p>Die W\u00e4hrungseinheit der RA ist der armenische Dram (AMD), der 1993 eingef\u00fchrt wurde.<\/p>\n<\/div><\/div><\/div><\/div><div class=\"wpb_column vc_column_container\"><div class=\"vc_column-inner\"><div class=\"w-image align_center\"><a ref=\"magnificPopup\" href=\"https:\/\/armintour.com\/wp-content\/uploads\/2022\/12\/Armenian-Bills.jpg\" aria-label=\"Armenian-Bills\" class=\"w-image-h\"><img decoding=\"async\" width=\"880\" height=\"880\" src=\"https:\/\/armintour.com\/wp-content\/uploads\/2022\/12\/Armenian-Bills.jpg\" class=\"attachment-full size-full\" alt=\"\" loading=\"lazy\" srcset=\"https:\/\/armintour.com\/wp-content\/uploads\/2022\/12\/Armenian-Bills.jpg 880w, https:\/\/armintour.com\/wp-content\/uploads\/2022\/12\/Armenian-Bills-300x300.jpg 300w, https:\/\/armintour.com\/wp-content\/uploads\/2022\/12\/Armenian-Bills-150x150.jpg 150w\" sizes=\"auto, (max-width: 880px) 100vw, 880px\" \/><\/a><\/div><\/div><\/div><\/div><\/div><\/div><\/div><div class=\"w-tabs-section\" id=\"if62\" itemscope itemprop=\"mainEntity\" itemtype=\"https:\/\/schema.org\/Question\"><button class=\"w-tabs-section-header\" aria-controls=\"content-if62\" aria-expanded=\"false\"><div class=\"w-tabs-section-title\" itemprop=\"name\">Bev\u00f6lkerung:<\/div><div class=\"w-tabs-section-control\"><\/div><\/button><div  class=\"w-tabs-section-content\" id=\"content-if62\" itemscope itemprop=\"acceptedAnswer\" itemtype=\"https:\/\/schema.org\/Answer\"><div class=\"w-tabs-section-content-h i-cf\" itemprop=\"text\"><div class=\"g-cols wpb_row via_grid cols_2 laptops-cols_inherit tablets-cols_inherit mobiles-cols_1 valign_top type_default stacking_default\" style=\"--columns-gap:3rem;\"><div class=\"wpb_column vc_column_container\"><div class=\"vc_column-inner\"><div class=\"wpb_text_column\"><div class=\"wpb_wrapper\"><p>3 022 866 (2016)<\/p>\n<\/div><\/div><\/div><\/div><div class=\"wpb_column vc_column_container\"><div class=\"vc_column-inner\"><div class=\"w-image align_center\"><a ref=\"magnificPopup\" href=\"https:\/\/armintour.com\/wp-content\/uploads\/2022\/12\/Armenians.jpg\" aria-label=\"Armenians\" class=\"w-image-h\"><img decoding=\"async\" width=\"800\" height=\"450\" src=\"https:\/\/armintour.com\/wp-content\/uploads\/2022\/12\/Armenians.jpg\" class=\"attachment-full size-full\" alt=\"\" loading=\"lazy\" srcset=\"https:\/\/armintour.com\/wp-content\/uploads\/2022\/12\/Armenians.jpg 800w, https:\/\/armintour.com\/wp-content\/uploads\/2022\/12\/Armenians-300x169.jpg 300w\" sizes=\"auto, (max-width: 800px) 100vw, 800px\" \/><\/a><\/div><\/div><\/div><\/div><\/div><\/div><\/div><div class=\"w-tabs-section\" id=\"d16b\" itemscope itemprop=\"mainEntity\" itemtype=\"https:\/\/schema.org\/Question\"><button class=\"w-tabs-section-header\" aria-controls=\"content-d16b\" aria-expanded=\"false\"><div class=\"w-tabs-section-title\" itemprop=\"name\">Ethnische Zusammensetzungen:<\/div><div class=\"w-tabs-section-control\"><\/div><\/button><div  class=\"w-tabs-section-content\" id=\"content-d16b\" itemscope itemprop=\"acceptedAnswer\" itemtype=\"https:\/\/schema.org\/Answer\"><div class=\"w-tabs-section-content-h i-cf\" itemprop=\"text\"><div class=\"g-cols wpb_row via_grid cols_2 laptops-cols_inherit tablets-cols_inherit mobiles-cols_1 valign_top type_default stacking_default\" style=\"--columns-gap:3rem;\"><div class=\"wpb_column vc_column_container\"><div class=\"vc_column-inner\"><div class=\"wpb_text_column\"><div class=\"wpb_wrapper\"><p>Armenier: 96%<br \/>\nNationale Minderheiten: Russe, Jesidis, Assyrer, Griechen, Ukrainer, Juden, Kurden usw.<\/p>\n<\/div><\/div><\/div><\/div><div class=\"wpb_column vc_column_container\"><div class=\"vc_column-inner\"><div class=\"w-image align_center\"><a ref=\"magnificPopup\" href=\"https:\/\/armintour.com\/wp-content\/uploads\/2022\/12\/Ethnic-composition.jpg\" aria-label=\"Ethnic composition\" class=\"w-image-h\"><img decoding=\"async\" width=\"800\" height=\"445\" src=\"https:\/\/armintour.com\/wp-content\/uploads\/2022\/12\/Ethnic-composition.jpg\" class=\"attachment-full size-full\" alt=\"\" loading=\"lazy\" srcset=\"https:\/\/armintour.com\/wp-content\/uploads\/2022\/12\/Ethnic-composition.jpg 800w, https:\/\/armintour.com\/wp-content\/uploads\/2022\/12\/Ethnic-composition-300x167.jpg 300w\" sizes=\"auto, (max-width: 800px) 100vw, 800px\" \/><\/a><\/div><\/div><\/div><\/div><\/div><\/div><\/div><div class=\"w-tabs-section\" id=\"r76e\" itemscope itemprop=\"mainEntity\" itemtype=\"https:\/\/schema.org\/Question\"><button class=\"w-tabs-section-header\" aria-controls=\"content-r76e\" aria-expanded=\"false\"><div class=\"w-tabs-section-title\" itemprop=\"name\">Bodensch\u00e4tze:<\/div><div class=\"w-tabs-section-control\"><\/div><\/button><div  class=\"w-tabs-section-content\" id=\"content-r76e\" itemscope itemprop=\"acceptedAnswer\" itemtype=\"https:\/\/schema.org\/Answer\"><div class=\"w-tabs-section-content-h i-cf\" itemprop=\"text\"><div class=\"g-cols wpb_row via_grid cols_1 laptops-cols_inherit tablets-cols_inherit mobiles-cols_1 valign_top type_default stacking_default\" style=\"--columns-gap:3rem;\"><div class=\"wpb_column vc_column_container\"><div class=\"vc_column-inner\"><div class=\"wpb_text_column\"><div class=\"wpb_wrapper\"><p>Armenien ist an Kupfer, Kohl, Eisen, Bauxit, Molybd\u00e4n, Gold, Silver, Blei und Zink reich. Es gibt auch Resoursen von Bimsstein, Marmor, Tuffstien, Perlit, Kalkstein, Basalt und Salz. Edel- und Halbedelsteine sind auch reichlich vorhanden.<\/p>\n<\/div><\/div><\/div><\/div><\/div><\/div><\/div><\/div><div class=\"w-tabs-section\" id=\"r8b0\" itemscope itemprop=\"mainEntity\" itemtype=\"https:\/\/schema.org\/Question\"><button class=\"w-tabs-section-header\" aria-controls=\"content-r8b0\" aria-expanded=\"false\"><div class=\"w-tabs-section-title\" itemprop=\"name\">Die Fl\u00e4che:<\/div><div class=\"w-tabs-section-control\"><\/div><\/button><div  class=\"w-tabs-section-content\" id=\"content-r8b0\" itemscope itemprop=\"acceptedAnswer\" itemtype=\"https:\/\/schema.org\/Answer\"><div class=\"w-tabs-section-content-h i-cf\" itemprop=\"text\"><div class=\"wpb_text_column\"><div class=\"wpb_wrapper\"><p>29740 km\u00b2<\/p>\n<\/div><\/div><\/div><\/div><\/div><div class=\"w-tabs-section\" id=\"x9e5\" itemscope itemprop=\"mainEntity\" itemtype=\"https:\/\/schema.org\/Question\"><button class=\"w-tabs-section-header\" aria-controls=\"content-x9e5\" aria-expanded=\"false\"><div class=\"w-tabs-section-title\" itemprop=\"name\">Durchschnittliche H\u00f6he \u00fcber dem Meeresspiegel:<\/div><div class=\"w-tabs-section-control\"><\/div><\/button><div  class=\"w-tabs-section-content\" id=\"content-x9e5\" itemscope itemprop=\"acceptedAnswer\" itemtype=\"https:\/\/schema.org\/Answer\"><div class=\"w-tabs-section-content-h i-cf\" itemprop=\"text\"><div class=\"wpb_text_column\"><div class=\"wpb_wrapper\"><p>1,800 Meter<\/p>\n<\/div><\/div><\/div><\/div><\/div><div class=\"w-tabs-section\" id=\"n6c7\" itemscope itemprop=\"mainEntity\" itemtype=\"https:\/\/schema.org\/Question\"><button class=\"w-tabs-section-header\" aria-controls=\"content-n6c7\" aria-expanded=\"false\"><div class=\"w-tabs-section-title\" itemprop=\"name\">Die h\u00f6chste Gipfel:<\/div><div class=\"w-tabs-section-control\"><\/div><\/button><div  class=\"w-tabs-section-content\" id=\"content-n6c7\" itemscope itemprop=\"acceptedAnswer\" itemtype=\"https:\/\/schema.org\/Answer\"><div class=\"w-tabs-section-content-h i-cf\" itemprop=\"text\"><div class=\"g-cols wpb_row via_grid cols_2 laptops-cols_inherit tablets-cols_inherit mobiles-cols_1 valign_top type_default stacking_default\" style=\"--columns-gap:3rem;\"><div class=\"wpb_column vc_column_container\"><div class=\"vc_column-inner\"><div class=\"wpb_text_column\"><div class=\"wpb_wrapper\"><p>Aragaz (4 095 Meter)<\/p>\n<\/div><\/div><\/div><\/div><div class=\"wpb_column vc_column_container\"><div class=\"vc_column-inner\"><div class=\"w-image align_center\"><a ref=\"magnificPopup\" href=\"https:\/\/armintour.com\/wp-content\/uploads\/2022\/12\/aragats-in-armenia.jpg\" aria-label=\"aragats-in-armenia\" class=\"w-image-h\"><img decoding=\"async\" width=\"1200\" height=\"661\" src=\"https:\/\/armintour.com\/wp-content\/uploads\/2022\/12\/aragats-in-armenia.jpg\" class=\"attachment-full size-full\" alt=\"\" loading=\"lazy\" srcset=\"https:\/\/armintour.com\/wp-content\/uploads\/2022\/12\/aragats-in-armenia.jpg 1200w, https:\/\/armintour.com\/wp-content\/uploads\/2022\/12\/aragats-in-armenia-300x165.jpg 300w, https:\/\/armintour.com\/wp-content\/uploads\/2022\/12\/aragats-in-armenia-1024x564.jpg 1024w\" sizes=\"auto, (max-width: 1200px) 100vw, 1200px\" \/><\/a><\/div><\/div><\/div><\/div><\/div><\/div><\/div><div class=\"w-tabs-section\" id=\"e706\" itemscope itemprop=\"mainEntity\" itemtype=\"https:\/\/schema.org\/Question\"><button class=\"w-tabs-section-header\" aria-controls=\"content-e706\" aria-expanded=\"false\"><div class=\"w-tabs-section-title\" itemprop=\"name\">Die Fahne:<\/div><div class=\"w-tabs-section-control\"><\/div><\/button><div  class=\"w-tabs-section-content\" id=\"content-e706\" itemscope itemprop=\"acceptedAnswer\" itemtype=\"https:\/\/schema.org\/Answer\"><div class=\"w-tabs-section-content-h i-cf\" itemprop=\"text\"><div class=\"g-cols wpb_row via_grid cols_2 laptops-cols_inherit tablets-cols_inherit mobiles-cols_1 valign_top type_default stacking_default\" style=\"--columns-gap:3rem;\"><div class=\"wpb_column vc_column_container\"><div class=\"vc_column-inner\"><div class=\"wpb_text_column\"><div class=\"wpb_wrapper\"><p>Das Gesetz \u201e\u00fcber die Staatsfahne der Republik Armenien\u201c wurde am 24. August 1990 vom Generalrat der Republik Armenien verabschiedet.<br \/>\nDie Fahne ist eine rechteckige Platte mit drei gleich gro\u00dfen horizontalen Streifen in Rot, Blau und Orange (von oben nach unten).<\/p>\n<\/div><\/div><\/div><\/div><div class=\"wpb_column vc_column_container\"><div class=\"vc_column-inner\"><div class=\"w-image align_center\"><a ref=\"magnificPopup\" href=\"https:\/\/armintour.com\/wp-content\/uploads\/2022\/12\/armenian-national-flag.jpg\" aria-label=\"armenian-national-flag\" class=\"w-image-h\"><img decoding=\"async\" width=\"1348\" height=\"510\" src=\"https:\/\/armintour.com\/wp-content\/uploads\/2022\/12\/armenian-national-flag.jpg\" class=\"attachment-full size-full\" alt=\"\" loading=\"lazy\" srcset=\"https:\/\/armintour.com\/wp-content\/uploads\/2022\/12\/armenian-national-flag.jpg 1348w, https:\/\/armintour.com\/wp-content\/uploads\/2022\/12\/armenian-national-flag-300x114.jpg 300w, https:\/\/armintour.com\/wp-content\/uploads\/2022\/12\/armenian-national-flag-1024x387.jpg 1024w\" sizes=\"auto, (max-width: 1348px) 100vw, 1348px\" \/><\/a><\/div><\/div><\/div><\/div><\/div><\/div><\/div><div class=\"w-tabs-section\" id=\"y4c8\" itemscope itemprop=\"mainEntity\" itemtype=\"https:\/\/schema.org\/Question\"><button class=\"w-tabs-section-header\" aria-controls=\"content-y4c8\" aria-expanded=\"false\"><div class=\"w-tabs-section-title\" itemprop=\"name\">Das Wappen:<\/div><div class=\"w-tabs-section-control\"><\/div><\/button><div  class=\"w-tabs-section-content\" id=\"content-y4c8\" itemscope itemprop=\"acceptedAnswer\" itemtype=\"https:\/\/schema.org\/Answer\"><div class=\"w-tabs-section-content-h i-cf\" itemprop=\"text\"><div class=\"g-cols wpb_row via_grid cols_2 laptops-cols_inherit tablets-cols_inherit mobiles-cols_1 valign_top type_default stacking_default\" style=\"--columns-gap:3rem;\"><div class=\"wpb_column vc_column_container\"><div class=\"vc_column-inner\"><div class=\"wpb_text_column\"><div class=\"wpb_wrapper\"><p>Das Gesetz \u201c\u00fcber das Staatswappen der Republik Armenien\u201d wurde am 19. April 1992 vom Generalrat der Republik Armenien verabschiedet.<br \/>\nEs ist eine Wiedergabe des Wappens der Ersten armenischen Republik, das vom Mitglied der russischen Akademie der Bildenden K\u00fcnste, Architekten Alexander Tamanian und vom K\u00fcnstler Hakob Kodjoyan entworfen wurde.<\/p>\n<\/div><\/div><\/div><\/div><div class=\"wpb_column vc_column_container\"><div class=\"vc_column-inner\"><div class=\"w-image align_center\"><a ref=\"magnificPopup\" href=\"https:\/\/armintour.com\/wp-content\/uploads\/2022\/12\/The-Coat-of-Arms.jpg\" aria-label=\"The Coat of Arms\" class=\"w-image-h\"><img decoding=\"async\" width=\"1280\" height=\"720\" src=\"https:\/\/armintour.com\/wp-content\/uploads\/2022\/12\/The-Coat-of-Arms.jpg\" class=\"attachment-full size-full\" alt=\"\" loading=\"lazy\" srcset=\"https:\/\/armintour.com\/wp-content\/uploads\/2022\/12\/The-Coat-of-Arms.jpg 1280w, https:\/\/armintour.com\/wp-content\/uploads\/2022\/12\/The-Coat-of-Arms-300x169.jpg 300w, https:\/\/armintour.com\/wp-content\/uploads\/2022\/12\/The-Coat-of-Arms-1024x576.jpg 1024w\" sizes=\"auto, (max-width: 1280px) 100vw, 1280px\" \/><\/a><\/div><\/div><\/div><\/div><\/div><\/div><\/div><\/div><\/div><\/div><\/div><\/div><\/div><\/section>\n","protected":false},"excerpt":{"rendered":"Allgemeine InformationenOffizieler Name \u2013 Republik Armenien (Hajastani Hanrapetutjun) Republik Armenien ist ein souver\u00e4ner, demokratischer, sozialer Rechtsstaat. Die Staatsverwaltung wird gem\u00e4\u00df der Verfassung und der Gesetze realisiert, die auf die Legislativ-, Exekutiv- und Justizbeh\u00f6rden verteilt wrden. Hauptstadt:Jerewan mit ca. 1,073,700 Einwohner (laut 2016) Sttatssprache:Die offizielle Staatssprache der Republik Armenien ist Armenisch. (Russisch ist weit verbreitet, vor...","protected":false},"author":1,"featured_media":14643,"parent":0,"menu_order":0,"comment_status":"closed","ping_status":"closed","template":"","meta":{"footnotes":""},"class_list":["post-14757","page","type-page","status-publish","has-post-thumbnail","hentry"],"_links":{"self":[{"href":"https:\/\/armintour.com\/de\/wp-json\/wp\/v2\/pages\/14757","targetHints":{"allow":["GET"]}}],"collection":[{"href":"https:\/\/armintour.com\/de\/wp-json\/wp\/v2\/pages"}],"about":[{"href":"https:\/\/armintour.com\/de\/wp-json\/wp\/v2\/types\/page"}],"author":[{"embeddable":true,"href":"https:\/\/armintour.com\/de\/wp-json\/wp\/v2\/users\/1"}],"replies":[{"embeddable":true,"href":"https:\/\/armintour.com\/de\/wp-json\/wp\/v2\/comments?post=14757"}],"version-history":[{"count":2,"href":"https:\/\/armintour.com\/de\/wp-json\/wp\/v2\/pages\/14757\/revisions"}],"predecessor-version":[{"id":24675,"href":"https:\/\/armintour.com\/de\/wp-json\/wp\/v2\/pages\/14757\/revisions\/24675"}],"wp:featuredmedia":[{"embeddable":true,"href":"https:\/\/armintour.com\/de\/wp-json\/wp\/v2\/media\/14643"}],"wp:attachment":[{"href":"https:\/\/armintour.com\/de\/wp-json\/wp\/v2\/media?parent=14757"}],"curies":[{"name":"wp","href":"https:\/\/api.w.org\/{rel}","templated":true}]}}