{"id":14884,"date":"2022-12-28T10:40:09","date_gmt":"2022-12-28T06:40:09","guid":{"rendered":"https:\/\/intour.lizin.am\/history\/"},"modified":"2023-01-22T17:35:54","modified_gmt":"2023-01-22T13:35:54","slug":"history","status":"publish","type":"page","link":"https:\/\/armintour.com\/de\/history\/","title":{"rendered":"Historie"},"content":{"rendered":"<section class=\"l-section wpb_row height_small\"><div class=\"l-section-overlay\" style=\"background:var(--color-header-middle-bg)\"><\/div><div class=\"l-section-h i-cf\"><div class=\"g-cols vc_row via_grid cols_1 laptops-cols_inherit tablets-cols_inherit mobiles-cols_1 valign_top type_default stacking_default\"><div class=\"wpb_column vc_column_container\"><div class=\"vc_column-inner\"><div class=\"g-cols wpb_row via_grid cols_1 laptops-cols_inherit tablets-cols_inherit mobiles-cols_1 valign_top type_default stacking_default\" style=\"--columns-gap:3rem;\"><div class=\"wpb_column vc_column_container\"><div class=\"vc_column-inner\"><div id=\"ultimate-heading-790369ff0f0ad580a\" class=\"uvc-heading ult-adjust-bottom-margin ultimate-heading-790369ff0f0ad580a uvc-8261 \" data-hspacer=\"no_spacer\"  data-halign=\"left\" style=\"text-align:left\"><div class=\"uvc-heading-spacer no_spacer\" style=\"top\"><\/div><div class=\"uvc-main-heading ult-responsive\"  data-ultimate-target='.uvc-heading.ultimate-heading-790369ff0f0ad580a h3'  data-responsive-json-new='{\"font-size\":\"\",\"line-height\":\"\"}' ><h3 style=\"font-weight:bold;color:#215388;\">\u201cHAJASTAN\u201d &amp; \u201cARMENIEN\u201d<\/h3><\/div><\/div><\/div><\/div><\/div><div class=\"w-separator size_small\"><\/div><div class=\"g-cols wpb_row via_grid cols_2 laptops-cols_inherit tablets-cols_inherit mobiles-cols_1 valign_top type_default stacking_default\" style=\"--columns-gap:3rem;\"><div class=\"wpb_column vc_column_container\"><div class=\"vc_column-inner\"><div class=\"wpb_text_column\"><div class=\"wpb_wrapper\"><p>Die erste Erw\u00e4hnung Armeniens kann in den sumerischen Keilschriften des 3. Jahrtausends vor Christus zur\u00fcckverfolgt werden. Die Hethiter bezeugen die Existenz eines Landes namens Hayasa, die zur Wiege der Armenier geglaubt wird. Haja, mit dem Suffix \u201c-stan\u201d (Land-) kombiniert, bedeutet \u201eein Land der Armenier\u201c.<br \/>\nLaut der armenischen Bibel\u00fcbersetzung war Hajk einer der Noahs Urenkel, und das Land um Ararat Berg wurde nach ihm \u201eHajk\u201c benannt. Hajk wird in auch anstatt von Orion verwendet. Er reist nach Babylon, um am Turmbau zu Babel teizunehmen. Nach seiner R\u00fcckkehr 2492 v. Chr. besiegt er den babylonischen K\u00f6nig Bel (einige Forscher vermuten, da\u00df es Nimrod ist) in der N\u00e4he der Berge des Van-sees, im s\u00fcdwestlichen Teil des historischen Armeniens (heute die Ost-T\u00fcrkei).<br \/>\nDas Wort Armani \u2013 eine fr\u00fche Form von Armen-Armin (Armen oder Arman bezeichnet die nationale Zugeh\u00f6rigkeit, nach der viele Kulturen f\u00fcr eine eigene Nation stehen, folglich der Gott Ar die h\u00f6chste Gottheit im Indogermanischen Pantheon \u2013 somit bezeichnet AR MAN die M\u00e4nner von AR oder die Kinder von AR. AR wiederum steht urspr\u00fcnglich f\u00fcr ARAREL \u2013 Sch\u00f6pfungs-Sch\u00f6pfer, also Sonne, Licht, Leben und Liebe.<br \/>\nDer Assyrisch-Babylonischer Keilschrift (13.-7. Jh. V. Chr.) nach wurde Armenien auch als \u201eNairi\u201c (Land der Fl\u00fcsse) genannt. Das legend\u00e4re Land bestand aus 60 Stammreichen und hatte hunderte von St\u00e4dten. Armenien war seit pr\u00e4historischen Zeiten besiedelt, und wird als Ort des biblischen Gartens Eden bezeichnet. Das armenische K\u00f6nigreich wurde in der Bibel als \u201eArarat Reich\u201c bezeichnet.<\/p>\n<\/div><\/div><\/div><\/div><div class=\"wpb_column vc_column_container\"><div class=\"vc_column-inner\"><div class=\"w-image align_none\"><a ref=\"magnificPopup\" href=\"https:\/\/armintour.com\/wp-content\/uploads\/2022\/12\/old-gods-of-armenia.jpg\" aria-label=\"old gods of armenia\" class=\"w-image-h\"><img decoding=\"async\" width=\"1500\" height=\"1033\" src=\"https:\/\/armintour.com\/wp-content\/uploads\/2022\/12\/old-gods-of-armenia.jpg\" class=\"attachment-full size-full\" alt=\"\" loading=\"lazy\" srcset=\"https:\/\/armintour.com\/wp-content\/uploads\/2022\/12\/old-gods-of-armenia.jpg 1500w, https:\/\/armintour.com\/wp-content\/uploads\/2022\/12\/old-gods-of-armenia-300x207.jpg 300w, https:\/\/armintour.com\/wp-content\/uploads\/2022\/12\/old-gods-of-armenia-1024x705.jpg 1024w\" sizes=\"auto, (max-width: 1500px) 100vw, 1500px\" \/><\/a><\/div><div class=\"w-image align_none\"><a ref=\"magnificPopup\" href=\"https:\/\/armintour.com\/wp-content\/uploads\/2022\/12\/Armenian-History.jpg\" aria-label=\"Armenian History\" class=\"w-image-h\"><img decoding=\"async\" width=\"1920\" height=\"844\" src=\"https:\/\/armintour.com\/wp-content\/uploads\/2022\/12\/Armenian-History.jpg\" class=\"attachment-full size-full\" alt=\"\" loading=\"lazy\" srcset=\"https:\/\/armintour.com\/wp-content\/uploads\/2022\/12\/Armenian-History.jpg 1920w, https:\/\/armintour.com\/wp-content\/uploads\/2022\/12\/Armenian-History-300x132.jpg 300w, https:\/\/armintour.com\/wp-content\/uploads\/2022\/12\/Armenian-History-1024x450.jpg 1024w\" sizes=\"auto, (max-width: 1920px) 100vw, 1920px\" \/><\/a><\/div><\/div><\/div><\/div><\/div><\/div><\/div><\/div><\/section><section class=\"l-section wpb_row height_small\"><div class=\"l-section-overlay\" style=\"background:var(--color-header-middle-bg)\"><\/div><div class=\"l-section-h i-cf\"><div class=\"g-cols vc_row via_grid cols_1 laptops-cols_inherit tablets-cols_inherit mobiles-cols_1 valign_top type_default stacking_default\"><div class=\"wpb_column vc_column_container\"><div class=\"vc_column-inner\"><div class=\"g-cols wpb_row via_grid cols_1 laptops-cols_inherit tablets-cols_inherit mobiles-cols_1 valign_top type_default stacking_default\" style=\"--columns-gap:3rem;\"><div class=\"wpb_column vc_column_container\"><div class=\"vc_column-inner\"><div id=\"ultimate-heading-52169ff0f0aebf4e\" class=\"uvc-heading ult-adjust-bottom-margin ultimate-heading-52169ff0f0aebf4e uvc-2476 \" data-hspacer=\"no_spacer\"  data-halign=\"left\" style=\"text-align:left\"><div class=\"uvc-heading-spacer no_spacer\" style=\"top\"><\/div><div class=\"uvc-main-heading ult-responsive\"  data-ultimate-target='.uvc-heading.ultimate-heading-52169ff0f0aebf4e h3'  data-responsive-json-new='{\"font-size\":\"\",\"line-height\":\"\"}' ><h3 style=\"font-weight:bold;color:#215388;\">4 ARMENISCHE K\u00d6NIGREICHE<\/h3><\/div><div class=\"uvc-sub-heading ult-responsive\"  data-ultimate-target='.uvc-heading.ultimate-heading-52169ff0f0aebf4e .uvc-sub-heading '  data-responsive-json-new='{\"font-size\":\"\",\"line-height\":\"\"}'  style=\"font-style:italic;font-weight:bold;color:#000000;margin-top:10px;\">Von uralter Zeit bis zum fr\u00fchen Christentum<\/div><\/div><\/div><\/div><\/div><div class=\"w-separator size_small\"><\/div><div id=\"ultimate-heading-330269ff0f0aec0f7\" class=\"uvc-heading ult-adjust-bottom-margin ultimate-heading-330269ff0f0aec0f7 uvc-5538 \" data-hspacer=\"no_spacer\"  data-halign=\"left\" style=\"text-align:left\"><div class=\"uvc-heading-spacer no_spacer\" style=\"top\"><\/div><div class=\"uvc-main-heading ult-responsive\"  data-ultimate-target='.uvc-heading.ultimate-heading-330269ff0f0aec0f7 h5'  data-responsive-json-new='{\"font-size\":\"\",\"line-height\":\"\"}' ><h5 style=\"font-weight:bold;color:#215388;\">Das K\u00f6nigreich Urartu<\/h5><\/div><\/div><div class=\"w-separator size_small\"><\/div><div class=\"g-cols wpb_row via_grid cols_2 laptops-cols_inherit tablets-cols_inherit mobiles-cols_1 valign_top type_default stacking_default\" style=\"--columns-gap:3rem;\"><div class=\"wpb_column vc_column_container type_sticky\"><div class=\"vc_column-inner\" style=\"top:80px\"><div class=\"wpb_text_column\"><div class=\"wpb_wrapper\"><p>Arch\u00e4ologische Ausgrabungen haben ergeben, da\u00df die Stadt-Festung Urartu (Ararat) eine einzigartige und hochentwickelte Zivilisation war. Ein Beweis daf\u00fcr ist die Zitadelle Erebuni, die 782 v. Chr. auf dem Gebiet der heutigen Hauptstadt Armeniens Jerewan gegr\u00fcndet wurde.<br \/>\nDas erste Jahrhundert v. Chr. wird als Goldenes Jahrhundert Armeniens bezeichnet mit seinen gedeihenden St\u00e4dten, seiner Kunst und Literatur.<\/p>\n<\/div><\/div><\/div><\/div><div class=\"wpb_column vc_column_container\"><div class=\"vc_column-inner\"><div class=\"w-image align_none\"><a ref=\"magnificPopup\" href=\"https:\/\/armintour.com\/wp-content\/uploads\/2022\/12\/The-Kingdom-of-Urartu.jpg\" aria-label=\"The Kingdom of Urartu\" class=\"w-image-h\"><img decoding=\"async\" width=\"1970\" height=\"948\" src=\"https:\/\/armintour.com\/wp-content\/uploads\/2022\/12\/The-Kingdom-of-Urartu.jpg\" class=\"attachment-full size-full\" alt=\"\" loading=\"lazy\" srcset=\"https:\/\/armintour.com\/wp-content\/uploads\/2022\/12\/The-Kingdom-of-Urartu.jpg 1970w, https:\/\/armintour.com\/wp-content\/uploads\/2022\/12\/The-Kingdom-of-Urartu-300x144.jpg 300w, https:\/\/armintour.com\/wp-content\/uploads\/2022\/12\/The-Kingdom-of-Urartu-1024x493.jpg 1024w\" sizes=\"auto, (max-width: 1970px) 100vw, 1970px\" \/><\/a><\/div><\/div><\/div><\/div><\/div><\/div><\/div><\/div><\/section><section class=\"l-section wpb_row height_small\"><div class=\"l-section-overlay\" style=\"background:var(--color-header-middle-bg)\"><\/div><div class=\"l-section-h i-cf\"><div class=\"g-cols vc_row via_grid cols_1 laptops-cols_inherit tablets-cols_inherit mobiles-cols_1 valign_top type_default stacking_default\"><div class=\"wpb_column vc_column_container\"><div class=\"vc_column-inner\"><div id=\"ultimate-heading-413369ff0f0af3c68\" class=\"uvc-heading ult-adjust-bottom-margin ultimate-heading-413369ff0f0af3c68 uvc-34 \" data-hspacer=\"no_spacer\"  data-halign=\"left\" style=\"text-align:left\"><div class=\"uvc-heading-spacer no_spacer\" style=\"top\"><\/div><div class=\"uvc-main-heading ult-responsive\"  data-ultimate-target='.uvc-heading.ultimate-heading-413369ff0f0af3c68 h5'  data-responsive-json-new='{\"font-size\":\"\",\"line-height\":\"\"}' ><h5 style=\"font-weight:bold;color:#215388;\">Die Arshakiden Dynastie<\/h5><\/div><\/div><div class=\"w-separator size_small\"><\/div><div class=\"g-cols wpb_row via_grid cols_2 laptops-cols_inherit tablets-cols_inherit mobiles-cols_1 valign_top type_default stacking_default\" style=\"--columns-gap:3rem;\"><div class=\"wpb_column vc_column_container type_sticky\"><div class=\"vc_column-inner\" style=\"top:80px\"><div class=\"wpb_text_column\"><div class=\"wpb_wrapper\"><p>Das erste Jahrhundert n. Chr war eine sehr schwierige Zeitperiode f\u00fcr Armenien. Die destruktive Politik der einanderfolgenden parthischen Herrscher f\u00fchrte das Land zum Sinken. Seit der zweiten H\u00e4lfte des 1. Jahrhunderts verminderte Rom seinen Einfluss in Armenien und st\u00e4rker wurde der des benachbarten Staates der Parther. Zu dieser Zeit wurde die armenische Arshakiden Dynastie gegr\u00fcndet, die bis zum 4. Jh. regiert hatte.<br \/>\nNach dem langen Kampf gegen Rom wurde der armenische K\u00f6nig Trdat I 66 n. Ch. von Nero gekr\u00f6nt, worauf eine Periode der Wiederbelebung in Armenien folgte. Viele Burgen und St\u00e4dte wurden gegr\u00fcndet oder wiederaufgebaut, und ein bemerkenswerter Fortschritt wurde auch auf dem Gebiet der Kunst und Wissenschaft gemacht. Eine der neu entstandenen St\u00e4dte war Wagharschapat, die sp\u00e4ter zur Wiege des Christentums in Armenien wurde.<br \/>\nIm Jahre 301 hat Armenien das Christentum staatlich angenommen und somit wurde es zum ersten Land der Welt, das das Cristentum zur Staatsreligion gemacht hat. Und als zweites Land der Welt, das das Christentum im Jahre 313 durch das Edikt von Mailand annahm, ist das R\u00f6mische Reich.<br \/>\n449 brach eine Rebellion zur Befreiung des zwischen Byzantien und sassanidischen Persien aufgeteilten Landes aus. Dank Heldentum und schwerer Verluste gelang den 66 000 armenischen Truppen, \u00fcber 220 000 Perser in der Schlacht von Avarair in 451 zu widerstehen.<\/p>\n<\/div><\/div><\/div><\/div><div class=\"wpb_column vc_column_container type_sticky\"><div class=\"vc_column-inner\" style=\"top:80px\"><div class=\"w-image align_none\"><a ref=\"magnificPopup\" href=\"https:\/\/armintour.com\/wp-content\/uploads\/2022\/12\/Arshakunyats_Dambaran_and_Chapel_Aghdzk_Armenia-scaled.jpg\" aria-label=\"Arshakunyats_Dambaran_and_Chapel,_Aghdzk,_Armenia\" class=\"w-image-h\"><img decoding=\"async\" width=\"2560\" height=\"1752\" src=\"https:\/\/armintour.com\/wp-content\/uploads\/2022\/12\/Arshakunyats_Dambaran_and_Chapel_Aghdzk_Armenia-scaled.jpg\" class=\"attachment-full size-full\" alt=\"\" loading=\"lazy\" srcset=\"https:\/\/armintour.com\/wp-content\/uploads\/2022\/12\/Arshakunyats_Dambaran_and_Chapel_Aghdzk_Armenia-scaled.jpg 2560w, https:\/\/armintour.com\/wp-content\/uploads\/2022\/12\/Arshakunyats_Dambaran_and_Chapel_Aghdzk_Armenia-300x205.jpg 300w, https:\/\/armintour.com\/wp-content\/uploads\/2022\/12\/Arshakunyats_Dambaran_and_Chapel_Aghdzk_Armenia-1024x701.jpg 1024w\" sizes=\"auto, (max-width: 2560px) 100vw, 2560px\" \/><\/a><\/div><div class=\"w-image align_none\"><a ref=\"magnificPopup\" href=\"https:\/\/armintour.com\/wp-content\/uploads\/2022\/12\/Arshakunyats_Mausoleum_01.jpg\" aria-label=\"Arshakunyats_Mausoleum_01\" class=\"w-image-h\"><img decoding=\"async\" width=\"2000\" height=\"1500\" src=\"https:\/\/armintour.com\/wp-content\/uploads\/2022\/12\/Arshakunyats_Mausoleum_01.jpg\" class=\"attachment-full size-full\" alt=\"\" loading=\"lazy\" srcset=\"https:\/\/armintour.com\/wp-content\/uploads\/2022\/12\/Arshakunyats_Mausoleum_01.jpg 2000w, https:\/\/armintour.com\/wp-content\/uploads\/2022\/12\/Arshakunyats_Mausoleum_01-300x225.jpg 300w, https:\/\/armintour.com\/wp-content\/uploads\/2022\/12\/Arshakunyats_Mausoleum_01-1024x768.jpg 1024w\" sizes=\"auto, (max-width: 2000px) 100vw, 2000px\" \/><\/a><\/div><\/div><\/div><\/div><\/div><\/div><\/div><\/div><\/section><section class=\"l-section wpb_row height_small\"><div class=\"l-section-overlay\" style=\"background:var(--color-header-middle-bg)\"><\/div><div class=\"l-section-h i-cf\"><div class=\"g-cols vc_row via_grid cols_1 laptops-cols_inherit tablets-cols_inherit mobiles-cols_1 valign_top type_default stacking_default\"><div class=\"wpb_column vc_column_container\"><div class=\"vc_column-inner\"><div id=\"ultimate-heading-208569ff0f0b0ca2f\" class=\"uvc-heading ult-adjust-bottom-margin ultimate-heading-208569ff0f0b0ca2f uvc-5975 \" data-hspacer=\"no_spacer\"  data-halign=\"left\" style=\"text-align:left\"><div class=\"uvc-heading-spacer no_spacer\" style=\"top\"><\/div><div class=\"uvc-main-heading ult-responsive\"  data-ultimate-target='.uvc-heading.ultimate-heading-208569ff0f0b0ca2f h5'  data-responsive-json-new='{\"font-size\":\"\",\"line-height\":\"\"}' ><h5 style=\"font-weight:bold;color:#215388;\">Das mittelalterliche Armenien<\/h5><\/div><div class=\"uvc-sub-heading ult-responsive\"  data-ultimate-target='.uvc-heading.ultimate-heading-208569ff0f0b0ca2f .uvc-sub-heading '  data-responsive-json-new='{\"font-size\":\"\",\"line-height\":\"\"}'  style=\"font-style:italic;font-weight:bold;color:#000000;margin-top:10px;\">Bagratiden Armenien \u2013 Das mittelalterliche K\u00f6nigreich Armeniens<\/div><\/div><div class=\"w-separator size_small\"><\/div><div class=\"g-cols wpb_row via_grid cols_2 laptops-cols_inherit tablets-cols_inherit mobiles-cols_1 valign_top type_default stacking_default\" style=\"--columns-gap:3rem;\"><div class=\"wpb_column vc_column_container type_sticky\"><div class=\"vc_column-inner\" style=\"top:80px\"><div class=\"wpb_text_column\"><div class=\"wpb_wrapper\"><p>Im 7. Jahrhundert brach sassanidisches Persien unter den Invasionen der Araber zusammen. Armenien fiel diesmal unter den Joch des arabischen Kalifats. Eine lange nationale Befreiungsbewegung endete mit dem Sieg der Armenier, und im Jahre 859 wurde Ashot Bagratuni aus der Bagratuni Dynastie als F\u00fcrst der F\u00fcrsten anerkannt und 885 erhielt er vom Kalif den Titel des armenischen K\u00f6nigs.<br \/>\nAb Mitte des 9. Jahrhunderts folgte ein bemerkenswerter Anstieg auf dem Gebiet des wirtschaftlichen, geistigen, kulturellen und politischen Lebens. Die Festung Ani, bekannt vom 5. Jahrhundert, wurde in 961 zur Hauptstadt der Bagratiden Dynastie. Ani wurde als Stadt der \u201cTausend und einer Kirche\u201d bekannt. Sie hatte m\u00e4chtige Stadtmauer, G\u00e4rten und Vororte. Die Bev\u00f6lkerung der Hauptstadt Ani wuchs auf ca. 100.000 Einwohner und dadurch war sie gr\u00f6\u00dfer als jedes andere urbane Zentrum in Europa.<br \/>\nIm 9. Jh. schw\u00e4chte das armenische K\u00f6nigreich aufgrund der inneren Instabilit\u00e4t und unter dem Einfluss der \u00e4u\u00dferen Kr\u00e4fte. Die Seldschuken, die bereits im 9. Jahrhundert auf der historischen B\u00fchne erschienen, \u00fcberfielen Nordarmenien im Jahr 1064.<\/p>\n<\/div><\/div><\/div><\/div><div class=\"wpb_column vc_column_container\"><div class=\"vc_column-inner\"><div class=\"w-image align_none\"><a ref=\"magnificPopup\" href=\"https:\/\/armintour.com\/wp-content\/uploads\/2022\/12\/ani-capitol-of-armenia.jpg\" aria-label=\"ani-capitol-of-armenia\" class=\"w-image-h\"><img decoding=\"async\" width=\"2048\" height=\"1281\" src=\"https:\/\/armintour.com\/wp-content\/uploads\/2022\/12\/ani-capitol-of-armenia.jpg\" class=\"attachment-full size-full\" alt=\"\" loading=\"lazy\" srcset=\"https:\/\/armintour.com\/wp-content\/uploads\/2022\/12\/ani-capitol-of-armenia.jpg 2048w, https:\/\/armintour.com\/wp-content\/uploads\/2022\/12\/ani-capitol-of-armenia-300x188.jpg 300w, https:\/\/armintour.com\/wp-content\/uploads\/2022\/12\/ani-capitol-of-armenia-1024x641.jpg 1024w\" sizes=\"auto, (max-width: 2048px) 100vw, 2048px\" \/><\/a><\/div><div class=\"w-image align_none\"><a ref=\"magnificPopup\" href=\"https:\/\/armintour.com\/wp-content\/uploads\/2022\/12\/medieval-armenian-manuscript.jpg\" aria-label=\"medieval-armenian-manuscript\" class=\"w-image-h\"><img decoding=\"async\" width=\"857\" height=\"1181\" src=\"https:\/\/armintour.com\/wp-content\/uploads\/2022\/12\/medieval-armenian-manuscript.jpg\" class=\"attachment-full size-full\" alt=\"\" loading=\"lazy\" srcset=\"https:\/\/armintour.com\/wp-content\/uploads\/2022\/12\/medieval-armenian-manuscript.jpg 857w, https:\/\/armintour.com\/wp-content\/uploads\/2022\/12\/medieval-armenian-manuscript-218x300.jpg 218w, https:\/\/armintour.com\/wp-content\/uploads\/2022\/12\/medieval-armenian-manuscript-743x1024.jpg 743w\" sizes=\"auto, (max-width: 857px) 100vw, 857px\" \/><\/a><\/div><\/div><\/div><\/div><\/div><\/div><\/div><\/div><\/section><section class=\"l-section wpb_row height_small\"><div class=\"l-section-overlay\" style=\"background:var(--color-header-middle-bg)\"><\/div><div class=\"l-section-h i-cf\"><div class=\"g-cols vc_row via_grid cols_1 laptops-cols_inherit tablets-cols_inherit mobiles-cols_1 valign_top type_default stacking_default\"><div class=\"wpb_column vc_column_container\"><div class=\"vc_column-inner\"><div id=\"ultimate-heading-251869ff0f0b1d3df\" class=\"uvc-heading ult-adjust-bottom-margin ultimate-heading-251869ff0f0b1d3df uvc-7451 \" data-hspacer=\"no_spacer\"  data-halign=\"left\" style=\"text-align:left\"><div class=\"uvc-heading-spacer no_spacer\" style=\"top\"><\/div><div class=\"uvc-main-heading ult-responsive\"  data-ultimate-target='.uvc-heading.ultimate-heading-251869ff0f0b1d3df h5'  data-responsive-json-new='{\"font-size\":\"\",\"line-height\":\"\"}' ><h5 style=\"font-weight:bold;color:#215388;\">Armenisches K\u00f6nigreich Kilikien<\/h5><\/div><\/div><div class=\"w-separator size_small\"><\/div><div class=\"g-cols wpb_row via_grid cols_2 laptops-cols_inherit tablets-cols_inherit mobiles-cols_1 valign_top type_default stacking_default\" style=\"--columns-gap:3rem;\"><div class=\"wpb_column vc_column_container type_sticky\"><div class=\"vc_column-inner\" style=\"top:80px\"><div class=\"wpb_text_column\"><div class=\"wpb_wrapper\"><p>Nachdem Armenien seine Souver\u00e4nit\u00e4t verlor, bildete sich an der s\u00fcdliche K\u00fcste des Mittelmeers ein anderes armenisches K\u00f6nigreich \u2013 Kilikien, das etwa 300 Jahre (1080-1375) herrschte.<br \/>\nDie Armenier betraten die Gegend Kilikien zum ersten Mal in 96-95 v. Chr. und im Laufe der Zeit verbreiteten sie sich die Mittelmeerk\u00fcste entlang. Das armenische F\u00fcrstentum Kilikien wuchs so schnell und wurde in kurzer Zeit so m\u00e4chtig, dass im Jahre 1198 mit Zustimmung von Byzanz und der Kreuzfahrer wurde es als ein souver\u00e4nes K\u00f6nigreich anerkannt.<br \/>\nMit dem Sturz des tatarischen Reiches wurden die Invasionen nach Armenien durch verschiedene Pl\u00fcnder nicht aufgeh\u00f6rt. Die Truppen von Lenk Temur (Tamerlan, 1386) und der persische Schah Abbas der Gro\u00dfe (1604) drangen in Armenien ein und verheerten das Land. Nach einem langen Kampf wurde Armenien im Jahre 1639 in 2 Teile aufgeteilt. Westarmenien fiel unter die Herrschaft der T\u00fcrkei und Ostarmenien von Persien. Diese Situation dauerte bis hin 20er Jahre des XIX Jahrhunderts.<\/p>\n<\/div><\/div><\/div><\/div><div class=\"wpb_column vc_column_container type_sticky\"><div class=\"vc_column-inner\" style=\"top:80px\"><div class=\"w-image align_none\"><a ref=\"magnificPopup\" href=\"https:\/\/armintour.com\/wp-content\/uploads\/2022\/12\/2ef267b33a4911ab8af7de15af843d29.jpg\" aria-label=\"2ef267b33a4911ab8af7de15af843d29\" class=\"w-image-h\"><img decoding=\"async\" width=\"900\" height=\"900\" src=\"https:\/\/armintour.com\/wp-content\/uploads\/2022\/12\/2ef267b33a4911ab8af7de15af843d29.jpg\" class=\"attachment-full size-full\" alt=\"\" loading=\"lazy\" srcset=\"https:\/\/armintour.com\/wp-content\/uploads\/2022\/12\/2ef267b33a4911ab8af7de15af843d29.jpg 900w, https:\/\/armintour.com\/wp-content\/uploads\/2022\/12\/2ef267b33a4911ab8af7de15af843d29-300x300.jpg 300w, https:\/\/armintour.com\/wp-content\/uploads\/2022\/12\/2ef267b33a4911ab8af7de15af843d29-150x150.jpg 150w\" sizes=\"auto, (max-width: 900px) 100vw, 900px\" \/><\/a><\/div><\/div><\/div><\/div><\/div><\/div><\/div><\/div><\/section><section class=\"l-section wpb_row height_small\"><div class=\"l-section-overlay\" style=\"background:var(--color-header-middle-bg)\"><\/div><div class=\"l-section-h i-cf\"><div class=\"g-cols vc_row via_grid cols_1 laptops-cols_inherit tablets-cols_inherit mobiles-cols_1 valign_top type_default stacking_default\"><div class=\"wpb_column vc_column_container\"><div class=\"vc_column-inner\"><div class=\"g-cols wpb_row via_grid cols_1 laptops-cols_inherit tablets-cols_inherit mobiles-cols_1 valign_top type_default stacking_default\" style=\"--columns-gap:3rem;\"><div class=\"wpb_column vc_column_container\"><div class=\"vc_column-inner\"><div id=\"ultimate-heading-722669ff0f0b22ab1\" class=\"uvc-heading ult-adjust-bottom-margin ultimate-heading-722669ff0f0b22ab1 uvc-2991 \" data-hspacer=\"no_spacer\"  data-halign=\"left\" style=\"text-align:left\"><div class=\"uvc-heading-spacer no_spacer\" style=\"top\"><\/div><div class=\"uvc-main-heading ult-responsive\"  data-ultimate-target='.uvc-heading.ultimate-heading-722669ff0f0b22ab1 h3'  data-responsive-json-new='{\"font-size\":\"\",\"line-height\":\"\"}' ><h3 style=\"font-weight:bold;color:#215388;\">Zwischen Russland und der T\u00fcrkei<\/h3><\/div><\/div><\/div><\/div><\/div><div class=\"w-separator size_small\"><\/div><div class=\"g-cols wpb_row via_grid cols_1 laptops-cols_inherit tablets-cols_inherit mobiles-cols_1 valign_top type_default stacking_default\" style=\"--columns-gap:3rem;\"><div class=\"wpb_column vc_column_container\"><div class=\"vc_column-inner\"><div class=\"wpb_text_column\"><div class=\"wpb_wrapper\"><p>Die armenisch-russischen Beziehungen beginnen im 10.-12. Jh.. Seit dem 17. Jahrhundert war die Befreiung Armeniens von der t\u00fcrkischen und persischen Tyrannei das zentrale Thema in den politischen Beziehungen zwischen Russland und Armenien. Im Jahre 1804 brach der Krieg zwischen Russland und Persien aus, und 1813 wurden gem\u00e4\u00df dem Vertrag von Giulistan mehrere historische Bezirke Armeniens an Russland angegliedert.<br \/>\n1828 wurde Ostarmenien nach dem Turkmentschaj Vertrag mit Russland vereinigt, und infolge des russisch-t\u00fcrkischen Vertrags wurde der Bezirk Kars Westarmeniens in 1877-1878 auch mit Russland vereint.<br \/>\nAb Ende des 19. Jahrhunderts hat die osmanische Regierung Massaker an den Armeniern geplant und durchgef\u00fchrt. Die Erinnerungen an den heroischen Widerstand in Sassun, Seitun, Wan und anderswo sind noch frisch. 1915 begang die Regierung der Jungt\u00fcrken mit dem V\u00f6lkermord an den Armeniern, dem rund 1,5 Millionen Armenier zum Opfer fielen. Die \u00dcberlebenden verstreuten sich ganzen Welt, und ein Teil von ihnen fand sein Zuflucht in Ostarmenien.<br \/>\nAm 28. Mai 1918 wurde Armenien als ein unabh\u00e4ngiger Staat erkl\u00e4rt.<br \/>\nIm Jahr 1920 wurde die Armenische Sozialistische Sowjetrepublik gegr\u00fcndet.<br \/>\nIm Jahr 1991 gewann Armenien wieder Eigenstaatlichkeit.<\/p>\n<\/div><\/div><\/div><\/div><\/div><\/div><\/div><\/div><\/div><\/section>\n","protected":false},"excerpt":{"rendered":"\u201cHAJASTAN\u201d &amp; \u201cARMENIEN\u201dDie erste Erw\u00e4hnung Armeniens kann in den sumerischen Keilschriften des 3. Jahrtausends vor Christus zur\u00fcckverfolgt werden. Die Hethiter bezeugen die Existenz eines Landes namens Hayasa, die zur Wiege der Armenier geglaubt wird. Haja, mit dem Suffix \u201c-stan\u201d (Land-) kombiniert, bedeutet \u201eein Land der Armenier\u201c. Laut der armenischen Bibel\u00fcbersetzung war Hajk einer der Noahs...","protected":false},"author":1,"featured_media":14766,"parent":0,"menu_order":0,"comment_status":"closed","ping_status":"closed","template":"","meta":{"footnotes":""},"class_list":["post-14884","page","type-page","status-publish","has-post-thumbnail","hentry"],"_links":{"self":[{"href":"https:\/\/armintour.com\/de\/wp-json\/wp\/v2\/pages\/14884","targetHints":{"allow":["GET"]}}],"collection":[{"href":"https:\/\/armintour.com\/de\/wp-json\/wp\/v2\/pages"}],"about":[{"href":"https:\/\/armintour.com\/de\/wp-json\/wp\/v2\/types\/page"}],"author":[{"embeddable":true,"href":"https:\/\/armintour.com\/de\/wp-json\/wp\/v2\/users\/1"}],"replies":[{"embeddable":true,"href":"https:\/\/armintour.com\/de\/wp-json\/wp\/v2\/comments?post=14884"}],"version-history":[{"count":4,"href":"https:\/\/armintour.com\/de\/wp-json\/wp\/v2\/pages\/14884\/revisions"}],"predecessor-version":[{"id":24677,"href":"https:\/\/armintour.com\/de\/wp-json\/wp\/v2\/pages\/14884\/revisions\/24677"}],"wp:featuredmedia":[{"embeddable":true,"href":"https:\/\/armintour.com\/de\/wp-json\/wp\/v2\/media\/14766"}],"wp:attachment":[{"href":"https:\/\/armintour.com\/de\/wp-json\/wp\/v2\/media?parent=14884"}],"curies":[{"name":"wp","href":"https:\/\/api.w.org\/{rel}","templated":true}]}}