{"id":14942,"date":"2022-12-28T12:54:34","date_gmt":"2022-12-28T08:54:34","guid":{"rendered":"https:\/\/intour.lizin.am\/religion\/"},"modified":"2023-01-22T17:42:06","modified_gmt":"2023-01-22T13:42:06","slug":"religion","status":"publish","type":"page","link":"https:\/\/armintour.com\/de\/religion\/","title":{"rendered":"Religion"},"content":{"rendered":"<section class=\"l-section wpb_row height_auto\"><div class=\"l-section-h i-cf\"><div class=\"g-cols vc_row via_grid cols_1 laptops-cols_inherit tablets-cols_inherit mobiles-cols_1 valign_top type_default stacking_default\"><div class=\"wpb_column vc_column_container\"><div class=\"vc_column-inner\"><div id=\"ultimate-heading-288569f358e28ab3d\" class=\"uvc-heading ult-adjust-bottom-margin ultimate-heading-288569f358e28ab3d uvc-540 \" data-hspacer=\"no_spacer\"  data-halign=\"center\" style=\"text-align:center\"><div class=\"uvc-heading-spacer no_spacer\" style=\"top\"><\/div><div class=\"uvc-main-heading ult-responsive\"  data-ultimate-target='.uvc-heading.ultimate-heading-288569f358e28ab3d h3'  data-responsive-json-new='{\"font-size\":\"\",\"line-height\":\"\"}' ><h3 style=\"font-weight:bold;color:#215388;\">Die meisten Armenier sind Christen<\/h3><\/div><\/div><div class=\"w-separator size_medium\"><\/div><\/div><\/div><\/div><\/div><\/section><section class=\"l-section wpb_row height_small with_img\"><div class=\"l-section-img\" role=\"img\" aria-label=\"Bild\" data-img-width=\"1200\" data-img-height=\"800\" style=\"background-image: url(https:\/\/armintour.com\/wp-content\/uploads\/2022\/12\/drevnyaya-armeniya.jpg);\"><\/div><div class=\"l-section-overlay\" style=\"background:var(--color-header-top-transparent-bg)\"><\/div><div class=\"l-section-h i-cf\"><div class=\"g-cols vc_row via_grid cols_1 laptops-cols_inherit tablets-cols_inherit mobiles-cols_1 valign_top type_default stacking_default\"><div class=\"wpb_column vc_column_container\"><div class=\"vc_column-inner\"><div class=\"w-separator size_small\"><\/div><div class=\"g-cols wpb_row via_grid cols_2 laptops-cols_inherit tablets-cols_inherit mobiles-cols_1 valign_top type_default stacking_default\" style=\"--columns-gap:3rem;\"><div class=\"wpb_column vc_column_container\"><div class=\"vc_column-inner\"><div class=\"wpb_text_column us_custom_345c8b9d has_text_color\"><div class=\"wpb_wrapper\"><p>Die meisten Armenier sind Christen, in erster Linie des orientalisch-orthodoxen Ritus.<br \/>\nChristentum wurde von den Aposteln Bartholom\u00e4us und Thadd\u00e4us im 1. Jahrhundert n. Chr. eingef\u00fchrt. Armenien war das erste Land, das Christentum im Jahre 301 als Staatsreligion angenommen hat, nachdem Heiliger Gregor der Erleuchter dem K\u00f6nig Tiridates III zum Christentum bekehrte. Vor Christentum waren die vorherrschenden Religionen in damaligem Armenien Zoroastrismus und Heidentum.<br \/>\n\u00dcber 90% der Armenier geh\u00f6ren zur armenisch-apostolischen Kirche, einer Form der orientalischen (Non-Chalcedonianism) Orthodoxie, die eine sehr rituelle, konservative Kirche ist und mit den koptischen und syrischen Kirchen vergleichbar ist. Nur ein kleiner Teil der armenischen Bev\u00f6lkerung geh\u00f6rt zu den katholischen und evangelisch protestantischen Kirchen.<br \/>\nAngeh\u00f6rige der armenisch-apostolischen Kirche bilden 94,7%, andere Christen \u2013 4% (meist armenisch-katholische und russisch-orthodoxe), Jesiden (Monotheisten mit Elementen der Naturverehrung) \u2013 1,3%, und nur eine kleine Anzahl bilden die Moslemen und J\u00fcden.<\/p>\n<\/div><\/div><\/div><\/div><div class=\"wpb_column vc_column_container type_sticky\"><div class=\"vc_column-inner\" style=\"top:80px\"><\/div><\/div><\/div><div class=\"w-separator size_small\"><\/div><\/div><\/div><\/div><\/div><\/section>\n","protected":false},"excerpt":{"rendered":"Die meisten Armenier sind ChristenDie meisten Armenier sind Christen, in erster Linie des orientalisch-orthodoxen Ritus. Christentum wurde von den Aposteln Bartholom\u00e4us und Thadd\u00e4us im 1. Jahrhundert n. Chr. eingef\u00fchrt. Armenien war das erste Land, das Christentum im Jahre 301 als Staatsreligion angenommen hat, nachdem Heiliger Gregor der Erleuchter dem K\u00f6nig Tiridates III zum Christentum bekehrte....","protected":false},"author":1,"featured_media":14918,"parent":0,"menu_order":0,"comment_status":"closed","ping_status":"closed","template":"","meta":{"footnotes":""},"class_list":["post-14942","page","type-page","status-publish","has-post-thumbnail","hentry"],"_links":{"self":[{"href":"https:\/\/armintour.com\/de\/wp-json\/wp\/v2\/pages\/14942","targetHints":{"allow":["GET"]}}],"collection":[{"href":"https:\/\/armintour.com\/de\/wp-json\/wp\/v2\/pages"}],"about":[{"href":"https:\/\/armintour.com\/de\/wp-json\/wp\/v2\/types\/page"}],"author":[{"embeddable":true,"href":"https:\/\/armintour.com\/de\/wp-json\/wp\/v2\/users\/1"}],"replies":[{"embeddable":true,"href":"https:\/\/armintour.com\/de\/wp-json\/wp\/v2\/comments?post=14942"}],"version-history":[{"count":1,"href":"https:\/\/armintour.com\/de\/wp-json\/wp\/v2\/pages\/14942\/revisions"}],"predecessor-version":[{"id":24678,"href":"https:\/\/armintour.com\/de\/wp-json\/wp\/v2\/pages\/14942\/revisions\/24678"}],"wp:featuredmedia":[{"embeddable":true,"href":"https:\/\/armintour.com\/de\/wp-json\/wp\/v2\/media\/14918"}],"wp:attachment":[{"href":"https:\/\/armintour.com\/de\/wp-json\/wp\/v2\/media?parent=14942"}],"curies":[{"name":"wp","href":"https:\/\/api.w.org\/{rel}","templated":true}]}}