{"id":14995,"date":"2022-12-28T15:51:12","date_gmt":"2022-12-28T11:51:12","guid":{"rendered":"https:\/\/intour.lizin.am\/yerevan\/"},"modified":"2023-01-22T18:49:59","modified_gmt":"2023-01-22T14:49:59","slug":"yerevan","status":"publish","type":"page","link":"https:\/\/armintour.com\/de\/yerevan\/","title":{"rendered":"Die Stadt Jerewan"},"content":{"rendered":"<section class=\"l-section wpb_row height_small\"><div class=\"l-section-h i-cf\"><div class=\"g-cols vc_row via_grid cols_1 laptops-cols_inherit tablets-cols_inherit mobiles-cols_1 valign_top type_default stacking_default\"><div class=\"wpb_column vc_column_container\"><div class=\"vc_column-inner\"><div class=\"wpb_text_column\"><div class=\"wpb_wrapper\"><p><strong>Territorium:<\/strong> 227 km \u00b2<br \/>\n<strong>Landwirtschaftliche Fl\u00e4chen:<\/strong> 6413 ha<br \/>\n<strong>Ackerland:<\/strong> 1506 ha<br \/>\n<strong>Bezirksgemeinschaften:<\/strong> 12<br \/>\n<strong>Bev\u00f6lkerung:<\/strong> ab 2016 1,073,700 Menschen<\/p>\n<\/div><\/div><\/div><\/div><\/div><\/div><\/section><section class=\"l-section wpb_row height_small\"><div class=\"l-section-h i-cf\"><div class=\"g-cols vc_row via_grid cols_1 laptops-cols_inherit tablets-cols_inherit mobiles-cols_1 valign_top type_default stacking_default\"><div class=\"wpb_column vc_column_container\"><div class=\"vc_column-inner\"><div class=\"wpb_text_column\"><div class=\"wpb_wrapper\"><p>Jerewan ist die Hauptstadt der Republik Armenien. Es ist die gr\u00f6\u00dfte Stadt nicht nur unter den heutigen 48 St\u00e4dten der Republik Armenien, sondern auch unter den alten Hauptst\u00e4dten des historischen Armeniens.<br \/>\nJerewan ist eine der \u00e4ltesten St\u00e4dte der Welt und hat eine Geschichte von 2795 Jahren (des gleichen Alters wie ewige Stadt Rom, Karthago, Ninive und Damaskus). Es liegt etwa auf dem gleichen Breitengrad wie Washington, Madrid, Peking.<br \/>\nDie Stadt liegt im nord\u00f6stlichen Teil des Ararat-Tals.<br \/>\nJerewan hat trockenes Kontinentalklima. Die j\u00e4hrliche Durchschnittstemperatur betr\u00e4gt 10-11 \u00b0 C. Der Sommer ist lang und hei\u00df, vor allem bei trockenem Wetter (mittlere Temperatur 24-25 \u00b0 C, das h\u00f6chste Temperatur +41 +42 \u00b0 C). Der Winter ist gem\u00e4\u00dfigt kalt, vor allem mit instabiler Schneedecke (die maximale Temperatur im Januar ist -5, -6 \u00b0 C, die minimale Temperatur -31 \u00b0 C). Der Fr\u00fchling ist kurz und das Wetter ist abwechselnd. Der Herbst ist mild und angenehm, sonnig und warm. Zahl der j\u00e4hrlichen Niederschl\u00e4ge schwankt innerhalb der Grenzen von 300-350mm.<br \/>\nIn der Sowjetzeit verwandelte sich Jerewan aus einer Provinzstadt (Bev\u00f6lkerungzahl im Jahre 1920 war weniger als 30 000) in ein gro\u00dfes industrielles (mit fast der H\u00e4lfte des industriellen Potenzials), kulturelles und wissenschaftliches Zentrum, sowie in den wichtigsten Verkehrsknotenpunkt. Die Eisenbahnlinie verband Schwarzes Meer mit dem persischen Golf. Die Eisenbahn Jerewan-Hrasdan-Idschewan-Ajrum verbindet Jerewan mit Tbilisi. Armenien verf\u00fcgt \u00fcber zwei internationale Flugh\u00e4fen.&gt;<br \/>\nDie Hauptstadt Jerewan ist die gr\u00f6\u00dfte Stadt der Republik mit der Bev\u00f6lkerung von 1,2 Millionen. Es besteht aus 12 Bezirksgemeinschaften: Adschapnjak, Awan, Arabkir, Dawtaschen, Erebuni, Kentron, Malatia-Sebastia, Nork, Nork-Marasch, Nubaraschen, Schengawit, Kanaker-Sejtun. Ein Drittel der Bev\u00f6lkerung der Republik (34,3% in 2002) ist in Jerewan konzentriert und \u00fcbertrifft den durchschnittlichen republikanischen Indikator von der Dichte der Bev\u00f6lkerung \u00fcber 50 Mal (4855 Einwohner pro Quadratkilometer).<br \/>\nJerewan ist das gr\u00f6\u00dfte wirtschaftliche Zentrum der Republik. Die Manufaktur ist der wichtigste, Trend der multibranchen Industrie.<br \/>\n1065 Industrie-, 9 Landwirtschaft-, Jagd- und Waldwirtschaft-, 1 Fischerei- und Fischzuchteinheiten, 263 Bau-, 195 Transport-, 22 Kommunikationseinheiten, 1845 Dienstleistungsbereiche f\u00fcr die Bev\u00f6lkerung, 6543 aktive Einheiten f\u00fcr den Einzelhandelsumsatz funktionieren in der Hauptstadt darunter 3037 Gesch\u00e4fte, 3030 Kioske, 44 Gemeinschaftsverpflegungseinrichtungen, 21 M\u00e4rkte von Konsumg\u00fctern und 11 M\u00e4rkte f\u00fcr landwirtschaftliche Produkte.<br \/>\n194 staatliche und 15 nicht-staatliche Vorschuleinrichtungen, 239 staatliche und 24 nicht-staatliche allgemeinbildende Schulen, 27 staatliche und 10 nicht-staatliche allgemeine sonderp\u00e4dagogische Einrichtungen und 17 staatliche und 50 nicht-staatliche Hochschulen gibt es in der Hauptstadt.<br \/>\nAu\u00dferdem gibt es 16 Veranstaltungszentren im Rahmen des Ministeriums f\u00fcr Kultur und Jugend und deren Gemeinschaftunterordnungen in der Hauptstadt. \u00dcber 300 Konzerte und Veranstaltungen werden j\u00e4hrlich in Jerewan organisiert.<br \/>\nEs gibt 44 Museen. Die Gesamtzahl der Hauptlager der Ausstellungsst\u00fccke umfasst 1681600 Einheiten, wobei 83500 Einheiten Anzahl der ausgestellten Exponate ist. Anzahl der t\u00e4tigen Mitarbeiter in Museen betr\u00e4gt 85800 Personen. Die Gesamtzahl der Besucher von Museen f\u00fcr umfasst 651800 Personen, einschlie\u00dflich kostenfreie Eintritte &#8211; 631800 Personen (96,9%). Gesamtzahl der Exkursionen ist 7000.<br \/>\n14 Theater funktionieren in der Hauptstadt, davon 6 Schauspiel-, 4 Musik-, 2 Puppentheater, 1 Theater der jungen Zuschauer und staatliches Zirkus. Gesamtzahl der Auff\u00fchrungen umfasst 1099, und die der Zuschauer &#8211; 223.200 Personen.<br \/>\nIn Armenien gibt es zwei staatliche Filmstudios.<br \/>\n77 wissenschaftliche Forschungsinstitute gibt es in Armenien, wobei 28 Institute (36,4%) funktionieren in der Struktur der nationalen Akademie der Wissenschaft.<\/p>\n<\/div><\/div><\/div><\/div><\/div><\/div><\/section><section class=\"l-section wpb_row height_small\"><div class=\"l-section-h i-cf\"><div class=\"g-cols vc_row via_grid cols_1 laptops-cols_inherit tablets-cols_inherit mobiles-cols_1 valign_top type_default stacking_default\"><div class=\"wpb_column vc_column_container\"><div class=\"vc_column-inner\"><div class=\"w-slider style_none fit_contain nav_dots count_24\"><div class=\"w-slider-h\" aria-hidden=\"true\"><div class=\"royalSlider\"><div class=\"rsContent\"><a class=\"rsImg\" data-rsw=\"2000\" data-rsh=\"1329\" data-rsBigImg=\"https:\/\/armintour.com\/wp-content\/uploads\/2022\/12\/cascade-stairs-in-Yerevan-Armenia.jpg\" href=\"https:\/\/armintour.com\/wp-content\/uploads\/2022\/12\/cascade-stairs-in-Yerevan-Armenia.jpg\"><span data-alt=\"\"><\/span><\/a><\/div><div class=\"rsContent\"><a class=\"rsImg\" data-rsw=\"1239\" data-rsh=\"826\" data-rsBigImg=\"https:\/\/armintour.com\/wp-content\/uploads\/2022\/12\/Cascade.jpg\" href=\"https:\/\/armintour.com\/wp-content\/uploads\/2022\/12\/Cascade.jpg\"><span data-alt=\"\"><\/span><\/a><\/div><div class=\"rsContent\"><a class=\"rsImg\" data-rsw=\"1200\" data-rsh=\"900\" data-rsBigImg=\"https:\/\/armintour.com\/wp-content\/uploads\/2022\/12\/1200px-Yerevan_puppet_theatre.jpg\" href=\"https:\/\/armintour.com\/wp-content\/uploads\/2022\/12\/1200px-Yerevan_puppet_theatre.jpg\"><span data-alt=\"\"><\/span><\/a><\/div><div class=\"rsContent\"><a class=\"rsImg\" data-rsw=\"2560\" data-rsh=\"1737\" data-rsBigImg=\"https:\/\/armintour.com\/wp-content\/uploads\/2022\/12\/Yerevan-4-scaled.jpg\" href=\"https:\/\/armintour.com\/wp-content\/uploads\/2022\/12\/Yerevan-4-scaled.jpg\"><span data-alt=\"\"><\/span><\/a><\/div><div class=\"rsContent\"><a class=\"rsImg\" data-rsw=\"2000\" data-rsh=\"1200\" data-rsBigImg=\"https:\/\/armintour.com\/wp-content\/uploads\/2022\/12\/History-Museum.jpg\" href=\"https:\/\/armintour.com\/wp-content\/uploads\/2022\/12\/History-Museum.jpg\"><span data-alt=\"\"><\/span><\/a><\/div><div class=\"rsContent\"><a class=\"rsImg\" data-rsw=\"2000\" data-rsh=\"1333\" data-rsBigImg=\"https:\/\/armintour.com\/wp-content\/uploads\/2022\/12\/Republic-Square-Yerevan.jpg\" href=\"https:\/\/armintour.com\/wp-content\/uploads\/2022\/12\/Republic-Square-Yerevan.jpg\"><span data-alt=\"\"><\/span><\/a><\/div><div class=\"rsContent\"><a class=\"rsImg\" data-rsw=\"1920\" data-rsh=\"1080\" data-rsBigImg=\"https:\/\/armintour.com\/wp-content\/uploads\/2022\/12\/ulici-yerevana-2.jpg\" href=\"https:\/\/armintour.com\/wp-content\/uploads\/2022\/12\/ulici-yerevana-2.jpg\"><span data-alt=\"\"><\/span><\/a><\/div><div class=\"rsContent\"><a class=\"rsImg\" data-rsw=\"1200\" data-rsh=\"900\" data-rsBigImg=\"https:\/\/armintour.com\/wp-content\/uploads\/2022\/12\/Matenadaran.jpg\" href=\"https:\/\/armintour.com\/wp-content\/uploads\/2022\/12\/Matenadaran.jpg\"><span data-alt=\"\"><\/span><\/a><\/div><div class=\"rsContent\"><a class=\"rsImg\" data-rsw=\"1920\" data-rsh=\"1282\" data-rsBigImg=\"https:\/\/armintour.com\/wp-content\/uploads\/2022\/12\/2_day-1.jpg\" href=\"https:\/\/armintour.com\/wp-content\/uploads\/2022\/12\/2_day-1.jpg\"><span data-alt=\"\"><\/span><\/a><\/div><div class=\"rsContent\"><a class=\"rsImg\" data-rsw=\"2000\" data-rsh=\"800\" data-rsBigImg=\"https:\/\/armintour.com\/wp-content\/uploads\/2022\/12\/Marriott-Yerevan.jpg\" href=\"https:\/\/armintour.com\/wp-content\/uploads\/2022\/12\/Marriott-Yerevan.jpg\"><span data-alt=\"\"><\/span><\/a><\/div><div class=\"rsContent\"><a class=\"rsImg\" data-rsw=\"2000\" data-rsh=\"1317\" data-rsBigImg=\"https:\/\/armintour.com\/wp-content\/uploads\/2022\/12\/Republic-Square-Yerevan-.jpg\" href=\"https:\/\/armintour.com\/wp-content\/uploads\/2022\/12\/Republic-Square-Yerevan-.jpg\"><span data-alt=\"\"><\/span><\/a><\/div><div class=\"rsContent\"><a class=\"rsImg\" data-rsw=\"2000\" data-rsh=\"1125\" data-rsBigImg=\"https:\/\/armintour.com\/wp-content\/uploads\/2022\/12\/Yerevan.jpg\" href=\"https:\/\/armintour.com\/wp-content\/uploads\/2022\/12\/Yerevan.jpg\"><span data-alt=\"\"><\/span><\/a><\/div><div class=\"rsContent\"><a class=\"rsImg\" data-rsw=\"2560\" data-rsh=\"1440\" data-rsBigImg=\"https:\/\/armintour.com\/wp-content\/uploads\/2022\/12\/ulici-yerevana-3-scaled.jpg\" href=\"https:\/\/armintour.com\/wp-content\/uploads\/2022\/12\/ulici-yerevana-3-scaled.jpg\"><span data-alt=\"\"><\/span><\/a><\/div><div class=\"rsContent\"><a class=\"rsImg\" data-rsw=\"2000\" data-rsh=\"1499\" data-rsBigImg=\"https:\/\/armintour.com\/wp-content\/uploads\/2022\/12\/Hamalir.jpg\" href=\"https:\/\/armintour.com\/wp-content\/uploads\/2022\/12\/Hamalir.jpg\"><span data-alt=\"\"><\/span><\/a><\/div><div class=\"rsContent\"><a class=\"rsImg\" data-rsw=\"2000\" data-rsh=\"1494\" data-rsBigImg=\"https:\/\/armintour.com\/wp-content\/uploads\/2022\/12\/Genocide_Memorial.jpg\" href=\"https:\/\/armintour.com\/wp-content\/uploads\/2022\/12\/Genocide_Memorial.jpg\"><span data-alt=\"\"><\/span><\/a><\/div><div class=\"rsContent\"><a class=\"rsImg\" data-rsw=\"1024\" data-rsh=\"505\" data-rsBigImg=\"https:\/\/armintour.com\/wp-content\/uploads\/2022\/12\/lebedinoe-ozero.jpeg\" href=\"https:\/\/armintour.com\/wp-content\/uploads\/2022\/12\/lebedinoe-ozero.jpeg\"><span data-alt=\"\"><\/span><\/a><\/div><div class=\"rsContent\"><a class=\"rsImg\" data-rsw=\"2000\" data-rsh=\"1333\" data-rsBigImg=\"https:\/\/armintour.com\/wp-content\/uploads\/2022\/12\/Vernissage.jpg\" href=\"https:\/\/armintour.com\/wp-content\/uploads\/2022\/12\/Vernissage.jpg\"><span data-alt=\"\"><\/span><\/a><\/div><div class=\"rsContent\"><a class=\"rsImg\" data-rsw=\"1239\" data-rsh=\"877\" data-rsBigImg=\"https:\/\/armintour.com\/wp-content\/uploads\/2022\/12\/Vernissage-dolls.jpg\" href=\"https:\/\/armintour.com\/wp-content\/uploads\/2022\/12\/Vernissage-dolls.jpg\"><span data-alt=\"\"><\/span><\/a><\/div><div class=\"rsContent\"><a class=\"rsImg\" data-rsw=\"1512\" data-rsh=\"2019\" data-rsBigImg=\"https:\/\/armintour.com\/wp-content\/uploads\/2022\/12\/Mayr-Hayrenik.jpg\" href=\"https:\/\/armintour.com\/wp-content\/uploads\/2022\/12\/Mayr-Hayrenik.jpg\"><span data-alt=\"\"><\/span><\/a><\/div><div class=\"rsContent\"><a class=\"rsImg\" data-rsw=\"1700\" data-rsh=\"1043\" data-rsBigImg=\"https:\/\/armintour.com\/wp-content\/uploads\/2022\/12\/Yerevan-Opera-House.jpg\" href=\"https:\/\/armintour.com\/wp-content\/uploads\/2022\/12\/Yerevan-Opera-House.jpg\"><span data-alt=\"\"><\/span><\/a><\/div><div class=\"rsContent\"><a class=\"rsImg\" data-rsw=\"1920\" data-rsh=\"1080\" data-rsBigImg=\"https:\/\/armintour.com\/wp-content\/uploads\/2022\/12\/Yerevan-3.jpg\" href=\"https:\/\/armintour.com\/wp-content\/uploads\/2022\/12\/Yerevan-3.jpg\"><span data-alt=\"\"><\/span><\/a><\/div><div class=\"rsContent\"><a class=\"rsImg\" data-rsw=\"1024\" data-rsh=\"659\" data-rsBigImg=\"https:\/\/armintour.com\/wp-content\/uploads\/2022\/12\/Republic-Square.jpg\" href=\"https:\/\/armintour.com\/wp-content\/uploads\/2022\/12\/Republic-Square.jpg\"><span data-alt=\"\"><\/span><\/a><\/div><div class=\"rsContent\"><a class=\"rsImg\" data-rsw=\"1920\" data-rsh=\"1280\" data-rsBigImg=\"https:\/\/armintour.com\/wp-content\/uploads\/2022\/12\/Zvartnots-International-Airport-in-Armenia.jpg\" href=\"https:\/\/armintour.com\/wp-content\/uploads\/2022\/12\/Zvartnots-International-Airport-in-Armenia.jpg\"><span data-alt=\"\"><\/span><\/a><\/div><div class=\"rsContent\"><a class=\"rsImg\" data-rsw=\"1239\" data-rsh=\"826\" data-rsBigImg=\"https:\/\/armintour.com\/wp-content\/uploads\/2022\/12\/ulici-yerevana.jpg\" href=\"https:\/\/armintour.com\/wp-content\/uploads\/2022\/12\/ulici-yerevana.jpg\"><span data-alt=\"\"><\/span><\/a><\/div><\/div><img decoding=\"async\" src=\"https:\/\/armintour.com\/wp-content\/uploads\/2022\/12\/cascade-stairs-in-Yerevan-Armenia.jpg\" width=\"2000\" height=\"1329\" alt loading=\"lazy\"><\/div><div class=\"w-slider-json\" onclick='return {&quot;autoScaleSlider&quot;:true,&quot;addActiveClass&quot;:true,&quot;loop&quot;:true,&quot;fadeInLoadedSlide&quot;:false,&quot;slidesSpacing&quot;:0,&quot;imageScalePadding&quot;:0,&quot;numImagesToPreload&quot;:2,&quot;arrowsNav&quot;:false,&quot;arrowsNavAutoHide&quot;:false,&quot;transitionType&quot;:&quot;move&quot;,&quot;transitionSpeed&quot;:250,&quot;block&quot;:{&quot;moveEffect&quot;:&quot;none&quot;,&quot;speed&quot;:300},&quot;thumbs&quot;:{&quot;fitInViewport&quot;:false,&quot;firstMargin&quot;:false,&quot;spacing&quot;:4},&quot;controlNavigation&quot;:&quot;bullets&quot;,&quot;autoplay&quot;:{&quot;enabled&quot;:true,&quot;pauseOnHover&quot;:false,&quot;delay&quot;:3000},&quot;fullscreen&quot;:{&quot;enabled&quot;:true},&quot;autoScaleSliderWidth&quot;:2000,&quot;autoScaleSliderHeight&quot;:1329}'><\/div><\/div><\/div><\/div><\/div><\/div><\/section>\n","protected":false},"excerpt":{"rendered":"Territorium: 227 km \u00b2 Landwirtschaftliche Fl\u00e4chen: 6413 ha Ackerland: 1506 ha Bezirksgemeinschaften: 12 Bev\u00f6lkerung: ab 2016 1,073,700 Menschen Jerewan ist die Hauptstadt der Republik Armenien. Es ist die gr\u00f6\u00dfte Stadt nicht nur unter den heutigen 48 St\u00e4dten der Republik Armenien, sondern auch unter den alten Hauptst\u00e4dten des historischen Armeniens. Jerewan ist eine der \u00e4ltesten St\u00e4dte...","protected":false},"author":1,"featured_media":783,"parent":0,"menu_order":0,"comment_status":"closed","ping_status":"closed","template":"","meta":{"footnotes":""},"class_list":["post-14995","page","type-page","status-publish","has-post-thumbnail","hentry"],"_links":{"self":[{"href":"https:\/\/armintour.com\/de\/wp-json\/wp\/v2\/pages\/14995","targetHints":{"allow":["GET"]}}],"collection":[{"href":"https:\/\/armintour.com\/de\/wp-json\/wp\/v2\/pages"}],"about":[{"href":"https:\/\/armintour.com\/de\/wp-json\/wp\/v2\/types\/page"}],"author":[{"embeddable":true,"href":"https:\/\/armintour.com\/de\/wp-json\/wp\/v2\/users\/1"}],"replies":[{"embeddable":true,"href":"https:\/\/armintour.com\/de\/wp-json\/wp\/v2\/comments?post=14995"}],"version-history":[{"count":4,"href":"https:\/\/armintour.com\/de\/wp-json\/wp\/v2\/pages\/14995\/revisions"}],"predecessor-version":[{"id":24711,"href":"https:\/\/armintour.com\/de\/wp-json\/wp\/v2\/pages\/14995\/revisions\/24711"}],"wp:featuredmedia":[{"embeddable":true,"href":"https:\/\/armintour.com\/de\/wp-json\/wp\/v2\/media\/783"}],"wp:attachment":[{"href":"https:\/\/armintour.com\/de\/wp-json\/wp\/v2\/media?parent=14995"}],"curies":[{"name":"wp","href":"https:\/\/api.w.org\/{rel}","templated":true}]}}