{"id":15238,"date":"2022-12-29T22:29:12","date_gmt":"2022-12-29T18:29:12","guid":{"rendered":"https:\/\/intour.lizin.am\/vayots-dzor-marz\/"},"modified":"2023-01-22T18:52:23","modified_gmt":"2023-01-22T14:52:23","slug":"vayots-dzor-marz","status":"publish","type":"page","link":"https:\/\/armintour.com\/de\/vayots-dzor-marz\/","title":{"rendered":"Region Wajoz Dsor"},"content":{"rendered":"<section class=\"l-section wpb_row height_small\"><div class=\"l-section-h i-cf\"><div class=\"g-cols vc_row via_grid cols_1 laptops-cols_inherit tablets-cols_inherit mobiles-cols_1 valign_top type_default stacking_default\"><div class=\"wpb_column vc_column_container\"><div class=\"vc_column-inner\"><div class=\"wpb_text_column\"><div class=\"wpb_wrapper\"><p><strong>Territorium:<\/strong> 2308 km \u00b2<br \/>\n<strong>Landwirtschaftliche Fl\u00e4chen:<\/strong> 75.939 ha<br \/>\n<strong>Ackerland:<\/strong> 19.857 ha<br \/>\n<strong>Bev\u00f6lkerung:<\/strong> 50,800 Personen (2016)<\/p>\n<\/div><\/div><\/div><\/div><\/div><\/div><\/section><section class=\"l-section wpb_row height_small\"><div class=\"l-section-h i-cf\"><div class=\"g-cols vc_row via_grid cols_1 laptops-cols_inherit tablets-cols_inherit mobiles-cols_1 valign_top type_default stacking_default\"><div class=\"wpb_column vc_column_container\"><div class=\"vc_column-inner\"><div class=\"wpb_text_column\"><div class=\"wpb_wrapper\"><p>Wajoz Dsor ist eines der s\u00fcdlichen Gebiete Armeniens. Der gr\u00f6\u00dfte Teil des Territoriums ist ein Hochland mit karger Vegetation und nur 20% des Bodens wird angebaut. Die Provinz liegt 1000-2300 m hoch \u00fcber dem Meeresspiegel. Jeghegia und Arpa Fl\u00fcsse flie\u00dfen durch das Gebiet. Das Gebietszentrum Jeghegnadsor liegt am Ufer des Arpa Flusses.<br \/>\nIn Jeghegnadsor gibt es zahlreiche historische und architektonische Denkm\u00e4ler ab 1. Jahrtausend v. Chr. bis 17. Jh.. Hier befindet sich auch ein Museum der regionalen V\u00f6lkerkunde.<br \/>\nHier gibt es eine Kunstgallerie, einen Park namens Momik. Auf dem \u00f6stlichen Hochland sind die Ruinen der im 13.-14.Jh. gegr\u00fcndeten und weit \u00fcber die Grenzen des mittelalterlichen Armeniens bekannten Universit\u00e4t von Gladsor mit seinem Museum f\u00fcr Geschichte.<br \/>\nDas imposante Kloster Norawank (XII-XVI Jh.) liegt im Norawank Canyon, im s\u00fcdlichen Teil des Gebiets. Die Schlucht ist reich an seltenen Pflanzen, wilden Fr\u00fcchten, Feldern und verschiedenen Tieren und V\u00f6geln. Es gibt auch einen Nationalpark mit einer Gruppe von H\u00f6hlen, die vom bestimmten spel\u00e4ologischen Interesse sind.<br \/>\nIn dem Gebiet finden Sie auch Reste der alten Siedlungen Jeghegis (5.-13. Jh.), Mogh (2. Jahrtausend v. Chr. \u2013 15. Jh. n. Ch.), die ber\u00fchmte Festung Proschaberd (13. Jh.), Smbataberd (10.-13. Jh.), Berdakar (VC.) und Ketschut (10.-14. Jh.).<br \/>\nJermuk ist ein kleiner Badeort in der Zone der g\u00fcnstigen klimatischen Bedingungen, mit k\u00fchlen Sommern und milden Wintern. Jermuk ist von W\u00e4ldern und Bergwiesen umgeben. Das Resort vom internationalen Ruf und der Bedeutung liegt auf der H\u00f6he 2080m \u00fcber dem Meeresspiegel, am Arpa Fluss.<\/p>\n<\/div><\/div><\/div><\/div><\/div><\/div><\/section><section class=\"l-section wpb_row height_small\"><div class=\"l-section-h i-cf\"><div class=\"g-cols vc_row via_grid cols_1 laptops-cols_inherit tablets-cols_inherit mobiles-cols_1 valign_top type_default stacking_default\"><div class=\"wpb_column vc_column_container\"><div class=\"vc_column-inner\"><div class=\"w-slider style_none fit_contain nav_dots count_27\"><div class=\"w-slider-h\" aria-hidden=\"true\"><div class=\"royalSlider\"><div class=\"rsContent\"><a class=\"rsImg\" data-rsw=\"2000\" data-rsh=\"1339\" data-rsBigImg=\"https:\/\/armintour.com\/wp-content\/uploads\/2022\/12\/Lucy-Yeghegnadzor.jpg\" href=\"https:\/\/armintour.com\/wp-content\/uploads\/2022\/12\/Lucy-Yeghegnadzor.jpg\"><span data-alt=\"\"><\/span><\/a><\/div><div class=\"rsContent\"><a class=\"rsImg\" data-rsw=\"2048\" data-rsh=\"1365\" data-rsBigImg=\"https:\/\/armintour.com\/wp-content\/uploads\/2022\/12\/Noravank-Monastery-.jpg\" href=\"https:\/\/armintour.com\/wp-content\/uploads\/2022\/12\/Noravank-Monastery-.jpg\"><span data-alt=\"\"><\/span><\/a><\/div><div class=\"rsContent\"><a class=\"rsImg\" data-rsw=\"1200\" data-rsh=\"943\" data-rsBigImg=\"https:\/\/armintour.com\/wp-content\/uploads\/2022\/12\/1-2.jpg\" href=\"https:\/\/armintour.com\/wp-content\/uploads\/2022\/12\/1-2.jpg\"><span data-alt=\"\"><\/span><\/a><\/div><div class=\"rsContent\"><a class=\"rsImg\" data-rsw=\"2048\" data-rsh=\"1365\" data-rsBigImg=\"https:\/\/armintour.com\/wp-content\/uploads\/2022\/12\/14753794_1175686029191654_623428914086309795_o.jpg\" href=\"https:\/\/armintour.com\/wp-content\/uploads\/2022\/12\/14753794_1175686029191654_623428914086309795_o.jpg\"><span data-alt=\"\"><\/span><\/a><\/div><div class=\"rsContent\"><a class=\"rsImg\" data-rsw=\"800\" data-rsh=\"600\" data-rsBigImg=\"https:\/\/armintour.com\/wp-content\/uploads\/2022\/12\/a-monastery-and-monastic-brotherhood.jpg\" href=\"https:\/\/armintour.com\/wp-content\/uploads\/2022\/12\/a-monastery-and-monastic-brotherhood.jpg\"><span data-alt=\"\"><\/span><\/a><\/div><div class=\"rsContent\"><a class=\"rsImg\" data-rsw=\"1250\" data-rsh=\"834\" data-rsBigImg=\"https:\/\/armintour.com\/wp-content\/uploads\/2022\/12\/Noravank.jpg\" href=\"https:\/\/armintour.com\/wp-content\/uploads\/2022\/12\/Noravank.jpg\"><span data-alt=\"\"><\/span><\/a><\/div><div class=\"rsContent\"><a class=\"rsImg\" data-rsw=\"1400\" data-rsh=\"600\" data-rsBigImg=\"https:\/\/armintour.com\/wp-content\/uploads\/2022\/12\/Vayots-Dzor-Noravank-1.jpg\" href=\"https:\/\/armintour.com\/wp-content\/uploads\/2022\/12\/Vayots-Dzor-Noravank-1.jpg\"><span data-alt=\"\"><\/span><\/a><\/div><div class=\"rsContent\"><a class=\"rsImg\" data-rsw=\"2000\" data-rsh=\"1333\" data-rsBigImg=\"https:\/\/armintour.com\/wp-content\/uploads\/2022\/12\/Arpa_river_Landscape_from_Jermuk_Armenia.jpg\" href=\"https:\/\/armintour.com\/wp-content\/uploads\/2022\/12\/Arpa_river_Landscape_from_Jermuk_Armenia.jpg\"><span data-alt=\"\"><\/span><\/a><\/div><div class=\"rsContent\"><a class=\"rsImg\" data-rsw=\"2000\" data-rsh=\"1500\" data-rsBigImg=\"https:\/\/armintour.com\/wp-content\/uploads\/2022\/12\/berdakar-mountain.jpg\" href=\"https:\/\/armintour.com\/wp-content\/uploads\/2022\/12\/berdakar-mountain.jpg\"><span data-alt=\"\"><\/span><\/a><\/div><div class=\"rsContent\"><a class=\"rsImg\" data-rsw=\"1200\" data-rsh=\"900\" data-rsBigImg=\"https:\/\/armintour.com\/wp-content\/uploads\/2022\/12\/gladzor-university-historical.jpg\" href=\"https:\/\/armintour.com\/wp-content\/uploads\/2022\/12\/gladzor-university-historical.jpg\"><span data-alt=\"\"><\/span><\/a><\/div><div class=\"rsContent\"><a class=\"rsImg\" data-rsw=\"1125\" data-rsh=\"1500\" data-rsBigImg=\"https:\/\/armintour.com\/wp-content\/uploads\/2022\/12\/gladzor-university-historical-1.jpg\" href=\"https:\/\/armintour.com\/wp-content\/uploads\/2022\/12\/gladzor-university-historical-1.jpg\"><span data-alt=\"\"><\/span><\/a><\/div><div class=\"rsContent\"><a class=\"rsImg\" data-rsw=\"1200\" data-rsh=\"1200\" data-rsBigImg=\"https:\/\/armintour.com\/wp-content\/uploads\/2022\/12\/gladzor-university-historical-2.jpg\" href=\"https:\/\/armintour.com\/wp-content\/uploads\/2022\/12\/gladzor-university-historical-2.jpg\"><span data-alt=\"\"><\/span><\/a><\/div><div class=\"rsContent\"><a class=\"rsImg\" data-rsw=\"2000\" data-rsh=\"1500\" data-rsBigImg=\"https:\/\/armintour.com\/wp-content\/uploads\/2022\/12\/jermouk_canyon.jpg\" href=\"https:\/\/armintour.com\/wp-content\/uploads\/2022\/12\/jermouk_canyon.jpg\"><span data-alt=\"\"><\/span><\/a><\/div><div class=\"rsContent\"><a class=\"rsImg\" data-rsw=\"2000\" data-rsh=\"1333\" data-rsBigImg=\"https:\/\/armintour.com\/wp-content\/uploads\/2022\/12\/Jermuk_Waterfall.jpg\" href=\"https:\/\/armintour.com\/wp-content\/uploads\/2022\/12\/Jermuk_Waterfall.jpg\"><span data-alt=\"\"><\/span><\/a><\/div><div class=\"rsContent\"><a class=\"rsImg\" data-rsw=\"1200\" data-rsh=\"799\" data-rsBigImg=\"https:\/\/armintour.com\/wp-content\/uploads\/2022\/12\/Proshaberd-XIII-c..jpg\" href=\"https:\/\/armintour.com\/wp-content\/uploads\/2022\/12\/Proshaberd-XIII-c..jpg\"><span data-alt=\"\"><\/span><\/a><\/div><div class=\"rsContent\"><a class=\"rsImg\" data-rsw=\"2000\" data-rsh=\"1500\" data-rsBigImg=\"https:\/\/armintour.com\/wp-content\/uploads\/2022\/12\/Reka_Arpa.jpg\" href=\"https:\/\/armintour.com\/wp-content\/uploads\/2022\/12\/Reka_Arpa.jpg\"><span data-alt=\"\"><\/span><\/a><\/div><div class=\"rsContent\"><a class=\"rsImg\" data-rsw=\"2000\" data-rsh=\"1339\" data-rsBigImg=\"https:\/\/armintour.com\/wp-content\/uploads\/2022\/12\/Shatin-Yeghegis.jpg\" href=\"https:\/\/armintour.com\/wp-content\/uploads\/2022\/12\/Shatin-Yeghegis.jpg\"><span data-alt=\"\"><\/span><\/a><\/div><div class=\"rsContent\"><a class=\"rsImg\" data-rsw=\"900\" data-rsh=\"600\" data-rsBigImg=\"https:\/\/armintour.com\/wp-content\/uploads\/2022\/12\/Smbataberd.jpg\" href=\"https:\/\/armintour.com\/wp-content\/uploads\/2022\/12\/Smbataberd.jpg\"><span data-alt=\"\"><\/span><\/a><\/div><div class=\"rsContent\"><a class=\"rsImg\" data-rsw=\"800\" data-rsh=\"594\" data-rsBigImg=\"https:\/\/armintour.com\/wp-content\/uploads\/2022\/12\/Things-to-do-in-Yeghegnadzor-4.jpg\" href=\"https:\/\/armintour.com\/wp-content\/uploads\/2022\/12\/Things-to-do-in-Yeghegnadzor-4.jpg\"><span data-alt=\"\"><\/span><\/a><\/div><div class=\"rsContent\"><a class=\"rsImg\" data-rsw=\"900\" data-rsh=\"600\" data-rsBigImg=\"https:\/\/armintour.com\/wp-content\/uploads\/2022\/12\/vayots-dzor.jpg\" href=\"https:\/\/armintour.com\/wp-content\/uploads\/2022\/12\/vayots-dzor.jpg\"><span data-alt=\"\"><\/span><\/a><\/div><div class=\"rsContent\"><a class=\"rsImg\" data-rsw=\"1024\" data-rsh=\"683\" data-rsBigImg=\"https:\/\/armintour.com\/wp-content\/uploads\/2022\/12\/Vayots-Dzor-2.jpg\" href=\"https:\/\/armintour.com\/wp-content\/uploads\/2022\/12\/Vayots-Dzor-2.jpg\"><span data-alt=\"\"><\/span><\/a><\/div><div class=\"rsContent\"><a class=\"rsImg\" data-rsw=\"1200\" data-rsh=\"800\" data-rsBigImg=\"https:\/\/armintour.com\/wp-content\/uploads\/2022\/12\/Vayots-Dzor-Noravank-3.jpg\" href=\"https:\/\/armintour.com\/wp-content\/uploads\/2022\/12\/Vayots-Dzor-Noravank-3.jpg\"><span data-alt=\"\"><\/span><\/a><\/div><div class=\"rsContent\"><a class=\"rsImg\" data-rsw=\"2000\" data-rsh=\"748\" data-rsBigImg=\"https:\/\/armintour.com\/wp-content\/uploads\/2022\/12\/Village_armenien_Yeghegnadzor.jpg\" href=\"https:\/\/armintour.com\/wp-content\/uploads\/2022\/12\/Village_armenien_Yeghegnadzor.jpg\"><span data-alt=\"\"><\/span><\/a><\/div><div class=\"rsContent\"><a class=\"rsImg\" data-rsw=\"1650\" data-rsh=\"1093\" data-rsBigImg=\"https:\/\/armintour.com\/wp-content\/uploads\/2022\/12\/Yeghegis-1.jpeg\" href=\"https:\/\/armintour.com\/wp-content\/uploads\/2022\/12\/Yeghegis-1.jpeg\"><span data-alt=\"\"><\/span><\/a><\/div><div class=\"rsContent\"><a class=\"rsImg\" data-rsw=\"1440\" data-rsh=\"1438\" data-rsBigImg=\"https:\/\/armintour.com\/wp-content\/uploads\/2022\/12\/yeghegnadzor-Art-Gallery.jpg\" href=\"https:\/\/armintour.com\/wp-content\/uploads\/2022\/12\/yeghegnadzor-Art-Gallery.jpg\"><span data-alt=\"\"><\/span><\/a><\/div><div class=\"rsContent\"><a class=\"rsImg\" data-rsw=\"1080\" data-rsh=\"608\" data-rsBigImg=\"https:\/\/armintour.com\/wp-content\/uploads\/2022\/12\/Yeghegnadzor-Regional-Museum.jpg\" href=\"https:\/\/armintour.com\/wp-content\/uploads\/2022\/12\/Yeghegnadzor-Regional-Museum.jpg\"><span data-alt=\"\"><\/span><\/a><\/div><div class=\"rsContent\"><a class=\"rsImg\" data-rsw=\"952\" data-rsh=\"535\" data-rsBigImg=\"https:\/\/armintour.com\/wp-content\/uploads\/2022\/12\/Yeghegnadzor_landscape3.jpg\" href=\"https:\/\/armintour.com\/wp-content\/uploads\/2022\/12\/Yeghegnadzor_landscape3.jpg\"><span data-alt=\"\"><\/span><\/a><\/div><\/div><img decoding=\"async\" src=\"https:\/\/armintour.com\/wp-content\/uploads\/2022\/12\/Lucy-Yeghegnadzor.jpg\" width=\"2000\" height=\"1339\" alt loading=\"lazy\"><\/div><div class=\"w-slider-json\" onclick='return {&quot;autoScaleSlider&quot;:true,&quot;addActiveClass&quot;:true,&quot;loop&quot;:true,&quot;fadeInLoadedSlide&quot;:false,&quot;slidesSpacing&quot;:0,&quot;imageScalePadding&quot;:0,&quot;numImagesToPreload&quot;:2,&quot;arrowsNav&quot;:false,&quot;arrowsNavAutoHide&quot;:false,&quot;transitionType&quot;:&quot;move&quot;,&quot;transitionSpeed&quot;:250,&quot;block&quot;:{&quot;moveEffect&quot;:&quot;none&quot;,&quot;speed&quot;:300},&quot;thumbs&quot;:{&quot;fitInViewport&quot;:false,&quot;firstMargin&quot;:false,&quot;spacing&quot;:4},&quot;controlNavigation&quot;:&quot;bullets&quot;,&quot;autoplay&quot;:{&quot;enabled&quot;:true,&quot;pauseOnHover&quot;:false,&quot;delay&quot;:3000},&quot;fullscreen&quot;:{&quot;enabled&quot;:true},&quot;autoScaleSliderWidth&quot;:2000,&quot;autoScaleSliderHeight&quot;:1339}'><\/div><\/div><\/div><\/div><\/div><\/div><\/section>\n","protected":false},"excerpt":{"rendered":"Territorium: 2308 km \u00b2 Landwirtschaftliche Fl\u00e4chen: 75.939 ha Ackerland: 19.857 ha Bev\u00f6lkerung: 50,800 Personen (2016) Wajoz Dsor ist eines der s\u00fcdlichen Gebiete Armeniens. Der gr\u00f6\u00dfte Teil des Territoriums ist ein Hochland mit karger Vegetation und nur 20% des Bodens wird angebaut. Die Provinz liegt 1000-2300 m hoch \u00fcber dem Meeresspiegel. Jeghegia und Arpa Fl\u00fcsse flie\u00dfen...","protected":false},"author":1,"featured_media":15134,"parent":0,"menu_order":0,"comment_status":"closed","ping_status":"closed","template":"","meta":{"footnotes":""},"class_list":["post-15238","page","type-page","status-publish","has-post-thumbnail","hentry"],"_links":{"self":[{"href":"https:\/\/armintour.com\/de\/wp-json\/wp\/v2\/pages\/15238","targetHints":{"allow":["GET"]}}],"collection":[{"href":"https:\/\/armintour.com\/de\/wp-json\/wp\/v2\/pages"}],"about":[{"href":"https:\/\/armintour.com\/de\/wp-json\/wp\/v2\/types\/page"}],"author":[{"embeddable":true,"href":"https:\/\/armintour.com\/de\/wp-json\/wp\/v2\/users\/1"}],"replies":[{"embeddable":true,"href":"https:\/\/armintour.com\/de\/wp-json\/wp\/v2\/comments?post=15238"}],"version-history":[{"count":3,"href":"https:\/\/armintour.com\/de\/wp-json\/wp\/v2\/pages\/15238\/revisions"}],"predecessor-version":[{"id":24719,"href":"https:\/\/armintour.com\/de\/wp-json\/wp\/v2\/pages\/15238\/revisions\/24719"}],"wp:featuredmedia":[{"embeddable":true,"href":"https:\/\/armintour.com\/de\/wp-json\/wp\/v2\/media\/15134"}],"wp:attachment":[{"href":"https:\/\/armintour.com\/de\/wp-json\/wp\/v2\/media?parent=15238"}],"curies":[{"name":"wp","href":"https:\/\/api.w.org\/{rel}","templated":true}]}}