{"id":15377,"date":"2022-12-29T23:26:54","date_gmt":"2022-12-29T19:26:54","guid":{"rendered":"https:\/\/intour.lizin.am\/tavush-marz\/"},"modified":"2023-01-22T18:54:22","modified_gmt":"2023-01-22T14:54:22","slug":"tavush-marz","status":"publish","type":"page","link":"https:\/\/armintour.com\/de\/tavush-marz\/","title":{"rendered":"Region Tawusch"},"content":{"rendered":"<section class=\"l-section wpb_row height_small\"><div class=\"l-section-h i-cf\"><div class=\"g-cols vc_row via_grid cols_1 laptops-cols_inherit tablets-cols_inherit mobiles-cols_1 valign_top type_default stacking_default\"><div class=\"wpb_column vc_column_container\"><div class=\"vc_column-inner\"><div class=\"wpb_text_column\"><div class=\"wpb_wrapper\"><p><strong>Territorium:<\/strong> 2704 km \u00b2<br \/>\n<strong>Landwirtschaftliche Fl\u00e4chen:<\/strong> 93.574 ha<br \/>\n<strong>Ackerland:<\/strong> 27.294 ha<br \/>\n<strong>Bev\u00f6lkerung:<\/strong> 125,500 Personen (2016)<\/p>\n<\/div><\/div><\/div><\/div><\/div><\/div><\/section><section class=\"l-section wpb_row height_small\"><div class=\"l-section-h i-cf\"><div class=\"g-cols vc_row via_grid cols_1 laptops-cols_inherit tablets-cols_inherit mobiles-cols_1 valign_top type_default stacking_default\"><div class=\"wpb_column vc_column_container\"><div class=\"vc_column-inner\"><div class=\"wpb_text_column\"><div class=\"wpb_wrapper\"><p>Das Gebiet Tawusch befindet sich im n\u00f6rdlichen Teil Armeniens. Gr\u00f6\u00dftenteils liegt das Gebiet auf der H\u00f6he von 800-1700 m \u00fcber dem Meeresspiegel. Landschaften sind meistens holzig-bergigen und trocken bergigen Charakters. Die W\u00e4lder liegen die H\u00fcgel entlang auf der H\u00f6he von 600-2900 m \u00fcber dem Meeresspiegel mit mehr als 120 Baumarten: Eichen, Nussb\u00e4ume, Jackfruchtb\u00e4ume usw. Die Fauna ist auch sehr vielf\u00e4ltig. Man trifft solche Tiere wie Braunb\u00e4r, Wildschwein, Fuchs, Wolf, Marder, etc. Es gibt ca. 40 Vogelarten.<br \/>\nIdschewan ist das Regionszentrum. W\u00e4hrend der Ausgrabungen und Rekonstruktionsarbeiten wurden Grabfelder und Festungen aus dem 2. und 1. Jahrtausend v. Chr. gefunden, die die Tatsache beweisen, dass das Gebiet seit der Antike bewohnt war. Die mittelalterlichen Siedlungen, Burgen und Klosteranlagen in der N\u00e4he von Idschewan sind ein Zeichen daf\u00fcr, dass das Tal im fr\u00fchen Mittelalter dicht bewohnt war.<br \/>\nDilidschan ist eine der bl\u00fchenden St\u00e4dte Armeniens, ein ber\u00fchmter Kurort und kulturelles Zentrum. Hier gibt es mehrere Hotels und Resorte, wo Lungen-, Magen-Darm-, Bauch-, Leber- und andere Erkrankungen, sowie Stoffwechselst\u00f6rungen erfolgreich behandelt werden. Es gibt fast 20 Mineralquellen in der N\u00e4he von Idschewan und Dilidschan.<br \/>\nDie Klosteranlagen Goschawank (12.-13. Jh.), Hagharzin (11.-13. Jh.), Makarawank (11.-13. Jh.), Woskepar (4.-7. Jh.) und andere Denkm\u00e4ler gelten als Meiseterwerke der Tawusch Region. Die hoch oben in den Wolken versteckten Festungen sind ein faszinierendes Bild des menschlichen Schaffens.<\/p>\n<\/div><\/div><\/div><\/div><\/div><\/div><\/section><section class=\"l-section wpb_row height_auto\"><div class=\"l-section-h i-cf\"><div class=\"g-cols vc_row via_grid cols_1 laptops-cols_inherit tablets-cols_inherit mobiles-cols_1 valign_top type_default stacking_default\"><div class=\"wpb_column vc_column_container\"><div class=\"vc_column-inner\"><div class=\"w-slider style_none fit_contain nav_dots count_16\"><div class=\"w-slider-h\" aria-hidden=\"true\"><div class=\"royalSlider\"><div class=\"rsContent\"><a class=\"rsImg\" data-rsw=\"1080\" data-rsh=\"1080\" data-rsBigImg=\"https:\/\/armintour.com\/wp-content\/uploads\/2022\/12\/Ijevan.jpg\" href=\"https:\/\/armintour.com\/wp-content\/uploads\/2022\/12\/Ijevan.jpg\"><span data-alt=\"\"><\/span><\/a><\/div><div class=\"rsContent\"><a class=\"rsImg\" data-rsw=\"1599\" data-rsh=\"1066\" data-rsBigImg=\"https:\/\/armintour.com\/wp-content\/uploads\/2022\/12\/Lastiver_ijevan.jpg\" href=\"https:\/\/armintour.com\/wp-content\/uploads\/2022\/12\/Lastiver_ijevan.jpg\"><span data-alt=\"\"><\/span><\/a><\/div><div class=\"rsContent\"><a class=\"rsImg\" data-rsw=\"1200\" data-rsh=\"800\" data-rsBigImg=\"https:\/\/armintour.com\/wp-content\/uploads\/2022\/12\/Dilijan.jpeg\" href=\"https:\/\/armintour.com\/wp-content\/uploads\/2022\/12\/Dilijan.jpeg\"><span data-alt=\"\"><\/span><\/a><\/div><div class=\"rsContent\"><a class=\"rsImg\" data-rsw=\"1067\" data-rsh=\"800\" data-rsBigImg=\"https:\/\/armintour.com\/wp-content\/uploads\/2022\/12\/Berdavank_fortress_09.jpg\" href=\"https:\/\/armintour.com\/wp-content\/uploads\/2022\/12\/Berdavank_fortress_09.jpg\"><span data-alt=\"\"><\/span><\/a><\/div><div class=\"rsContent\"><a class=\"rsImg\" data-rsw=\"2000\" data-rsh=\"1338\" data-rsBigImg=\"https:\/\/armintour.com\/wp-content\/uploads\/2022\/12\/Ijevan-1-1.jpg\" href=\"https:\/\/armintour.com\/wp-content\/uploads\/2022\/12\/Ijevan-1-1.jpg\"><span data-alt=\"\"><\/span><\/a><\/div><div class=\"rsContent\"><a class=\"rsImg\" data-rsw=\"600\" data-rsh=\"800\" data-rsBigImg=\"https:\/\/armintour.com\/wp-content\/uploads\/2022\/12\/Voskepar-Jukhak.jpg\" href=\"https:\/\/armintour.com\/wp-content\/uploads\/2022\/12\/Voskepar-Jukhak.jpg\"><span data-alt=\"\"><\/span><\/a><\/div><div class=\"rsContent\"><a class=\"rsImg\" data-rsw=\"1200\" data-rsh=\"800\" data-rsBigImg=\"https:\/\/armintour.com\/wp-content\/uploads\/2022\/12\/Voskepar_Fortress_07.jpg\" href=\"https:\/\/armintour.com\/wp-content\/uploads\/2022\/12\/Voskepar_Fortress_07.jpg\"><span data-alt=\"\"><\/span><\/a><\/div><div class=\"rsContent\"><a class=\"rsImg\" data-rsw=\"1200\" data-rsh=\"800\" data-rsBigImg=\"https:\/\/armintour.com\/wp-content\/uploads\/2022\/12\/Makaravank.jpeg\" href=\"https:\/\/armintour.com\/wp-content\/uploads\/2022\/12\/Makaravank.jpeg\"><span data-alt=\"\"><\/span><\/a><\/div><div class=\"rsContent\"><a class=\"rsImg\" data-rsw=\"2000\" data-rsh=\"1500\" data-rsBigImg=\"https:\/\/armintour.com\/wp-content\/uploads\/2022\/12\/Voskepar_Church.jpg\" href=\"https:\/\/armintour.com\/wp-content\/uploads\/2022\/12\/Voskepar_Church.jpg\"><span data-alt=\"\"><\/span><\/a><\/div><div class=\"rsContent\"><a class=\"rsImg\" data-rsw=\"1196\" data-rsh=\"800\" data-rsBigImg=\"https:\/\/armintour.com\/wp-content\/uploads\/2022\/12\/parz.jpeg\" href=\"https:\/\/armintour.com\/wp-content\/uploads\/2022\/12\/parz.jpeg\"><span data-alt=\"\"><\/span><\/a><\/div><div class=\"rsContent\"><a class=\"rsImg\" data-rsw=\"1280\" data-rsh=\"853\" data-rsBigImg=\"https:\/\/armintour.com\/wp-content\/uploads\/2022\/12\/Dilizhan.jpg\" href=\"https:\/\/armintour.com\/wp-content\/uploads\/2022\/12\/Dilizhan.jpg\"><span data-alt=\"\"><\/span><\/a><\/div><div class=\"rsContent\"><a class=\"rsImg\" data-rsw=\"1200\" data-rsh=\"800\" data-rsBigImg=\"https:\/\/armintour.com\/wp-content\/uploads\/2022\/12\/Gosh-lake.jpeg\" href=\"https:\/\/armintour.com\/wp-content\/uploads\/2022\/12\/Gosh-lake.jpeg\"><span data-alt=\"\"><\/span><\/a><\/div><div class=\"rsContent\"><a class=\"rsImg\" data-rsw=\"1920\" data-rsh=\"1080\" data-rsBigImg=\"https:\/\/armintour.com\/wp-content\/uploads\/2022\/12\/Haghartsin.jpg\" href=\"https:\/\/armintour.com\/wp-content\/uploads\/2022\/12\/Haghartsin.jpg\"><span data-alt=\"\"><\/span><\/a><\/div><div class=\"rsContent\"><a class=\"rsImg\" data-rsw=\"2000\" data-rsh=\"1342\" data-rsBigImg=\"https:\/\/armintour.com\/wp-content\/uploads\/2022\/12\/Gosh-lake-2.jpg\" href=\"https:\/\/armintour.com\/wp-content\/uploads\/2022\/12\/Gosh-lake-2.jpg\"><span data-alt=\"\"><\/span><\/a><\/div><div class=\"rsContent\"><a class=\"rsImg\" data-rsw=\"1239\" data-rsh=\"826\" data-rsBigImg=\"https:\/\/armintour.com\/wp-content\/uploads\/2022\/12\/Gosh.jpg\" href=\"https:\/\/armintour.com\/wp-content\/uploads\/2022\/12\/Gosh.jpg\"><span data-alt=\"\"><\/span><\/a><\/div><div class=\"rsContent\"><a class=\"rsImg\" data-rsw=\"2000\" data-rsh=\"1288\" data-rsBigImg=\"https:\/\/armintour.com\/wp-content\/uploads\/2022\/12\/Goshavank.jpg\" href=\"https:\/\/armintour.com\/wp-content\/uploads\/2022\/12\/Goshavank.jpg\"><span data-alt=\"\"><\/span><\/a><\/div><\/div><img decoding=\"async\" src=\"https:\/\/armintour.com\/wp-content\/uploads\/2022\/12\/Ijevan.jpg\" width=\"1080\" height=\"1080\" alt loading=\"lazy\"><\/div><div class=\"w-slider-json\" onclick='return {&quot;autoScaleSlider&quot;:true,&quot;addActiveClass&quot;:true,&quot;loop&quot;:true,&quot;fadeInLoadedSlide&quot;:false,&quot;slidesSpacing&quot;:0,&quot;imageScalePadding&quot;:0,&quot;numImagesToPreload&quot;:2,&quot;arrowsNav&quot;:false,&quot;arrowsNavAutoHide&quot;:false,&quot;transitionType&quot;:&quot;move&quot;,&quot;transitionSpeed&quot;:250,&quot;block&quot;:{&quot;moveEffect&quot;:&quot;none&quot;,&quot;speed&quot;:300},&quot;thumbs&quot;:{&quot;fitInViewport&quot;:false,&quot;firstMargin&quot;:false,&quot;spacing&quot;:4},&quot;controlNavigation&quot;:&quot;bullets&quot;,&quot;autoplay&quot;:{&quot;enabled&quot;:true,&quot;pauseOnHover&quot;:false,&quot;delay&quot;:3000},&quot;fullscreen&quot;:{&quot;enabled&quot;:true},&quot;autoScaleSliderWidth&quot;:1080,&quot;autoScaleSliderHeight&quot;:1080}'><\/div><\/div><\/div><\/div><\/div><\/div><\/section>\n","protected":false},"excerpt":{"rendered":"Territorium: 2704 km \u00b2 Landwirtschaftliche Fl\u00e4chen: 93.574 ha Ackerland: 27.294 ha Bev\u00f6lkerung: 125,500 Personen (2016) Das Gebiet Tawusch befindet sich im n\u00f6rdlichen Teil Armeniens. Gr\u00f6\u00dftenteils liegt das Gebiet auf der H\u00f6he von 800-1700 m \u00fcber dem Meeresspiegel. Landschaften sind meistens holzig-bergigen und trocken bergigen Charakters. Die W\u00e4lder liegen die H\u00fcgel entlang auf der H\u00f6he von...","protected":false},"author":1,"featured_media":15369,"parent":0,"menu_order":0,"comment_status":"closed","ping_status":"closed","template":"","meta":{"footnotes":""},"class_list":["post-15377","page","type-page","status-publish","has-post-thumbnail","hentry"],"_links":{"self":[{"href":"https:\/\/armintour.com\/de\/wp-json\/wp\/v2\/pages\/15377","targetHints":{"allow":["GET"]}}],"collection":[{"href":"https:\/\/armintour.com\/de\/wp-json\/wp\/v2\/pages"}],"about":[{"href":"https:\/\/armintour.com\/de\/wp-json\/wp\/v2\/types\/page"}],"author":[{"embeddable":true,"href":"https:\/\/armintour.com\/de\/wp-json\/wp\/v2\/users\/1"}],"replies":[{"embeddable":true,"href":"https:\/\/armintour.com\/de\/wp-json\/wp\/v2\/comments?post=15377"}],"version-history":[{"count":3,"href":"https:\/\/armintour.com\/de\/wp-json\/wp\/v2\/pages\/15377\/revisions"}],"predecessor-version":[{"id":24685,"href":"https:\/\/armintour.com\/de\/wp-json\/wp\/v2\/pages\/15377\/revisions\/24685"}],"wp:featuredmedia":[{"embeddable":true,"href":"https:\/\/armintour.com\/de\/wp-json\/wp\/v2\/media\/15369"}],"wp:attachment":[{"href":"https:\/\/armintour.com\/de\/wp-json\/wp\/v2\/media?parent=15377"}],"curies":[{"name":"wp","href":"https:\/\/api.w.org\/{rel}","templated":true}]}}