{"id":15539,"date":"2022-12-30T00:02:11","date_gmt":"2022-12-29T20:02:11","guid":{"rendered":"https:\/\/intour.lizin.am\/syunik-marz\/"},"modified":"2023-01-22T18:42:22","modified_gmt":"2023-01-22T14:42:22","slug":"syunik-marz","status":"publish","type":"page","link":"https:\/\/armintour.com\/de\/syunik-marz\/","title":{"rendered":"Region Sjunik"},"content":{"rendered":"<section class=\"l-section wpb_row height_small\"><div class=\"l-section-h i-cf\"><div class=\"g-cols vc_row via_grid cols_1 laptops-cols_inherit tablets-cols_inherit mobiles-cols_1 valign_top type_default stacking_default\"><div class=\"wpb_column vc_column_container\"><div class=\"vc_column-inner\"><div class=\"wpb_text_column\"><div class=\"wpb_wrapper\"><p><strong>Territorium:<\/strong> 4506 km \u00b2<br \/>\n<strong>Landwirtschaftliche Fl\u00e4chen:<\/strong> 187.792 ha<br \/>\n<strong>Ackerland:<\/strong> 46.757 ha<br \/>\n<strong>Bev\u00f6lkerung:<\/strong> 139,400 Personen (2016)<\/p>\n<\/div><\/div><\/div><\/div><\/div><\/div><\/section><section class=\"l-section wpb_row height_small\"><div class=\"l-section-h i-cf\"><div class=\"g-cols vc_row via_grid cols_1 laptops-cols_inherit tablets-cols_inherit mobiles-cols_1 valign_top type_default stacking_default\"><div class=\"wpb_column vc_column_container\"><div class=\"vc_column-inner\"><div class=\"wpb_text_column\"><div class=\"wpb_wrapper\"><p>Die Region gilt als s\u00fcdliches Tor Armeniens, umgeben von die Bergkette Sangesur und Meghri und Sjunik Hochl\u00e4nder. Der h\u00f6chste Punkt des Gebiets ist die Gipfel Mez Ischkhanasar (Gro\u00dfer F\u00fcrstenberg) (3552 m.), und der tiefste Punkt liegt im Tal des Araks Flu\u00dfes (400 m).<br \/>\nDas Gebietszentrum ist Kapan. Es liegt auf einer H\u00f6he von \u00fcber 750m \u00fcber dem Meeresspiegel und ist eines der wichtigen Bergbauzentren Armeniens, ber\u00fchmt f\u00fcr seine Kupfer- und Molybd\u00e4nminen. Die zweitgr\u00f6\u00dfte Stadt der Region Goris ist eine an Obstg\u00e4rten reiche Stadt, ein sch\u00f6nes Resort am Ufer des Vararik Flu\u00dfes. Auf den Felsen geschnitzte Bilder aus den 5.-4. Jahrtausenden v. Chr. zeugen von der Tatsache, dass die Menschen hier seit Urzeiten gelebt haben. Auf diesen Bildern kann man das gesamte Spektrum der armenischen Fauna finden. Die Soraz Steine stammen aus dem 2. Jahrtausend v. Chr. Laut wissenschaftlischen Ansichten dienten sie f\u00fcr astronomische Beobachtungen.<br \/>\nHin Khndzoresk ist ein Dorf mit zahlreichen L\u00f6chern in den Felsen. Bis Ende 30-er Jahre war es ein aktives H\u00f6hlendorf. Aber die wichtigste Sehensw\u00fcrdigkeit der Region liegt weit oben auf einem kleinen Plateau beim Dorf Tatev. Es ist eben der erhabene Klosterkomplex Tatev (9.-13. Jh.), wohin man mit der 5.752m-langen im Oktober 2010 dem Betrieb \u00fcbergebene Seilbahn (die l\u00e4ngste in der Welt) in 11 Minuten zum Tatew Kloster gelangen kann.<br \/>\nMittelalterliches Sjunik war reich an Festungen. Baghaberd (4. Jh.) war zu ihrer Zeit die gr\u00f6\u00dfte Wehranlage in Armenien. Weiterhin kann man die Festungen Worotnawank (5.Jh.), Festung Meghri (17. Jh.) erw\u00e4hnen, welche ein einzigartiges Beispiel der armenischen Festungbautechnik darstellt. Die letzte Festung dieser Kette ist die Festung Halidsor (17. Jh.).<br \/>\nDas Gebiet ist reich an k\u00fchlen S\u00fc\u00dfwasserquellen.<\/p>\n<\/div><\/div><\/div><\/div><\/div><\/div><\/section><section class=\"l-section wpb_row height_small\"><div class=\"l-section-h i-cf\"><div class=\"g-cols vc_row via_grid cols_1 laptops-cols_inherit tablets-cols_inherit mobiles-cols_1 valign_top type_default stacking_default\"><div class=\"wpb_column vc_column_container\"><div class=\"vc_column-inner\"><div class=\"w-slider style_none fit_contain nav_dots count_26\"><div class=\"w-slider-h\" aria-hidden=\"true\"><div class=\"royalSlider\"><div class=\"rsContent\"><a class=\"rsImg\" data-rsw=\"1200\" data-rsh=\"800\" data-rsBigImg=\"https:\/\/armintour.com\/wp-content\/uploads\/2022\/12\/Tatev-tramway.jpeg\" href=\"https:\/\/armintour.com\/wp-content\/uploads\/2022\/12\/Tatev-tramway.jpeg\"><span data-alt=\"\"><\/span><\/a><\/div><div class=\"rsContent\"><a class=\"rsImg\" data-rsw=\"1200\" data-rsh=\"801\" data-rsBigImg=\"https:\/\/armintour.com\/wp-content\/uploads\/2022\/12\/Tatev.jpg\" href=\"https:\/\/armintour.com\/wp-content\/uploads\/2022\/12\/Tatev.jpg\"><span data-alt=\"\"><\/span><\/a><\/div><div class=\"rsContent\"><a class=\"rsImg\" data-rsw=\"1600\" data-rsh=\"1200\" data-rsBigImg=\"https:\/\/armintour.com\/wp-content\/uploads\/2022\/12\/Goris.jpg\" href=\"https:\/\/armintour.com\/wp-content\/uploads\/2022\/12\/Goris.jpg\"><span data-alt=\"\"><\/span><\/a><\/div><div class=\"rsContent\"><a class=\"rsImg\" data-rsw=\"1700\" data-rsh=\"2333\" data-rsBigImg=\"https:\/\/armintour.com\/wp-content\/uploads\/2022\/12\/Old-Khndzoresk.jpg\" href=\"https:\/\/armintour.com\/wp-content\/uploads\/2022\/12\/Old-Khndzoresk.jpg\"><span data-alt=\"\"><\/span><\/a><\/div><div class=\"rsContent\"><a class=\"rsImg\" data-rsw=\"2000\" data-rsh=\"1330\" data-rsBigImg=\"https:\/\/armintour.com\/wp-content\/uploads\/2022\/12\/Halidzor_fortress_Syunik_Armenia_-_panoramio_9.jpg\" href=\"https:\/\/armintour.com\/wp-content\/uploads\/2022\/12\/Halidzor_fortress_Syunik_Armenia_-_panoramio_9.jpg\"><span data-alt=\"\"><\/span><\/a><\/div><div class=\"rsContent\"><a class=\"rsImg\" data-rsw=\"2000\" data-rsh=\"1055\" data-rsBigImg=\"https:\/\/armintour.com\/wp-content\/uploads\/2022\/12\/Mes-Ishkhanasar.jpg\" href=\"https:\/\/armintour.com\/wp-content\/uploads\/2022\/12\/Mes-Ishkhanasar.jpg\"><span data-alt=\"\"><\/span><\/a><\/div><div class=\"rsContent\"><a class=\"rsImg\" data-rsw=\"1200\" data-rsh=\"1200\" data-rsBigImg=\"https:\/\/armintour.com\/wp-content\/uploads\/2022\/12\/Khndzoresk-village.jpg\" href=\"https:\/\/armintour.com\/wp-content\/uploads\/2022\/12\/Khndzoresk-village.jpg\"><span data-alt=\"\"><\/span><\/a><\/div><div class=\"rsContent\"><a class=\"rsImg\" data-rsw=\"1865\" data-rsh=\"2560\" data-rsBigImg=\"https:\/\/armintour.com\/wp-content\/uploads\/2022\/12\/Khndzoresk-scaled.jpg\" href=\"https:\/\/armintour.com\/wp-content\/uploads\/2022\/12\/Khndzoresk-scaled.jpg\"><span data-alt=\"\"><\/span><\/a><\/div><div class=\"rsContent\"><a class=\"rsImg\" data-rsw=\"1200\" data-rsh=\"675\" data-rsBigImg=\"https:\/\/armintour.com\/wp-content\/uploads\/2022\/12\/fortress-of-Halidzor.jpg\" href=\"https:\/\/armintour.com\/wp-content\/uploads\/2022\/12\/fortress-of-Halidzor.jpg\"><span data-alt=\"\"><\/span><\/a><\/div><div class=\"rsContent\"><a class=\"rsImg\" data-rsw=\"1333\" data-rsh=\"1000\" data-rsBigImg=\"https:\/\/armintour.com\/wp-content\/uploads\/2022\/12\/fortress-of-Meghri.jpg\" href=\"https:\/\/armintour.com\/wp-content\/uploads\/2022\/12\/fortress-of-Meghri.jpg\"><span data-alt=\"\"><\/span><\/a><\/div><div class=\"rsContent\"><a class=\"rsImg\" data-rsw=\"1200\" data-rsh=\"800\" data-rsBigImg=\"https:\/\/armintour.com\/wp-content\/uploads\/2022\/12\/Vorotavank.jpeg\" href=\"https:\/\/armintour.com\/wp-content\/uploads\/2022\/12\/Vorotavank.jpeg\"><span data-alt=\"\"><\/span><\/a><\/div><div class=\"rsContent\"><a class=\"rsImg\" data-rsw=\"2000\" data-rsh=\"806\" data-rsBigImg=\"https:\/\/armintour.com\/wp-content\/uploads\/2022\/12\/Baghaberd-4.jpg\" href=\"https:\/\/armintour.com\/wp-content\/uploads\/2022\/12\/Baghaberd-4.jpg\"><span data-alt=\"\"><\/span><\/a><\/div><div class=\"rsContent\"><a class=\"rsImg\" data-rsw=\"1600\" data-rsh=\"1200\" data-rsBigImg=\"https:\/\/armintour.com\/wp-content\/uploads\/2022\/12\/61c2ea553437eb746cdd1764.1600x1200.jpeg\" href=\"https:\/\/armintour.com\/wp-content\/uploads\/2022\/12\/61c2ea553437eb746cdd1764.1600x1200.jpeg\"><span data-alt=\"\"><\/span><\/a><\/div><div class=\"rsContent\"><a class=\"rsImg\" data-rsw=\"1800\" data-rsh=\"1200\" data-rsBigImg=\"https:\/\/armintour.com\/wp-content\/uploads\/2022\/12\/khndzoresk-1.jpg\" href=\"https:\/\/armintour.com\/wp-content\/uploads\/2022\/12\/khndzoresk-1.jpg\"><span data-alt=\"\"><\/span><\/a><\/div><div class=\"rsContent\"><a class=\"rsImg\" data-rsw=\"1600\" data-rsh=\"1200\" data-rsBigImg=\"https:\/\/armintour.com\/wp-content\/uploads\/2022\/12\/khndzoresk2.jpg\" href=\"https:\/\/armintour.com\/wp-content\/uploads\/2022\/12\/khndzoresk2.jpg\"><span data-alt=\"\"><\/span><\/a><\/div><div class=\"rsContent\"><a class=\"rsImg\" data-rsw=\"1417\" data-rsh=\"1019\" data-rsBigImg=\"https:\/\/armintour.com\/wp-content\/uploads\/2022\/12\/Kapan.jpg\" href=\"https:\/\/armintour.com\/wp-content\/uploads\/2022\/12\/Kapan.jpg\"><span data-alt=\"\"><\/span><\/a><\/div><div class=\"rsContent\"><a class=\"rsImg\" data-rsw=\"1200\" data-rsh=\"900\" data-rsBigImg=\"https:\/\/armintour.com\/wp-content\/uploads\/2022\/12\/reka-araks.jpg\" href=\"https:\/\/armintour.com\/wp-content\/uploads\/2022\/12\/reka-araks.jpg\"><span data-alt=\"\"><\/span><\/a><\/div><div class=\"rsContent\"><a class=\"rsImg\" data-rsw=\"1446\" data-rsh=\"959\" data-rsBigImg=\"https:\/\/armintour.com\/wp-content\/uploads\/2022\/12\/18061522015413-1.jpg\" href=\"https:\/\/armintour.com\/wp-content\/uploads\/2022\/12\/18061522015413-1.jpg\"><span data-alt=\"\"><\/span><\/a><\/div><div class=\"rsContent\"><a class=\"rsImg\" data-rsw=\"1200\" data-rsh=\"800\" data-rsBigImg=\"https:\/\/armintour.com\/wp-content\/uploads\/2022\/12\/Goris.jpeg\" href=\"https:\/\/armintour.com\/wp-content\/uploads\/2022\/12\/Goris.jpeg\"><span data-alt=\"\"><\/span><\/a><\/div><div class=\"rsContent\"><a class=\"rsImg\" data-rsw=\"1200\" data-rsh=\"800\" data-rsBigImg=\"https:\/\/armintour.com\/wp-content\/uploads\/2022\/12\/Baghaberd.jpg\" href=\"https:\/\/armintour.com\/wp-content\/uploads\/2022\/12\/Baghaberd.jpg\"><span data-alt=\"\"><\/span><\/a><\/div><div class=\"rsContent\"><a class=\"rsImg\" data-rsw=\"1920\" data-rsh=\"1080\" data-rsBigImg=\"https:\/\/armintour.com\/wp-content\/uploads\/2022\/12\/Syunik.jpg\" href=\"https:\/\/armintour.com\/wp-content\/uploads\/2022\/12\/Syunik.jpg\"><span data-alt=\"\"><\/span><\/a><\/div><div class=\"rsContent\"><a class=\"rsImg\" data-rsw=\"1800\" data-rsh=\"1499\" data-rsBigImg=\"https:\/\/armintour.com\/wp-content\/uploads\/2022\/12\/Monastery-compex-of-Tatev.jpg\" href=\"https:\/\/armintour.com\/wp-content\/uploads\/2022\/12\/Monastery-compex-of-Tatev.jpg\"><span data-alt=\"\"><\/span><\/a><\/div><div class=\"rsContent\"><a class=\"rsImg\" data-rsw=\"1200\" data-rsh=\"800\" data-rsBigImg=\"https:\/\/armintour.com\/wp-content\/uploads\/2022\/12\/Karahunj-1.jpeg\" href=\"https:\/\/armintour.com\/wp-content\/uploads\/2022\/12\/Karahunj-1.jpeg\"><span data-alt=\"\"><\/span><\/a><\/div><div class=\"rsContent\"><a class=\"rsImg\" data-rsw=\"2560\" data-rsh=\"1708\" data-rsBigImg=\"https:\/\/armintour.com\/wp-content\/uploads\/2022\/12\/Karahunj-1-scaled.jpg\" href=\"https:\/\/armintour.com\/wp-content\/uploads\/2022\/12\/Karahunj-1-scaled.jpg\"><span data-alt=\"\"><\/span><\/a><\/div><div class=\"rsContent\"><a class=\"rsImg\" data-rsw=\"1524\" data-rsh=\"1022\" data-rsBigImg=\"https:\/\/armintour.com\/wp-content\/uploads\/2022\/12\/The-Zorats-stones.jpg\" href=\"https:\/\/armintour.com\/wp-content\/uploads\/2022\/12\/The-Zorats-stones.jpg\"><span data-alt=\"\"><\/span><\/a><\/div><div class=\"rsContent\"><a class=\"rsImg\" data-rsw=\"2000\" data-rsh=\"1467\" data-rsBigImg=\"https:\/\/armintour.com\/wp-content\/uploads\/2022\/12\/Karahunj-.jpg\" href=\"https:\/\/armintour.com\/wp-content\/uploads\/2022\/12\/Karahunj-.jpg\"><span data-alt=\"\"><\/span><\/a><\/div><\/div><img decoding=\"async\" src=\"https:\/\/armintour.com\/wp-content\/uploads\/2022\/12\/Tatev-tramway.jpeg\" width=\"1200\" height=\"800\" alt loading=\"lazy\"><\/div><div class=\"w-slider-json\" onclick='return {&quot;autoScaleSlider&quot;:true,&quot;addActiveClass&quot;:true,&quot;loop&quot;:true,&quot;fadeInLoadedSlide&quot;:false,&quot;slidesSpacing&quot;:0,&quot;imageScalePadding&quot;:0,&quot;numImagesToPreload&quot;:2,&quot;arrowsNav&quot;:false,&quot;arrowsNavAutoHide&quot;:false,&quot;transitionType&quot;:&quot;move&quot;,&quot;transitionSpeed&quot;:250,&quot;block&quot;:{&quot;moveEffect&quot;:&quot;none&quot;,&quot;speed&quot;:300},&quot;thumbs&quot;:{&quot;fitInViewport&quot;:false,&quot;firstMargin&quot;:false,&quot;spacing&quot;:4},&quot;controlNavigation&quot;:&quot;bullets&quot;,&quot;autoplay&quot;:{&quot;enabled&quot;:true,&quot;pauseOnHover&quot;:false,&quot;delay&quot;:3000},&quot;fullscreen&quot;:{&quot;enabled&quot;:true},&quot;autoScaleSliderWidth&quot;:1200,&quot;autoScaleSliderHeight&quot;:800}'><\/div><\/div><\/div><\/div><\/div><\/div><\/section>\n","protected":false},"excerpt":{"rendered":"Territorium: 4506 km \u00b2 Landwirtschaftliche Fl\u00e4chen: 187.792 ha Ackerland: 46.757 ha Bev\u00f6lkerung: 139,400 Personen (2016) Die Region gilt als s\u00fcdliches Tor Armeniens, umgeben von die Bergkette Sangesur und Meghri und Sjunik Hochl\u00e4nder. Der h\u00f6chste Punkt des Gebiets ist die Gipfel Mez Ischkhanasar (Gro\u00dfer F\u00fcrstenberg) (3552 m.), und der tiefste Punkt liegt im Tal des Araks...","protected":false},"author":1,"featured_media":15443,"parent":0,"menu_order":0,"comment_status":"closed","ping_status":"closed","template":"","meta":{"footnotes":""},"class_list":["post-15539","page","type-page","status-publish","has-post-thumbnail","hentry"],"_links":{"self":[{"href":"https:\/\/armintour.com\/de\/wp-json\/wp\/v2\/pages\/15539","targetHints":{"allow":["GET"]}}],"collection":[{"href":"https:\/\/armintour.com\/de\/wp-json\/wp\/v2\/pages"}],"about":[{"href":"https:\/\/armintour.com\/de\/wp-json\/wp\/v2\/types\/page"}],"author":[{"embeddable":true,"href":"https:\/\/armintour.com\/de\/wp-json\/wp\/v2\/users\/1"}],"replies":[{"embeddable":true,"href":"https:\/\/armintour.com\/de\/wp-json\/wp\/v2\/comments?post=15539"}],"version-history":[{"count":2,"href":"https:\/\/armintour.com\/de\/wp-json\/wp\/v2\/pages\/15539\/revisions"}],"predecessor-version":[{"id":24687,"href":"https:\/\/armintour.com\/de\/wp-json\/wp\/v2\/pages\/15539\/revisions\/24687"}],"wp:featuredmedia":[{"embeddable":true,"href":"https:\/\/armintour.com\/de\/wp-json\/wp\/v2\/media\/15443"}],"wp:attachment":[{"href":"https:\/\/armintour.com\/de\/wp-json\/wp\/v2\/media?parent=15539"}],"curies":[{"name":"wp","href":"https:\/\/api.w.org\/{rel}","templated":true}]}}