{"id":15645,"date":"2022-12-30T00:35:40","date_gmt":"2022-12-29T20:35:40","guid":{"rendered":"https:\/\/intour.lizin.am\/shirak-marz\/"},"modified":"2023-01-22T18:47:49","modified_gmt":"2023-01-22T14:47:49","slug":"shirak-marz","status":"publish","type":"page","link":"https:\/\/armintour.com\/de\/shirak-marz\/","title":{"rendered":"Region Schirak"},"content":{"rendered":"<section class=\"l-section wpb_row height_small\"><div class=\"l-section-h i-cf\"><div class=\"g-cols vc_row via_grid cols_1 laptops-cols_inherit tablets-cols_inherit mobiles-cols_1 valign_top type_default stacking_default\"><div class=\"wpb_column vc_column_container\"><div class=\"vc_column-inner\"><div class=\"wpb_text_column\"><div class=\"wpb_wrapper\"><p><strong>Territorium:<\/strong> 2681 km \u00b2<br \/>\n<strong>Landwirtschaftliche Fl\u00e4chen:<\/strong> 165.737 ha<br \/>\n<strong>Ackerland:<\/strong> 84.530 ha<br \/>\n<strong>Bev\u00f6lkerung:<\/strong> 243,200 Personen (2016)<\/p>\n<\/div><\/div><\/div><\/div><\/div><\/div><\/section><section class=\"l-section wpb_row height_small\"><div class=\"l-section-h i-cf\"><div class=\"g-cols vc_row via_grid cols_1 laptops-cols_inherit tablets-cols_inherit mobiles-cols_1 valign_top type_default stacking_default\"><div class=\"wpb_column vc_column_container\"><div class=\"vc_column-inner\"><div class=\"wpb_text_column\"><div class=\"wpb_wrapper\"><p>Das Gebiet Schirak befindet sich auf dem linken Ufer des Achurian Flusses. Es ist bekannt durch seine fruchtbaren B\u00f6den und k\u00fchles Klima. Das Klima, das im allgemeinen kontinental ist, variert von eisiger K\u00e4lte im Winter bis gl\u00fchend heiss im Sommer. Es befindet sich in einer erdbebengef\u00e4hrdeten Zone (8 bis 9 Grad der Richterskala). Das Gebietszentrum ist die Stadt Gjumri, gelegen auf der H\u00f6he 1550m \u00fcber dem Meeresspiegel. Die Arch\u00e4ologen best\u00e4tigen, dass die Umgebung der Stadt schon vor einer Million Jahre bewohnt war. Die Ausgrabungen, w\u00e4hrend deren Skelette von pr\u00e4historischen Elefanten, Stieren, Kamelen, Pferden gefunden waren, zeugen von dieser Tatsache.<br \/>\nDas Gebiet ist reich an architektonischen Denkm\u00e4lern und historischen Sehensw\u00fcrdigkeiten, die viele Touristen anreizen. Die Stadt Artik ist als Zentrum der Tuffsteinminen bekannt. Armenischer Tuffstein ist durch seine rund 40 Farbt\u00f6nen weltweit bekannt.<br \/>\nNicht weit von Artik befindet sich die Klosteranlage Harichawank, gebaut in 7.-13.Jh.<br \/>\nAuf dem linken Ufer des Flusses Achurjan befindet sich die Klosteranlage Marmaschen, gebaut 988-1029.<br \/>\nDas Erdbeben von Spitak im Jahre 1988 hat viel Leid und Schaden verursacht, aber dank der internationalen Hilfe und dem starken Lebenswillen des armenischen Volkes wurden die Wunden des schrecklichen Erdbebens beseitigt.<\/p>\n<\/div><\/div><\/div><\/div><\/div><\/div><\/section><section class=\"l-section wpb_row height_small\"><div class=\"l-section-h i-cf\"><div class=\"g-cols vc_row via_grid cols_1 laptops-cols_inherit tablets-cols_inherit mobiles-cols_1 valign_top type_default stacking_default\"><div class=\"wpb_column vc_column_container\"><div class=\"vc_column-inner\"><div class=\"w-slider style_none fit_contain nav_dots count_14\"><div class=\"w-slider-h\" aria-hidden=\"true\"><div class=\"royalSlider\"><div class=\"rsContent\"><a class=\"rsImg\" data-rsw=\"2048\" data-rsh=\"1536\" data-rsBigImg=\"https:\/\/armintour.com\/wp-content\/uploads\/2022\/12\/Harichavank.jpg\" href=\"https:\/\/armintour.com\/wp-content\/uploads\/2022\/12\/Harichavank.jpg\"><span data-alt=\"\"><\/span><\/a><\/div><div class=\"rsContent\"><a class=\"rsImg\" data-rsw=\"1920\" data-rsh=\"1087\" data-rsBigImg=\"https:\/\/armintour.com\/wp-content\/uploads\/2022\/12\/Marmashen.jpg\" href=\"https:\/\/armintour.com\/wp-content\/uploads\/2022\/12\/Marmashen.jpg\"><span data-alt=\"\"><\/span><\/a><\/div><div class=\"rsContent\"><a class=\"rsImg\" data-rsw=\"2000\" data-rsh=\"1500\" data-rsBigImg=\"https:\/\/armintour.com\/wp-content\/uploads\/2022\/12\/Marmashen_Monastery_Complex_of_Vahramaberd_21.jpg\" href=\"https:\/\/armintour.com\/wp-content\/uploads\/2022\/12\/Marmashen_Monastery_Complex_of_Vahramaberd_21.jpg\"><span data-alt=\"\"><\/span><\/a><\/div><div class=\"rsContent\"><a class=\"rsImg\" data-rsw=\"2000\" data-rsh=\"1500\" data-rsBigImg=\"https:\/\/armintour.com\/wp-content\/uploads\/2022\/12\/Akhurian_River.jpg\" href=\"https:\/\/armintour.com\/wp-content\/uploads\/2022\/12\/Akhurian_River.jpg\"><span data-alt=\"\"><\/span><\/a><\/div><div class=\"rsContent\"><a class=\"rsImg\" data-rsw=\"1535\" data-rsh=\"961\" data-rsBigImg=\"https:\/\/armintour.com\/wp-content\/uploads\/2022\/12\/The-Spitak.jpg\" href=\"https:\/\/armintour.com\/wp-content\/uploads\/2022\/12\/The-Spitak.jpg\"><span data-alt=\"\"><\/span><\/a><\/div><div class=\"rsContent\"><a class=\"rsImg\" data-rsw=\"1200\" data-rsh=\"800\" data-rsBigImg=\"https:\/\/armintour.com\/wp-content\/uploads\/2022\/12\/Marmashen.jpeg\" href=\"https:\/\/armintour.com\/wp-content\/uploads\/2022\/12\/Marmashen.jpeg\"><span data-alt=\"\"><\/span><\/a><\/div><div class=\"rsContent\"><a class=\"rsImg\" data-rsw=\"1200\" data-rsh=\"800\" data-rsBigImg=\"https:\/\/armintour.com\/wp-content\/uploads\/2022\/12\/Gyumri-8.jpeg\" href=\"https:\/\/armintour.com\/wp-content\/uploads\/2022\/12\/Gyumri-8.jpeg\"><span data-alt=\"\"><\/span><\/a><\/div><div class=\"rsContent\"><a class=\"rsImg\" data-rsw=\"1280\" data-rsh=\"960\" data-rsBigImg=\"https:\/\/armintour.com\/wp-content\/uploads\/2022\/12\/Gyumri-7.jpg\" href=\"https:\/\/armintour.com\/wp-content\/uploads\/2022\/12\/Gyumri-7.jpg\"><span data-alt=\"\"><\/span><\/a><\/div><div class=\"rsContent\"><a class=\"rsImg\" data-rsw=\"2048\" data-rsh=\"1536\" data-rsBigImg=\"https:\/\/armintour.com\/wp-content\/uploads\/2022\/12\/Gyumri-6.jpg\" href=\"https:\/\/armintour.com\/wp-content\/uploads\/2022\/12\/Gyumri-6.jpg\"><span data-alt=\"\"><\/span><\/a><\/div><div class=\"rsContent\"><a class=\"rsImg\" data-rsw=\"1417\" data-rsh=\"1032\" data-rsBigImg=\"https:\/\/armintour.com\/wp-content\/uploads\/2022\/12\/Gyumri-5.jpg\" href=\"https:\/\/armintour.com\/wp-content\/uploads\/2022\/12\/Gyumri-5.jpg\"><span data-alt=\"\"><\/span><\/a><\/div><div class=\"rsContent\"><a class=\"rsImg\" data-rsw=\"1200\" data-rsh=\"795\" data-rsBigImg=\"https:\/\/armintour.com\/wp-content\/uploads\/2022\/12\/Gyumri-4.jpg\" href=\"https:\/\/armintour.com\/wp-content\/uploads\/2022\/12\/Gyumri-4.jpg\"><span data-alt=\"\"><\/span><\/a><\/div><div class=\"rsContent\"><a class=\"rsImg\" data-rsw=\"1500\" data-rsh=\"1000\" data-rsBigImg=\"https:\/\/armintour.com\/wp-content\/uploads\/2022\/12\/Gyumri.jpg\" href=\"https:\/\/armintour.com\/wp-content\/uploads\/2022\/12\/Gyumri.jpg\"><span data-alt=\"\"><\/span><\/a><\/div><div class=\"rsContent\"><a class=\"rsImg\" data-rsw=\"1200\" data-rsh=\"800\" data-rsBigImg=\"https:\/\/armintour.com\/wp-content\/uploads\/2022\/12\/monastery-complex-of-Harichavank.jpeg\" href=\"https:\/\/armintour.com\/wp-content\/uploads\/2022\/12\/monastery-complex-of-Harichavank.jpeg\"><span data-alt=\"\"><\/span><\/a><\/div><div class=\"rsContent\"><a class=\"rsImg\" data-rsw=\"1200\" data-rsh=\"803\" data-rsBigImg=\"https:\/\/armintour.com\/wp-content\/uploads\/2022\/12\/marz-of-Shirak.jpg\" href=\"https:\/\/armintour.com\/wp-content\/uploads\/2022\/12\/marz-of-Shirak.jpg\"><span data-alt=\"\"><\/span><\/a><\/div><\/div><img decoding=\"async\" src=\"https:\/\/armintour.com\/wp-content\/uploads\/2022\/12\/Harichavank.jpg\" width=\"2048\" height=\"1536\" alt loading=\"lazy\"><\/div><div class=\"w-slider-json\" onclick='return {&quot;autoScaleSlider&quot;:true,&quot;addActiveClass&quot;:true,&quot;loop&quot;:true,&quot;fadeInLoadedSlide&quot;:false,&quot;slidesSpacing&quot;:0,&quot;imageScalePadding&quot;:0,&quot;numImagesToPreload&quot;:2,&quot;arrowsNav&quot;:false,&quot;arrowsNavAutoHide&quot;:false,&quot;transitionType&quot;:&quot;move&quot;,&quot;transitionSpeed&quot;:250,&quot;block&quot;:{&quot;moveEffect&quot;:&quot;none&quot;,&quot;speed&quot;:300},&quot;thumbs&quot;:{&quot;fitInViewport&quot;:false,&quot;firstMargin&quot;:false,&quot;spacing&quot;:4},&quot;controlNavigation&quot;:&quot;bullets&quot;,&quot;autoplay&quot;:{&quot;enabled&quot;:true,&quot;pauseOnHover&quot;:false,&quot;delay&quot;:3000},&quot;fullscreen&quot;:{&quot;enabled&quot;:true},&quot;autoScaleSliderWidth&quot;:2048,&quot;autoScaleSliderHeight&quot;:1536}'><\/div><\/div><\/div><\/div><\/div><\/div><\/section>\n","protected":false},"excerpt":{"rendered":"Territorium: 2681 km \u00b2 Landwirtschaftliche Fl\u00e4chen: 165.737 ha Ackerland: 84.530 ha Bev\u00f6lkerung: 243,200 Personen (2016) Das Gebiet Schirak befindet sich auf dem linken Ufer des Achurian Flusses. Es ist bekannt durch seine fruchtbaren B\u00f6den und k\u00fchles Klima. Das Klima, das im allgemeinen kontinental ist, variert von eisiger K\u00e4lte im Winter bis gl\u00fchend heiss im Sommer....","protected":false},"author":1,"featured_media":15557,"parent":0,"menu_order":0,"comment_status":"closed","ping_status":"closed","template":"","meta":{"footnotes":""},"class_list":["post-15645","page","type-page","status-publish","has-post-thumbnail","hentry"],"_links":{"self":[{"href":"https:\/\/armintour.com\/de\/wp-json\/wp\/v2\/pages\/15645","targetHints":{"allow":["GET"]}}],"collection":[{"href":"https:\/\/armintour.com\/de\/wp-json\/wp\/v2\/pages"}],"about":[{"href":"https:\/\/armintour.com\/de\/wp-json\/wp\/v2\/types\/page"}],"author":[{"embeddable":true,"href":"https:\/\/armintour.com\/de\/wp-json\/wp\/v2\/users\/1"}],"replies":[{"embeddable":true,"href":"https:\/\/armintour.com\/de\/wp-json\/wp\/v2\/comments?post=15645"}],"version-history":[{"count":2,"href":"https:\/\/armintour.com\/de\/wp-json\/wp\/v2\/pages\/15645\/revisions"}],"predecessor-version":[{"id":24703,"href":"https:\/\/armintour.com\/de\/wp-json\/wp\/v2\/pages\/15645\/revisions\/24703"}],"wp:featuredmedia":[{"embeddable":true,"href":"https:\/\/armintour.com\/de\/wp-json\/wp\/v2\/media\/15557"}],"wp:attachment":[{"href":"https:\/\/armintour.com\/de\/wp-json\/wp\/v2\/media?parent=15645"}],"curies":[{"name":"wp","href":"https:\/\/api.w.org\/{rel}","templated":true}]}}