{"id":15791,"date":"2022-12-30T02:28:03","date_gmt":"2022-12-29T22:28:03","guid":{"rendered":"https:\/\/intour.lizin.am\/15784-2\/"},"modified":"2026-04-12T15:26:01","modified_gmt":"2026-04-12T11:26:01","slug":"contact-us","status":"publish","type":"page","link":"https:\/\/armintour.com\/de\/contact-us\/","title":{"rendered":"Kontaktiere Uns"},"content":{"rendered":"<section class=\"l-section wpb_row height_small\"><div class=\"l-section-h i-cf\"><div class=\"g-cols vc_row via_grid cols_2 laptops-cols_inherit tablets-cols_inherit mobiles-cols_1 valign_top type_default stacking_default\"><div class=\"wpb_column vc_column_container\"><div class=\"vc_column-inner\"><div id=\"ultimate-heading-957469dd1db285680\" class=\"uvc-heading ult-adjust-bottom-margin ultimate-heading-957469dd1db285680 uvc-2172 \" data-hspacer=\"no_spacer\"  data-halign=\"center\" style=\"text-align:center\"><div class=\"uvc-heading-spacer no_spacer\" style=\"top\"><\/div><div class=\"uvc-main-heading ult-responsive\"  data-ultimate-target='.uvc-heading.ultimate-heading-957469dd1db285680 h3'  data-responsive-json-new='{\"font-size\":\"\",\"line-height\":\"\"}' ><h3 style=\"font-weight:bold;\">Nehmen Sie Kontakt mit uns auf.<\/h3><\/div><div class=\"uvc-sub-heading ult-responsive\"  data-ultimate-target='.uvc-heading.ultimate-heading-957469dd1db285680 .uvc-sub-heading '  data-responsive-json-new='{\"font-size\":\"\",\"line-height\":\"\"}'  style=\"font-style:italic;font-weight:bold;color:#e22414;margin-top:10px;\">\n<h6><\/h6>\n<\/div><\/div><div class=\"wpb_text_column\"><div class=\"wpb_wrapper\"><p>Sie k\u00f6nnen die Mitarbeiter von ARMINTOUR direkt kontaktieren oder Ihre Anfrage in der Form einer ausgef\u00fcllten Formular versenden<\/p>\n<\/div><\/div><div class=\"w-separator size_small\"><\/div><div class=\"g-cols wpb_row via_grid cols_1 laptops-cols_inherit tablets-cols_inherit mobiles-cols_1 valign_top type_default stacking_default\" style=\"--columns-gap:3rem;\"><div class=\"wpb_column vc_column_container\"><div class=\"vc_column-inner\"><div class=\"w-contacts\"><div class=\"w-contacts-list\"><div class=\"w-contacts-item for_address\"><span class=\"w-contacts-item-value\">38 Mashtots Avenue, 42 apt, 0010 Eriwan, Republik Armenien<\/span><\/div><div class=\"w-contacts-item for_phone\"><span class=\"w-contacts-item-value\">(+37410) 582282, 538853, 538823<\/span><\/div><\/div><\/div><\/div><\/div><\/div><\/div><\/div><div class=\"wpb_column vc_column_container\"><div class=\"vc_column-inner\"><form class=\"w-form  us-field-style_1 layout_ver show_message_after_sending for_cform us_form_1\" action=\"https:\/\/armintour.com\/de\/wp-json\/wp\/v2\/pages\/15791\" method=\"post\"><div class=\"w-form-h\"><div class=\"w-form-row for_text\">\r\n\t\t<div class=\"w-form-row-field\">\r\n\t\t\t\t\t\t<input aria-label=\"Name\" type=\"text\" name=\"us_form_1_text_1\" value placeholder=\"Name\"\/>\r\n\t\t\t<\/div>\r\n\t\t<div class=\"w-form-row-state\">Bitte f\u00fcllen Sie dieses Feld aus.<\/div>\r\n<\/div>\r\n<div class=\"w-form-row for_email\">\r\n\t\t<div class=\"w-form-row-field\">\r\n\t\t\t\t\t\t<input aria-label=\"Email\" type=\"email\" name=\"us_form_1_email_1\" value placeholder=\"Email\"\/>\r\n\t\t\t<\/div>\r\n\t\t<div class=\"w-form-row-state\">Bitte gib eine g\u00fcltige E-Mail-Adresse ein.<\/div>\r\n<\/div>\r\n<div class=\"w-form-row for_textarea\">\r\n\t\t<div class=\"w-form-row-field\">\r\n\t\t\t\t\t\t<textarea aria-label=\"Text\" name=\"us_form_1_textarea_1\" placeholder=\"Text\"><\/textarea>\r\n\t\t\t<\/div>\r\n\t\t<div class=\"w-form-row-state\">Bitte f\u00fcllen Sie dieses Feld aus.<\/div>\r\n<\/div>\r\n<input type=\"hidden\" name=\"action\" value=\"us_ajax_cform\" \/>\r\n<input type=\"hidden\" name=\"post_id\" value=\"0\" \/>\r\n<input type=\"hidden\" name=\"form_index\" value=\"1\" \/>\r\n<div class=\"w-form-row for_submit align_none\"><button class=\"w-btn us-btn-style_1\" type=\"submit\" aria-label=\"Einreichen\"><span class=\"g-preloader type_1\"><\/span><span class=\"w-btn-label\">Einreichen<\/span><\/button><\/div><\/div><div class=\"w-form-message\"><\/div><div class=\"w-form-json hidden\" onclick='return {&quot;ajaxurl&quot;:&quot;https:\\\/\\\/armintour.com\\\/wp-admin\\\/admin-ajax.php&quot;,&quot;messages&quot;:{&quot;err_empty&quot;:&quot;Bitte f\\u00fcllen Sie dieses Feld aus.&quot;,&quot;err_size&quot;:&quot;Die Dateigr\\u00f6\\u00dfe darf %s MB nicht \\u00fcberschreiten&quot;,&quot;err_extension&quot;:&quot;Dateityp %s ist nicht zul\\u00e4ssig&quot;,&quot;err_recaptcha_keys&quot;:&quot;reCAPTCHA-Schl\\u00fcssel sind fehlerhaft&quot;}}'><\/div><\/form><\/div><\/div><\/div><\/div><\/section><section class=\"l-section wpb_row height_small\"><div class=\"l-section-h i-cf\"><div class=\"g-cols vc_row via_grid cols_1 laptops-cols_inherit tablets-cols_inherit mobiles-cols_1 valign_top type_default stacking_default\"><div class=\"wpb_column vc_column_container\"><div class=\"vc_column-inner\"><div id=\"ultimate-heading-807569dd1db2871fd\" class=\"uvc-heading ult-adjust-bottom-margin ultimate-heading-807569dd1db2871fd uvc-1059 \" data-hspacer=\"no_spacer\"  data-halign=\"left\" style=\"text-align:left\"><div class=\"uvc-heading-spacer no_spacer\" style=\"top\"><\/div><div class=\"uvc-main-heading ult-responsive\"  data-ultimate-target='.uvc-heading.ultimate-heading-807569dd1db2871fd h3'  data-responsive-json-new='{\"font-size\":\"\",\"line-height\":\"\"}' ><h3 style=\"font-weight:bold;\">Sie k\u00f6nnen sich direkt an ARMINTOUR-Teammitglieder wenden oder einfach Ihre Anfrage senden, indem Sie das Formular ausf\u00fcllen<\/h3><\/div><div class=\"uvc-sub-heading ult-responsive\"  data-ultimate-target='.uvc-heading.ultimate-heading-807569dd1db2871fd .uvc-sub-heading '  data-responsive-json-new='{\"font-size\":\"\",\"line-height\":\"\"}'  style=\"font-style:italic;font-weight:bold;color:#e22414;margin-top:10px;\">\n<h6><\/h6>\n<\/div><\/div><\/div><\/div><\/div><\/div><\/section><section class=\"l-section wpb_row height_small\"><div class=\"l-section-h i-cf\"><div class=\"g-cols vc_row via_grid cols_3 laptops-cols_inherit tablets-cols_inherit mobiles-cols_1 valign_top type_default stacking_default\"><div class=\"wpb_column vc_column_container\"><div class=\"vc_column-inner\"><div class=\"w-person layout_trendy with_socials\" itemscope itemtype=\"https:\/\/schema.org\/Person\"><div class=\"w-person-image\"><img loading=\"lazy\" decoding=\"async\" width=\"1439\" height=\"1098\" src=\"https:\/\/armintour.com\/wp-content\/uploads\/2022\/12\/testimonial-e1488049467378.png\" class=\"attachment-full size-full\" alt=\"\" itemprop=\"image\" srcset=\"https:\/\/armintour.com\/wp-content\/uploads\/2022\/12\/testimonial-e1488049467378.png 1439w, https:\/\/armintour.com\/wp-content\/uploads\/2022\/12\/testimonial-e1488049467378-300x229.png 300w, https:\/\/armintour.com\/wp-content\/uploads\/2022\/12\/testimonial-e1488049467378-1024x781.png 1024w\" sizes=\"auto, (max-width: 1439px) 100vw, 1439px\" \/><\/div><div class=\"w-person-content\"><h4 itemprop=\"name\" class=\"w-person-name\"><span>Mr. Vardges Gevorgyan<\/span><\/h4><div class=\"w-person-role\" itemprop=\"jobTitle\">Gesch\u00e4ftsinhaber:<\/div><\/div><div class=\"w-person-content-alt\"><div class=\"w-person-links\"><div class=\"w-person-links-list\"><a href=\"mailto:management@armintour.com\" class=\"w-person-links-item type_email\" title=\"E-Mail-Adresse\"><i class=\"fas fa-envelope\"><\/i><\/a><\/div><\/div><\/div><\/div><\/div><\/div><div class=\"wpb_column vc_column_container\"><div class=\"vc_column-inner\"><div class=\"w-person layout_trendy with_socials\" itemscope itemtype=\"https:\/\/schema.org\/Person\"><div class=\"w-person-image\"><img loading=\"lazy\" decoding=\"async\" width=\"1439\" height=\"1098\" src=\"https:\/\/armintour.com\/wp-content\/uploads\/2022\/12\/testimonial-e1488049467378.png\" class=\"attachment-full size-full\" alt=\"\" itemprop=\"image\" srcset=\"https:\/\/armintour.com\/wp-content\/uploads\/2022\/12\/testimonial-e1488049467378.png 1439w, https:\/\/armintour.com\/wp-content\/uploads\/2022\/12\/testimonial-e1488049467378-300x229.png 300w, https:\/\/armintour.com\/wp-content\/uploads\/2022\/12\/testimonial-e1488049467378-1024x781.png 1024w\" sizes=\"auto, (max-width: 1439px) 100vw, 1439px\" \/><\/div><div class=\"w-person-content\"><h4 itemprop=\"name\" class=\"w-person-name\"><span>Ms. Lusine Khachatryan<\/span><\/h4><div class=\"w-person-role\" itemprop=\"jobTitle\">Manager des Tourismus und der korporativen Veranstaltungen<\/div><\/div><div class=\"w-person-content-alt\"><div class=\"w-person-links\"><div class=\"w-person-links-list\"><a href=\"mailto:events@armintour.com\" class=\"w-person-links-item type_email\" title=\"E-Mail-Adresse\"><i class=\"fas fa-envelope\"><\/i><\/a><a href=\"http:\/\/tourism-jp@armintour.com\" class=\"w-person-links-item type_facebook\" title=\"Facebook\" target=\"_blank\" rel=\"nofollow\"><i class=\"fab fa-facebook\"><\/i><\/a><a href=\"http:\/\/tourism@armintour.com\" class=\"w-person-links-item type_twitter\" title=\"X\" target=\"_blank\" rel=\"nofollow\"><i class=\"fab fa-x-twitter\"><svg style=\"width:1em; margin-bottom:-.1em;\" xmlns=\"http:\/\/www.w3.org\/2000\/svg\" viewBox=\"0 0 512 512\" role=\"presentation\"><path fill=\"currentColor\" d=\"M389.2 48h70.6L305.6 224.2 487 464H345L233.7 318.6 106.5 464H35.8L200.7 275.5 26.8 48H172.4L272.9 180.9 389.2 48zM364.4 421.8h39.1L151.1 88h-42L364.4 421.8z\"\/><\/svg><\/i><\/a><\/div><\/div><\/div><\/div><\/div><\/div><div class=\"wpb_column vc_column_container\"><div class=\"vc_column-inner\"><div class=\"w-person layout_trendy with_socials\" itemscope itemtype=\"https:\/\/schema.org\/Person\"><div class=\"w-person-image\"><img loading=\"lazy\" decoding=\"async\" width=\"1439\" height=\"1098\" src=\"https:\/\/armintour.com\/wp-content\/uploads\/2022\/12\/testimonial-e1488049467378.png\" class=\"attachment-full size-full\" alt=\"\" itemprop=\"image\" srcset=\"https:\/\/armintour.com\/wp-content\/uploads\/2022\/12\/testimonial-e1488049467378.png 1439w, https:\/\/armintour.com\/wp-content\/uploads\/2022\/12\/testimonial-e1488049467378-300x229.png 300w, https:\/\/armintour.com\/wp-content\/uploads\/2022\/12\/testimonial-e1488049467378-1024x781.png 1024w\" sizes=\"auto, (max-width: 1439px) 100vw, 1439px\" \/><\/div><div class=\"w-person-content\"><h4 itemprop=\"name\" class=\"w-person-name\"><span>Ms. Ani Gharibyan<\/span><\/h4><div class=\"w-person-role\" itemprop=\"jobTitle\">Produkt \u2013 und Verkaufsmanager des deutschsprachigen Marktes<\/div><\/div><div class=\"w-person-content-alt\"><div class=\"w-person-links\"><div class=\"w-person-links-list\"><a href=\"mailto:tourism-de@armintour.com\" class=\"w-person-links-item type_email\" title=\"E-Mail-Adresse\"><i class=\"fas fa-envelope\"><\/i><\/a><\/div><\/div><\/div><\/div><\/div><\/div><\/div><\/div><\/section><section class=\"l-section wpb_row height_auto\"><div class=\"l-section-h i-cf\"><div class=\"g-cols vc_row via_grid cols_3 laptops-cols_inherit tablets-cols_inherit mobiles-cols_1 valign_top type_default stacking_default\"><div class=\"wpb_column vc_column_container\"><div class=\"vc_column-inner\"><div class=\"w-person layout_trendy with_socials\" itemscope itemtype=\"https:\/\/schema.org\/Person\"><div class=\"w-person-image\"><img loading=\"lazy\" decoding=\"async\" width=\"1439\" height=\"1098\" src=\"https:\/\/armintour.com\/wp-content\/uploads\/2022\/12\/testimonial-e1488049467378.png\" class=\"attachment-full size-full\" alt=\"\" itemprop=\"image\" srcset=\"https:\/\/armintour.com\/wp-content\/uploads\/2022\/12\/testimonial-e1488049467378.png 1439w, https:\/\/armintour.com\/wp-content\/uploads\/2022\/12\/testimonial-e1488049467378-300x229.png 300w, https:\/\/armintour.com\/wp-content\/uploads\/2022\/12\/testimonial-e1488049467378-1024x781.png 1024w\" sizes=\"auto, (max-width: 1439px) 100vw, 1439px\" \/><\/div><div class=\"w-person-content\"><h4 itemprop=\"name\" class=\"w-person-name\"><span>Ms. Anna Hovhannisyan<\/span><\/h4><div class=\"w-person-role\" itemprop=\"jobTitle\">Produkt \u2013 und Verkaufsmanager des russisch \u2013 und englischsprachigen Marktes<\/div><\/div><div class=\"w-person-content-alt\"><div class=\"w-person-links\"><div class=\"w-person-links-list\"><a href=\"mailto:tourism-kr@armintour.com\" class=\"w-person-links-item type_email\" title=\"E-Mail-Adresse\"><i class=\"fas fa-envelope\"><\/i><\/a><a href=\"http:\/\/tourism-eu@armintour.com\" class=\"w-person-links-item type_facebook\" title=\"Facebook\" target=\"_blank\" rel=\"nofollow\"><i class=\"fab fa-facebook\"><\/i><\/a><\/div><\/div><\/div><\/div><\/div><\/div><div class=\"wpb_column vc_column_container\"><div class=\"vc_column-inner\"><div class=\"w-person layout_trendy with_socials\" itemscope itemtype=\"https:\/\/schema.org\/Person\"><div class=\"w-person-image\"><img loading=\"lazy\" decoding=\"async\" width=\"1439\" height=\"1098\" src=\"https:\/\/armintour.com\/wp-content\/uploads\/2022\/12\/testimonial-e1488049467378.png\" class=\"attachment-full size-full\" alt=\"\" itemprop=\"image\" srcset=\"https:\/\/armintour.com\/wp-content\/uploads\/2022\/12\/testimonial-e1488049467378.png 1439w, https:\/\/armintour.com\/wp-content\/uploads\/2022\/12\/testimonial-e1488049467378-300x229.png 300w, https:\/\/armintour.com\/wp-content\/uploads\/2022\/12\/testimonial-e1488049467378-1024x781.png 1024w\" sizes=\"auto, (max-width: 1439px) 100vw, 1439px\" \/><\/div><div class=\"w-person-content\"><div class=\"w-person-role\" itemprop=\"jobTitle\">Reservierungsabteilun<\/div><\/div><div class=\"w-person-content-alt\"><div class=\"w-person-links\"><div class=\"w-person-links-list\"><a href=\"mailto:reservation@armintour.com\" class=\"w-person-links-item type_email\" title=\"E-Mail-Adresse\"><i class=\"fas fa-envelope\"><\/i><\/a><\/div><\/div><\/div><\/div><\/div><\/div><div class=\"wpb_column vc_column_container\"><div class=\"vc_column-inner\"><\/div><\/div><\/div><\/div><\/section><section class=\"l-section wpb_row height_auto width_full\"><div class=\"l-section-h i-cf\"><div class=\"g-cols vc_row via_grid cols_1 laptops-cols_inherit tablets-cols_inherit mobiles-cols_1 valign_top type_default stacking_default\"><div class=\"wpb_column vc_column_container stretched\"><div class=\"vc_column-inner\"><div class=\"wpb_text_column\"><div class=\"wpb_wrapper\"><p><iframe loading=\"lazy\" style=\"border: 0;\" src=\"https:\/\/www.google.com\/maps\/embed?pb=!1m18!1m12!1m3!1d3048.1313695882122!2d44.509415815177114!3d40.18388977939279!2m3!1f0!2f0!3f0!3m2!1i1024!2i768!4f13.1!3m3!1m2!1s0x406abce2c8c4fe35%3A0xa903d88e9b7cb1a4!2zMzggTWVzcm9wIE1hc2h0b2MgcG9raG90YSwgWWVyZXZhbiAwMDAyLCDQkNGA0LzQtdC90LjRjw!5e0!3m2!1sru!2sge!4v1672352601526!5m2!1sru!2sge\" width=\"100%\" height=\"450\" allowfullscreen=\"allowfullscreen\"><\/iframe><\/p>\n<\/div><\/div><\/div><\/div><\/div><\/div><\/section>\n","protected":false},"excerpt":{"rendered":"Nehmen Sie Kontakt mit uns auf. Sie k\u00f6nnen die Mitarbeiter von ARMINTOUR direkt kontaktieren oder Ihre Anfrage in der Form einer ausgef\u00fcllten Formular versenden 38 Mashtots Avenue, 42 apt, 0010 Eriwan, Republik Armenien(+37410) 582282, 538853, 538823 Bitte f\u00fcllen Sie dieses Feld aus. Bitte gib eine g\u00fcltige E-Mail-Adresse ein. Bitte f\u00fcllen Sie dieses Feld aus. EinreichenSie...","protected":false},"author":1,"featured_media":15344,"parent":0,"menu_order":0,"comment_status":"closed","ping_status":"closed","template":"","meta":{"footnotes":""},"class_list":["post-15791","page","type-page","status-publish","has-post-thumbnail","hentry"],"_links":{"self":[{"href":"https:\/\/armintour.com\/de\/wp-json\/wp\/v2\/pages\/15791","targetHints":{"allow":["GET"]}}],"collection":[{"href":"https:\/\/armintour.com\/de\/wp-json\/wp\/v2\/pages"}],"about":[{"href":"https:\/\/armintour.com\/de\/wp-json\/wp\/v2\/types\/page"}],"author":[{"embeddable":true,"href":"https:\/\/armintour.com\/de\/wp-json\/wp\/v2\/users\/1"}],"replies":[{"embeddable":true,"href":"https:\/\/armintour.com\/de\/wp-json\/wp\/v2\/comments?post=15791"}],"version-history":[{"count":5,"href":"https:\/\/armintour.com\/de\/wp-json\/wp\/v2\/pages\/15791\/revisions"}],"predecessor-version":[{"id":25522,"href":"https:\/\/armintour.com\/de\/wp-json\/wp\/v2\/pages\/15791\/revisions\/25522"}],"wp:featuredmedia":[{"embeddable":true,"href":"https:\/\/armintour.com\/de\/wp-json\/wp\/v2\/media\/15344"}],"wp:attachment":[{"href":"https:\/\/armintour.com\/de\/wp-json\/wp\/v2\/media?parent=15791"}],"curies":[{"name":"wp","href":"https:\/\/api.w.org\/{rel}","templated":true}]}}