{"id":15814,"date":"2022-12-30T02:13:20","date_gmt":"2022-12-29T22:13:20","guid":{"rendered":"https:\/\/intour.lizin.am\/mice\/"},"modified":"2023-01-22T21:52:19","modified_gmt":"2023-01-22T17:52:19","slug":"mice","status":"publish","type":"page","link":"https:\/\/armintour.com\/de\/mice\/","title":{"rendered":"MICE"},"content":{"rendered":"<section class=\"l-section wpb_row height_small\"><div class=\"l-section-h i-cf\"><div class=\"g-cols vc_row via_grid cols_1 laptops-cols_inherit tablets-cols_inherit mobiles-cols_1 valign_top type_default stacking_default\"><div class=\"wpb_column vc_column_container\"><div class=\"vc_column-inner\"><div class=\"wpb_text_column\"><div class=\"wpb_wrapper\"><p>ARMINTOUR ist nicht nur ein f\u00fchrender Reiseveranstalter in Armenien sondern auch ein Profi in den Fragen der Organisation verschiedener Ma\u00dfnahmen und Veranstaltungen \/ MICE, seien es Sport-, Bildungs-, Kulturveranstaltungen, oder auch Seminare, Konferenzen und korporative Treffen sowohl f\u00fcr den Innenmarkt als auch f\u00fcr den ausl\u00e4ndischen.<\/p>\n<p>Falls Sie planen, ein Gesch\u00e4fts- oder auch eine private Veranstaltung in Armenien durchzuf\u00fchren, kann ARMINTOUR Ihnen in Folgendem behilflich sein:<\/p>\n<ol>\n<li>Organisation Ihrer Veranstaltung<\/li>\n<li>Die Wahl des richtigen Ortes f\u00fcr Ihre Veranstaltung<\/li>\n<li>Buchung der Unterkunft f\u00fcr Ihre G\u00e4ste<\/li>\n<li>Logistik Ihrer Veranstaltung:\n<ul>\n<li>Gestaltung und Druck von Stoffen<\/li>\n<li>Bereitstellung der n\u00f6tigen Ausr\u00fc<\/li>\n<li>Transport<\/li>\n<li>\u00dcbersetzerdienste oder Hilfskraft w\u00e4hrend der Veranstaltung<\/li>\n<\/ul>\n<\/li>\n<li>Organisation der Kulturreisen f\u00fcr Ihre G\u00e4ste<\/li>\n<li>Organisation von Picknicks, Empf\u00e4nge, Bankette, Gesch\u00e4ftsessen, private Feiern, usw.<\/li>\n<\/ol>\n<p>Viele lokale und ausl\u00e4ndische Unternehmen vertrauen die Organisation ihrer Ma\u00dfnahmen ARMINTOUR. Zu den von ARMINTOUR organisierten Veranstaltungen der letzten Jahren z\u00e4hlen:<\/p>\n<ul>\n<li><a href=\"https:\/\/intour.lizin.am\/de\/mice\/100-best-managers-of-omk\/\">\u201c100 beste Verwalter von VMU\u201d \u2013 korporative Veranstaltung \u2013 Oktober 2012<\/a><\/li>\n<li>J\u00e4hrliche korporative Sammlung der VTB Bank (Russland) \u2013 April 2012<\/li>\n<li>Der zweite internationale medizinische Kongress von Armenien \u2013 Juli 2011<\/li>\n<li>Staatliche Kommission f\u00fcr den Schutz des wirtschaftlichen Wettbewerbs der RA \u2013 Oktober 2009<\/li>\n<li><a href=\"https:\/\/intour.lizin.am\/mice\/keiko-koma-and-idaki-shin-live-concert\/\">Live-Konzert von Keiko Koma und Idaki Schin auf dem Republikplatz in Jerewan \u2013 Oktober 2008<\/a><\/li>\n<li>Die Europ\u00e4ische Zivilluftfahrt-Konferenz in Armenien \u2013 August 2008<\/li>\n<li>J\u00e4hrliche Konferenz der Anelik Bank \u2013 September 2007<\/li>\n<\/ul>\n<\/div><\/div><\/div><\/div><\/div><\/div><\/section>\n","protected":false},"excerpt":{"rendered":"ARMINTOUR ist nicht nur ein f\u00fchrender Reiseveranstalter in Armenien sondern auch ein Profi in den Fragen der Organisation verschiedener Ma\u00dfnahmen und Veranstaltungen \/ MICE, seien es Sport-, Bildungs-, Kulturveranstaltungen, oder auch Seminare, Konferenzen und korporative Treffen sowohl f\u00fcr den Innenmarkt als auch f\u00fcr den ausl\u00e4ndischen. Falls Sie planen, ein Gesch\u00e4fts- oder auch eine private Veranstaltung...","protected":false},"author":1,"featured_media":15776,"parent":0,"menu_order":0,"comment_status":"closed","ping_status":"closed","template":"","meta":{"footnotes":""},"class_list":["post-15814","page","type-page","status-publish","has-post-thumbnail","hentry"],"_links":{"self":[{"href":"https:\/\/armintour.com\/de\/wp-json\/wp\/v2\/pages\/15814","targetHints":{"allow":["GET"]}}],"collection":[{"href":"https:\/\/armintour.com\/de\/wp-json\/wp\/v2\/pages"}],"about":[{"href":"https:\/\/armintour.com\/de\/wp-json\/wp\/v2\/types\/page"}],"author":[{"embeddable":true,"href":"https:\/\/armintour.com\/de\/wp-json\/wp\/v2\/users\/1"}],"replies":[{"embeddable":true,"href":"https:\/\/armintour.com\/de\/wp-json\/wp\/v2\/comments?post=15814"}],"version-history":[{"count":3,"href":"https:\/\/armintour.com\/de\/wp-json\/wp\/v2\/pages\/15814\/revisions"}],"predecessor-version":[{"id":24795,"href":"https:\/\/armintour.com\/de\/wp-json\/wp\/v2\/pages\/15814\/revisions\/24795"}],"wp:featuredmedia":[{"embeddable":true,"href":"https:\/\/armintour.com\/de\/wp-json\/wp\/v2\/media\/15776"}],"wp:attachment":[{"href":"https:\/\/armintour.com\/de\/wp-json\/wp\/v2\/media?parent=15814"}],"curies":[{"name":"wp","href":"https:\/\/api.w.org\/{rel}","templated":true}]}}