{"id":15821,"date":"2022-12-30T01:52:22","date_gmt":"2022-12-29T21:52:22","guid":{"rendered":"https:\/\/intour.lizin.am\/about-us\/"},"modified":"2026-04-12T16:57:48","modified_gmt":"2026-04-12T12:57:48","slug":"about-us","status":"publish","type":"page","link":"https:\/\/armintour.com\/de\/about-us\/","title":{"rendered":"\u00dcber Uns"},"content":{"rendered":"<section class=\"l-section wpb_row height_small\"><div class=\"l-section-h i-cf\"><div class=\"g-cols vc_row via_grid cols_1 laptops-cols_inherit tablets-cols_inherit mobiles-cols_1 valign_top type_default stacking_default\"><div class=\"wpb_column vc_column_container\"><div class=\"vc_column-inner\"><div class=\"wpb_text_column\"><div class=\"wpb_wrapper\"><p>ARMINTOUR (offiziel INTOUR CJSC) \u2013 ist ein armenischer Reiseveranstalter, der langj\u00e4hrige Erfahrung auf dem Gebiet des Tourismus und professionelle Mitarbeiter hat, was ihm erm\u00f6glicht, qualitativ hochwertige Dienstleistungen seinen Kunden, seien es nur Reisende oder auch Gesch\u00e4ftsreisende, anzubieten.<br \/>\nDas Unternehmen organisiert unter anderem Freizeittourismus f\u00fcr FIT und Gruppen, unter besonderer Betonung der F\u00f6rderprogramme, Konferenzen und Gesch\u00e4ftstreffen. ARMINTOUR ist ein erfahrener Veranstalter von Seminaren, Sportveranstaltungen und versorgt die Teilnehmer mit logistischer Unterst\u00fctzung, die sie ben\u00f6tigen.<br \/>\nARMINTOUR empf\u00e4ngt Reisende aus \u00fcber 30 L\u00e4ndern der Welt und hat viele Partner weltweit.<br \/>\nZur Zeit arbeitet ARMINTOUR mit ca. 50 gro\u00dfen Reiseveranstaltern in Europa, Kanada, S\u00fcdamerika, dem Nahen Osten, Japan und Australien.<\/p>\n<\/div><\/div><\/div><\/div><\/div><\/div><\/section><section class=\"l-section wpb_row height_small\"><div class=\"l-section-h i-cf\"><div class=\"g-cols vc_row via_grid cols_3 laptops-cols_inherit tablets-cols_inherit mobiles-cols_1 valign_top type_default stacking_default\"><div class=\"wpb_column vc_column_container\"><div class=\"vc_column-inner\"><div class=\"w-iconbox iconpos_top style_default color_primary align_center\"><div class=\"w-iconbox-icon\" style=\"font-size:2rem;\"><i class=\"fas fa-history\"><\/i><\/div><div class=\"w-iconbox-meta\"><h4 class=\"w-iconbox-title\">Historische, kulturelle und Studienreisen f\u00fcr Gruppen und Einzelreisende:<\/h4><div class=\"w-iconbox-text\"><ul>\n<li style=\"text-align: left;\">Transfer vom\/bis Flughafen<\/li>\n<li style=\"text-align: left;\">Hotelbuchungen<\/li>\n<li style=\"text-align: left;\">Tagesfahrten<\/li>\n<li style=\"text-align: left;\">Leistungen der lokalen Reisef\u00fchrer (auf Deutsch, Englisch, Russisch, Franz\u00f6sisch, Portugiesisch, Spanisch, Japanisch usw.)<\/li>\n<li style=\"text-align: left;\">Verpflegung<\/li>\n<li style=\"text-align: left;\">Buchung und Lieferung der Eintrittskarten f\u00fcr Kulturma\u00dfnahmen<\/li>\n<\/ul>\n<\/div><\/div><\/div><\/div><\/div><div class=\"wpb_column vc_column_container\"><div class=\"vc_column-inner\"><div class=\"w-iconbox iconpos_top style_default color_primary align_center no_text\"><div class=\"w-iconbox-icon\" style=\"font-size:2rem;\"><i class=\"fas fa-car\"><\/i><\/div><div class=\"w-iconbox-meta\"><h4 class=\"w-iconbox-title\">Mietwagen<\/h4><\/div><\/div><\/div><\/div><div class=\"wpb_column vc_column_container\"><div class=\"vc_column-inner\"><div class=\"w-iconbox iconpos_top style_default color_primary align_center no_text\"><div class=\"w-iconbox-icon\" style=\"font-size:2rem;\"><i class=\"fas fa-fas fa-stamp\"><\/i><\/div><div class=\"w-iconbox-meta\"><h4 class=\"w-iconbox-title\">Visa Unterst\u00fctzung<\/h4><\/div><\/div><\/div><\/div><\/div><\/div><\/section><section class=\"l-section wpb_row height_auto\"><div class=\"l-section-h i-cf\"><div class=\"g-cols vc_row via_grid cols_3 laptops-cols_inherit tablets-cols_inherit mobiles-cols_1 valign_top type_default stacking_default\"><div class=\"wpb_column vc_column_container\"><div class=\"vc_column-inner\"><div class=\"w-iconbox iconpos_top style_default color_primary align_center no_text\"><div class=\"w-iconbox-icon\" style=\"font-size:2rem;\"><i class=\"fas fa-fas fa-concierge-bell\"><\/i><\/div><div class=\"w-iconbox-meta\"><h4 class=\"w-iconbox-title\">Buchung der Hotels in und au\u00dferhalb von Jerewan<\/h4><\/div><\/div><\/div><\/div><div class=\"wpb_column vc_column_container\"><div class=\"vc_column-inner\"><div class=\"w-iconbox iconpos_top style_default color_primary align_center no_text\"><div class=\"w-iconbox-icon\" style=\"font-size:2rem;\"><i class=\"fas fa-fas fa-suitcase-rolling\"><\/i><\/div><div class=\"w-iconbox-meta\"><h4 class=\"w-iconbox-title\">Buchung und Lieferung der Flug- und Bahntickets<\/h4><\/div><\/div><\/div><\/div><div class=\"wpb_column vc_column_container\"><div class=\"vc_column-inner\"><div class=\"w-iconbox iconpos_top style_default color_primary align_center\"><div class=\"w-iconbox-icon\" style=\"font-size:2rem;\"><i class=\"fas fa-fas fa-podium\"><\/i><\/div><div class=\"w-iconbox-meta\"><h4 class=\"w-iconbox-title\">Organisation verschiedener Ma\u00dfnahmen<\/h4><div class=\"w-iconbox-text\"><ul>\n<li style=\"text-align: left;\">Organisation der Konferenzen<\/li>\n<li style=\"text-align: left;\">Bestellung der Konferenzr\u00e4ume mit notwendiger technischer Ausr\u00fcstung<\/li>\n<li style=\"text-align: left;\">\u00dcbersetzerdienste<\/li>\n<li style=\"text-align: left;\">\u00dcbersetzungsausr\u00fcstung<\/li>\n<li style=\"text-align: left;\">Korporative Ma\u00dfnahmen und Treffen<\/li>\n<li style=\"text-align: left;\">Teambuilding<\/li>\n<\/ul>\n<\/div><\/div><\/div><\/div><\/div><\/div><\/div><\/section><section class=\"l-section wpb_row height_small\"><div class=\"l-section-h i-cf\"><div class=\"g-cols vc_row via_grid cols_3 laptops-cols_inherit tablets-cols_inherit mobiles-cols_1 valign_top type_default stacking_default\"><div class=\"wpb_column vc_column_container\"><div class=\"vc_column-inner\"><div class=\"w-person layout_trendy with_socials\" itemscope itemtype=\"https:\/\/schema.org\/Person\"><div class=\"w-person-image\"><img loading=\"lazy\" decoding=\"async\" width=\"1439\" height=\"1098\" src=\"https:\/\/armintour.com\/wp-content\/uploads\/2022\/12\/testimonial-e1488049467378.png\" class=\"attachment-full size-full\" alt=\"\" itemprop=\"image\" srcset=\"https:\/\/armintour.com\/wp-content\/uploads\/2022\/12\/testimonial-e1488049467378.png 1439w, https:\/\/armintour.com\/wp-content\/uploads\/2022\/12\/testimonial-e1488049467378-300x229.png 300w, https:\/\/armintour.com\/wp-content\/uploads\/2022\/12\/testimonial-e1488049467378-1024x781.png 1024w\" sizes=\"auto, (max-width: 1439px) 100vw, 1439px\" \/><\/div><div class=\"w-person-content\"><h4 itemprop=\"name\" class=\"w-person-name\"><span>Mr. Vardges Gevorgyan<\/span><\/h4><div class=\"w-person-role\" itemprop=\"jobTitle\">Gesch\u00e4ftsinhaber:<\/div><\/div><div class=\"w-person-content-alt\"><div class=\"w-person-links\"><div class=\"w-person-links-list\"><a href=\"mailto:management@armintour.com\" class=\"w-person-links-item type_email\" title=\"E-Mail-Adresse\"><i class=\"fas fa-envelope\"><\/i><\/a><\/div><\/div><\/div><\/div><\/div><\/div><div class=\"wpb_column vc_column_container\"><div class=\"vc_column-inner\"><div class=\"w-person layout_trendy with_socials\" itemscope itemtype=\"https:\/\/schema.org\/Person\"><div class=\"w-person-image\"><img loading=\"lazy\" decoding=\"async\" width=\"1439\" height=\"1098\" src=\"https:\/\/armintour.com\/wp-content\/uploads\/2022\/12\/testimonial-e1488049467378.png\" class=\"attachment-full size-full\" alt=\"\" itemprop=\"image\" srcset=\"https:\/\/armintour.com\/wp-content\/uploads\/2022\/12\/testimonial-e1488049467378.png 1439w, https:\/\/armintour.com\/wp-content\/uploads\/2022\/12\/testimonial-e1488049467378-300x229.png 300w, https:\/\/armintour.com\/wp-content\/uploads\/2022\/12\/testimonial-e1488049467378-1024x781.png 1024w\" sizes=\"auto, (max-width: 1439px) 100vw, 1439px\" \/><\/div><div class=\"w-person-content\"><h4 itemprop=\"name\" class=\"w-person-name\"><span>Ms. Lusine Khachatryan<\/span><\/h4><div class=\"w-person-role\" itemprop=\"jobTitle\">Manager des Tourismus und der korporativen Veranstaltungen<\/div><\/div><div class=\"w-person-content-alt\"><div class=\"w-person-links\"><div class=\"w-person-links-list\"><a href=\"mailto:events@armintour.com\" class=\"w-person-links-item type_email\" title=\"E-Mail-Adresse\"><i class=\"fas fa-envelope\"><\/i><\/a><a href=\"http:\/\/tourism-jp@armintour.com\" class=\"w-person-links-item type_facebook\" title=\"Facebook\" target=\"_blank\" rel=\"nofollow\"><i class=\"fab fa-facebook\"><\/i><\/a><a href=\"http:\/\/tourism@armintour.com\" class=\"w-person-links-item type_twitter\" title=\"X\" target=\"_blank\" rel=\"nofollow\"><i class=\"fab fa-x-twitter\"><svg style=\"width:1em; margin-bottom:-.1em;\" xmlns=\"http:\/\/www.w3.org\/2000\/svg\" viewBox=\"0 0 512 512\" role=\"presentation\"><path fill=\"currentColor\" d=\"M389.2 48h70.6L305.6 224.2 487 464H345L233.7 318.6 106.5 464H35.8L200.7 275.5 26.8 48H172.4L272.9 180.9 389.2 48zM364.4 421.8h39.1L151.1 88h-42L364.4 421.8z\"\/><\/svg><\/i><\/a><\/div><\/div><\/div><\/div><\/div><\/div><div class=\"wpb_column vc_column_container\"><div class=\"vc_column-inner\"><div class=\"w-person layout_trendy with_socials\" itemscope itemtype=\"https:\/\/schema.org\/Person\"><div class=\"w-person-image\"><img loading=\"lazy\" decoding=\"async\" width=\"1439\" height=\"1098\" src=\"https:\/\/armintour.com\/wp-content\/uploads\/2022\/12\/testimonial-e1488049467378.png\" class=\"attachment-full size-full\" alt=\"\" itemprop=\"image\" srcset=\"https:\/\/armintour.com\/wp-content\/uploads\/2022\/12\/testimonial-e1488049467378.png 1439w, https:\/\/armintour.com\/wp-content\/uploads\/2022\/12\/testimonial-e1488049467378-300x229.png 300w, https:\/\/armintour.com\/wp-content\/uploads\/2022\/12\/testimonial-e1488049467378-1024x781.png 1024w\" sizes=\"auto, (max-width: 1439px) 100vw, 1439px\" \/><\/div><div class=\"w-person-content\"><h4 itemprop=\"name\" class=\"w-person-name\"><span>Ms. Ani Gharibyan<\/span><\/h4><div class=\"w-person-role\" itemprop=\"jobTitle\">Produkt \u2013 und Verkaufsmanager des deutschsprachigen Marktes<\/div><\/div><div class=\"w-person-content-alt\"><div class=\"w-person-links\"><div class=\"w-person-links-list\"><a href=\"mailto:tourism-de@armintour.com\" class=\"w-person-links-item type_email\" title=\"E-Mail-Adresse\"><i class=\"fas fa-envelope\"><\/i><\/a><\/div><\/div><\/div><\/div><\/div><\/div><\/div><\/div><\/section><section class=\"l-section wpb_row height_auto\"><div class=\"l-section-h i-cf\"><div class=\"g-cols vc_row via_grid cols_3 laptops-cols_inherit tablets-cols_inherit mobiles-cols_1 valign_top type_default stacking_default\"><div class=\"wpb_column vc_column_container\"><div class=\"vc_column-inner\"><div class=\"w-person layout_trendy with_socials\" itemscope itemtype=\"https:\/\/schema.org\/Person\"><div class=\"w-person-image\"><img loading=\"lazy\" decoding=\"async\" width=\"1439\" height=\"1098\" src=\"https:\/\/armintour.com\/wp-content\/uploads\/2022\/12\/testimonial-e1488049467378.png\" class=\"attachment-full size-full\" alt=\"\" itemprop=\"image\" srcset=\"https:\/\/armintour.com\/wp-content\/uploads\/2022\/12\/testimonial-e1488049467378.png 1439w, https:\/\/armintour.com\/wp-content\/uploads\/2022\/12\/testimonial-e1488049467378-300x229.png 300w, https:\/\/armintour.com\/wp-content\/uploads\/2022\/12\/testimonial-e1488049467378-1024x781.png 1024w\" sizes=\"auto, (max-width: 1439px) 100vw, 1439px\" \/><\/div><div class=\"w-person-content\"><h4 itemprop=\"name\" class=\"w-person-name\"><span>Ms. Anna Hovhannisyan<\/span><\/h4><div class=\"w-person-role\" itemprop=\"jobTitle\">Produkt \u2013 und Verkaufsmanager des russisch \u2013 und englischsprachigen Marktes<\/div><\/div><div class=\"w-person-content-alt\"><div class=\"w-person-links\"><div class=\"w-person-links-list\"><a href=\"mailto:tourism-en@armintour.com\" class=\"w-person-links-item type_email\" title=\"E-Mail-Adresse\"><i class=\"fas fa-envelope\"><\/i><\/a><a href=\"http:\/\/tourism-eu@armintour.com\" class=\"w-person-links-item type_facebook\" title=\"Facebook\" target=\"_blank\" rel=\"nofollow\"><i class=\"fab fa-facebook\"><\/i><\/a><\/div><\/div><\/div><\/div><\/div><\/div><div class=\"wpb_column vc_column_container\"><div class=\"vc_column-inner\"><\/div><\/div><div class=\"wpb_column vc_column_container\"><div class=\"vc_column-inner\"><\/div><\/div><\/div><\/div><\/section>\n","protected":false},"excerpt":{"rendered":"ARMINTOUR (offiziel INTOUR CJSC) \u2013 ist ein armenischer Reiseveranstalter, der langj\u00e4hrige Erfahrung auf dem Gebiet des Tourismus und professionelle Mitarbeiter hat, was ihm erm\u00f6glicht, qualitativ hochwertige Dienstleistungen seinen Kunden, seien es nur Reisende oder auch Gesch\u00e4ftsreisende, anzubieten. Das Unternehmen organisiert unter anderem Freizeittourismus f\u00fcr FIT und Gruppen, unter besonderer Betonung der F\u00f6rderprogramme, Konferenzen und Gesch\u00e4ftstreffen....","protected":false},"author":1,"featured_media":15741,"parent":0,"menu_order":1,"comment_status":"closed","ping_status":"closed","template":"","meta":{"footnotes":""},"class_list":["post-15821","page","type-page","status-publish","has-post-thumbnail","hentry"],"_links":{"self":[{"href":"https:\/\/armintour.com\/de\/wp-json\/wp\/v2\/pages\/15821","targetHints":{"allow":["GET"]}}],"collection":[{"href":"https:\/\/armintour.com\/de\/wp-json\/wp\/v2\/pages"}],"about":[{"href":"https:\/\/armintour.com\/de\/wp-json\/wp\/v2\/types\/page"}],"author":[{"embeddable":true,"href":"https:\/\/armintour.com\/de\/wp-json\/wp\/v2\/users\/1"}],"replies":[{"embeddable":true,"href":"https:\/\/armintour.com\/de\/wp-json\/wp\/v2\/comments?post=15821"}],"version-history":[{"count":3,"href":"https:\/\/armintour.com\/de\/wp-json\/wp\/v2\/pages\/15821\/revisions"}],"predecessor-version":[{"id":25541,"href":"https:\/\/armintour.com\/de\/wp-json\/wp\/v2\/pages\/15821\/revisions\/25541"}],"wp:featuredmedia":[{"embeddable":true,"href":"https:\/\/armintour.com\/de\/wp-json\/wp\/v2\/media\/15741"}],"wp:attachment":[{"href":"https:\/\/armintour.com\/de\/wp-json\/wp\/v2\/media?parent=15821"}],"curies":[{"name":"wp","href":"https:\/\/api.w.org\/{rel}","templated":true}]}}