{"id":15873,"date":"2022-12-30T07:55:05","date_gmt":"2022-12-30T03:55:05","guid":{"rendered":"https:\/\/intour.lizin.am\/mice\/100-best-managers-of-omk\/"},"modified":"2023-01-22T21:51:42","modified_gmt":"2023-01-22T17:51:42","slug":"100-best-managers-of-omk","status":"publish","type":"page","link":"https:\/\/armintour.com\/de\/mice\/100-best-managers-of-omk\/","title":{"rendered":"100 Beste Verwalter Von VMU \u2013 Korporative Veranstaltung \u2013 Oktober 2012"},"content":{"rendered":"<section class=\"l-section wpb_row height_small\"><div class=\"l-section-h i-cf\"><div class=\"g-cols vc_row via_grid cols_1 laptops-cols_inherit tablets-cols_inherit mobiles-cols_1 valign_top type_default stacking_default\"><div class=\"wpb_column vc_column_container\"><div class=\"vc_column-inner\"><div id=\"ultimate-heading-90069f4150245a49\" class=\"uvc-heading ult-adjust-bottom-margin ultimate-heading-90069f4150245a49 uvc-4221 \" data-hspacer=\"no_spacer\"  data-halign=\"center\" style=\"text-align:center\"><div class=\"uvc-heading-spacer no_spacer\" style=\"top\"><\/div><div class=\"uvc-main-heading ult-responsive\"  data-ultimate-target='.uvc-heading.ultimate-heading-90069f4150245a49 h3'  data-responsive-json-new='{\"font-size\":\"\",\"line-height\":\"\"}' ><h3 style=\"font-weight:bold;\">VEREINIGT DURCH EINEN SPIRIT<\/h3><\/div><\/div><div class=\"w-separator size_small\"><\/div><div class=\"wpb_text_column\"><div class=\"wpb_wrapper\"><p>Die besten 100 Verwalter von VMU (Vereinigte MetallurgiSCHE Unternehmen) haben im Oktober eine Reise mit kulinarischer und gastronomischer Tendenz nach Armenien unternommen. Die Sch\u00f6nheit der Natur, die Armenische Gastfreundschaft, die K\u00fcche, die nationalen Traditionen und die Bergluft haben unverge\u00dfliche Eindr\u00fccke und Erinnerungen dar\u00fcber, dabei in einer entspannenden und freundlichen Atmosphere, welche w\u00e4hrend der Reise dominierte und den Teamgeist von VMU beeinflu\u00dftet.<br \/>\nDas wichtigste in einer korporativen Veranstaltung ist die Atmosphere und die vorherrschenden Eindr\u00fccke, die die Teilnehmer bekommen und erinnern m\u00f6chten. Daf\u00fcr sollten viele organisatorische Details ein Mosaik bilden, so dass jeder die gehobene Stimmung und den vereinigten Geist der Freude sp\u00fcrte. Dar\u00fcber hinaus sind keine zwei Menschen gleich. Jede Person gibt Pr\u00e4ferenzen seinen\/ihren bestimmten Vorlieben und sucht nach etwas sehr pers\u00f6nlichem und nur f\u00fcr ihn\/sie innigen Umgebung. Es ist ein gro\u00dfer Erfolg f\u00fcr die Organisatoren einer Veranstaltung, wenn alle Teilnehmer einm\u00fctig in der geschaffenen Atmosph\u00e4re geworden sind.<br \/>\nNat\u00fcrlich hat jeder von uns eigene Sondermeinung, aber es macht solche Veranstaltungen desto mehr interessanter, indem es erm\u00f6glicht, \u00fcber alles durch das Prisma der Kollegen zur\u00fcckzudenken. An der Spitze des heiligen Berges Ararat kann man bei gutem Wetter eine kleine Wolke sehen, die nie verschwindet. Es wird angenommen, dass dies die Seelen aller in verschiedenen L\u00e4ndern der Welt lebenden Armenier sind. Und vielleicht, wer schon einmal da war und diese Sch\u00f6nheit ber\u00fchrte, lie\u00df hier ein St\u00fcck seiner\/ihrer Seele, die ihn\/sie zumindest in Erinnerung zur\u00fcckruft.<\/p>\n<\/div><\/div><\/div><\/div><\/div><\/div><\/section><section class=\"l-section wpb_row height_small\"><div class=\"l-section-h i-cf\"><div class=\"g-cols vc_row via_grid cols_1 laptops-cols_inherit tablets-cols_inherit mobiles-cols_1 valign_top type_default stacking_default\"><div class=\"wpb_column vc_column_container\"><div class=\"vc_column-inner\"><div id=\"ultimate-heading-945569f41502464b7\" class=\"uvc-heading ult-adjust-bottom-margin ultimate-heading-945569f41502464b7 uvc-7190 \" data-hspacer=\"no_spacer\"  data-halign=\"left\" style=\"text-align:left\"><div class=\"uvc-heading-spacer no_spacer\" style=\"top\"><\/div><div class=\"uvc-main-heading ult-responsive\"  data-ultimate-target='.uvc-heading.ultimate-heading-945569f41502464b7 h4'  data-responsive-json-new='{\"font-size\":\"\",\"line-height\":\"\"}' ><h4 style=\"font-weight:bold;\">Tagebuch des Teilnehmers<\/h4><\/div><\/div><div class=\"w-separator size_small\"><\/div><div class=\"wpb_text_column\"><div class=\"wpb_wrapper\"><blockquote>\n<p><em>\u201cZun\u00e4chst einmal m\u00f6chte ich den Organisatoren der VMU f\u00fcr die hohe Qualit\u00e4t der Vorbereitungen f\u00fcr die Reise nach Armenien danken. Ich kam zur\u00fcck mit vielen lebendigen Eindr\u00fccken und teilte diese mit Freunden, Familie und Kollegen. Die Fahrt erlaubte uns, nicht nur eine Reihe von Kollegen aus VMU n\u00e4her kennenzulernen, sondern grundlegend die Meinung \u00fcber Armenien ver\u00e4ndern zu. Ich sah eine Kulturnation, die ihre Geschichte respektiert und die hervorragenden Pers\u00f6nlichkeiten ehrt.<br \/>\nDie Reise zum alten Kloster mit Blick auf den biblischen Berg Ararat machte einen \u00fcberraschenden Eindruck. Es beraubte uns den Atem bei der Vorstellung, dass die Arche Noah mal auf diesem H\u00fcgel landen k\u00f6nnte \u201d<br \/>\n<\/em><\/p>\n<\/blockquote>\n<p style=\"text-align: right;\">Kirill Zhukow, VMF<\/p>\n<\/div><\/div><\/div><\/div><\/div><\/div><\/section><section class=\"l-section wpb_row height_small\"><div class=\"l-section-h i-cf\"><div class=\"g-cols vc_row via_grid cols_1 laptops-cols_inherit tablets-cols_inherit mobiles-cols_1 valign_top type_default stacking_default\"><div class=\"wpb_column vc_column_container\"><div class=\"vc_column-inner\"><div class=\"wpb_text_column\"><div class=\"wpb_wrapper\"><blockquote>\n<p><em>\u201cIch bin von den gastfreundlichen, innigen und herzlichen Menschen am\u00fcsiert. Sie zeichnen sich durch einen speziellen, hellen, funkelnden Sinn f\u00fcr Humor und scharfen Optimismus und egal, wer es ist: ob ein Direktor eines Brandy Unternehmens, der Katholikos aller Armenier, ein Kellner oder Verk\u00e4ufer im Laden. Dar\u00fcber hinaus, eine ungew\u00f6hnliche Natur, unverwechselbare K\u00fcche und Architektur! Ungew\u00f6hnliches Land \u2026 \u201d<\/em><\/p>\n<\/blockquote>\n<p style=\"text-align: right;\">Igor Woronin<\/p>\n<\/div><\/div><\/div><\/div><\/div><\/div><\/section><section class=\"l-section wpb_row height_small\"><div class=\"l-section-h i-cf\"><div class=\"g-cols vc_row via_grid cols_1 laptops-cols_inherit tablets-cols_inherit mobiles-cols_1 valign_top type_default stacking_default\"><div class=\"wpb_column vc_column_container\"><div class=\"vc_column-inner\"><div class=\"wpb_text_column\"><div class=\"wpb_wrapper\"><blockquote>\n<p><em>\u201eNach dem starken Erdbeben im Jahr 1988 arbeitete mein Vater bei der Restauration von Spitak und Leninakan (Gjumri). Er war einfach mit dem Land fasziniert, seinen Menschen und lernte sogar ein wenig Armenisch. Er sprach viel \u00fcber seine Eindr\u00fccke, so f\u00fcr mich pers\u00f6nlich, Armenien war seit seiner Jugend mit etwas gutem und sch\u00f6nem in Verbindung gewesen. Aber was ich sah und f\u00fchlte, nachdem ich in diesem Land mit einem Team von VMU war, \u00fcbertraff alle meine Erwartungen.<br \/>\nBei Erinnerung an diese Reise bedauert einer, dass es so kurz war. Ich wurde \u00fcber alles betroffen: zauberhafte Berglandschaft, faszinierende Musik in der Harmonie mit der Natur, die W\u00e4rme und die Freundlichkeit der Armenier, und nat\u00fcrlich das Team von VMU, wo ein vereinter Spirit herrschte, ein unglaublicher Antrieb und ein aufrichtiger Wunsch, dass unsere Gesellschaft sich besser f\u00fchlt. Aber den lebhaftesten Eindruck machte auf mich das Schwimmen nach Mitternacht im Sewan-See mit den mutigsten Mitgliedern dieses Teams! \u201d<br \/>\n<\/em><\/p>\n<\/blockquote>\n<p style=\"text-align: right;\">Oleg Kulikow, VMFF<\/p>\n<\/div><\/div><\/div><\/div><\/div><\/div><\/section><section class=\"l-section wpb_row height_small\"><div class=\"l-section-h i-cf\"><div class=\"g-cols vc_row via_grid cols_1 laptops-cols_inherit tablets-cols_inherit mobiles-cols_1 valign_top type_default stacking_default\"><div class=\"wpb_column vc_column_container\"><div class=\"vc_column-inner\"><div class=\"w-grid us_grid type_grid layout_gallery_default cols_3 preload_style_spinner\" id=\"us_grid_1\" style=\"--columns:3;--gap:1rem;\" data-filterable=\"true\"><style>@media (max-width:1024px){#us_grid_1{--columns:2!important}}@media (max-width:600px){#us_grid_1{--columns:1!important}}.layout_gallery_default .w-grid-item-h{}<\/style><div class=\"w-grid-list\">\t<article class=\"w-grid-item size_1x1 post-15847 attachment type-attachment status-inherit hentry\" data-id=\"15847\">\r\n\t\t<div class=\"w-grid-item-h\">\r\n\t\t\t\t\t\t\t<a ref=\"magnificPopupGrid\" href=\"https:\/\/armintour.com\/wp-content\/uploads\/2022\/12\/maxresdefault.jpg\" class=\"w-grid-item-anchor\" aria-label=\"maxresdefault\"><\/a>\r\n\t\t\t\t\t\t<div class=\"w-post-elm post_image usg_post_image_1 stretched\"><img loading=\"lazy\" decoding=\"async\" width=\"1024\" height=\"576\" src=\"https:\/\/armintour.com\/wp-content\/uploads\/2022\/12\/maxresdefault.jpg\" class=\"attachment-large size-large\" alt=\"\" srcset=\"https:\/\/armintour.com\/wp-content\/uploads\/2022\/12\/maxresdefault.jpg 1024w, https:\/\/armintour.com\/wp-content\/uploads\/2022\/12\/maxresdefault-300x169.jpg 300w\" sizes=\"auto, (max-width: 1024px) 100vw, 1024px\" \/><\/div>\t\t<\/div>\r\n\t\t\t<\/article>\r\n\t<article class=\"w-grid-item size_1x1 post-15855 attachment type-attachment status-inherit hentry\" data-id=\"15855\">\r\n\t\t<div class=\"w-grid-item-h\">\r\n\t\t\t\t\t\t\t<a ref=\"magnificPopupGrid\" href=\"https:\/\/armintour.com\/wp-content\/uploads\/2022\/12\/DSC04571.jpg\" class=\"w-grid-item-anchor\" aria-label=\"DSC04571\"><\/a>\r\n\t\t\t\t\t\t<div class=\"w-post-elm post_image usg_post_image_1 stretched\"><img loading=\"lazy\" decoding=\"async\" width=\"448\" height=\"299\" src=\"https:\/\/armintour.com\/wp-content\/uploads\/2022\/12\/DSC04571.jpg\" class=\"attachment-large size-large\" alt=\"\" srcset=\"https:\/\/armintour.com\/wp-content\/uploads\/2022\/12\/DSC04571.jpg 448w, https:\/\/armintour.com\/wp-content\/uploads\/2022\/12\/DSC04571-300x200.jpg 300w\" sizes=\"auto, (max-width: 448px) 100vw, 448px\" \/><\/div>\t\t<\/div>\r\n\t\t\t<\/article>\r\n\t<article class=\"w-grid-item size_1x1 post-15863 attachment type-attachment status-inherit hentry\" data-id=\"15863\">\r\n\t\t<div class=\"w-grid-item-h\">\r\n\t\t\t\t\t\t\t<a ref=\"magnificPopupGrid\" href=\"https:\/\/armintour.com\/wp-content\/uploads\/2022\/12\/STEL7681-small.jpg\" class=\"w-grid-item-anchor\" aria-label=\"STEL7681-small\"><\/a>\r\n\t\t\t\t\t\t<div class=\"w-post-elm post_image usg_post_image_1 stretched\"><img loading=\"lazy\" decoding=\"async\" width=\"1024\" height=\"682\" src=\"https:\/\/armintour.com\/wp-content\/uploads\/2022\/12\/STEL7681-small-1024x682.jpg\" class=\"attachment-large size-large\" alt=\"\" srcset=\"https:\/\/armintour.com\/wp-content\/uploads\/2022\/12\/STEL7681-small-1024x682.jpg 1024w, https:\/\/armintour.com\/wp-content\/uploads\/2022\/12\/STEL7681-small-300x200.jpg 300w, https:\/\/armintour.com\/wp-content\/uploads\/2022\/12\/STEL7681-small.jpg 1300w\" sizes=\"auto, (max-width: 1024px) 100vw, 1024px\" \/><\/div>\t\t<\/div>\r\n\t\t\t<\/article>\r\n<\/div>\t<div class=\"w-grid-preloader\">\r\n\t\t<div class=\"g-preloader type_5\">\r\n\t\t\t<div><\/div>\r\n\t\t<\/div>\r\n\t<\/div>\r\n\t\t<div class=\"w-grid-json hidden\" onclick='return {&quot;action&quot;:&quot;us_ajax_grid&quot;,&quot;infinite_scroll&quot;:0,&quot;max_num_pages&quot;:1,&quot;pagination&quot;:&quot;none&quot;,&quot;template_vars&quot;:{&quot;columns&quot;:&quot;3&quot;,&quot;exclude_items&quot;:&quot;none&quot;,&quot;img_size&quot;:&quot;default&quot;,&quot;ignore_items_size&quot;:0,&quot;items_layout&quot;:&quot;gallery_default&quot;,&quot;items_offset&quot;:&quot;1&quot;,&quot;load_animation&quot;:&quot;none&quot;,&quot;overriding_link&quot;:&quot;%7B%22type%22%3A%22popup_image%22%7D&quot;,&quot;post_id&quot;:0,&quot;query_args&quot;:{&quot;post_type&quot;:[&quot;attachment&quot;],&quot;post__in&quot;:[&quot;15845&quot;,&quot;15853&quot;,&quot;15861&quot;],&quot;post_status&quot;:&quot;inherit&quot;,&quot;post_mime_type&quot;:&quot;image&quot;,&quot;posts_per_page&quot;:&quot;10&quot;},&quot;orderby_query_args&quot;:{&quot;orderby&quot;:{&quot;date&quot;:&quot;ASC&quot;}},&quot;type&quot;:&quot;grid&quot;,&quot;us_grid_post_type&quot;:&quot;attachment&quot;,&quot;us_grid_ajax_index&quot;:1,&quot;us_grid_filter_query_string&quot;:null,&quot;us_grid_index&quot;:1,&quot;page_args&quot;:[],&quot;lang&quot;:&quot;de&quot;}}'><\/div>\r\n\t<\/div><\/div><\/div><\/div><\/div><\/section>\n","protected":false},"excerpt":{"rendered":"","protected":false},"author":1,"featured_media":15557,"parent":15814,"menu_order":0,"comment_status":"closed","ping_status":"closed","template":"","meta":{"footnotes":""},"class_list":["post-15873","page","type-page","status-publish","has-post-thumbnail","hentry"],"_links":{"self":[{"href":"https:\/\/armintour.com\/de\/wp-json\/wp\/v2\/pages\/15873","targetHints":{"allow":["GET"]}}],"collection":[{"href":"https:\/\/armintour.com\/de\/wp-json\/wp\/v2\/pages"}],"about":[{"href":"https:\/\/armintour.com\/de\/wp-json\/wp\/v2\/types\/page"}],"author":[{"embeddable":true,"href":"https:\/\/armintour.com\/de\/wp-json\/wp\/v2\/users\/1"}],"replies":[{"embeddable":true,"href":"https:\/\/armintour.com\/de\/wp-json\/wp\/v2\/comments?post=15873"}],"version-history":[{"count":2,"href":"https:\/\/armintour.com\/de\/wp-json\/wp\/v2\/pages\/15873\/revisions"}],"predecessor-version":[{"id":24797,"href":"https:\/\/armintour.com\/de\/wp-json\/wp\/v2\/pages\/15873\/revisions\/24797"}],"up":[{"embeddable":true,"href":"https:\/\/armintour.com\/de\/wp-json\/wp\/v2\/pages\/15814"}],"wp:featuredmedia":[{"embeddable":true,"href":"https:\/\/armintour.com\/de\/wp-json\/wp\/v2\/media\/15557"}],"wp:attachment":[{"href":"https:\/\/armintour.com\/de\/wp-json\/wp\/v2\/media?parent=15873"}],"curies":[{"name":"wp","href":"https:\/\/api.w.org\/{rel}","templated":true}]}}