{"id":16331,"date":"2023-01-03T12:11:18","date_gmt":"2023-01-03T08:11:18","guid":{"rendered":"https:\/\/intour.lizin.am\/kotayk-marz\/"},"modified":"2023-01-22T19:21:17","modified_gmt":"2023-01-22T15:21:17","slug":"kotayk-marz","status":"publish","type":"page","link":"https:\/\/armintour.com\/de\/kotayk-marz\/","title":{"rendered":"Region Kotajk"},"content":{"rendered":"<section class=\"l-section wpb_row height_small\"><div class=\"l-section-h i-cf\"><div class=\"g-cols vc_row via_grid cols_1 laptops-cols_inherit tablets-cols_inherit mobiles-cols_1 valign_top type_default stacking_default\"><div class=\"wpb_column vc_column_container\"><div class=\"vc_column-inner\"><div class=\"wpb_text_column\"><div class=\"wpb_wrapper\"><p><strong>Territorium:<\/strong> 2089 km \u00b2<br \/>\n<strong>Landwirtschaftliche Fl\u00e4chen:<\/strong> 99.779 ha<br \/>\n<strong>Ackerland:<\/strong> 39.608 ha<br \/>\n<strong>Bev\u00f6lkerung:<\/strong> 253,900 Personen (2016)<\/p>\n<\/div><\/div><\/div><\/div><\/div><\/div><\/section><section class=\"l-section wpb_row height_small\"><div class=\"l-section-h i-cf\"><div class=\"g-cols vc_row via_grid cols_1 laptops-cols_inherit tablets-cols_inherit mobiles-cols_1 valign_top type_default stacking_default\"><div class=\"wpb_column vc_column_container\"><div class=\"vc_column-inner\"><div class=\"wpb_text_column\"><div class=\"wpb_wrapper\"><p>N\u00f6rdlich von Jerewan befindet sich die Region Kotajk, mit dem Zentrum in der Stadt Hrazdan. Der Name des Gebiets geht zur\u00fcck bis auf die Antike, auf die Zeit des Patriarchen der Armenischen Apostolischen Kirche Kot.<br \/>\nDie durchschnittliche Temperatur hier betr\u00e4gt im Sommer +19oC und im Winter -9oC. Ein Drittel des Territoriums ist mit Wald bedeckt, das Klima ist mild. Die Stadt Hrazdan hat sich seit Mitte des 20.Jh. als ein industrielles Zentrum entwickelt.<br \/>\nZachkadzor gilt als Edelstein des Gebiets. Es ist ein kleines Kurortst\u00e4dtchen. Es ist vor allem durch sein 1968 f\u00fcr alle olympische Sportarten errichtetes Sportzentrum bekannt, die f\u00fcr Sommer- und Wintersportarten eingerichtet sind. Die schneebedeckten Berge locken viele Wintersportler. Die Seilbahn bringt die Skifahrer bis auf die H\u00f6he 2750m des Teghenis Berges.<br \/>\nZwei der bedeutendsten Baudenkm\u00e4ler Armeniens der Garni Tempel und das Geghard Kloster kann man im S\u00fcdosten der Region finden. Aus der hellenistischen Zeit ist die Zitadelle und der heidnische Tempel im D\u00f6rfchen Garni bekannt, wo im 3.Jh.v.Ch. die Sommerresidenz der armenischen k\u00f6niglichen Familie erbaut war. Die Zitadelle liegt auf einem malerischen dreieckigen Plateau. Der hellenistische Stil des heidnischen Tempels, das Badehaus mit seiner unterirdischen Heizungsanlage und der k\u00f6nigliche Palast bewundern die Besucher mit ihrem prim\u00e4ren Reiz. 8km \u00f6stlich von Garni, in der tiefen Schlucht des Asat Flusses wurden in alten Zeiten H\u00f6hlen und Zellen in den Felsen gehaut, welche sp\u00e4ter als Basis vom Kloster Geghard gedient hatten.<\/p>\n<\/div><\/div><\/div><\/div><\/div><\/div><\/section><section class=\"l-section wpb_row height_small\"><div class=\"l-section-h i-cf\"><div class=\"g-cols vc_row via_grid cols_1 laptops-cols_inherit tablets-cols_inherit mobiles-cols_1 valign_top type_default stacking_default\"><div class=\"wpb_column vc_column_container\"><div class=\"vc_column-inner\"><div class=\"w-slider style_none fit_contain nav_dots count_25\"><div class=\"w-slider-h\" aria-hidden=\"true\"><div class=\"royalSlider\"><div class=\"rsContent\"><a class=\"rsImg\" data-rsw=\"1180\" data-rsh=\"787\" data-rsBigImg=\"https:\/\/armintour.com\/wp-content\/uploads\/2022\/12\/Garni-Roman-Temple.jpg\" href=\"https:\/\/armintour.com\/wp-content\/uploads\/2022\/12\/Garni-Roman-Temple.jpg\"><span data-alt=\"\"><\/span><\/a><\/div><div class=\"rsContent\"><a class=\"rsImg\" data-rsw=\"1200\" data-rsh=\"800\" data-rsBigImg=\"https:\/\/armintour.com\/wp-content\/uploads\/2022\/12\/Garni.jpeg\" href=\"https:\/\/armintour.com\/wp-content\/uploads\/2022\/12\/Garni.jpeg\"><span data-alt=\"\"><\/span><\/a><\/div><div class=\"rsContent\"><a class=\"rsImg\" data-rsw=\"2560\" data-rsh=\"1707\" data-rsBigImg=\"https:\/\/armintour.com\/wp-content\/uploads\/2022\/12\/Geghard-cross-stones-scaled.jpg\" href=\"https:\/\/armintour.com\/wp-content\/uploads\/2022\/12\/Geghard-cross-stones-scaled.jpg\"><span data-alt=\"\"><\/span><\/a><\/div><div class=\"rsContent\"><a class=\"rsImg\" data-rsw=\"1239\" data-rsh=\"758\" data-rsBigImg=\"https:\/\/armintour.com\/wp-content\/uploads\/2022\/12\/Geghard.jpg\" href=\"https:\/\/armintour.com\/wp-content\/uploads\/2022\/12\/Geghard.jpg\"><span data-alt=\"\"><\/span><\/a><\/div><div class=\"rsContent\"><a class=\"rsImg\" data-rsw=\"2000\" data-rsh=\"1333\" data-rsBigImg=\"https:\/\/armintour.com\/wp-content\/uploads\/2023\/01\/Monastery-of-Geghard-2.jpg\" href=\"https:\/\/armintour.com\/wp-content\/uploads\/2023\/01\/Monastery-of-Geghard-2.jpg\"><span data-alt=\"\"><\/span><\/a><\/div><div class=\"rsContent\"><a class=\"rsImg\" data-rsw=\"2000\" data-rsh=\"1125\" data-rsBigImg=\"https:\/\/armintour.com\/wp-content\/uploads\/2023\/01\/Tsakhkadzor-1.jpg\" href=\"https:\/\/armintour.com\/wp-content\/uploads\/2023\/01\/Tsakhkadzor-1.jpg\"><span data-alt=\"\"><\/span><\/a><\/div><div class=\"rsContent\"><a class=\"rsImg\" data-rsw=\"2000\" data-rsh=\"1427\" data-rsBigImg=\"https:\/\/armintour.com\/wp-content\/uploads\/2023\/01\/1639139906_40-krot-info-p-armeniya-kanon-debed-krasivie-foto-45.jpg\" href=\"https:\/\/armintour.com\/wp-content\/uploads\/2023\/01\/1639139906_40-krot-info-p-armeniya-kanon-debed-krasivie-foto-45.jpg\"><span data-alt=\"\"><\/span><\/a><\/div><div class=\"rsContent\"><a class=\"rsImg\" data-rsw=\"2000\" data-rsh=\"1125\" data-rsBigImg=\"https:\/\/armintour.com\/wp-content\/uploads\/2023\/01\/Hrazdan.jpg\" href=\"https:\/\/armintour.com\/wp-content\/uploads\/2023\/01\/Hrazdan.jpg\"><span data-alt=\"\"><\/span><\/a><\/div><div class=\"rsContent\"><a class=\"rsImg\" data-rsw=\"1200\" data-rsh=\"900\" data-rsBigImg=\"https:\/\/armintour.com\/wp-content\/uploads\/2023\/01\/Kotayk.jpg\" href=\"https:\/\/armintour.com\/wp-content\/uploads\/2023\/01\/Kotayk.jpg\"><span data-alt=\"\"><\/span><\/a><\/div><div class=\"rsContent\"><a class=\"rsImg\" data-rsw=\"1200\" data-rsh=\"900\" data-rsBigImg=\"https:\/\/armintour.com\/wp-content\/uploads\/2023\/01\/Tsaghkadzor-1.jpg\" href=\"https:\/\/armintour.com\/wp-content\/uploads\/2023\/01\/Tsaghkadzor-1.jpg\"><span data-alt=\"\"><\/span><\/a><\/div><div class=\"rsContent\"><a class=\"rsImg\" data-rsw=\"2000\" data-rsh=\"1333\" data-rsBigImg=\"https:\/\/armintour.com\/wp-content\/uploads\/2023\/01\/Bridge_on_Azat_river_Garni_Kotayk_region_5.jpg\" href=\"https:\/\/armintour.com\/wp-content\/uploads\/2023\/01\/Bridge_on_Azat_river_Garni_Kotayk_region_5.jpg\"><span data-alt=\"\"><\/span><\/a><\/div><div class=\"rsContent\"><a class=\"rsImg\" data-rsw=\"2000\" data-rsh=\"1500\" data-rsBigImg=\"https:\/\/armintour.com\/wp-content\/uploads\/2023\/01\/Azat-River.jpg\" href=\"https:\/\/armintour.com\/wp-content\/uploads\/2023\/01\/Azat-River.jpg\"><span data-alt=\"\"><\/span><\/a><\/div><div class=\"rsContent\"><a class=\"rsImg\" data-rsw=\"2000\" data-rsh=\"1333\" data-rsBigImg=\"https:\/\/armintour.com\/wp-content\/uploads\/2023\/01\/Arzakan-Meghradzor_Sanctuary_024.jpg\" href=\"https:\/\/armintour.com\/wp-content\/uploads\/2023\/01\/Arzakan-Meghradzor_Sanctuary_024.jpg\"><span data-alt=\"\"><\/span><\/a><\/div><div class=\"rsContent\"><a class=\"rsImg\" data-rsw=\"1200\" data-rsh=\"800\" data-rsBigImg=\"https:\/\/armintour.com\/wp-content\/uploads\/2023\/01\/Bridge_on_Azat_River.jpg\" href=\"https:\/\/armintour.com\/wp-content\/uploads\/2023\/01\/Bridge_on_Azat_River.jpg\"><span data-alt=\"\"><\/span><\/a><\/div><div class=\"rsContent\"><a class=\"rsImg\" data-rsw=\"1200\" data-rsh=\"797\" data-rsBigImg=\"https:\/\/armintour.com\/wp-content\/uploads\/2023\/01\/1657956959_11-kartinkin-net-p-reka-araks-priroda-krasivo-foto-12.jpg\" href=\"https:\/\/armintour.com\/wp-content\/uploads\/2023\/01\/1657956959_11-kartinkin-net-p-reka-araks-priroda-krasivo-foto-12.jpg\"><span data-alt=\"\"><\/span><\/a><\/div><div class=\"rsContent\"><a class=\"rsImg\" data-rsw=\"1200\" data-rsh=\"783\" data-rsBigImg=\"https:\/\/armintour.com\/wp-content\/uploads\/2023\/01\/Monastery-of-Geghard-3.jpg\" href=\"https:\/\/armintour.com\/wp-content\/uploads\/2023\/01\/Monastery-of-Geghard-3.jpg\"><span data-alt=\"\"><\/span><\/a><\/div><div class=\"rsContent\"><a class=\"rsImg\" data-rsw=\"1117\" data-rsh=\"743\" data-rsBigImg=\"https:\/\/armintour.com\/wp-content\/uploads\/2023\/01\/Monastery-of-Geghard-1.jpg\" href=\"https:\/\/armintour.com\/wp-content\/uploads\/2023\/01\/Monastery-of-Geghard-1.jpg\"><span data-alt=\"\"><\/span><\/a><\/div><div class=\"rsContent\"><a class=\"rsImg\" data-rsw=\"1400\" data-rsh=\"930\" data-rsBigImg=\"https:\/\/armintour.com\/wp-content\/uploads\/2023\/01\/Tsakhkadzor-in-winter.jpg\" href=\"https:\/\/armintour.com\/wp-content\/uploads\/2023\/01\/Tsakhkadzor-in-winter.jpg\"><span data-alt=\"\"><\/span><\/a><\/div><div class=\"rsContent\"><a class=\"rsImg\" data-rsw=\"1679\" data-rsh=\"1121\" data-rsBigImg=\"https:\/\/armintour.com\/wp-content\/uploads\/2023\/01\/photo.jpg\" href=\"https:\/\/armintour.com\/wp-content\/uploads\/2023\/01\/photo.jpg\"><span data-alt=\"\"><\/span><\/a><\/div><div class=\"rsContent\"><a class=\"rsImg\" data-rsw=\"1080\" data-rsh=\"810\" data-rsBigImg=\"https:\/\/armintour.com\/wp-content\/uploads\/2023\/01\/Tsakhkadzor.jpg\" href=\"https:\/\/armintour.com\/wp-content\/uploads\/2023\/01\/Tsakhkadzor.jpg\"><span data-alt=\"\"><\/span><\/a><\/div><div class=\"rsContent\"><a class=\"rsImg\" data-rsw=\"1200\" data-rsh=\"1200\" data-rsBigImg=\"https:\/\/armintour.com\/wp-content\/uploads\/2023\/01\/Garni.jpg\" href=\"https:\/\/armintour.com\/wp-content\/uploads\/2023\/01\/Garni.jpg\"><span data-alt=\"\"><\/span><\/a><\/div><div class=\"rsContent\"><a class=\"rsImg\" data-rsw=\"1278\" data-rsh=\"919\" data-rsBigImg=\"https:\/\/armintour.com\/wp-content\/uploads\/2023\/01\/Tsakhkadzor-in-winter-1.jpg\" href=\"https:\/\/armintour.com\/wp-content\/uploads\/2023\/01\/Tsakhkadzor-in-winter-1.jpg\"><span data-alt=\"\"><\/span><\/a><\/div><div class=\"rsContent\"><a class=\"rsImg\" data-rsw=\"1200\" data-rsh=\"801\" data-rsBigImg=\"https:\/\/armintour.com\/wp-content\/uploads\/2023\/01\/Kotayk-2.jpg\" href=\"https:\/\/armintour.com\/wp-content\/uploads\/2023\/01\/Kotayk-2.jpg\"><span data-alt=\"\"><\/span><\/a><\/div><div class=\"rsContent\"><a class=\"rsImg\" data-rsw=\"1000\" data-rsh=\"1500\" data-rsBigImg=\"https:\/\/armintour.com\/wp-content\/uploads\/2023\/01\/Hrazdan_Centre_Memorial-church_-_panoramio.jpg\" href=\"https:\/\/armintour.com\/wp-content\/uploads\/2023\/01\/Hrazdan_Centre_Memorial-church_-_panoramio.jpg\"><span data-alt=\"\"><\/span><\/a><\/div><div class=\"rsContent\"><a class=\"rsImg\" data-rsw=\"1274\" data-rsh=\"850\" data-rsBigImg=\"https:\/\/armintour.com\/wp-content\/uploads\/2023\/01\/garni-1078607-1.jpg\" href=\"https:\/\/armintour.com\/wp-content\/uploads\/2023\/01\/garni-1078607-1.jpg\"><span data-alt=\"\"><\/span><\/a><\/div><\/div><img decoding=\"async\" src=\"https:\/\/armintour.com\/wp-content\/uploads\/2022\/12\/Garni-Roman-Temple.jpg\" width=\"1180\" height=\"787\" alt loading=\"lazy\"><\/div><div class=\"w-slider-json\" onclick='return {&quot;autoScaleSlider&quot;:true,&quot;addActiveClass&quot;:true,&quot;loop&quot;:true,&quot;fadeInLoadedSlide&quot;:false,&quot;slidesSpacing&quot;:0,&quot;imageScalePadding&quot;:0,&quot;numImagesToPreload&quot;:2,&quot;arrowsNav&quot;:false,&quot;arrowsNavAutoHide&quot;:false,&quot;transitionType&quot;:&quot;move&quot;,&quot;transitionSpeed&quot;:250,&quot;block&quot;:{&quot;moveEffect&quot;:&quot;none&quot;,&quot;speed&quot;:300},&quot;thumbs&quot;:{&quot;fitInViewport&quot;:false,&quot;firstMargin&quot;:false,&quot;spacing&quot;:4},&quot;controlNavigation&quot;:&quot;bullets&quot;,&quot;autoplay&quot;:{&quot;enabled&quot;:true,&quot;pauseOnHover&quot;:false,&quot;delay&quot;:3000},&quot;fullscreen&quot;:{&quot;enabled&quot;:true},&quot;autoScaleSliderWidth&quot;:1180,&quot;autoScaleSliderHeight&quot;:787}'><\/div><\/div><\/div><\/div><\/div><\/div><\/section>\n","protected":false},"excerpt":{"rendered":"Territorium: 2089 km \u00b2 Landwirtschaftliche Fl\u00e4chen: 99.779 ha Ackerland: 39.608 ha Bev\u00f6lkerung: 253,900 Personen (2016) N\u00f6rdlich von Jerewan befindet sich die Region Kotajk, mit dem Zentrum in der Stadt Hrazdan. Der Name des Gebiets geht zur\u00fcck bis auf die Antike, auf die Zeit des Patriarchen der Armenischen Apostolischen Kirche Kot. Die durchschnittliche Temperatur hier betr\u00e4gt...","protected":false},"author":1,"featured_media":16227,"parent":0,"menu_order":0,"comment_status":"closed","ping_status":"closed","template":"","meta":{"footnotes":""},"class_list":["post-16331","page","type-page","status-publish","has-post-thumbnail","hentry"],"_links":{"self":[{"href":"https:\/\/armintour.com\/de\/wp-json\/wp\/v2\/pages\/16331","targetHints":{"allow":["GET"]}}],"collection":[{"href":"https:\/\/armintour.com\/de\/wp-json\/wp\/v2\/pages"}],"about":[{"href":"https:\/\/armintour.com\/de\/wp-json\/wp\/v2\/types\/page"}],"author":[{"embeddable":true,"href":"https:\/\/armintour.com\/de\/wp-json\/wp\/v2\/users\/1"}],"replies":[{"embeddable":true,"href":"https:\/\/armintour.com\/de\/wp-json\/wp\/v2\/comments?post=16331"}],"version-history":[{"count":6,"href":"https:\/\/armintour.com\/de\/wp-json\/wp\/v2\/pages\/16331\/revisions"}],"predecessor-version":[{"id":24744,"href":"https:\/\/armintour.com\/de\/wp-json\/wp\/v2\/pages\/16331\/revisions\/24744"}],"wp:featuredmedia":[{"embeddable":true,"href":"https:\/\/armintour.com\/de\/wp-json\/wp\/v2\/media\/16227"}],"wp:attachment":[{"href":"https:\/\/armintour.com\/de\/wp-json\/wp\/v2\/media?parent=16331"}],"curies":[{"name":"wp","href":"https:\/\/api.w.org\/{rel}","templated":true}]}}