{"id":16526,"date":"2023-01-03T14:58:03","date_gmt":"2023-01-03T10:58:03","guid":{"rendered":"https:\/\/intour.lizin.am\/gegharkunik-marz\/"},"modified":"2023-01-22T19:38:49","modified_gmt":"2023-01-22T15:38:49","slug":"gegharkunik-marz","status":"publish","type":"page","link":"https:\/\/armintour.com\/de\/gegharkunik-marz\/","title":{"rendered":"Region Gegharkunik"},"content":{"rendered":"<section class=\"l-section wpb_row height_small\"><div class=\"l-section-h i-cf\"><div class=\"g-cols vc_row via_grid cols_1 laptops-cols_inherit tablets-cols_inherit mobiles-cols_1 valign_top type_default stacking_default\"><div class=\"wpb_column vc_column_container\"><div class=\"vc_column-inner\"><div class=\"wpb_text_column\"><div class=\"wpb_wrapper\"><p><strong>Territorium:<\/strong> 5348 km \u00b2<br \/>\n<strong>Landwirtschaftliche Fl\u00e4chen:<\/strong> 240.033 ha<br \/>\n<strong>Ackerland:<\/strong> 95.148 ha<br \/>\n<strong>Bev\u00f6lkerung:<\/strong> 231,800 Personen (2016)<\/p>\n<\/div><\/div><\/div><\/div><\/div><\/div><\/section><section class=\"l-section wpb_row height_small\"><div class=\"l-section-h i-cf\"><div class=\"g-cols vc_row via_grid cols_1 laptops-cols_inherit tablets-cols_inherit mobiles-cols_1 valign_top type_default stacking_default\"><div class=\"wpb_column vc_column_container\"><div class=\"vc_column-inner\"><div class=\"wpb_text_column\"><div class=\"wpb_wrapper\"><p>Die Region Gegharkunik befindet sich im Osten \u00f6stlichen Teil Armeniens, auf der H\u00f6he von 1500-1900m \u00fcber dem Meeresspiegel. Der h\u00f6chste Punkt ist der Berg Azhdahak (3598m).<br \/>\nDas administrative Zentrum ist die Stadt Gawar. Es ist ein wichtiges industrielles Zentrum von Sewanbassin, gelegen auf den \u00f6stlichen H\u00e4ngen der Geghama Bergkette.<br \/>\nDer Sewansee, der Smaragd von Armenien, liegt in der Mitte des Gebietes. Der Name Sewan hat einen urarteischen Ursprung \u2013 Siuna, was ein Land der Seen bedeutet.<br \/>\nSewan-See liegt 1,900 Meter hoch \u00fcber dem Meeresspiegel. Fr\u00fcher hie\u00df es das Geghama Meer.<br \/>\nSewan ist einer der hoch gelegenen S\u00fc\u00dfwasserseen der Welt. Die ber\u00fchmte Sewanforelle ist als K\u00f6nigin des Sewansees bekannt.<br \/>\nDie Halbinsel mit dem Kloster ist eines der Geheimnisse der Natur. Fr\u00fcher war es eine Insel, aber mit der Zeit infolge des Sinkens des Wasserspiegels verwandelte es sich in eine Halbinsel. Es ist schwer, die Halbinsel ohne Sewankloster vorzustellen. Der Klosterkomplex besteht aus drei Kirchen, dem Vorhof, einer Schule und anderen kirchlichen Bauten. Laut w\u00e4hrend der Renovierungsarbeiten gefundenen Inschrift sind die beiden erhaltenen Kirchen 874 gebaut.<\/p>\n<\/div><\/div><\/div><\/div><\/div><\/div><\/section><section class=\"l-section wpb_row height_small\"><div class=\"l-section-h i-cf\"><div class=\"g-cols vc_row via_grid cols_1 laptops-cols_inherit tablets-cols_inherit mobiles-cols_1 valign_top type_default stacking_default\"><div class=\"wpb_column vc_column_container\"><div class=\"vc_column-inner\"><div class=\"w-slider style_none fit_contain nav_dots count_24\"><div class=\"w-slider-h\" aria-hidden=\"true\"><div class=\"royalSlider\"><div class=\"rsContent\"><a class=\"rsImg\" data-rsw=\"1920\" data-rsh=\"940\" data-rsBigImg=\"https:\/\/armintour.com\/wp-content\/uploads\/2022\/12\/Sevan.jpg\" href=\"https:\/\/armintour.com\/wp-content\/uploads\/2022\/12\/Sevan.jpg\"><span data-alt=\"\"><\/span><\/a><\/div><div class=\"rsContent\"><a class=\"rsImg\" data-rsw=\"900\" data-rsh=\"600\" data-rsBigImg=\"https:\/\/armintour.com\/wp-content\/uploads\/2022\/12\/sevanavank.jpg\" href=\"https:\/\/armintour.com\/wp-content\/uploads\/2022\/12\/sevanavank.jpg\"><span data-alt=\"\"><\/span><\/a><\/div><div class=\"rsContent\"><a class=\"rsImg\" data-rsw=\"2048\" data-rsh=\"1366\" data-rsBigImg=\"https:\/\/armintour.com\/wp-content\/uploads\/2022\/12\/Sevan-Lake.jpg\" href=\"https:\/\/armintour.com\/wp-content\/uploads\/2022\/12\/Sevan-Lake.jpg\"><span data-alt=\"\"><\/span><\/a><\/div><div class=\"rsContent\"><a class=\"rsImg\" data-rsw=\"549\" data-rsh=\"768\" data-rsBigImg=\"https:\/\/armintour.com\/wp-content\/uploads\/2022\/12\/Blue-Sevan-Hotel-3.jpg\" href=\"https:\/\/armintour.com\/wp-content\/uploads\/2022\/12\/Blue-Sevan-Hotel-3.jpg\"><span data-alt=\"\"><\/span><\/a><\/div><div class=\"rsContent\"><a class=\"rsImg\" data-rsw=\"1024\" data-rsh=\"683\" data-rsBigImg=\"https:\/\/armintour.com\/wp-content\/uploads\/2022\/12\/Blue-Sevan-Hotel-11.jpg\" href=\"https:\/\/armintour.com\/wp-content\/uploads\/2022\/12\/Blue-Sevan-Hotel-11.jpg\"><span data-alt=\"\"><\/span><\/a><\/div><div class=\"rsContent\"><a class=\"rsImg\" data-rsw=\"1024\" data-rsh=\"683\" data-rsBigImg=\"https:\/\/armintour.com\/wp-content\/uploads\/2022\/12\/Blue-Sevan-Hotel-10.jpg\" href=\"https:\/\/armintour.com\/wp-content\/uploads\/2022\/12\/Blue-Sevan-Hotel-10.jpg\"><span data-alt=\"\"><\/span><\/a><\/div><div class=\"rsContent\"><a class=\"rsImg\" data-rsw=\"1239\" data-rsh=\"825\" data-rsBigImg=\"https:\/\/armintour.com\/wp-content\/uploads\/2022\/12\/Hayravank.jpg\" href=\"https:\/\/armintour.com\/wp-content\/uploads\/2022\/12\/Hayravank.jpg\"><span data-alt=\"\"><\/span><\/a><\/div><div class=\"rsContent\"><a class=\"rsImg\" data-rsw=\"1920\" data-rsh=\"1080\" data-rsBigImg=\"https:\/\/armintour.com\/wp-content\/uploads\/2023\/01\/1648747319_7-vsegda-pomnim-com-p-ozero-sevan-plyazh-foto-8.jpg\" href=\"https:\/\/armintour.com\/wp-content\/uploads\/2023\/01\/1648747319_7-vsegda-pomnim-com-p-ozero-sevan-plyazh-foto-8.jpg\"><span data-alt=\"\"><\/span><\/a><\/div><div class=\"rsContent\"><a class=\"rsImg\" data-rsw=\"2000\" data-rsh=\"1333\" data-rsBigImg=\"https:\/\/armintour.com\/wp-content\/uploads\/2023\/01\/Hayravank.jpg\" href=\"https:\/\/armintour.com\/wp-content\/uploads\/2023\/01\/Hayravank.jpg\"><span data-alt=\"\"><\/span><\/a><\/div><div class=\"rsContent\"><a class=\"rsImg\" data-rsw=\"1080\" data-rsh=\"1080\" data-rsBigImg=\"https:\/\/armintour.com\/wp-content\/uploads\/2023\/01\/ozero-sevan-345.jpg\" href=\"https:\/\/armintour.com\/wp-content\/uploads\/2023\/01\/ozero-sevan-345.jpg\"><span data-alt=\"\"><\/span><\/a><\/div><div class=\"rsContent\"><a class=\"rsImg\" data-rsw=\"1200\" data-rsh=\"900\" data-rsBigImg=\"https:\/\/armintour.com\/wp-content\/uploads\/2023\/01\/scale_1200.jpg\" href=\"https:\/\/armintour.com\/wp-content\/uploads\/2023\/01\/scale_1200.jpg\"><span data-alt=\"\"><\/span><\/a><\/div><div class=\"rsContent\"><a class=\"rsImg\" data-rsw=\"2000\" data-rsh=\"1125\" data-rsBigImg=\"https:\/\/armintour.com\/wp-content\/uploads\/2023\/01\/ozero-sevan-34.jpg\" href=\"https:\/\/armintour.com\/wp-content\/uploads\/2023\/01\/ozero-sevan-34.jpg\"><span data-alt=\"\"><\/span><\/a><\/div><div class=\"rsContent\"><a class=\"rsImg\" data-rsw=\"2000\" data-rsh=\"1500\" data-rsBigImg=\"https:\/\/armintour.com\/wp-content\/uploads\/2023\/01\/ozero-sevan-11.jpg\" href=\"https:\/\/armintour.com\/wp-content\/uploads\/2023\/01\/ozero-sevan-11.jpg\"><span data-alt=\"\"><\/span><\/a><\/div><div class=\"rsContent\"><a class=\"rsImg\" data-rsw=\"2000\" data-rsh=\"667\" data-rsBigImg=\"https:\/\/armintour.com\/wp-content\/uploads\/2023\/01\/Mount_Azhdahak_-_panoramio.jpg\" href=\"https:\/\/armintour.com\/wp-content\/uploads\/2023\/01\/Mount_Azhdahak_-_panoramio.jpg\"><span data-alt=\"\"><\/span><\/a><\/div><div class=\"rsContent\"><a class=\"rsImg\" data-rsw=\"1200\" data-rsh=\"784\" data-rsBigImg=\"https:\/\/armintour.com\/wp-content\/uploads\/2023\/01\/ozero-sevan.jpg\" href=\"https:\/\/armintour.com\/wp-content\/uploads\/2023\/01\/ozero-sevan.jpg\"><span data-alt=\"\"><\/span><\/a><\/div><div class=\"rsContent\"><a class=\"rsImg\" data-rsw=\"1200\" data-rsh=\"900\" data-rsBigImg=\"https:\/\/armintour.com\/wp-content\/uploads\/2023\/01\/1648753892_49-vsegda-pomnim-com-p-yerevan-ozero-sevan-foto-52.jpg\" href=\"https:\/\/armintour.com\/wp-content\/uploads\/2023\/01\/1648753892_49-vsegda-pomnim-com-p-yerevan-ozero-sevan-foto-52.jpg\"><span data-alt=\"\"><\/span><\/a><\/div><div class=\"rsContent\"><a class=\"rsImg\" data-rsw=\"1600\" data-rsh=\"1200\" data-rsBigImg=\"https:\/\/armintour.com\/wp-content\/uploads\/2023\/01\/61aff0befb14827a4910cff1.1600x1200.jpeg\" href=\"https:\/\/armintour.com\/wp-content\/uploads\/2023\/01\/61aff0befb14827a4910cff1.1600x1200.jpeg\"><span data-alt=\"\"><\/span><\/a><\/div><div class=\"rsContent\"><a class=\"rsImg\" data-rsw=\"1600\" data-rsh=\"1200\" data-rsBigImg=\"https:\/\/armintour.com\/wp-content\/uploads\/2023\/01\/1647461554_8-vsegda-pomnim-com-p-ozero-sevan-foto-8.jpg\" href=\"https:\/\/armintour.com\/wp-content\/uploads\/2023\/01\/1647461554_8-vsegda-pomnim-com-p-ozero-sevan-foto-8.jpg\"><span data-alt=\"\"><\/span><\/a><\/div><div class=\"rsContent\"><a class=\"rsImg\" data-rsw=\"1200\" data-rsh=\"800\" data-rsBigImg=\"https:\/\/armintour.com\/wp-content\/uploads\/2023\/01\/Lake_Sevan_with_Sevanavank.jpg\" href=\"https:\/\/armintour.com\/wp-content\/uploads\/2023\/01\/Lake_Sevan_with_Sevanavank.jpg\"><span data-alt=\"\"><\/span><\/a><\/div><div class=\"rsContent\"><a class=\"rsImg\" data-rsw=\"1280\" data-rsh=\"853\" data-rsBigImg=\"https:\/\/armintour.com\/wp-content\/uploads\/2023\/01\/1657805317_17-kartinkin-net-p-ozero-sevan-priroda-krasivo-foto-17.jpg\" href=\"https:\/\/armintour.com\/wp-content\/uploads\/2023\/01\/1657805317_17-kartinkin-net-p-ozero-sevan-priroda-krasivo-foto-17.jpg\"><span data-alt=\"\"><\/span><\/a><\/div><div class=\"rsContent\"><a class=\"rsImg\" data-rsw=\"1333\" data-rsh=\"1000\" data-rsBigImg=\"https:\/\/armintour.com\/wp-content\/uploads\/2023\/01\/azhdahak.jpg\" href=\"https:\/\/armintour.com\/wp-content\/uploads\/2023\/01\/azhdahak.jpg\"><span data-alt=\"\"><\/span><\/a><\/div><div class=\"rsContent\"><a class=\"rsImg\" data-rsw=\"1200\" data-rsh=\"900\" data-rsBigImg=\"https:\/\/armintour.com\/wp-content\/uploads\/2023\/01\/Gandzak.jpg\" href=\"https:\/\/armintour.com\/wp-content\/uploads\/2023\/01\/Gandzak.jpg\"><span data-alt=\"\"><\/span><\/a><\/div><div class=\"rsContent\"><a class=\"rsImg\" data-rsw=\"1100\" data-rsh=\"825\" data-rsBigImg=\"https:\/\/armintour.com\/wp-content\/uploads\/2023\/01\/fullsize.jpg\" href=\"https:\/\/armintour.com\/wp-content\/uploads\/2023\/01\/fullsize.jpg\"><span data-alt=\"\"><\/span><\/a><\/div><div class=\"rsContent\"><a class=\"rsImg\" data-rsw=\"1087\" data-rsh=\"743\" data-rsBigImg=\"https:\/\/armintour.com\/wp-content\/uploads\/2023\/01\/1630080104_26-kartinkin-com-p-armyanskaya-riba-ishkhan-yeda-krasivo-foto-28.jpg\" href=\"https:\/\/armintour.com\/wp-content\/uploads\/2023\/01\/1630080104_26-kartinkin-com-p-armyanskaya-riba-ishkhan-yeda-krasivo-foto-28.jpg\"><span data-alt=\"\"><\/span><\/a><\/div><\/div><img decoding=\"async\" src=\"https:\/\/armintour.com\/wp-content\/uploads\/2022\/12\/Sevan.jpg\" width=\"1920\" height=\"940\" alt loading=\"lazy\"><\/div><div class=\"w-slider-json\" onclick='return {&quot;autoScaleSlider&quot;:true,&quot;addActiveClass&quot;:true,&quot;loop&quot;:true,&quot;fadeInLoadedSlide&quot;:false,&quot;slidesSpacing&quot;:0,&quot;imageScalePadding&quot;:0,&quot;numImagesToPreload&quot;:2,&quot;arrowsNav&quot;:false,&quot;arrowsNavAutoHide&quot;:false,&quot;transitionType&quot;:&quot;move&quot;,&quot;transitionSpeed&quot;:250,&quot;block&quot;:{&quot;moveEffect&quot;:&quot;none&quot;,&quot;speed&quot;:300},&quot;thumbs&quot;:{&quot;fitInViewport&quot;:false,&quot;firstMargin&quot;:false,&quot;spacing&quot;:4},&quot;controlNavigation&quot;:&quot;bullets&quot;,&quot;autoplay&quot;:{&quot;enabled&quot;:true,&quot;pauseOnHover&quot;:false,&quot;delay&quot;:3000},&quot;fullscreen&quot;:{&quot;enabled&quot;:true},&quot;autoScaleSliderWidth&quot;:1920,&quot;autoScaleSliderHeight&quot;:940}'><\/div><\/div><\/div><\/div><\/div><\/div><\/section>\n","protected":false},"excerpt":{"rendered":"Territorium: 5348 km \u00b2 Landwirtschaftliche Fl\u00e4chen: 240.033 ha Ackerland: 95.148 ha Bev\u00f6lkerung: 231,800 Personen (2016) Die Region Gegharkunik befindet sich im Osten \u00f6stlichen Teil Armeniens, auf der H\u00f6he von 1500-1900m \u00fcber dem Meeresspiegel. Der h\u00f6chste Punkt ist der Berg Azhdahak (3598m). Das administrative Zentrum ist die Stadt Gawar. Es ist ein wichtiges industrielles Zentrum von...","protected":false},"author":1,"featured_media":16438,"parent":0,"menu_order":0,"comment_status":"closed","ping_status":"closed","template":"","meta":{"footnotes":""},"class_list":["post-16526","page","type-page","status-publish","has-post-thumbnail","hentry"],"_links":{"self":[{"href":"https:\/\/armintour.com\/de\/wp-json\/wp\/v2\/pages\/16526","targetHints":{"allow":["GET"]}}],"collection":[{"href":"https:\/\/armintour.com\/de\/wp-json\/wp\/v2\/pages"}],"about":[{"href":"https:\/\/armintour.com\/de\/wp-json\/wp\/v2\/types\/page"}],"author":[{"embeddable":true,"href":"https:\/\/armintour.com\/de\/wp-json\/wp\/v2\/users\/1"}],"replies":[{"embeddable":true,"href":"https:\/\/armintour.com\/de\/wp-json\/wp\/v2\/comments?post=16526"}],"version-history":[{"count":2,"href":"https:\/\/armintour.com\/de\/wp-json\/wp\/v2\/pages\/16526\/revisions"}],"predecessor-version":[{"id":24753,"href":"https:\/\/armintour.com\/de\/wp-json\/wp\/v2\/pages\/16526\/revisions\/24753"}],"wp:featuredmedia":[{"embeddable":true,"href":"https:\/\/armintour.com\/de\/wp-json\/wp\/v2\/media\/16438"}],"wp:attachment":[{"href":"https:\/\/armintour.com\/de\/wp-json\/wp\/v2\/media?parent=16526"}],"curies":[{"name":"wp","href":"https:\/\/api.w.org\/{rel}","templated":true}]}}