{"id":16680,"date":"2023-01-03T17:41:49","date_gmt":"2023-01-03T13:41:49","guid":{"rendered":"https:\/\/intour.lizin.am\/armavir-marz\/"},"modified":"2023-01-22T19:44:22","modified_gmt":"2023-01-22T15:44:22","slug":"armavir-marz","status":"publish","type":"page","link":"https:\/\/armintour.com\/de\/armavir-marz\/","title":{"rendered":"Region Armawir"},"content":{"rendered":"<section class=\"l-section wpb_row height_small\"><div class=\"l-section-h i-cf\"><div class=\"g-cols vc_row via_grid cols_1 laptops-cols_inherit tablets-cols_inherit mobiles-cols_1 valign_top type_default stacking_default\"><div class=\"wpb_column vc_column_container\"><div class=\"vc_column-inner\"><div class=\"wpb_text_column\"><div class=\"wpb_wrapper\"><p><strong>Territorium:<\/strong>\u00a01254 km\u00b2<br \/>\n<strong>Landwirtschaftliche Fl\u00e4chen:<\/strong> 70049 ha<br \/>\n<strong>Ackerland:<\/strong> 39399 ha<br \/>\n<strong>Bev\u00f6lkerung:<\/strong> 266,600 Personen (2016)<\/p>\n<\/div><\/div><\/div><\/div><\/div><\/div><\/section><section class=\"l-section wpb_row height_small\"><div class=\"l-section-h i-cf\"><div class=\"g-cols vc_row via_grid cols_1 laptops-cols_inherit tablets-cols_inherit mobiles-cols_1 valign_top type_default stacking_default\"><div class=\"wpb_column vc_column_container\"><div class=\"vc_column-inner\"><div class=\"wpb_text_column\"><div class=\"wpb_wrapper\"><p>Das Gebiet Armawir liegt s\u00fcdlicher von Aragazotn.<br \/>\nEs liegt teilweise im Ararattal, zwischen den Bergen Ararat und Aragats und hat ein sonniges, trockenes und kontinentales Klima. Der See Metsamor ist der einzige nat\u00fcrliche Wasserreservoir hier. Es ist bemerkenswert, da\u00df \u201crote W\u00fcrmer\u201d \u2013 Cochenille, spezielle Insekten, die im Mittelalter f\u00fcr die Produktion vom roten Farbstoff verwendet wurden, sind in den T\u00e4lern des Gebiets heute noch zu finden.<br \/>\nDie Architektur wurde hier seit pr\u00e4historischen Zeiten entwickelt. Von den zahlreichen Beweisen sind die Ruinen der zyklopischen Festungen, Grabst\u00e4tten und Palastgeb\u00e4ude. Metsamor hat eine Geschichte von \u00fcber 7000 Jahren. Die Stadtfestung Argishtihinili (7.Jh v.Ch. \u2013 4.Jh n.Ch.), sowie die vier von den insgesamt 13 armenischen Hauptst\u00e4dten des historischen Armeniens wurden in diesem Gebiet gegr\u00fcndet: Armawir, Jerwandaschat, Bagaran und Wagharschapat.<br \/>\nWagharschapat liegt nur 15 Minuten von der heutigen Hauptstadt Jerewan entfernt und ist seit 570-560 v. Chr. bekannt. Es war der armenische K\u00f6nig Wagharsch (117-140 n. Chr.), der die Stadt Wagharschapat zur Hauptstadt Armeniens erkl\u00e4rt hatte.<br \/>\nNach der Annahme des Christentums zerst\u00f6rt der armenische K\u00f6nig Trdat III den heidnischen Tempel in Wagharschapat und gr\u00fcndet an seiner Stelle die Kathedrale von St. Etschmiadsin. Der Name Etschmiadsin (Abstieg des Einziggeborenen) entstand laut einer Legende, wo der Hl. Gregor der Erleuchter in einem Traum Christus sah, der mit einem magmatischen Hammer in der Hand den Ort gezeigt hatte, wo die Kathedrale gebaut werden sollte.<\/p>\n<\/div><\/div><\/div><\/div><\/div><\/div><\/section><section class=\"l-section wpb_row height_small\"><div class=\"l-section-h i-cf\"><div class=\"g-cols vc_row via_grid cols_1 laptops-cols_inherit tablets-cols_inherit mobiles-cols_1 valign_top type_default stacking_default\"><div class=\"wpb_column vc_column_container\"><div class=\"vc_column-inner\"><div class=\"w-slider style_none fit_contain nav_dots count_25\"><div class=\"w-slider-h\" aria-hidden=\"true\"><div class=\"royalSlider\"><div class=\"rsContent\"><a class=\"rsImg\" data-rsw=\"1200\" data-rsh=\"800\" data-rsBigImg=\"https:\/\/armintour.com\/wp-content\/uploads\/2022\/12\/Temple-of-Zvartnots.jpg\" href=\"https:\/\/armintour.com\/wp-content\/uploads\/2022\/12\/Temple-of-Zvartnots.jpg\"><span data-alt=\"\"><\/span><\/a><\/div><div class=\"rsContent\"><a class=\"rsImg\" data-rsw=\"1880\" data-rsh=\"1408\" data-rsBigImg=\"https:\/\/armintour.com\/wp-content\/uploads\/2022\/12\/Zvartnots.jpg\" href=\"https:\/\/armintour.com\/wp-content\/uploads\/2022\/12\/Zvartnots.jpg\"><span data-alt=\"\"><\/span><\/a><\/div><div class=\"rsContent\"><a class=\"rsImg\" data-rsw=\"2000\" data-rsh=\"1333\" data-rsBigImg=\"https:\/\/armintour.com\/wp-content\/uploads\/2022\/12\/Zvartnots-1.jpg\" href=\"https:\/\/armintour.com\/wp-content\/uploads\/2022\/12\/Zvartnots-1.jpg\"><span data-alt=\"\"><\/span><\/a><\/div><div class=\"rsContent\"><a class=\"rsImg\" data-rsw=\"1000\" data-rsh=\"816\" data-rsBigImg=\"https:\/\/armintour.com\/wp-content\/uploads\/2022\/12\/Echmiatsin-2.1.jpg\" href=\"https:\/\/armintour.com\/wp-content\/uploads\/2022\/12\/Echmiatsin-2.1.jpg\"><span data-alt=\"\"><\/span><\/a><\/div><div class=\"rsContent\"><a class=\"rsImg\" data-rsw=\"1920\" data-rsh=\"2560\" data-rsBigImg=\"https:\/\/armintour.com\/wp-content\/uploads\/2022\/12\/Bell_Tower_Echmiadzin-scaled.jpg\" href=\"https:\/\/armintour.com\/wp-content\/uploads\/2022\/12\/Bell_Tower_Echmiadzin-scaled.jpg\"><span data-alt=\"\"><\/span><\/a><\/div><div class=\"rsContent\"><a class=\"rsImg\" data-rsw=\"960\" data-rsh=\"600\" data-rsBigImg=\"https:\/\/armintour.com\/wp-content\/uploads\/2022\/12\/Echmiadzin-1.jpg\" href=\"https:\/\/armintour.com\/wp-content\/uploads\/2022\/12\/Echmiadzin-1.jpg\"><span data-alt=\"\"><\/span><\/a><\/div><div class=\"rsContent\"><a class=\"rsImg\" data-rsw=\"1024\" data-rsh=\"680\" data-rsBigImg=\"https:\/\/armintour.com\/wp-content\/uploads\/2022\/12\/St.-Hripsime-Church.jpg\" href=\"https:\/\/armintour.com\/wp-content\/uploads\/2022\/12\/St.-Hripsime-Church.jpg\"><span data-alt=\"\"><\/span><\/a><\/div><div class=\"rsContent\"><a class=\"rsImg\" data-rsw=\"2000\" data-rsh=\"1334\" data-rsBigImg=\"https:\/\/armintour.com\/wp-content\/uploads\/2022\/12\/Etchmiadzin-Cathedral-inner.jpg\" href=\"https:\/\/armintour.com\/wp-content\/uploads\/2022\/12\/Etchmiadzin-Cathedral-inner.jpg\"><span data-alt=\"\"><\/span><\/a><\/div><div class=\"rsContent\"><a class=\"rsImg\" data-rsw=\"1583\" data-rsh=\"1274\" data-rsBigImg=\"https:\/\/armintour.com\/wp-content\/uploads\/2022\/12\/Etchmiadzin-Cathedral.jpg\" href=\"https:\/\/armintour.com\/wp-content\/uploads\/2022\/12\/Etchmiadzin-Cathedral.jpg\"><span data-alt=\"\"><\/span><\/a><\/div><div class=\"rsContent\"><a class=\"rsImg\" data-rsw=\"2000\" data-rsh=\"1339\" data-rsBigImg=\"https:\/\/armintour.com\/wp-content\/uploads\/2023\/01\/metsamor-lake.jpg\" href=\"https:\/\/armintour.com\/wp-content\/uploads\/2023\/01\/metsamor-lake.jpg\"><span data-alt=\"\"><\/span><\/a><\/div><div class=\"rsContent\"><a class=\"rsImg\" data-rsw=\"1200\" data-rsh=\"900\" data-rsBigImg=\"https:\/\/armintour.com\/wp-content\/uploads\/2023\/01\/S._Hripsime.jpg\" href=\"https:\/\/armintour.com\/wp-content\/uploads\/2023\/01\/S._Hripsime.jpg\"><span data-alt=\"\"><\/span><\/a><\/div><div class=\"rsContent\"><a class=\"rsImg\" data-rsw=\"2000\" data-rsh=\"1334\" data-rsBigImg=\"https:\/\/armintour.com\/wp-content\/uploads\/2023\/01\/Armenia_Temples_Church_Armavir.jpg\" href=\"https:\/\/armintour.com\/wp-content\/uploads\/2023\/01\/Armenia_Temples_Church_Armavir.jpg\"><span data-alt=\"\"><\/span><\/a><\/div><div class=\"rsContent\"><a class=\"rsImg\" data-rsw=\"2000\" data-rsh=\"1333\" data-rsBigImg=\"https:\/\/armintour.com\/wp-content\/uploads\/2023\/01\/Echmiatsin_open_air_altar.jpg\" href=\"https:\/\/armintour.com\/wp-content\/uploads\/2023\/01\/Echmiatsin_open_air_altar.jpg\"><span data-alt=\"\"><\/span><\/a><\/div><div class=\"rsContent\"><a class=\"rsImg\" data-rsw=\"2000\" data-rsh=\"1500\" data-rsBigImg=\"https:\/\/armintour.com\/wp-content\/uploads\/2023\/01\/Tagnap.jpg\" href=\"https:\/\/armintour.com\/wp-content\/uploads\/2023\/01\/Tagnap.jpg\"><span data-alt=\"\"><\/span><\/a><\/div><div class=\"rsContent\"><a class=\"rsImg\" data-rsw=\"2000\" data-rsh=\"1500\" data-rsBigImg=\"https:\/\/armintour.com\/wp-content\/uploads\/2023\/01\/Surb-Gayane.jpg\" href=\"https:\/\/armintour.com\/wp-content\/uploads\/2023\/01\/Surb-Gayane.jpg\"><span data-alt=\"\"><\/span><\/a><\/div><div class=\"rsContent\"><a class=\"rsImg\" data-rsw=\"2000\" data-rsh=\"1333\" data-rsBigImg=\"https:\/\/armintour.com\/wp-content\/uploads\/2023\/01\/Temples_Armenia_Armavir_Trees_Cross_512897_5616x3744.jpg\" href=\"https:\/\/armintour.com\/wp-content\/uploads\/2023\/01\/Temples_Armenia_Armavir_Trees_Cross_512897_5616x3744.jpg\"><span data-alt=\"\"><\/span><\/a><\/div><div class=\"rsContent\"><a class=\"rsImg\" data-rsw=\"1500\" data-rsh=\"1000\" data-rsBigImg=\"https:\/\/armintour.com\/wp-content\/uploads\/2023\/01\/266074294.jpg\" href=\"https:\/\/armintour.com\/wp-content\/uploads\/2023\/01\/266074294.jpg\"><span data-alt=\"\"><\/span><\/a><\/div><div class=\"rsContent\"><a class=\"rsImg\" data-rsw=\"1280\" data-rsh=\"916\" data-rsBigImg=\"https:\/\/armintour.com\/wp-content\/uploads\/2023\/01\/303.jpg\" href=\"https:\/\/armintour.com\/wp-content\/uploads\/2023\/01\/303.jpg\"><span data-alt=\"\"><\/span><\/a><\/div><div class=\"rsContent\"><a class=\"rsImg\" data-rsw=\"1239\" data-rsh=\"826\" data-rsBigImg=\"https:\/\/armintour.com\/wp-content\/uploads\/2023\/01\/Gayane.jpg\" href=\"https:\/\/armintour.com\/wp-content\/uploads\/2023\/01\/Gayane.jpg\"><span data-alt=\"\"><\/span><\/a><\/div><div class=\"rsContent\"><a class=\"rsImg\" data-rsw=\"1280\" data-rsh=\"960\" data-rsBigImg=\"https:\/\/armintour.com\/wp-content\/uploads\/2023\/01\/Yervandashat.jpg\" href=\"https:\/\/armintour.com\/wp-content\/uploads\/2023\/01\/Yervandashat.jpg\"><span data-alt=\"\"><\/span><\/a><\/div><div class=\"rsContent\"><a class=\"rsImg\" data-rsw=\"1200\" data-rsh=\"769\" data-rsBigImg=\"https:\/\/armintour.com\/wp-content\/uploads\/2023\/01\/argishtikhinili.jpg\" href=\"https:\/\/armintour.com\/wp-content\/uploads\/2023\/01\/argishtikhinili.jpg\"><span data-alt=\"\"><\/span><\/a><\/div><div class=\"rsContent\"><a class=\"rsImg\" data-rsw=\"1200\" data-rsh=\"800\" data-rsBigImg=\"https:\/\/armintour.com\/wp-content\/uploads\/2023\/01\/hqdefault.jpeg\" href=\"https:\/\/armintour.com\/wp-content\/uploads\/2023\/01\/hqdefault.jpeg\"><span data-alt=\"\"><\/span><\/a><\/div><div class=\"rsContent\"><a class=\"rsImg\" data-rsw=\"1200\" data-rsh=\"800\" data-rsBigImg=\"https:\/\/armintour.com\/wp-content\/uploads\/2023\/01\/19226013_34da2f4fe12eb79fbfda5bd33748cd3e.jpg\" href=\"https:\/\/armintour.com\/wp-content\/uploads\/2023\/01\/19226013_34da2f4fe12eb79fbfda5bd33748cd3e.jpg\"><span data-alt=\"\"><\/span><\/a><\/div><div class=\"rsContent\"><a class=\"rsImg\" data-rsw=\"1900\" data-rsh=\"1258\" data-rsBigImg=\"https:\/\/armintour.com\/wp-content\/uploads\/2023\/01\/image254892.jpg\" href=\"https:\/\/armintour.com\/wp-content\/uploads\/2023\/01\/image254892.jpg\"><span data-alt=\"\"><\/span><\/a><\/div><div class=\"rsContent\"><a class=\"rsImg\" data-rsw=\"1900\" data-rsh=\"1258\" data-rsBigImg=\"https:\/\/armintour.com\/wp-content\/uploads\/2023\/01\/image254883.jpg\" href=\"https:\/\/armintour.com\/wp-content\/uploads\/2023\/01\/image254883.jpg\"><span data-alt=\"\"><\/span><\/a><\/div><\/div><img decoding=\"async\" src=\"https:\/\/armintour.com\/wp-content\/uploads\/2022\/12\/Temple-of-Zvartnots.jpg\" width=\"1200\" height=\"800\" alt loading=\"lazy\"><\/div><div class=\"w-slider-json\" onclick='return {&quot;autoScaleSlider&quot;:true,&quot;addActiveClass&quot;:true,&quot;loop&quot;:true,&quot;fadeInLoadedSlide&quot;:false,&quot;slidesSpacing&quot;:0,&quot;imageScalePadding&quot;:0,&quot;numImagesToPreload&quot;:2,&quot;arrowsNav&quot;:false,&quot;arrowsNavAutoHide&quot;:false,&quot;transitionType&quot;:&quot;move&quot;,&quot;transitionSpeed&quot;:250,&quot;block&quot;:{&quot;moveEffect&quot;:&quot;none&quot;,&quot;speed&quot;:300},&quot;thumbs&quot;:{&quot;fitInViewport&quot;:false,&quot;firstMargin&quot;:false,&quot;spacing&quot;:4},&quot;controlNavigation&quot;:&quot;bullets&quot;,&quot;autoplay&quot;:{&quot;enabled&quot;:true,&quot;pauseOnHover&quot;:false,&quot;delay&quot;:3000},&quot;fullscreen&quot;:{&quot;enabled&quot;:true},&quot;autoScaleSliderWidth&quot;:1200,&quot;autoScaleSliderHeight&quot;:800}'><\/div><\/div><\/div><\/div><\/div><\/div><\/section>\n","protected":false},"excerpt":{"rendered":"Territorium:\u00a01254 km\u00b2 Landwirtschaftliche Fl\u00e4chen: 70049 ha Ackerland: 39399 ha Bev\u00f6lkerung: 266,600 Personen (2016) Das Gebiet Armawir liegt s\u00fcdlicher von Aragazotn. Es liegt teilweise im Ararattal, zwischen den Bergen Ararat und Aragats und hat ein sonniges, trockenes und kontinentales Klima. Der See Metsamor ist der einzige nat\u00fcrliche Wasserreservoir hier. Es ist bemerkenswert, da\u00df \u201crote W\u00fcrmer\u201d \u2013...","protected":false},"author":1,"featured_media":16600,"parent":0,"menu_order":0,"comment_status":"closed","ping_status":"closed","template":"","meta":{"footnotes":""},"class_list":["post-16680","page","type-page","status-publish","has-post-thumbnail","hentry"],"_links":{"self":[{"href":"https:\/\/armintour.com\/de\/wp-json\/wp\/v2\/pages\/16680","targetHints":{"allow":["GET"]}}],"collection":[{"href":"https:\/\/armintour.com\/de\/wp-json\/wp\/v2\/pages"}],"about":[{"href":"https:\/\/armintour.com\/de\/wp-json\/wp\/v2\/types\/page"}],"author":[{"embeddable":true,"href":"https:\/\/armintour.com\/de\/wp-json\/wp\/v2\/users\/1"}],"replies":[{"embeddable":true,"href":"https:\/\/armintour.com\/de\/wp-json\/wp\/v2\/comments?post=16680"}],"version-history":[{"count":3,"href":"https:\/\/armintour.com\/de\/wp-json\/wp\/v2\/pages\/16680\/revisions"}],"predecessor-version":[{"id":24763,"href":"https:\/\/armintour.com\/de\/wp-json\/wp\/v2\/pages\/16680\/revisions\/24763"}],"wp:featuredmedia":[{"embeddable":true,"href":"https:\/\/armintour.com\/de\/wp-json\/wp\/v2\/media\/16600"}],"wp:attachment":[{"href":"https:\/\/armintour.com\/de\/wp-json\/wp\/v2\/media?parent=16680"}],"curies":[{"name":"wp","href":"https:\/\/api.w.org\/{rel}","templated":true}]}}