{"id":16746,"date":"2023-01-03T18:24:29","date_gmt":"2023-01-03T14:24:29","guid":{"rendered":"https:\/\/intour.lizin.am\/ararat-marz\/"},"modified":"2023-01-22T19:48:46","modified_gmt":"2023-01-22T15:48:46","slug":"ararat-marz","status":"publish","type":"page","link":"https:\/\/armintour.com\/de\/ararat-marz\/","title":{"rendered":"Region Ararat"},"content":{"rendered":"<section class=\"l-section wpb_row height_small\"><div class=\"l-section-h i-cf\"><div class=\"g-cols vc_row via_grid cols_1 laptops-cols_inherit tablets-cols_inherit mobiles-cols_1 valign_top type_default stacking_default\"><div class=\"wpb_column vc_column_container\"><div class=\"vc_column-inner\"><div class=\"wpb_text_column\"><div class=\"wpb_wrapper\"><p><strong>Territorium:<\/strong> 2096 km \u00b2<br \/>\n<strong>Landwirtschaftliche Fl\u00e4chen:<\/strong> 88.700 ha<br \/>\n<strong>Ackerland:<\/strong> 33.300 ha<br \/>\n<strong>Bev\u00f6lkerung:<\/strong> 258,900 Personen (2016)<\/p>\n<\/div><\/div><\/div><\/div><\/div><\/div><\/section><section class=\"l-section wpb_row height_small\"><div class=\"l-section-h i-cf\"><div class=\"g-cols vc_row via_grid cols_1 laptops-cols_inherit tablets-cols_inherit mobiles-cols_1 valign_top type_default stacking_default\"><div class=\"wpb_column vc_column_container\"><div class=\"vc_column-inner\"><div class=\"wpb_text_column\"><div class=\"wpb_wrapper\"><p>Dieses Gebiet befindet sich im Westen Armeniens, s\u00fcdlich von Jerewan. Das Gebietszentrum ist Artaschat.<br \/>\nDie Hauptstra\u00dfe erstreckt sich dem linken Ufer des Araks Flusses, den Berg Ararat (5165m) und der Staatsgrenze entlang. Das beeindruckende Panorama \u00fcber den Berg Ararat und seine unzug\u00e4ngliche H\u00f6he und tiefe Abgr\u00fcnde haben einen gro\u00dfen Einfluss auf den Zuschauer. Der Berg hat sich in ein Objekt von Kult und Mythologie gewandelt. Laut der Bibel ist Ararat mit dem Namen von Noah verbunden, wessen Name eine neue Geschichte der Menschheit symbolisiert.<br \/>\nDas Hauptinteresse und die Attraktivit\u00e4t der Region ist das Kloster Khor Virap. Khor Virap ist der Ort, wo der Hl. Gregor der Erleuchter 13 Jahre lang im Kerker gefangen sa\u00df, bevor er den K\u00f6nig und das armenische Volk 301 zum Chistentum bekehrte. Damit gelten die Armenier als erste Nation auf der Erde, die das Christentum staatlich angenommen haben. Unter der Majest\u00e4t des biblischen Berges Ararat erkunden wir die unterirdischen Kammern, elegante Kapellen.<\/p>\n<\/div><\/div><\/div><\/div><\/div><\/div><\/section><section class=\"l-section wpb_row height_small\"><div class=\"l-section-h i-cf\"><div class=\"g-cols vc_row via_grid cols_1 laptops-cols_inherit tablets-cols_inherit mobiles-cols_1 valign_top type_default stacking_default\"><div class=\"wpb_column vc_column_container\"><div class=\"vc_column-inner\"><div class=\"w-slider style_none fit_contain nav_dots count_10\"><div class=\"w-slider-h\" aria-hidden=\"true\"><div class=\"royalSlider\"><div class=\"rsContent\"><a class=\"rsImg\" data-rsw=\"1280\" data-rsh=\"720\" data-rsBigImg=\"https:\/\/armintour.com\/wp-content\/uploads\/2023\/01\/maxresdefault_live.jpg\" href=\"https:\/\/armintour.com\/wp-content\/uploads\/2023\/01\/maxresdefault_live.jpg\"><span data-alt=\"\"><\/span><\/a><\/div><div class=\"rsContent\"><a class=\"rsImg\" data-rsw=\"1266\" data-rsh=\"861\" data-rsBigImg=\"https:\/\/armintour.com\/wp-content\/uploads\/2023\/01\/bc04f87b1442e82a9d7828879f80552b_XL.jpg\" href=\"https:\/\/armintour.com\/wp-content\/uploads\/2023\/01\/bc04f87b1442e82a9d7828879f80552b_XL.jpg\"><span data-alt=\"\"><\/span><\/a><\/div><div class=\"rsContent\"><a class=\"rsImg\" data-rsw=\"2000\" data-rsh=\"1183\" data-rsBigImg=\"https:\/\/armintour.com\/wp-content\/uploads\/2022\/12\/Khor-Virap-1.jpg\" href=\"https:\/\/armintour.com\/wp-content\/uploads\/2022\/12\/Khor-Virap-1.jpg\"><span data-alt=\"\"><\/span><\/a><\/div><div class=\"rsContent\"><a class=\"rsImg\" data-rsw=\"2000\" data-rsh=\"1023\" data-rsBigImg=\"https:\/\/armintour.com\/wp-content\/uploads\/2022\/12\/Khor-Virap-Armenia.jpg\" href=\"https:\/\/armintour.com\/wp-content\/uploads\/2022\/12\/Khor-Virap-Armenia.jpg\"><span data-alt=\"\"><\/span><\/a><\/div><div class=\"rsContent\"><a class=\"rsImg\" data-rsw=\"960\" data-rsh=\"640\" data-rsBigImg=\"https:\/\/armintour.com\/wp-content\/uploads\/2022\/12\/Khor-Virap.jpg\" href=\"https:\/\/armintour.com\/wp-content\/uploads\/2022\/12\/Khor-Virap.jpg\"><span data-alt=\"\"><\/span><\/a><\/div><div class=\"rsContent\"><a class=\"rsImg\" data-rsw=\"1200\" data-rsh=\"800\" data-rsBigImg=\"https:\/\/armintour.com\/wp-content\/uploads\/2023\/01\/Khor-Virap-Monastery-9.jpeg\" href=\"https:\/\/armintour.com\/wp-content\/uploads\/2023\/01\/Khor-Virap-Monastery-9.jpeg\"><span data-alt=\"\"><\/span><\/a><\/div><div class=\"rsContent\"><a class=\"rsImg\" data-rsw=\"1680\" data-rsh=\"1120\" data-rsBigImg=\"https:\/\/armintour.com\/wp-content\/uploads\/2023\/01\/Khor-Virap-Monastery-8.jpg\" href=\"https:\/\/armintour.com\/wp-content\/uploads\/2023\/01\/Khor-Virap-Monastery-8.jpg\"><span data-alt=\"\"><\/span><\/a><\/div><div class=\"rsContent\"><a class=\"rsImg\" data-rsw=\"1280\" data-rsh=\"960\" data-rsBigImg=\"https:\/\/armintour.com\/wp-content\/uploads\/2023\/01\/Khor-Virap-Monastery-7.jpg\" href=\"https:\/\/armintour.com\/wp-content\/uploads\/2023\/01\/Khor-Virap-Monastery-7.jpg\"><span data-alt=\"\"><\/span><\/a><\/div><div class=\"rsContent\"><a class=\"rsImg\" data-rsw=\"1239\" data-rsh=\"823\" data-rsBigImg=\"https:\/\/armintour.com\/wp-content\/uploads\/2022\/12\/Khor-Virap-2.jpg\" href=\"https:\/\/armintour.com\/wp-content\/uploads\/2022\/12\/Khor-Virap-2.jpg\"><span data-alt=\"\"><\/span><\/a><\/div><div class=\"rsContent\"><a class=\"rsImg\" data-rsw=\"1365\" data-rsh=\"1024\" data-rsBigImg=\"https:\/\/armintour.com\/wp-content\/uploads\/2023\/01\/kHor-Virap3-1365x1024-1.jpg\" href=\"https:\/\/armintour.com\/wp-content\/uploads\/2023\/01\/kHor-Virap3-1365x1024-1.jpg\"><span data-alt=\"\"><\/span><\/a><\/div><\/div><img decoding=\"async\" src=\"https:\/\/armintour.com\/wp-content\/uploads\/2023\/01\/maxresdefault_live.jpg\" width=\"1280\" height=\"720\" alt loading=\"lazy\"><\/div><div class=\"w-slider-json\" onclick='return {&quot;autoScaleSlider&quot;:true,&quot;addActiveClass&quot;:true,&quot;loop&quot;:true,&quot;fadeInLoadedSlide&quot;:false,&quot;slidesSpacing&quot;:0,&quot;imageScalePadding&quot;:0,&quot;numImagesToPreload&quot;:2,&quot;arrowsNav&quot;:false,&quot;arrowsNavAutoHide&quot;:false,&quot;transitionType&quot;:&quot;move&quot;,&quot;transitionSpeed&quot;:250,&quot;block&quot;:{&quot;moveEffect&quot;:&quot;none&quot;,&quot;speed&quot;:300},&quot;thumbs&quot;:{&quot;fitInViewport&quot;:false,&quot;firstMargin&quot;:false,&quot;spacing&quot;:4},&quot;controlNavigation&quot;:&quot;bullets&quot;,&quot;autoplay&quot;:{&quot;enabled&quot;:true,&quot;pauseOnHover&quot;:false,&quot;delay&quot;:3000},&quot;fullscreen&quot;:{&quot;enabled&quot;:true},&quot;autoScaleSliderWidth&quot;:1280,&quot;autoScaleSliderHeight&quot;:720}'><\/div><\/div><\/div><\/div><\/div><\/div><\/section>\n","protected":false},"excerpt":{"rendered":"Territorium: 2096 km \u00b2 Landwirtschaftliche Fl\u00e4chen: 88.700 ha Ackerland: 33.300 ha Bev\u00f6lkerung: 258,900 Personen (2016) Dieses Gebiet befindet sich im Westen Armeniens, s\u00fcdlich von Jerewan. Das Gebietszentrum ist Artaschat. Die Hauptstra\u00dfe erstreckt sich dem linken Ufer des Araks Flusses, den Berg Ararat (5165m) und der Staatsgrenze entlang. Das beeindruckende Panorama \u00fcber den Berg Ararat und...","protected":false},"author":1,"featured_media":1816,"parent":0,"menu_order":0,"comment_status":"closed","ping_status":"closed","template":"","meta":{"footnotes":""},"class_list":["post-16746","page","type-page","status-publish","has-post-thumbnail","hentry"],"_links":{"self":[{"href":"https:\/\/armintour.com\/de\/wp-json\/wp\/v2\/pages\/16746","targetHints":{"allow":["GET"]}}],"collection":[{"href":"https:\/\/armintour.com\/de\/wp-json\/wp\/v2\/pages"}],"about":[{"href":"https:\/\/armintour.com\/de\/wp-json\/wp\/v2\/types\/page"}],"author":[{"embeddable":true,"href":"https:\/\/armintour.com\/de\/wp-json\/wp\/v2\/users\/1"}],"replies":[{"embeddable":true,"href":"https:\/\/armintour.com\/de\/wp-json\/wp\/v2\/comments?post=16746"}],"version-history":[{"count":3,"href":"https:\/\/armintour.com\/de\/wp-json\/wp\/v2\/pages\/16746\/revisions"}],"predecessor-version":[{"id":24773,"href":"https:\/\/armintour.com\/de\/wp-json\/wp\/v2\/pages\/16746\/revisions\/24773"}],"wp:featuredmedia":[{"embeddable":true,"href":"https:\/\/armintour.com\/de\/wp-json\/wp\/v2\/media\/1816"}],"wp:attachment":[{"href":"https:\/\/armintour.com\/de\/wp-json\/wp\/v2\/media?parent=16746"}],"curies":[{"name":"wp","href":"https:\/\/api.w.org\/{rel}","templated":true}]}}