{"id":17357,"date":"2023-01-04T14:34:18","date_gmt":"2023-01-04T10:34:18","guid":{"rendered":"https:\/\/intour.lizin.am\/people-and-language\/"},"modified":"2023-01-22T20:11:49","modified_gmt":"2023-01-22T16:11:49","slug":"people-and-language","status":"publish","type":"page","link":"https:\/\/armintour.com\/de\/people-and-language\/","title":{"rendered":"Bev\u00f6lkerung und die Sprache"},"content":{"rendered":"<section class=\"l-section wpb_row height_small\"><div class=\"l-section-h i-cf\"><div class=\"g-cols vc_row via_grid cols_1 laptops-cols_inherit tablets-cols_inherit mobiles-cols_1 valign_top type_default stacking_default\"><div class=\"wpb_column vc_column_container\"><div class=\"vc_column-inner\"><div class=\"wpb_text_column\"><div class=\"wpb_wrapper\"><p>Armenien ist die einzige Republik der ehemaligen Sowjetunion, die eine relativ homogene Bev\u00f6lkerung hat:<\/p>\n<\/div><\/div><\/div><\/div><\/div><\/div><\/section><section class=\"l-section wpb_row height_auto\"><div class=\"l-section-h i-cf\"><div class=\"g-cols vc_row via_grid cols_1-3 laptops-cols_inherit tablets-cols_inherit mobiles-cols_1 valign_top type_default stacking_default\"><div class=\"wpb_column vc_column_container\"><div class=\"vc_column-inner\"><div class=\"wpb_text_column\"><div class=\"wpb_wrapper\"><table>\n<tbody>\n<tr>\n<td>Armenier<\/td>\n<td>97.9%<\/td>\n<\/tr>\n<tr>\n<td>Kurden<\/td>\n<td>1.3%<\/td>\n<\/tr>\n<tr>\n<td>Russen<\/td>\n<td>0.5%<\/td>\n<\/tr>\n<tr>\n<td>Assyrer<\/td>\n<td>0.1%<\/td>\n<\/tr>\n<tr>\n<td>Ukrainer<\/td>\n<td>0.1%<\/td>\n<\/tr>\n<tr>\n<td>Andere<\/td>\n<td>0.1%<\/td>\n<\/tr>\n<\/tbody>\n<\/table>\n<\/div><\/div><\/div><\/div><div class=\"wpb_column vc_column_container\"><div class=\"vc_column-inner\"><\/div><\/div><\/div><\/div><\/section><section class=\"l-section wpb_row height_small\"><div class=\"l-section-h i-cf\"><div class=\"g-cols vc_row via_grid cols_1 laptops-cols_inherit tablets-cols_inherit mobiles-cols_1 valign_top type_default stacking_default\"><div class=\"wpb_column vc_column_container\"><div class=\"vc_column-inner\"><div class=\"wpb_text_column\"><div class=\"wpb_wrapper\"><p>Laut Strabo, dem griechischen Geographen und Historiker, sprachen die Armenier im armenischen Hochland eine gemeinsame Sprache: Armenisch.<br \/>\nArmenisch ist eine alte Sprache, die einen eigenen Zweig in der indoeurop\u00e4ischen Sprachfamilie darstellt. Man unterscheidet 2 Formen des Armenischen: Ostarmenisch (gesprochen haupts\u00e4chlich in Armenien, im Iran und in den ehemaligen Sowjetrepubliken) und Westarmenisch (gesprochen in erster Linie in der armenischen Diaspora).<\/p>\n<\/div><\/div><\/div><\/div><\/div><\/div><\/section><section class=\"l-section wpb_row height_small\"><div class=\"l-section-h i-cf\"><div class=\"g-cols vc_row via_grid cols_1 laptops-cols_inherit tablets-cols_inherit mobiles-cols_1 valign_top type_default stacking_default\"><div class=\"wpb_column vc_column_container\"><div class=\"vc_column-inner\"><div class=\"wpb_text_column\"><div class=\"wpb_wrapper\"><p>Die Erfindung des armenischen Alphabets im Jahre 405 von Hl. Mesrop Maschtoz f\u00fchrte zu einer kulturellen Bl\u00fctezeit in der tausendj\u00e4hrigen Geschichte des armenischen Volkes.<br \/>\nDie armenische Sprache hat 39 Buchstaben, darunter 6 Vokale: a, i, u, offenes e, geschlossenes e, o. Armenisch ist reich an Kombinationen von Konsonanten, besonders an affrikativen Ger\u00e4uschlauten wie dsch, ch, z.<\/p>\n<\/div><\/div><\/div><\/div><\/div><\/div><\/section><section class=\"l-section wpb_row height_small\"><div class=\"l-section-h i-cf\"><div class=\"g-cols vc_row via_grid cols_1 laptops-cols_inherit tablets-cols_inherit mobiles-cols_1 valign_top type_default stacking_default\"><div class=\"wpb_column vc_column_container\"><div class=\"vc_column-inner\"><div class=\"w-slider style_none fit_contain nav_dots count_7\"><div class=\"w-slider-h\" aria-hidden=\"true\"><div class=\"royalSlider\"><div class=\"rsContent\"><a class=\"rsImg\" data-rsw=\"1920\" data-rsh=\"1282\" data-rsBigImg=\"https:\/\/armintour.com\/wp-content\/uploads\/2022\/12\/2_day.jpg\" href=\"https:\/\/armintour.com\/wp-content\/uploads\/2022\/12\/2_day.jpg\"><span data-alt=\"\"><\/span><\/a><\/div><div class=\"rsContent\"><a class=\"rsImg\" data-rsw=\"2048\" data-rsh=\"1366\" data-rsBigImg=\"https:\/\/armintour.com\/wp-content\/uploads\/2023\/01\/4b210bf844c07ac1c95fa5d478ba0879.jpg\" href=\"https:\/\/armintour.com\/wp-content\/uploads\/2023\/01\/4b210bf844c07ac1c95fa5d478ba0879.jpg\"><span data-alt=\"\"><\/span><\/a><\/div><div class=\"rsContent\"><a class=\"rsImg\" data-rsw=\"1200\" data-rsh=\"900\" data-rsBigImg=\"https:\/\/armintour.com\/wp-content\/uploads\/2022\/12\/Matenadaran.jpg\" href=\"https:\/\/armintour.com\/wp-content\/uploads\/2022\/12\/Matenadaran.jpg\"><span data-alt=\"\"><\/span><\/a><\/div><div class=\"rsContent\"><a class=\"rsImg\" data-rsw=\"1200\" data-rsh=\"828\" data-rsBigImg=\"https:\/\/armintour.com\/wp-content\/uploads\/2023\/01\/3adc585bdb74753cf0051bad4ca7df18.jpeg\" href=\"https:\/\/armintour.com\/wp-content\/uploads\/2023\/01\/3adc585bdb74753cf0051bad4ca7df18.jpeg\"><span data-alt=\"\"><\/span><\/a><\/div><div class=\"rsContent\"><a class=\"rsImg\" data-rsw=\"1600\" data-rsh=\"1067\" data-rsBigImg=\"https:\/\/armintour.com\/wp-content\/uploads\/2023\/01\/46e8a47d8b0d9d50b0e381998bbed5cf.jpeg\" href=\"https:\/\/armintour.com\/wp-content\/uploads\/2023\/01\/46e8a47d8b0d9d50b0e381998bbed5cf.jpeg\"><span data-alt=\"\"><\/span><\/a><\/div><div class=\"rsContent\"><a class=\"rsImg\" data-rsw=\"1582\" data-rsh=\"944\" data-rsBigImg=\"https:\/\/armintour.com\/wp-content\/uploads\/2023\/01\/1_PHgGUAk349Bscz7FCtfiIA.jpeg\" href=\"https:\/\/armintour.com\/wp-content\/uploads\/2023\/01\/1_PHgGUAk349Bscz7FCtfiIA.jpeg\"><span data-alt=\"\"><\/span><\/a><\/div><div class=\"rsContent\"><a class=\"rsImg\" data-rsw=\"1200\" data-rsh=\"630\" data-rsBigImg=\"https:\/\/armintour.com\/wp-content\/uploads\/2023\/01\/imgpreview.jpg\" href=\"https:\/\/armintour.com\/wp-content\/uploads\/2023\/01\/imgpreview.jpg\"><span data-alt=\"\"><\/span><\/a><\/div><\/div><img decoding=\"async\" src=\"https:\/\/armintour.com\/wp-content\/uploads\/2022\/12\/2_day.jpg\" width=\"1920\" height=\"1282\" alt loading=\"lazy\"><\/div><div class=\"w-slider-json\" onclick='return {&quot;autoScaleSlider&quot;:true,&quot;addActiveClass&quot;:true,&quot;loop&quot;:true,&quot;fadeInLoadedSlide&quot;:false,&quot;slidesSpacing&quot;:0,&quot;imageScalePadding&quot;:0,&quot;numImagesToPreload&quot;:2,&quot;arrowsNav&quot;:false,&quot;arrowsNavAutoHide&quot;:false,&quot;transitionType&quot;:&quot;move&quot;,&quot;transitionSpeed&quot;:250,&quot;block&quot;:{&quot;moveEffect&quot;:&quot;none&quot;,&quot;speed&quot;:300},&quot;thumbs&quot;:{&quot;fitInViewport&quot;:false,&quot;firstMargin&quot;:false,&quot;spacing&quot;:4},&quot;controlNavigation&quot;:&quot;bullets&quot;,&quot;autoplay&quot;:{&quot;enabled&quot;:true,&quot;pauseOnHover&quot;:false,&quot;delay&quot;:3000},&quot;fullscreen&quot;:{&quot;enabled&quot;:true},&quot;autoScaleSliderWidth&quot;:1920,&quot;autoScaleSliderHeight&quot;:1282}'><\/div><\/div><\/div><\/div><\/div><\/div><\/section>\n","protected":false},"excerpt":{"rendered":"Armenien ist die einzige Republik der ehemaligen Sowjetunion, die eine relativ homogene Bev\u00f6lkerung hat: Armenier 97.9% Kurden 1.3% Russen 0.5% Assyrer 0.1% Ukrainer 0.1% Andere 0.1% Laut Strabo, dem griechischen Geographen und Historiker, sprachen die Armenier im armenischen Hochland eine gemeinsame Sprache: Armenisch. Armenisch ist eine alte Sprache, die einen eigenen Zweig in der indoeurop\u00e4ischen...","protected":false},"author":1,"featured_media":17349,"parent":0,"menu_order":0,"comment_status":"closed","ping_status":"closed","template":"","meta":{"footnotes":""},"class_list":["post-17357","page","type-page","status-publish","has-post-thumbnail","hentry"],"_links":{"self":[{"href":"https:\/\/armintour.com\/de\/wp-json\/wp\/v2\/pages\/17357","targetHints":{"allow":["GET"]}}],"collection":[{"href":"https:\/\/armintour.com\/de\/wp-json\/wp\/v2\/pages"}],"about":[{"href":"https:\/\/armintour.com\/de\/wp-json\/wp\/v2\/types\/page"}],"author":[{"embeddable":true,"href":"https:\/\/armintour.com\/de\/wp-json\/wp\/v2\/users\/1"}],"replies":[{"embeddable":true,"href":"https:\/\/armintour.com\/de\/wp-json\/wp\/v2\/comments?post=17357"}],"version-history":[{"count":2,"href":"https:\/\/armintour.com\/de\/wp-json\/wp\/v2\/pages\/17357\/revisions"}],"predecessor-version":[{"id":24785,"href":"https:\/\/armintour.com\/de\/wp-json\/wp\/v2\/pages\/17357\/revisions\/24785"}],"wp:featuredmedia":[{"embeddable":true,"href":"https:\/\/armintour.com\/de\/wp-json\/wp\/v2\/media\/17349"}],"wp:attachment":[{"href":"https:\/\/armintour.com\/de\/wp-json\/wp\/v2\/media?parent=17357"}],"curies":[{"name":"wp","href":"https:\/\/api.w.org\/{rel}","templated":true}]}}