{"id":17651,"date":"2023-01-04T16:44:20","date_gmt":"2023-01-04T12:44:20","guid":{"rendered":"https:\/\/intour.lizin.am\/cuisine\/"},"modified":"2023-01-22T20:22:10","modified_gmt":"2023-01-22T16:22:10","slug":"cuisine","status":"publish","type":"page","link":"https:\/\/armintour.com\/de\/cuisine\/","title":{"rendered":"Armenische K\u00fcche"},"content":{"rendered":"<section class=\"l-section wpb_row height_small\"><div class=\"l-section-h i-cf\"><div class=\"g-cols vc_row via_grid cols_1 laptops-cols_inherit tablets-cols_inherit mobiles-cols_1 valign_top type_default stacking_default\"><div class=\"wpb_column vc_column_container\"><div class=\"vc_column-inner\"><div id=\"ultimate-heading-478369ff6c89d4e92\" class=\"uvc-heading ult-adjust-bottom-margin ultimate-heading-478369ff6c89d4e92 uvc-529 \" data-hspacer=\"no_spacer\"  data-halign=\"center\" style=\"text-align:center\"><div class=\"uvc-heading-spacer no_spacer\" style=\"top\"><\/div><div class=\"uvc-main-heading ult-responsive\"  data-ultimate-target='.uvc-heading.ultimate-heading-478369ff6c89d4e92 h3'  data-responsive-json-new='{\"font-size\":\"\",\"line-height\":\"\"}' ><h3 style=\"font-weight:bold;\">Lawasch<\/h3><\/div><div class=\"uvc-sub-heading ult-responsive\"  data-ultimate-target='.uvc-heading.ultimate-heading-478369ff6c89d4e92 .uvc-sub-heading '  data-responsive-json-new='{\"font-size\":\"\",\"line-height\":\"\"}'  style=\"font-weight:normal;margin-top:10px;\">\n<p style=\"text-align: left;\">Ein wichtiger Bestandteil der armenischen K\u00fcche ist das Lawasch \u2013 das traditionelle Fladenbrot. Die drei Zutaten des urspr\u00fcnglichen Rezeptes sind lediglich Mehl, Wasser und Salz. Der Teig ist hauchd\u00fcnn, bis etwa ein Meter lang und wird auf die hei\u00dfen Fl\u00e4chen des Backofens, der unterirdisch gebaut ist und Tonir hei\u00dft, gegeben. In wenigen Sekunden dampft und duftet es und ist mit frischen Kr\u00e4utern und K\u00e4se zum Schmecken bereit.<br \/>\nArmenische K\u00fcche ist wie ein Gedicht, bei dem jede Zeile sein eigenes Aroma hat und erinnert an unz\u00e4hlige Abendessen unserer Vorfahren. Tausende von Geheimnissen liegen im Grunde der armenischen K\u00fcche, Hunderte von Gedichten wurden ihr gewidmet.<br \/>\nEines der wichtigsten Gerichte der armenischen K\u00fcche ist Tolma &#8211; gef\u00fcllte Trauben- und Kohlbl\u00e4tter mit Hackfleisch, ganz sanft gew\u00fcrzt. Als So\u00dfe dazu passt Mazun (armenischer Joghurt) mit gepre\u00dftem Knoblauch ganz prima.<br \/>\nArmenier haben in den fr\u00fchen Zeiten Chorowaz (Schaschlik) in Lawasch gewickelt, und es war ein beliebtes Gericht damals und bis heute auch noch. Chorowaz ist gut zu jeder Jahreszeit. Im Sommer wird Chorowaz in der Regel mit den am Spie\u00df auf hei\u00dfen geloschenen Kohlen gegrillten Tomaten, Auberginen und Paprika serviert.<\/p>\n<\/div><\/div><\/div><\/div><\/div><\/div><\/section><section class=\"l-section wpb_row height_auto\"><div class=\"l-section-h i-cf\"><div class=\"g-cols vc_row via_grid cols_1 laptops-cols_inherit tablets-cols_inherit mobiles-cols_1 valign_top type_default stacking_default\"><div class=\"wpb_column vc_column_container\"><div class=\"vc_column-inner\"><div class=\"w-slider style_none fit_scaledown nav_dots count_21\"><div class=\"w-slider-h\" aria-hidden=\"true\"><div class=\"royalSlider\"><div class=\"rsContent\"><a class=\"rsImg\" data-rsw=\"2000\" data-rsh=\"1500\" data-rsBigImg=\"https:\/\/armintour.com\/wp-content\/uploads\/2023\/01\/e365290b6fad3560961017ceeb8a1928.jpg\" href=\"https:\/\/armintour.com\/wp-content\/uploads\/2023\/01\/e365290b6fad3560961017ceeb8a1928.jpg\"><span data-alt=\"\"><\/span><\/a><\/div><div class=\"rsContent\"><a class=\"rsImg\" data-rsw=\"2000\" data-rsh=\"1430\" data-rsBigImg=\"https:\/\/armintour.com\/wp-content\/uploads\/2023\/01\/1626704409_17-kartinkin-com-p-armyanskii-sup-khash-yeda-krasivo-foto-26.jpg\" href=\"https:\/\/armintour.com\/wp-content\/uploads\/2023\/01\/1626704409_17-kartinkin-com-p-armyanskii-sup-khash-yeda-krasivo-foto-26.jpg\"><span data-alt=\"\"><\/span><\/a><\/div><div class=\"rsContent\"><a class=\"rsImg\" data-rsw=\"2000\" data-rsh=\"1415\" data-rsBigImg=\"https:\/\/armintour.com\/wp-content\/uploads\/2023\/01\/dc0c7c35c66718d876f4101b389ef3d0.jpg\" href=\"https:\/\/armintour.com\/wp-content\/uploads\/2023\/01\/dc0c7c35c66718d876f4101b389ef3d0.jpg\"><span data-alt=\"\"><\/span><\/a><\/div><div class=\"rsContent\"><a class=\"rsImg\" data-rsw=\"2000\" data-rsh=\"1333\" data-rsBigImg=\"https:\/\/armintour.com\/wp-content\/uploads\/2023\/01\/DSC02946-1.jpg\" href=\"https:\/\/armintour.com\/wp-content\/uploads\/2023\/01\/DSC02946-1.jpg\"><span data-alt=\"\"><\/span><\/a><\/div><div class=\"rsContent\"><a class=\"rsImg\" data-rsw=\"1600\" data-rsh=\"1067\" data-rsBigImg=\"https:\/\/armintour.com\/wp-content\/uploads\/2023\/01\/sup-spas.png\" href=\"https:\/\/armintour.com\/wp-content\/uploads\/2023\/01\/sup-spas.png\"><span data-alt=\"\"><\/span><\/a><\/div><div class=\"rsContent\"><a class=\"rsImg\" data-rsw=\"1280\" data-rsh=\"720\" data-rsBigImg=\"https:\/\/armintour.com\/wp-content\/uploads\/2023\/01\/maxresdefault-1-1.jpg\" href=\"https:\/\/armintour.com\/wp-content\/uploads\/2023\/01\/maxresdefault-1-1.jpg\"><span data-alt=\"\"><\/span><\/a><\/div><div class=\"rsContent\"><a class=\"rsImg\" data-rsw=\"1280\" data-rsh=\"720\" data-rsBigImg=\"https:\/\/armintour.com\/wp-content\/uploads\/2023\/01\/maxresdefault-2.jpg\" href=\"https:\/\/armintour.com\/wp-content\/uploads\/2023\/01\/maxresdefault-2.jpg\"><span data-alt=\"\"><\/span><\/a><\/div><div class=\"rsContent\"><a class=\"rsImg\" data-rsw=\"1456\" data-rsh=\"970\" data-rsBigImg=\"https:\/\/armintour.com\/wp-content\/uploads\/2023\/01\/1626704409_16-kartinkin-com-p-armyanskii-sup-khash-yeda-krasivo-foto-25.jpg\" href=\"https:\/\/armintour.com\/wp-content\/uploads\/2023\/01\/1626704409_16-kartinkin-com-p-armyanskii-sup-khash-yeda-krasivo-foto-25.jpg\"><span data-alt=\"\"><\/span><\/a><\/div><div class=\"rsContent\"><a class=\"rsImg\" data-rsw=\"1678\" data-rsh=\"1119\" data-rsBigImg=\"https:\/\/armintour.com\/wp-content\/uploads\/2023\/01\/1627752289_10-kartinkin-com-p-blyuda-tsiganskoi-kukhni-yeda-krasivo-foto-11.jpg\" href=\"https:\/\/armintour.com\/wp-content\/uploads\/2023\/01\/1627752289_10-kartinkin-com-p-blyuda-tsiganskoi-kukhni-yeda-krasivo-foto-11.jpg\"><span data-alt=\"\"><\/span><\/a><\/div><div class=\"rsContent\"><a class=\"rsImg\" data-rsw=\"1024\" data-rsh=\"1024\" data-rsBigImg=\"https:\/\/armintour.com\/wp-content\/uploads\/2023\/01\/1626284359_44-kartinkin-com-p-armyanskaya-yeda-yeda-krasivo-foto-55.jpg\" href=\"https:\/\/armintour.com\/wp-content\/uploads\/2023\/01\/1626284359_44-kartinkin-com-p-armyanskaya-yeda-yeda-krasivo-foto-55.jpg\"><span data-alt=\"\"><\/span><\/a><\/div><div class=\"rsContent\"><a class=\"rsImg\" data-rsw=\"1920\" data-rsh=\"1279\" data-rsBigImg=\"https:\/\/armintour.com\/wp-content\/uploads\/2023\/01\/1668526537_23-na-dache-pro-p-armyanskaya-kukhnya-foto-23.jpg\" href=\"https:\/\/armintour.com\/wp-content\/uploads\/2023\/01\/1668526537_23-na-dache-pro-p-armyanskaya-kukhnya-foto-23.jpg\"><span data-alt=\"\"><\/span><\/a><\/div><div class=\"rsContent\"><a class=\"rsImg\" data-rsw=\"1400\" data-rsh=\"933\" data-rsBigImg=\"https:\/\/armintour.com\/wp-content\/uploads\/2023\/01\/1617234337_44-p-blyuda-armyanskoi-kukhni-krasivo-45.jpg\" href=\"https:\/\/armintour.com\/wp-content\/uploads\/2023\/01\/1617234337_44-p-blyuda-armyanskoi-kukhni-krasivo-45.jpg\"><span data-alt=\"\"><\/span><\/a><\/div><div class=\"rsContent\"><a class=\"rsImg\" data-rsw=\"1280\" data-rsh=\"853\" data-rsBigImg=\"https:\/\/armintour.com\/wp-content\/uploads\/2023\/01\/JY-wapSXNhU.jpg\" href=\"https:\/\/armintour.com\/wp-content\/uploads\/2023\/01\/JY-wapSXNhU.jpg\"><span data-alt=\"\"><\/span><\/a><\/div><div class=\"rsContent\"><a class=\"rsImg\" data-rsw=\"2000\" data-rsh=\"1342\" data-rsBigImg=\"https:\/\/armintour.com\/wp-content\/uploads\/2023\/01\/lj2.jpg\" href=\"https:\/\/armintour.com\/wp-content\/uploads\/2023\/01\/lj2.jpg\"><span data-alt=\"\"><\/span><\/a><\/div><div class=\"rsContent\"><a class=\"rsImg\" data-rsw=\"1200\" data-rsh=\"900\" data-rsBigImg=\"https:\/\/armintour.com\/wp-content\/uploads\/2023\/01\/1617234294_57-p-blyuda-armyanskoi-kukhni-krasivo-60.jpg\" href=\"https:\/\/armintour.com\/wp-content\/uploads\/2023\/01\/1617234294_57-p-blyuda-armyanskoi-kukhni-krasivo-60.jpg\"><span data-alt=\"\"><\/span><\/a><\/div><div class=\"rsContent\"><a class=\"rsImg\" data-rsw=\"1280\" data-rsh=\"853\" data-rsBigImg=\"https:\/\/armintour.com\/wp-content\/uploads\/2023\/01\/7f2a0150dd286841dd0eec0caaa00087.jpeg\" href=\"https:\/\/armintour.com\/wp-content\/uploads\/2023\/01\/7f2a0150dd286841dd0eec0caaa00087.jpeg\"><span data-alt=\"\"><\/span><\/a><\/div><div class=\"rsContent\"><a class=\"rsImg\" data-rsw=\"1280\" data-rsh=\"853\" data-rsBigImg=\"https:\/\/armintour.com\/wp-content\/uploads\/2023\/01\/1617234334_14-p-blyuda-armyanskoi-kukhni-krasivo-14.jpg\" href=\"https:\/\/armintour.com\/wp-content\/uploads\/2023\/01\/1617234334_14-p-blyuda-armyanskoi-kukhni-krasivo-14.jpg\"><span data-alt=\"\"><\/span><\/a><\/div><div class=\"rsContent\"><a class=\"rsImg\" data-rsw=\"1680\" data-rsh=\"1120\" data-rsBigImg=\"https:\/\/armintour.com\/wp-content\/uploads\/2023\/01\/10414574163463875_6a.jpg\" href=\"https:\/\/armintour.com\/wp-content\/uploads\/2023\/01\/10414574163463875_6a.jpg\"><span data-alt=\"\"><\/span><\/a><\/div><div class=\"rsContent\"><a class=\"rsImg\" data-rsw=\"1200\" data-rsh=\"800\" data-rsBigImg=\"https:\/\/armintour.com\/wp-content\/uploads\/2023\/01\/f38c3f3092b999bac231b577236ba411.jpeg\" href=\"https:\/\/armintour.com\/wp-content\/uploads\/2023\/01\/f38c3f3092b999bac231b577236ba411.jpeg\"><span data-alt=\"\"><\/span><\/a><\/div><div class=\"rsContent\"><a class=\"rsImg\" data-rsw=\"1600\" data-rsh=\"1200\" data-rsBigImg=\"https:\/\/armintour.com\/wp-content\/uploads\/2023\/01\/armenia2.jpg\" href=\"https:\/\/armintour.com\/wp-content\/uploads\/2023\/01\/armenia2.jpg\"><span data-alt=\"\"><\/span><\/a><\/div><div class=\"rsContent\"><a class=\"rsImg\" data-rsw=\"1920\" data-rsh=\"2111\" data-rsBigImg=\"https:\/\/armintour.com\/wp-content\/uploads\/2023\/01\/12829612_404_0_2266_2048_1920x0_80_0_0_ea4cef076d2588fc024a851d1fb9f528.jpg\" href=\"https:\/\/armintour.com\/wp-content\/uploads\/2023\/01\/12829612_404_0_2266_2048_1920x0_80_0_0_ea4cef076d2588fc024a851d1fb9f528.jpg\"><span data-alt=\"\"><\/span><\/a><\/div><\/div><img decoding=\"async\" src=\"https:\/\/armintour.com\/wp-content\/uploads\/2023\/01\/e365290b6fad3560961017ceeb8a1928.jpg\" width=\"2000\" height=\"1500\" alt loading=\"lazy\"><\/div><div class=\"w-slider-json\" onclick='return {&quot;autoScaleSlider&quot;:true,&quot;addActiveClass&quot;:true,&quot;loop&quot;:true,&quot;fadeInLoadedSlide&quot;:false,&quot;slidesSpacing&quot;:0,&quot;imageScalePadding&quot;:0,&quot;numImagesToPreload&quot;:2,&quot;arrowsNav&quot;:false,&quot;arrowsNavAutoHide&quot;:false,&quot;transitionType&quot;:&quot;move&quot;,&quot;transitionSpeed&quot;:250,&quot;block&quot;:{&quot;moveEffect&quot;:&quot;none&quot;,&quot;speed&quot;:300},&quot;thumbs&quot;:{&quot;fitInViewport&quot;:false,&quot;firstMargin&quot;:false,&quot;spacing&quot;:4},&quot;controlNavigation&quot;:&quot;bullets&quot;,&quot;autoplay&quot;:{&quot;enabled&quot;:true,&quot;pauseOnHover&quot;:false,&quot;delay&quot;:3000},&quot;fullscreen&quot;:{&quot;enabled&quot;:true},&quot;autoScaleSliderWidth&quot;:2000,&quot;autoScaleSliderHeight&quot;:1500}'><\/div><\/div><\/div><\/div><\/div><\/div><\/section><section class=\"l-section wpb_row height_small\"><div class=\"l-section-h i-cf\"><div class=\"g-cols vc_row via_grid cols_1 laptops-cols_inherit tablets-cols_inherit mobiles-cols_1 valign_top type_default stacking_default\"><div class=\"wpb_column vc_column_container\"><div class=\"vc_column-inner\"><div id=\"ultimate-heading-635569ff6c8a02cab\" class=\"uvc-heading ult-adjust-bottom-margin ultimate-heading-635569ff6c8a02cab uvc-5235 \" data-hspacer=\"no_spacer\"  data-halign=\"center\" style=\"text-align:center\"><div class=\"uvc-heading-spacer no_spacer\" style=\"top\"><\/div><div class=\"uvc-main-heading ult-responsive\"  data-ultimate-target='.uvc-heading.ultimate-heading-635569ff6c8a02cab h3'  data-responsive-json-new='{\"font-size\":\"\",\"line-height\":\"\"}' ><h3 style=\"font-weight:bold;\">Armenischer Wein und Schnaps<\/h3><\/div><div class=\"uvc-sub-heading ult-responsive\"  data-ultimate-target='.uvc-heading.ultimate-heading-635569ff6c8a02cab .uvc-sub-heading '  data-responsive-json-new='{\"font-size\":\"\",\"line-height\":\"\"}'  style=\"font-weight:normal;margin-top:10px;\">\n<p style=\"text-align: left;\">Laut der Legende war Noah der erste Winzer der Welt. Nach dem Ende der Sintflut soll die Arche von Noah auf dem Berg Ararat gestrandet sein, wo Noah am Fu\u00dfe des heiligen Berges Ararat die erste Weinrebe angepflanzt hat. Gerade hier haben der Weinanbau und die Weinherstellung ihren Anfang genommen.<br \/>\nUnsere Ausfl\u00fcge bieten die M\u00f6glichkeit an, eine Schnaps- und Weinfabrik zu besuchen, wo man Vieles \u00fcber die Geschichte der armenischen Wein- und Kognakherstellung erfahren kann. Nachher besteht die M\u00f6glichkeit, verschiedene Kognaksorten zu verkosten.<\/p>\n<\/div><\/div><\/div><\/div><\/div><\/div><\/section><section class=\"l-section wpb_row height_auto\"><div class=\"l-section-h i-cf\"><div class=\"g-cols vc_row via_grid cols_1 laptops-cols_inherit tablets-cols_inherit mobiles-cols_1 valign_top type_default stacking_default\"><div class=\"wpb_column vc_column_container\"><div class=\"vc_column-inner\"><div class=\"w-slider style_none fit_scaledown nav_dots count_13\"><div class=\"w-slider-h\" aria-hidden=\"true\"><div class=\"royalSlider\"><div class=\"rsContent\"><a class=\"rsImg\" data-rsw=\"1920\" data-rsh=\"1280\" data-rsBigImg=\"https:\/\/armintour.com\/wp-content\/uploads\/2023\/01\/armenian-brandy-2.jpg\" href=\"https:\/\/armintour.com\/wp-content\/uploads\/2023\/01\/armenian-brandy-2.jpg\"><span data-alt=\"\"><\/span><\/a><\/div><div class=\"rsContent\"><a class=\"rsImg\" data-rsw=\"1920\" data-rsh=\"985\" data-rsBigImg=\"https:\/\/armintour.com\/wp-content\/uploads\/2023\/01\/armenian-brandy-4.jpg\" href=\"https:\/\/armintour.com\/wp-content\/uploads\/2023\/01\/armenian-brandy-4.jpg\"><span data-alt=\"\"><\/span><\/a><\/div><div class=\"rsContent\"><a class=\"rsImg\" data-rsw=\"1600\" data-rsh=\"1067\" data-rsBigImg=\"https:\/\/armintour.com\/wp-content\/uploads\/2023\/01\/armenian-brandy-5.jpg\" href=\"https:\/\/armintour.com\/wp-content\/uploads\/2023\/01\/armenian-brandy-5.jpg\"><span data-alt=\"\"><\/span><\/a><\/div><div class=\"rsContent\"><a class=\"rsImg\" data-rsw=\"1332\" data-rsh=\"888\" data-rsBigImg=\"https:\/\/armintour.com\/wp-content\/uploads\/2023\/01\/armenian-brandy-3.jpg\" href=\"https:\/\/armintour.com\/wp-content\/uploads\/2023\/01\/armenian-brandy-3.jpg\"><span data-alt=\"\"><\/span><\/a><\/div><div class=\"rsContent\"><a class=\"rsImg\" data-rsw=\"1500\" data-rsh=\"1000\" data-rsBigImg=\"https:\/\/armintour.com\/wp-content\/uploads\/2023\/01\/armenian-brandy-1.jpg\" href=\"https:\/\/armintour.com\/wp-content\/uploads\/2023\/01\/armenian-brandy-1.jpg\"><span data-alt=\"\"><\/span><\/a><\/div><div class=\"rsContent\"><a class=\"rsImg\" data-rsw=\"1600\" data-rsh=\"1233\" data-rsBigImg=\"https:\/\/armintour.com\/wp-content\/uploads\/2023\/01\/armenian-wine-8.jpg\" href=\"https:\/\/armintour.com\/wp-content\/uploads\/2023\/01\/armenian-wine-8.jpg\"><span data-alt=\"\"><\/span><\/a><\/div><div class=\"rsContent\"><a class=\"rsImg\" data-rsw=\"1726\" data-rsh=\"524\" data-rsBigImg=\"https:\/\/armintour.com\/wp-content\/uploads\/2023\/01\/armenian-wine-7.jpg\" href=\"https:\/\/armintour.com\/wp-content\/uploads\/2023\/01\/armenian-wine-7.jpg\"><span data-alt=\"\"><\/span><\/a><\/div><div class=\"rsContent\"><a class=\"rsImg\" data-rsw=\"1500\" data-rsh=\"1000\" data-rsBigImg=\"https:\/\/armintour.com\/wp-content\/uploads\/2023\/01\/armenian-wine-6.jpg\" href=\"https:\/\/armintour.com\/wp-content\/uploads\/2023\/01\/armenian-wine-6.jpg\"><span data-alt=\"\"><\/span><\/a><\/div><div class=\"rsContent\"><a class=\"rsImg\" data-rsw=\"1440\" data-rsh=\"1440\" data-rsBigImg=\"https:\/\/armintour.com\/wp-content\/uploads\/2023\/01\/armenian-wine-5.jpg\" href=\"https:\/\/armintour.com\/wp-content\/uploads\/2023\/01\/armenian-wine-5.jpg\"><span data-alt=\"\"><\/span><\/a><\/div><div class=\"rsContent\"><a class=\"rsImg\" data-rsw=\"2048\" data-rsh=\"1362\" data-rsBigImg=\"https:\/\/armintour.com\/wp-content\/uploads\/2023\/01\/armenian-wine-4.jpg\" href=\"https:\/\/armintour.com\/wp-content\/uploads\/2023\/01\/armenian-wine-4.jpg\"><span data-alt=\"\"><\/span><\/a><\/div><div class=\"rsContent\"><a class=\"rsImg\" data-rsw=\"1125\" data-rsh=\"743\" data-rsBigImg=\"https:\/\/armintour.com\/wp-content\/uploads\/2023\/01\/armenian-wine-2.jpg\" href=\"https:\/\/armintour.com\/wp-content\/uploads\/2023\/01\/armenian-wine-2.jpg\"><span data-alt=\"\"><\/span><\/a><\/div><div class=\"rsContent\"><a class=\"rsImg\" data-rsw=\"1920\" data-rsh=\"1280\" data-rsBigImg=\"https:\/\/armintour.com\/wp-content\/uploads\/2023\/01\/armenian-wine-1.jpg\" href=\"https:\/\/armintour.com\/wp-content\/uploads\/2023\/01\/armenian-wine-1.jpg\"><span data-alt=\"\"><\/span><\/a><\/div><div class=\"rsContent\"><a class=\"rsImg\" data-rsw=\"1068\" data-rsh=\"801\" data-rsBigImg=\"https:\/\/armintour.com\/wp-content\/uploads\/2023\/01\/armenian-wine-3.jpg\" href=\"https:\/\/armintour.com\/wp-content\/uploads\/2023\/01\/armenian-wine-3.jpg\"><span data-alt=\"\"><\/span><\/a><\/div><\/div><img decoding=\"async\" src=\"https:\/\/armintour.com\/wp-content\/uploads\/2023\/01\/armenian-brandy-2.jpg\" width=\"1920\" height=\"1280\" alt loading=\"lazy\"><\/div><div class=\"w-slider-json\" onclick='return {&quot;autoScaleSlider&quot;:true,&quot;addActiveClass&quot;:true,&quot;loop&quot;:true,&quot;fadeInLoadedSlide&quot;:false,&quot;slidesSpacing&quot;:0,&quot;imageScalePadding&quot;:0,&quot;numImagesToPreload&quot;:2,&quot;arrowsNav&quot;:false,&quot;arrowsNavAutoHide&quot;:false,&quot;transitionType&quot;:&quot;move&quot;,&quot;transitionSpeed&quot;:250,&quot;block&quot;:{&quot;moveEffect&quot;:&quot;none&quot;,&quot;speed&quot;:300},&quot;thumbs&quot;:{&quot;fitInViewport&quot;:false,&quot;firstMargin&quot;:false,&quot;spacing&quot;:4},&quot;controlNavigation&quot;:&quot;bullets&quot;,&quot;autoplay&quot;:{&quot;enabled&quot;:true,&quot;pauseOnHover&quot;:false,&quot;delay&quot;:3000},&quot;fullscreen&quot;:{&quot;enabled&quot;:true},&quot;autoScaleSliderWidth&quot;:1920,&quot;autoScaleSliderHeight&quot;:1280}'><\/div><\/div><\/div><\/div><\/div><\/div><\/section>\n","protected":false},"excerpt":{"rendered":"Lawasch Ein wichtiger Bestandteil der armenischen K\u00fcche ist das Lawasch \u2013 das traditionelle Fladenbrot. Die drei Zutaten des urspr\u00fcnglichen Rezeptes sind lediglich Mehl, Wasser und Salz. Der Teig ist hauchd\u00fcnn, bis etwa ein Meter lang und wird auf die hei\u00dfen Fl\u00e4chen des Backofens, der unterirdisch gebaut ist und Tonir hei\u00dft, gegeben. In wenigen Sekunden dampft...","protected":false},"author":1,"featured_media":17537,"parent":0,"menu_order":0,"comment_status":"closed","ping_status":"closed","template":"","meta":{"footnotes":""},"class_list":["post-17651","page","type-page","status-publish","has-post-thumbnail","hentry"],"_links":{"self":[{"href":"https:\/\/armintour.com\/de\/wp-json\/wp\/v2\/pages\/17651","targetHints":{"allow":["GET"]}}],"collection":[{"href":"https:\/\/armintour.com\/de\/wp-json\/wp\/v2\/pages"}],"about":[{"href":"https:\/\/armintour.com\/de\/wp-json\/wp\/v2\/types\/page"}],"author":[{"embeddable":true,"href":"https:\/\/armintour.com\/de\/wp-json\/wp\/v2\/users\/1"}],"replies":[{"embeddable":true,"href":"https:\/\/armintour.com\/de\/wp-json\/wp\/v2\/comments?post=17651"}],"version-history":[{"count":3,"href":"https:\/\/armintour.com\/de\/wp-json\/wp\/v2\/pages\/17651\/revisions"}],"predecessor-version":[{"id":24787,"href":"https:\/\/armintour.com\/de\/wp-json\/wp\/v2\/pages\/17651\/revisions\/24787"}],"wp:featuredmedia":[{"embeddable":true,"href":"https:\/\/armintour.com\/de\/wp-json\/wp\/v2\/media\/17537"}],"wp:attachment":[{"href":"https:\/\/armintour.com\/de\/wp-json\/wp\/v2\/media?parent=17651"}],"curies":[{"name":"wp","href":"https:\/\/api.w.org\/{rel}","templated":true}]}}