{"id":24226,"date":"2023-01-03T19:47:50","date_gmt":"2023-01-03T15:47:50","guid":{"rendered":"https:\/\/intour.lizin.am\/aragatsotn-marz\/"},"modified":"2023-01-22T20:02:02","modified_gmt":"2023-01-22T16:02:02","slug":"aragatsotn-marz","status":"publish","type":"page","link":"https:\/\/armintour.com\/de\/aragatsotn-marz\/","title":{"rendered":"Region Aragazotn"},"content":{"rendered":"<section class=\"l-section wpb_row height_small\"><div class=\"l-section-h i-cf\"><div class=\"g-cols vc_row via_grid cols_1 laptops-cols_inherit tablets-cols_inherit mobiles-cols_1 valign_top type_default stacking_default\"><div class=\"wpb_column vc_column_container\"><div class=\"vc_column-inner\"><div class=\"wpb_text_column\"><div class=\"wpb_wrapper\"><p><strong>Territorium:<\/strong> 2753 km \u00b2<br \/>\n<strong>Landwirtschaftliche Fl\u00e4chen:<\/strong> 136.667 ha<br \/>\n<strong>Ackerland:<\/strong> 55.771 ha<br \/>\n<strong>Bev\u00f6lkerung:<\/strong> 129.800 Personen (2016)<\/p>\n<\/div><\/div><\/div><\/div><\/div><\/div><\/section><section class=\"l-section wpb_row height_small\"><div class=\"l-section-h i-cf\"><div class=\"g-cols vc_row via_grid cols_1 laptops-cols_inherit tablets-cols_inherit mobiles-cols_1 valign_top type_default stacking_default\"><div class=\"wpb_column vc_column_container\"><div class=\"vc_column-inner\"><div class=\"wpb_text_column\"><div class=\"wpb_wrapper\"><p>Die Region Aragazotn befindet sich im Westen der Republik Armenien, auf den H\u00e4ngen des Aragaz Berges (4096m hoch \u00fcber dem Meeresspiegel). Aragaz stand immer in der Mitte der Aufmerksamkeit der Reisenden und Geologen. Die H\u00e4nge des Berges sind mit Spuren der antiken Zivilisation bedeckt.<br \/>\nDas Gebiet ist durch seine bildhaften Sehensw\u00fcrdigkeiten bekannt. Kasach, Amberd, Geghagor und einige kleine Fl\u00fc\u00dfe flie\u00dfen durch das Territorium der Region. Von den meist interessanten und sch\u00f6nen Sehensw\u00fcrdigkeiten sind die Kirchen Ziranawor (10.-13.Jh), Karmrawor (7.Jh) und Spitakawor (13.Jh). Die Kirche Karmrawor hat ihr Aussehen mit dem roten Ziegeldach bis heute erhalten.<br \/>\nDas Dorf Bjurakan, das sich auf den H\u00e4ngen des Aragaz Berges liegt, ist die Wiege der astrophysischen Errungenschaften der armenischen Nation.<br \/>\n7 km von Byurakan nach Norden entfernt wurde im VII Jh. die Stadt-Festung Amberd zu der Regierungszeit von Kamsariden gebaut und blieb bis zum Ende des XIV Jh. erhalten. Die Festung liegt 2300 Meter hoch \u00fcber dem Meeresspiegel.<br \/>\nDas Klosterkomplex Saghmossawank wurde 1215-1290 gebaut. Im Jahre 1255 wurde hier ein Scriptorium gegr\u00fcndet, wo die Psalmen geschrieben und abgeschrieben wurden, sowie zahlreiche Miniatur-Abbildungen. Selbst das Wort Saghmos wird als Psalm \u00fcbersertzt. Von den weiteren Sehensw\u00fcrdigkeiten auf den H\u00e4ngen des Berges Aragaz sind die Fresken der Kirchen in Mastara, Talin und Aruch aus dem 7. Jahrhundert, sowie pr\u00e4chtige Schl\u00f6sser und uneinnehmbare Festungen interessant.<\/p>\n<\/div><\/div><\/div><\/div><\/div><\/div><\/section><section class=\"l-section wpb_row height_small\"><div class=\"l-section-h i-cf\"><div class=\"g-cols vc_row via_grid cols_1 laptops-cols_inherit tablets-cols_inherit mobiles-cols_1 valign_top type_default stacking_default\"><div class=\"wpb_column vc_column_container\"><div class=\"vc_column-inner\"><div class=\"w-slider style_none fit_contain nav_dots count_34\"><div class=\"w-slider-h\" aria-hidden=\"true\"><div class=\"royalSlider\"><div class=\"rsContent\"><a class=\"rsImg\" data-rsw=\"1920\" data-rsh=\"1160\" data-rsBigImg=\"https:\/\/armintour.com\/wp-content\/uploads\/2023\/01\/gora-aragats-1.jpg\" href=\"https:\/\/armintour.com\/wp-content\/uploads\/2023\/01\/gora-aragats-1.jpg\"><span data-alt=\"\"><\/span><\/a><\/div><div class=\"rsContent\"><a class=\"rsImg\" data-rsw=\"1586\" data-rsh=\"1043\" data-rsBigImg=\"https:\/\/armintour.com\/wp-content\/uploads\/2023\/01\/original.jpg\" href=\"https:\/\/armintour.com\/wp-content\/uploads\/2023\/01\/original.jpg\"><span data-alt=\"\"><\/span><\/a><\/div><div class=\"rsContent\"><a class=\"rsImg\" data-rsw=\"2000\" data-rsh=\"1333\" data-rsBigImg=\"https:\/\/armintour.com\/wp-content\/uploads\/2023\/01\/Aruch_palace_02.jpg\" href=\"https:\/\/armintour.com\/wp-content\/uploads\/2023\/01\/Aruch_palace_02.jpg\"><span data-alt=\"\"><\/span><\/a><\/div><div class=\"rsContent\"><a class=\"rsImg\" data-rsw=\"2000\" data-rsh=\"1333\" data-rsBigImg=\"https:\/\/armintour.com\/wp-content\/uploads\/2023\/01\/Dashtadem.jpg\" href=\"https:\/\/armintour.com\/wp-content\/uploads\/2023\/01\/Dashtadem.jpg\"><span data-alt=\"\"><\/span><\/a><\/div><div class=\"rsContent\"><a class=\"rsImg\" data-rsw=\"2000\" data-rsh=\"1500\" data-rsBigImg=\"https:\/\/armintour.com\/wp-content\/uploads\/2023\/01\/Cathedral_of_Aruch_17_July_2019_-_01.jpg\" href=\"https:\/\/armintour.com\/wp-content\/uploads\/2023\/01\/Cathedral_of_Aruch_17_July_2019_-_01.jpg\"><span data-alt=\"\"><\/span><\/a><\/div><div class=\"rsContent\"><a class=\"rsImg\" data-rsw=\"2000\" data-rsh=\"1500\" data-rsBigImg=\"https:\/\/armintour.com\/wp-content\/uploads\/2023\/01\/Aruch_Caravanserai_04.jpg\" href=\"https:\/\/armintour.com\/wp-content\/uploads\/2023\/01\/Aruch_Caravanserai_04.jpg\"><span data-alt=\"\"><\/span><\/a><\/div><div class=\"rsContent\"><a class=\"rsImg\" data-rsw=\"2000\" data-rsh=\"1500\" data-rsBigImg=\"https:\/\/armintour.com\/wp-content\/uploads\/2023\/01\/Avan_1.jpg\" href=\"https:\/\/armintour.com\/wp-content\/uploads\/2023\/01\/Avan_1.jpg\"><span data-alt=\"\"><\/span><\/a><\/div><div class=\"rsContent\"><a class=\"rsImg\" data-rsw=\"1200\" data-rsh=\"809\" data-rsBigImg=\"https:\/\/armintour.com\/wp-content\/uploads\/2023\/01\/Talin-2.jpg\" href=\"https:\/\/armintour.com\/wp-content\/uploads\/2023\/01\/Talin-2.jpg\"><span data-alt=\"\"><\/span><\/a><\/div><div class=\"rsContent\"><a class=\"rsImg\" data-rsw=\"900\" data-rsh=\"600\" data-rsBigImg=\"https:\/\/armintour.com\/wp-content\/uploads\/2023\/01\/Talin-1.jpg\" href=\"https:\/\/armintour.com\/wp-content\/uploads\/2023\/01\/Talin-1.jpg\"><span data-alt=\"\"><\/span><\/a><\/div><div class=\"rsContent\"><a class=\"rsImg\" data-rsw=\"1266\" data-rsh=\"950\" data-rsBigImg=\"https:\/\/armintour.com\/wp-content\/uploads\/2023\/01\/Mastara.jpg\" href=\"https:\/\/armintour.com\/wp-content\/uploads\/2023\/01\/Mastara.jpg\"><span data-alt=\"\"><\/span><\/a><\/div><div class=\"rsContent\"><a class=\"rsImg\" data-rsw=\"1280\" data-rsh=\"720\" data-rsBigImg=\"https:\/\/armintour.com\/wp-content\/uploads\/2023\/01\/Saghmosavank-2.jpg\" href=\"https:\/\/armintour.com\/wp-content\/uploads\/2023\/01\/Saghmosavank-2.jpg\"><span data-alt=\"\"><\/span><\/a><\/div><div class=\"rsContent\"><a class=\"rsImg\" data-rsw=\"1200\" data-rsh=\"800\" data-rsBigImg=\"https:\/\/armintour.com\/wp-content\/uploads\/2023\/01\/Saghmosavank-1.jpeg\" href=\"https:\/\/armintour.com\/wp-content\/uploads\/2023\/01\/Saghmosavank-1.jpeg\"><span data-alt=\"\"><\/span><\/a><\/div><div class=\"rsContent\"><a class=\"rsImg\" data-rsw=\"1200\" data-rsh=\"800\" data-rsBigImg=\"https:\/\/armintour.com\/wp-content\/uploads\/2023\/01\/hqdefault-4.jpeg\" href=\"https:\/\/armintour.com\/wp-content\/uploads\/2023\/01\/hqdefault-4.jpeg\"><span data-alt=\"\"><\/span><\/a><\/div><div class=\"rsContent\"><a class=\"rsImg\" data-rsw=\"1024\" data-rsh=\"685\" data-rsBigImg=\"https:\/\/armintour.com\/wp-content\/uploads\/2023\/01\/byurakan_1024x685_gya.jpg\" href=\"https:\/\/armintour.com\/wp-content\/uploads\/2023\/01\/byurakan_1024x685_gya.jpg\"><span data-alt=\"\"><\/span><\/a><\/div><div class=\"rsContent\"><a class=\"rsImg\" data-rsw=\"800\" data-rsh=\"533\" data-rsBigImg=\"https:\/\/armintour.com\/wp-content\/uploads\/2023\/01\/800px-Byurakan_2.jpg\" href=\"https:\/\/armintour.com\/wp-content\/uploads\/2023\/01\/800px-Byurakan_2.jpg\"><span data-alt=\"\"><\/span><\/a><\/div><div class=\"rsContent\"><a class=\"rsImg\" data-rsw=\"1024\" data-rsh=\"768\" data-rsBigImg=\"https:\/\/armintour.com\/wp-content\/uploads\/2023\/01\/SAM_1089.jpg\" href=\"https:\/\/armintour.com\/wp-content\/uploads\/2023\/01\/SAM_1089.jpg\"><span data-alt=\"\"><\/span><\/a><\/div><div class=\"rsContent\"><a class=\"rsImg\" data-rsw=\"1220\" data-rsh=\"686\" data-rsBigImg=\"https:\/\/armintour.com\/wp-content\/uploads\/2023\/01\/1794288936_0_0_2730_1536_1220x0_80_0_0_1ffbfb34e7dc7996271cc213f7580248.jpg\" href=\"https:\/\/armintour.com\/wp-content\/uploads\/2023\/01\/1794288936_0_0_2730_1536_1220x0_80_0_0_1ffbfb34e7dc7996271cc213f7580248.jpg\"><span data-alt=\"\"><\/span><\/a><\/div><div class=\"rsContent\"><a class=\"rsImg\" data-rsw=\"760\" data-rsh=\"712\" data-rsBigImg=\"https:\/\/armintour.com\/wp-content\/uploads\/2023\/01\/5-46.jpg\" href=\"https:\/\/armintour.com\/wp-content\/uploads\/2023\/01\/5-46.jpg\"><span data-alt=\"\"><\/span><\/a><\/div><div class=\"rsContent\"><a class=\"rsImg\" data-rsw=\"1024\" data-rsh=\"681\" data-rsBigImg=\"https:\/\/armintour.com\/wp-content\/uploads\/2023\/01\/32031105848_530a58bd13_b.jpg\" href=\"https:\/\/armintour.com\/wp-content\/uploads\/2023\/01\/32031105848_530a58bd13_b.jpg\"><span data-alt=\"\"><\/span><\/a><\/div><div class=\"rsContent\"><a class=\"rsImg\" data-rsw=\"1200\" data-rsh=\"800\" data-rsBigImg=\"https:\/\/armintour.com\/wp-content\/uploads\/2023\/01\/hqdefault-3.jpeg\" href=\"https:\/\/armintour.com\/wp-content\/uploads\/2023\/01\/hqdefault-3.jpeg\"><span data-alt=\"\"><\/span><\/a><\/div><div class=\"rsContent\"><a class=\"rsImg\" data-rsw=\"1280\" data-rsh=\"650\" data-rsBigImg=\"https:\/\/armintour.com\/wp-content\/uploads\/2023\/01\/aa336219-e490-477c-ae09-9d9f645c7f5f.jpeg\" href=\"https:\/\/armintour.com\/wp-content\/uploads\/2023\/01\/aa336219-e490-477c-ae09-9d9f645c7f5f.jpeg\"><span data-alt=\"\"><\/span><\/a><\/div><div class=\"rsContent\"><a class=\"rsImg\" data-rsw=\"1200\" data-rsh=\"800\" data-rsBigImg=\"https:\/\/armintour.com\/wp-content\/uploads\/2023\/01\/hqdefault-2.jpeg\" href=\"https:\/\/armintour.com\/wp-content\/uploads\/2023\/01\/hqdefault-2.jpeg\"><span data-alt=\"\"><\/span><\/a><\/div><div class=\"rsContent\"><a class=\"rsImg\" data-rsw=\"1200\" data-rsh=\"800\" data-rsBigImg=\"https:\/\/armintour.com\/wp-content\/uploads\/2023\/01\/hqdefault-1.jpeg\" href=\"https:\/\/armintour.com\/wp-content\/uploads\/2023\/01\/hqdefault-1.jpeg\"><span data-alt=\"\"><\/span><\/a><\/div><div class=\"rsContent\"><a class=\"rsImg\" data-rsw=\"1200\" data-rsh=\"676\" data-rsBigImg=\"https:\/\/armintour.com\/wp-content\/uploads\/2023\/01\/Aramus_Tsiranavor_church_15.jpg\" href=\"https:\/\/armintour.com\/wp-content\/uploads\/2023\/01\/Aramus_Tsiranavor_church_15.jpg\"><span data-alt=\"\"><\/span><\/a><\/div><div class=\"rsContent\"><a class=\"rsImg\" data-rsw=\"1200\" data-rsh=\"800\" data-rsBigImg=\"https:\/\/armintour.com\/wp-content\/uploads\/2023\/01\/1200px-Tsiranavor_church_of_Ashtarak_front_view.jpg\" href=\"https:\/\/armintour.com\/wp-content\/uploads\/2023\/01\/1200px-Tsiranavor_church_of_Ashtarak_front_view.jpg\"><span data-alt=\"\"><\/span><\/a><\/div><div class=\"rsContent\"><a class=\"rsImg\" data-rsw=\"1920\" data-rsh=\"1142\" data-rsBigImg=\"https:\/\/armintour.com\/wp-content\/uploads\/2023\/01\/P5110143.jpg\" href=\"https:\/\/armintour.com\/wp-content\/uploads\/2023\/01\/P5110143.jpg\"><span data-alt=\"\"><\/span><\/a><\/div><div class=\"rsContent\"><a class=\"rsImg\" data-rsw=\"845\" data-rsh=\"684\" data-rsBigImg=\"https:\/\/armintour.com\/wp-content\/uploads\/2023\/01\/4da4d3e8fbeda0179d6f347f96c14e0e.jpeg\" href=\"https:\/\/armintour.com\/wp-content\/uploads\/2023\/01\/4da4d3e8fbeda0179d6f347f96c14e0e.jpeg\"><span data-alt=\"\"><\/span><\/a><\/div><div class=\"rsContent\"><a class=\"rsImg\" data-rsw=\"1512\" data-rsh=\"1080\" data-rsBigImg=\"https:\/\/armintour.com\/wp-content\/uploads\/2023\/01\/262973916.jpg\" href=\"https:\/\/armintour.com\/wp-content\/uploads\/2023\/01\/262973916.jpg\"><span data-alt=\"\"><\/span><\/a><\/div><div class=\"rsContent\"><a class=\"rsImg\" data-rsw=\"1599\" data-rsh=\"1066\" data-rsBigImg=\"https:\/\/armintour.com\/wp-content\/uploads\/2023\/01\/Amberd_Fortress7.jpg\" href=\"https:\/\/armintour.com\/wp-content\/uploads\/2023\/01\/Amberd_Fortress7.jpg\"><span data-alt=\"\"><\/span><\/a><\/div><div class=\"rsContent\"><a class=\"rsImg\" data-rsw=\"1200\" data-rsh=\"800\" data-rsBigImg=\"https:\/\/armintour.com\/wp-content\/uploads\/2023\/01\/hqdefault-5.jpeg\" href=\"https:\/\/armintour.com\/wp-content\/uploads\/2023\/01\/hqdefault-5.jpeg\"><span data-alt=\"\"><\/span><\/a><\/div><div class=\"rsContent\"><a class=\"rsImg\" data-rsw=\"1239\" data-rsh=\"827\" data-rsBigImg=\"https:\/\/armintour.com\/wp-content\/uploads\/2023\/01\/Aragats_Mountain_8.jpg\" href=\"https:\/\/armintour.com\/wp-content\/uploads\/2023\/01\/Aragats_Mountain_8.jpg\"><span data-alt=\"\"><\/span><\/a><\/div><div class=\"rsContent\"><a class=\"rsImg\" data-rsw=\"1200\" data-rsh=\"801\" data-rsBigImg=\"https:\/\/armintour.com\/wp-content\/uploads\/2023\/01\/5511866.jpg\" href=\"https:\/\/armintour.com\/wp-content\/uploads\/2023\/01\/5511866.jpg\"><span data-alt=\"\"><\/span><\/a><\/div><div class=\"rsContent\"><a class=\"rsImg\" data-rsw=\"1024\" data-rsh=\"768\" data-rsBigImg=\"https:\/\/armintour.com\/wp-content\/uploads\/2023\/01\/05dc4bed987b29f04cad29f483153306.jpeg\" href=\"https:\/\/armintour.com\/wp-content\/uploads\/2023\/01\/05dc4bed987b29f04cad29f483153306.jpeg\"><span data-alt=\"\"><\/span><\/a><\/div><div class=\"rsContent\"><a class=\"rsImg\" data-rsw=\"1000\" data-rsh=\"667\" data-rsBigImg=\"https:\/\/armintour.com\/wp-content\/uploads\/2023\/01\/945863_original.jpg\" href=\"https:\/\/armintour.com\/wp-content\/uploads\/2023\/01\/945863_original.jpg\"><span data-alt=\"\"><\/span><\/a><\/div><\/div><img decoding=\"async\" src=\"https:\/\/armintour.com\/wp-content\/uploads\/2023\/01\/gora-aragats-1.jpg\" width=\"1920\" height=\"1160\" alt loading=\"lazy\"><\/div><div class=\"w-slider-json\" onclick='return {&quot;autoScaleSlider&quot;:true,&quot;addActiveClass&quot;:true,&quot;loop&quot;:true,&quot;fadeInLoadedSlide&quot;:false,&quot;slidesSpacing&quot;:0,&quot;imageScalePadding&quot;:0,&quot;numImagesToPreload&quot;:2,&quot;arrowsNav&quot;:false,&quot;arrowsNavAutoHide&quot;:false,&quot;transitionType&quot;:&quot;move&quot;,&quot;transitionSpeed&quot;:250,&quot;block&quot;:{&quot;moveEffect&quot;:&quot;none&quot;,&quot;speed&quot;:300},&quot;thumbs&quot;:{&quot;fitInViewport&quot;:false,&quot;firstMargin&quot;:false,&quot;spacing&quot;:4},&quot;controlNavigation&quot;:&quot;bullets&quot;,&quot;autoplay&quot;:{&quot;enabled&quot;:true,&quot;pauseOnHover&quot;:false,&quot;delay&quot;:3000},&quot;fullscreen&quot;:{&quot;enabled&quot;:true},&quot;autoScaleSliderWidth&quot;:1920,&quot;autoScaleSliderHeight&quot;:1160}'><\/div><\/div><\/div><\/div><\/div><\/div><\/section>\n","protected":false},"excerpt":{"rendered":"Territorium: 2753 km \u00b2 Landwirtschaftliche Fl\u00e4chen: 136.667 ha Ackerland: 55.771 ha Bev\u00f6lkerung: 129.800 Personen (2016) Die Region Aragazotn befindet sich im Westen der Republik Armenien, auf den H\u00e4ngen des Aragaz Berges (4096m hoch \u00fcber dem Meeresspiegel). Aragaz stand immer in der Mitte der Aufmerksamkeit der Reisenden und Geologen. Die H\u00e4nge des Berges sind mit Spuren...","protected":false},"author":1,"featured_media":16772,"parent":0,"menu_order":0,"comment_status":"closed","ping_status":"closed","template":"","meta":{"footnotes":""},"class_list":["post-24226","page","type-page","status-publish","has-post-thumbnail","hentry"],"_links":{"self":[{"href":"https:\/\/armintour.com\/de\/wp-json\/wp\/v2\/pages\/24226","targetHints":{"allow":["GET"]}}],"collection":[{"href":"https:\/\/armintour.com\/de\/wp-json\/wp\/v2\/pages"}],"about":[{"href":"https:\/\/armintour.com\/de\/wp-json\/wp\/v2\/types\/page"}],"author":[{"embeddable":true,"href":"https:\/\/armintour.com\/de\/wp-json\/wp\/v2\/users\/1"}],"replies":[{"embeddable":true,"href":"https:\/\/armintour.com\/de\/wp-json\/wp\/v2\/comments?post=24226"}],"version-history":[{"count":2,"href":"https:\/\/armintour.com\/de\/wp-json\/wp\/v2\/pages\/24226\/revisions"}],"predecessor-version":[{"id":24782,"href":"https:\/\/armintour.com\/de\/wp-json\/wp\/v2\/pages\/24226\/revisions\/24782"}],"wp:featuredmedia":[{"embeddable":true,"href":"https:\/\/armintour.com\/de\/wp-json\/wp\/v2\/media\/16772"}],"wp:attachment":[{"href":"https:\/\/armintour.com\/de\/wp-json\/wp\/v2\/media?parent=24226"}],"curies":[{"name":"wp","href":"https:\/\/api.w.org\/{rel}","templated":true}]}}