{"id":24731,"date":"2023-01-02T22:48:31","date_gmt":"2023-01-02T18:48:31","guid":{"rendered":"https:\/\/intour.lizin.am\/lori-marz\/"},"modified":"2023-01-25T15:55:07","modified_gmt":"2023-01-25T11:55:07","slug":"lori-marz","status":"publish","type":"page","link":"https:\/\/armintour.com\/de\/lori-marz\/","title":{"rendered":"Region Lori"},"content":{"rendered":"<section class=\"l-section wpb_row height_small\"><div class=\"l-section-h i-cf\"><div class=\"g-cols vc_row via_grid cols_1 laptops-cols_inherit tablets-cols_inherit mobiles-cols_1 valign_top type_default stacking_default\"><div class=\"wpb_column vc_column_container\"><div class=\"vc_column-inner\"><div class=\"wpb_text_column\"><div class=\"wpb_wrapper\"><p><strong>Territorium:<\/strong> 3789 km \u00b2<br \/>\n<strong>Landwirtschaftliche Fl\u00e4chen:<\/strong> 192.212 ha<br \/>\n<strong>Ackerland:<\/strong> 47.823 ha<br \/>\n<strong>Bev\u00f6lkerung:<\/strong> 225,000 Personen(2016)<\/p>\n<\/div><\/div><\/div><\/div><\/div><\/div><\/section><section class=\"l-section wpb_row height_small\"><div class=\"l-section-h i-cf\"><div class=\"g-cols vc_row via_grid cols_1 laptops-cols_inherit tablets-cols_inherit mobiles-cols_1 valign_top type_default stacking_default\"><div class=\"wpb_column vc_column_container\"><div class=\"vc_column-inner\"><div class=\"wpb_text_column\"><div class=\"wpb_wrapper\"><p>Bev\u00f6lkerung: 225,000 Personen(2016) Durch das Gebiet flie\u00dfen die Fl\u00fcsse Pambak, Dzoraget, Aghstew und Debed. Es ist reich an Obst, W\u00e4ldern, fruchtbaren Feldern, Seen und k\u00fchlen Quellen. Das Klima ist gem\u00e4\u00dfigt. Die Lori-Pambak Bergkette verhindert den Einstrom der kalten Winde aus dem Norden.<br \/>\nDas reiche kulturelle Erbe des Gebiets stammt aus fr\u00fcheren Zeiten. Auf der Hochebene der Stadt Alawerdi, am rechten Ufer des Flusses Debed, liegt das Dorf Sanahin. Das alte Dorf war mit der Hauptstra\u00dfe durch die Br\u00fccke aus 1192 verbunden. Der \u00e4lteste Ingenieurbau des Dorfes, die Sanahin Klosteranlage, gebaut in 10.-13. Jh., ist bis zum heutigen Tag erhaltengeblieben. Sie ist eines der interessantesten architektonischen Bauten und Sehensw\u00fcrdigkeiten. Die Beschreibung von Sanahin ist keine leichte Aufgabe, man muss es selbst sehen. Der Klosterkomplex Haghpat, 10.-13. Jh., befindet sich 5 km von Sanahin entfernt. Beide Komplexe haben ihre Bibliotheken, Skriptoriums, Schulen und Refektorien gehabt. Beide Kl\u00f6ster sind 1996 auf die Liste des UNESCO \u2013 Weltkulturerbes eingetragen worden.<br \/>\nS\u00fcdlich von Alawerdi auf einem Hochplateau finden Sie die ber\u00fchmte Kathedrale von Odzun aus den 6. Jh. In den W\u00e4ldern von Lori kann man \u00fcberall die Spuren der antiken Siedlungen und Festungen, Klosteranlagen und Kirchen finden. Sie bewundern die Denkm\u00e4ler der Akhtala (10.-13. Jh) und Kobayr (13.Jh) Kl\u00f6ster, die durch ihre Fresken bekannt sind, Hnewank (12.-13.Jh) Kloster, eine Reihe von katholischen Kirchen und Burgen. Die Lori Festung ist ein brillanter Muster der armenischen Architektur.<\/p>\n<\/div><\/div><\/div><\/div><\/div><\/div><\/section><section class=\"l-section wpb_row height_small\"><div class=\"l-section-h i-cf\"><div class=\"g-cols vc_row via_grid cols_1 laptops-cols_inherit tablets-cols_inherit mobiles-cols_1 valign_top type_default stacking_default\"><div class=\"wpb_column vc_column_container\"><div class=\"vc_column-inner\"><div class=\"w-slider style_none fit_contain nav_dots count_27\"><div class=\"w-slider-h\" aria-hidden=\"true\"><div class=\"royalSlider\"><div class=\"rsContent\"><a class=\"rsImg\" data-rsw=\"1280\" data-rsh=\"831\" data-rsBigImg=\"https:\/\/armintour.com\/wp-content\/uploads\/2023\/01\/Odzun-Altar-pod-otkryt.jpg\" href=\"https:\/\/armintour.com\/wp-content\/uploads\/2023\/01\/Odzun-Altar-pod-otkryt.jpg\"><span data-alt=\"\"><\/span><\/a><\/div><div class=\"rsContent\"><a class=\"rsImg\" data-rsw=\"2000\" data-rsh=\"1333\" data-rsBigImg=\"https:\/\/armintour.com\/wp-content\/uploads\/2023\/01\/49034286072_Haghpat.jpg\" href=\"https:\/\/armintour.com\/wp-content\/uploads\/2023\/01\/49034286072_Haghpat.jpg\"><span data-alt=\"\"><\/span><\/a><\/div><div class=\"rsContent\"><a class=\"rsImg\" data-rsw=\"1400\" data-rsh=\"843\" data-rsBigImg=\"https:\/\/armintour.com\/wp-content\/uploads\/2023\/01\/Debed.jpg\" href=\"https:\/\/armintour.com\/wp-content\/uploads\/2023\/01\/Debed.jpg\"><span data-alt=\"\"><\/span><\/a><\/div><div class=\"rsContent\"><a class=\"rsImg\" data-rsw=\"1000\" data-rsh=\"604\" data-rsBigImg=\"https:\/\/armintour.com\/wp-content\/uploads\/2023\/01\/Dzoraget.jpg\" href=\"https:\/\/armintour.com\/wp-content\/uploads\/2023\/01\/Dzoraget.jpg\"><span data-alt=\"\"><\/span><\/a><\/div><div class=\"rsContent\"><a class=\"rsImg\" data-rsw=\"1024\" data-rsh=\"791\" data-rsBigImg=\"https:\/\/armintour.com\/wp-content\/uploads\/2023\/01\/Kobayr.jpg\" href=\"https:\/\/armintour.com\/wp-content\/uploads\/2023\/01\/Kobayr.jpg\"><span data-alt=\"\"><\/span><\/a><\/div><div class=\"rsContent\"><a class=\"rsImg\" data-rsw=\"2000\" data-rsh=\"1500\" data-rsBigImg=\"https:\/\/armintour.com\/wp-content\/uploads\/2023\/01\/Pambak.jpg\" href=\"https:\/\/armintour.com\/wp-content\/uploads\/2023\/01\/Pambak.jpg\"><span data-alt=\"\"><\/span><\/a><\/div><div class=\"rsContent\"><a class=\"rsImg\" data-rsw=\"2000\" data-rsh=\"1500\" data-rsBigImg=\"https:\/\/armintour.com\/wp-content\/uploads\/2023\/01\/Vanadzor.jpg\" href=\"https:\/\/armintour.com\/wp-content\/uploads\/2023\/01\/Vanadzor.jpg\"><span data-alt=\"\"><\/span><\/a><\/div><div class=\"rsContent\"><a class=\"rsImg\" data-rsw=\"2000\" data-rsh=\"1333\" data-rsBigImg=\"https:\/\/armintour.com\/wp-content\/uploads\/2023\/01\/Monasterio_de_Sanahin_Armenia.jpg\" href=\"https:\/\/armintour.com\/wp-content\/uploads\/2023\/01\/Monasterio_de_Sanahin_Armenia.jpg\"><span data-alt=\"\"><\/span><\/a><\/div><div class=\"rsContent\"><a class=\"rsImg\" data-rsw=\"2000\" data-rsh=\"1333\" data-rsBigImg=\"https:\/\/armintour.com\/wp-content\/uploads\/2023\/01\/Sanahin_Monastery_5.jpg\" href=\"https:\/\/armintour.com\/wp-content\/uploads\/2023\/01\/Sanahin_Monastery_5.jpg\"><span data-alt=\"\"><\/span><\/a><\/div><div class=\"rsContent\"><a class=\"rsImg\" data-rsw=\"2000\" data-rsh=\"1500\" data-rsBigImg=\"https:\/\/armintour.com\/wp-content\/uploads\/2023\/01\/Lori_Berd_Lori_Marz_01.jpg\" href=\"https:\/\/armintour.com\/wp-content\/uploads\/2023\/01\/Lori_Berd_Lori_Marz_01.jpg\"><span data-alt=\"\"><\/span><\/a><\/div><div class=\"rsContent\"><a class=\"rsImg\" data-rsw=\"1200\" data-rsh=\"800\" data-rsBigImg=\"https:\/\/armintour.com\/wp-content\/uploads\/2023\/01\/Lori_Berd_Armenia_2016-09-30_DD_55.jpg\" href=\"https:\/\/armintour.com\/wp-content\/uploads\/2023\/01\/Lori_Berd_Armenia_2016-09-30_DD_55.jpg\"><span data-alt=\"\"><\/span><\/a><\/div><div class=\"rsContent\"><a class=\"rsImg\" data-rsw=\"1600\" data-rsh=\"978\" data-rsBigImg=\"https:\/\/armintour.com\/wp-content\/uploads\/2023\/01\/1600px-Lori_Berd_Armenia_2016-09-30_DD_63-65_HDR.jpg\" href=\"https:\/\/armintour.com\/wp-content\/uploads\/2023\/01\/1600px-Lori_Berd_Armenia_2016-09-30_DD_63-65_HDR.jpg\"><span data-alt=\"\"><\/span><\/a><\/div><div class=\"rsContent\"><a class=\"rsImg\" data-rsw=\"1600\" data-rsh=\"1107\" data-rsBigImg=\"https:\/\/armintour.com\/wp-content\/uploads\/2023\/01\/1600px-Lori_Berd_Armenia_2016-09-30_DD_69.jpg\" href=\"https:\/\/armintour.com\/wp-content\/uploads\/2023\/01\/1600px-Lori_Berd_Armenia_2016-09-30_DD_69.jpg\"><span data-alt=\"\"><\/span><\/a><\/div><div class=\"rsContent\"><a class=\"rsImg\" data-rsw=\"1200\" data-rsh=\"899\" data-rsBigImg=\"https:\/\/armintour.com\/wp-content\/uploads\/2023\/01\/Hnevank_monastery_complex_from_air_2.jpg\" href=\"https:\/\/armintour.com\/wp-content\/uploads\/2023\/01\/Hnevank_monastery_complex_from_air_2.jpg\"><span data-alt=\"\"><\/span><\/a><\/div><div class=\"rsContent\"><a class=\"rsImg\" data-rsw=\"1200\" data-rsh=\"800\" data-rsBigImg=\"https:\/\/armintour.com\/wp-content\/uploads\/2023\/01\/Kobayr-5.jpeg\" href=\"https:\/\/armintour.com\/wp-content\/uploads\/2023\/01\/Kobayr-5.jpeg\"><span data-alt=\"\"><\/span><\/a><\/div><div class=\"rsContent\"><a class=\"rsImg\" data-rsw=\"1200\" data-rsh=\"800\" data-rsBigImg=\"https:\/\/armintour.com\/wp-content\/uploads\/2023\/01\/Kobayr-6.jpeg\" href=\"https:\/\/armintour.com\/wp-content\/uploads\/2023\/01\/Kobayr-6.jpeg\"><span data-alt=\"\"><\/span><\/a><\/div><div class=\"rsContent\"><a class=\"rsImg\" data-rsw=\"1280\" data-rsh=\"853\" data-rsBigImg=\"https:\/\/armintour.com\/wp-content\/uploads\/2023\/01\/Kobayr-4.jpg\" href=\"https:\/\/armintour.com\/wp-content\/uploads\/2023\/01\/Kobayr-4.jpg\"><span data-alt=\"\"><\/span><\/a><\/div><div class=\"rsContent\"><a class=\"rsImg\" data-rsw=\"1200\" data-rsh=\"714\" data-rsBigImg=\"https:\/\/armintour.com\/wp-content\/uploads\/2023\/01\/Akhtala.jpg\" href=\"https:\/\/armintour.com\/wp-content\/uploads\/2023\/01\/Akhtala.jpg\"><span data-alt=\"\"><\/span><\/a><\/div><div class=\"rsContent\"><a class=\"rsImg\" data-rsw=\"1376\" data-rsh=\"770\" data-rsBigImg=\"https:\/\/armintour.com\/wp-content\/uploads\/2023\/01\/00-AKHTALA-MONASTERY-cover-photo.jpg\" href=\"https:\/\/armintour.com\/wp-content\/uploads\/2023\/01\/00-AKHTALA-MONASTERY-cover-photo.jpg\"><span data-alt=\"\"><\/span><\/a><\/div><div class=\"rsContent\"><a class=\"rsImg\" data-rsw=\"1200\" data-rsh=\"800\" data-rsBigImg=\"https:\/\/armintour.com\/wp-content\/uploads\/2023\/01\/Odzun.jpeg\" href=\"https:\/\/armintour.com\/wp-content\/uploads\/2023\/01\/Odzun.jpeg\"><span data-alt=\"\"><\/span><\/a><\/div><div class=\"rsContent\"><a class=\"rsImg\" data-rsw=\"1200\" data-rsh=\"800\" data-rsBigImg=\"https:\/\/armintour.com\/wp-content\/uploads\/2023\/01\/Haghpat-4.jpeg\" href=\"https:\/\/armintour.com\/wp-content\/uploads\/2023\/01\/Haghpat-4.jpeg\"><span data-alt=\"\"><\/span><\/a><\/div><div class=\"rsContent\"><a class=\"rsImg\" data-rsw=\"1080\" data-rsh=\"1080\" data-rsBigImg=\"https:\/\/armintour.com\/wp-content\/uploads\/2023\/01\/Haghpat.jpg\" href=\"https:\/\/armintour.com\/wp-content\/uploads\/2023\/01\/Haghpat.jpg\"><span data-alt=\"\"><\/span><\/a><\/div><div class=\"rsContent\"><a class=\"rsImg\" data-rsw=\"1200\" data-rsh=\"800\" data-rsBigImg=\"https:\/\/armintour.com\/wp-content\/uploads\/2023\/01\/Sanahin.jpeg\" href=\"https:\/\/armintour.com\/wp-content\/uploads\/2023\/01\/Sanahin.jpeg\"><span data-alt=\"\"><\/span><\/a><\/div><div class=\"rsContent\"><a class=\"rsImg\" data-rsw=\"1080\" data-rsh=\"1319\" data-rsBigImg=\"https:\/\/armintour.com\/wp-content\/uploads\/2023\/01\/Alaverdi.jpg\" href=\"https:\/\/armintour.com\/wp-content\/uploads\/2023\/01\/Alaverdi.jpg\"><span data-alt=\"\"><\/span><\/a><\/div><div class=\"rsContent\"><a class=\"rsImg\" data-rsw=\"1920\" data-rsh=\"1149\" data-rsBigImg=\"https:\/\/armintour.com\/wp-content\/uploads\/2023\/01\/2.sanahin-monastery-in-armenia.jpg\" href=\"https:\/\/armintour.com\/wp-content\/uploads\/2023\/01\/2.sanahin-monastery-in-armenia.jpg\"><span data-alt=\"\"><\/span><\/a><\/div><div class=\"rsContent\"><a class=\"rsImg\" data-rsw=\"1280\" data-rsh=\"853\" data-rsBigImg=\"https:\/\/armintour.com\/wp-content\/uploads\/2023\/01\/Utstchele-reki-Debed-i-zalozh.jpg\" href=\"https:\/\/armintour.com\/wp-content\/uploads\/2023\/01\/Utstchele-reki-Debed-i-zalozh.jpg\"><span data-alt=\"\"><\/span><\/a><\/div><div class=\"rsContent\"><a class=\"rsImg\" data-rsw=\"1500\" data-rsh=\"1125\" data-rsBigImg=\"https:\/\/armintour.com\/wp-content\/uploads\/2023\/01\/Hnevank.jpg\" href=\"https:\/\/armintour.com\/wp-content\/uploads\/2023\/01\/Hnevank.jpg\"><span data-alt=\"\"><\/span><\/a><\/div><\/div><img decoding=\"async\" src=\"https:\/\/armintour.com\/wp-content\/uploads\/2023\/01\/Odzun-Altar-pod-otkryt.jpg\" width=\"1280\" height=\"831\" alt loading=\"lazy\"><\/div><div class=\"w-slider-json\" onclick='return {&quot;autoScaleSlider&quot;:true,&quot;addActiveClass&quot;:true,&quot;loop&quot;:true,&quot;fadeInLoadedSlide&quot;:false,&quot;slidesSpacing&quot;:0,&quot;imageScalePadding&quot;:0,&quot;numImagesToPreload&quot;:2,&quot;arrowsNav&quot;:false,&quot;arrowsNavAutoHide&quot;:false,&quot;transitionType&quot;:&quot;move&quot;,&quot;transitionSpeed&quot;:250,&quot;block&quot;:{&quot;moveEffect&quot;:&quot;none&quot;,&quot;speed&quot;:300},&quot;thumbs&quot;:{&quot;fitInViewport&quot;:false,&quot;firstMargin&quot;:false,&quot;spacing&quot;:4},&quot;controlNavigation&quot;:&quot;bullets&quot;,&quot;autoplay&quot;:{&quot;enabled&quot;:true,&quot;pauseOnHover&quot;:false,&quot;delay&quot;:3000},&quot;fullscreen&quot;:{&quot;enabled&quot;:true},&quot;autoScaleSliderWidth&quot;:1280,&quot;autoScaleSliderHeight&quot;:831}'><\/div><\/div><\/div><\/div><\/div><\/div><\/section>\n","protected":false},"excerpt":{"rendered":"Territorium: 3789 km \u00b2 Landwirtschaftliche Fl\u00e4chen: 192.212 ha Ackerland: 47.823 ha Bev\u00f6lkerung: 225,000 Personen(2016) Bev\u00f6lkerung: 225,000 Personen(2016) Durch das Gebiet flie\u00dfen die Fl\u00fcsse Pambak, Dzoraget, Aghstew und Debed. Es ist reich an Obst, W\u00e4ldern, fruchtbaren Feldern, Seen und k\u00fchlen Quellen. Das Klima ist gem\u00e4\u00dfigt. Die Lori-Pambak Bergkette verhindert den Einstrom der kalten Winde aus dem...","protected":false},"author":1,"featured_media":15976,"parent":0,"menu_order":0,"comment_status":"closed","ping_status":"closed","template":"","meta":{"footnotes":""},"class_list":["post-24731","page","type-page","status-publish","has-post-thumbnail","hentry"],"_links":{"self":[{"href":"https:\/\/armintour.com\/de\/wp-json\/wp\/v2\/pages\/24731","targetHints":{"allow":["GET"]}}],"collection":[{"href":"https:\/\/armintour.com\/de\/wp-json\/wp\/v2\/pages"}],"about":[{"href":"https:\/\/armintour.com\/de\/wp-json\/wp\/v2\/types\/page"}],"author":[{"embeddable":true,"href":"https:\/\/armintour.com\/de\/wp-json\/wp\/v2\/users\/1"}],"replies":[{"embeddable":true,"href":"https:\/\/armintour.com\/de\/wp-json\/wp\/v2\/comments?post=24731"}],"version-history":[{"count":5,"href":"https:\/\/armintour.com\/de\/wp-json\/wp\/v2\/pages\/24731\/revisions"}],"predecessor-version":[{"id":25033,"href":"https:\/\/armintour.com\/de\/wp-json\/wp\/v2\/pages\/24731\/revisions\/25033"}],"wp:featuredmedia":[{"embeddable":true,"href":"https:\/\/armintour.com\/de\/wp-json\/wp\/v2\/media\/15976"}],"wp:attachment":[{"href":"https:\/\/armintour.com\/de\/wp-json\/wp\/v2\/media?parent=24731"}],"curies":[{"name":"wp","href":"https:\/\/api.w.org\/{rel}","templated":true}]}}