{"id":14762,"date":"2022-12-27T23:14:30","date_gmt":"2022-12-27T19:14:30","guid":{"rendered":"https:\/\/intour.lizin.am\/general-information\/"},"modified":"2023-01-25T15:13:30","modified_gmt":"2023-01-25T11:13:30","slug":"general-information","status":"publish","type":"page","link":"https:\/\/armintour.com\/es\/general-information\/","title":{"rendered":"Informaci\u00f3n General"},"content":{"rendered":"<section class=\"l-section wpb_row height_small\"><div class=\"l-section-h i-cf\"><div class=\"g-cols vc_row via_grid cols_1 laptops-cols_inherit tablets-cols_inherit mobiles-cols_1 valign_top type_default stacking_default\"><div class=\"wpb_column vc_column_container\"><div class=\"vc_column-inner\"><div class=\"w-tabs style_default switch_click accordion has_scrolling\" style=\"--sections-title-size:inherit\"><div class=\"w-tabs-sections titles-align_none icon_triangle cpos_right\"><div class=\"w-tabs-section no_indents\" id=\"a1d3\" itemscope itemprop=\"mainEntity\" itemtype=\"https:\/\/schema.org\/Question\"><button class=\"w-tabs-section-header\" aria-controls=\"content-a1d3\" aria-expanded=\"false\"><div class=\"w-tabs-section-title\" itemprop=\"name\">Nombre oficial- Rep\u00fablica de Armenia (Hayastan\u00ed Hanrapetuty\u00fan)<\/div><div class=\"w-tabs-section-control\"><\/div><\/button><div  class=\"w-tabs-section-content\" id=\"content-a1d3\" itemscope itemprop=\"acceptedAnswer\" itemtype=\"https:\/\/schema.org\/Answer\"><div class=\"w-tabs-section-content-h i-cf\" itemprop=\"text\"><div class=\"wpb_text_column\"><div class=\"wpb_wrapper\"><p>La Rep\u00fablica de Armenia es un estado soberano, democr\u00e1tico, social y legal. El poder estatal es administrado de acuerdo con la Constituci\u00f3n y las leyes basadas en el principio de separaci\u00f3n de los poderes judiciales y legislativos, ejecutivos.<\/p>\n<\/div><\/div><\/div><\/div><\/div><div class=\"w-tabs-section\" id=\"k5f6\" itemscope itemprop=\"mainEntity\" itemtype=\"https:\/\/schema.org\/Question\"><button class=\"w-tabs-section-header\" aria-controls=\"content-k5f6\" aria-expanded=\"false\"><div class=\"w-tabs-section-title\" itemprop=\"name\">Capital:<\/div><div class=\"w-tabs-section-control\"><\/div><\/button><div  class=\"w-tabs-section-content\" id=\"content-k5f6\" itemscope itemprop=\"acceptedAnswer\" itemtype=\"https:\/\/schema.org\/Answer\"><div class=\"w-tabs-section-content-h i-cf\" itemprop=\"text\"><div class=\"g-cols wpb_row via_grid cols_2 laptops-cols_inherit tablets-cols_inherit mobiles-cols_1 valign_top type_default stacking_default\" style=\"--columns-gap:3rem;\"><div class=\"wpb_column vc_column_container\"><div class=\"vc_column-inner\"><div class=\"wpb_text_column\"><div class=\"wpb_wrapper\"><p>Ciudad de Erev\u00e1n<br \/>\nLa poblaci\u00f3n de Erev\u00e1n: 1,073,700 (2016)<\/p>\n<\/div><\/div><\/div><\/div><div class=\"wpb_column vc_column_container\"><div class=\"vc_column-inner\"><div class=\"w-image align_center\"><a ref=\"magnificPopup\" href=\"https:\/\/armintour.com\/wp-content\/uploads\/2022\/12\/Yerevan-3.jpg\" aria-label=\"Yerevan\" class=\"w-image-h\"><img decoding=\"async\" width=\"1920\" height=\"1080\" src=\"https:\/\/armintour.com\/wp-content\/uploads\/2022\/12\/Yerevan-3.jpg\" class=\"attachment-full size-full\" alt=\"\" loading=\"lazy\" srcset=\"https:\/\/armintour.com\/wp-content\/uploads\/2022\/12\/Yerevan-3.jpg 1920w, https:\/\/armintour.com\/wp-content\/uploads\/2022\/12\/Yerevan-3-300x169.jpg 300w, https:\/\/armintour.com\/wp-content\/uploads\/2022\/12\/Yerevan-3-1024x576.jpg 1024w\" sizes=\"auto, (max-width: 1920px) 100vw, 1920px\" \/><\/a><\/div><\/div><\/div><\/div><\/div><\/div><\/div><div class=\"w-tabs-section\" id=\"m248\" itemscope itemprop=\"mainEntity\" itemtype=\"https:\/\/schema.org\/Question\"><button class=\"w-tabs-section-header\" aria-controls=\"content-m248\" aria-expanded=\"false\"><div class=\"w-tabs-section-title\" itemprop=\"name\">Idioma oficial:<\/div><div class=\"w-tabs-section-control\"><\/div><\/button><div  class=\"w-tabs-section-content\" id=\"content-m248\" itemscope itemprop=\"acceptedAnswer\" itemtype=\"https:\/\/schema.org\/Answer\"><div class=\"w-tabs-section-content-h i-cf\" itemprop=\"text\"><div class=\"g-cols wpb_row via_grid cols_2 laptops-cols_inherit tablets-cols_inherit mobiles-cols_1 valign_top type_default stacking_default\" style=\"--columns-gap:3rem;\"><div class=\"wpb_column vc_column_container\"><div class=\"vc_column-inner\"><div class=\"wpb_text_column\"><div class=\"wpb_wrapper\"><p>El idioma oficial de la Rep\u00fablica de Armenia es el armenio.<br \/>\n(El ruso es extensamente usado, especialmente en la educaci\u00f3n)<\/p>\n<\/div><\/div><\/div><\/div><div class=\"wpb_column vc_column_container\"><div class=\"vc_column-inner\"><div class=\"w-image align_center\"><a ref=\"magnificPopup\" href=\"https:\/\/armintour.com\/wp-content\/uploads\/2022\/12\/armenian-alphabet-monument.jpg\" aria-label=\"armenian-alphabet-monument\" class=\"w-image-h\"><img decoding=\"async\" width=\"1200\" height=\"1200\" src=\"https:\/\/armintour.com\/wp-content\/uploads\/2022\/12\/armenian-alphabet-monument.jpg\" class=\"attachment-full size-full\" alt=\"\" loading=\"lazy\" srcset=\"https:\/\/armintour.com\/wp-content\/uploads\/2022\/12\/armenian-alphabet-monument.jpg 1200w, https:\/\/armintour.com\/wp-content\/uploads\/2022\/12\/armenian-alphabet-monument-300x300.jpg 300w, https:\/\/armintour.com\/wp-content\/uploads\/2022\/12\/armenian-alphabet-monument-1024x1024.jpg 1024w, https:\/\/armintour.com\/wp-content\/uploads\/2022\/12\/armenian-alphabet-monument-150x150.jpg 150w\" sizes=\"auto, (max-width: 1200px) 100vw, 1200px\" \/><\/a><\/div><\/div><\/div><\/div><\/div><\/div><\/div><div class=\"w-tabs-section\" id=\"l8ac\" itemscope itemprop=\"mainEntity\" itemtype=\"https:\/\/schema.org\/Question\"><button class=\"w-tabs-section-header\" aria-controls=\"content-l8ac\" aria-expanded=\"false\"><div class=\"w-tabs-section-title\" itemprop=\"name\">Religi\u00f3n:<\/div><div class=\"w-tabs-section-control\"><\/div><\/button><div  class=\"w-tabs-section-content\" id=\"content-l8ac\" itemscope itemprop=\"acceptedAnswer\" itemtype=\"https:\/\/schema.org\/Answer\"><div class=\"w-tabs-section-content-h i-cf\" itemprop=\"text\"><div class=\"g-cols wpb_row via_grid cols_2 laptops-cols_inherit tablets-cols_inherit mobiles-cols_1 valign_top type_default stacking_default\" style=\"--columns-gap:3rem;\"><div class=\"wpb_column vc_column_container\"><div class=\"vc_column-inner\"><div class=\"wpb_text_column\"><div class=\"wpb_wrapper\"><p>La mayor\u00eda absoluta es el seguidor de la Iglesia Apost\u00f3lica Armenia.<\/p>\n<\/div><\/div><\/div><\/div><div class=\"wpb_column vc_column_container\"><div class=\"vc_column-inner\"><div class=\"w-image align_center\"><a ref=\"magnificPopup\" href=\"https:\/\/armintour.com\/wp-content\/uploads\/2022\/12\/Echmiatsin-2.1.jpg\" aria-label=\"Echmiatsin-2.1\" class=\"w-image-h\"><img decoding=\"async\" width=\"1000\" height=\"816\" src=\"https:\/\/armintour.com\/wp-content\/uploads\/2022\/12\/Echmiatsin-2.1.jpg\" class=\"attachment-full size-full\" alt=\"\" loading=\"lazy\" srcset=\"https:\/\/armintour.com\/wp-content\/uploads\/2022\/12\/Echmiatsin-2.1.jpg 1000w, https:\/\/armintour.com\/wp-content\/uploads\/2022\/12\/Echmiatsin-2.1-300x245.jpg 300w\" sizes=\"auto, (max-width: 1000px) 100vw, 1000px\" \/><\/a><\/div><\/div><\/div><\/div><\/div><\/div><\/div><div class=\"w-tabs-section\" id=\"s9f7\" itemscope itemprop=\"mainEntity\" itemtype=\"https:\/\/schema.org\/Question\"><button class=\"w-tabs-section-header\" aria-controls=\"content-s9f7\" aria-expanded=\"false\"><div class=\"w-tabs-section-title\" itemprop=\"name\">Unidad monetaria:<\/div><div class=\"w-tabs-section-control\"><\/div><\/button><div  class=\"w-tabs-section-content\" id=\"content-s9f7\" itemscope itemprop=\"acceptedAnswer\" itemtype=\"https:\/\/schema.org\/Answer\"><div class=\"w-tabs-section-content-h i-cf\" itemprop=\"text\"><div class=\"g-cols wpb_row via_grid cols_2 laptops-cols_inherit tablets-cols_inherit mobiles-cols_1 valign_top type_default stacking_default\" style=\"--columns-gap:3rem;\"><div class=\"wpb_column vc_column_container\"><div class=\"vc_column-inner\"><div class=\"wpb_text_column\"><div class=\"wpb_wrapper\"><p>La unidad monetaria de la Rep\u00fablica de Armenia es dram (AMD) introducido en 1993.<\/p>\n<\/div><\/div><\/div><\/div><div class=\"wpb_column vc_column_container\"><div class=\"vc_column-inner\"><div class=\"w-image align_center\"><a ref=\"magnificPopup\" href=\"https:\/\/armintour.com\/wp-content\/uploads\/2022\/12\/Armenian-Bills.jpg\" aria-label=\"Armenian-Bills\" class=\"w-image-h\"><img decoding=\"async\" width=\"880\" height=\"880\" src=\"https:\/\/armintour.com\/wp-content\/uploads\/2022\/12\/Armenian-Bills.jpg\" class=\"attachment-full size-full\" alt=\"\" loading=\"lazy\" srcset=\"https:\/\/armintour.com\/wp-content\/uploads\/2022\/12\/Armenian-Bills.jpg 880w, https:\/\/armintour.com\/wp-content\/uploads\/2022\/12\/Armenian-Bills-300x300.jpg 300w, https:\/\/armintour.com\/wp-content\/uploads\/2022\/12\/Armenian-Bills-150x150.jpg 150w\" sizes=\"auto, (max-width: 880px) 100vw, 880px\" \/><\/a><\/div><\/div><\/div><\/div><\/div><\/div><\/div><div class=\"w-tabs-section\" id=\"od0d\" itemscope itemprop=\"mainEntity\" itemtype=\"https:\/\/schema.org\/Question\"><button class=\"w-tabs-section-header\" aria-controls=\"content-od0d\" aria-expanded=\"false\"><div class=\"w-tabs-section-title\" itemprop=\"name\">Poblaci\u00f3n:<\/div><div class=\"w-tabs-section-control\"><\/div><\/button><div  class=\"w-tabs-section-content\" id=\"content-od0d\" itemscope itemprop=\"acceptedAnswer\" itemtype=\"https:\/\/schema.org\/Answer\"><div class=\"w-tabs-section-content-h i-cf\" itemprop=\"text\"><div class=\"g-cols wpb_row via_grid cols_2 laptops-cols_inherit tablets-cols_inherit mobiles-cols_1 valign_top type_default stacking_default\" style=\"--columns-gap:3rem;\"><div class=\"wpb_column vc_column_container\"><div class=\"vc_column-inner\"><div class=\"wpb_text_column\"><div class=\"wpb_wrapper\"><p>3 022 866 (2016)<\/p>\n<\/div><\/div><\/div><\/div><div class=\"wpb_column vc_column_container\"><div class=\"vc_column-inner\"><div class=\"w-image align_center\"><a ref=\"magnificPopup\" href=\"https:\/\/armintour.com\/wp-content\/uploads\/2022\/12\/Armenians.jpg\" aria-label=\"Armenians\" class=\"w-image-h\"><img decoding=\"async\" width=\"800\" height=\"450\" src=\"https:\/\/armintour.com\/wp-content\/uploads\/2022\/12\/Armenians.jpg\" class=\"attachment-full size-full\" alt=\"\" loading=\"lazy\" srcset=\"https:\/\/armintour.com\/wp-content\/uploads\/2022\/12\/Armenians.jpg 800w, https:\/\/armintour.com\/wp-content\/uploads\/2022\/12\/Armenians-300x169.jpg 300w\" sizes=\"auto, (max-width: 800px) 100vw, 800px\" \/><\/a><\/div><\/div><\/div><\/div><\/div><\/div><\/div><div class=\"w-tabs-section\" id=\"y587\" itemscope itemprop=\"mainEntity\" itemtype=\"https:\/\/schema.org\/Question\"><button class=\"w-tabs-section-header\" aria-controls=\"content-y587\" aria-expanded=\"false\"><div class=\"w-tabs-section-title\" itemprop=\"name\">Composici\u00f3n \u00e9tnica:<\/div><div class=\"w-tabs-section-control\"><\/div><\/button><div  class=\"w-tabs-section-content\" id=\"content-y587\" itemscope itemprop=\"acceptedAnswer\" itemtype=\"https:\/\/schema.org\/Answer\"><div class=\"w-tabs-section-content-h i-cf\" itemprop=\"text\"><div class=\"g-cols wpb_row via_grid cols_2 laptops-cols_inherit tablets-cols_inherit mobiles-cols_1 valign_top type_default stacking_default\" style=\"--columns-gap:3rem;\"><div class=\"wpb_column vc_column_container\"><div class=\"vc_column-inner\"><div class=\"wpb_text_column\"><div class=\"wpb_wrapper\"><p>Los armenios- 96%<br \/>\nLas minor\u00edas: rusos, yezidis, asirios, griegos, ucranianos, jud\u00edos, kurdos y otros.<\/p>\n<\/div><\/div><\/div><\/div><div class=\"wpb_column vc_column_container\"><div class=\"vc_column-inner\"><div class=\"w-image align_center\"><a ref=\"magnificPopup\" href=\"https:\/\/armintour.com\/wp-content\/uploads\/2022\/12\/Ethnic-composition.jpg\" aria-label=\"Ethnic composition\" class=\"w-image-h\"><img decoding=\"async\" width=\"800\" height=\"445\" src=\"https:\/\/armintour.com\/wp-content\/uploads\/2022\/12\/Ethnic-composition.jpg\" class=\"attachment-full size-full\" alt=\"\" loading=\"lazy\" srcset=\"https:\/\/armintour.com\/wp-content\/uploads\/2022\/12\/Ethnic-composition.jpg 800w, https:\/\/armintour.com\/wp-content\/uploads\/2022\/12\/Ethnic-composition-300x167.jpg 300w\" sizes=\"auto, (max-width: 800px) 100vw, 800px\" \/><\/a><\/div><\/div><\/div><\/div><\/div><\/div><\/div><div class=\"w-tabs-section\" id=\"yd8a\" itemscope itemprop=\"mainEntity\" itemtype=\"https:\/\/schema.org\/Question\"><button class=\"w-tabs-section-header\" aria-controls=\"content-yd8a\" aria-expanded=\"false\"><div class=\"w-tabs-section-title\" itemprop=\"name\">Recursos naturales:<\/div><div class=\"w-tabs-section-control\"><\/div><\/button><div  class=\"w-tabs-section-content\" id=\"content-yd8a\" itemscope itemprop=\"acceptedAnswer\" itemtype=\"https:\/\/schema.org\/Answer\"><div class=\"w-tabs-section-content-h i-cf\" itemprop=\"text\"><div class=\"g-cols wpb_row via_grid cols_1 laptops-cols_inherit tablets-cols_inherit mobiles-cols_1 valign_top type_default stacking_default\" style=\"--columns-gap:3rem;\"><div class=\"wpb_column vc_column_container\"><div class=\"vc_column-inner\"><div class=\"wpb_text_column\"><div class=\"wpb_wrapper\"><p>Armenia es rica en cobre, carb\u00f3n, hierro, bauxita, molibdeno, oro, plata, plomo y zinc. Existen dep\u00f3sitos substanciales de piedra p\u00f3mez, m\u00e1rmol, toba calc\u00e1rea, perlita, piedra caliza, basalto y sal. Las piedras preciosas y semipreciosas tambi\u00e9n son abundantes.<strong>\u00a0<\/strong><\/p>\n<\/div><\/div><\/div><\/div><\/div><\/div><\/div><\/div><div class=\"w-tabs-section\" id=\"kee1\" itemscope itemprop=\"mainEntity\" itemtype=\"https:\/\/schema.org\/Question\"><button class=\"w-tabs-section-header\" aria-controls=\"content-kee1\" aria-expanded=\"false\"><div class=\"w-tabs-section-title\" itemprop=\"name\">Territorio:<\/div><div class=\"w-tabs-section-control\"><\/div><\/button><div  class=\"w-tabs-section-content\" id=\"content-kee1\" itemscope itemprop=\"acceptedAnswer\" itemtype=\"https:\/\/schema.org\/Answer\"><div class=\"w-tabs-section-content-h i-cf\" itemprop=\"text\"><div class=\"wpb_text_column\"><div class=\"wpb_wrapper\"><p>29,74 mil kil\u00f3metros cuadrados<\/p>\n<\/div><\/div><\/div><\/div><\/div><div class=\"w-tabs-section\" id=\"gff7\" itemscope itemprop=\"mainEntity\" itemtype=\"https:\/\/schema.org\/Question\"><button class=\"w-tabs-section-header\" aria-controls=\"content-gff7\" aria-expanded=\"false\"><div class=\"w-tabs-section-title\" itemprop=\"name\">Altitud media sobre el nivel del mar:<\/div><div class=\"w-tabs-section-control\"><\/div><\/button><div  class=\"w-tabs-section-content\" id=\"content-gff7\" itemscope itemprop=\"acceptedAnswer\" itemtype=\"https:\/\/schema.org\/Answer\"><div class=\"w-tabs-section-content-h i-cf\" itemprop=\"text\"><div class=\"wpb_text_column\"><div class=\"wpb_wrapper\"><p>1 800 metros<\/p>\n<\/div><\/div><\/div><\/div><\/div><div class=\"w-tabs-section\" id=\"m654\" itemscope itemprop=\"mainEntity\" itemtype=\"https:\/\/schema.org\/Question\"><button class=\"w-tabs-section-header\" aria-controls=\"content-m654\" aria-expanded=\"false\"><div class=\"w-tabs-section-title\" itemprop=\"name\">El pico m\u00e1s alto:<\/div><div class=\"w-tabs-section-control\"><\/div><\/button><div  class=\"w-tabs-section-content\" id=\"content-m654\" itemscope itemprop=\"acceptedAnswer\" itemtype=\"https:\/\/schema.org\/Answer\"><div class=\"w-tabs-section-content-h i-cf\" itemprop=\"text\"><div class=\"g-cols wpb_row via_grid cols_2 laptops-cols_inherit tablets-cols_inherit mobiles-cols_1 valign_top type_default stacking_default\" style=\"--columns-gap:3rem;\"><div class=\"wpb_column vc_column_container\"><div class=\"vc_column-inner\"><div class=\"wpb_text_column\"><div class=\"wpb_wrapper\"><p>Aragats (4095 metros)<\/p>\n<\/div><\/div><\/div><\/div><div class=\"wpb_column vc_column_container\"><div class=\"vc_column-inner\"><div class=\"w-image align_center\"><a ref=\"magnificPopup\" href=\"https:\/\/armintour.com\/wp-content\/uploads\/2022\/12\/aragats-in-armenia.jpg\" aria-label=\"aragats-in-armenia\" class=\"w-image-h\"><img decoding=\"async\" width=\"1200\" height=\"661\" src=\"https:\/\/armintour.com\/wp-content\/uploads\/2022\/12\/aragats-in-armenia.jpg\" class=\"attachment-full size-full\" alt=\"\" loading=\"lazy\" srcset=\"https:\/\/armintour.com\/wp-content\/uploads\/2022\/12\/aragats-in-armenia.jpg 1200w, https:\/\/armintour.com\/wp-content\/uploads\/2022\/12\/aragats-in-armenia-300x165.jpg 300w, https:\/\/armintour.com\/wp-content\/uploads\/2022\/12\/aragats-in-armenia-1024x564.jpg 1024w\" sizes=\"auto, (max-width: 1200px) 100vw, 1200px\" \/><\/a><\/div><\/div><\/div><\/div><\/div><\/div><\/div><div class=\"w-tabs-section\" id=\"b261\" itemscope itemprop=\"mainEntity\" itemtype=\"https:\/\/schema.org\/Question\"><button class=\"w-tabs-section-header\" aria-controls=\"content-b261\" aria-expanded=\"false\"><div class=\"w-tabs-section-title\" itemprop=\"name\">La bandera:<\/div><div class=\"w-tabs-section-control\"><\/div><\/button><div  class=\"w-tabs-section-content\" id=\"content-b261\" itemscope itemprop=\"acceptedAnswer\" itemtype=\"https:\/\/schema.org\/Answer\"><div class=\"w-tabs-section-content-h i-cf\" itemprop=\"text\"><div class=\"g-cols wpb_row via_grid cols_2 laptops-cols_inherit tablets-cols_inherit mobiles-cols_1 valign_top type_default stacking_default\" style=\"--columns-gap:3rem;\"><div class=\"wpb_column vc_column_container\"><div class=\"vc_column-inner\"><div class=\"wpb_text_column\"><div class=\"wpb_wrapper\"><p>La ley \u00a8Sobre la bandera estatal de la Rep\u00fablica de Armenia\u00a8 fue adoptada el 24 de agosto de 1990, por el Soviet Supremo de la Rep\u00fablica de Armenia.<br \/>\nLa Bandera estatal es un panel rectangular con tres rayas horizontales iguales de rojo, azul y naranja (de arriba abajo).<\/p>\n<\/div><\/div><\/div><\/div><div class=\"wpb_column vc_column_container\"><div class=\"vc_column-inner\"><div class=\"w-image align_center\"><a ref=\"magnificPopup\" href=\"https:\/\/armintour.com\/wp-content\/uploads\/2022\/12\/armenian-national-flag.jpg\" aria-label=\"armenian-national-flag\" class=\"w-image-h\"><img decoding=\"async\" width=\"1348\" height=\"510\" src=\"https:\/\/armintour.com\/wp-content\/uploads\/2022\/12\/armenian-national-flag.jpg\" class=\"attachment-full size-full\" alt=\"\" loading=\"lazy\" srcset=\"https:\/\/armintour.com\/wp-content\/uploads\/2022\/12\/armenian-national-flag.jpg 1348w, https:\/\/armintour.com\/wp-content\/uploads\/2022\/12\/armenian-national-flag-300x114.jpg 300w, https:\/\/armintour.com\/wp-content\/uploads\/2022\/12\/armenian-national-flag-1024x387.jpg 1024w\" sizes=\"auto, (max-width: 1348px) 100vw, 1348px\" \/><\/a><\/div><\/div><\/div><\/div><\/div><\/div><\/div><div class=\"w-tabs-section\" id=\"a3bb\" itemscope itemprop=\"mainEntity\" itemtype=\"https:\/\/schema.org\/Question\"><button class=\"w-tabs-section-header\" aria-controls=\"content-a3bb\" aria-expanded=\"false\"><div class=\"w-tabs-section-title\" itemprop=\"name\">El escudo de armas:<\/div><div class=\"w-tabs-section-control\"><\/div><\/button><div  class=\"w-tabs-section-content\" id=\"content-a3bb\" itemscope itemprop=\"acceptedAnswer\" itemtype=\"https:\/\/schema.org\/Answer\"><div class=\"w-tabs-section-content-h i-cf\" itemprop=\"text\"><div class=\"g-cols wpb_row via_grid cols_2 laptops-cols_inherit tablets-cols_inherit mobiles-cols_1 valign_top type_default stacking_default\" style=\"--columns-gap:3rem;\"><div class=\"wpb_column vc_column_container\"><div class=\"vc_column-inner\"><div class=\"wpb_text_column\"><div class=\"wpb_wrapper\"><p>La ley \u00a8Sobre el escudo de armas estatal de la Rep\u00fablica de Armenia\u00a8 fue adoptada el 19 de abril de 1992, por el Soviet Supremo de la Rep\u00fablica de Armenia.<br \/>\nEs una interpretaci\u00f3n del Escudo de armas de la Primera Rep\u00fablica Armenia (1918-1920) dise\u00f1ado por el miembro de la Academia rusa de Bellas artes, el arquitecto Alexander Tamanian y el artista Hakob Kodzoyan.<\/p>\n<\/div><\/div><\/div><\/div><div class=\"wpb_column vc_column_container\"><div class=\"vc_column-inner\"><div class=\"w-image align_center\"><a ref=\"magnificPopup\" href=\"https:\/\/armintour.com\/wp-content\/uploads\/2022\/12\/The-Coat-of-Arms.jpg\" aria-label=\"The Coat of Arms\" class=\"w-image-h\"><img decoding=\"async\" width=\"1280\" height=\"720\" src=\"https:\/\/armintour.com\/wp-content\/uploads\/2022\/12\/The-Coat-of-Arms.jpg\" class=\"attachment-full size-full\" alt=\"\" loading=\"lazy\" srcset=\"https:\/\/armintour.com\/wp-content\/uploads\/2022\/12\/The-Coat-of-Arms.jpg 1280w, https:\/\/armintour.com\/wp-content\/uploads\/2022\/12\/The-Coat-of-Arms-300x169.jpg 300w, https:\/\/armintour.com\/wp-content\/uploads\/2022\/12\/The-Coat-of-Arms-1024x576.jpg 1024w\" sizes=\"auto, (max-width: 1280px) 100vw, 1280px\" \/><\/a><\/div><\/div><\/div><\/div><\/div><\/div><\/div><\/div><\/div><\/div><\/div><\/div><\/div><\/section>\n","protected":false},"excerpt":{"rendered":"Nombre oficial- Rep\u00fablica de Armenia (Hayastan\u00ed Hanrapetuty\u00fan)La Rep\u00fablica de Armenia es un estado soberano, democr\u00e1tico, social y legal. El poder estatal es administrado de acuerdo con la Constituci\u00f3n y las leyes basadas en el principio de separaci\u00f3n de los poderes judiciales y legislativos, ejecutivos. Capital:Ciudad de Erev\u00e1n La poblaci\u00f3n de Erev\u00e1n: 1,073,700 (2016) Idioma oficial:El...","protected":false},"author":1,"featured_media":14648,"parent":0,"menu_order":0,"comment_status":"closed","ping_status":"closed","template":"","meta":{"footnotes":""},"class_list":["post-14762","page","type-page","status-publish","has-post-thumbnail","hentry"],"_links":{"self":[{"href":"https:\/\/armintour.com\/es\/wp-json\/wp\/v2\/pages\/14762","targetHints":{"allow":["GET"]}}],"collection":[{"href":"https:\/\/armintour.com\/es\/wp-json\/wp\/v2\/pages"}],"about":[{"href":"https:\/\/armintour.com\/es\/wp-json\/wp\/v2\/types\/page"}],"author":[{"embeddable":true,"href":"https:\/\/armintour.com\/es\/wp-json\/wp\/v2\/users\/1"}],"replies":[{"embeddable":true,"href":"https:\/\/armintour.com\/es\/wp-json\/wp\/v2\/comments?post=14762"}],"version-history":[{"count":2,"href":"https:\/\/armintour.com\/es\/wp-json\/wp\/v2\/pages\/14762\/revisions"}],"predecessor-version":[{"id":25016,"href":"https:\/\/armintour.com\/es\/wp-json\/wp\/v2\/pages\/14762\/revisions\/25016"}],"wp:featuredmedia":[{"embeddable":true,"href":"https:\/\/armintour.com\/es\/wp-json\/wp\/v2\/media\/14648"}],"wp:attachment":[{"href":"https:\/\/armintour.com\/es\/wp-json\/wp\/v2\/media?parent=14762"}],"curies":[{"name":"wp","href":"https:\/\/api.w.org\/{rel}","templated":true}]}}