{"id":14889,"date":"2022-12-28T10:40:09","date_gmt":"2022-12-28T06:40:09","guid":{"rendered":"https:\/\/intour.lizin.am\/history\/"},"modified":"2023-01-25T15:30:42","modified_gmt":"2023-01-25T11:30:42","slug":"history","status":"publish","type":"page","link":"https:\/\/armintour.com\/es\/history\/","title":{"rendered":"Historia"},"content":{"rendered":"<section class=\"l-section wpb_row height_small\"><div class=\"l-section-overlay\" style=\"background:var(--color-header-middle-bg)\"><\/div><div class=\"l-section-h i-cf\"><div class=\"g-cols vc_row via_grid cols_1 laptops-cols_inherit tablets-cols_inherit mobiles-cols_1 valign_top type_default stacking_default\"><div class=\"wpb_column vc_column_container\"><div class=\"vc_column-inner\"><div class=\"g-cols wpb_row via_grid cols_1 laptops-cols_inherit tablets-cols_inherit mobiles-cols_1 valign_top type_default stacking_default\" style=\"--gap:3rem;\"><div class=\"wpb_column vc_column_container\"><div class=\"vc_column-inner\"><div id=\"ultimate-heading-92369daca4531651\" class=\"uvc-heading ult-adjust-bottom-margin ultimate-heading-92369daca4531651 uvc-8746 \" data-hspacer=\"no_spacer\"  data-halign=\"left\" style=\"text-align:left\"><div class=\"uvc-heading-spacer no_spacer\" style=\"top\"><\/div><div class=\"uvc-main-heading ult-responsive\"  data-ultimate-target='.uvc-heading.ultimate-heading-92369daca4531651 h3'  data-responsive-json-new='{\"font-size\":\"\",\"line-height\":\"\"}' ><h3 style=\"font-weight:bold;color:#215388;\">\u201cHAYASTAN\u201d &amp; \u201cARMENIA\u201d<\/h3><\/div><\/div><\/div><\/div><\/div><div class=\"w-separator size_small\"><\/div><div class=\"g-cols wpb_row via_grid cols_2 laptops-cols_inherit tablets-cols_inherit mobiles-cols_1 valign_top type_default stacking_default\" style=\"--gap:3rem;\"><div class=\"wpb_column vc_column_container\"><div class=\"vc_column-inner\"><div class=\"wpb_text_column\"><div class=\"wpb_wrapper\"><p>Las primeras muestras de la civilizaci\u00f3n armenia se puede rastrear en inscripciones cuneiformes sumerias que se remontan al III milenio A.C. adem\u00e1s los hititas declaran la existencia de un pa\u00eds llamado Hayasa, que se considera la cuna de Armenia. La ra\u00edz \u201chaya\u201d, combinado con el sufijo \u201cstan\u201d (tierra).<br \/>\nHayk era uno de los grandes l\u00edderes armenios por quien se llam\u00f3 la tierra de Hayk. Hayk tambi\u00e9n es usado en lugar de Ori\u00f3n, en la traducci\u00f3n armenia de la Biblia. Se dice que \u00e9l fue el primero en pisar el monte Ararat, viaj\u00f3 para asistir a la construcci\u00f3n de la Torre de Babel, y, despu\u00e9s de su regreso derrot\u00f3 al rey babilonio Bel (algunos investigadores creen que era Nimrod) en 2492 A.C. cerca de las monta\u00f1as del lago Van, en la parte sudoeste de la Armenia hist\u00f3rica (la actual Turqu\u00eda del Este).<br \/>\nLa palabra Armani-una forma temprana de Armen-Armin (Armen o Arman denotan la afiliaci\u00f3n nacional, como fue con muchas culturas permanente para la naci\u00f3n particular) por lo tanto, el dios AR siendo la deidad principal indoeuropea en el pante\u00f3n- as\u00ed AR MAN denota \u2013hombres de AR o ni\u00f1os de AR, otra vez el principio AR que significa ARAREL \u2013 crear-creador, tambi\u00e9n Sol, Luz, Vida y Amor.<\/p>\n<\/div><\/div><\/div><\/div><div class=\"wpb_column vc_column_container\"><div class=\"vc_column-inner\"><div class=\"w-image align_none\"><a ref=\"magnificPopup\" href=\"https:\/\/armintour.com\/wp-content\/uploads\/2022\/12\/old-gods-of-armenia.jpg\" aria-label=\"old gods of armenia\" class=\"w-image-h\"><img decoding=\"async\" width=\"1500\" height=\"1033\" src=\"https:\/\/armintour.com\/wp-content\/uploads\/2022\/12\/old-gods-of-armenia.jpg\" class=\"attachment-full size-full\" alt=\"\" loading=\"lazy\" srcset=\"https:\/\/armintour.com\/wp-content\/uploads\/2022\/12\/old-gods-of-armenia.jpg 1500w, https:\/\/armintour.com\/wp-content\/uploads\/2022\/12\/old-gods-of-armenia-300x207.jpg 300w, https:\/\/armintour.com\/wp-content\/uploads\/2022\/12\/old-gods-of-armenia-1024x705.jpg 1024w\" sizes=\"auto, (max-width: 1500px) 100vw, 1500px\" \/><\/a><\/div><div class=\"w-image align_none\"><a ref=\"magnificPopup\" href=\"https:\/\/armintour.com\/wp-content\/uploads\/2022\/12\/Armenian-History.jpg\" aria-label=\"Armenian History\" class=\"w-image-h\"><img decoding=\"async\" width=\"1920\" height=\"844\" src=\"https:\/\/armintour.com\/wp-content\/uploads\/2022\/12\/Armenian-History.jpg\" class=\"attachment-full size-full\" alt=\"\" loading=\"lazy\" srcset=\"https:\/\/armintour.com\/wp-content\/uploads\/2022\/12\/Armenian-History.jpg 1920w, https:\/\/armintour.com\/wp-content\/uploads\/2022\/12\/Armenian-History-300x132.jpg 300w, https:\/\/armintour.com\/wp-content\/uploads\/2022\/12\/Armenian-History-1024x450.jpg 1024w\" sizes=\"auto, (max-width: 1920px) 100vw, 1920px\" \/><\/a><\/div><\/div><\/div><\/div><\/div><\/div><\/div><\/div><\/section><section class=\"l-section wpb_row height_small\"><div class=\"l-section-overlay\" style=\"background:var(--color-header-middle-bg)\"><\/div><div class=\"l-section-h i-cf\"><div class=\"g-cols vc_row via_grid cols_1 laptops-cols_inherit tablets-cols_inherit mobiles-cols_1 valign_top type_default stacking_default\"><div class=\"wpb_column vc_column_container\"><div class=\"vc_column-inner\"><div class=\"g-cols wpb_row via_grid cols_1 laptops-cols_inherit tablets-cols_inherit mobiles-cols_1 valign_top type_default stacking_default\" style=\"--gap:3rem;\"><div class=\"wpb_column vc_column_container\"><div class=\"vc_column-inner\"><div id=\"ultimate-heading-866669daca4534602\" class=\"uvc-heading ult-adjust-bottom-margin ultimate-heading-866669daca4534602 uvc-9861 \" data-hspacer=\"no_spacer\"  data-halign=\"left\" style=\"text-align:left\"><div class=\"uvc-heading-spacer no_spacer\" style=\"top\"><\/div><div class=\"uvc-main-heading ult-responsive\"  data-ultimate-target='.uvc-heading.ultimate-heading-866669daca4534602 h3'  data-responsive-json-new='{\"font-size\":\"\",\"line-height\":\"\"}' ><h3 style=\"font-weight:bold;color:#215388;\">4 REINOS ARMENIOS<\/h3><\/div><div class=\"uvc-sub-heading ult-responsive\"  data-ultimate-target='.uvc-heading.ultimate-heading-866669daca4534602 .uvc-sub-heading '  data-responsive-json-new='{\"font-size\":\"\",\"line-height\":\"\"}'  style=\"font-style:italic;font-weight:bold;color:#000000;margin-top:10px;\">Desde la antig\u00fcedad al cristianismo temprano<\/div><\/div><\/div><\/div><\/div><div class=\"w-separator size_small\"><\/div><div id=\"ultimate-heading-855869daca453475b\" class=\"uvc-heading ult-adjust-bottom-margin ultimate-heading-855869daca453475b uvc-1616 \" data-hspacer=\"no_spacer\"  data-halign=\"left\" style=\"text-align:left\"><div class=\"uvc-heading-spacer no_spacer\" style=\"top\"><\/div><div class=\"uvc-main-heading ult-responsive\"  data-ultimate-target='.uvc-heading.ultimate-heading-855869daca453475b h5'  data-responsive-json-new='{\"font-size\":\"\",\"line-height\":\"\"}' ><h5 style=\"font-weight:bold;color:#215388;\">El reino de Urartu<\/h5><\/div><\/div><div class=\"w-separator size_small\"><\/div><div class=\"g-cols wpb_row via_grid cols_2 laptops-cols_inherit tablets-cols_inherit mobiles-cols_1 valign_top type_default stacking_default\" style=\"--gap:3rem;\"><div class=\"wpb_column vc_column_container type_sticky\"><div class=\"vc_column-inner\" style=\"top:80px\"><div class=\"wpb_text_column\"><div class=\"wpb_wrapper\"><p>Las excavaciones arqueol\u00f3gicas han revelado que una civilizaci\u00f3n \u00fanica y muy desarrollada es la fortaleza de la ciudad de Urartu (Ararat). Una prueba de aquella civilizaci\u00f3n es la fortaleza de la ciudad de Erebuni fundado en 782 A.C. en el territorio de la actual capital de Armenia- Erev\u00e1n.<br \/>\nEl primer siglo A.C. se considera la edad de oro de Armenia, con sus ciudades florecientes, sus artes y su literatura.<\/p>\n<\/div><\/div><\/div><\/div><div class=\"wpb_column vc_column_container\"><div class=\"vc_column-inner\"><div class=\"w-image align_none\"><a ref=\"magnificPopup\" href=\"https:\/\/armintour.com\/wp-content\/uploads\/2022\/12\/The-Kingdom-of-Urartu.jpg\" aria-label=\"The Kingdom of Urartu\" class=\"w-image-h\"><img decoding=\"async\" width=\"1970\" height=\"948\" src=\"https:\/\/armintour.com\/wp-content\/uploads\/2022\/12\/The-Kingdom-of-Urartu.jpg\" class=\"attachment-full size-full\" alt=\"\" loading=\"lazy\" srcset=\"https:\/\/armintour.com\/wp-content\/uploads\/2022\/12\/The-Kingdom-of-Urartu.jpg 1970w, https:\/\/armintour.com\/wp-content\/uploads\/2022\/12\/The-Kingdom-of-Urartu-300x144.jpg 300w, https:\/\/armintour.com\/wp-content\/uploads\/2022\/12\/The-Kingdom-of-Urartu-1024x493.jpg 1024w\" sizes=\"auto, (max-width: 1970px) 100vw, 1970px\" \/><\/a><\/div><\/div><\/div><\/div><\/div><\/div><\/div><\/div><\/section><section class=\"l-section wpb_row height_small\"><div class=\"l-section-overlay\" style=\"background:var(--color-header-middle-bg)\"><\/div><div class=\"l-section-h i-cf\"><div class=\"g-cols vc_row via_grid cols_1 laptops-cols_inherit tablets-cols_inherit mobiles-cols_1 valign_top type_default stacking_default\"><div class=\"wpb_column vc_column_container\"><div class=\"vc_column-inner\"><div id=\"ultimate-heading-218869daca4535b21\" class=\"uvc-heading ult-adjust-bottom-margin ultimate-heading-218869daca4535b21 uvc-1244 \" data-hspacer=\"no_spacer\"  data-halign=\"left\" style=\"text-align:left\"><div class=\"uvc-heading-spacer no_spacer\" style=\"top\"><\/div><div class=\"uvc-main-heading ult-responsive\"  data-ultimate-target='.uvc-heading.ultimate-heading-218869daca4535b21 h5'  data-responsive-json-new='{\"font-size\":\"\",\"line-height\":\"\"}' ><h5 style=\"font-weight:bold;color:#215388;\">La dinast\u00eda Arshakid<\/h5><\/div><\/div><div class=\"w-separator size_small\"><\/div><div class=\"g-cols wpb_row via_grid cols_2 laptops-cols_inherit tablets-cols_inherit mobiles-cols_1 valign_top type_default stacking_default\" style=\"--gap:3rem;\"><div class=\"wpb_column vc_column_container type_sticky\"><div class=\"vc_column-inner\" style=\"top:80px\"><div class=\"wpb_text_column\"><div class=\"wpb_wrapper\"><p>Un per\u00edodo muy dif\u00edcil para Armenia fue el siglo l A.C. Las pol\u00edticas destructivas de sucesivos gobernantes de Partia llevan a pa\u00eds a disminuir. A partir de la segunda mitad del siglo l Roma agot\u00f3 su influencia en Armenia y el estado vecino de Partia se convierte en el estado m\u00e1s fuerte. En aquel tiempo se fund\u00f3 la dinast\u00eda Arshakid armenia que gobern\u00f3 hasta el siglo IV A.C<br \/>\nDespu\u00e9s de una larga lucha contra Roma, Tiridates l, el rey armenio, fue coronado por Ner\u00f3n en el 66 D.C y en Armenia comenz\u00f3 el per\u00edodo del renacimiento. Muchas fortalezas y ciudades fueron fundadas o reconstru\u00eddas, y se realiz\u00f3 un avance notable tanto en artes como en ciencia. Una de las ciudades que surgieron en ese momento fue Vagharshapat, que m\u00e1s tarde se hizo la cuna del cristianismo en Armenia.<br \/>\nEn el a\u00f1o 301 Armenia adopt\u00f3 el cristianismo convirti\u00e9ndose en el primer pa\u00eds del mundo que lo proclam\u00f3 como religi\u00f3n estatal. Sin embargo, el cristianismo fue legalizado en el Imperio Romano en 313 por el Edicto de Mil\u00e1n.<\/p>\n<\/div><\/div><\/div><\/div><div class=\"wpb_column vc_column_container type_sticky\"><div class=\"vc_column-inner\" style=\"top:80px\"><div class=\"w-image align_none\"><a ref=\"magnificPopup\" href=\"https:\/\/armintour.com\/wp-content\/uploads\/2022\/12\/Arshakunyats_Dambaran_and_Chapel_Aghdzk_Armenia-scaled.jpg\" aria-label=\"Arshakunyats_Dambaran_and_Chapel,_Aghdzk,_Armenia\" class=\"w-image-h\"><img decoding=\"async\" width=\"2560\" height=\"1752\" src=\"https:\/\/armintour.com\/wp-content\/uploads\/2022\/12\/Arshakunyats_Dambaran_and_Chapel_Aghdzk_Armenia-scaled.jpg\" class=\"attachment-full size-full\" alt=\"\" loading=\"lazy\" srcset=\"https:\/\/armintour.com\/wp-content\/uploads\/2022\/12\/Arshakunyats_Dambaran_and_Chapel_Aghdzk_Armenia-scaled.jpg 2560w, https:\/\/armintour.com\/wp-content\/uploads\/2022\/12\/Arshakunyats_Dambaran_and_Chapel_Aghdzk_Armenia-300x205.jpg 300w, https:\/\/armintour.com\/wp-content\/uploads\/2022\/12\/Arshakunyats_Dambaran_and_Chapel_Aghdzk_Armenia-1024x701.jpg 1024w\" sizes=\"auto, (max-width: 2560px) 100vw, 2560px\" \/><\/a><\/div><div class=\"w-image align_none\"><a ref=\"magnificPopup\" href=\"https:\/\/armintour.com\/wp-content\/uploads\/2022\/12\/Arshakunyats_Mausoleum_01.jpg\" aria-label=\"Arshakunyats_Mausoleum_01\" class=\"w-image-h\"><img decoding=\"async\" width=\"2000\" height=\"1500\" src=\"https:\/\/armintour.com\/wp-content\/uploads\/2022\/12\/Arshakunyats_Mausoleum_01.jpg\" class=\"attachment-full size-full\" alt=\"\" loading=\"lazy\" srcset=\"https:\/\/armintour.com\/wp-content\/uploads\/2022\/12\/Arshakunyats_Mausoleum_01.jpg 2000w, https:\/\/armintour.com\/wp-content\/uploads\/2022\/12\/Arshakunyats_Mausoleum_01-300x225.jpg 300w, https:\/\/armintour.com\/wp-content\/uploads\/2022\/12\/Arshakunyats_Mausoleum_01-1024x768.jpg 1024w\" sizes=\"auto, (max-width: 2000px) 100vw, 2000px\" \/><\/a><\/div><\/div><\/div><\/div><\/div><\/div><\/div><\/div><\/section><section class=\"l-section wpb_row height_small\"><div class=\"l-section-overlay\" style=\"background:var(--color-header-middle-bg)\"><\/div><div class=\"l-section-h i-cf\"><div class=\"g-cols vc_row via_grid cols_1 laptops-cols_inherit tablets-cols_inherit mobiles-cols_1 valign_top type_default stacking_default\"><div class=\"wpb_column vc_column_container\"><div class=\"vc_column-inner\"><div id=\"ultimate-heading-907069daca4537d7c\" class=\"uvc-heading ult-adjust-bottom-margin ultimate-heading-907069daca4537d7c uvc-9039 \" data-hspacer=\"no_spacer\"  data-halign=\"left\" style=\"text-align:left\"><div class=\"uvc-heading-spacer no_spacer\" style=\"top\"><\/div><div class=\"uvc-main-heading ult-responsive\"  data-ultimate-target='.uvc-heading.ultimate-heading-907069daca4537d7c h5'  data-responsive-json-new='{\"font-size\":\"\",\"line-height\":\"\"}' ><h5 style=\"font-weight:bold;color:#215388;\">Armenia Medieval<\/h5><\/div><div class=\"uvc-sub-heading ult-responsive\"  data-ultimate-target='.uvc-heading.ultimate-heading-907069daca4537d7c .uvc-sub-heading '  data-responsive-json-new='{\"font-size\":\"\",\"line-height\":\"\"}'  style=\"font-style:italic;font-weight:bold;color:#000000;margin-top:10px;\">Bagratid Armenia \u2013 El reino medieval de Armenia<\/div><\/div><div class=\"w-separator size_small\"><\/div><div class=\"g-cols wpb_row via_grid cols_2 laptops-cols_inherit tablets-cols_inherit mobiles-cols_1 valign_top type_default stacking_default\" style=\"--gap:3rem;\"><div class=\"wpb_column vc_column_container type_sticky\"><div class=\"vc_column-inner\" style=\"top:80px\"><div class=\"wpb_text_column\"><div class=\"wpb_wrapper\"><p>En el VII siglo Sasad\u00edn Persia cay\u00f3 bajo las invasiones de los \u00e1rabes. Armenia esta vez cay\u00f3 bajo el yugo del Califato \u00e1rabe. Un movimiento de liberaci\u00f3n nacional largu\u00edsimo termin\u00f3 con la victoria de los armenios y en el a\u00f1o 859 Ashot Bagratuni, de la dinast\u00eda de Bagratuni, fue reconocido como el pr\u00edncipe de los pr\u00edncipes, a qui\u00e9n el Califa le concedi\u00f3 el t\u00edtulo del rey armenio en 885.<br \/>\nA mediados del siglo IX se produjo un ascenso notable de la vida pol\u00edtica y econ\u00f3mica, espiritual, cultural del pa\u00eds. La fortaleza de Ani, conocida desde el siglo V, se convierte en la capital nacional en 961. Ani era conocida como \u201cla ciudad de las mil y una iglesias\u201d. Esta ten\u00eda terraplenes fuertes, jardines y barrios residenciales. La capital de Ani creci\u00f3 hasta llegar a una poblaci\u00f3n de aproximadamente 100 000, m\u00e1s que cualquier centro urbano en Europa.<br \/>\nEn el siglo XI el reino armenio se debilita debido tanto a la inestabilidad interior como a la influencia de fuerzas exteriores, los turcos Seldzuk, que ya hab\u00edan aparecido en el siglo XI, invadieron Armenia del Norte en 1064.<\/p>\n<\/div><\/div><\/div><\/div><div class=\"wpb_column vc_column_container\"><div class=\"vc_column-inner\"><div class=\"w-image align_none\"><a ref=\"magnificPopup\" href=\"https:\/\/armintour.com\/wp-content\/uploads\/2022\/12\/ani-capitol-of-armenia.jpg\" aria-label=\"ani-capitol-of-armenia\" class=\"w-image-h\"><img decoding=\"async\" width=\"2048\" height=\"1281\" src=\"https:\/\/armintour.com\/wp-content\/uploads\/2022\/12\/ani-capitol-of-armenia.jpg\" class=\"attachment-full size-full\" alt=\"\" loading=\"lazy\" srcset=\"https:\/\/armintour.com\/wp-content\/uploads\/2022\/12\/ani-capitol-of-armenia.jpg 2048w, https:\/\/armintour.com\/wp-content\/uploads\/2022\/12\/ani-capitol-of-armenia-300x188.jpg 300w, https:\/\/armintour.com\/wp-content\/uploads\/2022\/12\/ani-capitol-of-armenia-1024x641.jpg 1024w\" sizes=\"auto, (max-width: 2048px) 100vw, 2048px\" \/><\/a><\/div><div class=\"w-image align_none\"><a ref=\"magnificPopup\" href=\"https:\/\/armintour.com\/wp-content\/uploads\/2022\/12\/medieval-armenian-manuscript.jpg\" aria-label=\"medieval-armenian-manuscript\" class=\"w-image-h\"><img decoding=\"async\" width=\"857\" height=\"1181\" src=\"https:\/\/armintour.com\/wp-content\/uploads\/2022\/12\/medieval-armenian-manuscript.jpg\" class=\"attachment-full size-full\" alt=\"\" loading=\"lazy\" srcset=\"https:\/\/armintour.com\/wp-content\/uploads\/2022\/12\/medieval-armenian-manuscript.jpg 857w, https:\/\/armintour.com\/wp-content\/uploads\/2022\/12\/medieval-armenian-manuscript-218x300.jpg 218w, https:\/\/armintour.com\/wp-content\/uploads\/2022\/12\/medieval-armenian-manuscript-743x1024.jpg 743w\" sizes=\"auto, (max-width: 857px) 100vw, 857px\" \/><\/a><\/div><\/div><\/div><\/div><\/div><\/div><\/div><\/div><\/section><section class=\"l-section wpb_row height_small\"><div class=\"l-section-overlay\" style=\"background:var(--color-header-middle-bg)\"><\/div><div class=\"l-section-h i-cf\"><div class=\"g-cols vc_row via_grid cols_1 laptops-cols_inherit tablets-cols_inherit mobiles-cols_1 valign_top type_default stacking_default\"><div class=\"wpb_column vc_column_container\"><div class=\"vc_column-inner\"><div id=\"ultimate-heading-758869daca453a0c6\" class=\"uvc-heading ult-adjust-bottom-margin ultimate-heading-758869daca453a0c6 uvc-6945 \" data-hspacer=\"no_spacer\"  data-halign=\"left\" style=\"text-align:left\"><div class=\"uvc-heading-spacer no_spacer\" style=\"top\"><\/div><div class=\"uvc-main-heading ult-responsive\"  data-ultimate-target='.uvc-heading.ultimate-heading-758869daca453a0c6 h5'  data-responsive-json-new='{\"font-size\":\"\",\"line-height\":\"\"}' ><h5 style=\"font-weight:bold;color:#215388;\">Reino armenio \u2013 Kilikia<\/h5><\/div><\/div><div class=\"w-separator size_small\"><\/div><div class=\"g-cols wpb_row via_grid cols_2 laptops-cols_inherit tablets-cols_inherit mobiles-cols_1 valign_top type_default stacking_default\" style=\"--gap:3rem;\"><div class=\"wpb_column vc_column_container type_sticky\"><div class=\"vc_column-inner\" style=\"top:80px\"><div class=\"wpb_text_column\"><div class=\"wpb_wrapper\"><p>Mientras Armenia perd\u00eda soberan\u00eda, en las costas del sur del Mediterr\u00e1neo subi\u00f3 al trono otro reino armenio- Kilikia. Esto dur\u00f3 aproximadamente 300 a\u00f1os (1080-1375).<br \/>\nLos armenios primero fueron a Kilikia en 96-95 A.C. y con el tiempo ellos se extendieron a lo largo de las costas mediterr\u00e1neas. El principado armenio de Kilikia creci\u00f3 tan r\u00e1pidamente y se hizo tan poderoso que en el a\u00f1o 1198, con el consentimiento de Bizancio y los cruzados, fue reconocido como un reino soberano.<br \/>\nDespu\u00e9s de la ca\u00edda del Imperio Tatar, no cesaron los diferentes pillajes durante las invasiones en Armenia. Las tropas de Lenk Temur (Tamerlane, 1386) y persa Shah Abbas el Grande (1604) invadieron Armenia devastando el pa\u00eds. Despu\u00e9s de una lucha largu\u00edsima, Armenia Occidental pas\u00f3 a Turqu\u00eda en 1639, y Armenia Oriental a Persia. Esta situaci\u00f3n dur\u00f3 hasta los a\u00f1os 20 del XIX siglo.<\/p>\n<\/div><\/div><\/div><\/div><div class=\"wpb_column vc_column_container type_sticky\"><div class=\"vc_column-inner\" style=\"top:80px\"><div class=\"w-image align_none\"><a ref=\"magnificPopup\" href=\"https:\/\/armintour.com\/wp-content\/uploads\/2022\/12\/2ef267b33a4911ab8af7de15af843d29.jpg\" aria-label=\"2ef267b33a4911ab8af7de15af843d29\" class=\"w-image-h\"><img decoding=\"async\" width=\"900\" height=\"900\" src=\"https:\/\/armintour.com\/wp-content\/uploads\/2022\/12\/2ef267b33a4911ab8af7de15af843d29.jpg\" class=\"attachment-full size-full\" alt=\"\" loading=\"lazy\" srcset=\"https:\/\/armintour.com\/wp-content\/uploads\/2022\/12\/2ef267b33a4911ab8af7de15af843d29.jpg 900w, https:\/\/armintour.com\/wp-content\/uploads\/2022\/12\/2ef267b33a4911ab8af7de15af843d29-300x300.jpg 300w, https:\/\/armintour.com\/wp-content\/uploads\/2022\/12\/2ef267b33a4911ab8af7de15af843d29-150x150.jpg 150w\" sizes=\"auto, (max-width: 900px) 100vw, 900px\" \/><\/a><\/div><\/div><\/div><\/div><\/div><\/div><\/div><\/div><\/section><section class=\"l-section wpb_row height_small\"><div class=\"l-section-overlay\" style=\"background:var(--color-header-middle-bg)\"><\/div><div class=\"l-section-h i-cf\"><div class=\"g-cols vc_row via_grid cols_1 laptops-cols_inherit tablets-cols_inherit mobiles-cols_1 valign_top type_default stacking_default\"><div class=\"wpb_column vc_column_container\"><div class=\"vc_column-inner\"><div class=\"g-cols wpb_row via_grid cols_1 laptops-cols_inherit tablets-cols_inherit mobiles-cols_1 valign_top type_default stacking_default\" style=\"--gap:3rem;\"><div class=\"wpb_column vc_column_container\"><div class=\"vc_column-inner\"><div id=\"ultimate-heading-493469daca453b966\" class=\"uvc-heading ult-adjust-bottom-margin ultimate-heading-493469daca453b966 uvc-6495 \" data-hspacer=\"no_spacer\"  data-halign=\"left\" style=\"text-align:left\"><div class=\"uvc-heading-spacer no_spacer\" style=\"top\"><\/div><div class=\"uvc-main-heading ult-responsive\"  data-ultimate-target='.uvc-heading.ultimate-heading-493469daca453b966 h3'  data-responsive-json-new='{\"font-size\":\"\",\"line-height\":\"\"}' ><h3 style=\"font-weight:bold;color:#215388;\">Entre Rusia y Turqu\u00eda<\/h3><\/div><\/div><\/div><\/div><\/div><div class=\"w-separator size_small\"><\/div><div class=\"g-cols wpb_row via_grid cols_1 laptops-cols_inherit tablets-cols_inherit mobiles-cols_1 valign_top type_default stacking_default\" style=\"--gap:3rem;\"><div class=\"wpb_column vc_column_container\"><div class=\"vc_column-inner\"><div class=\"wpb_text_column\"><div class=\"wpb_wrapper\"><p>La relaci\u00f3n de Armenia y Rusia comienza en los siglos X-XII. Desde el siglo XVII la cuesti\u00f3n clave en las relaciones pol\u00edticas con Rusia era la liberaci\u00f3n de Armenia de la tiran\u00eda turca y persa. En el a\u00f1o 1804 comenz\u00f3 una guerra entre Rusia y Persia, y en 1813 varios distritos hist\u00f3ricamente armenios (marzes) fueron afiliados a Rusia por el contrato de Guiulist\u00e1n.<br \/>\nEn 1828 el contrato de Turkmencha lleg\u00f3 finalmente a unificar Armenia Oriental con Rusia, y el resultado de la guerra entre Rusia y Turqu\u00eda en el a\u00f1o 1877-1878 fue que la provincia occidental de Armenia- Kars se uni\u00f3 tambi\u00e9n a Rusia.<br \/>\nA finales del siglo XIX el gobierno de otomano plane\u00f3 y realiz\u00f3 masacres de armenios. Las reflexiones de la resistencia heroica en Sas\u00fan, Zeit\u00fan, Furgoneta y en otra parte todav\u00eda est\u00e1n frescas. En 1915 el gobierno turco realiz\u00f3 el genocidio de la naci\u00f3n armenia con aproximadamente 1.5 millones de v\u00edctimas armenias.<br \/>\nLos supervivientes huyeron a diferentes partes del mundo, y una parte encontr\u00f3 refugio en Armenia oriental.<br \/>\nEl 28 de mayo de 1918, Armenia fue declarada estado independiente.<br \/>\nEn 1920 se estableci\u00f3 la rep\u00fablica Socialista sovi\u00e9tica armenia.<br \/>\nEn 1991 Armenia recobr\u00f3 la estructura del estado independiente.<\/p>\n<\/div><\/div><\/div><\/div><\/div><\/div><\/div><\/div><\/div><\/section>\n","protected":false},"excerpt":{"rendered":"\u201cHAYASTAN\u201d &amp; \u201cARMENIA\u201dLas primeras muestras de la civilizaci\u00f3n armenia se puede rastrear en inscripciones cuneiformes sumerias que se remontan al III milenio A.C. adem\u00e1s los hititas declaran la existencia de un pa\u00eds llamado Hayasa, que se considera la cuna de Armenia. La ra\u00edz \u201chaya\u201d, combinado con el sufijo \u201cstan\u201d (tierra). Hayk era uno de los...","protected":false},"author":1,"featured_media":14771,"parent":0,"menu_order":0,"comment_status":"closed","ping_status":"closed","template":"","meta":{"footnotes":""},"class_list":["post-14889","page","type-page","status-publish","has-post-thumbnail","hentry"],"_links":{"self":[{"href":"https:\/\/armintour.com\/es\/wp-json\/wp\/v2\/pages\/14889","targetHints":{"allow":["GET"]}}],"collection":[{"href":"https:\/\/armintour.com\/es\/wp-json\/wp\/v2\/pages"}],"about":[{"href":"https:\/\/armintour.com\/es\/wp-json\/wp\/v2\/types\/page"}],"author":[{"embeddable":true,"href":"https:\/\/armintour.com\/es\/wp-json\/wp\/v2\/users\/1"}],"replies":[{"embeddable":true,"href":"https:\/\/armintour.com\/es\/wp-json\/wp\/v2\/comments?post=14889"}],"version-history":[{"count":4,"href":"https:\/\/armintour.com\/es\/wp-json\/wp\/v2\/pages\/14889\/revisions"}],"predecessor-version":[{"id":25018,"href":"https:\/\/armintour.com\/es\/wp-json\/wp\/v2\/pages\/14889\/revisions\/25018"}],"wp:featuredmedia":[{"embeddable":true,"href":"https:\/\/armintour.com\/es\/wp-json\/wp\/v2\/media\/14771"}],"wp:attachment":[{"href":"https:\/\/armintour.com\/es\/wp-json\/wp\/v2\/media?parent=14889"}],"curies":[{"name":"wp","href":"https:\/\/api.w.org\/{rel}","templated":true}]}}