{"id":14947,"date":"2022-12-28T12:54:34","date_gmt":"2022-12-28T08:54:34","guid":{"rendered":"https:\/\/intour.lizin.am\/religion\/"},"modified":"2023-01-25T15:33:34","modified_gmt":"2023-01-25T11:33:34","slug":"religion","status":"publish","type":"page","link":"https:\/\/armintour.com\/es\/religion\/","title":{"rendered":"Religi\u00f3n"},"content":{"rendered":"<section class=\"l-section wpb_row height_auto\"><div class=\"l-section-h i-cf\"><div class=\"g-cols vc_row via_grid cols_1 laptops-cols_inherit tablets-cols_inherit mobiles-cols_1 valign_top type_default stacking_default\"><div class=\"wpb_column vc_column_container\"><div class=\"vc_column-inner\"><div id=\"ultimate-heading-966569daf1cfc8968\" class=\"uvc-heading ult-adjust-bottom-margin ultimate-heading-966569daf1cfc8968 uvc-4526 \" data-hspacer=\"no_spacer\"  data-halign=\"center\" style=\"text-align:center\"><div class=\"uvc-heading-spacer no_spacer\" style=\"top\"><\/div><div class=\"uvc-main-heading ult-responsive\"  data-ultimate-target='.uvc-heading.ultimate-heading-966569daf1cfc8968 h3'  data-responsive-json-new='{\"font-size\":\"\",\"line-height\":\"\"}' ><h3 style=\"font-weight:bold;color:#215388;\">La mayor\u00eda de los armenios son cristianos<\/h3><\/div><\/div><div class=\"w-separator size_medium\"><\/div><\/div><\/div><\/div><\/div><\/section><section class=\"l-section wpb_row height_small with_img\"><div class=\"l-section-img\" role=\"img\" data-img-width=\"1200\" data-img-height=\"800\" style=\"background-image: url(https:\/\/armintour.com\/wp-content\/uploads\/2022\/12\/drevnyaya-armeniya.jpg);\"><\/div><div class=\"l-section-overlay\" style=\"background:var(--color-header-top-transparent-bg)\"><\/div><div class=\"l-section-h i-cf\"><div class=\"g-cols vc_row via_grid cols_1 laptops-cols_inherit tablets-cols_inherit mobiles-cols_1 valign_top type_default stacking_default\"><div class=\"wpb_column vc_column_container\"><div class=\"vc_column-inner\"><div class=\"w-separator size_small\"><\/div><div class=\"g-cols wpb_row via_grid cols_2 laptops-cols_inherit tablets-cols_inherit mobiles-cols_1 valign_top type_default stacking_default\" style=\"--gap:3rem;\"><div class=\"wpb_column vc_column_container\"><div class=\"vc_column-inner\"><div class=\"wpb_text_column us_custom_345c8b9d has_text_color\"><div class=\"wpb_wrapper\"><p>La mayor\u00eda de los armenios son cristianos, principalmente del rito Ortodoxa Oriental.<br \/>\nEl cristianismo fue introducido primero por los ap\u00f3stoles Bartolom\u00e9 y Tadeo en el primer siglo D.C. Armenia es el primer pa\u00eds en adoptar el cristianismo como religi\u00f3n estatal cuando en un evento tradicional quedata de 301 D.C. San Gregorio el Iluminador convenci\u00f3 a Tiridates III, el rey de Armenia, a convertirse al cristianismo. Antes de esto, la religi\u00f3n dominante era zoroastrismo y, en menor grado, el paganismo. Gracias a los sermones de san Gregorio el Iluminador, el rey armenio Tir\u00eddates lll (287-330 d.c. ) y su familia fueron los primeros en ser bautizados, despu\u00e9s de que el cristianismo fue anunciado como la religi\u00f3n oficial del pa\u00eds.<br \/>\nM\u00e1s de 90% de los armenios pertenecen a la iglesia Apost\u00f3lica Armenia, una forma de la Ortodoxa (Non-Chalcedonianismo) Oriental que es una iglesia muy ritualista, conservadora, bruscamente comparable con las iglesias copta y siria.<br \/>\nArmenia tambi\u00e9n tiene una poblaci\u00f3n de cat\u00f3licos de rito armenio y de protestantes y seguidores evang\u00e9licos de la religi\u00f3n tradicional armenia.<br \/>\nLa sede de la Iglesia Apost\u00f3lica Armenia y, en particular, la pontifical residencia del Patriarca supremo y Catholic\u00f3s de todos los armenios es Santa Sede de Echmiadz\u00edn. El complejo consta de varios edificios (Santa Madre Catedral de Echmiadz\u00edn, iglesia de San Hripsim\u00e9, iglesia de San Gayan\u00e9 ). La sede de la Iglesia apost\u00f3lica armenia alberga la canciller\u00eda catholicosal, un seminario y un museo.<\/p>\n<\/div><\/div><\/div><\/div><div class=\"wpb_column vc_column_container type_sticky\"><div class=\"vc_column-inner\" style=\"top:80px\"><\/div><\/div><\/div><div class=\"w-separator size_small\"><\/div><\/div><\/div><\/div><\/div><\/section>\n","protected":false},"excerpt":{"rendered":"La mayor\u00eda de los armenios son cristianosLa mayor\u00eda de los armenios son cristianos, principalmente del rito Ortodoxa Oriental. El cristianismo fue introducido primero por los ap\u00f3stoles Bartolom\u00e9 y Tadeo en el primer siglo D.C. Armenia es el primer pa\u00eds en adoptar el cristianismo como religi\u00f3n estatal cuando en un evento tradicional quedata de 301 D.C....","protected":false},"author":1,"featured_media":14923,"parent":0,"menu_order":0,"comment_status":"closed","ping_status":"closed","template":"","meta":{"footnotes":""},"class_list":["post-14947","page","type-page","status-publish","has-post-thumbnail","hentry"],"_links":{"self":[{"href":"https:\/\/armintour.com\/es\/wp-json\/wp\/v2\/pages\/14947","targetHints":{"allow":["GET"]}}],"collection":[{"href":"https:\/\/armintour.com\/es\/wp-json\/wp\/v2\/pages"}],"about":[{"href":"https:\/\/armintour.com\/es\/wp-json\/wp\/v2\/types\/page"}],"author":[{"embeddable":true,"href":"https:\/\/armintour.com\/es\/wp-json\/wp\/v2\/users\/1"}],"replies":[{"embeddable":true,"href":"https:\/\/armintour.com\/es\/wp-json\/wp\/v2\/comments?post=14947"}],"version-history":[{"count":2,"href":"https:\/\/armintour.com\/es\/wp-json\/wp\/v2\/pages\/14947\/revisions"}],"predecessor-version":[{"id":25020,"href":"https:\/\/armintour.com\/es\/wp-json\/wp\/v2\/pages\/14947\/revisions\/25020"}],"wp:featuredmedia":[{"embeddable":true,"href":"https:\/\/armintour.com\/es\/wp-json\/wp\/v2\/media\/14923"}],"wp:attachment":[{"href":"https:\/\/armintour.com\/es\/wp-json\/wp\/v2\/media?parent=14947"}],"curies":[{"name":"wp","href":"https:\/\/api.w.org\/{rel}","templated":true}]}}