{"id":15000,"date":"2022-12-28T15:51:12","date_gmt":"2022-12-28T11:51:12","guid":{"rendered":"https:\/\/intour.lizin.am\/yerevan\/"},"modified":"2023-01-25T15:37:22","modified_gmt":"2023-01-25T11:37:22","slug":"yerevan","status":"publish","type":"page","link":"https:\/\/armintour.com\/es\/yerevan\/","title":{"rendered":"Erev\u00e1n"},"content":{"rendered":"<section class=\"l-section wpb_row height_small\"><div class=\"l-section-h i-cf\"><div class=\"g-cols vc_row via_grid cols_1 laptops-cols_inherit tablets-cols_inherit mobiles-cols_1 valign_top type_default stacking_default\"><div class=\"wpb_column vc_column_container\"><div class=\"vc_column-inner\"><div class=\"wpb_text_column\"><div class=\"wpb_wrapper\"><p><strong>Territorio:<\/strong> 227 kil\u00f3metros cuadrados<br \/>\n<strong>Las tierras agr\u00edcolas:<\/strong> 6413 hect\u00e1reas<br \/>\n<strong>Las tierras cultivables:<\/strong> 1506 hect\u00e1reas<br \/>\n<strong>Comunidades del distrito:<\/strong> 12<br \/>\n<strong>La poblaci\u00f3n:<\/strong> 1 073 700 personas (2016)<\/p>\n<\/div><\/div><\/div><\/div><\/div><\/div><\/section><section class=\"l-section wpb_row height_small\"><div class=\"l-section-h i-cf\"><div class=\"g-cols vc_row via_grid cols_1 laptops-cols_inherit tablets-cols_inherit mobiles-cols_1 valign_top type_default stacking_default\"><div class=\"wpb_column vc_column_container\"><div class=\"vc_column-inner\"><div class=\"wpb_text_column\"><div class=\"wpb_wrapper\"><p>Erev\u00e1n es la capital de la Rep\u00fablica de Armenia. Es la ciudad m\u00e1s grande no s\u00f3lo entre las 48 ciudades presentes en la Rep\u00fablica de Armenia sino tambi\u00e9n entre las capitales de Armenia hist\u00f3rico. Erev\u00e1n es una de las ciudades m\u00e1s antiguas del mundo y tiene una historia de 2799 a\u00f1os (de la misma edad que Ciudad Eterna de Roma, Cartagena, N\u00ednive y Damasco). Est\u00e1 a la misma altitud que Washington, Madrid, Pek\u00edn.<br \/>\nLa ciudad est\u00e1 situada en la parte noreste del Valle Ararat en la concavidad de Erev\u00e1n.<br \/>\nErev\u00e1n tiene un clima continental seco. La temperatura media anual es 10-11\u00b0C. El verano es largo y calido, principalmente con clima seco (la temperatura media 24-25 \u00b0C, la temperatura m\u00e1s alta 41-42\u00b0C). El invierno es templado fr\u00edo, principalmente con cubierta de nieve inestable (la temperatura m\u00e1xima en Enero es 5-6 \u00b0C, la temperatura m\u00ednima- 31 \u00b0C). La primavera es corta y el clima es muy cambiable. El oto\u00f1o es suave e agradable, soleado y caliente. El n\u00famero anual de precipitaciones fluct\u00faa dentro de los l\u00edmites de 300-350mm c\u00fabicos.<br \/>\nEn el per\u00edodo sovi\u00e9tico Erev\u00e1n se moderniz\u00f3 y de una ciudad provincial (el n\u00famero de la poblaci\u00f3n era menos de 30000 en 1920) se convirti\u00f3 en un centro industrial grande, cultural y en el centro cient\u00edfico as\u00ed como la uni\u00f3n de transporte m\u00e1s importante (el ferrocarril conect\u00f3 el Mar Negro con el Golfo P\u00e9rsico y el ferrocarril (Erev\u00e1n \u2013 Hrazdan- Idzev\u00e1n -Aghstava) conect\u00f3 Bak\u00fa con Tiblisi) se intersecan en Erev\u00e1n. El Erev\u00e1n- Sev\u00e1n ferrocarril de palangana Sotk tiene la importancia local, puerta de entrada a\u00e9rea de la Rep\u00fablica de Armenia con sus dos aeropuertos internacionales \u00a8Zvartots\u00a8 e \u00a8Erebuni\u00a8; varias carreteras atraviesan.<br \/>\nErev\u00e1n, la capital, es la ciudad con m\u00e1s poblaci\u00f3n de la rep\u00fablica. Consta de 12 comunidades de distrito: Adzapnyak, Av\u00e1n, Arabkir, Davtashen, Erebuni, Kentr\u00f3n, Malatia-Sebastia, Nor Nork, Nork-Marash, Nubarashen, Shengavit, Qanaqer-Zeytun cubriendo la tercera parte de la poblaci\u00f3n de la rep\u00fablica (el 34.3 % en 2002) e eso excede el indicador republicano promedio aproximadamente unos 50 veces por la densidad de poblaci\u00f3n (4855 personas por kil\u00f3metro cuadrado).<br \/>\nErev\u00e1n es el centro econ\u00f3mico m\u00e1s grande de la rep\u00fablica. La industria manufacturera es la principal industria que encontramos en la regi\u00f3n.<\/p>\n<\/div><\/div><\/div><\/div><\/div><\/div><\/section><section class=\"l-section wpb_row height_small\"><div class=\"l-section-h i-cf\"><div class=\"g-cols vc_row via_grid cols_1 laptops-cols_inherit tablets-cols_inherit mobiles-cols_1 valign_top type_default stacking_default\"><div class=\"wpb_column vc_column_container\"><div class=\"vc_column-inner\"><div class=\"w-slider style_none fit_contain\"><div class=\"w-slider-h\"><div class=\"royalSlider\"><div class=\"rsContent\"><a class=\"rsImg\" data-rsw=\"2000\" data-rsh=\"1329\" data-rsBigImg=\"https:\/\/armintour.com\/wp-content\/uploads\/2022\/12\/cascade-stairs-in-Yerevan-Armenia.jpg\" href=\"https:\/\/armintour.com\/wp-content\/uploads\/2022\/12\/cascade-stairs-in-Yerevan-Armenia.jpg\"><span data-alt=\"\"><\/span><\/a><\/div><div class=\"rsContent\"><a class=\"rsImg\" data-rsw=\"1239\" data-rsh=\"826\" data-rsBigImg=\"https:\/\/armintour.com\/wp-content\/uploads\/2022\/12\/Cascade.jpg\" href=\"https:\/\/armintour.com\/wp-content\/uploads\/2022\/12\/Cascade.jpg\"><span data-alt=\"\"><\/span><\/a><\/div><div class=\"rsContent\"><a class=\"rsImg\" data-rsw=\"1200\" data-rsh=\"900\" data-rsBigImg=\"https:\/\/armintour.com\/wp-content\/uploads\/2022\/12\/1200px-Yerevan_puppet_theatre.jpg\" href=\"https:\/\/armintour.com\/wp-content\/uploads\/2022\/12\/1200px-Yerevan_puppet_theatre.jpg\"><span data-alt=\"\"><\/span><\/a><\/div><div class=\"rsContent\"><a class=\"rsImg\" data-rsw=\"2560\" data-rsh=\"1737\" data-rsBigImg=\"https:\/\/armintour.com\/wp-content\/uploads\/2022\/12\/Yerevan-4-scaled.jpg\" href=\"https:\/\/armintour.com\/wp-content\/uploads\/2022\/12\/Yerevan-4-scaled.jpg\"><span data-alt=\"\"><\/span><\/a><\/div><div class=\"rsContent\"><a class=\"rsImg\" data-rsw=\"2000\" data-rsh=\"1200\" data-rsBigImg=\"https:\/\/armintour.com\/wp-content\/uploads\/2022\/12\/History-Museum.jpg\" href=\"https:\/\/armintour.com\/wp-content\/uploads\/2022\/12\/History-Museum.jpg\"><span data-alt=\"\"><\/span><\/a><\/div><div class=\"rsContent\"><a class=\"rsImg\" data-rsw=\"2000\" data-rsh=\"1333\" data-rsBigImg=\"https:\/\/armintour.com\/wp-content\/uploads\/2022\/12\/Republic-Square-Yerevan.jpg\" href=\"https:\/\/armintour.com\/wp-content\/uploads\/2022\/12\/Republic-Square-Yerevan.jpg\"><span data-alt=\"\"><\/span><\/a><\/div><div class=\"rsContent\"><a class=\"rsImg\" data-rsw=\"1920\" data-rsh=\"1080\" data-rsBigImg=\"https:\/\/armintour.com\/wp-content\/uploads\/2022\/12\/ulici-yerevana-2.jpg\" href=\"https:\/\/armintour.com\/wp-content\/uploads\/2022\/12\/ulici-yerevana-2.jpg\"><span data-alt=\"\"><\/span><\/a><\/div><div class=\"rsContent\"><a class=\"rsImg\" data-rsw=\"1200\" data-rsh=\"900\" data-rsBigImg=\"https:\/\/armintour.com\/wp-content\/uploads\/2022\/12\/Matenadaran.jpg\" href=\"https:\/\/armintour.com\/wp-content\/uploads\/2022\/12\/Matenadaran.jpg\"><span data-alt=\"\"><\/span><\/a><\/div><div class=\"rsContent\"><a class=\"rsImg\" data-rsw=\"1920\" data-rsh=\"1282\" data-rsBigImg=\"https:\/\/armintour.com\/wp-content\/uploads\/2022\/12\/2_day-1.jpg\" href=\"https:\/\/armintour.com\/wp-content\/uploads\/2022\/12\/2_day-1.jpg\"><span data-alt=\"\"><\/span><\/a><\/div><div class=\"rsContent\"><a class=\"rsImg\" data-rsw=\"2000\" data-rsh=\"800\" data-rsBigImg=\"https:\/\/armintour.com\/wp-content\/uploads\/2022\/12\/Marriott-Yerevan.jpg\" href=\"https:\/\/armintour.com\/wp-content\/uploads\/2022\/12\/Marriott-Yerevan.jpg\"><span data-alt=\"\"><\/span><\/a><\/div><div class=\"rsContent\"><a class=\"rsImg\" data-rsw=\"2000\" data-rsh=\"1317\" data-rsBigImg=\"https:\/\/armintour.com\/wp-content\/uploads\/2022\/12\/Republic-Square-Yerevan-.jpg\" href=\"https:\/\/armintour.com\/wp-content\/uploads\/2022\/12\/Republic-Square-Yerevan-.jpg\"><span data-alt=\"\"><\/span><\/a><\/div><div class=\"rsContent\"><a class=\"rsImg\" data-rsw=\"2000\" data-rsh=\"1125\" data-rsBigImg=\"https:\/\/armintour.com\/wp-content\/uploads\/2022\/12\/Yerevan.jpg\" href=\"https:\/\/armintour.com\/wp-content\/uploads\/2022\/12\/Yerevan.jpg\"><span data-alt=\"\"><\/span><\/a><\/div><div class=\"rsContent\"><a class=\"rsImg\" data-rsw=\"2560\" data-rsh=\"1440\" data-rsBigImg=\"https:\/\/armintour.com\/wp-content\/uploads\/2022\/12\/ulici-yerevana-3-scaled.jpg\" href=\"https:\/\/armintour.com\/wp-content\/uploads\/2022\/12\/ulici-yerevana-3-scaled.jpg\"><span data-alt=\"\"><\/span><\/a><\/div><div class=\"rsContent\"><a class=\"rsImg\" data-rsw=\"2000\" data-rsh=\"1499\" data-rsBigImg=\"https:\/\/armintour.com\/wp-content\/uploads\/2022\/12\/Hamalir.jpg\" href=\"https:\/\/armintour.com\/wp-content\/uploads\/2022\/12\/Hamalir.jpg\"><span data-alt=\"\"><\/span><\/a><\/div><div class=\"rsContent\"><a class=\"rsImg\" data-rsw=\"2000\" data-rsh=\"1494\" data-rsBigImg=\"https:\/\/armintour.com\/wp-content\/uploads\/2022\/12\/Genocide_Memorial.jpg\" href=\"https:\/\/armintour.com\/wp-content\/uploads\/2022\/12\/Genocide_Memorial.jpg\"><span data-alt=\"\"><\/span><\/a><\/div><div class=\"rsContent\"><a class=\"rsImg\" data-rsw=\"1024\" data-rsh=\"505\" data-rsBigImg=\"https:\/\/armintour.com\/wp-content\/uploads\/2022\/12\/lebedinoe-ozero.jpeg\" href=\"https:\/\/armintour.com\/wp-content\/uploads\/2022\/12\/lebedinoe-ozero.jpeg\"><span data-alt=\"\"><\/span><\/a><\/div><div class=\"rsContent\"><a class=\"rsImg\" data-rsw=\"2000\" data-rsh=\"1333\" data-rsBigImg=\"https:\/\/armintour.com\/wp-content\/uploads\/2022\/12\/Vernissage.jpg\" href=\"https:\/\/armintour.com\/wp-content\/uploads\/2022\/12\/Vernissage.jpg\"><span data-alt=\"\"><\/span><\/a><\/div><div class=\"rsContent\"><a class=\"rsImg\" data-rsw=\"1239\" data-rsh=\"877\" data-rsBigImg=\"https:\/\/armintour.com\/wp-content\/uploads\/2022\/12\/Vernissage-dolls.jpg\" href=\"https:\/\/armintour.com\/wp-content\/uploads\/2022\/12\/Vernissage-dolls.jpg\"><span data-alt=\"\"><\/span><\/a><\/div><div class=\"rsContent\"><a class=\"rsImg\" data-rsw=\"1512\" data-rsh=\"2019\" data-rsBigImg=\"https:\/\/armintour.com\/wp-content\/uploads\/2022\/12\/Mayr-Hayrenik.jpg\" href=\"https:\/\/armintour.com\/wp-content\/uploads\/2022\/12\/Mayr-Hayrenik.jpg\"><span data-alt=\"\"><\/span><\/a><\/div><div class=\"rsContent\"><a class=\"rsImg\" data-rsw=\"1700\" data-rsh=\"1043\" data-rsBigImg=\"https:\/\/armintour.com\/wp-content\/uploads\/2022\/12\/Yerevan-Opera-House.jpg\" href=\"https:\/\/armintour.com\/wp-content\/uploads\/2022\/12\/Yerevan-Opera-House.jpg\"><span data-alt=\"\"><\/span><\/a><\/div><div class=\"rsContent\"><a class=\"rsImg\" data-rsw=\"1920\" data-rsh=\"1080\" data-rsBigImg=\"https:\/\/armintour.com\/wp-content\/uploads\/2022\/12\/Yerevan-3.jpg\" href=\"https:\/\/armintour.com\/wp-content\/uploads\/2022\/12\/Yerevan-3.jpg\"><span data-alt=\"\"><\/span><\/a><\/div><div class=\"rsContent\"><a class=\"rsImg\" data-rsw=\"1024\" data-rsh=\"659\" data-rsBigImg=\"https:\/\/armintour.com\/wp-content\/uploads\/2022\/12\/Republic-Square.jpg\" href=\"https:\/\/armintour.com\/wp-content\/uploads\/2022\/12\/Republic-Square.jpg\"><span data-alt=\"\"><\/span><\/a><\/div><div class=\"rsContent\"><a class=\"rsImg\" data-rsw=\"1920\" data-rsh=\"1280\" data-rsBigImg=\"https:\/\/armintour.com\/wp-content\/uploads\/2022\/12\/Zvartnots-International-Airport-in-Armenia.jpg\" href=\"https:\/\/armintour.com\/wp-content\/uploads\/2022\/12\/Zvartnots-International-Airport-in-Armenia.jpg\"><span data-alt=\"\"><\/span><\/a><\/div><div class=\"rsContent\"><a class=\"rsImg\" data-rsw=\"1239\" data-rsh=\"826\" data-rsBigImg=\"https:\/\/armintour.com\/wp-content\/uploads\/2022\/12\/ulici-yerevana.jpg\" href=\"https:\/\/armintour.com\/wp-content\/uploads\/2022\/12\/ulici-yerevana.jpg\"><span data-alt=\"\"><\/span><\/a><\/div><\/div><img decoding=\"async\" src=\"https:\/\/armintour.com\/wp-content\/uploads\/2022\/12\/cascade-stairs-in-Yerevan-Armenia.jpg\" width=\"2000\" height=\"1329\" alt loading=\"lazy\"><\/div><div class=\"w-slider-json\" onclick='return {&quot;autoScaleSlider&quot;:true,&quot;loop&quot;:true,&quot;fadeInLoadedSlide&quot;:false,&quot;slidesSpacing&quot;:0,&quot;imageScalePadding&quot;:0,&quot;numImagesToPreload&quot;:2,&quot;arrowsNav&quot;:false,&quot;arrowsNavAutoHide&quot;:false,&quot;transitionType&quot;:&quot;move&quot;,&quot;transitionSpeed&quot;:250,&quot;block&quot;:{&quot;moveEffect&quot;:&quot;none&quot;,&quot;speed&quot;:300},&quot;thumbs&quot;:{&quot;fitInViewport&quot;:false},&quot;controlNavigation&quot;:&quot;bullets&quot;,&quot;autoplay&quot;:{&quot;enabled&quot;:true,&quot;pauseOnHover&quot;:false,&quot;delay&quot;:3000},&quot;fullscreen&quot;:{&quot;enabled&quot;:true},&quot;imageScaleMode&quot;:&quot;fit&quot;,&quot;autoScaleSliderWidth&quot;:2000,&quot;autoScaleSliderHeight&quot;:1329}'><\/div><\/div><\/div><\/div><\/div><\/div><\/section>\n","protected":false},"excerpt":{"rendered":"Territorio: 227 kil\u00f3metros cuadrados Las tierras agr\u00edcolas: 6413 hect\u00e1reas Las tierras cultivables: 1506 hect\u00e1reas Comunidades del distrito: 12 La poblaci\u00f3n: 1 073 700 personas (2016) Erev\u00e1n es la capital de la Rep\u00fablica de Armenia. Es la ciudad m\u00e1s grande no s\u00f3lo entre las 48 ciudades presentes en la Rep\u00fablica de Armenia sino tambi\u00e9n entre las...","protected":false},"author":1,"featured_media":788,"parent":0,"menu_order":0,"comment_status":"closed","ping_status":"closed","template":"","meta":{"footnotes":""},"class_list":["post-15000","page","type-page","status-publish","has-post-thumbnail","hentry"],"_links":{"self":[{"href":"https:\/\/armintour.com\/es\/wp-json\/wp\/v2\/pages\/15000","targetHints":{"allow":["GET"]}}],"collection":[{"href":"https:\/\/armintour.com\/es\/wp-json\/wp\/v2\/pages"}],"about":[{"href":"https:\/\/armintour.com\/es\/wp-json\/wp\/v2\/types\/page"}],"author":[{"embeddable":true,"href":"https:\/\/armintour.com\/es\/wp-json\/wp\/v2\/users\/1"}],"replies":[{"embeddable":true,"href":"https:\/\/armintour.com\/es\/wp-json\/wp\/v2\/comments?post=15000"}],"version-history":[{"count":4,"href":"https:\/\/armintour.com\/es\/wp-json\/wp\/v2\/pages\/15000\/revisions"}],"predecessor-version":[{"id":25022,"href":"https:\/\/armintour.com\/es\/wp-json\/wp\/v2\/pages\/15000\/revisions\/25022"}],"wp:featuredmedia":[{"embeddable":true,"href":"https:\/\/armintour.com\/es\/wp-json\/wp\/v2\/media\/788"}],"wp:attachment":[{"href":"https:\/\/armintour.com\/es\/wp-json\/wp\/v2\/media?parent=15000"}],"curies":[{"name":"wp","href":"https:\/\/api.w.org\/{rel}","templated":true}]}}