{"id":15243,"date":"2022-12-29T22:29:12","date_gmt":"2022-12-29T18:29:12","guid":{"rendered":"https:\/\/intour.lizin.am\/vayots-dzor-marz\/"},"modified":"2023-01-25T15:40:41","modified_gmt":"2023-01-25T11:40:41","slug":"vayots-dzor-marz","status":"publish","type":"page","link":"https:\/\/armintour.com\/es\/vayots-dzor-marz\/","title":{"rendered":"Vayots Dzor Marz"},"content":{"rendered":"<section class=\"l-section wpb_row height_small\"><div class=\"l-section-h i-cf\"><div class=\"g-cols vc_row via_grid cols_1 laptops-cols_inherit tablets-cols_inherit mobiles-cols_1 valign_top type_default stacking_default\"><div class=\"wpb_column vc_column_container\"><div class=\"vc_column-inner\"><div class=\"wpb_text_column\"><div class=\"wpb_wrapper\"><p><strong>Territorio:<\/strong> 2308 kil\u00f3metros cuadrados<br \/>\n<strong>Tierras agr\u00edcolas:<\/strong> 75939 hect\u00e1reas<br \/>\n<strong>Incluyendo las tierras arables:<\/strong> 19857 hect\u00e1reas<br \/>\n<strong>Poblaci\u00f3n:<\/strong> 50,800 personas (2016)<\/p>\n<\/div><\/div><\/div><\/div><\/div><\/div><\/section><section class=\"l-section wpb_row height_small\"><div class=\"l-section-h i-cf\"><div class=\"g-cols vc_row via_grid cols_1 laptops-cols_inherit tablets-cols_inherit mobiles-cols_1 valign_top type_default stacking_default\"><div class=\"wpb_column vc_column_container\"><div class=\"vc_column-inner\"><div class=\"wpb_text_column\"><div class=\"wpb_wrapper\"><p>Vayots dzor es uno de los marzes del sur de Armenia. La mayor parte de su territorio es monta\u00f1osa sin bosques y s\u00f3lo el 20% del suelo se cultiva. La provincia est\u00e1 a 1000-2300 m sobre el nivel del mar. Los r\u00edos de Yegheguia y Arpa fluyen a lo largo del territorio del marz.<br \/>\nEl centro del marz, Yeghegnadzor, est\u00e1 situado en la orilla del r\u00edo Arpa.<br \/>\nEn Yeghegnadzor hay monumentos preservados del l milenio A.C. al siglo XVII y all\u00ed se encuentra el Museo de Etnograf\u00eda regional.<br \/>\nHay una galer\u00eda de arte, tambi\u00e9n un parque que lleva el nombre de Momik y en la meseta oriental se sit\u00faa la universidad de Gladzor con su Museo de la historia, establecido en los siglos de XIII-XIV.<br \/>\nEl complejo mon\u00e1stico de Noravank (XII-XVI s.) se encuentra en el ca\u00f1\u00f3n de Noravank, en la parte sur del marz. El ca\u00f1\u00f3n es rico en flora rara, hierbas m\u00e9dicas, frutas salvajes, manantiales y animales diferentes. Hay un Parque Nacional, donde hay un grupo de cuevas que presentan cierto inter\u00e9s espeleol\u00f3gico.<br \/>\nEn la provincia tambi\u00e9n encontrar\u00e9is varios restos de antiguos asentamientos como Yegheguis (V-XIII s.), Mogh (II milenio BC \u2013 XV s. AD), el famoso Proshaberd (XIII s), Smbataberd (X-XIII s) la fortaleza de Berdakar (Vs) y la fortaleza de Kechut (X-XIV s.).<br \/>\nDzermuk es una peque\u00f1a ciudad balnearia en la zona de condiciones clim\u00e1ticas favorables, con veranos frescos e inviernos suaves. Dzermuk es rodeado por bosques y prados alpinos. El balneario de fama internacional e importancia es a 2080m sobre el nivel del mar, en el r\u00edo Arpa.<\/p>\n<\/div><\/div><\/div><\/div><\/div><\/div><\/section><section class=\"l-section wpb_row height_small\"><div class=\"l-section-h i-cf\"><div class=\"g-cols vc_row via_grid cols_1 laptops-cols_inherit tablets-cols_inherit mobiles-cols_1 valign_top type_default stacking_default\"><div class=\"wpb_column vc_column_container\"><div class=\"vc_column-inner\"><div class=\"w-slider style_none fit_contain nav_dots count_27\"><div class=\"w-slider-h\" aria-hidden=\"true\"><div class=\"royalSlider\"><div class=\"rsContent\"><a class=\"rsImg\" data-rsw=\"2000\" data-rsh=\"1339\" data-rsBigImg=\"https:\/\/armintour.com\/wp-content\/uploads\/2022\/12\/Lucy-Yeghegnadzor.jpg\" href=\"https:\/\/armintour.com\/wp-content\/uploads\/2022\/12\/Lucy-Yeghegnadzor.jpg\"><span data-alt=\"\"><\/span><\/a><\/div><div class=\"rsContent\"><a class=\"rsImg\" data-rsw=\"2048\" data-rsh=\"1365\" data-rsBigImg=\"https:\/\/armintour.com\/wp-content\/uploads\/2022\/12\/Noravank-Monastery-.jpg\" href=\"https:\/\/armintour.com\/wp-content\/uploads\/2022\/12\/Noravank-Monastery-.jpg\"><span data-alt=\"\"><\/span><\/a><\/div><div class=\"rsContent\"><a class=\"rsImg\" data-rsw=\"1200\" data-rsh=\"943\" data-rsBigImg=\"https:\/\/armintour.com\/wp-content\/uploads\/2022\/12\/1-2.jpg\" href=\"https:\/\/armintour.com\/wp-content\/uploads\/2022\/12\/1-2.jpg\"><span data-alt=\"\"><\/span><\/a><\/div><div class=\"rsContent\"><a class=\"rsImg\" data-rsw=\"2048\" data-rsh=\"1365\" data-rsBigImg=\"https:\/\/armintour.com\/wp-content\/uploads\/2022\/12\/14753794_1175686029191654_623428914086309795_o.jpg\" href=\"https:\/\/armintour.com\/wp-content\/uploads\/2022\/12\/14753794_1175686029191654_623428914086309795_o.jpg\"><span data-alt=\"\"><\/span><\/a><\/div><div class=\"rsContent\"><a class=\"rsImg\" data-rsw=\"800\" data-rsh=\"600\" data-rsBigImg=\"https:\/\/armintour.com\/wp-content\/uploads\/2022\/12\/a-monastery-and-monastic-brotherhood.jpg\" href=\"https:\/\/armintour.com\/wp-content\/uploads\/2022\/12\/a-monastery-and-monastic-brotherhood.jpg\"><span data-alt=\"\"><\/span><\/a><\/div><div class=\"rsContent\"><a class=\"rsImg\" data-rsw=\"1250\" data-rsh=\"834\" data-rsBigImg=\"https:\/\/armintour.com\/wp-content\/uploads\/2022\/12\/Noravank.jpg\" href=\"https:\/\/armintour.com\/wp-content\/uploads\/2022\/12\/Noravank.jpg\"><span data-alt=\"\"><\/span><\/a><\/div><div class=\"rsContent\"><a class=\"rsImg\" data-rsw=\"1400\" data-rsh=\"600\" data-rsBigImg=\"https:\/\/armintour.com\/wp-content\/uploads\/2022\/12\/Vayots-Dzor-Noravank-1.jpg\" href=\"https:\/\/armintour.com\/wp-content\/uploads\/2022\/12\/Vayots-Dzor-Noravank-1.jpg\"><span data-alt=\"\"><\/span><\/a><\/div><div class=\"rsContent\"><a class=\"rsImg\" data-rsw=\"2000\" data-rsh=\"1333\" data-rsBigImg=\"https:\/\/armintour.com\/wp-content\/uploads\/2022\/12\/Arpa_river_Landscape_from_Jermuk_Armenia.jpg\" href=\"https:\/\/armintour.com\/wp-content\/uploads\/2022\/12\/Arpa_river_Landscape_from_Jermuk_Armenia.jpg\"><span data-alt=\"\"><\/span><\/a><\/div><div class=\"rsContent\"><a class=\"rsImg\" data-rsw=\"2000\" data-rsh=\"1500\" data-rsBigImg=\"https:\/\/armintour.com\/wp-content\/uploads\/2022\/12\/berdakar-mountain.jpg\" href=\"https:\/\/armintour.com\/wp-content\/uploads\/2022\/12\/berdakar-mountain.jpg\"><span data-alt=\"\"><\/span><\/a><\/div><div class=\"rsContent\"><a class=\"rsImg\" data-rsw=\"1200\" data-rsh=\"900\" data-rsBigImg=\"https:\/\/armintour.com\/wp-content\/uploads\/2022\/12\/gladzor-university-historical.jpg\" href=\"https:\/\/armintour.com\/wp-content\/uploads\/2022\/12\/gladzor-university-historical.jpg\"><span data-alt=\"\"><\/span><\/a><\/div><div class=\"rsContent\"><a class=\"rsImg\" data-rsw=\"1125\" data-rsh=\"1500\" data-rsBigImg=\"https:\/\/armintour.com\/wp-content\/uploads\/2022\/12\/gladzor-university-historical-1.jpg\" href=\"https:\/\/armintour.com\/wp-content\/uploads\/2022\/12\/gladzor-university-historical-1.jpg\"><span data-alt=\"\"><\/span><\/a><\/div><div class=\"rsContent\"><a class=\"rsImg\" data-rsw=\"1200\" data-rsh=\"1200\" data-rsBigImg=\"https:\/\/armintour.com\/wp-content\/uploads\/2022\/12\/gladzor-university-historical-2.jpg\" href=\"https:\/\/armintour.com\/wp-content\/uploads\/2022\/12\/gladzor-university-historical-2.jpg\"><span data-alt=\"\"><\/span><\/a><\/div><div class=\"rsContent\"><a class=\"rsImg\" data-rsw=\"2000\" data-rsh=\"1500\" data-rsBigImg=\"https:\/\/armintour.com\/wp-content\/uploads\/2022\/12\/jermouk_canyon.jpg\" href=\"https:\/\/armintour.com\/wp-content\/uploads\/2022\/12\/jermouk_canyon.jpg\"><span data-alt=\"\"><\/span><\/a><\/div><div class=\"rsContent\"><a class=\"rsImg\" data-rsw=\"2000\" data-rsh=\"1333\" data-rsBigImg=\"https:\/\/armintour.com\/wp-content\/uploads\/2022\/12\/Jermuk_Waterfall.jpg\" href=\"https:\/\/armintour.com\/wp-content\/uploads\/2022\/12\/Jermuk_Waterfall.jpg\"><span data-alt=\"\"><\/span><\/a><\/div><div class=\"rsContent\"><a class=\"rsImg\" data-rsw=\"1200\" data-rsh=\"799\" data-rsBigImg=\"https:\/\/armintour.com\/wp-content\/uploads\/2022\/12\/Proshaberd-XIII-c..jpg\" href=\"https:\/\/armintour.com\/wp-content\/uploads\/2022\/12\/Proshaberd-XIII-c..jpg\"><span data-alt=\"\"><\/span><\/a><\/div><div class=\"rsContent\"><a class=\"rsImg\" data-rsw=\"2000\" data-rsh=\"1500\" data-rsBigImg=\"https:\/\/armintour.com\/wp-content\/uploads\/2022\/12\/Reka_Arpa.jpg\" href=\"https:\/\/armintour.com\/wp-content\/uploads\/2022\/12\/Reka_Arpa.jpg\"><span data-alt=\"\"><\/span><\/a><\/div><div class=\"rsContent\"><a class=\"rsImg\" data-rsw=\"2000\" data-rsh=\"1339\" data-rsBigImg=\"https:\/\/armintour.com\/wp-content\/uploads\/2022\/12\/Shatin-Yeghegis.jpg\" href=\"https:\/\/armintour.com\/wp-content\/uploads\/2022\/12\/Shatin-Yeghegis.jpg\"><span data-alt=\"\"><\/span><\/a><\/div><div class=\"rsContent\"><a class=\"rsImg\" data-rsw=\"900\" data-rsh=\"600\" data-rsBigImg=\"https:\/\/armintour.com\/wp-content\/uploads\/2022\/12\/Smbataberd.jpg\" href=\"https:\/\/armintour.com\/wp-content\/uploads\/2022\/12\/Smbataberd.jpg\"><span data-alt=\"\"><\/span><\/a><\/div><div class=\"rsContent\"><a class=\"rsImg\" data-rsw=\"800\" data-rsh=\"594\" data-rsBigImg=\"https:\/\/armintour.com\/wp-content\/uploads\/2022\/12\/Things-to-do-in-Yeghegnadzor-4.jpg\" href=\"https:\/\/armintour.com\/wp-content\/uploads\/2022\/12\/Things-to-do-in-Yeghegnadzor-4.jpg\"><span data-alt=\"\"><\/span><\/a><\/div><div class=\"rsContent\"><a class=\"rsImg\" data-rsw=\"900\" data-rsh=\"600\" data-rsBigImg=\"https:\/\/armintour.com\/wp-content\/uploads\/2022\/12\/vayots-dzor.jpg\" href=\"https:\/\/armintour.com\/wp-content\/uploads\/2022\/12\/vayots-dzor.jpg\"><span data-alt=\"\"><\/span><\/a><\/div><div class=\"rsContent\"><a class=\"rsImg\" data-rsw=\"1024\" data-rsh=\"683\" data-rsBigImg=\"https:\/\/armintour.com\/wp-content\/uploads\/2022\/12\/Vayots-Dzor-2.jpg\" href=\"https:\/\/armintour.com\/wp-content\/uploads\/2022\/12\/Vayots-Dzor-2.jpg\"><span data-alt=\"\"><\/span><\/a><\/div><div class=\"rsContent\"><a class=\"rsImg\" data-rsw=\"1200\" data-rsh=\"800\" data-rsBigImg=\"https:\/\/armintour.com\/wp-content\/uploads\/2022\/12\/Vayots-Dzor-Noravank-3.jpg\" href=\"https:\/\/armintour.com\/wp-content\/uploads\/2022\/12\/Vayots-Dzor-Noravank-3.jpg\"><span data-alt=\"\"><\/span><\/a><\/div><div class=\"rsContent\"><a class=\"rsImg\" data-rsw=\"2000\" data-rsh=\"748\" data-rsBigImg=\"https:\/\/armintour.com\/wp-content\/uploads\/2022\/12\/Village_armenien_Yeghegnadzor.jpg\" href=\"https:\/\/armintour.com\/wp-content\/uploads\/2022\/12\/Village_armenien_Yeghegnadzor.jpg\"><span data-alt=\"\"><\/span><\/a><\/div><div class=\"rsContent\"><a class=\"rsImg\" data-rsw=\"1650\" data-rsh=\"1093\" data-rsBigImg=\"https:\/\/armintour.com\/wp-content\/uploads\/2022\/12\/Yeghegis-1.jpeg\" href=\"https:\/\/armintour.com\/wp-content\/uploads\/2022\/12\/Yeghegis-1.jpeg\"><span data-alt=\"\"><\/span><\/a><\/div><div class=\"rsContent\"><a class=\"rsImg\" data-rsw=\"1440\" data-rsh=\"1438\" data-rsBigImg=\"https:\/\/armintour.com\/wp-content\/uploads\/2022\/12\/yeghegnadzor-Art-Gallery.jpg\" href=\"https:\/\/armintour.com\/wp-content\/uploads\/2022\/12\/yeghegnadzor-Art-Gallery.jpg\"><span data-alt=\"\"><\/span><\/a><\/div><div class=\"rsContent\"><a class=\"rsImg\" data-rsw=\"1080\" data-rsh=\"608\" data-rsBigImg=\"https:\/\/armintour.com\/wp-content\/uploads\/2022\/12\/Yeghegnadzor-Regional-Museum.jpg\" href=\"https:\/\/armintour.com\/wp-content\/uploads\/2022\/12\/Yeghegnadzor-Regional-Museum.jpg\"><span data-alt=\"\"><\/span><\/a><\/div><div class=\"rsContent\"><a class=\"rsImg\" data-rsw=\"952\" data-rsh=\"535\" data-rsBigImg=\"https:\/\/armintour.com\/wp-content\/uploads\/2022\/12\/Yeghegnadzor_landscape3.jpg\" href=\"https:\/\/armintour.com\/wp-content\/uploads\/2022\/12\/Yeghegnadzor_landscape3.jpg\"><span data-alt=\"\"><\/span><\/a><\/div><\/div><img decoding=\"async\" src=\"https:\/\/armintour.com\/wp-content\/uploads\/2022\/12\/Lucy-Yeghegnadzor.jpg\" width=\"2000\" height=\"1339\" alt loading=\"lazy\"><\/div><div class=\"w-slider-json\" onclick='return {&quot;autoScaleSlider&quot;:true,&quot;addActiveClass&quot;:true,&quot;loop&quot;:true,&quot;fadeInLoadedSlide&quot;:false,&quot;slidesSpacing&quot;:0,&quot;imageScalePadding&quot;:0,&quot;numImagesToPreload&quot;:2,&quot;arrowsNav&quot;:false,&quot;arrowsNavAutoHide&quot;:false,&quot;transitionType&quot;:&quot;move&quot;,&quot;transitionSpeed&quot;:250,&quot;block&quot;:{&quot;moveEffect&quot;:&quot;none&quot;,&quot;speed&quot;:300},&quot;thumbs&quot;:{&quot;fitInViewport&quot;:false,&quot;firstMargin&quot;:false,&quot;spacing&quot;:4},&quot;controlNavigation&quot;:&quot;bullets&quot;,&quot;autoplay&quot;:{&quot;enabled&quot;:true,&quot;pauseOnHover&quot;:false,&quot;delay&quot;:3000},&quot;fullscreen&quot;:{&quot;enabled&quot;:true},&quot;autoScaleSliderWidth&quot;:2000,&quot;autoScaleSliderHeight&quot;:1339}'><\/div><\/div><\/div><\/div><\/div><\/div><\/section>\n","protected":false},"excerpt":{"rendered":"Territorio: 2308 kil\u00f3metros cuadrados Tierras agr\u00edcolas: 75939 hect\u00e1reas Incluyendo las tierras arables: 19857 hect\u00e1reas Poblaci\u00f3n: 50,800 personas (2016) Vayots dzor es uno de los marzes del sur de Armenia. La mayor parte de su territorio es monta\u00f1osa sin bosques y s\u00f3lo el 20% del suelo se cultiva. La provincia est\u00e1 a 1000-2300 m sobre el...","protected":false},"author":1,"featured_media":15139,"parent":0,"menu_order":0,"comment_status":"closed","ping_status":"closed","template":"","meta":{"footnotes":""},"class_list":["post-15243","page","type-page","status-publish","has-post-thumbnail","hentry"],"_links":{"self":[{"href":"https:\/\/armintour.com\/es\/wp-json\/wp\/v2\/pages\/15243","targetHints":{"allow":["GET"]}}],"collection":[{"href":"https:\/\/armintour.com\/es\/wp-json\/wp\/v2\/pages"}],"about":[{"href":"https:\/\/armintour.com\/es\/wp-json\/wp\/v2\/types\/page"}],"author":[{"embeddable":true,"href":"https:\/\/armintour.com\/es\/wp-json\/wp\/v2\/users\/1"}],"replies":[{"embeddable":true,"href":"https:\/\/armintour.com\/es\/wp-json\/wp\/v2\/comments?post=15243"}],"version-history":[{"count":2,"href":"https:\/\/armintour.com\/es\/wp-json\/wp\/v2\/pages\/15243\/revisions"}],"predecessor-version":[{"id":25023,"href":"https:\/\/armintour.com\/es\/wp-json\/wp\/v2\/pages\/15243\/revisions\/25023"}],"wp:featuredmedia":[{"embeddable":true,"href":"https:\/\/armintour.com\/es\/wp-json\/wp\/v2\/media\/15139"}],"wp:attachment":[{"href":"https:\/\/armintour.com\/es\/wp-json\/wp\/v2\/media?parent=15243"}],"curies":[{"name":"wp","href":"https:\/\/api.w.org\/{rel}","templated":true}]}}