{"id":15544,"date":"2022-12-30T00:02:11","date_gmt":"2022-12-29T20:02:11","guid":{"rendered":"https:\/\/intour.lizin.am\/syunik-marz\/"},"modified":"2023-01-25T15:45:51","modified_gmt":"2023-01-25T11:45:51","slug":"syunik-marz","status":"publish","type":"page","link":"https:\/\/armintour.com\/es\/syunik-marz\/","title":{"rendered":"Syunik Marz"},"content":{"rendered":"<section class=\"l-section wpb_row height_small\"><div class=\"l-section-h i-cf\"><div class=\"g-cols vc_row via_grid cols_1 laptops-cols_inherit tablets-cols_inherit mobiles-cols_1 valign_top type_default stacking_default\"><div class=\"wpb_column vc_column_container\"><div class=\"vc_column-inner\"><div class=\"wpb_text_column\"><div class=\"wpb_wrapper\"><p><strong>Territorio:<\/strong> 4506 kil\u00f3metros cuadrados<br \/>\n<strong>Tierras agr\u00edcolas:<\/strong> 187792 hect\u00e1reas<br \/>\n<strong>Incluyendo las tierras arables:<\/strong> 46757 hect\u00e1reas<br \/>\n<strong>Poblaci\u00f3n:<\/strong> 139,400 personas (2016)<\/p>\n<\/div><\/div><\/div><\/div><\/div><\/div><\/section><section class=\"l-section wpb_row height_small\"><div class=\"l-section-h i-cf\"><div class=\"g-cols vc_row via_grid cols_1 laptops-cols_inherit tablets-cols_inherit mobiles-cols_1 valign_top type_default stacking_default\"><div class=\"wpb_column vc_column_container\"><div class=\"vc_column-inner\"><div class=\"wpb_text_column\"><div class=\"wpb_wrapper\"><p>El marz de Syunik es considerado la puerta del sur de Armenia, rodeado por la sierra de Zanguezur, Meghr\u00ed y regi\u00f3n monta\u00f1osa de Syunik. El punto m\u00e1s alto del marz es el pico de Mets Ishjanasar (3552 m), el punto m\u00e1s bajo es el valle del r\u00edo Araks (400 m).<br \/>\nEl centro de la provincial es Kapan. Situado a 750m sobre el nivel del mar, Kapan es el centro minero de Armenia, famoso por su cobre y molibdeno.<br \/>\nGoris es una ciudad-huerta, un centro tur\u00edstico encantador en la orilla del r\u00edo Vararak. Las im\u00e1genes talladas en las rocas en los milenios V-IV A.C. atestiguan el hecho de que la gente viv\u00eda aqu\u00ed desde los tiempos inmemoriales. Pod\u00e9is encontrar todo el espectro de fauna armenio en estas im\u00e1genes.<br \/>\nLas piedras Zorats (Zorats Karer) se remontan al II milenio A. C. Seg\u00fan los cient\u00edficos, se supusieron para observaciones astron\u00f3micas.<br \/>\nEl pueblo Jndzoresk parece casi un vertical anfiteatro rocoso de varios pisos.<br \/>\nNada puede compararse con el complejo mon\u00e1stico de Tatev (IX-XIII s.), que domina sobre Syunik de altura. El viaje a Tatev se arregla en el tranv\u00eda a\u00e9reo m\u00e1s largo, construido en 2010.<br \/>\nSyunik medieval era rico con fortalezas. Baghaberd (IV s.) es la construcci\u00f3n de defensa m\u00e1s grande en Armenia. Es seguida por Vorotavank (V s), fortaleza de Meghr\u00ed (XVII s), un ejemplo \u00fanico de la t\u00e9cnica de la fortificaci\u00f3n armenia. La \u00faltima fortaleza de esta cadena es la fortaleza de Halidzor (XVII s.).<br \/>\nEl marz es rico en manantiales frescos, dulces y numerosas aguas minerales. Hay monumentos e inscripciones en cada manantial que testifica que la poblaci\u00f3n del marz es adorador de manantial.<\/p>\n<\/div><\/div><\/div><\/div><\/div><\/div><\/section><section class=\"l-section wpb_row height_small\"><div class=\"l-section-h i-cf\"><div class=\"g-cols vc_row via_grid cols_1 laptops-cols_inherit tablets-cols_inherit mobiles-cols_1 valign_top type_default stacking_default\"><div class=\"wpb_column vc_column_container\"><div class=\"vc_column-inner\"><div class=\"w-slider style_none fit_contain nav_dots count_26\"><div class=\"w-slider-h\" aria-hidden=\"true\"><div class=\"royalSlider\"><div class=\"rsContent\"><a class=\"rsImg\" data-rsw=\"1200\" data-rsh=\"800\" data-rsBigImg=\"https:\/\/armintour.com\/wp-content\/uploads\/2022\/12\/Tatev-tramway.jpeg\" href=\"https:\/\/armintour.com\/wp-content\/uploads\/2022\/12\/Tatev-tramway.jpeg\"><span data-alt=\"\"><\/span><\/a><\/div><div class=\"rsContent\"><a class=\"rsImg\" data-rsw=\"1200\" data-rsh=\"801\" data-rsBigImg=\"https:\/\/armintour.com\/wp-content\/uploads\/2022\/12\/Tatev.jpg\" href=\"https:\/\/armintour.com\/wp-content\/uploads\/2022\/12\/Tatev.jpg\"><span data-alt=\"\"><\/span><\/a><\/div><div class=\"rsContent\"><a class=\"rsImg\" data-rsw=\"1600\" data-rsh=\"1200\" data-rsBigImg=\"https:\/\/armintour.com\/wp-content\/uploads\/2022\/12\/Goris.jpg\" href=\"https:\/\/armintour.com\/wp-content\/uploads\/2022\/12\/Goris.jpg\"><span data-alt=\"\"><\/span><\/a><\/div><div class=\"rsContent\"><a class=\"rsImg\" data-rsw=\"1700\" data-rsh=\"2333\" data-rsBigImg=\"https:\/\/armintour.com\/wp-content\/uploads\/2022\/12\/Old-Khndzoresk.jpg\" href=\"https:\/\/armintour.com\/wp-content\/uploads\/2022\/12\/Old-Khndzoresk.jpg\"><span data-alt=\"\"><\/span><\/a><\/div><div class=\"rsContent\"><a class=\"rsImg\" data-rsw=\"2000\" data-rsh=\"1330\" data-rsBigImg=\"https:\/\/armintour.com\/wp-content\/uploads\/2022\/12\/Halidzor_fortress_Syunik_Armenia_-_panoramio_9.jpg\" href=\"https:\/\/armintour.com\/wp-content\/uploads\/2022\/12\/Halidzor_fortress_Syunik_Armenia_-_panoramio_9.jpg\"><span data-alt=\"\"><\/span><\/a><\/div><div class=\"rsContent\"><a class=\"rsImg\" data-rsw=\"2000\" data-rsh=\"1055\" data-rsBigImg=\"https:\/\/armintour.com\/wp-content\/uploads\/2022\/12\/Mes-Ishkhanasar.jpg\" href=\"https:\/\/armintour.com\/wp-content\/uploads\/2022\/12\/Mes-Ishkhanasar.jpg\"><span data-alt=\"\"><\/span><\/a><\/div><div class=\"rsContent\"><a class=\"rsImg\" data-rsw=\"1200\" data-rsh=\"1200\" data-rsBigImg=\"https:\/\/armintour.com\/wp-content\/uploads\/2022\/12\/Khndzoresk-village.jpg\" href=\"https:\/\/armintour.com\/wp-content\/uploads\/2022\/12\/Khndzoresk-village.jpg\"><span data-alt=\"\"><\/span><\/a><\/div><div class=\"rsContent\"><a class=\"rsImg\" data-rsw=\"1865\" data-rsh=\"2560\" data-rsBigImg=\"https:\/\/armintour.com\/wp-content\/uploads\/2022\/12\/Khndzoresk-scaled.jpg\" href=\"https:\/\/armintour.com\/wp-content\/uploads\/2022\/12\/Khndzoresk-scaled.jpg\"><span data-alt=\"\"><\/span><\/a><\/div><div class=\"rsContent\"><a class=\"rsImg\" data-rsw=\"1200\" data-rsh=\"675\" data-rsBigImg=\"https:\/\/armintour.com\/wp-content\/uploads\/2022\/12\/fortress-of-Halidzor.jpg\" href=\"https:\/\/armintour.com\/wp-content\/uploads\/2022\/12\/fortress-of-Halidzor.jpg\"><span data-alt=\"\"><\/span><\/a><\/div><div class=\"rsContent\"><a class=\"rsImg\" data-rsw=\"1333\" data-rsh=\"1000\" data-rsBigImg=\"https:\/\/armintour.com\/wp-content\/uploads\/2022\/12\/fortress-of-Meghri.jpg\" href=\"https:\/\/armintour.com\/wp-content\/uploads\/2022\/12\/fortress-of-Meghri.jpg\"><span data-alt=\"\"><\/span><\/a><\/div><div class=\"rsContent\"><a class=\"rsImg\" data-rsw=\"1200\" data-rsh=\"800\" data-rsBigImg=\"https:\/\/armintour.com\/wp-content\/uploads\/2022\/12\/Vorotavank.jpeg\" href=\"https:\/\/armintour.com\/wp-content\/uploads\/2022\/12\/Vorotavank.jpeg\"><span data-alt=\"\"><\/span><\/a><\/div><div class=\"rsContent\"><a class=\"rsImg\" data-rsw=\"2000\" data-rsh=\"806\" data-rsBigImg=\"https:\/\/armintour.com\/wp-content\/uploads\/2022\/12\/Baghaberd-4.jpg\" href=\"https:\/\/armintour.com\/wp-content\/uploads\/2022\/12\/Baghaberd-4.jpg\"><span data-alt=\"\"><\/span><\/a><\/div><div class=\"rsContent\"><a class=\"rsImg\" data-rsw=\"1600\" data-rsh=\"1200\" data-rsBigImg=\"https:\/\/armintour.com\/wp-content\/uploads\/2022\/12\/61c2ea553437eb746cdd1764.1600x1200.jpeg\" href=\"https:\/\/armintour.com\/wp-content\/uploads\/2022\/12\/61c2ea553437eb746cdd1764.1600x1200.jpeg\"><span data-alt=\"\"><\/span><\/a><\/div><div class=\"rsContent\"><a class=\"rsImg\" data-rsw=\"1800\" data-rsh=\"1200\" data-rsBigImg=\"https:\/\/armintour.com\/wp-content\/uploads\/2022\/12\/khndzoresk-1.jpg\" href=\"https:\/\/armintour.com\/wp-content\/uploads\/2022\/12\/khndzoresk-1.jpg\"><span data-alt=\"\"><\/span><\/a><\/div><div class=\"rsContent\"><a class=\"rsImg\" data-rsw=\"1600\" data-rsh=\"1200\" data-rsBigImg=\"https:\/\/armintour.com\/wp-content\/uploads\/2022\/12\/khndzoresk2.jpg\" href=\"https:\/\/armintour.com\/wp-content\/uploads\/2022\/12\/khndzoresk2.jpg\"><span data-alt=\"\"><\/span><\/a><\/div><div class=\"rsContent\"><a class=\"rsImg\" data-rsw=\"1417\" data-rsh=\"1019\" data-rsBigImg=\"https:\/\/armintour.com\/wp-content\/uploads\/2022\/12\/Kapan.jpg\" href=\"https:\/\/armintour.com\/wp-content\/uploads\/2022\/12\/Kapan.jpg\"><span data-alt=\"\"><\/span><\/a><\/div><div class=\"rsContent\"><a class=\"rsImg\" data-rsw=\"1200\" data-rsh=\"900\" data-rsBigImg=\"https:\/\/armintour.com\/wp-content\/uploads\/2022\/12\/reka-araks.jpg\" href=\"https:\/\/armintour.com\/wp-content\/uploads\/2022\/12\/reka-araks.jpg\"><span data-alt=\"\"><\/span><\/a><\/div><div class=\"rsContent\"><a class=\"rsImg\" data-rsw=\"1446\" data-rsh=\"959\" data-rsBigImg=\"https:\/\/armintour.com\/wp-content\/uploads\/2022\/12\/18061522015413-1.jpg\" href=\"https:\/\/armintour.com\/wp-content\/uploads\/2022\/12\/18061522015413-1.jpg\"><span data-alt=\"\"><\/span><\/a><\/div><div class=\"rsContent\"><a class=\"rsImg\" data-rsw=\"1200\" data-rsh=\"800\" data-rsBigImg=\"https:\/\/armintour.com\/wp-content\/uploads\/2022\/12\/Goris.jpeg\" href=\"https:\/\/armintour.com\/wp-content\/uploads\/2022\/12\/Goris.jpeg\"><span data-alt=\"\"><\/span><\/a><\/div><div class=\"rsContent\"><a class=\"rsImg\" data-rsw=\"1200\" data-rsh=\"800\" data-rsBigImg=\"https:\/\/armintour.com\/wp-content\/uploads\/2022\/12\/Baghaberd.jpg\" href=\"https:\/\/armintour.com\/wp-content\/uploads\/2022\/12\/Baghaberd.jpg\"><span data-alt=\"\"><\/span><\/a><\/div><div class=\"rsContent\"><a class=\"rsImg\" data-rsw=\"1920\" data-rsh=\"1080\" data-rsBigImg=\"https:\/\/armintour.com\/wp-content\/uploads\/2022\/12\/Syunik.jpg\" href=\"https:\/\/armintour.com\/wp-content\/uploads\/2022\/12\/Syunik.jpg\"><span data-alt=\"\"><\/span><\/a><\/div><div class=\"rsContent\"><a class=\"rsImg\" data-rsw=\"1800\" data-rsh=\"1499\" data-rsBigImg=\"https:\/\/armintour.com\/wp-content\/uploads\/2022\/12\/Monastery-compex-of-Tatev.jpg\" href=\"https:\/\/armintour.com\/wp-content\/uploads\/2022\/12\/Monastery-compex-of-Tatev.jpg\"><span data-alt=\"\"><\/span><\/a><\/div><div class=\"rsContent\"><a class=\"rsImg\" data-rsw=\"1200\" data-rsh=\"800\" data-rsBigImg=\"https:\/\/armintour.com\/wp-content\/uploads\/2022\/12\/Karahunj-1.jpeg\" href=\"https:\/\/armintour.com\/wp-content\/uploads\/2022\/12\/Karahunj-1.jpeg\"><span data-alt=\"\"><\/span><\/a><\/div><div class=\"rsContent\"><a class=\"rsImg\" data-rsw=\"2560\" data-rsh=\"1708\" data-rsBigImg=\"https:\/\/armintour.com\/wp-content\/uploads\/2022\/12\/Karahunj-1-scaled.jpg\" href=\"https:\/\/armintour.com\/wp-content\/uploads\/2022\/12\/Karahunj-1-scaled.jpg\"><span data-alt=\"\"><\/span><\/a><\/div><div class=\"rsContent\"><a class=\"rsImg\" data-rsw=\"1524\" data-rsh=\"1022\" data-rsBigImg=\"https:\/\/armintour.com\/wp-content\/uploads\/2022\/12\/The-Zorats-stones.jpg\" href=\"https:\/\/armintour.com\/wp-content\/uploads\/2022\/12\/The-Zorats-stones.jpg\"><span data-alt=\"\"><\/span><\/a><\/div><div class=\"rsContent\"><a class=\"rsImg\" data-rsw=\"2000\" data-rsh=\"1467\" data-rsBigImg=\"https:\/\/armintour.com\/wp-content\/uploads\/2022\/12\/Karahunj-.jpg\" href=\"https:\/\/armintour.com\/wp-content\/uploads\/2022\/12\/Karahunj-.jpg\"><span data-alt=\"\"><\/span><\/a><\/div><\/div><img decoding=\"async\" src=\"https:\/\/armintour.com\/wp-content\/uploads\/2022\/12\/Tatev-tramway.jpeg\" width=\"1200\" height=\"800\" alt loading=\"lazy\"><\/div><div class=\"w-slider-json\" onclick='return {&quot;autoScaleSlider&quot;:true,&quot;addActiveClass&quot;:true,&quot;loop&quot;:true,&quot;fadeInLoadedSlide&quot;:false,&quot;slidesSpacing&quot;:0,&quot;imageScalePadding&quot;:0,&quot;numImagesToPreload&quot;:2,&quot;arrowsNav&quot;:false,&quot;arrowsNavAutoHide&quot;:false,&quot;transitionType&quot;:&quot;move&quot;,&quot;transitionSpeed&quot;:250,&quot;block&quot;:{&quot;moveEffect&quot;:&quot;none&quot;,&quot;speed&quot;:300},&quot;thumbs&quot;:{&quot;fitInViewport&quot;:false,&quot;firstMargin&quot;:false,&quot;spacing&quot;:4},&quot;controlNavigation&quot;:&quot;bullets&quot;,&quot;autoplay&quot;:{&quot;enabled&quot;:true,&quot;pauseOnHover&quot;:false,&quot;delay&quot;:3000},&quot;fullscreen&quot;:{&quot;enabled&quot;:true},&quot;autoScaleSliderWidth&quot;:1200,&quot;autoScaleSliderHeight&quot;:800}'><\/div><\/div><\/div><\/div><\/div><\/div><\/section>\n","protected":false},"excerpt":{"rendered":"Territorio: 4506 kil\u00f3metros cuadrados Tierras agr\u00edcolas: 187792 hect\u00e1reas Incluyendo las tierras arables: 46757 hect\u00e1reas Poblaci\u00f3n: 139,400 personas (2016) El marz de Syunik es considerado la puerta del sur de Armenia, rodeado por la sierra de Zanguezur, Meghr\u00ed y regi\u00f3n monta\u00f1osa de Syunik. El punto m\u00e1s alto del marz es el pico de Mets Ishjanasar (3552...","protected":false},"author":1,"featured_media":15448,"parent":0,"menu_order":0,"comment_status":"closed","ping_status":"closed","template":"","meta":{"footnotes":""},"class_list":["post-15544","page","type-page","status-publish","has-post-thumbnail","hentry"],"_links":{"self":[{"href":"https:\/\/armintour.com\/es\/wp-json\/wp\/v2\/pages\/15544","targetHints":{"allow":["GET"]}}],"collection":[{"href":"https:\/\/armintour.com\/es\/wp-json\/wp\/v2\/pages"}],"about":[{"href":"https:\/\/armintour.com\/es\/wp-json\/wp\/v2\/types\/page"}],"author":[{"embeddable":true,"href":"https:\/\/armintour.com\/es\/wp-json\/wp\/v2\/users\/1"}],"replies":[{"embeddable":true,"href":"https:\/\/armintour.com\/es\/wp-json\/wp\/v2\/comments?post=15544"}],"version-history":[{"count":2,"href":"https:\/\/armintour.com\/es\/wp-json\/wp\/v2\/pages\/15544\/revisions"}],"predecessor-version":[{"id":25025,"href":"https:\/\/armintour.com\/es\/wp-json\/wp\/v2\/pages\/15544\/revisions\/25025"}],"wp:featuredmedia":[{"embeddable":true,"href":"https:\/\/armintour.com\/es\/wp-json\/wp\/v2\/media\/15448"}],"wp:attachment":[{"href":"https:\/\/armintour.com\/es\/wp-json\/wp\/v2\/media?parent=15544"}],"curies":[{"name":"wp","href":"https:\/\/api.w.org\/{rel}","templated":true}]}}