{"id":15650,"date":"2022-12-30T00:35:40","date_gmt":"2022-12-29T20:35:40","guid":{"rendered":"https:\/\/intour.lizin.am\/shirak-marz\/"},"modified":"2023-01-25T15:48:13","modified_gmt":"2023-01-25T11:48:13","slug":"shirak-marz","status":"publish","type":"page","link":"https:\/\/armintour.com\/es\/shirak-marz\/","title":{"rendered":"Shirak Marz"},"content":{"rendered":"<section class=\"l-section wpb_row height_small\"><div class=\"l-section-h i-cf\"><div class=\"g-cols vc_row via_grid cols_1 laptops-cols_inherit tablets-cols_inherit mobiles-cols_1 valign_top type_default stacking_default\"><div class=\"wpb_column vc_column_container\"><div class=\"vc_column-inner\"><div class=\"wpb_text_column\"><div class=\"wpb_wrapper\"><p><strong>Territorio:<\/strong> 2681 kil\u00f3metros cuadrados<br \/>\n<strong>Tierras agr\u00edcolas:<\/strong> 165737 hect\u00e1reas<br \/>\n<strong>Incluido las tierras arables:<\/strong> 84530 hect\u00e1reas<br \/>\n<strong>Poblaci\u00f3n:<\/strong> 243,200 personas (2016)<\/p>\n<\/div><\/div><\/div><\/div><\/div><\/div><\/section><section class=\"l-section wpb_row height_small\"><div class=\"l-section-h i-cf\"><div class=\"g-cols vc_row via_grid cols_1 laptops-cols_inherit tablets-cols_inherit mobiles-cols_1 valign_top type_default stacking_default\"><div class=\"wpb_column vc_column_container\"><div class=\"vc_column-inner\"><div class=\"wpb_text_column\"><div class=\"wpb_wrapper\"><p>El marz de Shirak est\u00e1 situado en la orilla izquierda del r\u00edo Ajuri\u00e1n. Es famoso por su rico suelo f\u00e9rtil y clima fresco. El clima, aunque continental, en general var\u00eda del fr\u00edo horrible en el invierno al calor abrasador en el verano. Est\u00e1 en una zona del riesgo s\u00edsmica de 8-9 grados seg\u00fan la Escala de Richter.<br \/>\nEl centro del marz es Gyumri, localizado en el centro de la regi\u00f3n monta\u00f1osa de Shirak, a la altura de 1550 m sobre el nivel del mar. Los arque\u00f3logos confirman que el \u00e1rea de Gyumri se habit\u00f3 hace alrededor un mill\u00f3n de a\u00f1o. Las excavaciones que han revelado esqueletos de elefantes prehist\u00f3ricos, toros, camellos, caballos atestiguan el hecho.<br \/>\nLa primera indicaci\u00f3n de Gyumri se puede encontrar en la inscripci\u00f3n cuneiforme de Marmashen (VIII siglo A.C.). La provincia es rica en monumentos y vistas magn\u00edficas que llaman la atenci\u00f3n de los turistas.<br \/>\nLa ciudad de Artik es conocida como el centro de minas de tufo. Tufo armenio es famoso por su alrededor de cuarenta matices de colores.<br \/>\nNo muy lejos de Artik, extendido sobre tres mesetas es una antigua localizaci\u00f3n de la edad del bronce, donde durante los siglos de VII-VIII el complejo del monasterio de Harichavank fue construido.<br \/>\nEn la orilla izquierda del r\u00edo Ajuri\u00e1n pod\u00e9is encontrar el complejo del monasterio de Marmashen construido en 988-1029.<br \/>\nEl terremoto de Spitak de 1988 caus\u00f3 mucho sufrimiento y da\u00f1o, pero debido a la fuerte voluntad e esp\u00edritu de los armenios, mucha actividad de reconstrucci\u00f3n se ha realizado en el marz desde entonces.<\/p>\n<\/div><\/div><\/div><\/div><\/div><\/div><\/section><section class=\"l-section wpb_row height_small\"><div class=\"l-section-h i-cf\"><div class=\"g-cols vc_row via_grid cols_1 laptops-cols_inherit tablets-cols_inherit mobiles-cols_1 valign_top type_default stacking_default\"><div class=\"wpb_column vc_column_container\"><div class=\"vc_column-inner\"><div class=\"w-slider style_none fit_contain nav_dots count_14\"><div class=\"w-slider-h\" aria-hidden=\"true\"><div class=\"royalSlider\"><div class=\"rsContent\"><a class=\"rsImg\" data-rsw=\"2048\" data-rsh=\"1536\" data-rsBigImg=\"https:\/\/armintour.com\/wp-content\/uploads\/2022\/12\/Harichavank.jpg\" href=\"https:\/\/armintour.com\/wp-content\/uploads\/2022\/12\/Harichavank.jpg\"><span data-alt=\"\"><\/span><\/a><\/div><div class=\"rsContent\"><a class=\"rsImg\" data-rsw=\"1920\" data-rsh=\"1087\" data-rsBigImg=\"https:\/\/armintour.com\/wp-content\/uploads\/2022\/12\/Marmashen.jpg\" href=\"https:\/\/armintour.com\/wp-content\/uploads\/2022\/12\/Marmashen.jpg\"><span data-alt=\"\"><\/span><\/a><\/div><div class=\"rsContent\"><a class=\"rsImg\" data-rsw=\"2000\" data-rsh=\"1500\" data-rsBigImg=\"https:\/\/armintour.com\/wp-content\/uploads\/2022\/12\/Marmashen_Monastery_Complex_of_Vahramaberd_21.jpg\" href=\"https:\/\/armintour.com\/wp-content\/uploads\/2022\/12\/Marmashen_Monastery_Complex_of_Vahramaberd_21.jpg\"><span data-alt=\"\"><\/span><\/a><\/div><div class=\"rsContent\"><a class=\"rsImg\" data-rsw=\"2000\" data-rsh=\"1500\" data-rsBigImg=\"https:\/\/armintour.com\/wp-content\/uploads\/2022\/12\/Akhurian_River.jpg\" href=\"https:\/\/armintour.com\/wp-content\/uploads\/2022\/12\/Akhurian_River.jpg\"><span data-alt=\"\"><\/span><\/a><\/div><div class=\"rsContent\"><a class=\"rsImg\" data-rsw=\"1535\" data-rsh=\"961\" data-rsBigImg=\"https:\/\/armintour.com\/wp-content\/uploads\/2022\/12\/The-Spitak.jpg\" href=\"https:\/\/armintour.com\/wp-content\/uploads\/2022\/12\/The-Spitak.jpg\"><span data-alt=\"\"><\/span><\/a><\/div><div class=\"rsContent\"><a class=\"rsImg\" data-rsw=\"1200\" data-rsh=\"800\" data-rsBigImg=\"https:\/\/armintour.com\/wp-content\/uploads\/2022\/12\/Marmashen.jpeg\" href=\"https:\/\/armintour.com\/wp-content\/uploads\/2022\/12\/Marmashen.jpeg\"><span data-alt=\"\"><\/span><\/a><\/div><div class=\"rsContent\"><a class=\"rsImg\" data-rsw=\"1200\" data-rsh=\"800\" data-rsBigImg=\"https:\/\/armintour.com\/wp-content\/uploads\/2022\/12\/Gyumri-8.jpeg\" href=\"https:\/\/armintour.com\/wp-content\/uploads\/2022\/12\/Gyumri-8.jpeg\"><span data-alt=\"\"><\/span><\/a><\/div><div class=\"rsContent\"><a class=\"rsImg\" data-rsw=\"1280\" data-rsh=\"960\" data-rsBigImg=\"https:\/\/armintour.com\/wp-content\/uploads\/2022\/12\/Gyumri-7.jpg\" href=\"https:\/\/armintour.com\/wp-content\/uploads\/2022\/12\/Gyumri-7.jpg\"><span data-alt=\"\"><\/span><\/a><\/div><div class=\"rsContent\"><a class=\"rsImg\" data-rsw=\"2048\" data-rsh=\"1536\" data-rsBigImg=\"https:\/\/armintour.com\/wp-content\/uploads\/2022\/12\/Gyumri-6.jpg\" href=\"https:\/\/armintour.com\/wp-content\/uploads\/2022\/12\/Gyumri-6.jpg\"><span data-alt=\"\"><\/span><\/a><\/div><div class=\"rsContent\"><a class=\"rsImg\" data-rsw=\"1417\" data-rsh=\"1032\" data-rsBigImg=\"https:\/\/armintour.com\/wp-content\/uploads\/2022\/12\/Gyumri-5.jpg\" href=\"https:\/\/armintour.com\/wp-content\/uploads\/2022\/12\/Gyumri-5.jpg\"><span data-alt=\"\"><\/span><\/a><\/div><div class=\"rsContent\"><a class=\"rsImg\" data-rsw=\"1200\" data-rsh=\"795\" data-rsBigImg=\"https:\/\/armintour.com\/wp-content\/uploads\/2022\/12\/Gyumri-4.jpg\" href=\"https:\/\/armintour.com\/wp-content\/uploads\/2022\/12\/Gyumri-4.jpg\"><span data-alt=\"\"><\/span><\/a><\/div><div class=\"rsContent\"><a class=\"rsImg\" data-rsw=\"1500\" data-rsh=\"1000\" data-rsBigImg=\"https:\/\/armintour.com\/wp-content\/uploads\/2022\/12\/Gyumri.jpg\" href=\"https:\/\/armintour.com\/wp-content\/uploads\/2022\/12\/Gyumri.jpg\"><span data-alt=\"\"><\/span><\/a><\/div><div class=\"rsContent\"><a class=\"rsImg\" data-rsw=\"1200\" data-rsh=\"800\" data-rsBigImg=\"https:\/\/armintour.com\/wp-content\/uploads\/2022\/12\/monastery-complex-of-Harichavank.jpeg\" href=\"https:\/\/armintour.com\/wp-content\/uploads\/2022\/12\/monastery-complex-of-Harichavank.jpeg\"><span data-alt=\"\"><\/span><\/a><\/div><div class=\"rsContent\"><a class=\"rsImg\" data-rsw=\"1200\" data-rsh=\"803\" data-rsBigImg=\"https:\/\/armintour.com\/wp-content\/uploads\/2022\/12\/marz-of-Shirak.jpg\" href=\"https:\/\/armintour.com\/wp-content\/uploads\/2022\/12\/marz-of-Shirak.jpg\"><span data-alt=\"\"><\/span><\/a><\/div><\/div><img decoding=\"async\" src=\"https:\/\/armintour.com\/wp-content\/uploads\/2022\/12\/Harichavank.jpg\" width=\"2048\" height=\"1536\" alt loading=\"lazy\"><\/div><div class=\"w-slider-json\" onclick='return {&quot;autoScaleSlider&quot;:true,&quot;addActiveClass&quot;:true,&quot;loop&quot;:true,&quot;fadeInLoadedSlide&quot;:false,&quot;slidesSpacing&quot;:0,&quot;imageScalePadding&quot;:0,&quot;numImagesToPreload&quot;:2,&quot;arrowsNav&quot;:false,&quot;arrowsNavAutoHide&quot;:false,&quot;transitionType&quot;:&quot;move&quot;,&quot;transitionSpeed&quot;:250,&quot;block&quot;:{&quot;moveEffect&quot;:&quot;none&quot;,&quot;speed&quot;:300},&quot;thumbs&quot;:{&quot;fitInViewport&quot;:false,&quot;firstMargin&quot;:false,&quot;spacing&quot;:4},&quot;controlNavigation&quot;:&quot;bullets&quot;,&quot;autoplay&quot;:{&quot;enabled&quot;:true,&quot;pauseOnHover&quot;:false,&quot;delay&quot;:3000},&quot;fullscreen&quot;:{&quot;enabled&quot;:true},&quot;autoScaleSliderWidth&quot;:2048,&quot;autoScaleSliderHeight&quot;:1536}'><\/div><\/div><\/div><\/div><\/div><\/div><\/section>\n","protected":false},"excerpt":{"rendered":"Territorio: 2681 kil\u00f3metros cuadrados Tierras agr\u00edcolas: 165737 hect\u00e1reas Incluido las tierras arables: 84530 hect\u00e1reas Poblaci\u00f3n: 243,200 personas (2016) El marz de Shirak est\u00e1 situado en la orilla izquierda del r\u00edo Ajuri\u00e1n. Es famoso por su rico suelo f\u00e9rtil y clima fresco. El clima, aunque continental, en general var\u00eda del fr\u00edo horrible en el invierno al...","protected":false},"author":1,"featured_media":15562,"parent":0,"menu_order":0,"comment_status":"closed","ping_status":"closed","template":"","meta":{"footnotes":""},"class_list":["post-15650","page","type-page","status-publish","has-post-thumbnail","hentry"],"_links":{"self":[{"href":"https:\/\/armintour.com\/es\/wp-json\/wp\/v2\/pages\/15650","targetHints":{"allow":["GET"]}}],"collection":[{"href":"https:\/\/armintour.com\/es\/wp-json\/wp\/v2\/pages"}],"about":[{"href":"https:\/\/armintour.com\/es\/wp-json\/wp\/v2\/types\/page"}],"author":[{"embeddable":true,"href":"https:\/\/armintour.com\/es\/wp-json\/wp\/v2\/users\/1"}],"replies":[{"embeddable":true,"href":"https:\/\/armintour.com\/es\/wp-json\/wp\/v2\/comments?post=15650"}],"version-history":[{"count":2,"href":"https:\/\/armintour.com\/es\/wp-json\/wp\/v2\/pages\/15650\/revisions"}],"predecessor-version":[{"id":25026,"href":"https:\/\/armintour.com\/es\/wp-json\/wp\/v2\/pages\/15650\/revisions\/25026"}],"wp:featuredmedia":[{"embeddable":true,"href":"https:\/\/armintour.com\/es\/wp-json\/wp\/v2\/media\/15562"}],"wp:attachment":[{"href":"https:\/\/armintour.com\/es\/wp-json\/wp\/v2\/media?parent=15650"}],"curies":[{"name":"wp","href":"https:\/\/api.w.org\/{rel}","templated":true}]}}