{"id":15819,"date":"2022-12-30T02:13:20","date_gmt":"2022-12-29T22:13:20","guid":{"rendered":"https:\/\/intour.lizin.am\/mice\/"},"modified":"2023-01-25T17:38:35","modified_gmt":"2023-01-25T13:38:35","slug":"mice","status":"publish","type":"page","link":"https:\/\/armintour.com\/es\/mice\/","title":{"rendered":"MICE"},"content":{"rendered":"<section class=\"l-section wpb_row height_small\"><div class=\"l-section-h i-cf\"><div class=\"g-cols vc_row via_grid cols_1 laptops-cols_inherit tablets-cols_inherit mobiles-cols_1 valign_top type_default stacking_default\"><div class=\"wpb_column vc_column_container\"><div class=\"vc_column-inner\"><div class=\"wpb_text_column\"><div class=\"wpb_wrapper\"><p>Adem\u00e1s de las actividades en turismo receptivo la agencia de viajes ARMINTOUR tambi\u00e9n se ha establecido como la empresa l\u00edder de MICE en el pa\u00eds. Durante d\u00e9cadas, Armintour ha organizado diversos eventos culturales, educativos, deportivos, seminarios, conferencias y reuniones corporativas para organizaciones gubernamentales, privadas, as\u00ed como para los socios extranjeros.<\/p>\n<p>Si usted planea organizar su negocio o evento privado en Armenia, ARMINTOUR siempre estar\u00e1 all\u00ed para ayudarle con:<\/p>\n<ol>\n<li>Concepto de su evento<\/li>\n<li>La elecci\u00f3n del lugar adecuado para su evento<\/li>\n<li>Reserva de alojamiento para sus invitados<\/li>\n<li>La log\u00edstica de su evento:\n<ul>\n<li>Dise\u00f1o e impresi\u00f3n de materiales<\/li>\n<li>Alquiler de equipos<\/li>\n<li>Transportaci\u00f3n<\/li>\n<li>Provisi\u00f3n de traductores e asistentes durante el evento<\/li>\n<\/ul>\n<\/li>\n<li>Excursiones culturales a medida para sus invitados<\/li>\n<li>Arreglos de picnic, recepciones, banquetes, comidas y cenas de negocios, fiestas privadas, etc.<\/li>\n<\/ol>\n<p>Muchas organizaciones locales y extranjeras han confiado en ARMINTOUR su tiempo precioso y los eventos importantes. La lista del evento m\u00e1s grande en los \u00faltimos a\u00f1os est\u00e1 por debajo a su atenci\u00f3n:<\/p>\n<ul>\n<li>\u201c100 mejores gerentes de CUM\u201d\u2013 evento corporativo-Octubre de 2012<\/li>\n<li>Reuni\u00f3n corporativa anual de Banco VTB (Rusia) \u2013 Abril de 2012<\/li>\n<li>Segundo Congreso M\u00e9dico Internacional de Armenia \u2013 Julio de 2011<\/li>\n<li>Comisi\u00f3n Estatal para la Protecci\u00f3n de la Competencia Econ\u00f3mica de la RA- Octubre de 2009<\/li>\n<li>Concierto de Keiko Koma y Idaki Shin en vivo en la Plaza de la Rep\u00fablica de Erev\u00e1n, Octubre de 2008<\/li>\n<li>Conferencia de la aviaci\u00f3n civil europea en Armenia \u2013 Agosto de 2008<\/li>\n<li>Conferencia anual del Banco Anelik- Septiembre de 2007<\/li>\n<\/ul>\n<\/div><\/div><\/div><\/div><\/div><\/div><\/section>\n","protected":false},"excerpt":{"rendered":"Adem\u00e1s de las actividades en turismo receptivo la agencia de viajes ARMINTOUR tambi\u00e9n se ha establecido como la empresa l\u00edder de MICE en el pa\u00eds. Durante d\u00e9cadas, Armintour ha organizado diversos eventos culturales, educativos, deportivos, seminarios, conferencias y reuniones corporativas para organizaciones gubernamentales, privadas, as\u00ed como para los socios extranjeros. Si usted planea organizar su...","protected":false},"author":1,"featured_media":15781,"parent":0,"menu_order":0,"comment_status":"closed","ping_status":"closed","template":"","meta":{"footnotes":""},"class_list":["post-15819","page","type-page","status-publish","has-post-thumbnail","hentry"],"_links":{"self":[{"href":"https:\/\/armintour.com\/es\/wp-json\/wp\/v2\/pages\/15819","targetHints":{"allow":["GET"]}}],"collection":[{"href":"https:\/\/armintour.com\/es\/wp-json\/wp\/v2\/pages"}],"about":[{"href":"https:\/\/armintour.com\/es\/wp-json\/wp\/v2\/types\/page"}],"author":[{"embeddable":true,"href":"https:\/\/armintour.com\/es\/wp-json\/wp\/v2\/users\/1"}],"replies":[{"embeddable":true,"href":"https:\/\/armintour.com\/es\/wp-json\/wp\/v2\/comments?post=15819"}],"version-history":[{"count":4,"href":"https:\/\/armintour.com\/es\/wp-json\/wp\/v2\/pages\/15819\/revisions"}],"predecessor-version":[{"id":25060,"href":"https:\/\/armintour.com\/es\/wp-json\/wp\/v2\/pages\/15819\/revisions\/25060"}],"wp:featuredmedia":[{"embeddable":true,"href":"https:\/\/armintour.com\/es\/wp-json\/wp\/v2\/media\/15781"}],"wp:attachment":[{"href":"https:\/\/armintour.com\/es\/wp-json\/wp\/v2\/media?parent=15819"}],"curies":[{"name":"wp","href":"https:\/\/api.w.org\/{rel}","templated":true}]}}