{"id":16336,"date":"2023-01-03T12:11:18","date_gmt":"2023-01-03T08:11:18","guid":{"rendered":"https:\/\/intour.lizin.am\/kotayk-marz\/"},"modified":"2023-01-25T16:06:44","modified_gmt":"2023-01-25T12:06:44","slug":"kotayk-marz","status":"publish","type":"page","link":"https:\/\/armintour.com\/es\/kotayk-marz\/","title":{"rendered":"Kotayk Marz"},"content":{"rendered":"<section class=\"l-section wpb_row height_small\"><div class=\"l-section-h i-cf\"><div class=\"g-cols vc_row via_grid cols_1 laptops-cols_inherit tablets-cols_inherit mobiles-cols_1 valign_top type_default stacking_default\"><div class=\"wpb_column vc_column_container\"><div class=\"vc_column-inner\"><div class=\"wpb_text_column\"><div class=\"wpb_wrapper\"><p><strong>Territorio:<\/strong> 2089 kil\u00f3metros cuadrados<br \/>\n<strong>Tierras agr\u00edcolas:<\/strong> 99779 hect\u00e1reas<br \/>\n<strong>Incluyendo las tierras arables:<\/strong> 39608 hect\u00e1reas<br \/>\n<strong>Poblaci\u00f3n:<\/strong> 253,900 personas (2016)<\/p>\n<\/div><\/div><\/div><\/div><\/div><\/div><\/section><section class=\"l-section wpb_row height_small\"><div class=\"l-section-h i-cf\"><div class=\"g-cols vc_row via_grid cols_1 laptops-cols_inherit tablets-cols_inherit mobiles-cols_1 valign_top type_default stacking_default\"><div class=\"wpb_column vc_column_container\"><div class=\"vc_column-inner\"><div class=\"wpb_text_column\"><div class=\"wpb_wrapper\"><p>Al norte de la capital Erev\u00e1n es el marz de Kotayk, cuyo centro es Hrazdan. El nombre del marz se remonta a los tiempos antiguos, al per\u00edodo de la Patriarca de la iglesia apost\u00f3lica armenia \u2013 Kot.<br \/>\nLa temperatura media en verano es 19C y en invierno es -9C.<br \/>\nUn tercio del territorio est\u00e1 cubierto de bosques; el clima es templado. Hrazd\u00e1n es un desarrollado centro industrial, rico con monumentos arqueol\u00f3gicos y medievales, sobre todo a partir del XIII siglo.<br \/>\nTsajkadzor es considerado la gema de la provincia. Es una peque\u00f1a ciudad balnearia. Es famoso por su complejo deportivo, ricamente equipado con varias instalaciones deportivas necesarias para deportes de invierno y verano. Las colinas cubiertas de nieve atraen a muchos aficionados al deporte de invierno. El telef\u00e9rico lleva a los esquiadores hasta el pico del monte Teghenis, y desde all\u00ed ellos pueden bajar la monta\u00f1a esquiando.<br \/>\nUno de los monumentos m\u00e1s destacados de la \u00e9poca helen\u00edstica es la ciudadela y el templo pagano de Garn\u00ed, que sol\u00eda ser la residencia de verano real. La ciudadela est\u00e1 situada en una pintoresca meseta triangular. El templo pagano del estilo hel\u00e9nico, las casas de ba\u00f1os con su sistema de calefacci\u00f3n subterr\u00e1neo, el palacio real nos admira con su encanto primario.<br \/>\n5 km al este de Garni, en el profundo ca\u00f1\u00f3n de Goght se encuentra el monasterio de cueva de Gueghard. En el pasado remoto se llamaba Ayrivank. El nombre usado se origina de la lanza que hiri\u00f3 a Jes\u00fas en la Crucifixi\u00f3n.<\/p>\n<\/div><\/div><\/div><\/div><\/div><\/div><\/section><section class=\"l-section wpb_row height_small\"><div class=\"l-section-h i-cf\"><div class=\"g-cols vc_row via_grid cols_1 laptops-cols_inherit tablets-cols_inherit mobiles-cols_1 valign_top type_default stacking_default\"><div class=\"wpb_column vc_column_container\"><div class=\"vc_column-inner\"><div class=\"w-slider style_none fit_contain nav_dots count_25\"><div class=\"w-slider-h\" aria-hidden=\"true\"><div class=\"royalSlider\"><div class=\"rsContent\"><a class=\"rsImg\" data-rsw=\"1180\" data-rsh=\"787\" data-rsBigImg=\"https:\/\/armintour.com\/wp-content\/uploads\/2022\/12\/Garni-Roman-Temple.jpg\" href=\"https:\/\/armintour.com\/wp-content\/uploads\/2022\/12\/Garni-Roman-Temple.jpg\"><span data-alt=\"\"><\/span><\/a><\/div><div class=\"rsContent\"><a class=\"rsImg\" data-rsw=\"1200\" data-rsh=\"800\" data-rsBigImg=\"https:\/\/armintour.com\/wp-content\/uploads\/2022\/12\/Garni.jpeg\" href=\"https:\/\/armintour.com\/wp-content\/uploads\/2022\/12\/Garni.jpeg\"><span data-alt=\"\"><\/span><\/a><\/div><div class=\"rsContent\"><a class=\"rsImg\" data-rsw=\"2560\" data-rsh=\"1707\" data-rsBigImg=\"https:\/\/armintour.com\/wp-content\/uploads\/2022\/12\/Geghard-cross-stones-scaled.jpg\" href=\"https:\/\/armintour.com\/wp-content\/uploads\/2022\/12\/Geghard-cross-stones-scaled.jpg\"><span data-alt=\"\"><\/span><\/a><\/div><div class=\"rsContent\"><a class=\"rsImg\" data-rsw=\"1239\" data-rsh=\"758\" data-rsBigImg=\"https:\/\/armintour.com\/wp-content\/uploads\/2022\/12\/Geghard.jpg\" href=\"https:\/\/armintour.com\/wp-content\/uploads\/2022\/12\/Geghard.jpg\"><span data-alt=\"\"><\/span><\/a><\/div><div class=\"rsContent\"><a class=\"rsImg\" data-rsw=\"2000\" data-rsh=\"1333\" data-rsBigImg=\"https:\/\/armintour.com\/wp-content\/uploads\/2023\/01\/Monastery-of-Geghard-2.jpg\" href=\"https:\/\/armintour.com\/wp-content\/uploads\/2023\/01\/Monastery-of-Geghard-2.jpg\"><span data-alt=\"\"><\/span><\/a><\/div><div class=\"rsContent\"><a class=\"rsImg\" data-rsw=\"2000\" data-rsh=\"1125\" data-rsBigImg=\"https:\/\/armintour.com\/wp-content\/uploads\/2023\/01\/Tsakhkadzor-1.jpg\" href=\"https:\/\/armintour.com\/wp-content\/uploads\/2023\/01\/Tsakhkadzor-1.jpg\"><span data-alt=\"\"><\/span><\/a><\/div><div class=\"rsContent\"><a class=\"rsImg\" data-rsw=\"2000\" data-rsh=\"1427\" data-rsBigImg=\"https:\/\/armintour.com\/wp-content\/uploads\/2023\/01\/1639139906_40-krot-info-p-armeniya-kanon-debed-krasivie-foto-45.jpg\" href=\"https:\/\/armintour.com\/wp-content\/uploads\/2023\/01\/1639139906_40-krot-info-p-armeniya-kanon-debed-krasivie-foto-45.jpg\"><span data-alt=\"\"><\/span><\/a><\/div><div class=\"rsContent\"><a class=\"rsImg\" data-rsw=\"2000\" data-rsh=\"1125\" data-rsBigImg=\"https:\/\/armintour.com\/wp-content\/uploads\/2023\/01\/Hrazdan.jpg\" href=\"https:\/\/armintour.com\/wp-content\/uploads\/2023\/01\/Hrazdan.jpg\"><span data-alt=\"\"><\/span><\/a><\/div><div class=\"rsContent\"><a class=\"rsImg\" data-rsw=\"1200\" data-rsh=\"900\" data-rsBigImg=\"https:\/\/armintour.com\/wp-content\/uploads\/2023\/01\/Kotayk.jpg\" href=\"https:\/\/armintour.com\/wp-content\/uploads\/2023\/01\/Kotayk.jpg\"><span data-alt=\"\"><\/span><\/a><\/div><div class=\"rsContent\"><a class=\"rsImg\" data-rsw=\"1200\" data-rsh=\"900\" data-rsBigImg=\"https:\/\/armintour.com\/wp-content\/uploads\/2023\/01\/Tsaghkadzor-1.jpg\" href=\"https:\/\/armintour.com\/wp-content\/uploads\/2023\/01\/Tsaghkadzor-1.jpg\"><span data-alt=\"\"><\/span><\/a><\/div><div class=\"rsContent\"><a class=\"rsImg\" data-rsw=\"2000\" data-rsh=\"1333\" data-rsBigImg=\"https:\/\/armintour.com\/wp-content\/uploads\/2023\/01\/Bridge_on_Azat_river_Garni_Kotayk_region_5.jpg\" href=\"https:\/\/armintour.com\/wp-content\/uploads\/2023\/01\/Bridge_on_Azat_river_Garni_Kotayk_region_5.jpg\"><span data-alt=\"\"><\/span><\/a><\/div><div class=\"rsContent\"><a class=\"rsImg\" data-rsw=\"2000\" data-rsh=\"1500\" data-rsBigImg=\"https:\/\/armintour.com\/wp-content\/uploads\/2023\/01\/Azat-River.jpg\" href=\"https:\/\/armintour.com\/wp-content\/uploads\/2023\/01\/Azat-River.jpg\"><span data-alt=\"\"><\/span><\/a><\/div><div class=\"rsContent\"><a class=\"rsImg\" data-rsw=\"2000\" data-rsh=\"1333\" data-rsBigImg=\"https:\/\/armintour.com\/wp-content\/uploads\/2023\/01\/Arzakan-Meghradzor_Sanctuary_024.jpg\" href=\"https:\/\/armintour.com\/wp-content\/uploads\/2023\/01\/Arzakan-Meghradzor_Sanctuary_024.jpg\"><span data-alt=\"\"><\/span><\/a><\/div><div class=\"rsContent\"><a class=\"rsImg\" data-rsw=\"1200\" data-rsh=\"800\" data-rsBigImg=\"https:\/\/armintour.com\/wp-content\/uploads\/2023\/01\/Bridge_on_Azat_River.jpg\" href=\"https:\/\/armintour.com\/wp-content\/uploads\/2023\/01\/Bridge_on_Azat_River.jpg\"><span data-alt=\"\"><\/span><\/a><\/div><div class=\"rsContent\"><a class=\"rsImg\" data-rsw=\"1200\" data-rsh=\"797\" data-rsBigImg=\"https:\/\/armintour.com\/wp-content\/uploads\/2023\/01\/1657956959_11-kartinkin-net-p-reka-araks-priroda-krasivo-foto-12.jpg\" href=\"https:\/\/armintour.com\/wp-content\/uploads\/2023\/01\/1657956959_11-kartinkin-net-p-reka-araks-priroda-krasivo-foto-12.jpg\"><span data-alt=\"\"><\/span><\/a><\/div><div class=\"rsContent\"><a class=\"rsImg\" data-rsw=\"1200\" data-rsh=\"783\" data-rsBigImg=\"https:\/\/armintour.com\/wp-content\/uploads\/2023\/01\/Monastery-of-Geghard-3.jpg\" href=\"https:\/\/armintour.com\/wp-content\/uploads\/2023\/01\/Monastery-of-Geghard-3.jpg\"><span data-alt=\"\"><\/span><\/a><\/div><div class=\"rsContent\"><a class=\"rsImg\" data-rsw=\"1117\" data-rsh=\"743\" data-rsBigImg=\"https:\/\/armintour.com\/wp-content\/uploads\/2023\/01\/Monastery-of-Geghard-1.jpg\" href=\"https:\/\/armintour.com\/wp-content\/uploads\/2023\/01\/Monastery-of-Geghard-1.jpg\"><span data-alt=\"\"><\/span><\/a><\/div><div class=\"rsContent\"><a class=\"rsImg\" data-rsw=\"1400\" data-rsh=\"930\" data-rsBigImg=\"https:\/\/armintour.com\/wp-content\/uploads\/2023\/01\/Tsakhkadzor-in-winter.jpg\" href=\"https:\/\/armintour.com\/wp-content\/uploads\/2023\/01\/Tsakhkadzor-in-winter.jpg\"><span data-alt=\"\"><\/span><\/a><\/div><div class=\"rsContent\"><a class=\"rsImg\" data-rsw=\"1679\" data-rsh=\"1121\" data-rsBigImg=\"https:\/\/armintour.com\/wp-content\/uploads\/2023\/01\/photo.jpg\" href=\"https:\/\/armintour.com\/wp-content\/uploads\/2023\/01\/photo.jpg\"><span data-alt=\"\"><\/span><\/a><\/div><div class=\"rsContent\"><a class=\"rsImg\" data-rsw=\"1080\" data-rsh=\"810\" data-rsBigImg=\"https:\/\/armintour.com\/wp-content\/uploads\/2023\/01\/Tsakhkadzor.jpg\" href=\"https:\/\/armintour.com\/wp-content\/uploads\/2023\/01\/Tsakhkadzor.jpg\"><span data-alt=\"\"><\/span><\/a><\/div><div class=\"rsContent\"><a class=\"rsImg\" data-rsw=\"1200\" data-rsh=\"1200\" data-rsBigImg=\"https:\/\/armintour.com\/wp-content\/uploads\/2023\/01\/Garni.jpg\" href=\"https:\/\/armintour.com\/wp-content\/uploads\/2023\/01\/Garni.jpg\"><span data-alt=\"\"><\/span><\/a><\/div><div class=\"rsContent\"><a class=\"rsImg\" data-rsw=\"1278\" data-rsh=\"919\" data-rsBigImg=\"https:\/\/armintour.com\/wp-content\/uploads\/2023\/01\/Tsakhkadzor-in-winter-1.jpg\" href=\"https:\/\/armintour.com\/wp-content\/uploads\/2023\/01\/Tsakhkadzor-in-winter-1.jpg\"><span data-alt=\"\"><\/span><\/a><\/div><div class=\"rsContent\"><a class=\"rsImg\" data-rsw=\"1200\" data-rsh=\"801\" data-rsBigImg=\"https:\/\/armintour.com\/wp-content\/uploads\/2023\/01\/Kotayk-2.jpg\" href=\"https:\/\/armintour.com\/wp-content\/uploads\/2023\/01\/Kotayk-2.jpg\"><span data-alt=\"\"><\/span><\/a><\/div><div class=\"rsContent\"><a class=\"rsImg\" data-rsw=\"1000\" data-rsh=\"1500\" data-rsBigImg=\"https:\/\/armintour.com\/wp-content\/uploads\/2023\/01\/Hrazdan_Centre_Memorial-church_-_panoramio.jpg\" href=\"https:\/\/armintour.com\/wp-content\/uploads\/2023\/01\/Hrazdan_Centre_Memorial-church_-_panoramio.jpg\"><span data-alt=\"\"><\/span><\/a><\/div><div class=\"rsContent\"><a class=\"rsImg\" data-rsw=\"1274\" data-rsh=\"850\" data-rsBigImg=\"https:\/\/armintour.com\/wp-content\/uploads\/2023\/01\/garni-1078607-1.jpg\" href=\"https:\/\/armintour.com\/wp-content\/uploads\/2023\/01\/garni-1078607-1.jpg\"><span data-alt=\"\"><\/span><\/a><\/div><\/div><img decoding=\"async\" src=\"https:\/\/armintour.com\/wp-content\/uploads\/2022\/12\/Garni-Roman-Temple.jpg\" width=\"1180\" height=\"787\" alt loading=\"lazy\"><\/div><div class=\"w-slider-json\" onclick='return {&quot;autoScaleSlider&quot;:true,&quot;addActiveClass&quot;:true,&quot;loop&quot;:true,&quot;fadeInLoadedSlide&quot;:false,&quot;slidesSpacing&quot;:0,&quot;imageScalePadding&quot;:0,&quot;numImagesToPreload&quot;:2,&quot;arrowsNav&quot;:false,&quot;arrowsNavAutoHide&quot;:false,&quot;transitionType&quot;:&quot;move&quot;,&quot;transitionSpeed&quot;:250,&quot;block&quot;:{&quot;moveEffect&quot;:&quot;none&quot;,&quot;speed&quot;:300},&quot;thumbs&quot;:{&quot;fitInViewport&quot;:false,&quot;firstMargin&quot;:false,&quot;spacing&quot;:4},&quot;controlNavigation&quot;:&quot;bullets&quot;,&quot;autoplay&quot;:{&quot;enabled&quot;:true,&quot;pauseOnHover&quot;:false,&quot;delay&quot;:3000},&quot;fullscreen&quot;:{&quot;enabled&quot;:true},&quot;autoScaleSliderWidth&quot;:1180,&quot;autoScaleSliderHeight&quot;:787}'><\/div><\/div><\/div><\/div><\/div><\/div><\/section>\n","protected":false},"excerpt":{"rendered":"Territorio: 2089 kil\u00f3metros cuadrados Tierras agr\u00edcolas: 99779 hect\u00e1reas Incluyendo las tierras arables: 39608 hect\u00e1reas Poblaci\u00f3n: 253,900 personas (2016) Al norte de la capital Erev\u00e1n es el marz de Kotayk, cuyo centro es Hrazdan. El nombre del marz se remonta a los tiempos antiguos, al per\u00edodo de la Patriarca de la iglesia apost\u00f3lica armenia \u2013 Kot....","protected":false},"author":1,"featured_media":16232,"parent":0,"menu_order":0,"comment_status":"closed","ping_status":"closed","template":"","meta":{"footnotes":""},"class_list":["post-16336","page","type-page","status-publish","has-post-thumbnail","hentry"],"_links":{"self":[{"href":"https:\/\/armintour.com\/es\/wp-json\/wp\/v2\/pages\/16336","targetHints":{"allow":["GET"]}}],"collection":[{"href":"https:\/\/armintour.com\/es\/wp-json\/wp\/v2\/pages"}],"about":[{"href":"https:\/\/armintour.com\/es\/wp-json\/wp\/v2\/types\/page"}],"author":[{"embeddable":true,"href":"https:\/\/armintour.com\/es\/wp-json\/wp\/v2\/users\/1"}],"replies":[{"embeddable":true,"href":"https:\/\/armintour.com\/es\/wp-json\/wp\/v2\/comments?post=16336"}],"version-history":[{"count":6,"href":"https:\/\/armintour.com\/es\/wp-json\/wp\/v2\/pages\/16336\/revisions"}],"predecessor-version":[{"id":25040,"href":"https:\/\/armintour.com\/es\/wp-json\/wp\/v2\/pages\/16336\/revisions\/25040"}],"wp:featuredmedia":[{"embeddable":true,"href":"https:\/\/armintour.com\/es\/wp-json\/wp\/v2\/media\/16232"}],"wp:attachment":[{"href":"https:\/\/armintour.com\/es\/wp-json\/wp\/v2\/media?parent=16336"}],"curies":[{"name":"wp","href":"https:\/\/api.w.org\/{rel}","templated":true}]}}