{"id":16685,"date":"2023-01-03T17:41:49","date_gmt":"2023-01-03T13:41:49","guid":{"rendered":"https:\/\/intour.lizin.am\/armavir-marz\/"},"modified":"2023-01-25T16:18:28","modified_gmt":"2023-01-25T12:18:28","slug":"armavir-marz","status":"publish","type":"page","link":"https:\/\/armintour.com\/es\/armavir-marz\/","title":{"rendered":"Armavir Marz"},"content":{"rendered":"<section class=\"l-section wpb_row height_small\"><div class=\"l-section-h i-cf\"><div class=\"g-cols vc_row via_grid cols_1 laptops-cols_inherit tablets-cols_inherit mobiles-cols_1 valign_top type_default stacking_default\"><div class=\"wpb_column vc_column_container\"><div class=\"vc_column-inner\"><div class=\"wpb_text_column\"><div class=\"wpb_wrapper\"><p><strong>Territorio:<\/strong> 1254 kil\u00f3metros cuadrados<br \/>\n<strong>Las tierras agr\u00edcolas:<\/strong> 70049 hect\u00e1reas<br \/>\n<strong>Incluyendo las tierras arables:<\/strong> 39399 hect\u00e1reas<br \/>\n<strong>Poblaci\u00f3n:<\/strong> 266,600 personas (2016)<\/p>\n<\/div><\/div><\/div><\/div><\/div><\/div><\/section><section class=\"l-section wpb_row height_small\"><div class=\"l-section-h i-cf\"><div class=\"g-cols vc_row via_grid cols_1 laptops-cols_inherit tablets-cols_inherit mobiles-cols_1 valign_top type_default stacking_default\"><div class=\"wpb_column vc_column_container\"><div class=\"vc_column-inner\"><div class=\"wpb_text_column\"><div class=\"wpb_wrapper\"><p>El Marz de Armavir se localiza al sur de Aragatsotn Marz y fue nombrado Armavir -uno de los primeros capitales de Armenia.<br \/>\nArmavir est\u00e1 situado entre las monta\u00f1as Ararat y Aragats. La provincia de Armavir tiene un clima soleado, seco y continental. El lago Metsamor es el \u00fanico reservorio de agua natural aqu\u00ed. Es significativo que \u201cgusanos rojos\u201d \u2013 cochinilla, los insectos especiales que se usaron para la producci\u00f3n de tintes \u2013 pueden ser encontrados en los valles de la provincia.<br \/>\nLa arquitectura se desarroll\u00f3 aqu\u00ed desde los tiempos prehist\u00f3ricos. Entre las numerosas evidencias son las ruinas de fortalezas cicl\u00f3peas, sepulturas y edificios del palacio. Metsamor tiene una historia de 7000 a\u00f1os, la fortaleza de la ciudad Argishtijinili (VIII a. de J.C. \u2013 IV d.J.C), cuatro capitales armenias del total de trece se situaron en el territorio de este marz: Armavir, Yervandashat, Bagar\u00e1n y Vagharshapat.<br \/>\nVagharshapat es a unos 15 minutos de distancia de la capital Erev\u00e1n, y era conocido a partir de 570-560 A.C.<br \/>\nDespu\u00e9s de la adopci\u00f3n el cristianismo, el rey armenio Tiridates III destruy\u00f3 el templo pagano en Vagharshapat y fund\u00f3 en su lugar la Madre Catedral de S. Echmiats\u00edn. El nombre (el descenso del \u00fanico engendrado) viene de una leyenda seg\u00fan la cual San Gregorio el Iluminador en un sue\u00f1o vi\u00f3 a Cristo descendiendo con un martillo \u00edgnea en su mano y mostrando el lugar donde la catedral se deb\u00eda construir.<\/p>\n<\/div><\/div><\/div><\/div><\/div><\/div><\/section><section class=\"l-section wpb_row height_small\"><div class=\"l-section-h i-cf\"><div class=\"g-cols vc_row via_grid cols_1 laptops-cols_inherit tablets-cols_inherit mobiles-cols_1 valign_top type_default stacking_default\"><div class=\"wpb_column vc_column_container\"><div class=\"vc_column-inner\"><div class=\"w-slider style_none fit_contain nav_dots count_25\"><div class=\"w-slider-h\" aria-hidden=\"true\"><div class=\"royalSlider\"><div class=\"rsContent\"><a class=\"rsImg\" data-rsw=\"1200\" data-rsh=\"800\" data-rsBigImg=\"https:\/\/armintour.com\/wp-content\/uploads\/2022\/12\/Temple-of-Zvartnots.jpg\" href=\"https:\/\/armintour.com\/wp-content\/uploads\/2022\/12\/Temple-of-Zvartnots.jpg\"><span data-alt=\"\"><\/span><\/a><\/div><div class=\"rsContent\"><a class=\"rsImg\" data-rsw=\"1880\" data-rsh=\"1408\" data-rsBigImg=\"https:\/\/armintour.com\/wp-content\/uploads\/2022\/12\/Zvartnots.jpg\" href=\"https:\/\/armintour.com\/wp-content\/uploads\/2022\/12\/Zvartnots.jpg\"><span data-alt=\"\"><\/span><\/a><\/div><div class=\"rsContent\"><a class=\"rsImg\" data-rsw=\"2000\" data-rsh=\"1333\" data-rsBigImg=\"https:\/\/armintour.com\/wp-content\/uploads\/2022\/12\/Zvartnots-1.jpg\" href=\"https:\/\/armintour.com\/wp-content\/uploads\/2022\/12\/Zvartnots-1.jpg\"><span data-alt=\"\"><\/span><\/a><\/div><div class=\"rsContent\"><a class=\"rsImg\" data-rsw=\"1000\" data-rsh=\"816\" data-rsBigImg=\"https:\/\/armintour.com\/wp-content\/uploads\/2022\/12\/Echmiatsin-2.1.jpg\" href=\"https:\/\/armintour.com\/wp-content\/uploads\/2022\/12\/Echmiatsin-2.1.jpg\"><span data-alt=\"\"><\/span><\/a><\/div><div class=\"rsContent\"><a class=\"rsImg\" data-rsw=\"1920\" data-rsh=\"2560\" data-rsBigImg=\"https:\/\/armintour.com\/wp-content\/uploads\/2022\/12\/Bell_Tower_Echmiadzin-scaled.jpg\" href=\"https:\/\/armintour.com\/wp-content\/uploads\/2022\/12\/Bell_Tower_Echmiadzin-scaled.jpg\"><span data-alt=\"\"><\/span><\/a><\/div><div class=\"rsContent\"><a class=\"rsImg\" data-rsw=\"960\" data-rsh=\"600\" data-rsBigImg=\"https:\/\/armintour.com\/wp-content\/uploads\/2022\/12\/Echmiadzin-1.jpg\" href=\"https:\/\/armintour.com\/wp-content\/uploads\/2022\/12\/Echmiadzin-1.jpg\"><span data-alt=\"\"><\/span><\/a><\/div><div class=\"rsContent\"><a class=\"rsImg\" data-rsw=\"1024\" data-rsh=\"680\" data-rsBigImg=\"https:\/\/armintour.com\/wp-content\/uploads\/2022\/12\/St.-Hripsime-Church.jpg\" href=\"https:\/\/armintour.com\/wp-content\/uploads\/2022\/12\/St.-Hripsime-Church.jpg\"><span data-alt=\"\"><\/span><\/a><\/div><div class=\"rsContent\"><a class=\"rsImg\" data-rsw=\"2000\" data-rsh=\"1334\" data-rsBigImg=\"https:\/\/armintour.com\/wp-content\/uploads\/2022\/12\/Etchmiadzin-Cathedral-inner.jpg\" href=\"https:\/\/armintour.com\/wp-content\/uploads\/2022\/12\/Etchmiadzin-Cathedral-inner.jpg\"><span data-alt=\"\"><\/span><\/a><\/div><div class=\"rsContent\"><a class=\"rsImg\" data-rsw=\"1583\" data-rsh=\"1274\" data-rsBigImg=\"https:\/\/armintour.com\/wp-content\/uploads\/2022\/12\/Etchmiadzin-Cathedral.jpg\" href=\"https:\/\/armintour.com\/wp-content\/uploads\/2022\/12\/Etchmiadzin-Cathedral.jpg\"><span data-alt=\"\"><\/span><\/a><\/div><div class=\"rsContent\"><a class=\"rsImg\" data-rsw=\"2000\" data-rsh=\"1339\" data-rsBigImg=\"https:\/\/armintour.com\/wp-content\/uploads\/2023\/01\/metsamor-lake.jpg\" href=\"https:\/\/armintour.com\/wp-content\/uploads\/2023\/01\/metsamor-lake.jpg\"><span data-alt=\"\"><\/span><\/a><\/div><div class=\"rsContent\"><a class=\"rsImg\" data-rsw=\"1200\" data-rsh=\"900\" data-rsBigImg=\"https:\/\/armintour.com\/wp-content\/uploads\/2023\/01\/S._Hripsime.jpg\" href=\"https:\/\/armintour.com\/wp-content\/uploads\/2023\/01\/S._Hripsime.jpg\"><span data-alt=\"\"><\/span><\/a><\/div><div class=\"rsContent\"><a class=\"rsImg\" data-rsw=\"2000\" data-rsh=\"1334\" data-rsBigImg=\"https:\/\/armintour.com\/wp-content\/uploads\/2023\/01\/Armenia_Temples_Church_Armavir.jpg\" href=\"https:\/\/armintour.com\/wp-content\/uploads\/2023\/01\/Armenia_Temples_Church_Armavir.jpg\"><span data-alt=\"\"><\/span><\/a><\/div><div class=\"rsContent\"><a class=\"rsImg\" data-rsw=\"2000\" data-rsh=\"1333\" data-rsBigImg=\"https:\/\/armintour.com\/wp-content\/uploads\/2023\/01\/Echmiatsin_open_air_altar.jpg\" href=\"https:\/\/armintour.com\/wp-content\/uploads\/2023\/01\/Echmiatsin_open_air_altar.jpg\"><span data-alt=\"\"><\/span><\/a><\/div><div class=\"rsContent\"><a class=\"rsImg\" data-rsw=\"2000\" data-rsh=\"1500\" data-rsBigImg=\"https:\/\/armintour.com\/wp-content\/uploads\/2023\/01\/Tagnap.jpg\" href=\"https:\/\/armintour.com\/wp-content\/uploads\/2023\/01\/Tagnap.jpg\"><span data-alt=\"\"><\/span><\/a><\/div><div class=\"rsContent\"><a class=\"rsImg\" data-rsw=\"2000\" data-rsh=\"1500\" data-rsBigImg=\"https:\/\/armintour.com\/wp-content\/uploads\/2023\/01\/Surb-Gayane.jpg\" href=\"https:\/\/armintour.com\/wp-content\/uploads\/2023\/01\/Surb-Gayane.jpg\"><span data-alt=\"\"><\/span><\/a><\/div><div class=\"rsContent\"><a class=\"rsImg\" data-rsw=\"2000\" data-rsh=\"1333\" data-rsBigImg=\"https:\/\/armintour.com\/wp-content\/uploads\/2023\/01\/Temples_Armenia_Armavir_Trees_Cross_512897_5616x3744.jpg\" href=\"https:\/\/armintour.com\/wp-content\/uploads\/2023\/01\/Temples_Armenia_Armavir_Trees_Cross_512897_5616x3744.jpg\"><span data-alt=\"\"><\/span><\/a><\/div><div class=\"rsContent\"><a class=\"rsImg\" data-rsw=\"1500\" data-rsh=\"1000\" data-rsBigImg=\"https:\/\/armintour.com\/wp-content\/uploads\/2023\/01\/266074294.jpg\" href=\"https:\/\/armintour.com\/wp-content\/uploads\/2023\/01\/266074294.jpg\"><span data-alt=\"\"><\/span><\/a><\/div><div class=\"rsContent\"><a class=\"rsImg\" data-rsw=\"1280\" data-rsh=\"916\" data-rsBigImg=\"https:\/\/armintour.com\/wp-content\/uploads\/2023\/01\/303.jpg\" href=\"https:\/\/armintour.com\/wp-content\/uploads\/2023\/01\/303.jpg\"><span data-alt=\"\"><\/span><\/a><\/div><div class=\"rsContent\"><a class=\"rsImg\" data-rsw=\"1239\" data-rsh=\"826\" data-rsBigImg=\"https:\/\/armintour.com\/wp-content\/uploads\/2023\/01\/Gayane.jpg\" href=\"https:\/\/armintour.com\/wp-content\/uploads\/2023\/01\/Gayane.jpg\"><span data-alt=\"\"><\/span><\/a><\/div><div class=\"rsContent\"><a class=\"rsImg\" data-rsw=\"1280\" data-rsh=\"960\" data-rsBigImg=\"https:\/\/armintour.com\/wp-content\/uploads\/2023\/01\/Yervandashat.jpg\" href=\"https:\/\/armintour.com\/wp-content\/uploads\/2023\/01\/Yervandashat.jpg\"><span data-alt=\"\"><\/span><\/a><\/div><div class=\"rsContent\"><a class=\"rsImg\" data-rsw=\"1200\" data-rsh=\"769\" data-rsBigImg=\"https:\/\/armintour.com\/wp-content\/uploads\/2023\/01\/argishtikhinili.jpg\" href=\"https:\/\/armintour.com\/wp-content\/uploads\/2023\/01\/argishtikhinili.jpg\"><span data-alt=\"\"><\/span><\/a><\/div><div class=\"rsContent\"><a class=\"rsImg\" data-rsw=\"1200\" data-rsh=\"800\" data-rsBigImg=\"https:\/\/armintour.com\/wp-content\/uploads\/2023\/01\/hqdefault.jpeg\" href=\"https:\/\/armintour.com\/wp-content\/uploads\/2023\/01\/hqdefault.jpeg\"><span data-alt=\"\"><\/span><\/a><\/div><div class=\"rsContent\"><a class=\"rsImg\" data-rsw=\"1200\" data-rsh=\"800\" data-rsBigImg=\"https:\/\/armintour.com\/wp-content\/uploads\/2023\/01\/19226013_34da2f4fe12eb79fbfda5bd33748cd3e.jpg\" href=\"https:\/\/armintour.com\/wp-content\/uploads\/2023\/01\/19226013_34da2f4fe12eb79fbfda5bd33748cd3e.jpg\"><span data-alt=\"\"><\/span><\/a><\/div><div class=\"rsContent\"><a class=\"rsImg\" data-rsw=\"1900\" data-rsh=\"1258\" data-rsBigImg=\"https:\/\/armintour.com\/wp-content\/uploads\/2023\/01\/image254892.jpg\" href=\"https:\/\/armintour.com\/wp-content\/uploads\/2023\/01\/image254892.jpg\"><span data-alt=\"\"><\/span><\/a><\/div><div class=\"rsContent\"><a class=\"rsImg\" data-rsw=\"1900\" data-rsh=\"1258\" data-rsBigImg=\"https:\/\/armintour.com\/wp-content\/uploads\/2023\/01\/image254883.jpg\" href=\"https:\/\/armintour.com\/wp-content\/uploads\/2023\/01\/image254883.jpg\"><span data-alt=\"\"><\/span><\/a><\/div><\/div><img decoding=\"async\" src=\"https:\/\/armintour.com\/wp-content\/uploads\/2022\/12\/Temple-of-Zvartnots.jpg\" width=\"1200\" height=\"800\" alt loading=\"lazy\"><\/div><div class=\"w-slider-json\" onclick='return {&quot;autoScaleSlider&quot;:true,&quot;addActiveClass&quot;:true,&quot;loop&quot;:true,&quot;fadeInLoadedSlide&quot;:false,&quot;slidesSpacing&quot;:0,&quot;imageScalePadding&quot;:0,&quot;numImagesToPreload&quot;:2,&quot;arrowsNav&quot;:false,&quot;arrowsNavAutoHide&quot;:false,&quot;transitionType&quot;:&quot;move&quot;,&quot;transitionSpeed&quot;:250,&quot;block&quot;:{&quot;moveEffect&quot;:&quot;none&quot;,&quot;speed&quot;:300},&quot;thumbs&quot;:{&quot;fitInViewport&quot;:false,&quot;firstMargin&quot;:false,&quot;spacing&quot;:4},&quot;controlNavigation&quot;:&quot;bullets&quot;,&quot;autoplay&quot;:{&quot;enabled&quot;:true,&quot;pauseOnHover&quot;:false,&quot;delay&quot;:3000},&quot;fullscreen&quot;:{&quot;enabled&quot;:true},&quot;autoScaleSliderWidth&quot;:1200,&quot;autoScaleSliderHeight&quot;:800}'><\/div><\/div><\/div><\/div><\/div><\/div><\/section>\n","protected":false},"excerpt":{"rendered":"Territorio: 1254 kil\u00f3metros cuadrados Las tierras agr\u00edcolas: 70049 hect\u00e1reas Incluyendo las tierras arables: 39399 hect\u00e1reas Poblaci\u00f3n: 266,600 personas (2016) El Marz de Armavir se localiza al sur de Aragatsotn Marz y fue nombrado Armavir -uno de los primeros capitales de Armenia. Armavir est\u00e1 situado entre las monta\u00f1as Ararat y Aragats. La provincia de Armavir tiene...","protected":false},"author":1,"featured_media":16605,"parent":0,"menu_order":0,"comment_status":"closed","ping_status":"closed","template":"","meta":{"footnotes":""},"class_list":["post-16685","page","type-page","status-publish","has-post-thumbnail","hentry"],"_links":{"self":[{"href":"https:\/\/armintour.com\/es\/wp-json\/wp\/v2\/pages\/16685","targetHints":{"allow":["GET"]}}],"collection":[{"href":"https:\/\/armintour.com\/es\/wp-json\/wp\/v2\/pages"}],"about":[{"href":"https:\/\/armintour.com\/es\/wp-json\/wp\/v2\/types\/page"}],"author":[{"embeddable":true,"href":"https:\/\/armintour.com\/es\/wp-json\/wp\/v2\/users\/1"}],"replies":[{"embeddable":true,"href":"https:\/\/armintour.com\/es\/wp-json\/wp\/v2\/comments?post=16685"}],"version-history":[{"count":2,"href":"https:\/\/armintour.com\/es\/wp-json\/wp\/v2\/pages\/16685\/revisions"}],"predecessor-version":[{"id":25045,"href":"https:\/\/armintour.com\/es\/wp-json\/wp\/v2\/pages\/16685\/revisions\/25045"}],"wp:featuredmedia":[{"embeddable":true,"href":"https:\/\/armintour.com\/es\/wp-json\/wp\/v2\/media\/16605"}],"wp:attachment":[{"href":"https:\/\/armintour.com\/es\/wp-json\/wp\/v2\/media?parent=16685"}],"curies":[{"name":"wp","href":"https:\/\/api.w.org\/{rel}","templated":true}]}}