{"id":16751,"date":"2023-01-03T18:24:29","date_gmt":"2023-01-03T14:24:29","guid":{"rendered":"https:\/\/intour.lizin.am\/ararat-marz\/"},"modified":"2023-01-25T16:45:35","modified_gmt":"2023-01-25T12:45:35","slug":"ararat-marz","status":"publish","type":"page","link":"https:\/\/armintour.com\/es\/ararat-marz\/","title":{"rendered":"Ararat Marz"},"content":{"rendered":"<section class=\"l-section wpb_row height_small\"><div class=\"l-section-h i-cf\"><div class=\"g-cols vc_row via_grid cols_1 laptops-cols_inherit tablets-cols_inherit mobiles-cols_1 valign_top type_default stacking_default\"><div class=\"wpb_column vc_column_container\"><div class=\"vc_column-inner\"><div class=\"wpb_text_column\"><div class=\"wpb_wrapper\"><p><strong>Territorio:<\/strong> 2096 kil\u00f3metros cuadrados<br \/>\n<strong>Las tierras agr\u00edcolas:<\/strong> 88700 hect\u00e1reas<br \/>\n<strong>Incluyendo las tierras arables:<\/strong> 33300 hect\u00e1reas<br \/>\n<strong>Poblaci\u00f3n:<\/strong> 258,900 personas (2016)<\/p>\n<\/div><\/div><\/div><\/div><\/div><\/div><\/section><section class=\"l-section wpb_row height_small\"><div class=\"l-section-h i-cf\"><div class=\"g-cols vc_row via_grid cols_1 laptops-cols_inherit tablets-cols_inherit mobiles-cols_1 valign_top type_default stacking_default\"><div class=\"wpb_column vc_column_container\"><div class=\"vc_column-inner\"><div class=\"wpb_text_column\"><div class=\"wpb_wrapper\"><p>La provincia (marz) de Ararat est\u00e1 situado en la parte occidental de Armenia, al sur de Erev\u00e1n. El centro del marz es Artashat. La carretera principal se estira a trav\u00e9s del territorio del marz a lo largo de la orilla izquierda del r\u00edo Araks, monte Ararat (5165 m) y la frontera del estado a su derecho. El panorama impresionante del monte Ararat, su altura inaccesible y abismos profundos han tenido una gran influencia en los armenios y se han hecho un objeto de culto y mitolog\u00eda. Seg\u00fan la Biblia, Ararat se relaciona con No\u00e9, cuyo nombre simboliza la nueva historia de la humanidad.<br \/>\nEl inter\u00e9s principal y la atracci\u00f3n de la regi\u00f3n es el Monasterio de Jor Virap. Jor Virap, el emplazamiento de la prisi\u00f3n real donde San Gregorio el Iluminador fue encarcelado durante 13 a\u00f1os antes de convertir Armenia en la primera naci\u00f3n cristiana en el 301. Guiados por la remota majestuosidad del b\u00edblico monte Ararat, exploramos el lugar, sus c\u00e1maras subterr\u00e1neas, sus elegantes capillas y somos cautivados por la asc\u00e9tica atmosfera del sitio.<\/p>\n<\/div><\/div><\/div><\/div><\/div><\/div><\/section><section class=\"l-section wpb_row height_small\"><div class=\"l-section-h i-cf\"><div class=\"g-cols vc_row via_grid cols_1 laptops-cols_inherit tablets-cols_inherit mobiles-cols_1 valign_top type_default stacking_default\"><div class=\"wpb_column vc_column_container\"><div class=\"vc_column-inner\"><div class=\"w-slider style_none fit_contain nav_dots count_10\"><div class=\"w-slider-h\" aria-hidden=\"true\"><div class=\"royalSlider\"><div class=\"rsContent\"><a class=\"rsImg\" data-rsw=\"1280\" data-rsh=\"720\" data-rsBigImg=\"https:\/\/armintour.com\/wp-content\/uploads\/2023\/01\/maxresdefault_live.jpg\" href=\"https:\/\/armintour.com\/wp-content\/uploads\/2023\/01\/maxresdefault_live.jpg\"><span data-alt=\"\"><\/span><\/a><\/div><div class=\"rsContent\"><a class=\"rsImg\" data-rsw=\"1266\" data-rsh=\"861\" data-rsBigImg=\"https:\/\/armintour.com\/wp-content\/uploads\/2023\/01\/bc04f87b1442e82a9d7828879f80552b_XL.jpg\" href=\"https:\/\/armintour.com\/wp-content\/uploads\/2023\/01\/bc04f87b1442e82a9d7828879f80552b_XL.jpg\"><span data-alt=\"\"><\/span><\/a><\/div><div class=\"rsContent\"><a class=\"rsImg\" data-rsw=\"2000\" data-rsh=\"1183\" data-rsBigImg=\"https:\/\/armintour.com\/wp-content\/uploads\/2022\/12\/Khor-Virap-1.jpg\" href=\"https:\/\/armintour.com\/wp-content\/uploads\/2022\/12\/Khor-Virap-1.jpg\"><span data-alt=\"\"><\/span><\/a><\/div><div class=\"rsContent\"><a class=\"rsImg\" data-rsw=\"2000\" data-rsh=\"1023\" data-rsBigImg=\"https:\/\/armintour.com\/wp-content\/uploads\/2022\/12\/Khor-Virap-Armenia.jpg\" href=\"https:\/\/armintour.com\/wp-content\/uploads\/2022\/12\/Khor-Virap-Armenia.jpg\"><span data-alt=\"\"><\/span><\/a><\/div><div class=\"rsContent\"><a class=\"rsImg\" data-rsw=\"960\" data-rsh=\"640\" data-rsBigImg=\"https:\/\/armintour.com\/wp-content\/uploads\/2022\/12\/Khor-Virap.jpg\" href=\"https:\/\/armintour.com\/wp-content\/uploads\/2022\/12\/Khor-Virap.jpg\"><span data-alt=\"\"><\/span><\/a><\/div><div class=\"rsContent\"><a class=\"rsImg\" data-rsw=\"1200\" data-rsh=\"800\" data-rsBigImg=\"https:\/\/armintour.com\/wp-content\/uploads\/2023\/01\/Khor-Virap-Monastery-9.jpeg\" href=\"https:\/\/armintour.com\/wp-content\/uploads\/2023\/01\/Khor-Virap-Monastery-9.jpeg\"><span data-alt=\"\"><\/span><\/a><\/div><div class=\"rsContent\"><a class=\"rsImg\" data-rsw=\"1680\" data-rsh=\"1120\" data-rsBigImg=\"https:\/\/armintour.com\/wp-content\/uploads\/2023\/01\/Khor-Virap-Monastery-8.jpg\" href=\"https:\/\/armintour.com\/wp-content\/uploads\/2023\/01\/Khor-Virap-Monastery-8.jpg\"><span data-alt=\"\"><\/span><\/a><\/div><div class=\"rsContent\"><a class=\"rsImg\" data-rsw=\"1280\" data-rsh=\"960\" data-rsBigImg=\"https:\/\/armintour.com\/wp-content\/uploads\/2023\/01\/Khor-Virap-Monastery-7.jpg\" href=\"https:\/\/armintour.com\/wp-content\/uploads\/2023\/01\/Khor-Virap-Monastery-7.jpg\"><span data-alt=\"\"><\/span><\/a><\/div><div class=\"rsContent\"><a class=\"rsImg\" data-rsw=\"1239\" data-rsh=\"823\" data-rsBigImg=\"https:\/\/armintour.com\/wp-content\/uploads\/2022\/12\/Khor-Virap-2.jpg\" href=\"https:\/\/armintour.com\/wp-content\/uploads\/2022\/12\/Khor-Virap-2.jpg\"><span data-alt=\"\"><\/span><\/a><\/div><div class=\"rsContent\"><a class=\"rsImg\" data-rsw=\"1365\" data-rsh=\"1024\" data-rsBigImg=\"https:\/\/armintour.com\/wp-content\/uploads\/2023\/01\/kHor-Virap3-1365x1024-1.jpg\" href=\"https:\/\/armintour.com\/wp-content\/uploads\/2023\/01\/kHor-Virap3-1365x1024-1.jpg\"><span data-alt=\"\"><\/span><\/a><\/div><\/div><img decoding=\"async\" src=\"https:\/\/armintour.com\/wp-content\/uploads\/2023\/01\/maxresdefault_live.jpg\" width=\"1280\" height=\"720\" alt loading=\"lazy\"><\/div><div class=\"w-slider-json\" onclick='return {&quot;autoScaleSlider&quot;:true,&quot;addActiveClass&quot;:true,&quot;loop&quot;:true,&quot;fadeInLoadedSlide&quot;:false,&quot;slidesSpacing&quot;:0,&quot;imageScalePadding&quot;:0,&quot;numImagesToPreload&quot;:2,&quot;arrowsNav&quot;:false,&quot;arrowsNavAutoHide&quot;:false,&quot;transitionType&quot;:&quot;move&quot;,&quot;transitionSpeed&quot;:250,&quot;block&quot;:{&quot;moveEffect&quot;:&quot;none&quot;,&quot;speed&quot;:300},&quot;thumbs&quot;:{&quot;fitInViewport&quot;:false,&quot;firstMargin&quot;:false,&quot;spacing&quot;:4},&quot;controlNavigation&quot;:&quot;bullets&quot;,&quot;autoplay&quot;:{&quot;enabled&quot;:true,&quot;pauseOnHover&quot;:false,&quot;delay&quot;:3000},&quot;fullscreen&quot;:{&quot;enabled&quot;:true},&quot;autoScaleSliderWidth&quot;:1280,&quot;autoScaleSliderHeight&quot;:720}'><\/div><\/div><\/div><\/div><\/div><\/div><\/section>\n","protected":false},"excerpt":{"rendered":"Territorio: 2096 kil\u00f3metros cuadrados Las tierras agr\u00edcolas: 88700 hect\u00e1reas Incluyendo las tierras arables: 33300 hect\u00e1reas Poblaci\u00f3n: 258,900 personas (2016) La provincia (marz) de Ararat est\u00e1 situado en la parte occidental de Armenia, al sur de Erev\u00e1n. El centro del marz es Artashat. La carretera principal se estira a trav\u00e9s del territorio del marz a lo...","protected":false},"author":1,"featured_media":1821,"parent":0,"menu_order":0,"comment_status":"closed","ping_status":"closed","template":"","meta":{"footnotes":""},"class_list":["post-16751","page","type-page","status-publish","has-post-thumbnail","hentry"],"_links":{"self":[{"href":"https:\/\/armintour.com\/es\/wp-json\/wp\/v2\/pages\/16751","targetHints":{"allow":["GET"]}}],"collection":[{"href":"https:\/\/armintour.com\/es\/wp-json\/wp\/v2\/pages"}],"about":[{"href":"https:\/\/armintour.com\/es\/wp-json\/wp\/v2\/types\/page"}],"author":[{"embeddable":true,"href":"https:\/\/armintour.com\/es\/wp-json\/wp\/v2\/users\/1"}],"replies":[{"embeddable":true,"href":"https:\/\/armintour.com\/es\/wp-json\/wp\/v2\/comments?post=16751"}],"version-history":[{"count":3,"href":"https:\/\/armintour.com\/es\/wp-json\/wp\/v2\/pages\/16751\/revisions"}],"predecessor-version":[{"id":25047,"href":"https:\/\/armintour.com\/es\/wp-json\/wp\/v2\/pages\/16751\/revisions\/25047"}],"wp:featuredmedia":[{"embeddable":true,"href":"https:\/\/armintour.com\/es\/wp-json\/wp\/v2\/media\/1821"}],"wp:attachment":[{"href":"https:\/\/armintour.com\/es\/wp-json\/wp\/v2\/media?parent=16751"}],"curies":[{"name":"wp","href":"https:\/\/api.w.org\/{rel}","templated":true}]}}