{"id":17362,"date":"2023-01-04T14:34:18","date_gmt":"2023-01-04T10:34:18","guid":{"rendered":"https:\/\/intour.lizin.am\/people-and-language\/"},"modified":"2023-01-25T17:15:42","modified_gmt":"2023-01-25T13:15:42","slug":"people-and-language","status":"publish","type":"page","link":"https:\/\/armintour.com\/es\/people-and-language\/","title":{"rendered":"Poblaci\u00f3n e Idioma"},"content":{"rendered":"<section class=\"l-section wpb_row height_small\"><div class=\"l-section-h i-cf\"><div class=\"g-cols vc_row via_grid cols_1 laptops-cols_inherit tablets-cols_inherit mobiles-cols_1 valign_top type_default stacking_default\"><div class=\"wpb_column vc_column_container\"><div class=\"vc_column-inner\"><div class=\"wpb_text_column\"><div class=\"wpb_wrapper\"><p>Los armenios son descendientes de la rama de la familia indoeuropea.<br \/>\nArmenia es la rep\u00fablica \u00fanica de la ex Uni\u00f3n Sovi\u00e9tica que tiene una poblaci\u00f3n casi homog\u00e9nea:<\/p>\n<\/div><\/div><\/div><\/div><\/div><\/div><\/section><section class=\"l-section wpb_row height_auto\"><div class=\"l-section-h i-cf\"><div class=\"g-cols vc_row via_grid cols_1-3 laptops-cols_inherit tablets-cols_inherit mobiles-cols_1 valign_top type_default stacking_default\"><div class=\"wpb_column vc_column_container\"><div class=\"vc_column-inner\"><div class=\"wpb_text_column\"><div class=\"wpb_wrapper\"><table>\n<tbody>\n<tr>\n<td>Los armenios<\/td>\n<td>97.9%<\/td>\n<\/tr>\n<tr>\n<td>Los kurdos<\/td>\n<td>1.3%<\/td>\n<\/tr>\n<tr>\n<td>Los rusos<\/td>\n<td>0.5%<\/td>\n<\/tr>\n<tr>\n<td>Los asirios<\/td>\n<td>0.1%<\/td>\n<\/tr>\n<tr>\n<td>Los ucranianos<\/td>\n<td>0.1%<\/td>\n<\/tr>\n<tr>\n<td>Otros<\/td>\n<td>0.1%<\/td>\n<\/tr>\n<\/tbody>\n<\/table>\n<\/div><\/div><\/div><\/div><div class=\"wpb_column vc_column_container\"><div class=\"vc_column-inner\"><\/div><\/div><\/div><\/div><\/section><section class=\"l-section wpb_row height_small\"><div class=\"l-section-h i-cf\"><div class=\"g-cols vc_row via_grid cols_1 laptops-cols_inherit tablets-cols_inherit mobiles-cols_1 valign_top type_default stacking_default\"><div class=\"wpb_column vc_column_container\"><div class=\"vc_column-inner\"><div class=\"wpb_text_column\"><div class=\"wpb_wrapper\"><p>Seg\u00fan Strabo, un historiador y ge\u00f3grafo griego, los armenios que viv\u00edan en el altiplano de Armenia hablaban una lengua: el armenio.<br \/>\nEl armenio es una lengua indoeuropea antigua que no est\u00e1 afiliada a uno de los grupos de lenguas de la familia indoeuropea. Los armenios hablan dos formas mutuamente inteligibles y escritas de su lengua: el armenio oriental (hablado principalmente en Armenia, Ir\u00e1n y las rep\u00fablicas ex sovi\u00e9ticas) y el armenio occidental (que se habla principalmente en la di\u00e1spora armenia).<\/p>\n<\/div><\/div><\/div><\/div><\/div><\/div><\/section><section class=\"l-section wpb_row height_small\"><div class=\"l-section-h i-cf\"><div class=\"g-cols vc_row via_grid cols_1 laptops-cols_inherit tablets-cols_inherit mobiles-cols_1 valign_top type_default stacking_default\"><div class=\"wpb_column vc_column_container\"><div class=\"vc_column-inner\"><div class=\"wpb_text_column\"><div class=\"wpb_wrapper\"><p>Dios le habl\u00f3 al mundo en armenio.<br \/>\nGeorge Gordon (Lord) Byron<br \/>\nLa invenci\u00f3n del alfabeto armenio en el a\u00f1o 405 por San Mesrop Mashtots parece ser un moj\u00f3n en la historia milenaria del pueblo armenio que result\u00f3 en una explosi\u00f3n cultural de gran alcance.<br \/>\n39 letras en total, de los cuales el armenio cl\u00e1sico distingue siete vocales: a, i, schwa, abierta e, cerrado e, o, u. El armenio es rico en combinaciones de consonantes, especialmente en sonidos africadas tales como zh, ch, y ts.<\/p>\n<p>\u0531\u0561 \u2013 letras capitales y peque\u00f1as<br \/>\nAyb- el nombre de la letra<br \/>\na-equivalente latino<br \/>\n[a] \u2013 trascripci\u00f3n<br \/>\n1 \u2013 equivalente d\u00edgito<\/p>\n<\/div><\/div><\/div><\/div><\/div><\/div><\/section><section class=\"l-section wpb_row height_small\"><div class=\"l-section-h i-cf\"><div class=\"g-cols vc_row via_grid cols_1 laptops-cols_inherit tablets-cols_inherit mobiles-cols_1 valign_top type_default stacking_default\"><div class=\"wpb_column vc_column_container\"><div class=\"vc_column-inner\"><div class=\"w-slider style_none fit_scaledown nav_dots count_7\"><div class=\"w-slider-h\" aria-hidden=\"true\"><div class=\"royalSlider\"><div class=\"rsContent\"><a class=\"rsImg\" data-rsw=\"1920\" data-rsh=\"1282\" data-rsBigImg=\"https:\/\/armintour.com\/wp-content\/uploads\/2022\/12\/2_day.jpg\" href=\"https:\/\/armintour.com\/wp-content\/uploads\/2022\/12\/2_day.jpg\"><span data-alt=\"\"><\/span><\/a><\/div><div class=\"rsContent\"><a class=\"rsImg\" data-rsw=\"2048\" data-rsh=\"1366\" data-rsBigImg=\"https:\/\/armintour.com\/wp-content\/uploads\/2023\/01\/4b210bf844c07ac1c95fa5d478ba0879.jpg\" href=\"https:\/\/armintour.com\/wp-content\/uploads\/2023\/01\/4b210bf844c07ac1c95fa5d478ba0879.jpg\"><span data-alt=\"\"><\/span><\/a><\/div><div class=\"rsContent\"><a class=\"rsImg\" data-rsw=\"1200\" data-rsh=\"900\" data-rsBigImg=\"https:\/\/armintour.com\/wp-content\/uploads\/2022\/12\/Matenadaran.jpg\" href=\"https:\/\/armintour.com\/wp-content\/uploads\/2022\/12\/Matenadaran.jpg\"><span data-alt=\"\"><\/span><\/a><\/div><div class=\"rsContent\"><a class=\"rsImg\" data-rsw=\"1200\" data-rsh=\"828\" data-rsBigImg=\"https:\/\/armintour.com\/wp-content\/uploads\/2023\/01\/3adc585bdb74753cf0051bad4ca7df18.jpeg\" href=\"https:\/\/armintour.com\/wp-content\/uploads\/2023\/01\/3adc585bdb74753cf0051bad4ca7df18.jpeg\"><span data-alt=\"\"><\/span><\/a><\/div><div class=\"rsContent\"><a class=\"rsImg\" data-rsw=\"1600\" data-rsh=\"1067\" data-rsBigImg=\"https:\/\/armintour.com\/wp-content\/uploads\/2023\/01\/46e8a47d8b0d9d50b0e381998bbed5cf.jpeg\" href=\"https:\/\/armintour.com\/wp-content\/uploads\/2023\/01\/46e8a47d8b0d9d50b0e381998bbed5cf.jpeg\"><span data-alt=\"\"><\/span><\/a><\/div><div class=\"rsContent\"><a class=\"rsImg\" data-rsw=\"1582\" data-rsh=\"944\" data-rsBigImg=\"https:\/\/armintour.com\/wp-content\/uploads\/2023\/01\/1_PHgGUAk349Bscz7FCtfiIA.jpeg\" href=\"https:\/\/armintour.com\/wp-content\/uploads\/2023\/01\/1_PHgGUAk349Bscz7FCtfiIA.jpeg\"><span data-alt=\"\"><\/span><\/a><\/div><div class=\"rsContent\"><a class=\"rsImg\" data-rsw=\"1200\" data-rsh=\"630\" data-rsBigImg=\"https:\/\/armintour.com\/wp-content\/uploads\/2023\/01\/imgpreview.jpg\" href=\"https:\/\/armintour.com\/wp-content\/uploads\/2023\/01\/imgpreview.jpg\"><span data-alt=\"\"><\/span><\/a><\/div><\/div><img decoding=\"async\" src=\"https:\/\/armintour.com\/wp-content\/uploads\/2022\/12\/2_day.jpg\" width=\"1920\" height=\"1282\" alt loading=\"lazy\"><\/div><div class=\"w-slider-json\" onclick='return {&quot;autoScaleSlider&quot;:true,&quot;addActiveClass&quot;:true,&quot;loop&quot;:true,&quot;fadeInLoadedSlide&quot;:false,&quot;slidesSpacing&quot;:0,&quot;imageScalePadding&quot;:0,&quot;numImagesToPreload&quot;:2,&quot;arrowsNav&quot;:false,&quot;arrowsNavAutoHide&quot;:false,&quot;transitionType&quot;:&quot;move&quot;,&quot;transitionSpeed&quot;:250,&quot;block&quot;:{&quot;moveEffect&quot;:&quot;none&quot;,&quot;speed&quot;:300},&quot;thumbs&quot;:{&quot;fitInViewport&quot;:false,&quot;firstMargin&quot;:false,&quot;spacing&quot;:4},&quot;controlNavigation&quot;:&quot;bullets&quot;,&quot;autoplay&quot;:{&quot;enabled&quot;:true,&quot;pauseOnHover&quot;:false,&quot;delay&quot;:3000},&quot;fullscreen&quot;:{&quot;enabled&quot;:true},&quot;autoScaleSliderWidth&quot;:1920,&quot;autoScaleSliderHeight&quot;:1282}'><\/div><\/div><\/div><\/div><\/div><\/div><\/section>\n","protected":false},"excerpt":{"rendered":"Los armenios son descendientes de la rama de la familia indoeuropea. Armenia es la rep\u00fablica \u00fanica de la ex Uni\u00f3n Sovi\u00e9tica que tiene una poblaci\u00f3n casi homog\u00e9nea: Los armenios 97.9% Los kurdos 1.3% Los rusos 0.5% Los asirios 0.1% Los ucranianos 0.1% Otros 0.1% Seg\u00fan Strabo, un historiador y ge\u00f3grafo griego, los armenios que viv\u00edan...","protected":false},"author":1,"featured_media":17354,"parent":0,"menu_order":0,"comment_status":"closed","ping_status":"closed","template":"","meta":{"footnotes":""},"class_list":["post-17362","page","type-page","status-publish","has-post-thumbnail","hentry"],"_links":{"self":[{"href":"https:\/\/armintour.com\/es\/wp-json\/wp\/v2\/pages\/17362","targetHints":{"allow":["GET"]}}],"collection":[{"href":"https:\/\/armintour.com\/es\/wp-json\/wp\/v2\/pages"}],"about":[{"href":"https:\/\/armintour.com\/es\/wp-json\/wp\/v2\/types\/page"}],"author":[{"embeddable":true,"href":"https:\/\/armintour.com\/es\/wp-json\/wp\/v2\/users\/1"}],"replies":[{"embeddable":true,"href":"https:\/\/armintour.com\/es\/wp-json\/wp\/v2\/comments?post=17362"}],"version-history":[{"count":2,"href":"https:\/\/armintour.com\/es\/wp-json\/wp\/v2\/pages\/17362\/revisions"}],"predecessor-version":[{"id":25053,"href":"https:\/\/armintour.com\/es\/wp-json\/wp\/v2\/pages\/17362\/revisions\/25053"}],"wp:featuredmedia":[{"embeddable":true,"href":"https:\/\/armintour.com\/es\/wp-json\/wp\/v2\/media\/17354"}],"wp:attachment":[{"href":"https:\/\/armintour.com\/es\/wp-json\/wp\/v2\/media?parent=17362"}],"curies":[{"name":"wp","href":"https:\/\/api.w.org\/{rel}","templated":true}]}}