{"id":24231,"date":"2023-01-03T19:47:50","date_gmt":"2023-01-03T15:47:50","guid":{"rendered":"https:\/\/intour.lizin.am\/aragatsotn-marz\/"},"modified":"2023-01-25T16:53:38","modified_gmt":"2023-01-25T12:53:38","slug":"aragatsotn-marz","status":"publish","type":"page","link":"https:\/\/armintour.com\/es\/aragatsotn-marz\/","title":{"rendered":"Aragatsotn Marz"},"content":{"rendered":"<section class=\"l-section wpb_row height_small\"><div class=\"l-section-h i-cf\"><div class=\"g-cols vc_row via_grid cols_1 laptops-cols_inherit tablets-cols_inherit mobiles-cols_1 valign_top type_default stacking_default\"><div class=\"wpb_column vc_column_container\"><div class=\"vc_column-inner\"><div class=\"wpb_text_column\"><div class=\"wpb_wrapper\"><p><strong>Territorio:<\/strong> 2753 kil\u00f3metros cuadrados<br \/>\n<strong>Las tierras agr\u00edcolas:<\/strong> 136667 hect\u00e1reas<br \/>\n<strong>Incluyendo las tierras arables:<\/strong> 55771 hect\u00e1reas<br \/>\n<strong>Poblaci\u00f3n:<\/strong> 129.800 personas (2016)<\/p>\n<\/div><\/div><\/div><\/div><\/div><\/div><\/section><section class=\"l-section wpb_row height_small\"><div class=\"l-section-h i-cf\"><div class=\"g-cols vc_row via_grid cols_1 laptops-cols_inherit tablets-cols_inherit mobiles-cols_1 valign_top type_default stacking_default\"><div class=\"wpb_column vc_column_container\"><div class=\"vc_column-inner\"><div class=\"wpb_text_column\"><div class=\"wpb_wrapper\"><p>El marz de Aragatsotn se localiza en el Oeste de la Rep\u00fablica de Armenia, en las laderas del monte Aragats (4096 metros sobre el nivel del mar). Aragats siempre ha atra\u00eddo la atenci\u00f3n de los viajeros, turistas y ge\u00f3logos.<br \/>\nEl marz es famoso por sus sitios pintorescos. Kasaj, Amberd, Geghagor e otros r\u00edos peque\u00f1os fluyen a trav\u00e9s del territorio de la provincia.<br \/>\nLos monumentos m\u00e1s interesantes e atractivos son las iglesias de Tsiranavor (X-XII), Karmravor (VII-XIX), Spitakavor (XIII). La iglesia de Karmravor ha conservado su aspecto original con el techo de teja roja.<br \/>\nEl pueblo de Byurak\u00e1n, que se localiza en las laderas del monte Aragats, es la cuna de logros astron\u00f3micos de la naci\u00f3n armenia. El observatorio de Byurak\u00e1n se estableci\u00f3 aqu\u00ed en 1946. Se localiza a una altitud de 1500 sobre el nivel del mar. Es uno de los centros astron\u00f3micos m\u00e1s grandes del mundo.<br \/>\n7 km al norte de Byurak\u00e1n una ciudad-fortaleza llamada Amberd fue construida durante el reinado de Kamsarid en el VII siglo y se conserv\u00f3 hasta el final del siglo XIV. La fortaleza se localiza a 2300 metros sobre el nivel del mar.<br \/>\nLa construcci\u00f3n de Saghmosavanq ocurri\u00f3 durante los a\u00f1os de 1215-1290. El conjunto es famoso por su depositario de manuscritos establecidos en 1255. Numerosas miniaturas ilustraciones fueron copiadas y creadas aqu\u00ed.<br \/>\nEl encaje alrededor de las laderas del monte Aragats es completado por frescos iglesias construidas en Mastara, Talin e Aruch (VII s.) as\u00ed como los castillos magn\u00edficos y las fortalezas inexpugnables.<\/p>\n<\/div><\/div><\/div><\/div><\/div><\/div><\/section><section class=\"l-section wpb_row height_small\"><div class=\"l-section-h i-cf\"><div class=\"g-cols vc_row via_grid cols_1 laptops-cols_inherit tablets-cols_inherit mobiles-cols_1 valign_top type_default stacking_default\"><div class=\"wpb_column vc_column_container\"><div class=\"vc_column-inner\"><div class=\"w-slider style_none fit_contain nav_dots count_34\"><div class=\"w-slider-h\" aria-hidden=\"true\"><div class=\"royalSlider\"><div class=\"rsContent\"><a class=\"rsImg\" data-rsw=\"1920\" data-rsh=\"1160\" data-rsBigImg=\"https:\/\/armintour.com\/wp-content\/uploads\/2023\/01\/gora-aragats-1.jpg\" href=\"https:\/\/armintour.com\/wp-content\/uploads\/2023\/01\/gora-aragats-1.jpg\"><span data-alt=\"\"><\/span><\/a><\/div><div class=\"rsContent\"><a class=\"rsImg\" data-rsw=\"1586\" data-rsh=\"1043\" data-rsBigImg=\"https:\/\/armintour.com\/wp-content\/uploads\/2023\/01\/original.jpg\" href=\"https:\/\/armintour.com\/wp-content\/uploads\/2023\/01\/original.jpg\"><span data-alt=\"\"><\/span><\/a><\/div><div class=\"rsContent\"><a class=\"rsImg\" data-rsw=\"2000\" data-rsh=\"1333\" data-rsBigImg=\"https:\/\/armintour.com\/wp-content\/uploads\/2023\/01\/Aruch_palace_02.jpg\" href=\"https:\/\/armintour.com\/wp-content\/uploads\/2023\/01\/Aruch_palace_02.jpg\"><span data-alt=\"\"><\/span><\/a><\/div><div class=\"rsContent\"><a class=\"rsImg\" data-rsw=\"2000\" data-rsh=\"1333\" data-rsBigImg=\"https:\/\/armintour.com\/wp-content\/uploads\/2023\/01\/Dashtadem.jpg\" href=\"https:\/\/armintour.com\/wp-content\/uploads\/2023\/01\/Dashtadem.jpg\"><span data-alt=\"\"><\/span><\/a><\/div><div class=\"rsContent\"><a class=\"rsImg\" data-rsw=\"2000\" data-rsh=\"1500\" data-rsBigImg=\"https:\/\/armintour.com\/wp-content\/uploads\/2023\/01\/Cathedral_of_Aruch_17_July_2019_-_01.jpg\" href=\"https:\/\/armintour.com\/wp-content\/uploads\/2023\/01\/Cathedral_of_Aruch_17_July_2019_-_01.jpg\"><span data-alt=\"\"><\/span><\/a><\/div><div class=\"rsContent\"><a class=\"rsImg\" data-rsw=\"2000\" data-rsh=\"1500\" data-rsBigImg=\"https:\/\/armintour.com\/wp-content\/uploads\/2023\/01\/Aruch_Caravanserai_04.jpg\" href=\"https:\/\/armintour.com\/wp-content\/uploads\/2023\/01\/Aruch_Caravanserai_04.jpg\"><span data-alt=\"\"><\/span><\/a><\/div><div class=\"rsContent\"><a class=\"rsImg\" data-rsw=\"2000\" data-rsh=\"1500\" data-rsBigImg=\"https:\/\/armintour.com\/wp-content\/uploads\/2023\/01\/Avan_1.jpg\" href=\"https:\/\/armintour.com\/wp-content\/uploads\/2023\/01\/Avan_1.jpg\"><span data-alt=\"\"><\/span><\/a><\/div><div class=\"rsContent\"><a class=\"rsImg\" data-rsw=\"1200\" data-rsh=\"809\" data-rsBigImg=\"https:\/\/armintour.com\/wp-content\/uploads\/2023\/01\/Talin-2.jpg\" href=\"https:\/\/armintour.com\/wp-content\/uploads\/2023\/01\/Talin-2.jpg\"><span data-alt=\"\"><\/span><\/a><\/div><div class=\"rsContent\"><a class=\"rsImg\" data-rsw=\"900\" data-rsh=\"600\" data-rsBigImg=\"https:\/\/armintour.com\/wp-content\/uploads\/2023\/01\/Talin-1.jpg\" href=\"https:\/\/armintour.com\/wp-content\/uploads\/2023\/01\/Talin-1.jpg\"><span data-alt=\"\"><\/span><\/a><\/div><div class=\"rsContent\"><a class=\"rsImg\" data-rsw=\"1266\" data-rsh=\"950\" data-rsBigImg=\"https:\/\/armintour.com\/wp-content\/uploads\/2023\/01\/Mastara.jpg\" href=\"https:\/\/armintour.com\/wp-content\/uploads\/2023\/01\/Mastara.jpg\"><span data-alt=\"\"><\/span><\/a><\/div><div class=\"rsContent\"><a class=\"rsImg\" data-rsw=\"1280\" data-rsh=\"720\" data-rsBigImg=\"https:\/\/armintour.com\/wp-content\/uploads\/2023\/01\/Saghmosavank-2.jpg\" href=\"https:\/\/armintour.com\/wp-content\/uploads\/2023\/01\/Saghmosavank-2.jpg\"><span data-alt=\"\"><\/span><\/a><\/div><div class=\"rsContent\"><a class=\"rsImg\" data-rsw=\"1200\" data-rsh=\"800\" data-rsBigImg=\"https:\/\/armintour.com\/wp-content\/uploads\/2023\/01\/Saghmosavank-1.jpeg\" href=\"https:\/\/armintour.com\/wp-content\/uploads\/2023\/01\/Saghmosavank-1.jpeg\"><span data-alt=\"\"><\/span><\/a><\/div><div class=\"rsContent\"><a class=\"rsImg\" data-rsw=\"1200\" data-rsh=\"800\" data-rsBigImg=\"https:\/\/armintour.com\/wp-content\/uploads\/2023\/01\/hqdefault-4.jpeg\" href=\"https:\/\/armintour.com\/wp-content\/uploads\/2023\/01\/hqdefault-4.jpeg\"><span data-alt=\"\"><\/span><\/a><\/div><div class=\"rsContent\"><a class=\"rsImg\" data-rsw=\"1024\" data-rsh=\"685\" data-rsBigImg=\"https:\/\/armintour.com\/wp-content\/uploads\/2023\/01\/byurakan_1024x685_gya.jpg\" href=\"https:\/\/armintour.com\/wp-content\/uploads\/2023\/01\/byurakan_1024x685_gya.jpg\"><span data-alt=\"\"><\/span><\/a><\/div><div class=\"rsContent\"><a class=\"rsImg\" data-rsw=\"800\" data-rsh=\"533\" data-rsBigImg=\"https:\/\/armintour.com\/wp-content\/uploads\/2023\/01\/800px-Byurakan_2.jpg\" href=\"https:\/\/armintour.com\/wp-content\/uploads\/2023\/01\/800px-Byurakan_2.jpg\"><span data-alt=\"\"><\/span><\/a><\/div><div class=\"rsContent\"><a class=\"rsImg\" data-rsw=\"1024\" data-rsh=\"768\" data-rsBigImg=\"https:\/\/armintour.com\/wp-content\/uploads\/2023\/01\/SAM_1089.jpg\" href=\"https:\/\/armintour.com\/wp-content\/uploads\/2023\/01\/SAM_1089.jpg\"><span data-alt=\"\"><\/span><\/a><\/div><div class=\"rsContent\"><a class=\"rsImg\" data-rsw=\"1220\" data-rsh=\"686\" data-rsBigImg=\"https:\/\/armintour.com\/wp-content\/uploads\/2023\/01\/1794288936_0_0_2730_1536_1220x0_80_0_0_1ffbfb34e7dc7996271cc213f7580248.jpg\" href=\"https:\/\/armintour.com\/wp-content\/uploads\/2023\/01\/1794288936_0_0_2730_1536_1220x0_80_0_0_1ffbfb34e7dc7996271cc213f7580248.jpg\"><span data-alt=\"\"><\/span><\/a><\/div><div class=\"rsContent\"><a class=\"rsImg\" data-rsw=\"760\" data-rsh=\"712\" data-rsBigImg=\"https:\/\/armintour.com\/wp-content\/uploads\/2023\/01\/5-46.jpg\" href=\"https:\/\/armintour.com\/wp-content\/uploads\/2023\/01\/5-46.jpg\"><span data-alt=\"\"><\/span><\/a><\/div><div class=\"rsContent\"><a class=\"rsImg\" data-rsw=\"1024\" data-rsh=\"681\" data-rsBigImg=\"https:\/\/armintour.com\/wp-content\/uploads\/2023\/01\/32031105848_530a58bd13_b.jpg\" href=\"https:\/\/armintour.com\/wp-content\/uploads\/2023\/01\/32031105848_530a58bd13_b.jpg\"><span data-alt=\"\"><\/span><\/a><\/div><div class=\"rsContent\"><a class=\"rsImg\" data-rsw=\"1200\" data-rsh=\"800\" data-rsBigImg=\"https:\/\/armintour.com\/wp-content\/uploads\/2023\/01\/hqdefault-3.jpeg\" href=\"https:\/\/armintour.com\/wp-content\/uploads\/2023\/01\/hqdefault-3.jpeg\"><span data-alt=\"\"><\/span><\/a><\/div><div class=\"rsContent\"><a class=\"rsImg\" data-rsw=\"1280\" data-rsh=\"650\" data-rsBigImg=\"https:\/\/armintour.com\/wp-content\/uploads\/2023\/01\/aa336219-e490-477c-ae09-9d9f645c7f5f.jpeg\" href=\"https:\/\/armintour.com\/wp-content\/uploads\/2023\/01\/aa336219-e490-477c-ae09-9d9f645c7f5f.jpeg\"><span data-alt=\"\"><\/span><\/a><\/div><div class=\"rsContent\"><a class=\"rsImg\" data-rsw=\"1200\" data-rsh=\"800\" data-rsBigImg=\"https:\/\/armintour.com\/wp-content\/uploads\/2023\/01\/hqdefault-2.jpeg\" href=\"https:\/\/armintour.com\/wp-content\/uploads\/2023\/01\/hqdefault-2.jpeg\"><span data-alt=\"\"><\/span><\/a><\/div><div class=\"rsContent\"><a class=\"rsImg\" data-rsw=\"1200\" data-rsh=\"800\" data-rsBigImg=\"https:\/\/armintour.com\/wp-content\/uploads\/2023\/01\/hqdefault-1.jpeg\" href=\"https:\/\/armintour.com\/wp-content\/uploads\/2023\/01\/hqdefault-1.jpeg\"><span data-alt=\"\"><\/span><\/a><\/div><div class=\"rsContent\"><a class=\"rsImg\" data-rsw=\"1200\" data-rsh=\"676\" data-rsBigImg=\"https:\/\/armintour.com\/wp-content\/uploads\/2023\/01\/Aramus_Tsiranavor_church_15.jpg\" href=\"https:\/\/armintour.com\/wp-content\/uploads\/2023\/01\/Aramus_Tsiranavor_church_15.jpg\"><span data-alt=\"\"><\/span><\/a><\/div><div class=\"rsContent\"><a class=\"rsImg\" data-rsw=\"1200\" data-rsh=\"800\" data-rsBigImg=\"https:\/\/armintour.com\/wp-content\/uploads\/2023\/01\/1200px-Tsiranavor_church_of_Ashtarak_front_view.jpg\" href=\"https:\/\/armintour.com\/wp-content\/uploads\/2023\/01\/1200px-Tsiranavor_church_of_Ashtarak_front_view.jpg\"><span data-alt=\"\"><\/span><\/a><\/div><div class=\"rsContent\"><a class=\"rsImg\" data-rsw=\"1920\" data-rsh=\"1142\" data-rsBigImg=\"https:\/\/armintour.com\/wp-content\/uploads\/2023\/01\/P5110143.jpg\" href=\"https:\/\/armintour.com\/wp-content\/uploads\/2023\/01\/P5110143.jpg\"><span data-alt=\"\"><\/span><\/a><\/div><div class=\"rsContent\"><a class=\"rsImg\" data-rsw=\"845\" data-rsh=\"684\" data-rsBigImg=\"https:\/\/armintour.com\/wp-content\/uploads\/2023\/01\/4da4d3e8fbeda0179d6f347f96c14e0e.jpeg\" href=\"https:\/\/armintour.com\/wp-content\/uploads\/2023\/01\/4da4d3e8fbeda0179d6f347f96c14e0e.jpeg\"><span data-alt=\"\"><\/span><\/a><\/div><div class=\"rsContent\"><a class=\"rsImg\" data-rsw=\"1512\" data-rsh=\"1080\" data-rsBigImg=\"https:\/\/armintour.com\/wp-content\/uploads\/2023\/01\/262973916.jpg\" href=\"https:\/\/armintour.com\/wp-content\/uploads\/2023\/01\/262973916.jpg\"><span data-alt=\"\"><\/span><\/a><\/div><div class=\"rsContent\"><a class=\"rsImg\" data-rsw=\"1599\" data-rsh=\"1066\" data-rsBigImg=\"https:\/\/armintour.com\/wp-content\/uploads\/2023\/01\/Amberd_Fortress7.jpg\" href=\"https:\/\/armintour.com\/wp-content\/uploads\/2023\/01\/Amberd_Fortress7.jpg\"><span data-alt=\"\"><\/span><\/a><\/div><div class=\"rsContent\"><a class=\"rsImg\" data-rsw=\"1200\" data-rsh=\"800\" data-rsBigImg=\"https:\/\/armintour.com\/wp-content\/uploads\/2023\/01\/hqdefault-5.jpeg\" href=\"https:\/\/armintour.com\/wp-content\/uploads\/2023\/01\/hqdefault-5.jpeg\"><span data-alt=\"\"><\/span><\/a><\/div><div class=\"rsContent\"><a class=\"rsImg\" data-rsw=\"1239\" data-rsh=\"827\" data-rsBigImg=\"https:\/\/armintour.com\/wp-content\/uploads\/2023\/01\/Aragats_Mountain_8.jpg\" href=\"https:\/\/armintour.com\/wp-content\/uploads\/2023\/01\/Aragats_Mountain_8.jpg\"><span data-alt=\"\"><\/span><\/a><\/div><div class=\"rsContent\"><a class=\"rsImg\" data-rsw=\"1200\" data-rsh=\"801\" data-rsBigImg=\"https:\/\/armintour.com\/wp-content\/uploads\/2023\/01\/5511866.jpg\" href=\"https:\/\/armintour.com\/wp-content\/uploads\/2023\/01\/5511866.jpg\"><span data-alt=\"\"><\/span><\/a><\/div><div class=\"rsContent\"><a class=\"rsImg\" data-rsw=\"1024\" data-rsh=\"768\" data-rsBigImg=\"https:\/\/armintour.com\/wp-content\/uploads\/2023\/01\/05dc4bed987b29f04cad29f483153306.jpeg\" href=\"https:\/\/armintour.com\/wp-content\/uploads\/2023\/01\/05dc4bed987b29f04cad29f483153306.jpeg\"><span data-alt=\"\"><\/span><\/a><\/div><div class=\"rsContent\"><a class=\"rsImg\" data-rsw=\"1000\" data-rsh=\"667\" data-rsBigImg=\"https:\/\/armintour.com\/wp-content\/uploads\/2023\/01\/945863_original.jpg\" href=\"https:\/\/armintour.com\/wp-content\/uploads\/2023\/01\/945863_original.jpg\"><span data-alt=\"\"><\/span><\/a><\/div><\/div><img decoding=\"async\" src=\"https:\/\/armintour.com\/wp-content\/uploads\/2023\/01\/gora-aragats-1.jpg\" width=\"1920\" height=\"1160\" alt loading=\"lazy\"><\/div><div class=\"w-slider-json\" onclick='return {&quot;autoScaleSlider&quot;:true,&quot;addActiveClass&quot;:true,&quot;loop&quot;:true,&quot;fadeInLoadedSlide&quot;:false,&quot;slidesSpacing&quot;:0,&quot;imageScalePadding&quot;:0,&quot;numImagesToPreload&quot;:2,&quot;arrowsNav&quot;:false,&quot;arrowsNavAutoHide&quot;:false,&quot;transitionType&quot;:&quot;move&quot;,&quot;transitionSpeed&quot;:250,&quot;block&quot;:{&quot;moveEffect&quot;:&quot;none&quot;,&quot;speed&quot;:300},&quot;thumbs&quot;:{&quot;fitInViewport&quot;:false,&quot;firstMargin&quot;:false,&quot;spacing&quot;:4},&quot;controlNavigation&quot;:&quot;bullets&quot;,&quot;autoplay&quot;:{&quot;enabled&quot;:true,&quot;pauseOnHover&quot;:false,&quot;delay&quot;:3000},&quot;fullscreen&quot;:{&quot;enabled&quot;:true},&quot;autoScaleSliderWidth&quot;:1920,&quot;autoScaleSliderHeight&quot;:1160}'><\/div><\/div><\/div><\/div><\/div><\/div><\/section>\n","protected":false},"excerpt":{"rendered":"Territorio: 2753 kil\u00f3metros cuadrados Las tierras agr\u00edcolas: 136667 hect\u00e1reas Incluyendo las tierras arables: 55771 hect\u00e1reas Poblaci\u00f3n: 129.800 personas (2016) El marz de Aragatsotn se localiza en el Oeste de la Rep\u00fablica de Armenia, en las laderas del monte Aragats (4096 metros sobre el nivel del mar). Aragats siempre ha atra\u00eddo la atenci\u00f3n de los viajeros,...","protected":false},"author":1,"featured_media":16777,"parent":0,"menu_order":0,"comment_status":"closed","ping_status":"closed","template":"","meta":{"footnotes":""},"class_list":["post-24231","page","type-page","status-publish","has-post-thumbnail","hentry"],"_links":{"self":[{"href":"https:\/\/armintour.com\/es\/wp-json\/wp\/v2\/pages\/24231","targetHints":{"allow":["GET"]}}],"collection":[{"href":"https:\/\/armintour.com\/es\/wp-json\/wp\/v2\/pages"}],"about":[{"href":"https:\/\/armintour.com\/es\/wp-json\/wp\/v2\/types\/page"}],"author":[{"embeddable":true,"href":"https:\/\/armintour.com\/es\/wp-json\/wp\/v2\/users\/1"}],"replies":[{"embeddable":true,"href":"https:\/\/armintour.com\/es\/wp-json\/wp\/v2\/comments?post=24231"}],"version-history":[{"count":3,"href":"https:\/\/armintour.com\/es\/wp-json\/wp\/v2\/pages\/24231\/revisions"}],"predecessor-version":[{"id":25049,"href":"https:\/\/armintour.com\/es\/wp-json\/wp\/v2\/pages\/24231\/revisions\/25049"}],"wp:featuredmedia":[{"embeddable":true,"href":"https:\/\/armintour.com\/es\/wp-json\/wp\/v2\/media\/16777"}],"wp:attachment":[{"href":"https:\/\/armintour.com\/es\/wp-json\/wp\/v2\/media?parent=24231"}],"curies":[{"name":"wp","href":"https:\/\/api.w.org\/{rel}","templated":true}]}}