{"id":25029,"date":"2023-01-02T22:48:31","date_gmt":"2023-01-02T18:48:31","guid":{"rendered":"https:\/\/intour.lizin.am\/lori-marz\/"},"modified":"2023-01-25T16:01:31","modified_gmt":"2023-01-25T12:01:31","slug":"lori-marz","status":"publish","type":"page","link":"https:\/\/armintour.com\/es\/lori-marz\/","title":{"rendered":"Lori Marz"},"content":{"rendered":"<section class=\"l-section wpb_row height_small\"><div class=\"l-section-h i-cf\"><div class=\"g-cols vc_row via_grid cols_1 laptops-cols_inherit tablets-cols_inherit mobiles-cols_1 valign_top type_default stacking_default\"><div class=\"wpb_column vc_column_container\"><div class=\"vc_column-inner\"><div class=\"wpb_text_column\"><div class=\"wpb_wrapper\"><p><strong>Territory:<\/strong> 3789 km\u00b2<br \/>\n<strong>Tierras agr\u00edcolas:<\/strong> 192212 hect\u00e1reas<br \/>\n<strong>Incluyendo las tierras arables:<\/strong> 47823 hect\u00e1reas<br \/>\n<strong>Poblaci\u00f3n:<\/strong> 225,000 personas (2016)<\/p>\n<\/div><\/div><\/div><\/div><\/div><\/div><\/section><section class=\"l-section wpb_row height_small\"><div class=\"l-section-h i-cf\"><div class=\"g-cols vc_row via_grid cols_1 laptops-cols_inherit tablets-cols_inherit mobiles-cols_1 valign_top type_default stacking_default\"><div class=\"wpb_column vc_column_container\"><div class=\"vc_column-inner\"><div class=\"wpb_text_column\"><div class=\"wpb_wrapper\"><p>El Lori marz est\u00e1 situado en el nordeste de Armenia. El centro es Vanadzor. Los r\u00edos Pambak, Dzoraget, Aghstev y Debed fluyen a trav\u00e9s del territorio de la provincia. Es rica en fruta, bosques, campos f\u00e9rtiles, lagos y manantiales frescos. El clima es moderado. La cadena monta\u00f1a de Lori-Pambak impide el flujo de los vientos fr\u00edos del norte.<br \/>\nEl rico patrimonio cultural del marz se remonta a las edades. En la alta meseta de la ciudad de Alaverd\u00ed, en la orilla derecha del r\u00edo Debed se encuentra el pueblo de Sanah\u00edn. El pueblo est\u00e1 conectado con las principales carreteras por el puente de 1192, la construcci\u00f3n ingenier\u00eda m\u00e1s antigua ha conservado hasta hoy. El complejo de Sanah\u00edn monasterio, construido en los siglos X-XIII, est\u00e1 en el territorio del pueblo. Se considera una de las soluciones arquitect\u00f3nicas m\u00e1s interesantes. No es una tarea f\u00e1cil describir Sanah\u00edn, uno debe verlo. El complejo del monasterio de Haghpat, X-XIII s., est\u00e1 a la distancia de 5 km de Sanah\u00edn. Ambos complejos sol\u00edan tener sus bibliotecas, scriptoriums, escuelas y refectorios. Ambos monasterios son inscritos por la UNESCO en la lista del Patrimonio Mundial desde 1996.<br \/>\nAl sur de Alaverd\u00ed, en las tierras altas se encuentra la famosa Catedral de Odz\u00fan, VI-VII s. En los bosques de Lori uno puede ver en todas partes los rastros de establecimientos antiguos y fortalezas, complejos del monasterio e iglesias. Uno no se puede parar de admirar los monumentos de Ajtal\u00e1 (X-XIII cc.) Kobayr (XIIIc.) con sus frescos, Hnevank (XII-XIII s.), una serie de iglesias cat\u00f3licas y ciudadelas. La fortaleza de Lori es un ejemplo brillante de la arquitectura armenia.<\/p>\n<\/div><\/div><\/div><\/div><\/div><\/div><\/section><section class=\"l-section wpb_row height_small\"><div class=\"l-section-h i-cf\"><div class=\"g-cols vc_row via_grid cols_1 laptops-cols_inherit tablets-cols_inherit mobiles-cols_1 valign_top type_default stacking_default\"><div class=\"wpb_column vc_column_container\"><div class=\"vc_column-inner\"><div class=\"w-slider style_none fit_contain nav_dots count_27\"><div class=\"w-slider-h\" aria-hidden=\"true\"><div class=\"royalSlider\"><div class=\"rsContent\"><a class=\"rsImg\" data-rsw=\"1280\" data-rsh=\"831\" data-rsBigImg=\"https:\/\/armintour.com\/wp-content\/uploads\/2023\/01\/Odzun-Altar-pod-otkryt.jpg\" href=\"https:\/\/armintour.com\/wp-content\/uploads\/2023\/01\/Odzun-Altar-pod-otkryt.jpg\"><span data-alt=\"\"><\/span><\/a><\/div><div class=\"rsContent\"><a class=\"rsImg\" data-rsw=\"2000\" data-rsh=\"1333\" data-rsBigImg=\"https:\/\/armintour.com\/wp-content\/uploads\/2023\/01\/49034286072_Haghpat.jpg\" href=\"https:\/\/armintour.com\/wp-content\/uploads\/2023\/01\/49034286072_Haghpat.jpg\"><span data-alt=\"\"><\/span><\/a><\/div><div class=\"rsContent\"><a class=\"rsImg\" data-rsw=\"1400\" data-rsh=\"843\" data-rsBigImg=\"https:\/\/armintour.com\/wp-content\/uploads\/2023\/01\/Debed.jpg\" href=\"https:\/\/armintour.com\/wp-content\/uploads\/2023\/01\/Debed.jpg\"><span data-alt=\"\"><\/span><\/a><\/div><div class=\"rsContent\"><a class=\"rsImg\" data-rsw=\"1000\" data-rsh=\"604\" data-rsBigImg=\"https:\/\/armintour.com\/wp-content\/uploads\/2023\/01\/Dzoraget.jpg\" href=\"https:\/\/armintour.com\/wp-content\/uploads\/2023\/01\/Dzoraget.jpg\"><span data-alt=\"\"><\/span><\/a><\/div><div class=\"rsContent\"><a class=\"rsImg\" data-rsw=\"1024\" data-rsh=\"791\" data-rsBigImg=\"https:\/\/armintour.com\/wp-content\/uploads\/2023\/01\/Kobayr.jpg\" href=\"https:\/\/armintour.com\/wp-content\/uploads\/2023\/01\/Kobayr.jpg\"><span data-alt=\"\"><\/span><\/a><\/div><div class=\"rsContent\"><a class=\"rsImg\" data-rsw=\"2000\" data-rsh=\"1500\" data-rsBigImg=\"https:\/\/armintour.com\/wp-content\/uploads\/2023\/01\/Pambak.jpg\" href=\"https:\/\/armintour.com\/wp-content\/uploads\/2023\/01\/Pambak.jpg\"><span data-alt=\"\"><\/span><\/a><\/div><div class=\"rsContent\"><a class=\"rsImg\" data-rsw=\"2000\" data-rsh=\"1500\" data-rsBigImg=\"https:\/\/armintour.com\/wp-content\/uploads\/2023\/01\/Vanadzor.jpg\" href=\"https:\/\/armintour.com\/wp-content\/uploads\/2023\/01\/Vanadzor.jpg\"><span data-alt=\"\"><\/span><\/a><\/div><div class=\"rsContent\"><a class=\"rsImg\" data-rsw=\"2000\" data-rsh=\"1333\" data-rsBigImg=\"https:\/\/armintour.com\/wp-content\/uploads\/2023\/01\/Monasterio_de_Sanahin_Armenia.jpg\" href=\"https:\/\/armintour.com\/wp-content\/uploads\/2023\/01\/Monasterio_de_Sanahin_Armenia.jpg\"><span data-alt=\"\"><\/span><\/a><\/div><div class=\"rsContent\"><a class=\"rsImg\" data-rsw=\"2000\" data-rsh=\"1333\" data-rsBigImg=\"https:\/\/armintour.com\/wp-content\/uploads\/2023\/01\/Sanahin_Monastery_5.jpg\" href=\"https:\/\/armintour.com\/wp-content\/uploads\/2023\/01\/Sanahin_Monastery_5.jpg\"><span data-alt=\"\"><\/span><\/a><\/div><div class=\"rsContent\"><a class=\"rsImg\" data-rsw=\"2000\" data-rsh=\"1500\" data-rsBigImg=\"https:\/\/armintour.com\/wp-content\/uploads\/2023\/01\/Lori_Berd_Lori_Marz_01.jpg\" href=\"https:\/\/armintour.com\/wp-content\/uploads\/2023\/01\/Lori_Berd_Lori_Marz_01.jpg\"><span data-alt=\"\"><\/span><\/a><\/div><div class=\"rsContent\"><a class=\"rsImg\" data-rsw=\"1200\" data-rsh=\"800\" data-rsBigImg=\"https:\/\/armintour.com\/wp-content\/uploads\/2023\/01\/Lori_Berd_Armenia_2016-09-30_DD_55.jpg\" href=\"https:\/\/armintour.com\/wp-content\/uploads\/2023\/01\/Lori_Berd_Armenia_2016-09-30_DD_55.jpg\"><span data-alt=\"\"><\/span><\/a><\/div><div class=\"rsContent\"><a class=\"rsImg\" data-rsw=\"1600\" data-rsh=\"978\" data-rsBigImg=\"https:\/\/armintour.com\/wp-content\/uploads\/2023\/01\/1600px-Lori_Berd_Armenia_2016-09-30_DD_63-65_HDR.jpg\" href=\"https:\/\/armintour.com\/wp-content\/uploads\/2023\/01\/1600px-Lori_Berd_Armenia_2016-09-30_DD_63-65_HDR.jpg\"><span data-alt=\"\"><\/span><\/a><\/div><div class=\"rsContent\"><a class=\"rsImg\" data-rsw=\"1600\" data-rsh=\"1107\" data-rsBigImg=\"https:\/\/armintour.com\/wp-content\/uploads\/2023\/01\/1600px-Lori_Berd_Armenia_2016-09-30_DD_69.jpg\" href=\"https:\/\/armintour.com\/wp-content\/uploads\/2023\/01\/1600px-Lori_Berd_Armenia_2016-09-30_DD_69.jpg\"><span data-alt=\"\"><\/span><\/a><\/div><div class=\"rsContent\"><a class=\"rsImg\" data-rsw=\"1200\" data-rsh=\"899\" data-rsBigImg=\"https:\/\/armintour.com\/wp-content\/uploads\/2023\/01\/Hnevank_monastery_complex_from_air_2.jpg\" href=\"https:\/\/armintour.com\/wp-content\/uploads\/2023\/01\/Hnevank_monastery_complex_from_air_2.jpg\"><span data-alt=\"\"><\/span><\/a><\/div><div class=\"rsContent\"><a class=\"rsImg\" data-rsw=\"1200\" data-rsh=\"800\" data-rsBigImg=\"https:\/\/armintour.com\/wp-content\/uploads\/2023\/01\/Kobayr-5.jpeg\" href=\"https:\/\/armintour.com\/wp-content\/uploads\/2023\/01\/Kobayr-5.jpeg\"><span data-alt=\"\"><\/span><\/a><\/div><div class=\"rsContent\"><a class=\"rsImg\" data-rsw=\"1200\" data-rsh=\"800\" data-rsBigImg=\"https:\/\/armintour.com\/wp-content\/uploads\/2023\/01\/Kobayr-6.jpeg\" href=\"https:\/\/armintour.com\/wp-content\/uploads\/2023\/01\/Kobayr-6.jpeg\"><span data-alt=\"\"><\/span><\/a><\/div><div class=\"rsContent\"><a class=\"rsImg\" data-rsw=\"1280\" data-rsh=\"853\" data-rsBigImg=\"https:\/\/armintour.com\/wp-content\/uploads\/2023\/01\/Kobayr-4.jpg\" href=\"https:\/\/armintour.com\/wp-content\/uploads\/2023\/01\/Kobayr-4.jpg\"><span data-alt=\"\"><\/span><\/a><\/div><div class=\"rsContent\"><a class=\"rsImg\" data-rsw=\"1200\" data-rsh=\"714\" data-rsBigImg=\"https:\/\/armintour.com\/wp-content\/uploads\/2023\/01\/Akhtala.jpg\" href=\"https:\/\/armintour.com\/wp-content\/uploads\/2023\/01\/Akhtala.jpg\"><span data-alt=\"\"><\/span><\/a><\/div><div class=\"rsContent\"><a class=\"rsImg\" data-rsw=\"1376\" data-rsh=\"770\" data-rsBigImg=\"https:\/\/armintour.com\/wp-content\/uploads\/2023\/01\/00-AKHTALA-MONASTERY-cover-photo.jpg\" href=\"https:\/\/armintour.com\/wp-content\/uploads\/2023\/01\/00-AKHTALA-MONASTERY-cover-photo.jpg\"><span data-alt=\"\"><\/span><\/a><\/div><div class=\"rsContent\"><a class=\"rsImg\" data-rsw=\"1200\" data-rsh=\"800\" data-rsBigImg=\"https:\/\/armintour.com\/wp-content\/uploads\/2023\/01\/Odzun.jpeg\" href=\"https:\/\/armintour.com\/wp-content\/uploads\/2023\/01\/Odzun.jpeg\"><span data-alt=\"\"><\/span><\/a><\/div><div class=\"rsContent\"><a class=\"rsImg\" data-rsw=\"1200\" data-rsh=\"800\" data-rsBigImg=\"https:\/\/armintour.com\/wp-content\/uploads\/2023\/01\/Haghpat-4.jpeg\" href=\"https:\/\/armintour.com\/wp-content\/uploads\/2023\/01\/Haghpat-4.jpeg\"><span data-alt=\"\"><\/span><\/a><\/div><div class=\"rsContent\"><a class=\"rsImg\" data-rsw=\"1080\" data-rsh=\"1080\" data-rsBigImg=\"https:\/\/armintour.com\/wp-content\/uploads\/2023\/01\/Haghpat.jpg\" href=\"https:\/\/armintour.com\/wp-content\/uploads\/2023\/01\/Haghpat.jpg\"><span data-alt=\"\"><\/span><\/a><\/div><div class=\"rsContent\"><a class=\"rsImg\" data-rsw=\"1200\" data-rsh=\"800\" data-rsBigImg=\"https:\/\/armintour.com\/wp-content\/uploads\/2023\/01\/Sanahin.jpeg\" href=\"https:\/\/armintour.com\/wp-content\/uploads\/2023\/01\/Sanahin.jpeg\"><span data-alt=\"\"><\/span><\/a><\/div><div class=\"rsContent\"><a class=\"rsImg\" data-rsw=\"1080\" data-rsh=\"1319\" data-rsBigImg=\"https:\/\/armintour.com\/wp-content\/uploads\/2023\/01\/Alaverdi.jpg\" href=\"https:\/\/armintour.com\/wp-content\/uploads\/2023\/01\/Alaverdi.jpg\"><span data-alt=\"\"><\/span><\/a><\/div><div class=\"rsContent\"><a class=\"rsImg\" data-rsw=\"1920\" data-rsh=\"1149\" data-rsBigImg=\"https:\/\/armintour.com\/wp-content\/uploads\/2023\/01\/2.sanahin-monastery-in-armenia.jpg\" href=\"https:\/\/armintour.com\/wp-content\/uploads\/2023\/01\/2.sanahin-monastery-in-armenia.jpg\"><span data-alt=\"\"><\/span><\/a><\/div><div class=\"rsContent\"><a class=\"rsImg\" data-rsw=\"1280\" data-rsh=\"853\" data-rsBigImg=\"https:\/\/armintour.com\/wp-content\/uploads\/2023\/01\/Utstchele-reki-Debed-i-zalozh.jpg\" href=\"https:\/\/armintour.com\/wp-content\/uploads\/2023\/01\/Utstchele-reki-Debed-i-zalozh.jpg\"><span data-alt=\"\"><\/span><\/a><\/div><div class=\"rsContent\"><a class=\"rsImg\" data-rsw=\"1500\" data-rsh=\"1125\" data-rsBigImg=\"https:\/\/armintour.com\/wp-content\/uploads\/2023\/01\/Hnevank.jpg\" href=\"https:\/\/armintour.com\/wp-content\/uploads\/2023\/01\/Hnevank.jpg\"><span data-alt=\"\"><\/span><\/a><\/div><\/div><img decoding=\"async\" src=\"https:\/\/armintour.com\/wp-content\/uploads\/2023\/01\/Odzun-Altar-pod-otkryt.jpg\" width=\"1280\" height=\"831\" alt loading=\"lazy\"><\/div><div class=\"w-slider-json\" onclick='return {&quot;autoScaleSlider&quot;:true,&quot;addActiveClass&quot;:true,&quot;loop&quot;:true,&quot;fadeInLoadedSlide&quot;:false,&quot;slidesSpacing&quot;:0,&quot;imageScalePadding&quot;:0,&quot;numImagesToPreload&quot;:2,&quot;arrowsNav&quot;:false,&quot;arrowsNavAutoHide&quot;:false,&quot;transitionType&quot;:&quot;move&quot;,&quot;transitionSpeed&quot;:250,&quot;block&quot;:{&quot;moveEffect&quot;:&quot;none&quot;,&quot;speed&quot;:300},&quot;thumbs&quot;:{&quot;fitInViewport&quot;:false,&quot;firstMargin&quot;:false,&quot;spacing&quot;:4},&quot;controlNavigation&quot;:&quot;bullets&quot;,&quot;autoplay&quot;:{&quot;enabled&quot;:true,&quot;pauseOnHover&quot;:false,&quot;delay&quot;:3000},&quot;fullscreen&quot;:{&quot;enabled&quot;:true},&quot;autoScaleSliderWidth&quot;:1280,&quot;autoScaleSliderHeight&quot;:831}'><\/div><\/div><\/div><\/div><\/div><\/div><\/section>\n","protected":false},"excerpt":{"rendered":"Territory: 3789 km\u00b2 Tierras agr\u00edcolas: 192212 hect\u00e1reas Incluyendo las tierras arables: 47823 hect\u00e1reas Poblaci\u00f3n: 225,000 personas (2016) El Lori marz est\u00e1 situado en el nordeste de Armenia. El centro es Vanadzor. Los r\u00edos Pambak, Dzoraget, Aghstev y Debed fluyen a trav\u00e9s del territorio de la provincia. Es rica en fruta, bosques, campos f\u00e9rtiles, lagos y...","protected":false},"author":1,"featured_media":15981,"parent":0,"menu_order":0,"comment_status":"closed","ping_status":"closed","template":"","meta":{"footnotes":""},"class_list":["post-25029","page","type-page","status-publish","has-post-thumbnail","hentry"],"_links":{"self":[{"href":"https:\/\/armintour.com\/es\/wp-json\/wp\/v2\/pages\/25029","targetHints":{"allow":["GET"]}}],"collection":[{"href":"https:\/\/armintour.com\/es\/wp-json\/wp\/v2\/pages"}],"about":[{"href":"https:\/\/armintour.com\/es\/wp-json\/wp\/v2\/types\/page"}],"author":[{"embeddable":true,"href":"https:\/\/armintour.com\/es\/wp-json\/wp\/v2\/users\/1"}],"replies":[{"embeddable":true,"href":"https:\/\/armintour.com\/es\/wp-json\/wp\/v2\/comments?post=25029"}],"version-history":[{"count":3,"href":"https:\/\/armintour.com\/es\/wp-json\/wp\/v2\/pages\/25029\/revisions"}],"predecessor-version":[{"id":25038,"href":"https:\/\/armintour.com\/es\/wp-json\/wp\/v2\/pages\/25029\/revisions\/25038"}],"wp:featuredmedia":[{"embeddable":true,"href":"https:\/\/armintour.com\/es\/wp-json\/wp\/v2\/media\/15981"}],"wp:attachment":[{"href":"https:\/\/armintour.com\/es\/wp-json\/wp\/v2\/media?parent=25029"}],"curies":[{"name":"wp","href":"https:\/\/api.w.org\/{rel}","templated":true}]}}