{"id":15237,"date":"2022-12-29T22:29:12","date_gmt":"2022-12-29T18:29:12","guid":{"rendered":"https:\/\/intour.lizin.am\/vayots-dzor-marz\/"},"modified":"2023-01-22T18:51:48","modified_gmt":"2023-01-22T14:51:48","slug":"vayots-dzor-marz","status":"publish","type":"page","link":"https:\/\/armintour.com\/fr\/vayots-dzor-marz\/","title":{"rendered":"Vayots Dzor Marz"},"content":{"rendered":"<section class=\"l-section wpb_row height_small\"><div class=\"l-section-h i-cf\"><div class=\"g-cols vc_row via_grid cols_1 laptops-cols_inherit tablets-cols_inherit mobiles-cols_1 valign_top type_default stacking_default\"><div class=\"wpb_column vc_column_container\"><div class=\"vc_column-inner\"><div class=\"wpb_text_column\"><div class=\"wpb_wrapper\"><p><strong>Territoire:<\/strong> 2308 km\u00b2<br \/>\n<strong>Les terres agricoles:<\/strong> 75939 ha<br \/>\n<strong>Y compris les terres arables:<\/strong> 19857 ha<br \/>\n<strong>Population:<\/strong> 50,800 (milliiers de personnes 2016)<\/p>\n<\/div><\/div><\/div><\/div><\/div><\/div><\/section><section class=\"l-section wpb_row height_small\"><div class=\"l-section-h i-cf\"><div class=\"g-cols vc_row via_grid cols_1 laptops-cols_inherit tablets-cols_inherit mobiles-cols_1 valign_top type_default stacking_default\"><div class=\"wpb_column vc_column_container\"><div class=\"vc_column-inner\"><div class=\"wpb_text_column\"><div class=\"wpb_wrapper\"><p>Vayots Dzor est l\u2019un des marzes sud de l\u2019Arm\u00e9nie. La plus grande partie de son territoire sont des hautes terres sans bois et seulement 20% du sol est cultiv\u00e9. La province est 1000-2300 m de haut au-dessus du niveau de la mer. Les fleuves Yeghegia et Arpa coulent le long du territoire de la marz. Le centre de marz Yeghegnadzor est situ\u00e9 sur la rive de la rivi\u00e8re Arpa.<br \/>\nEn Yeghegnadzor il ya des monuments conserv\u00e9s de I mill\u00e9naire avant J.C. \u00e0 XVII c. et il se trouve le Mus\u00e9e d\u2019ethnographie r\u00e9gionale.<br \/>\nIl y a aussi une galerie d\u2019art, un parc nomm\u00e9 d\u2019apr\u00e8s Momik et sur les hautes terres de l\u2019Est est situ\u00e9e l\u2019Universit\u00e9 de Gladzor avec son mus\u00e9e de l\u2019histoire, cr\u00e9\u00e9 en XIII-XIV cc.<br \/>\nLe complexe du monast\u00e8re de Noravank (XII-XVI cc.) est situ\u00e9 dans Noravank canyon, dans la partie sud de la marz. Le canyon est riche d\u2019une flore rares, gerbes m\u00e9dicaux, des fruits sauvages, des ressorts et des animaux diff\u00e9rents. Il y a un Parc National, o\u00f9 un groupe de grottes pr\u00e9sentant certaines int\u00e9r\u00eat sp\u00e9l\u00e9ologique.<br \/>\nDans le marz, vous trouverez \u00e9galement plusieurs vestiges de colonies anciennes que Yeghegis (V-XIII cc.), Mogh (II mill\u00e9naire avant J.C.-XV c. A.D.), le c\u00e9l\u00e8bre Proshaberd (XIII c.), Smbataberd (X-XIII c. ) de la forteresse de Berdakar (Vc.) et la forteresse de Kechout (X-XIV cc.).<br \/>\nJermuk est une petite station baln\u00e9aire dans la zone de conditions climatiques favorables, avec des \u00e9t\u00e9s frais et des hivers doux. Jermuk est entour\u00e9e de bois et les prairies alpines. La station d\u2019internationale c\u00e9l\u00e8brit\u00e9e et d\u2019importance est \u00e0 la hauteur de 2080m au-dessus du niveau de la mer, sur la rivi\u00e8re Arpa.<\/p>\n<\/div><\/div><\/div><\/div><\/div><\/div><\/section><section class=\"l-section wpb_row height_small\"><div class=\"l-section-h i-cf\"><div class=\"g-cols vc_row via_grid cols_1 laptops-cols_inherit tablets-cols_inherit mobiles-cols_1 valign_top type_default stacking_default\"><div class=\"wpb_column vc_column_container\"><div class=\"vc_column-inner\"><div class=\"w-slider style_none fit_contain nav_dots count_27\"><div class=\"w-slider-h\" aria-hidden=\"true\"><div class=\"royalSlider\"><div class=\"rsContent\"><a class=\"rsImg\" data-rsw=\"2000\" data-rsh=\"1339\" data-rsBigImg=\"https:\/\/armintour.com\/wp-content\/uploads\/2022\/12\/Lucy-Yeghegnadzor.jpg\" href=\"https:\/\/armintour.com\/wp-content\/uploads\/2022\/12\/Lucy-Yeghegnadzor.jpg\"><span data-alt=\"\"><\/span><\/a><\/div><div class=\"rsContent\"><a class=\"rsImg\" data-rsw=\"2048\" data-rsh=\"1365\" data-rsBigImg=\"https:\/\/armintour.com\/wp-content\/uploads\/2022\/12\/Noravank-Monastery-.jpg\" href=\"https:\/\/armintour.com\/wp-content\/uploads\/2022\/12\/Noravank-Monastery-.jpg\"><span data-alt=\"\"><\/span><\/a><\/div><div class=\"rsContent\"><a class=\"rsImg\" data-rsw=\"1200\" data-rsh=\"943\" data-rsBigImg=\"https:\/\/armintour.com\/wp-content\/uploads\/2022\/12\/1-2.jpg\" href=\"https:\/\/armintour.com\/wp-content\/uploads\/2022\/12\/1-2.jpg\"><span data-alt=\"\"><\/span><\/a><\/div><div class=\"rsContent\"><a class=\"rsImg\" data-rsw=\"2048\" data-rsh=\"1365\" data-rsBigImg=\"https:\/\/armintour.com\/wp-content\/uploads\/2022\/12\/14753794_1175686029191654_623428914086309795_o.jpg\" href=\"https:\/\/armintour.com\/wp-content\/uploads\/2022\/12\/14753794_1175686029191654_623428914086309795_o.jpg\"><span data-alt=\"\"><\/span><\/a><\/div><div class=\"rsContent\"><a class=\"rsImg\" data-rsw=\"800\" data-rsh=\"600\" data-rsBigImg=\"https:\/\/armintour.com\/wp-content\/uploads\/2022\/12\/a-monastery-and-monastic-brotherhood.jpg\" href=\"https:\/\/armintour.com\/wp-content\/uploads\/2022\/12\/a-monastery-and-monastic-brotherhood.jpg\"><span data-alt=\"\"><\/span><\/a><\/div><div class=\"rsContent\"><a class=\"rsImg\" data-rsw=\"1250\" data-rsh=\"834\" data-rsBigImg=\"https:\/\/armintour.com\/wp-content\/uploads\/2022\/12\/Noravank.jpg\" href=\"https:\/\/armintour.com\/wp-content\/uploads\/2022\/12\/Noravank.jpg\"><span data-alt=\"\"><\/span><\/a><\/div><div class=\"rsContent\"><a class=\"rsImg\" data-rsw=\"1400\" data-rsh=\"600\" data-rsBigImg=\"https:\/\/armintour.com\/wp-content\/uploads\/2022\/12\/Vayots-Dzor-Noravank-1.jpg\" href=\"https:\/\/armintour.com\/wp-content\/uploads\/2022\/12\/Vayots-Dzor-Noravank-1.jpg\"><span data-alt=\"\"><\/span><\/a><\/div><div class=\"rsContent\"><a class=\"rsImg\" data-rsw=\"2000\" data-rsh=\"1333\" data-rsBigImg=\"https:\/\/armintour.com\/wp-content\/uploads\/2022\/12\/Arpa_river_Landscape_from_Jermuk_Armenia.jpg\" href=\"https:\/\/armintour.com\/wp-content\/uploads\/2022\/12\/Arpa_river_Landscape_from_Jermuk_Armenia.jpg\"><span data-alt=\"\"><\/span><\/a><\/div><div class=\"rsContent\"><a class=\"rsImg\" data-rsw=\"2000\" data-rsh=\"1500\" data-rsBigImg=\"https:\/\/armintour.com\/wp-content\/uploads\/2022\/12\/berdakar-mountain.jpg\" href=\"https:\/\/armintour.com\/wp-content\/uploads\/2022\/12\/berdakar-mountain.jpg\"><span data-alt=\"\"><\/span><\/a><\/div><div class=\"rsContent\"><a class=\"rsImg\" data-rsw=\"1200\" data-rsh=\"900\" data-rsBigImg=\"https:\/\/armintour.com\/wp-content\/uploads\/2022\/12\/gladzor-university-historical.jpg\" href=\"https:\/\/armintour.com\/wp-content\/uploads\/2022\/12\/gladzor-university-historical.jpg\"><span data-alt=\"\"><\/span><\/a><\/div><div class=\"rsContent\"><a class=\"rsImg\" data-rsw=\"1125\" data-rsh=\"1500\" data-rsBigImg=\"https:\/\/armintour.com\/wp-content\/uploads\/2022\/12\/gladzor-university-historical-1.jpg\" href=\"https:\/\/armintour.com\/wp-content\/uploads\/2022\/12\/gladzor-university-historical-1.jpg\"><span data-alt=\"\"><\/span><\/a><\/div><div class=\"rsContent\"><a class=\"rsImg\" data-rsw=\"1200\" data-rsh=\"1200\" data-rsBigImg=\"https:\/\/armintour.com\/wp-content\/uploads\/2022\/12\/gladzor-university-historical-2.jpg\" href=\"https:\/\/armintour.com\/wp-content\/uploads\/2022\/12\/gladzor-university-historical-2.jpg\"><span data-alt=\"\"><\/span><\/a><\/div><div class=\"rsContent\"><a class=\"rsImg\" data-rsw=\"2000\" data-rsh=\"1500\" data-rsBigImg=\"https:\/\/armintour.com\/wp-content\/uploads\/2022\/12\/jermouk_canyon.jpg\" href=\"https:\/\/armintour.com\/wp-content\/uploads\/2022\/12\/jermouk_canyon.jpg\"><span data-alt=\"\"><\/span><\/a><\/div><div class=\"rsContent\"><a class=\"rsImg\" data-rsw=\"2000\" data-rsh=\"1333\" data-rsBigImg=\"https:\/\/armintour.com\/wp-content\/uploads\/2022\/12\/Jermuk_Waterfall.jpg\" href=\"https:\/\/armintour.com\/wp-content\/uploads\/2022\/12\/Jermuk_Waterfall.jpg\"><span data-alt=\"\"><\/span><\/a><\/div><div class=\"rsContent\"><a class=\"rsImg\" data-rsw=\"1200\" data-rsh=\"799\" data-rsBigImg=\"https:\/\/armintour.com\/wp-content\/uploads\/2022\/12\/Proshaberd-XIII-c..jpg\" href=\"https:\/\/armintour.com\/wp-content\/uploads\/2022\/12\/Proshaberd-XIII-c..jpg\"><span data-alt=\"\"><\/span><\/a><\/div><div class=\"rsContent\"><a class=\"rsImg\" data-rsw=\"2000\" data-rsh=\"1500\" data-rsBigImg=\"https:\/\/armintour.com\/wp-content\/uploads\/2022\/12\/Reka_Arpa.jpg\" href=\"https:\/\/armintour.com\/wp-content\/uploads\/2022\/12\/Reka_Arpa.jpg\"><span data-alt=\"\"><\/span><\/a><\/div><div class=\"rsContent\"><a class=\"rsImg\" data-rsw=\"2000\" data-rsh=\"1339\" data-rsBigImg=\"https:\/\/armintour.com\/wp-content\/uploads\/2022\/12\/Shatin-Yeghegis.jpg\" href=\"https:\/\/armintour.com\/wp-content\/uploads\/2022\/12\/Shatin-Yeghegis.jpg\"><span data-alt=\"\"><\/span><\/a><\/div><div class=\"rsContent\"><a class=\"rsImg\" data-rsw=\"900\" data-rsh=\"600\" data-rsBigImg=\"https:\/\/armintour.com\/wp-content\/uploads\/2022\/12\/Smbataberd.jpg\" href=\"https:\/\/armintour.com\/wp-content\/uploads\/2022\/12\/Smbataberd.jpg\"><span data-alt=\"\"><\/span><\/a><\/div><div class=\"rsContent\"><a class=\"rsImg\" data-rsw=\"800\" data-rsh=\"594\" data-rsBigImg=\"https:\/\/armintour.com\/wp-content\/uploads\/2022\/12\/Things-to-do-in-Yeghegnadzor-4.jpg\" href=\"https:\/\/armintour.com\/wp-content\/uploads\/2022\/12\/Things-to-do-in-Yeghegnadzor-4.jpg\"><span data-alt=\"\"><\/span><\/a><\/div><div class=\"rsContent\"><a class=\"rsImg\" data-rsw=\"900\" data-rsh=\"600\" data-rsBigImg=\"https:\/\/armintour.com\/wp-content\/uploads\/2022\/12\/vayots-dzor.jpg\" href=\"https:\/\/armintour.com\/wp-content\/uploads\/2022\/12\/vayots-dzor.jpg\"><span data-alt=\"\"><\/span><\/a><\/div><div class=\"rsContent\"><a class=\"rsImg\" data-rsw=\"1024\" data-rsh=\"683\" data-rsBigImg=\"https:\/\/armintour.com\/wp-content\/uploads\/2022\/12\/Vayots-Dzor-2.jpg\" href=\"https:\/\/armintour.com\/wp-content\/uploads\/2022\/12\/Vayots-Dzor-2.jpg\"><span data-alt=\"\"><\/span><\/a><\/div><div class=\"rsContent\"><a class=\"rsImg\" data-rsw=\"1200\" data-rsh=\"800\" data-rsBigImg=\"https:\/\/armintour.com\/wp-content\/uploads\/2022\/12\/Vayots-Dzor-Noravank-3.jpg\" href=\"https:\/\/armintour.com\/wp-content\/uploads\/2022\/12\/Vayots-Dzor-Noravank-3.jpg\"><span data-alt=\"\"><\/span><\/a><\/div><div class=\"rsContent\"><a class=\"rsImg\" data-rsw=\"2000\" data-rsh=\"748\" data-rsBigImg=\"https:\/\/armintour.com\/wp-content\/uploads\/2022\/12\/Village_armenien_Yeghegnadzor.jpg\" href=\"https:\/\/armintour.com\/wp-content\/uploads\/2022\/12\/Village_armenien_Yeghegnadzor.jpg\"><span data-alt=\"\"><\/span><\/a><\/div><div class=\"rsContent\"><a class=\"rsImg\" data-rsw=\"1650\" data-rsh=\"1093\" data-rsBigImg=\"https:\/\/armintour.com\/wp-content\/uploads\/2022\/12\/Yeghegis-1.jpeg\" href=\"https:\/\/armintour.com\/wp-content\/uploads\/2022\/12\/Yeghegis-1.jpeg\"><span data-alt=\"\"><\/span><\/a><\/div><div class=\"rsContent\"><a class=\"rsImg\" data-rsw=\"1440\" data-rsh=\"1438\" data-rsBigImg=\"https:\/\/armintour.com\/wp-content\/uploads\/2022\/12\/yeghegnadzor-Art-Gallery.jpg\" href=\"https:\/\/armintour.com\/wp-content\/uploads\/2022\/12\/yeghegnadzor-Art-Gallery.jpg\"><span data-alt=\"\"><\/span><\/a><\/div><div class=\"rsContent\"><a class=\"rsImg\" data-rsw=\"1080\" data-rsh=\"608\" data-rsBigImg=\"https:\/\/armintour.com\/wp-content\/uploads\/2022\/12\/Yeghegnadzor-Regional-Museum.jpg\" href=\"https:\/\/armintour.com\/wp-content\/uploads\/2022\/12\/Yeghegnadzor-Regional-Museum.jpg\"><span data-alt=\"\"><\/span><\/a><\/div><div class=\"rsContent\"><a class=\"rsImg\" data-rsw=\"952\" data-rsh=\"535\" data-rsBigImg=\"https:\/\/armintour.com\/wp-content\/uploads\/2022\/12\/Yeghegnadzor_landscape3.jpg\" href=\"https:\/\/armintour.com\/wp-content\/uploads\/2022\/12\/Yeghegnadzor_landscape3.jpg\"><span data-alt=\"\"><\/span><\/a><\/div><\/div><img decoding=\"async\" src=\"https:\/\/armintour.com\/wp-content\/uploads\/2022\/12\/Lucy-Yeghegnadzor.jpg\" width=\"2000\" height=\"1339\" alt loading=\"lazy\"><\/div><div class=\"w-slider-json\" onclick='return {&quot;autoScaleSlider&quot;:true,&quot;addActiveClass&quot;:true,&quot;loop&quot;:true,&quot;fadeInLoadedSlide&quot;:false,&quot;slidesSpacing&quot;:0,&quot;imageScalePadding&quot;:0,&quot;numImagesToPreload&quot;:2,&quot;arrowsNav&quot;:false,&quot;arrowsNavAutoHide&quot;:false,&quot;transitionType&quot;:&quot;move&quot;,&quot;transitionSpeed&quot;:250,&quot;block&quot;:{&quot;moveEffect&quot;:&quot;none&quot;,&quot;speed&quot;:300},&quot;thumbs&quot;:{&quot;fitInViewport&quot;:false,&quot;firstMargin&quot;:false,&quot;spacing&quot;:4},&quot;controlNavigation&quot;:&quot;bullets&quot;,&quot;autoplay&quot;:{&quot;enabled&quot;:true,&quot;pauseOnHover&quot;:false,&quot;delay&quot;:3000},&quot;fullscreen&quot;:{&quot;enabled&quot;:true},&quot;autoScaleSliderWidth&quot;:2000,&quot;autoScaleSliderHeight&quot;:1339}'><\/div><\/div><\/div><\/div><\/div><\/div><\/section>\n","protected":false},"excerpt":{"rendered":"Territoire: 2308 km\u00b2 Les terres agricoles: 75939 ha Y compris les terres arables: 19857 ha Population: 50,800 (milliiers de personnes 2016) Vayots Dzor est l\u2019un des marzes sud de l\u2019Arm\u00e9nie. La plus grande partie de son territoire sont des hautes terres sans bois et seulement 20% du sol est cultiv\u00e9. La province est 1000-2300 m...","protected":false},"author":1,"featured_media":15133,"parent":0,"menu_order":0,"comment_status":"closed","ping_status":"closed","template":"","meta":{"footnotes":""},"class_list":["post-15237","page","type-page","status-publish","has-post-thumbnail","hentry"],"_links":{"self":[{"href":"https:\/\/armintour.com\/fr\/wp-json\/wp\/v2\/pages\/15237","targetHints":{"allow":["GET"]}}],"collection":[{"href":"https:\/\/armintour.com\/fr\/wp-json\/wp\/v2\/pages"}],"about":[{"href":"https:\/\/armintour.com\/fr\/wp-json\/wp\/v2\/types\/page"}],"author":[{"embeddable":true,"href":"https:\/\/armintour.com\/fr\/wp-json\/wp\/v2\/users\/1"}],"replies":[{"embeddable":true,"href":"https:\/\/armintour.com\/fr\/wp-json\/wp\/v2\/comments?post=15237"}],"version-history":[{"count":2,"href":"https:\/\/armintour.com\/fr\/wp-json\/wp\/v2\/pages\/15237\/revisions"}],"predecessor-version":[{"id":24718,"href":"https:\/\/armintour.com\/fr\/wp-json\/wp\/v2\/pages\/15237\/revisions\/24718"}],"wp:featuredmedia":[{"embeddable":true,"href":"https:\/\/armintour.com\/fr\/wp-json\/wp\/v2\/media\/15133"}],"wp:attachment":[{"href":"https:\/\/armintour.com\/fr\/wp-json\/wp\/v2\/media?parent=15237"}],"curies":[{"name":"wp","href":"https:\/\/api.w.org\/{rel}","templated":true}]}}