{"id":15376,"date":"2022-12-29T23:26:54","date_gmt":"2022-12-29T19:26:54","guid":{"rendered":"https:\/\/intour.lizin.am\/tavush-marz\/"},"modified":"2023-01-22T18:53:50","modified_gmt":"2023-01-22T14:53:50","slug":"tavush-marz","status":"publish","type":"page","link":"https:\/\/armintour.com\/fr\/tavush-marz\/","title":{"rendered":"Tavush Marz"},"content":{"rendered":"<section class=\"l-section wpb_row height_small\"><div class=\"l-section-h i-cf\"><div class=\"g-cols vc_row via_grid cols_1 laptops-cols_inherit tablets-cols_inherit mobiles-cols_1 valign_top type_default stacking_default\"><div class=\"wpb_column vc_column_container\"><div class=\"vc_column-inner\"><div class=\"wpb_text_column\"><div class=\"wpb_wrapper\"><p><strong>Territoire:<\/strong> 2704 km\u00b2<br \/>\n<strong>Les terres:<\/strong> agricoles 93574 ha<br \/>\n<strong>Y compris les terres arables:<\/strong> 27294 ha<br \/>\n<strong>Population:<\/strong> 125,500 milliers de personnes (2016)<\/p>\n<\/div><\/div><\/div><\/div><\/div><\/div><\/section><section class=\"l-section wpb_row height_small\"><div class=\"l-section-h i-cf\"><div class=\"g-cols vc_row via_grid cols_1 laptops-cols_inherit tablets-cols_inherit mobiles-cols_1 valign_top type_default stacking_default\"><div class=\"wpb_column vc_column_container\"><div class=\"vc_column-inner\"><div class=\"wpb_text_column\"><div class=\"wpb_wrapper\"><p>Le marz de Tavoush est situ\u00e9 dans la partie nord de l\u2019Arm\u00e9nie. La plupart de la partie du territoire se trouve sur la hauteur de 800-1700 m au-dessus du niveau de la mer. Les paysages sont majoritairement bois\u00e9- montagneuse et s\u00e8che des prairies de montagne. Les bois se trouvent le long des collines \u00e0 la hauteur de 600-2900 m au-dessus du niveau de la mer avec plus de 120 sortes d\u2019arbres: plage-arbre, ch\u00eane, noisetier, prise d\u2019arbres, etc. La faune est aussi riche ici et vous pouvez y rencontrer un ours brun, un sanglier, un renard, un loup, une martre, etc. Il y a 40 sortes d\u2019oiseaux ici.<\/p>\n<p>Ijevan est le centre du marz. Au cours des fouilles et des constructions o\u00fb se trouvent des champs de tombeaux et des forteresses de II-I mill\u00e9naire avant J.C. t\u00e9moignant du fait que le territoire a \u00e9t\u00e9 habit\u00e9 depuis les temps anciens. Les villages m\u00e9di\u00e9vaux, les forteresses et les complexes monastiques conserv\u00e9s dans le quartier de Ijevan, viennent de prouver que la vall\u00e9e a \u00e9t\u00e9 peupl\u00e9e au au d\u00e9but du Moyen-Age.<\/p>\n<p>Une des villes les plus florissantes de l\u2019Arm\u00e9nie est Dilijan, une station de sant\u00e9 c\u00e9l\u00e8bre et culturel. Il y a plusieurs stations et h\u00f4tels, o\u00f9 l\u2019on peut traiter pulmonaire, gastro-intestinal, les douleurs abdominales, le foie et d\u2019autres maladies, des troubles m\u00e9taboliques et leuc\u00e9miques. Il y a pr\u00e8s de 20 sources d\u2019eau min\u00e9rale dans le voisinage des villes d\u2019Ijevan et de Dilijan.<\/p>\n<p>Construit dans les coins les plus attrayants de la nature des complexes monastiques de Goshavank (XII-XIII cc.), Haghartsin (XI-XIII cc.), Makaravank (XI-XIII cc.), Voskepar (VI-VII cc.) et d\u2019autres divers monuments sont consid\u00e9r\u00e9s comme des ornements de Tavoush. Les forteresses cach\u00e9es dans les nuages \u200b\u200ben haut dans les montagnes sont de la beaut\u00e9 fascinante.<\/p>\n<\/div><\/div><\/div><\/div><\/div><\/div><\/section><section class=\"l-section wpb_row height_small\"><div class=\"l-section-h i-cf\"><div class=\"g-cols vc_row via_grid cols_1 laptops-cols_inherit tablets-cols_inherit mobiles-cols_1 valign_top type_default stacking_default\"><div class=\"wpb_column vc_column_container\"><div class=\"vc_column-inner\"><div class=\"w-slider style_none fit_contain nav_dots count_16\"><div class=\"w-slider-h\" aria-hidden=\"true\"><div class=\"royalSlider\"><div class=\"rsContent\"><a class=\"rsImg\" data-rsw=\"1080\" data-rsh=\"1080\" data-rsBigImg=\"https:\/\/armintour.com\/wp-content\/uploads\/2022\/12\/Ijevan.jpg\" href=\"https:\/\/armintour.com\/wp-content\/uploads\/2022\/12\/Ijevan.jpg\"><span data-alt=\"\"><\/span><\/a><\/div><div class=\"rsContent\"><a class=\"rsImg\" data-rsw=\"1599\" data-rsh=\"1066\" data-rsBigImg=\"https:\/\/armintour.com\/wp-content\/uploads\/2022\/12\/Lastiver_ijevan.jpg\" href=\"https:\/\/armintour.com\/wp-content\/uploads\/2022\/12\/Lastiver_ijevan.jpg\"><span data-alt=\"\"><\/span><\/a><\/div><div class=\"rsContent\"><a class=\"rsImg\" data-rsw=\"1200\" data-rsh=\"800\" data-rsBigImg=\"https:\/\/armintour.com\/wp-content\/uploads\/2022\/12\/Dilijan.jpeg\" href=\"https:\/\/armintour.com\/wp-content\/uploads\/2022\/12\/Dilijan.jpeg\"><span data-alt=\"\"><\/span><\/a><\/div><div class=\"rsContent\"><a class=\"rsImg\" data-rsw=\"1067\" data-rsh=\"800\" data-rsBigImg=\"https:\/\/armintour.com\/wp-content\/uploads\/2022\/12\/Berdavank_fortress_09.jpg\" href=\"https:\/\/armintour.com\/wp-content\/uploads\/2022\/12\/Berdavank_fortress_09.jpg\"><span data-alt=\"\"><\/span><\/a><\/div><div class=\"rsContent\"><a class=\"rsImg\" data-rsw=\"2000\" data-rsh=\"1338\" data-rsBigImg=\"https:\/\/armintour.com\/wp-content\/uploads\/2022\/12\/Ijevan-1-1.jpg\" href=\"https:\/\/armintour.com\/wp-content\/uploads\/2022\/12\/Ijevan-1-1.jpg\"><span data-alt=\"\"><\/span><\/a><\/div><div class=\"rsContent\"><a class=\"rsImg\" data-rsw=\"600\" data-rsh=\"800\" data-rsBigImg=\"https:\/\/armintour.com\/wp-content\/uploads\/2022\/12\/Voskepar-Jukhak.jpg\" href=\"https:\/\/armintour.com\/wp-content\/uploads\/2022\/12\/Voskepar-Jukhak.jpg\"><span data-alt=\"\"><\/span><\/a><\/div><div class=\"rsContent\"><a class=\"rsImg\" data-rsw=\"1200\" data-rsh=\"800\" data-rsBigImg=\"https:\/\/armintour.com\/wp-content\/uploads\/2022\/12\/Voskepar_Fortress_07.jpg\" href=\"https:\/\/armintour.com\/wp-content\/uploads\/2022\/12\/Voskepar_Fortress_07.jpg\"><span data-alt=\"\"><\/span><\/a><\/div><div class=\"rsContent\"><a class=\"rsImg\" data-rsw=\"1200\" data-rsh=\"800\" data-rsBigImg=\"https:\/\/armintour.com\/wp-content\/uploads\/2022\/12\/Makaravank.jpeg\" href=\"https:\/\/armintour.com\/wp-content\/uploads\/2022\/12\/Makaravank.jpeg\"><span data-alt=\"\"><\/span><\/a><\/div><div class=\"rsContent\"><a class=\"rsImg\" data-rsw=\"2000\" data-rsh=\"1500\" data-rsBigImg=\"https:\/\/armintour.com\/wp-content\/uploads\/2022\/12\/Voskepar_Church.jpg\" href=\"https:\/\/armintour.com\/wp-content\/uploads\/2022\/12\/Voskepar_Church.jpg\"><span data-alt=\"\"><\/span><\/a><\/div><div class=\"rsContent\"><a class=\"rsImg\" data-rsw=\"1196\" data-rsh=\"800\" data-rsBigImg=\"https:\/\/armintour.com\/wp-content\/uploads\/2022\/12\/parz.jpeg\" href=\"https:\/\/armintour.com\/wp-content\/uploads\/2022\/12\/parz.jpeg\"><span data-alt=\"\"><\/span><\/a><\/div><div class=\"rsContent\"><a class=\"rsImg\" data-rsw=\"1280\" data-rsh=\"853\" data-rsBigImg=\"https:\/\/armintour.com\/wp-content\/uploads\/2022\/12\/Dilizhan.jpg\" href=\"https:\/\/armintour.com\/wp-content\/uploads\/2022\/12\/Dilizhan.jpg\"><span data-alt=\"\"><\/span><\/a><\/div><div class=\"rsContent\"><a class=\"rsImg\" data-rsw=\"1200\" data-rsh=\"800\" data-rsBigImg=\"https:\/\/armintour.com\/wp-content\/uploads\/2022\/12\/Gosh-lake.jpeg\" href=\"https:\/\/armintour.com\/wp-content\/uploads\/2022\/12\/Gosh-lake.jpeg\"><span data-alt=\"\"><\/span><\/a><\/div><div class=\"rsContent\"><a class=\"rsImg\" data-rsw=\"1920\" data-rsh=\"1080\" data-rsBigImg=\"https:\/\/armintour.com\/wp-content\/uploads\/2022\/12\/Haghartsin.jpg\" href=\"https:\/\/armintour.com\/wp-content\/uploads\/2022\/12\/Haghartsin.jpg\"><span data-alt=\"\"><\/span><\/a><\/div><div class=\"rsContent\"><a class=\"rsImg\" data-rsw=\"2000\" data-rsh=\"1342\" data-rsBigImg=\"https:\/\/armintour.com\/wp-content\/uploads\/2022\/12\/Gosh-lake-2.jpg\" href=\"https:\/\/armintour.com\/wp-content\/uploads\/2022\/12\/Gosh-lake-2.jpg\"><span data-alt=\"\"><\/span><\/a><\/div><div class=\"rsContent\"><a class=\"rsImg\" data-rsw=\"1239\" data-rsh=\"826\" data-rsBigImg=\"https:\/\/armintour.com\/wp-content\/uploads\/2022\/12\/Gosh.jpg\" href=\"https:\/\/armintour.com\/wp-content\/uploads\/2022\/12\/Gosh.jpg\"><span data-alt=\"\"><\/span><\/a><\/div><div class=\"rsContent\"><a class=\"rsImg\" data-rsw=\"2000\" data-rsh=\"1288\" data-rsBigImg=\"https:\/\/armintour.com\/wp-content\/uploads\/2022\/12\/Goshavank.jpg\" href=\"https:\/\/armintour.com\/wp-content\/uploads\/2022\/12\/Goshavank.jpg\"><span data-alt=\"\"><\/span><\/a><\/div><\/div><img decoding=\"async\" src=\"https:\/\/armintour.com\/wp-content\/uploads\/2022\/12\/Ijevan.jpg\" width=\"1080\" height=\"1080\" alt loading=\"lazy\"><\/div><div class=\"w-slider-json\" onclick='return {&quot;autoScaleSlider&quot;:true,&quot;addActiveClass&quot;:true,&quot;loop&quot;:true,&quot;fadeInLoadedSlide&quot;:false,&quot;slidesSpacing&quot;:0,&quot;imageScalePadding&quot;:0,&quot;numImagesToPreload&quot;:2,&quot;arrowsNav&quot;:false,&quot;arrowsNavAutoHide&quot;:false,&quot;transitionType&quot;:&quot;move&quot;,&quot;transitionSpeed&quot;:250,&quot;block&quot;:{&quot;moveEffect&quot;:&quot;none&quot;,&quot;speed&quot;:300},&quot;thumbs&quot;:{&quot;fitInViewport&quot;:false,&quot;firstMargin&quot;:false,&quot;spacing&quot;:4},&quot;controlNavigation&quot;:&quot;bullets&quot;,&quot;autoplay&quot;:{&quot;enabled&quot;:true,&quot;pauseOnHover&quot;:false,&quot;delay&quot;:3000},&quot;fullscreen&quot;:{&quot;enabled&quot;:true},&quot;autoScaleSliderWidth&quot;:1080,&quot;autoScaleSliderHeight&quot;:1080}'><\/div><\/div><\/div><\/div><\/div><\/div><\/section>\n","protected":false},"excerpt":{"rendered":"Territoire: 2704 km\u00b2 Les terres: agricoles 93574 ha Y compris les terres arables: 27294 ha Population: 125,500 milliers de personnes (2016) Le marz de Tavoush est situ\u00e9 dans la partie nord de l\u2019Arm\u00e9nie. La plupart de la partie du territoire se trouve sur la hauteur de 800-1700 m au-dessus du niveau de la mer. Les...","protected":false},"author":1,"featured_media":15368,"parent":0,"menu_order":0,"comment_status":"closed","ping_status":"closed","template":"","meta":{"footnotes":""},"class_list":["post-15376","page","type-page","status-publish","has-post-thumbnail","hentry"],"_links":{"self":[{"href":"https:\/\/armintour.com\/fr\/wp-json\/wp\/v2\/pages\/15376","targetHints":{"allow":["GET"]}}],"collection":[{"href":"https:\/\/armintour.com\/fr\/wp-json\/wp\/v2\/pages"}],"about":[{"href":"https:\/\/armintour.com\/fr\/wp-json\/wp\/v2\/types\/page"}],"author":[{"embeddable":true,"href":"https:\/\/armintour.com\/fr\/wp-json\/wp\/v2\/users\/1"}],"replies":[{"embeddable":true,"href":"https:\/\/armintour.com\/fr\/wp-json\/wp\/v2\/comments?post=15376"}],"version-history":[{"count":3,"href":"https:\/\/armintour.com\/fr\/wp-json\/wp\/v2\/pages\/15376\/revisions"}],"predecessor-version":[{"id":24726,"href":"https:\/\/armintour.com\/fr\/wp-json\/wp\/v2\/pages\/15376\/revisions\/24726"}],"wp:featuredmedia":[{"embeddable":true,"href":"https:\/\/armintour.com\/fr\/wp-json\/wp\/v2\/media\/15368"}],"wp:attachment":[{"href":"https:\/\/armintour.com\/fr\/wp-json\/wp\/v2\/media?parent=15376"}],"curies":[{"name":"wp","href":"https:\/\/api.w.org\/{rel}","templated":true}]}}