{"id":15538,"date":"2022-12-30T00:02:11","date_gmt":"2022-12-29T20:02:11","guid":{"rendered":"https:\/\/intour.lizin.am\/syunik-marz\/"},"modified":"2023-01-22T18:41:08","modified_gmt":"2023-01-22T14:41:08","slug":"syunik-marz","status":"publish","type":"page","link":"https:\/\/armintour.com\/fr\/syunik-marz\/","title":{"rendered":"Syunik Marz"},"content":{"rendered":"<section class=\"l-section wpb_row height_small\"><div class=\"l-section-h i-cf\"><div class=\"g-cols vc_row via_grid cols_1 laptops-cols_inherit tablets-cols_inherit mobiles-cols_1 valign_top type_default stacking_default\"><div class=\"wpb_column vc_column_container\"><div class=\"vc_column-inner\"><div class=\"wpb_text_column\"><div class=\"wpb_wrapper\"><p><strong>Territory:<\/strong> 4506 km\u00b2<br \/>\n<strong>Agricultural land:<\/strong> 187792 ha<br \/>\n<strong>Including arable land:<\/strong> 46757 ha<br \/>\n<strong>Population:<\/strong> 139,400 (as of 2016)<\/p>\n<\/div><\/div><\/div><\/div><\/div><\/div><\/section><section class=\"l-section wpb_row height_small\"><div class=\"l-section-h i-cf\"><div class=\"g-cols vc_row via_grid cols_1 laptops-cols_inherit tablets-cols_inherit mobiles-cols_1 valign_top type_default stacking_default\"><div class=\"wpb_column vc_column_container\"><div class=\"vc_column-inner\"><div class=\"wpb_text_column\"><div class=\"wpb_wrapper\"><p>Le marz de Syunik est consid\u00e9r\u00e9 comme le sud portes de l\u2019Arm\u00e9nie, entour\u00e9 par la cha\u00eene de montagnes de Zangezour, Meghri et Syunik de hauts plateaux. Le point culminant du marz est le sommet de Mets Ishkhanasar (3552 m.), le point le plus bas est la vall\u00e9e de la rivi\u00e8re Araxe (400 m).<br \/>\nLe centre de marz est Kapan. Situ\u00e9 \u00e0 750m au-dessus du niveau de la mer, Kapan est le centre minier de l\u2019Arm\u00e9nie, c\u00e9l\u00e8bre pour son cuivre et de molybd\u00e8ne. Goris est une ville-verger, un endroit charmant sur la rive de la rivi\u00e8re Vararik. Les photos grav\u00e9es sur les rochers en V-IV mill\u00e9naires avant J.-C. t\u00e9moignent du fait que les gens ont v\u00e9cu ici depuis des temps imm\u00e9moriaux. Vous pouvez trouver l\u2019ensemble du spectre de la faune arm\u00e9niennes dans ces images. Les pierres Zorats remontent \u00e0 II mill\u00e9naire av. J.-C. Selon les scientifiques, ils ont \u00e9t\u00e9 con\u00e7us pour les observations astronomiques.<\/p>\n<p>Le village Khndzoresk est un amphith\u00e9\u00e2tre rocheux presque \u00e0 la vertical et \u00e0 plusieurs \u00e9tages. Rien ne peut \u00eatre compar\u00e9 avec le Complexe monast\u00e8re de Tatev (IX-XIII cc.), qui domine de la hauteur de Syunik. La visite de Tatev est dispos\u00e9 sur la plus longue t\u00e9l\u00e9ph\u00e9rique, construit en 2010.<br \/>\nSyunik m\u00e9di\u00e9val \u00e9tait riche de forteresses. Baghaberd (IVs.) est la construction la plus grande de la d\u00e9fense en Arm\u00e9nie, Il est suivi par Vorotavank (V s.), forteresse de Meghri (XVII s.), un exemple unique de la fortification technique arm\u00e9nienne. La derni\u00e8re forteresse de cette cha\u00eene est la forteresse de Halidzor (XVII s.).<br \/>\nLe marz est riche en sources fra\u00eeches, douces et de nombreuses eaux min\u00e9rales. Il y a des monuments et des inscriptions sur chaque printemps qui t\u00e9moigne que la population de la marz adorent le printemps.<\/p>\n<\/div><\/div><\/div><\/div><\/div><\/div><\/section><section class=\"l-section wpb_row height_small\"><div class=\"l-section-h i-cf\"><div class=\"g-cols vc_row via_grid cols_1 laptops-cols_inherit tablets-cols_inherit mobiles-cols_1 valign_top type_default stacking_default\"><div class=\"wpb_column vc_column_container\"><div class=\"vc_column-inner\"><div class=\"w-slider style_none fit_contain nav_dots count_26\"><div class=\"w-slider-h\" aria-hidden=\"true\"><div class=\"royalSlider\"><div class=\"rsContent\"><a class=\"rsImg\" data-rsw=\"1200\" data-rsh=\"800\" data-rsBigImg=\"https:\/\/armintour.com\/wp-content\/uploads\/2022\/12\/Tatev-tramway.jpeg\" href=\"https:\/\/armintour.com\/wp-content\/uploads\/2022\/12\/Tatev-tramway.jpeg\"><span data-alt=\"\"><\/span><\/a><\/div><div class=\"rsContent\"><a class=\"rsImg\" data-rsw=\"1200\" data-rsh=\"801\" data-rsBigImg=\"https:\/\/armintour.com\/wp-content\/uploads\/2022\/12\/Tatev.jpg\" href=\"https:\/\/armintour.com\/wp-content\/uploads\/2022\/12\/Tatev.jpg\"><span data-alt=\"\"><\/span><\/a><\/div><div class=\"rsContent\"><a class=\"rsImg\" data-rsw=\"1600\" data-rsh=\"1200\" data-rsBigImg=\"https:\/\/armintour.com\/wp-content\/uploads\/2022\/12\/Goris.jpg\" href=\"https:\/\/armintour.com\/wp-content\/uploads\/2022\/12\/Goris.jpg\"><span data-alt=\"\"><\/span><\/a><\/div><div class=\"rsContent\"><a class=\"rsImg\" data-rsw=\"1700\" data-rsh=\"2333\" data-rsBigImg=\"https:\/\/armintour.com\/wp-content\/uploads\/2022\/12\/Old-Khndzoresk.jpg\" href=\"https:\/\/armintour.com\/wp-content\/uploads\/2022\/12\/Old-Khndzoresk.jpg\"><span data-alt=\"\"><\/span><\/a><\/div><div class=\"rsContent\"><a class=\"rsImg\" data-rsw=\"2000\" data-rsh=\"1330\" data-rsBigImg=\"https:\/\/armintour.com\/wp-content\/uploads\/2022\/12\/Halidzor_fortress_Syunik_Armenia_-_panoramio_9.jpg\" href=\"https:\/\/armintour.com\/wp-content\/uploads\/2022\/12\/Halidzor_fortress_Syunik_Armenia_-_panoramio_9.jpg\"><span data-alt=\"\"><\/span><\/a><\/div><div class=\"rsContent\"><a class=\"rsImg\" data-rsw=\"2000\" data-rsh=\"1055\" data-rsBigImg=\"https:\/\/armintour.com\/wp-content\/uploads\/2022\/12\/Mes-Ishkhanasar.jpg\" href=\"https:\/\/armintour.com\/wp-content\/uploads\/2022\/12\/Mes-Ishkhanasar.jpg\"><span data-alt=\"\"><\/span><\/a><\/div><div class=\"rsContent\"><a class=\"rsImg\" data-rsw=\"1200\" data-rsh=\"1200\" data-rsBigImg=\"https:\/\/armintour.com\/wp-content\/uploads\/2022\/12\/Khndzoresk-village.jpg\" href=\"https:\/\/armintour.com\/wp-content\/uploads\/2022\/12\/Khndzoresk-village.jpg\"><span data-alt=\"\"><\/span><\/a><\/div><div class=\"rsContent\"><a class=\"rsImg\" data-rsw=\"1865\" data-rsh=\"2560\" data-rsBigImg=\"https:\/\/armintour.com\/wp-content\/uploads\/2022\/12\/Khndzoresk-scaled.jpg\" href=\"https:\/\/armintour.com\/wp-content\/uploads\/2022\/12\/Khndzoresk-scaled.jpg\"><span data-alt=\"\"><\/span><\/a><\/div><div class=\"rsContent\"><a class=\"rsImg\" data-rsw=\"1200\" data-rsh=\"675\" data-rsBigImg=\"https:\/\/armintour.com\/wp-content\/uploads\/2022\/12\/fortress-of-Halidzor.jpg\" href=\"https:\/\/armintour.com\/wp-content\/uploads\/2022\/12\/fortress-of-Halidzor.jpg\"><span data-alt=\"\"><\/span><\/a><\/div><div class=\"rsContent\"><a class=\"rsImg\" data-rsw=\"1333\" data-rsh=\"1000\" data-rsBigImg=\"https:\/\/armintour.com\/wp-content\/uploads\/2022\/12\/fortress-of-Meghri.jpg\" href=\"https:\/\/armintour.com\/wp-content\/uploads\/2022\/12\/fortress-of-Meghri.jpg\"><span data-alt=\"\"><\/span><\/a><\/div><div class=\"rsContent\"><a class=\"rsImg\" data-rsw=\"1200\" data-rsh=\"800\" data-rsBigImg=\"https:\/\/armintour.com\/wp-content\/uploads\/2022\/12\/Vorotavank.jpeg\" href=\"https:\/\/armintour.com\/wp-content\/uploads\/2022\/12\/Vorotavank.jpeg\"><span data-alt=\"\"><\/span><\/a><\/div><div class=\"rsContent\"><a class=\"rsImg\" data-rsw=\"2000\" data-rsh=\"806\" data-rsBigImg=\"https:\/\/armintour.com\/wp-content\/uploads\/2022\/12\/Baghaberd-4.jpg\" href=\"https:\/\/armintour.com\/wp-content\/uploads\/2022\/12\/Baghaberd-4.jpg\"><span data-alt=\"\"><\/span><\/a><\/div><div class=\"rsContent\"><a class=\"rsImg\" data-rsw=\"1600\" data-rsh=\"1200\" data-rsBigImg=\"https:\/\/armintour.com\/wp-content\/uploads\/2022\/12\/61c2ea553437eb746cdd1764.1600x1200.jpeg\" href=\"https:\/\/armintour.com\/wp-content\/uploads\/2022\/12\/61c2ea553437eb746cdd1764.1600x1200.jpeg\"><span data-alt=\"\"><\/span><\/a><\/div><div class=\"rsContent\"><a class=\"rsImg\" data-rsw=\"1800\" data-rsh=\"1200\" data-rsBigImg=\"https:\/\/armintour.com\/wp-content\/uploads\/2022\/12\/khndzoresk-1.jpg\" href=\"https:\/\/armintour.com\/wp-content\/uploads\/2022\/12\/khndzoresk-1.jpg\"><span data-alt=\"\"><\/span><\/a><\/div><div class=\"rsContent\"><a class=\"rsImg\" data-rsw=\"1600\" data-rsh=\"1200\" data-rsBigImg=\"https:\/\/armintour.com\/wp-content\/uploads\/2022\/12\/khndzoresk2.jpg\" href=\"https:\/\/armintour.com\/wp-content\/uploads\/2022\/12\/khndzoresk2.jpg\"><span data-alt=\"\"><\/span><\/a><\/div><div class=\"rsContent\"><a class=\"rsImg\" data-rsw=\"1417\" data-rsh=\"1019\" data-rsBigImg=\"https:\/\/armintour.com\/wp-content\/uploads\/2022\/12\/Kapan.jpg\" href=\"https:\/\/armintour.com\/wp-content\/uploads\/2022\/12\/Kapan.jpg\"><span data-alt=\"\"><\/span><\/a><\/div><div class=\"rsContent\"><a class=\"rsImg\" data-rsw=\"1200\" data-rsh=\"900\" data-rsBigImg=\"https:\/\/armintour.com\/wp-content\/uploads\/2022\/12\/reka-araks.jpg\" href=\"https:\/\/armintour.com\/wp-content\/uploads\/2022\/12\/reka-araks.jpg\"><span data-alt=\"\"><\/span><\/a><\/div><div class=\"rsContent\"><a class=\"rsImg\" data-rsw=\"1446\" data-rsh=\"959\" data-rsBigImg=\"https:\/\/armintour.com\/wp-content\/uploads\/2022\/12\/18061522015413-1.jpg\" href=\"https:\/\/armintour.com\/wp-content\/uploads\/2022\/12\/18061522015413-1.jpg\"><span data-alt=\"\"><\/span><\/a><\/div><div class=\"rsContent\"><a class=\"rsImg\" data-rsw=\"1200\" data-rsh=\"800\" data-rsBigImg=\"https:\/\/armintour.com\/wp-content\/uploads\/2022\/12\/Goris.jpeg\" href=\"https:\/\/armintour.com\/wp-content\/uploads\/2022\/12\/Goris.jpeg\"><span data-alt=\"\"><\/span><\/a><\/div><div class=\"rsContent\"><a class=\"rsImg\" data-rsw=\"1200\" data-rsh=\"800\" data-rsBigImg=\"https:\/\/armintour.com\/wp-content\/uploads\/2022\/12\/Baghaberd.jpg\" href=\"https:\/\/armintour.com\/wp-content\/uploads\/2022\/12\/Baghaberd.jpg\"><span data-alt=\"\"><\/span><\/a><\/div><div class=\"rsContent\"><a class=\"rsImg\" data-rsw=\"1920\" data-rsh=\"1080\" data-rsBigImg=\"https:\/\/armintour.com\/wp-content\/uploads\/2022\/12\/Syunik.jpg\" href=\"https:\/\/armintour.com\/wp-content\/uploads\/2022\/12\/Syunik.jpg\"><span data-alt=\"\"><\/span><\/a><\/div><div class=\"rsContent\"><a class=\"rsImg\" data-rsw=\"1800\" data-rsh=\"1499\" data-rsBigImg=\"https:\/\/armintour.com\/wp-content\/uploads\/2022\/12\/Monastery-compex-of-Tatev.jpg\" href=\"https:\/\/armintour.com\/wp-content\/uploads\/2022\/12\/Monastery-compex-of-Tatev.jpg\"><span data-alt=\"\"><\/span><\/a><\/div><div class=\"rsContent\"><a class=\"rsImg\" data-rsw=\"1200\" data-rsh=\"800\" data-rsBigImg=\"https:\/\/armintour.com\/wp-content\/uploads\/2022\/12\/Karahunj-1.jpeg\" href=\"https:\/\/armintour.com\/wp-content\/uploads\/2022\/12\/Karahunj-1.jpeg\"><span data-alt=\"\"><\/span><\/a><\/div><div class=\"rsContent\"><a class=\"rsImg\" data-rsw=\"2560\" data-rsh=\"1708\" data-rsBigImg=\"https:\/\/armintour.com\/wp-content\/uploads\/2022\/12\/Karahunj-1-scaled.jpg\" href=\"https:\/\/armintour.com\/wp-content\/uploads\/2022\/12\/Karahunj-1-scaled.jpg\"><span data-alt=\"\"><\/span><\/a><\/div><div class=\"rsContent\"><a class=\"rsImg\" data-rsw=\"1524\" data-rsh=\"1022\" data-rsBigImg=\"https:\/\/armintour.com\/wp-content\/uploads\/2022\/12\/The-Zorats-stones.jpg\" href=\"https:\/\/armintour.com\/wp-content\/uploads\/2022\/12\/The-Zorats-stones.jpg\"><span data-alt=\"\"><\/span><\/a><\/div><div class=\"rsContent\"><a class=\"rsImg\" data-rsw=\"2000\" data-rsh=\"1467\" data-rsBigImg=\"https:\/\/armintour.com\/wp-content\/uploads\/2022\/12\/Karahunj-.jpg\" href=\"https:\/\/armintour.com\/wp-content\/uploads\/2022\/12\/Karahunj-.jpg\"><span data-alt=\"\"><\/span><\/a><\/div><\/div><img decoding=\"async\" src=\"https:\/\/armintour.com\/wp-content\/uploads\/2022\/12\/Tatev-tramway.jpeg\" width=\"1200\" height=\"800\" alt loading=\"lazy\"><\/div><div class=\"w-slider-json\" onclick='return {&quot;autoScaleSlider&quot;:true,&quot;addActiveClass&quot;:true,&quot;loop&quot;:true,&quot;fadeInLoadedSlide&quot;:false,&quot;slidesSpacing&quot;:0,&quot;imageScalePadding&quot;:0,&quot;numImagesToPreload&quot;:2,&quot;arrowsNav&quot;:false,&quot;arrowsNavAutoHide&quot;:false,&quot;transitionType&quot;:&quot;move&quot;,&quot;transitionSpeed&quot;:250,&quot;block&quot;:{&quot;moveEffect&quot;:&quot;none&quot;,&quot;speed&quot;:300},&quot;thumbs&quot;:{&quot;fitInViewport&quot;:false,&quot;firstMargin&quot;:false,&quot;spacing&quot;:4},&quot;controlNavigation&quot;:&quot;bullets&quot;,&quot;autoplay&quot;:{&quot;enabled&quot;:true,&quot;pauseOnHover&quot;:false,&quot;delay&quot;:3000},&quot;fullscreen&quot;:{&quot;enabled&quot;:true},&quot;autoScaleSliderWidth&quot;:1200,&quot;autoScaleSliderHeight&quot;:800}'><\/div><\/div><\/div><\/div><\/div><\/div><\/section>\n","protected":false},"excerpt":{"rendered":"Territory: 4506 km\u00b2 Agricultural land: 187792 ha Including arable land: 46757 ha Population: 139,400 (as of 2016) Le marz de Syunik est consid\u00e9r\u00e9 comme le sud portes de l\u2019Arm\u00e9nie, entour\u00e9 par la cha\u00eene de montagnes de Zangezour, Meghri et Syunik de hauts plateaux. Le point culminant du marz est le sommet de Mets Ishkhanasar (3552...","protected":false},"author":1,"featured_media":15442,"parent":0,"menu_order":0,"comment_status":"closed","ping_status":"closed","template":"","meta":{"footnotes":""},"class_list":["post-15538","page","type-page","status-publish","has-post-thumbnail","hentry"],"_links":{"self":[{"href":"https:\/\/armintour.com\/fr\/wp-json\/wp\/v2\/pages\/15538","targetHints":{"allow":["GET"]}}],"collection":[{"href":"https:\/\/armintour.com\/fr\/wp-json\/wp\/v2\/pages"}],"about":[{"href":"https:\/\/armintour.com\/fr\/wp-json\/wp\/v2\/types\/page"}],"author":[{"embeddable":true,"href":"https:\/\/armintour.com\/fr\/wp-json\/wp\/v2\/users\/1"}],"replies":[{"embeddable":true,"href":"https:\/\/armintour.com\/fr\/wp-json\/wp\/v2\/comments?post=15538"}],"version-history":[{"count":2,"href":"https:\/\/armintour.com\/fr\/wp-json\/wp\/v2\/pages\/15538\/revisions"}],"predecessor-version":[{"id":24694,"href":"https:\/\/armintour.com\/fr\/wp-json\/wp\/v2\/pages\/15538\/revisions\/24694"}],"wp:featuredmedia":[{"embeddable":true,"href":"https:\/\/armintour.com\/fr\/wp-json\/wp\/v2\/media\/15442"}],"wp:attachment":[{"href":"https:\/\/armintour.com\/fr\/wp-json\/wp\/v2\/media?parent=15538"}],"curies":[{"name":"wp","href":"https:\/\/api.w.org\/{rel}","templated":true}]}}