{"id":15644,"date":"2022-12-30T00:35:40","date_gmt":"2022-12-29T20:35:40","guid":{"rendered":"https:\/\/intour.lizin.am\/shirak-marz\/"},"modified":"2023-01-22T18:43:58","modified_gmt":"2023-01-22T14:43:58","slug":"shirak-marz","status":"publish","type":"page","link":"https:\/\/armintour.com\/fr\/shirak-marz\/","title":{"rendered":"Shirak Marz"},"content":{"rendered":"<section class=\"l-section wpb_row height_small\"><div class=\"l-section-h i-cf\"><div class=\"g-cols vc_row via_grid cols_1 laptops-cols_inherit tablets-cols_inherit mobiles-cols_1 valign_top type_default stacking_default\"><div class=\"wpb_column vc_column_container\"><div class=\"vc_column-inner\"><div class=\"wpb_text_column\"><div class=\"wpb_wrapper\"><p><strong>Territoire:<\/strong> 2681 km\u00b2<br \/>\n<strong>Les terres agricoles:<\/strong> 165737 ha<br \/>\n<strong>Y compris les terres arables:<\/strong> 84530 ha<br \/>\n<strong>Population:<\/strong> 243,200 milliers de personnes<\/p>\n<\/div><\/div><\/div><\/div><\/div><\/div><\/section><section class=\"l-section wpb_row height_small\"><div class=\"l-section-h i-cf\"><div class=\"g-cols vc_row via_grid cols_1 laptops-cols_inherit tablets-cols_inherit mobiles-cols_1 valign_top type_default stacking_default\"><div class=\"wpb_column vc_column_container\"><div class=\"vc_column-inner\"><div class=\"wpb_text_column\"><div class=\"wpb_wrapper\"><p>Le marz de Shirak est situ\u00e9 sur la rive gauche de la rivi\u00e8re Akhourian. Il est c\u00e9l\u00e8bre pour son sol fertile et riche et un climat frais. Le climat, tandis que continental, varie en g\u00e9n\u00e9ral de froid glacial en hiver, \u00e0 la chaleur torride de l\u2019\u00e9t\u00e9, Il est dans une zone \u00e0 risque sismique de 8-9 degr\u00e9s l\u2019\u00e9chelle de Richter. Le centre de marz est Gyumri, situ\u00e9 dans le centre de Shirak de hauts plateaux, sur la hauteur de 1550m au-dessus du niveau de la mer. Les arch\u00e9ologues confirment que la zone de Gyumri \u00e9tait habit\u00e9e environ un million an avant. Les fouilles qui ont r\u00e9v\u00e9l\u00e9 des squelettes d\u2019\u00e9l\u00e9phants pr\u00e9historiques, des taureaux, des chameaux, des chevaux t\u00e9moignent de la r\u00e9alit\u00e9.<br \/>\nLa premi\u00e8re indication de Gyumri peut \u00eatre rencontr\u00e9e dans l\u2019inscription cun\u00e9iforme Marmashen (VIII s. Colombie-Britannique)<br \/>\nLe marz est riche en monuments et sites touristiques magnifiques qui attirent l\u2019attention des touristes. La ville de Artik est connu comme le centre des mines de tuf. Tuf arm\u00e9nien est c\u00e9l\u00e8bre pour ses quarantaine de nuances de couleurs.<br \/>\nNon loin de Artik, \u00e9tendu sur trois plateaux est un lieu antique de l\u2019\u00e2ge du bronze, o\u00f9 au cours de la VII-VIII ss. le complexe du monast\u00e8re de Harichavank a \u00e9t\u00e9 construit.<br \/>\nSur la rive gauche de la rivi\u00e8re Akhourian vous pouvez trouver le complexe de monast\u00e8re de Marmashen construite en 988-1029.<br \/>\nLe tremblement de terre de Spitak de 1988 a caus\u00e9 beaucoup de souffrances et des d\u00e9g\u00e2ts, mais en raison de la volont\u00e9 forte et l\u2019esprit des Arm\u00e9niens, beaucoup d\u2019activit\u00e9 de reconstruction a \u00e9t\u00e9 r\u00e9alis\u00e9e dans le marz depuis alors.<\/p>\n<\/div><\/div><\/div><\/div><\/div><\/div><\/section><section class=\"l-section wpb_row height_small\"><div class=\"l-section-h i-cf\"><div class=\"g-cols vc_row via_grid cols_1 laptops-cols_inherit tablets-cols_inherit mobiles-cols_1 valign_top type_default stacking_default\"><div class=\"wpb_column vc_column_container\"><div class=\"vc_column-inner\"><div class=\"w-slider style_none fit_contain nav_dots count_14\"><div class=\"w-slider-h\" aria-hidden=\"true\"><div class=\"royalSlider\"><div class=\"rsContent\"><a class=\"rsImg\" data-rsw=\"2048\" data-rsh=\"1536\" data-rsBigImg=\"https:\/\/armintour.com\/wp-content\/uploads\/2022\/12\/Harichavank.jpg\" href=\"https:\/\/armintour.com\/wp-content\/uploads\/2022\/12\/Harichavank.jpg\"><span data-alt=\"\"><\/span><\/a><\/div><div class=\"rsContent\"><a class=\"rsImg\" data-rsw=\"1920\" data-rsh=\"1087\" data-rsBigImg=\"https:\/\/armintour.com\/wp-content\/uploads\/2022\/12\/Marmashen.jpg\" href=\"https:\/\/armintour.com\/wp-content\/uploads\/2022\/12\/Marmashen.jpg\"><span data-alt=\"\"><\/span><\/a><\/div><div class=\"rsContent\"><a class=\"rsImg\" data-rsw=\"2000\" data-rsh=\"1500\" data-rsBigImg=\"https:\/\/armintour.com\/wp-content\/uploads\/2022\/12\/Marmashen_Monastery_Complex_of_Vahramaberd_21.jpg\" href=\"https:\/\/armintour.com\/wp-content\/uploads\/2022\/12\/Marmashen_Monastery_Complex_of_Vahramaberd_21.jpg\"><span data-alt=\"\"><\/span><\/a><\/div><div class=\"rsContent\"><a class=\"rsImg\" data-rsw=\"2000\" data-rsh=\"1500\" data-rsBigImg=\"https:\/\/armintour.com\/wp-content\/uploads\/2022\/12\/Akhurian_River.jpg\" href=\"https:\/\/armintour.com\/wp-content\/uploads\/2022\/12\/Akhurian_River.jpg\"><span data-alt=\"\"><\/span><\/a><\/div><div class=\"rsContent\"><a class=\"rsImg\" data-rsw=\"1535\" data-rsh=\"961\" data-rsBigImg=\"https:\/\/armintour.com\/wp-content\/uploads\/2022\/12\/The-Spitak.jpg\" href=\"https:\/\/armintour.com\/wp-content\/uploads\/2022\/12\/The-Spitak.jpg\"><span data-alt=\"\"><\/span><\/a><\/div><div class=\"rsContent\"><a class=\"rsImg\" data-rsw=\"1200\" data-rsh=\"800\" data-rsBigImg=\"https:\/\/armintour.com\/wp-content\/uploads\/2022\/12\/Marmashen.jpeg\" href=\"https:\/\/armintour.com\/wp-content\/uploads\/2022\/12\/Marmashen.jpeg\"><span data-alt=\"\"><\/span><\/a><\/div><div class=\"rsContent\"><a class=\"rsImg\" data-rsw=\"1200\" data-rsh=\"800\" data-rsBigImg=\"https:\/\/armintour.com\/wp-content\/uploads\/2022\/12\/Gyumri-8.jpeg\" href=\"https:\/\/armintour.com\/wp-content\/uploads\/2022\/12\/Gyumri-8.jpeg\"><span data-alt=\"\"><\/span><\/a><\/div><div class=\"rsContent\"><a class=\"rsImg\" data-rsw=\"1280\" data-rsh=\"960\" data-rsBigImg=\"https:\/\/armintour.com\/wp-content\/uploads\/2022\/12\/Gyumri-7.jpg\" href=\"https:\/\/armintour.com\/wp-content\/uploads\/2022\/12\/Gyumri-7.jpg\"><span data-alt=\"\"><\/span><\/a><\/div><div class=\"rsContent\"><a class=\"rsImg\" data-rsw=\"2048\" data-rsh=\"1536\" data-rsBigImg=\"https:\/\/armintour.com\/wp-content\/uploads\/2022\/12\/Gyumri-6.jpg\" href=\"https:\/\/armintour.com\/wp-content\/uploads\/2022\/12\/Gyumri-6.jpg\"><span data-alt=\"\"><\/span><\/a><\/div><div class=\"rsContent\"><a class=\"rsImg\" data-rsw=\"1417\" data-rsh=\"1032\" data-rsBigImg=\"https:\/\/armintour.com\/wp-content\/uploads\/2022\/12\/Gyumri-5.jpg\" href=\"https:\/\/armintour.com\/wp-content\/uploads\/2022\/12\/Gyumri-5.jpg\"><span data-alt=\"\"><\/span><\/a><\/div><div class=\"rsContent\"><a class=\"rsImg\" data-rsw=\"1200\" data-rsh=\"795\" data-rsBigImg=\"https:\/\/armintour.com\/wp-content\/uploads\/2022\/12\/Gyumri-4.jpg\" href=\"https:\/\/armintour.com\/wp-content\/uploads\/2022\/12\/Gyumri-4.jpg\"><span data-alt=\"\"><\/span><\/a><\/div><div class=\"rsContent\"><a class=\"rsImg\" data-rsw=\"1500\" data-rsh=\"1000\" data-rsBigImg=\"https:\/\/armintour.com\/wp-content\/uploads\/2022\/12\/Gyumri.jpg\" href=\"https:\/\/armintour.com\/wp-content\/uploads\/2022\/12\/Gyumri.jpg\"><span data-alt=\"\"><\/span><\/a><\/div><div class=\"rsContent\"><a class=\"rsImg\" data-rsw=\"1200\" data-rsh=\"800\" data-rsBigImg=\"https:\/\/armintour.com\/wp-content\/uploads\/2022\/12\/monastery-complex-of-Harichavank.jpeg\" href=\"https:\/\/armintour.com\/wp-content\/uploads\/2022\/12\/monastery-complex-of-Harichavank.jpeg\"><span data-alt=\"\"><\/span><\/a><\/div><div class=\"rsContent\"><a class=\"rsImg\" data-rsw=\"1200\" data-rsh=\"803\" data-rsBigImg=\"https:\/\/armintour.com\/wp-content\/uploads\/2022\/12\/marz-of-Shirak.jpg\" href=\"https:\/\/armintour.com\/wp-content\/uploads\/2022\/12\/marz-of-Shirak.jpg\"><span data-alt=\"\"><\/span><\/a><\/div><\/div><img decoding=\"async\" src=\"https:\/\/armintour.com\/wp-content\/uploads\/2022\/12\/Harichavank.jpg\" width=\"2048\" height=\"1536\" alt loading=\"lazy\"><\/div><div class=\"w-slider-json\" onclick='return {&quot;autoScaleSlider&quot;:true,&quot;addActiveClass&quot;:true,&quot;loop&quot;:true,&quot;fadeInLoadedSlide&quot;:false,&quot;slidesSpacing&quot;:0,&quot;imageScalePadding&quot;:0,&quot;numImagesToPreload&quot;:2,&quot;arrowsNav&quot;:false,&quot;arrowsNavAutoHide&quot;:false,&quot;transitionType&quot;:&quot;move&quot;,&quot;transitionSpeed&quot;:250,&quot;block&quot;:{&quot;moveEffect&quot;:&quot;none&quot;,&quot;speed&quot;:300},&quot;thumbs&quot;:{&quot;fitInViewport&quot;:false,&quot;firstMargin&quot;:false,&quot;spacing&quot;:4},&quot;controlNavigation&quot;:&quot;bullets&quot;,&quot;autoplay&quot;:{&quot;enabled&quot;:true,&quot;pauseOnHover&quot;:false,&quot;delay&quot;:3000},&quot;fullscreen&quot;:{&quot;enabled&quot;:true},&quot;autoScaleSliderWidth&quot;:2048,&quot;autoScaleSliderHeight&quot;:1536}'><\/div><\/div><\/div><\/div><\/div><\/div><\/section>\n","protected":false},"excerpt":{"rendered":"Territoire: 2681 km\u00b2 Les terres agricoles: 165737 ha Y compris les terres arables: 84530 ha Population: 243,200 milliers de personnes Le marz de Shirak est situ\u00e9 sur la rive gauche de la rivi\u00e8re Akhourian. Il est c\u00e9l\u00e8bre pour son sol fertile et riche et un climat frais. Le climat, tandis que continental, varie en g\u00e9n\u00e9ral...","protected":false},"author":1,"featured_media":15556,"parent":0,"menu_order":0,"comment_status":"closed","ping_status":"closed","template":"","meta":{"footnotes":""},"class_list":["post-15644","page","type-page","status-publish","has-post-thumbnail","hentry"],"_links":{"self":[{"href":"https:\/\/armintour.com\/fr\/wp-json\/wp\/v2\/pages\/15644","targetHints":{"allow":["GET"]}}],"collection":[{"href":"https:\/\/armintour.com\/fr\/wp-json\/wp\/v2\/pages"}],"about":[{"href":"https:\/\/armintour.com\/fr\/wp-json\/wp\/v2\/types\/page"}],"author":[{"embeddable":true,"href":"https:\/\/armintour.com\/fr\/wp-json\/wp\/v2\/users\/1"}],"replies":[{"embeddable":true,"href":"https:\/\/armintour.com\/fr\/wp-json\/wp\/v2\/comments?post=15644"}],"version-history":[{"count":3,"href":"https:\/\/armintour.com\/fr\/wp-json\/wp\/v2\/pages\/15644\/revisions"}],"predecessor-version":[{"id":24702,"href":"https:\/\/armintour.com\/fr\/wp-json\/wp\/v2\/pages\/15644\/revisions\/24702"}],"wp:featuredmedia":[{"embeddable":true,"href":"https:\/\/armintour.com\/fr\/wp-json\/wp\/v2\/media\/15556"}],"wp:attachment":[{"href":"https:\/\/armintour.com\/fr\/wp-json\/wp\/v2\/media?parent=15644"}],"curies":[{"name":"wp","href":"https:\/\/api.w.org\/{rel}","templated":true}]}}