{"id":15790,"date":"2022-12-30T02:28:03","date_gmt":"2022-12-29T22:28:03","guid":{"rendered":"https:\/\/intour.lizin.am\/15784-2\/"},"modified":"2024-06-06T12:07:06","modified_gmt":"2024-06-06T08:07:06","slug":"contact-us","status":"publish","type":"page","link":"https:\/\/armintour.com\/fr\/contact-us\/","title":{"rendered":"Contactez-nous"},"content":{"rendered":"<section class=\"l-section wpb_row height_small\"><div class=\"l-section-h i-cf\"><div class=\"g-cols vc_row via_grid cols_2 laptops-cols_inherit tablets-cols_inherit mobiles-cols_1 valign_top type_default stacking_default\"><div class=\"wpb_column vc_column_container\"><div class=\"vc_column-inner\"><div id=\"ultimate-heading-525669dacaae91b56\" class=\"uvc-heading ult-adjust-bottom-margin ultimate-heading-525669dacaae91b56 uvc-3694 \" data-hspacer=\"no_spacer\"  data-halign=\"center\" style=\"text-align:center\"><div class=\"uvc-heading-spacer no_spacer\" style=\"top\"><\/div><div class=\"uvc-main-heading ult-responsive\"  data-ultimate-target='.uvc-heading.ultimate-heading-525669dacaae91b56 h3'  data-responsive-json-new='{\"font-size\":\"\",\"line-height\":\"\"}' ><h3 style=\"font-weight:bold;\">Prenez contact avec nous.<\/h3><\/div><div class=\"uvc-sub-heading ult-responsive\"  data-ultimate-target='.uvc-heading.ultimate-heading-525669dacaae91b56 .uvc-sub-heading '  data-responsive-json-new='{\"font-size\":\"\",\"line-height\":\"\"}'  style=\"font-style:italic;font-weight:bold;color:#e22414;margin-top:10px;\">\n<h6><\/h6>\n<\/div><\/div><div class=\"wpb_text_column\"><div class=\"wpb_wrapper\"><p>Vous cherchez quelque chose ou avez des suggestions de destination? Dis nous \u00e0 propos de cela!<\/p>\n<\/div><\/div><div class=\"w-separator size_small\"><\/div><div class=\"g-cols wpb_row via_grid cols_1 laptops-cols_inherit tablets-cols_inherit mobiles-cols_1 valign_top type_default stacking_default\" style=\"--gap:3rem;\"><div class=\"wpb_column vc_column_container\"><div class=\"vc_column-inner\"><div class=\"w-contacts\"><div class=\"w-contacts-list\"><div class=\"w-contacts-item for_address\"><span class=\"w-contacts-item-value\">38 avenue Mashtots, 42 salle, 0010 Erevan, R\u00e9publique d\u2019Arm\u00e9nie<\/span><\/div><div class=\"w-contacts-item for_phone\"><span class=\"w-contacts-item-value\">(+37410) 582282, 538853, 538823<\/span><\/div><\/div><\/div><\/div><\/div><\/div><\/div><\/div><div class=\"wpb_column vc_column_container\"><div class=\"vc_column-inner\"><form class=\"w-form  layout_ver for_cform us_form_1\" autocomplete=\"off\" action=\"https:\/\/armintour.com\/fr\/wp-json\/wp\/v2\/pages\/15790\" method=\"post\"><div class=\"w-form-h\"><div class=\"w-form-row for_text\">\n\t\t<div class=\"w-form-row-field\">\n\t\t\t\t\t\t<input aria-label=\"Name\" type=\"text\" name=\"us_form_1_text_1\" value placeholder=\"Name\"\/>\n\t\t\t<\/div>\n\t\t<div class=\"w-form-row-state\">Vous devez remplir ce champ<\/div>\n<\/div>\n<div class=\"w-form-row for_email\">\n\t\t<div class=\"w-form-row-field\">\n\t\t\t\t\t\t<input aria-label=\"Email\" type=\"email\" name=\"us_form_1_email_1\" value placeholder=\"Email\"\/>\n\t\t\t<\/div>\n\t\t<div class=\"w-form-row-state\">Veuillez saisir une adresse e-mail valide.<\/div>\n<\/div>\n<div class=\"w-form-row for_textarea\">\n\t\t<div class=\"w-form-row-field\">\n\t\t\t\t\t\t<textarea aria-label=\"Text\" name=\"us_form_1_textarea_1\" placeholder=\"Text\"><\/textarea>\n\t\t\t<\/div>\n\t\t<div class=\"w-form-row-state\">Vous devez remplir ce champ<\/div>\n<\/div>\n<input type=\"hidden\" name=\"action\" value=\"us_ajax_cform\" \/>\n<input type=\"hidden\" name=\"post_id\" value=\"0\" \/>\n<input type=\"hidden\" name=\"form_index\" value=\"1\" \/>\n<div class=\"w-form-row for_submit align_none\">\n\t<button class=\"w-btn  us-btn-style_1\" aria-label=\"Envoyer\" type=\"submit\">\n\t\t<span class=\"g-preloader type_1\"><\/span>\n\t\t\t\t<span class=\"w-btn-label\">Envoyer<\/span>\n\t\t\t<\/button>\n\t<\/div>\n<\/div><div class=\"w-form-message\"><\/div><div class=\"w-form-json hidden\" onclick='return {&quot;ajaxurl&quot;:&quot;https:\\\/\\\/armintour.com\\\/wp-admin\\\/admin-ajax.php&quot;,&quot;messages&quot;:{&quot;err_empty&quot;:&quot;Vous devez remplir ce champ&quot;,&quot;err_size&quot;:&quot;La taille du fichier ne peut pas d\\u00e9passer %s Mo&quot;,&quot;err_extension&quot;:&quot;Le type de fichier %s n&#039;est pas autoris\\u00e9&quot;}}'><\/div><\/form><\/div><\/div><\/div><\/div><\/section><section class=\"l-section wpb_row height_small\"><div class=\"l-section-h i-cf\"><div class=\"g-cols vc_row via_grid cols_1 laptops-cols_inherit tablets-cols_inherit mobiles-cols_1 valign_top type_default stacking_default\"><div class=\"wpb_column vc_column_container\"><div class=\"vc_column-inner\"><div id=\"ultimate-heading-762469dacaae99c83\" class=\"uvc-heading ult-adjust-bottom-margin ultimate-heading-762469dacaae99c83 uvc-1097 \" data-hspacer=\"no_spacer\"  data-halign=\"left\" style=\"text-align:left\"><div class=\"uvc-heading-spacer no_spacer\" style=\"top\"><\/div><div class=\"uvc-main-heading ult-responsive\"  data-ultimate-target='.uvc-heading.ultimate-heading-762469dacaae99c83 h3'  data-responsive-json-new='{\"font-size\":\"\",\"line-height\":\"\"}' ><h3 style=\"font-weight:bold;\">Vous pouvez contacter directement les membres de l'\u00e9quipe ARMINTOUR ou simplement envoyer votre demande en remplissant le formulaire<\/h3><\/div><div class=\"uvc-sub-heading ult-responsive\"  data-ultimate-target='.uvc-heading.ultimate-heading-762469dacaae99c83 .uvc-sub-heading '  data-responsive-json-new='{\"font-size\":\"\",\"line-height\":\"\"}'  style=\"font-style:italic;font-weight:bold;color:#e22414;margin-top:10px;\">\n<h6><\/h6>\n<\/div><\/div><\/div><\/div><\/div><\/div><\/section><section class=\"l-section wpb_row height_small\"><div class=\"l-section-h i-cf\"><div class=\"g-cols vc_row via_grid cols_3 laptops-cols_inherit tablets-cols_inherit mobiles-cols_1 valign_top type_default stacking_default\"><div class=\"wpb_column vc_column_container\"><div class=\"vc_column-inner\"><div class=\"w-person layout_trendy with_socials\" itemscope itemtype=\"https:\/\/schema.org\/Person\"><div class=\"w-person-image\"><img loading=\"lazy\" decoding=\"async\" width=\"1439\" height=\"1098\" src=\"https:\/\/armintour.com\/wp-content\/uploads\/2022\/12\/testimonial-e1488049467378.png\" class=\"attachment-full size-full\" alt=\"\" srcset=\"https:\/\/armintour.com\/wp-content\/uploads\/2022\/12\/testimonial-e1488049467378.png 1439w, https:\/\/armintour.com\/wp-content\/uploads\/2022\/12\/testimonial-e1488049467378-300x229.png 300w, https:\/\/armintour.com\/wp-content\/uploads\/2022\/12\/testimonial-e1488049467378-1024x781.png 1024w\" sizes=\"auto, (max-width: 1439px) 100vw, 1439px\" \/><\/div><div class=\"w-person-content\"><h4 itemprop=\"name\" class=\"w-person-name\"><span>M. Vardges Gevorgyan<\/span><\/h4><div class=\"w-person-role\" itemprop=\"jobTitle\">Directeur g\u00e9n\u00e9ral<\/div><\/div><div class=\"w-person-content-alt\"><div class=\"w-person-links\"><div class=\"w-person-links-list\"><a href=\"mailto:management@armintour.com\" class=\"w-person-links-item type_email\" title=\"E-mail\"><i class=\"fas fa-envelope\"><\/i><\/a><\/div><\/div><\/div><\/div><\/div><\/div><div class=\"wpb_column vc_column_container\"><div class=\"vc_column-inner\"><div class=\"w-person layout_trendy with_desc with_socials\" itemscope itemtype=\"https:\/\/schema.org\/Person\"><div class=\"w-person-image\"><img loading=\"lazy\" decoding=\"async\" width=\"1439\" height=\"1098\" src=\"https:\/\/armintour.com\/wp-content\/uploads\/2022\/12\/testimonial-e1488049467378.png\" class=\"attachment-full size-full\" alt=\"\" srcset=\"https:\/\/armintour.com\/wp-content\/uploads\/2022\/12\/testimonial-e1488049467378.png 1439w, https:\/\/armintour.com\/wp-content\/uploads\/2022\/12\/testimonial-e1488049467378-300x229.png 300w, https:\/\/armintour.com\/wp-content\/uploads\/2022\/12\/testimonial-e1488049467378-1024x781.png 1024w\" sizes=\"auto, (max-width: 1439px) 100vw, 1439px\" \/><\/div><div class=\"w-person-content\"><h4 itemprop=\"name\" class=\"w-person-name\"><span>Mme Lussin\u00e9 Khachatryan<\/span><\/h4><div class=\"w-person-role\" itemprop=\"jobTitle\">Responsable Tourisme<\/div><\/div><div class=\"w-person-content-alt\"><div class=\"w-person-links\"><div class=\"w-person-links-list\"><a href=\"mailto:events@armintour.com\" class=\"w-person-links-item type_email\" title=\"E-mail\"><i class=\"fas fa-envelope\"><\/i><\/a><a href=\"http:\/\/tourism-jp@armintour.com\" class=\"w-person-links-item type_facebook\" title=\"Facebook\" target=\"_blank\" rel=\"nofollow\"><i class=\"fab fa-facebook\"><\/i><\/a><a href=\"http:\/\/tourism@armintour.com\" class=\"w-person-links-item type_twitter\" title=\"Twitter\" target=\"_blank\" rel=\"nofollow\"><i class=\"fab fa-x-twitter\"><svg style=\"width:1em; margin-bottom:-.1em;\" xmlns=\"http:\/\/www.w3.org\/2000\/svg\" viewBox=\"0 0 512 512\"><path fill=\"currentColor\" d=\"M389.2 48h70.6L305.6 224.2 487 464H345L233.7 318.6 106.5 464H35.8L200.7 275.5 26.8 48H172.4L272.9 180.9 389.2 48zM364.4 421.8h39.1L151.1 88h-42L364.4 421.8z\"\/><\/svg><\/i><\/a><\/div><\/div><div class=\"w-person-description\" itemprop=\"description\"><p>Responsable de la gestion du tourisme et du d\u00e9partement d\u2019\u00e9v\u00e9nement <\/p>\n<\/div><\/div><\/div><\/div><\/div><div class=\"wpb_column vc_column_container\"><div class=\"vc_column-inner\"><div class=\"w-person layout_trendy with_socials\" itemscope itemtype=\"https:\/\/schema.org\/Person\"><div class=\"w-person-image\"><img loading=\"lazy\" decoding=\"async\" width=\"1439\" height=\"1098\" src=\"https:\/\/armintour.com\/wp-content\/uploads\/2022\/12\/testimonial-e1488049467378.png\" class=\"attachment-full size-full\" alt=\"\" srcset=\"https:\/\/armintour.com\/wp-content\/uploads\/2022\/12\/testimonial-e1488049467378.png 1439w, https:\/\/armintour.com\/wp-content\/uploads\/2022\/12\/testimonial-e1488049467378-300x229.png 300w, https:\/\/armintour.com\/wp-content\/uploads\/2022\/12\/testimonial-e1488049467378-1024x781.png 1024w\" sizes=\"auto, (max-width: 1439px) 100vw, 1439px\" \/><\/div><div class=\"w-person-content\"><h4 itemprop=\"name\" class=\"w-person-name\"><span>Mme Ani Gharibyan<\/span><\/h4><div class=\"w-person-role\" itemprop=\"jobTitle\">Tour op\u00e9rateur du march\u00e9 allemand<\/div><\/div><div class=\"w-person-content-alt\"><div class=\"w-person-links\"><div class=\"w-person-links-list\"><a href=\"mailto:tourism-de@armintour.com\" class=\"w-person-links-item type_email\" title=\"E-mail\"><i class=\"fas fa-envelope\"><\/i><\/a><\/div><\/div><\/div><\/div><\/div><\/div><\/div><\/div><\/section><section class=\"l-section wpb_row height_auto\"><div class=\"l-section-h i-cf\"><div class=\"g-cols vc_row via_grid cols_3 laptops-cols_inherit tablets-cols_inherit mobiles-cols_1 valign_top type_default stacking_default\"><div class=\"wpb_column vc_column_container\"><div class=\"vc_column-inner\"><div class=\"w-person layout_trendy with_socials\" itemscope itemtype=\"https:\/\/schema.org\/Person\"><div class=\"w-person-image\"><img loading=\"lazy\" decoding=\"async\" width=\"1439\" height=\"1098\" src=\"https:\/\/armintour.com\/wp-content\/uploads\/2022\/12\/testimonial-e1488049467378.png\" class=\"attachment-full size-full\" alt=\"\" srcset=\"https:\/\/armintour.com\/wp-content\/uploads\/2022\/12\/testimonial-e1488049467378.png 1439w, https:\/\/armintour.com\/wp-content\/uploads\/2022\/12\/testimonial-e1488049467378-300x229.png 300w, https:\/\/armintour.com\/wp-content\/uploads\/2022\/12\/testimonial-e1488049467378-1024x781.png 1024w\" sizes=\"auto, (max-width: 1439px) 100vw, 1439px\" \/><\/div><div class=\"w-person-content\"><h4 itemprop=\"name\" class=\"w-person-name\"><span>Mme Anna Hovhannisyan<\/span><\/h4><div class=\"w-person-role\" itemprop=\"jobTitle\">Tour op\u00e9rateur du march\u00e9 anglais du march\u00e9 russe du march\u00e9 espagnol<\/div><\/div><div class=\"w-person-content-alt\"><div class=\"w-person-links\"><div class=\"w-person-links-list\"><a href=\"mailto:tourism-kr@armintour.com\" class=\"w-person-links-item type_email\" title=\"E-mail\"><i class=\"fas fa-envelope\"><\/i><\/a><a href=\"http:\/\/tourism-eu@armintour.com\" class=\"w-person-links-item type_facebook\" title=\"Facebook\" target=\"_blank\" rel=\"nofollow\"><i class=\"fab fa-facebook\"><\/i><\/a><\/div><\/div><\/div><\/div><\/div><\/div><div class=\"wpb_column vc_column_container\"><div class=\"vc_column-inner\"><div class=\"w-person layout_trendy with_socials\" itemscope itemtype=\"https:\/\/schema.org\/Person\"><div class=\"w-person-image\"><img loading=\"lazy\" decoding=\"async\" width=\"1439\" height=\"1098\" src=\"https:\/\/armintour.com\/wp-content\/uploads\/2022\/12\/testimonial-e1488049467378.png\" class=\"attachment-full size-full\" alt=\"\" srcset=\"https:\/\/armintour.com\/wp-content\/uploads\/2022\/12\/testimonial-e1488049467378.png 1439w, https:\/\/armintour.com\/wp-content\/uploads\/2022\/12\/testimonial-e1488049467378-300x229.png 300w, https:\/\/armintour.com\/wp-content\/uploads\/2022\/12\/testimonial-e1488049467378-1024x781.png 1024w\" sizes=\"auto, (max-width: 1439px) 100vw, 1439px\" \/><\/div><div class=\"w-person-content\"><div class=\"w-person-role\" itemprop=\"jobTitle\">Service de r\u00e9servation<\/div><\/div><div class=\"w-person-content-alt\"><div class=\"w-person-links\"><div class=\"w-person-links-list\"><a href=\"mailto:reservation@armintour.com\" class=\"w-person-links-item type_email\" title=\"E-mail\"><i class=\"fas fa-envelope\"><\/i><\/a><\/div><\/div><\/div><\/div><\/div><\/div><div class=\"wpb_column vc_column_container\"><div class=\"vc_column-inner\"><\/div><\/div><\/div><\/div><\/section><section class=\"l-section wpb_row height_auto width_full\"><div class=\"l-section-h i-cf\"><div class=\"g-cols vc_row via_grid cols_1 laptops-cols_inherit tablets-cols_inherit mobiles-cols_1 valign_top type_default stacking_default\"><div class=\"wpb_column vc_column_container stretched\"><div class=\"vc_column-inner\"><div class=\"wpb_text_column\"><div class=\"wpb_wrapper\"><p><iframe loading=\"lazy\" style=\"border: 0;\" src=\"https:\/\/www.google.com\/maps\/embed?pb=!1m18!1m12!1m3!1d3048.1313695882122!2d44.509415815177114!3d40.18388977939279!2m3!1f0!2f0!3f0!3m2!1i1024!2i768!4f13.1!3m3!1m2!1s0x406abce2c8c4fe35%3A0xa903d88e9b7cb1a4!2zMzggTWVzcm9wIE1hc2h0b2MgcG9raG90YSwgWWVyZXZhbiAwMDAyLCDQkNGA0LzQtdC90LjRjw!5e0!3m2!1sru!2sge!4v1672352601526!5m2!1sru!2sge\" width=\"100%\" height=\"450\" allowfullscreen=\"allowfullscreen\"><\/iframe><\/p>\n<\/div><\/div><\/div><\/div><\/div><\/div><\/section>\n","protected":false},"excerpt":{"rendered":"Prenez contact avec nous. Vous cherchez quelque chose ou avez des suggestions de destination? Dis nous \u00e0 propos de cela! 38 avenue Mashtots, 42 salle, 0010 Erevan, R\u00e9publique d\u2019Arm\u00e9nie(+37410) 582282, 538853, 538823 Vous devez remplir ce champ Veuillez saisir une adresse e-mail valide. Vous devez remplir ce champ Envoyer Vous pouvez contacter directement les membres...","protected":false},"author":1,"featured_media":15343,"parent":0,"menu_order":0,"comment_status":"closed","ping_status":"closed","template":"","meta":{"footnotes":""},"class_list":["post-15790","page","type-page","status-publish","has-post-thumbnail","hentry"],"_links":{"self":[{"href":"https:\/\/armintour.com\/fr\/wp-json\/wp\/v2\/pages\/15790","targetHints":{"allow":["GET"]}}],"collection":[{"href":"https:\/\/armintour.com\/fr\/wp-json\/wp\/v2\/pages"}],"about":[{"href":"https:\/\/armintour.com\/fr\/wp-json\/wp\/v2\/types\/page"}],"author":[{"embeddable":true,"href":"https:\/\/armintour.com\/fr\/wp-json\/wp\/v2\/users\/1"}],"replies":[{"embeddable":true,"href":"https:\/\/armintour.com\/fr\/wp-json\/wp\/v2\/comments?post=15790"}],"version-history":[{"count":4,"href":"https:\/\/armintour.com\/fr\/wp-json\/wp\/v2\/pages\/15790\/revisions"}],"predecessor-version":[{"id":25403,"href":"https:\/\/armintour.com\/fr\/wp-json\/wp\/v2\/pages\/15790\/revisions\/25403"}],"wp:featuredmedia":[{"embeddable":true,"href":"https:\/\/armintour.com\/fr\/wp-json\/wp\/v2\/media\/15343"}],"wp:attachment":[{"href":"https:\/\/armintour.com\/fr\/wp-json\/wp\/v2\/media?parent=15790"}],"curies":[{"name":"wp","href":"https:\/\/api.w.org\/{rel}","templated":true}]}}