{"id":15813,"date":"2022-12-30T02:13:20","date_gmt":"2022-12-29T22:13:20","guid":{"rendered":"https:\/\/intour.lizin.am\/mice\/"},"modified":"2023-01-21T17:42:19","modified_gmt":"2023-01-21T13:42:19","slug":"mice","status":"publish","type":"page","link":"https:\/\/armintour.com\/fr\/mice\/","title":{"rendered":"MICE"},"content":{"rendered":"<section class=\"l-section wpb_row height_small\"><div class=\"l-section-h i-cf\"><div class=\"g-cols vc_row via_grid cols_1 laptops-cols_inherit tablets-cols_inherit mobiles-cols_1 valign_top type_default stacking_default\"><div class=\"wpb_column vc_column_container\"><div class=\"vc_column-inner\"><div class=\"wpb_text_column\"><div class=\"wpb_wrapper\"><p>L\u2019agence de voyage ARMINTOUR, centr\u00e9e sur l\u2019accueil touristeique, est le leader dans le secteur MICE. Depuis les d\u00e9cennies ARMINTOUR organise de diff\u00e9rents \u00e9v\u00e9nements culturels, \u00e9ducatifs, sportifs, des s\u00e9minaires, des conf\u00e9rences et des r\u00e9unions d\u2019entreprise pour des organisations locales, priv\u00e9es et gouvernementales, ainsi que pour des partenaires \u00e9trangers.<\/p>\n<p>Si vous pr\u00e9voyez d\u2019organiser votre \u00e9v\u00e9nement dans un but professionnel ou priv\u00e9 en Arm\u00e9nie, ARMINTOUR sera toujours l\u00e0 pour vous aider:<\/p>\n<ol>\n<li>Conception de votre \u00e9v\u00e9nement<\/li>\n<li>Le choix de l\u2019endroit id\u00e9al pour votre \u00e9v\u00e9nement<\/li>\n<li>R\u00e9servation de l\u2019h\u00e9bergement pour vos invit\u00e9s<\/li>\n<li>La logistique de votre \u00e9v\u00e9nement:\n<ul>\n<li>Le design et l\u2019imprimerie des documents<\/li>\n<li>Location du mat\u00e9riel<\/li>\n<li>Transport<\/li>\n<li>Disposition des traducteurs et des assistants pendant l\u2019\u00e9v\u00e9nement<\/li>\n<\/ul>\n<\/li>\n<li>Visites culturelles sp\u00e9cialis\u00e9es pour vos invit\u00e9s<\/li>\n<li>Arrangement des pique-niques, des r\u00e9ceptions, banquets, d\u00e9jeuners et d\u00eeners d\u2019affaires, soir\u00e9es priv\u00e9es etc<\/li>\n<\/ol>\n<p>De nombreuses organisations locales et \u00e9trang\u00e8res ont d\u2019ors et d\u00e9j\u00e0 confi\u00e9 leur temps pr\u00e9cieux et leurs \u00e9v\u00e9nements \u00e0 ARMINTOUR.<\/p>\n<ul>\n<li>Ci-dessous nous vous pr\u00e9sentons la liste des plus grandes manifestations dans ces derni\u00e8res ann\u00e9es<\/li>\n<li>Ev\u00e9nement corporatif &lt;100 Meilleurs managers d\u2019UMC&gt; -Octobre 2012<\/li>\n<li>R\u00e9union corporative annuelle de la banque VTB (Russie) \u2013 Avril 2012<\/li>\n<li>Deuxi\u00e8me Congr\u00e8s International Medical de l\u2019Arm\u00e9nie \u2013Juillet 2012<\/li>\n<li>Commission d\u2019\u00c9tat pour la protection de la comp\u00e9tition \u00e9conomique de la R\u00e9publique de l\u2019Arm\u00e9nie \u2013Octobre 2009<\/li>\n<li>Concert en direct de Keiko Koma et Idaki Chin dans la Place de la R\u00e9publique d\u2019Er\u00e9van- Octobre 2008<\/li>\n<li>Conf\u00e9rence europ\u00e9enne et civile de l\u2019aviation en Arm\u00e9nie- ao\u00fbt 2008<\/li>\n<li>Conf\u00e9rence annuelle Anelik Bank \u2013 S\u00e9ptembre 2007<\/li>\n<\/ul>\n<\/div><\/div><\/div><\/div><\/div><\/div><\/section>\n","protected":false},"excerpt":{"rendered":"L\u2019agence de voyage ARMINTOUR, centr\u00e9e sur l\u2019accueil touristeique, est le leader dans le secteur MICE. Depuis les d\u00e9cennies ARMINTOUR organise de diff\u00e9rents \u00e9v\u00e9nements culturels, \u00e9ducatifs, sportifs, des s\u00e9minaires, des conf\u00e9rences et des r\u00e9unions d\u2019entreprise pour des organisations locales, priv\u00e9es et gouvernementales, ainsi que pour des partenaires \u00e9trangers. Si vous pr\u00e9voyez d\u2019organiser votre \u00e9v\u00e9nement dans un...","protected":false},"author":1,"featured_media":15775,"parent":0,"menu_order":0,"comment_status":"closed","ping_status":"closed","template":"","meta":{"footnotes":""},"class_list":["post-15813","page","type-page","status-publish","has-post-thumbnail","hentry"],"_links":{"self":[{"href":"https:\/\/armintour.com\/fr\/wp-json\/wp\/v2\/pages\/15813","targetHints":{"allow":["GET"]}}],"collection":[{"href":"https:\/\/armintour.com\/fr\/wp-json\/wp\/v2\/pages"}],"about":[{"href":"https:\/\/armintour.com\/fr\/wp-json\/wp\/v2\/types\/page"}],"author":[{"embeddable":true,"href":"https:\/\/armintour.com\/fr\/wp-json\/wp\/v2\/users\/1"}],"replies":[{"embeddable":true,"href":"https:\/\/armintour.com\/fr\/wp-json\/wp\/v2\/comments?post=15813"}],"version-history":[{"count":3,"href":"https:\/\/armintour.com\/fr\/wp-json\/wp\/v2\/pages\/15813\/revisions"}],"predecessor-version":[{"id":24597,"href":"https:\/\/armintour.com\/fr\/wp-json\/wp\/v2\/pages\/15813\/revisions\/24597"}],"wp:featuredmedia":[{"embeddable":true,"href":"https:\/\/armintour.com\/fr\/wp-json\/wp\/v2\/media\/15775"}],"wp:attachment":[{"href":"https:\/\/armintour.com\/fr\/wp-json\/wp\/v2\/media?parent=15813"}],"curies":[{"name":"wp","href":"https:\/\/api.w.org\/{rel}","templated":true}]}}