{"id":15820,"date":"2022-12-30T01:52:22","date_gmt":"2022-12-29T21:52:22","guid":{"rendered":"https:\/\/intour.lizin.am\/about-us\/"},"modified":"2026-04-12T16:06:21","modified_gmt":"2026-04-12T12:06:21","slug":"about-us","status":"publish","type":"page","link":"https:\/\/armintour.com\/fr\/about-us\/","title":{"rendered":"Qui Sommes Nous"},"content":{"rendered":"<section class=\"l-section wpb_row height_small\"><div class=\"l-section-h i-cf\"><div class=\"g-cols vc_row via_grid cols_1 laptops-cols_inherit tablets-cols_inherit mobiles-cols_1 valign_top type_default stacking_default\"><div class=\"wpb_column vc_column_container\"><div class=\"vc_column-inner\"><div class=\"wpb_text_column\"><div class=\"wpb_wrapper\"><p>ARMINTOUR (officiellement INTOUR CAF) est une agence de voyage r\u00e9ceptive et ayant d\u2019une exp\u00e9rience professionnelle, des connaissances sp\u00e9cialis\u00e9es et des coll\u00e8gues professionnels, est en mesure d\u2019offrir des services de haute qualit\u00e9 \u00e0 ses clients \u00e9tant les individus et les voyageurs d\u2019affaires.<br \/>\nLa soci\u00e9t\u00e9 organise \u00e9galement le tourisme de loisirs et pour les individus et pour les groupes en mettant les accents sp\u00e9ciaux sur les programmes de la motivation, les conf\u00e9rences et les r\u00e9unions des organisations.<br \/>\nNous avons de l\u2019exp\u00e9rience d\u2019organiser des ateliers, des s\u00e9minaires, des manifestations sportives et de fournir aux participants avec tout le soutien logistique dont ils ont besoin.<br \/>\nARMINTOUR est une entreprise touristique d\u2019arriv\u00e9e qui re\u00e7oit des touristes de plus de 30 pays du monde coop\u00e8rent avec des partenaires partout dans le monde. Actuellement ARMINTOUR int\u00e8gre dans 50 grandes entreprises de tourisme en Europe, au Canada, en Am\u00e9rique du Sud, au Moyen-Orient, au Japon et en Australie.<\/p>\n<\/div><\/div><\/div><\/div><\/div><\/div><\/section><section class=\"l-section wpb_row height_small\"><div class=\"l-section-h i-cf\"><div class=\"g-cols vc_row via_grid cols_3 laptops-cols_inherit tablets-cols_inherit mobiles-cols_1 valign_top type_default stacking_default\"><div class=\"wpb_column vc_column_container\"><div class=\"vc_column-inner\"><div class=\"w-iconbox iconpos_top style_default color_primary align_center no_title\"><div class=\"w-iconbox-icon\" style=\"font-size:2rem;\"><i class=\"fas fa-history\"><\/i><\/div><div class=\"w-iconbox-meta\"><div class=\"w-iconbox-text\"><h4 style=\"text-align: center;\">Visites historiques, culturelles et cognitives pour des individues et des groupes<\/h4>\n<ul>\n<li style=\"text-align: left;\">Transferts de l\u2019a\u00e9roport et vers l\u2019a\u00e9roport<\/li>\n<li style=\"text-align: left;\">R\u00e9servation du logement<\/li>\n<li style=\"text-align: left;\">Excursions quotidiennes<\/li>\n<li style=\"text-align: left;\">Services de guide (Anglais, Fran\u00e7ais,Italien, Espagnol, Portugais, Allemand, Russe, Japonais, Cor\u00e9en, Chinois, etc)<\/li>\n<\/ul>\n<\/div><\/div><\/div><\/div><\/div><div class=\"wpb_column vc_column_container\"><div class=\"vc_column-inner\"><div class=\"w-iconbox iconpos_top style_default color_primary align_center no_title\"><div class=\"w-iconbox-icon\" style=\"font-size:2rem;\"><i class=\"fas fa-car\"><\/i><\/div><div class=\"w-iconbox-meta\"><div class=\"w-iconbox-text\"><h4 style=\"text-align: center;\">Location de voiture<\/h4>\n<\/div><\/div><\/div><\/div><\/div><div class=\"wpb_column vc_column_container\"><div class=\"vc_column-inner\"><div class=\"w-iconbox iconpos_top style_default color_primary align_center no_title\"><div class=\"w-iconbox-icon\" style=\"font-size:2rem;\"><i class=\"fas fa-fas fa-stamp\"><\/i><\/div><div class=\"w-iconbox-meta\"><div class=\"w-iconbox-text\"><h4 style=\"text-align: center;\">Soutien de visa<\/h4>\n<\/div><\/div><\/div><\/div><\/div><\/div><\/div><\/section><section class=\"l-section wpb_row height_auto\"><div class=\"l-section-h i-cf\"><div class=\"g-cols vc_row via_grid cols_3 laptops-cols_inherit tablets-cols_inherit mobiles-cols_1 valign_top type_default stacking_default\"><div class=\"wpb_column vc_column_container\"><div class=\"vc_column-inner\"><div class=\"w-iconbox iconpos_top style_default color_primary align_center no_title\"><div class=\"w-iconbox-icon\" style=\"font-size:2rem;\"><i class=\"fas fa-fas fa-concierge-bell\"><\/i><\/div><div class=\"w-iconbox-meta\"><div class=\"w-iconbox-text\"><h4 style=\"text-align: center;\">R\u00e9servation des h\u00f4tels \u00e0 Erevan et \u00e0 la campagne<\/h4>\n<\/div><\/div><\/div><\/div><\/div><div class=\"wpb_column vc_column_container\"><div class=\"vc_column-inner\"><div class=\"w-iconbox iconpos_top style_default color_primary align_center no_title\"><div class=\"w-iconbox-icon\" style=\"font-size:2rem;\"><i class=\"fas fa-fas fa-suitcase-rolling\"><\/i><\/div><div class=\"w-iconbox-meta\"><div class=\"w-iconbox-text\"><h4 style=\"text-align: center;\">R\u00e9servation et livraison des billets d\u2019avion, des billets de chemin de fer<\/h4>\n<\/div><\/div><\/div><\/div><\/div><div class=\"wpb_column vc_column_container\"><div class=\"vc_column-inner\"><div class=\"w-iconbox iconpos_top style_default color_primary align_center no_title\"><div class=\"w-iconbox-icon\" style=\"font-size:2rem;\"><i class=\"fas fa-fas fa-podium\"><\/i><\/div><div class=\"w-iconbox-meta\"><div class=\"w-iconbox-text\"><h4 style=\"text-align: center;\">Organisation des conf\u00e9rences, des r\u00e9unions des organisations, des s\u00e9minaires, des manifestations sportives, etc.<\/h4>\n<ul>\n<li style=\"text-align: left;\">Ordre et fourniture d\u2019espace pour les \u00e9v\u00e9nements<\/li>\n<li style=\"text-align: left;\">Fourniture d\u2019\u00e9quipement n\u00e9cessaire<\/li>\n<li style=\"text-align: left;\">Services de transport et d\u2019interpr\u00e8te<\/li>\n<li style=\"text-align: left;\">Excursions guid\u00e9es<\/li>\n<li style=\"text-align: left;\">Soir\u00e9es corporatives<\/li>\n<li style=\"text-align: left;\">Team building (mise en \u00e9quipe)<\/li>\n<\/ul>\n<\/div><\/div><\/div><\/div><\/div><\/div><\/div><\/section><section class=\"l-section wpb_row height_small\"><div class=\"l-section-h i-cf\"><div class=\"g-cols vc_row via_grid cols_3 laptops-cols_inherit tablets-cols_inherit mobiles-cols_1 valign_top type_default stacking_default\"><div class=\"wpb_column vc_column_container\"><div class=\"vc_column-inner\"><div class=\"w-person layout_trendy with_socials\" itemscope itemtype=\"https:\/\/schema.org\/Person\"><div class=\"w-person-image\"><img loading=\"lazy\" decoding=\"async\" width=\"1439\" height=\"1098\" src=\"https:\/\/armintour.com\/wp-content\/uploads\/2022\/12\/testimonial-e1488049467378.png\" class=\"attachment-full size-full\" alt=\"\" itemprop=\"image\" srcset=\"https:\/\/armintour.com\/wp-content\/uploads\/2022\/12\/testimonial-e1488049467378.png 1439w, https:\/\/armintour.com\/wp-content\/uploads\/2022\/12\/testimonial-e1488049467378-300x229.png 300w, https:\/\/armintour.com\/wp-content\/uploads\/2022\/12\/testimonial-e1488049467378-1024x781.png 1024w\" sizes=\"auto, (max-width: 1439px) 100vw, 1439px\" \/><\/div><div class=\"w-person-content\"><h4 itemprop=\"name\" class=\"w-person-name\"><span>M. Vardges Gevorgyan<\/span><\/h4><div class=\"w-person-role\" itemprop=\"jobTitle\">Directeur g\u00e9n\u00e9ral<\/div><\/div><div class=\"w-person-content-alt\"><div class=\"w-person-links\"><div class=\"w-person-links-list\"><a href=\"mailto:management@armintour.com\" class=\"w-person-links-item type_email\" title=\"E-mail\"><i class=\"fas fa-envelope\"><\/i><\/a><\/div><\/div><\/div><\/div><\/div><\/div><div class=\"wpb_column vc_column_container\"><div class=\"vc_column-inner\"><div class=\"w-person layout_trendy with_desc with_socials\" itemscope itemtype=\"https:\/\/schema.org\/Person\"><div class=\"w-person-image\"><img loading=\"lazy\" decoding=\"async\" width=\"1439\" height=\"1098\" src=\"https:\/\/armintour.com\/wp-content\/uploads\/2022\/12\/testimonial-e1488049467378.png\" class=\"attachment-full size-full\" alt=\"\" itemprop=\"image\" srcset=\"https:\/\/armintour.com\/wp-content\/uploads\/2022\/12\/testimonial-e1488049467378.png 1439w, https:\/\/armintour.com\/wp-content\/uploads\/2022\/12\/testimonial-e1488049467378-300x229.png 300w, https:\/\/armintour.com\/wp-content\/uploads\/2022\/12\/testimonial-e1488049467378-1024x781.png 1024w\" sizes=\"auto, (max-width: 1439px) 100vw, 1439px\" \/><\/div><div class=\"w-person-content\"><h4 itemprop=\"name\" class=\"w-person-name\"><span>Mme Lussin\u00e9 Khachatryan<\/span><\/h4><div class=\"w-person-role\" itemprop=\"jobTitle\">Responsable Tourisme<\/div><\/div><div class=\"w-person-content-alt\"><div class=\"w-person-links\"><div class=\"w-person-links-list\"><a href=\"mailto:tourism@armintour.com\" class=\"w-person-links-item type_email\" title=\"E-mail\"><i class=\"fas fa-envelope\"><\/i><\/a><a href=\"http:\/\/tourism-jp@armintour.com\" class=\"w-person-links-item type_facebook\" title=\"Facebook\" target=\"_blank\" rel=\"nofollow\"><i class=\"fab fa-facebook\"><\/i><\/a><a href=\"http:\/\/tourism@armintour.com\" class=\"w-person-links-item type_twitter\" title=\"X\" target=\"_blank\" rel=\"nofollow\"><i class=\"fab fa-x-twitter\"><svg style=\"width:1em; margin-bottom:-.1em;\" xmlns=\"http:\/\/www.w3.org\/2000\/svg\" viewBox=\"0 0 512 512\" role=\"presentation\"><path fill=\"currentColor\" d=\"M389.2 48h70.6L305.6 224.2 487 464H345L233.7 318.6 106.5 464H35.8L200.7 275.5 26.8 48H172.4L272.9 180.9 389.2 48zM364.4 421.8h39.1L151.1 88h-42L364.4 421.8z\"\/><\/svg><\/i><\/a><\/div><\/div><div class=\"w-person-description\" itemprop=\"description\"><p>Responsable de la gestion du tourisme et du d\u00e9partement d\u2019\u00e9v\u00e9nement <\/p>\n<\/div><\/div><\/div><\/div><\/div><div class=\"wpb_column vc_column_container\"><div class=\"vc_column-inner\"><div class=\"w-person layout_trendy with_socials\" itemscope itemtype=\"https:\/\/schema.org\/Person\"><div class=\"w-person-image\"><img loading=\"lazy\" decoding=\"async\" width=\"1439\" height=\"1098\" src=\"https:\/\/armintour.com\/wp-content\/uploads\/2022\/12\/testimonial-e1488049467378.png\" class=\"attachment-full size-full\" alt=\"\" itemprop=\"image\" srcset=\"https:\/\/armintour.com\/wp-content\/uploads\/2022\/12\/testimonial-e1488049467378.png 1439w, https:\/\/armintour.com\/wp-content\/uploads\/2022\/12\/testimonial-e1488049467378-300x229.png 300w, https:\/\/armintour.com\/wp-content\/uploads\/2022\/12\/testimonial-e1488049467378-1024x781.png 1024w\" sizes=\"auto, (max-width: 1439px) 100vw, 1439px\" \/><\/div><div class=\"w-person-content\"><h4 itemprop=\"name\" class=\"w-person-name\"><span>Mme Ani Gharibyan<\/span><\/h4><div class=\"w-person-role\" itemprop=\"jobTitle\">Tour op\u00e9rateur du march\u00e9 allemand<\/div><\/div><div class=\"w-person-content-alt\"><div class=\"w-person-links\"><div class=\"w-person-links-list\"><a href=\"mailto:tourism-de@armintour.com\" class=\"w-person-links-item type_email\" title=\"E-mail\"><i class=\"fas fa-envelope\"><\/i><\/a><\/div><\/div><\/div><\/div><\/div><\/div><\/div><\/div><\/section><section class=\"l-section wpb_row height_auto\"><div class=\"l-section-h i-cf\"><div class=\"g-cols vc_row via_grid cols_3 laptops-cols_inherit tablets-cols_inherit mobiles-cols_1 valign_top type_default stacking_default\"><div class=\"wpb_column vc_column_container\"><div class=\"vc_column-inner\"><div class=\"w-person layout_trendy with_socials\" itemscope itemtype=\"https:\/\/schema.org\/Person\"><div class=\"w-person-image\"><img loading=\"lazy\" decoding=\"async\" width=\"1439\" height=\"1098\" src=\"https:\/\/armintour.com\/wp-content\/uploads\/2022\/12\/testimonial-e1488049467378.png\" class=\"attachment-full size-full\" alt=\"\" itemprop=\"image\" srcset=\"https:\/\/armintour.com\/wp-content\/uploads\/2022\/12\/testimonial-e1488049467378.png 1439w, https:\/\/armintour.com\/wp-content\/uploads\/2022\/12\/testimonial-e1488049467378-300x229.png 300w, https:\/\/armintour.com\/wp-content\/uploads\/2022\/12\/testimonial-e1488049467378-1024x781.png 1024w\" sizes=\"auto, (max-width: 1439px) 100vw, 1439px\" \/><\/div><div class=\"w-person-content\"><h4 itemprop=\"name\" class=\"w-person-name\"><span>Mme Anna Hovhannisyan<\/span><\/h4><div class=\"w-person-role\" itemprop=\"jobTitle\">Tour op\u00e9rateur du march\u00e9 anglais du march\u00e9 russe du march\u00e9 espagnol<\/div><\/div><div class=\"w-person-content-alt\"><div class=\"w-person-links\"><div class=\"w-person-links-list\"><a href=\"mailto:tourism-en@armintour.com\" class=\"w-person-links-item type_email\" title=\"E-mail\"><i class=\"fas fa-envelope\"><\/i><\/a><a href=\"http:\/\/tourism-eu@armintour.com\" class=\"w-person-links-item type_facebook\" title=\"Facebook\" target=\"_blank\" rel=\"nofollow\"><i class=\"fab fa-facebook\"><\/i><\/a><\/div><\/div><\/div><\/div><\/div><\/div><div class=\"wpb_column vc_column_container\"><div class=\"vc_column-inner\"><\/div><\/div><div class=\"wpb_column vc_column_container\"><div class=\"vc_column-inner\"><\/div><\/div><\/div><\/div><\/section>\n","protected":false},"excerpt":{"rendered":"ARMINTOUR (officiellement INTOUR CAF) est une agence de voyage r\u00e9ceptive et ayant d\u2019une exp\u00e9rience professionnelle, des connaissances sp\u00e9cialis\u00e9es et des coll\u00e8gues professionnels, est en mesure d\u2019offrir des services de haute qualit\u00e9 \u00e0 ses clients \u00e9tant les individus et les voyageurs d\u2019affaires. La soci\u00e9t\u00e9 organise \u00e9galement le tourisme de loisirs et pour les individus et pour...","protected":false},"author":1,"featured_media":15740,"parent":0,"menu_order":1,"comment_status":"closed","ping_status":"closed","template":"","meta":{"footnotes":""},"class_list":["post-15820","page","type-page","status-publish","has-post-thumbnail","hentry"],"_links":{"self":[{"href":"https:\/\/armintour.com\/fr\/wp-json\/wp\/v2\/pages\/15820","targetHints":{"allow":["GET"]}}],"collection":[{"href":"https:\/\/armintour.com\/fr\/wp-json\/wp\/v2\/pages"}],"about":[{"href":"https:\/\/armintour.com\/fr\/wp-json\/wp\/v2\/types\/page"}],"author":[{"embeddable":true,"href":"https:\/\/armintour.com\/fr\/wp-json\/wp\/v2\/users\/1"}],"replies":[{"embeddable":true,"href":"https:\/\/armintour.com\/fr\/wp-json\/wp\/v2\/comments?post=15820"}],"version-history":[{"count":4,"href":"https:\/\/armintour.com\/fr\/wp-json\/wp\/v2\/pages\/15820\/revisions"}],"predecessor-version":[{"id":25540,"href":"https:\/\/armintour.com\/fr\/wp-json\/wp\/v2\/pages\/15820\/revisions\/25540"}],"wp:featuredmedia":[{"embeddable":true,"href":"https:\/\/armintour.com\/fr\/wp-json\/wp\/v2\/media\/15740"}],"wp:attachment":[{"href":"https:\/\/armintour.com\/fr\/wp-json\/wp\/v2\/media?parent=15820"}],"curies":[{"name":"wp","href":"https:\/\/api.w.org\/{rel}","templated":true}]}}