{"id":16330,"date":"2023-01-03T12:11:18","date_gmt":"2023-01-03T08:11:18","guid":{"rendered":"https:\/\/intour.lizin.am\/kotayk-marz\/"},"modified":"2023-01-22T19:19:36","modified_gmt":"2023-01-22T15:19:36","slug":"kotayk-marz","status":"publish","type":"page","link":"https:\/\/armintour.com\/fr\/kotayk-marz\/","title":{"rendered":"Kotayk Marz"},"content":{"rendered":"<section class=\"l-section wpb_row height_small\"><div class=\"l-section-h i-cf\"><div class=\"g-cols vc_row via_grid cols_1 laptops-cols_inherit tablets-cols_inherit mobiles-cols_1 valign_top type_default stacking_default\"><div class=\"wpb_column vc_column_container\"><div class=\"vc_column-inner\"><div class=\"wpb_text_column\"><div class=\"wpb_wrapper\"><p><strong>Territoire:<\/strong> 2089 km\u00b2<br \/>\n<strong>Les terres agricoles:<\/strong> 99779 ha<br \/>\n<strong>Y compris les terres arables:<\/strong> 39608 ha<br \/>\n<strong>Population:<\/strong> 253,9 milliers de personnes (2016)<\/p>\n<\/div><\/div><\/div><\/div><\/div><\/div><\/section><section class=\"l-section wpb_row height_small\"><div class=\"l-section-h i-cf\"><div class=\"g-cols vc_row via_grid cols_1 laptops-cols_inherit tablets-cols_inherit mobiles-cols_1 valign_top type_default stacking_default\"><div class=\"wpb_column vc_column_container\"><div class=\"vc_column-inner\"><div class=\"wpb_text_column\"><div class=\"wpb_wrapper\"><p>Du Nord \u00e0 la capital Erevan, est le marz de Kotayk, avec le centre de Hrazdan. Le nom du marz remonte \u00e0 l\u2019Antiquit\u00e9, \u00e0 la p\u00e9riode du patriarche Kt.<br \/>\nLa temp\u00e9rature moyenne en \u00e9t\u00e9 est 19 C et en hiver est -9C. Un tiers du territoire est couverte de bois; le climat est doux. Hrazdan est un centre industriel d\u00e9velopp\u00e9, riche en monuments arch\u00e9ologiques et m\u00e9di\u00e9vaux, en particulier du XIII\u00e8me si\u00e8cle.<br \/>\nTsakhkadzor est consid\u00e9r\u00e9 comme la pierre pr\u00e9cieuse du marz. Il s\u2019agit d\u2019une petite station baln\u00e9aire. Tit est c\u00e9l\u00e8bre pour son complexe sportif, richement \u00e9quip\u00e9 avec de diverses installations sportives n\u00e9cessaires pour les sports d\u2019\u00e9t\u00e9 et d\u2019hiver. Les collines couvertes de neige attirent de nombreux fans de sports d\u2019hiver. La t\u00e9l\u00e9ph\u00e9rique prend les skieurs jusqu\u2019au sommet de la montagne Teghenis, et de l\u00e0 ils peuvent d\u00e9valer la montagne.<br \/>\nUn des monuments les plus remarquables de la p\u00e9riode hell\u00e9nistique est la citadelle et le temple pa\u00efen de Garni, qui \u00e9tait autrefois la famille royale d\u2019\u00e9t\u00e9 de r\u00e9sidence. La citadelle est situ\u00e9e sur un plateau pittoresque triangulaire. Le temple grec de style pa\u00efen, le bain de la maison avec son syst\u00e8me de chauffage souterrain, le palais royal nous admirons avec leur charme principal.<br \/>\n5 km \u00e0 l\u2019est de Garni, dans le profond canyon de Goght, la rigole d\u2019Azar River, dans les grottes les temps anciens et les cellules ont \u00e9t\u00e9 sculpt\u00e9es dans les roches qui ont servi plus tard de base du monast\u00e8re de Geghard. Dans le pass\u00e9, \u00e0 distance, il a \u00e9t\u00e9 appel\u00e9 Ayrivank. Depuis XIII s. en l\u2019honneur de Saint-Speak (Gheghart \u2013 en arm\u00e9nien). Le Christ a \u00e9t\u00e9 pouss\u00e9e avec cela sur la croix,et il a \u00e9t\u00e9 renomm\u00e9 Geghardavank.<\/p>\n<\/div><\/div><\/div><\/div><\/div><\/div><\/section><section class=\"l-section wpb_row height_small\"><div class=\"l-section-h i-cf\"><div class=\"g-cols vc_row via_grid cols_1 laptops-cols_inherit tablets-cols_inherit mobiles-cols_1 valign_top type_default stacking_default\"><div class=\"wpb_column vc_column_container\"><div class=\"vc_column-inner\"><div class=\"w-slider style_none fit_contain nav_dots count_25\"><div class=\"w-slider-h\" aria-hidden=\"true\"><div class=\"royalSlider\"><div class=\"rsContent\"><a class=\"rsImg\" data-rsw=\"1180\" data-rsh=\"787\" data-rsBigImg=\"https:\/\/armintour.com\/wp-content\/uploads\/2022\/12\/Garni-Roman-Temple.jpg\" href=\"https:\/\/armintour.com\/wp-content\/uploads\/2022\/12\/Garni-Roman-Temple.jpg\"><span data-alt=\"\"><\/span><\/a><\/div><div class=\"rsContent\"><a class=\"rsImg\" data-rsw=\"1200\" data-rsh=\"800\" data-rsBigImg=\"https:\/\/armintour.com\/wp-content\/uploads\/2022\/12\/Garni.jpeg\" href=\"https:\/\/armintour.com\/wp-content\/uploads\/2022\/12\/Garni.jpeg\"><span data-alt=\"\"><\/span><\/a><\/div><div class=\"rsContent\"><a class=\"rsImg\" data-rsw=\"2560\" data-rsh=\"1707\" data-rsBigImg=\"https:\/\/armintour.com\/wp-content\/uploads\/2022\/12\/Geghard-cross-stones-scaled.jpg\" href=\"https:\/\/armintour.com\/wp-content\/uploads\/2022\/12\/Geghard-cross-stones-scaled.jpg\"><span data-alt=\"\"><\/span><\/a><\/div><div class=\"rsContent\"><a class=\"rsImg\" data-rsw=\"1239\" data-rsh=\"758\" data-rsBigImg=\"https:\/\/armintour.com\/wp-content\/uploads\/2022\/12\/Geghard.jpg\" href=\"https:\/\/armintour.com\/wp-content\/uploads\/2022\/12\/Geghard.jpg\"><span data-alt=\"\"><\/span><\/a><\/div><div class=\"rsContent\"><a class=\"rsImg\" data-rsw=\"2000\" data-rsh=\"1333\" data-rsBigImg=\"https:\/\/armintour.com\/wp-content\/uploads\/2023\/01\/Monastery-of-Geghard-2.jpg\" href=\"https:\/\/armintour.com\/wp-content\/uploads\/2023\/01\/Monastery-of-Geghard-2.jpg\"><span data-alt=\"\"><\/span><\/a><\/div><div class=\"rsContent\"><a class=\"rsImg\" data-rsw=\"2000\" data-rsh=\"1125\" data-rsBigImg=\"https:\/\/armintour.com\/wp-content\/uploads\/2023\/01\/Tsakhkadzor-1.jpg\" href=\"https:\/\/armintour.com\/wp-content\/uploads\/2023\/01\/Tsakhkadzor-1.jpg\"><span data-alt=\"\"><\/span><\/a><\/div><div class=\"rsContent\"><a class=\"rsImg\" data-rsw=\"2000\" data-rsh=\"1427\" data-rsBigImg=\"https:\/\/armintour.com\/wp-content\/uploads\/2023\/01\/1639139906_40-krot-info-p-armeniya-kanon-debed-krasivie-foto-45.jpg\" href=\"https:\/\/armintour.com\/wp-content\/uploads\/2023\/01\/1639139906_40-krot-info-p-armeniya-kanon-debed-krasivie-foto-45.jpg\"><span data-alt=\"\"><\/span><\/a><\/div><div class=\"rsContent\"><a class=\"rsImg\" data-rsw=\"2000\" data-rsh=\"1125\" data-rsBigImg=\"https:\/\/armintour.com\/wp-content\/uploads\/2023\/01\/Hrazdan.jpg\" href=\"https:\/\/armintour.com\/wp-content\/uploads\/2023\/01\/Hrazdan.jpg\"><span data-alt=\"\"><\/span><\/a><\/div><div class=\"rsContent\"><a class=\"rsImg\" data-rsw=\"1200\" data-rsh=\"900\" data-rsBigImg=\"https:\/\/armintour.com\/wp-content\/uploads\/2023\/01\/Kotayk.jpg\" href=\"https:\/\/armintour.com\/wp-content\/uploads\/2023\/01\/Kotayk.jpg\"><span data-alt=\"\"><\/span><\/a><\/div><div class=\"rsContent\"><a class=\"rsImg\" data-rsw=\"1200\" data-rsh=\"900\" data-rsBigImg=\"https:\/\/armintour.com\/wp-content\/uploads\/2023\/01\/Tsaghkadzor-1.jpg\" href=\"https:\/\/armintour.com\/wp-content\/uploads\/2023\/01\/Tsaghkadzor-1.jpg\"><span data-alt=\"\"><\/span><\/a><\/div><div class=\"rsContent\"><a class=\"rsImg\" data-rsw=\"2000\" data-rsh=\"1333\" data-rsBigImg=\"https:\/\/armintour.com\/wp-content\/uploads\/2023\/01\/Bridge_on_Azat_river_Garni_Kotayk_region_5.jpg\" href=\"https:\/\/armintour.com\/wp-content\/uploads\/2023\/01\/Bridge_on_Azat_river_Garni_Kotayk_region_5.jpg\"><span data-alt=\"\"><\/span><\/a><\/div><div class=\"rsContent\"><a class=\"rsImg\" data-rsw=\"2000\" data-rsh=\"1500\" data-rsBigImg=\"https:\/\/armintour.com\/wp-content\/uploads\/2023\/01\/Azat-River.jpg\" href=\"https:\/\/armintour.com\/wp-content\/uploads\/2023\/01\/Azat-River.jpg\"><span data-alt=\"\"><\/span><\/a><\/div><div class=\"rsContent\"><a class=\"rsImg\" data-rsw=\"2000\" data-rsh=\"1333\" data-rsBigImg=\"https:\/\/armintour.com\/wp-content\/uploads\/2023\/01\/Arzakan-Meghradzor_Sanctuary_024.jpg\" href=\"https:\/\/armintour.com\/wp-content\/uploads\/2023\/01\/Arzakan-Meghradzor_Sanctuary_024.jpg\"><span data-alt=\"\"><\/span><\/a><\/div><div class=\"rsContent\"><a class=\"rsImg\" data-rsw=\"1200\" data-rsh=\"800\" data-rsBigImg=\"https:\/\/armintour.com\/wp-content\/uploads\/2023\/01\/Bridge_on_Azat_River.jpg\" href=\"https:\/\/armintour.com\/wp-content\/uploads\/2023\/01\/Bridge_on_Azat_River.jpg\"><span data-alt=\"\"><\/span><\/a><\/div><div class=\"rsContent\"><a class=\"rsImg\" data-rsw=\"1200\" data-rsh=\"797\" data-rsBigImg=\"https:\/\/armintour.com\/wp-content\/uploads\/2023\/01\/1657956959_11-kartinkin-net-p-reka-araks-priroda-krasivo-foto-12.jpg\" href=\"https:\/\/armintour.com\/wp-content\/uploads\/2023\/01\/1657956959_11-kartinkin-net-p-reka-araks-priroda-krasivo-foto-12.jpg\"><span data-alt=\"\"><\/span><\/a><\/div><div class=\"rsContent\"><a class=\"rsImg\" data-rsw=\"1200\" data-rsh=\"783\" data-rsBigImg=\"https:\/\/armintour.com\/wp-content\/uploads\/2023\/01\/Monastery-of-Geghard-3.jpg\" href=\"https:\/\/armintour.com\/wp-content\/uploads\/2023\/01\/Monastery-of-Geghard-3.jpg\"><span data-alt=\"\"><\/span><\/a><\/div><div class=\"rsContent\"><a class=\"rsImg\" data-rsw=\"1117\" data-rsh=\"743\" data-rsBigImg=\"https:\/\/armintour.com\/wp-content\/uploads\/2023\/01\/Monastery-of-Geghard-1.jpg\" href=\"https:\/\/armintour.com\/wp-content\/uploads\/2023\/01\/Monastery-of-Geghard-1.jpg\"><span data-alt=\"\"><\/span><\/a><\/div><div class=\"rsContent\"><a class=\"rsImg\" data-rsw=\"1400\" data-rsh=\"930\" data-rsBigImg=\"https:\/\/armintour.com\/wp-content\/uploads\/2023\/01\/Tsakhkadzor-in-winter.jpg\" href=\"https:\/\/armintour.com\/wp-content\/uploads\/2023\/01\/Tsakhkadzor-in-winter.jpg\"><span data-alt=\"\"><\/span><\/a><\/div><div class=\"rsContent\"><a class=\"rsImg\" data-rsw=\"1679\" data-rsh=\"1121\" data-rsBigImg=\"https:\/\/armintour.com\/wp-content\/uploads\/2023\/01\/photo.jpg\" href=\"https:\/\/armintour.com\/wp-content\/uploads\/2023\/01\/photo.jpg\"><span data-alt=\"\"><\/span><\/a><\/div><div class=\"rsContent\"><a class=\"rsImg\" data-rsw=\"1080\" data-rsh=\"810\" data-rsBigImg=\"https:\/\/armintour.com\/wp-content\/uploads\/2023\/01\/Tsakhkadzor.jpg\" href=\"https:\/\/armintour.com\/wp-content\/uploads\/2023\/01\/Tsakhkadzor.jpg\"><span data-alt=\"\"><\/span><\/a><\/div><div class=\"rsContent\"><a class=\"rsImg\" data-rsw=\"1200\" data-rsh=\"1200\" data-rsBigImg=\"https:\/\/armintour.com\/wp-content\/uploads\/2023\/01\/Garni.jpg\" href=\"https:\/\/armintour.com\/wp-content\/uploads\/2023\/01\/Garni.jpg\"><span data-alt=\"\"><\/span><\/a><\/div><div class=\"rsContent\"><a class=\"rsImg\" data-rsw=\"1278\" data-rsh=\"919\" data-rsBigImg=\"https:\/\/armintour.com\/wp-content\/uploads\/2023\/01\/Tsakhkadzor-in-winter-1.jpg\" href=\"https:\/\/armintour.com\/wp-content\/uploads\/2023\/01\/Tsakhkadzor-in-winter-1.jpg\"><span data-alt=\"\"><\/span><\/a><\/div><div class=\"rsContent\"><a class=\"rsImg\" data-rsw=\"1200\" data-rsh=\"801\" data-rsBigImg=\"https:\/\/armintour.com\/wp-content\/uploads\/2023\/01\/Kotayk-2.jpg\" href=\"https:\/\/armintour.com\/wp-content\/uploads\/2023\/01\/Kotayk-2.jpg\"><span data-alt=\"\"><\/span><\/a><\/div><div class=\"rsContent\"><a class=\"rsImg\" data-rsw=\"1000\" data-rsh=\"1500\" data-rsBigImg=\"https:\/\/armintour.com\/wp-content\/uploads\/2023\/01\/Hrazdan_Centre_Memorial-church_-_panoramio.jpg\" href=\"https:\/\/armintour.com\/wp-content\/uploads\/2023\/01\/Hrazdan_Centre_Memorial-church_-_panoramio.jpg\"><span data-alt=\"\"><\/span><\/a><\/div><div class=\"rsContent\"><a class=\"rsImg\" data-rsw=\"1274\" data-rsh=\"850\" data-rsBigImg=\"https:\/\/armintour.com\/wp-content\/uploads\/2023\/01\/garni-1078607-1.jpg\" href=\"https:\/\/armintour.com\/wp-content\/uploads\/2023\/01\/garni-1078607-1.jpg\"><span data-alt=\"\"><\/span><\/a><\/div><\/div><img decoding=\"async\" src=\"https:\/\/armintour.com\/wp-content\/uploads\/2022\/12\/Garni-Roman-Temple.jpg\" width=\"1180\" height=\"787\" alt loading=\"lazy\"><\/div><div class=\"w-slider-json\" onclick='return {&quot;autoScaleSlider&quot;:true,&quot;addActiveClass&quot;:true,&quot;loop&quot;:true,&quot;fadeInLoadedSlide&quot;:false,&quot;slidesSpacing&quot;:0,&quot;imageScalePadding&quot;:0,&quot;numImagesToPreload&quot;:2,&quot;arrowsNav&quot;:false,&quot;arrowsNavAutoHide&quot;:false,&quot;transitionType&quot;:&quot;move&quot;,&quot;transitionSpeed&quot;:250,&quot;block&quot;:{&quot;moveEffect&quot;:&quot;none&quot;,&quot;speed&quot;:300},&quot;thumbs&quot;:{&quot;fitInViewport&quot;:false,&quot;firstMargin&quot;:false,&quot;spacing&quot;:4},&quot;controlNavigation&quot;:&quot;bullets&quot;,&quot;autoplay&quot;:{&quot;enabled&quot;:true,&quot;pauseOnHover&quot;:false,&quot;delay&quot;:3000},&quot;fullscreen&quot;:{&quot;enabled&quot;:true},&quot;autoScaleSliderWidth&quot;:1180,&quot;autoScaleSliderHeight&quot;:787}'><\/div><\/div><\/div><\/div><\/div><\/div><\/section>\n","protected":false},"excerpt":{"rendered":"Territoire: 2089 km\u00b2 Les terres agricoles: 99779 ha Y compris les terres arables: 39608 ha Population: 253,9 milliers de personnes (2016) Du Nord \u00e0 la capital Erevan, est le marz de Kotayk, avec le centre de Hrazdan. Le nom du marz remonte \u00e0 l\u2019Antiquit\u00e9, \u00e0 la p\u00e9riode du patriarche Kt. La temp\u00e9rature moyenne en \u00e9t\u00e9...","protected":false},"author":1,"featured_media":16226,"parent":0,"menu_order":0,"comment_status":"closed","ping_status":"closed","template":"","meta":{"footnotes":""},"class_list":["post-16330","page","type-page","status-publish","has-post-thumbnail","hentry"],"_links":{"self":[{"href":"https:\/\/armintour.com\/fr\/wp-json\/wp\/v2\/pages\/16330","targetHints":{"allow":["GET"]}}],"collection":[{"href":"https:\/\/armintour.com\/fr\/wp-json\/wp\/v2\/pages"}],"about":[{"href":"https:\/\/armintour.com\/fr\/wp-json\/wp\/v2\/types\/page"}],"author":[{"embeddable":true,"href":"https:\/\/armintour.com\/fr\/wp-json\/wp\/v2\/users\/1"}],"replies":[{"embeddable":true,"href":"https:\/\/armintour.com\/fr\/wp-json\/wp\/v2\/comments?post=16330"}],"version-history":[{"count":6,"href":"https:\/\/armintour.com\/fr\/wp-json\/wp\/v2\/pages\/16330\/revisions"}],"predecessor-version":[{"id":24742,"href":"https:\/\/armintour.com\/fr\/wp-json\/wp\/v2\/pages\/16330\/revisions\/24742"}],"wp:featuredmedia":[{"embeddable":true,"href":"https:\/\/armintour.com\/fr\/wp-json\/wp\/v2\/media\/16226"}],"wp:attachment":[{"href":"https:\/\/armintour.com\/fr\/wp-json\/wp\/v2\/media?parent=16330"}],"curies":[{"name":"wp","href":"https:\/\/api.w.org\/{rel}","templated":true}]}}