{"id":16525,"date":"2023-01-03T14:58:03","date_gmt":"2023-01-03T10:58:03","guid":{"rendered":"https:\/\/intour.lizin.am\/gegharkunik-marz\/"},"modified":"2023-01-22T19:37:21","modified_gmt":"2023-01-22T15:37:21","slug":"gegharkunik-marz","status":"publish","type":"page","link":"https:\/\/armintour.com\/fr\/gegharkunik-marz\/","title":{"rendered":"Gegharkunik Marz"},"content":{"rendered":"<section class=\"l-section wpb_row height_small\"><div class=\"l-section-h i-cf\"><div class=\"g-cols vc_row via_grid cols_1 laptops-cols_inherit tablets-cols_inherit mobiles-cols_1 valign_top type_default stacking_default\"><div class=\"wpb_column vc_column_container\"><div class=\"vc_column-inner\"><div class=\"wpb_text_column\"><div class=\"wpb_wrapper\"><p><strong>Territoire:<\/strong> 5348 km\u00b2<br \/>\n<strong>Les terres agricoles:<\/strong> 240033 ha<br \/>\n<strong>Y compris les terres arables:<\/strong> 95148 ha<br \/>\n<strong>Population:<\/strong> 231,800 milliers de personnes (2016)<\/p>\n<\/div><\/div><\/div><\/div><\/div><\/div><\/section><section class=\"l-section wpb_row height_small\"><div class=\"l-section-h i-cf\"><div class=\"g-cols vc_row via_grid cols_1 laptops-cols_inherit tablets-cols_inherit mobiles-cols_1 valign_top type_default stacking_default\"><div class=\"wpb_column vc_column_container\"><div class=\"vc_column-inner\"><div class=\"wpb_text_column\"><div class=\"wpb_wrapper\"><p>Le marz de Gegharkunik est situ\u00e9 dans la partie orientale de l\u2019Arm\u00e9nie, \u00e0 1500-1900m d\u2019altitude. Le point culminant est le mont Azhdahak (3598m).<br \/>\nLe centre administratif de la marz est Gavar. Il est un important centre industriel du bassin de Sevan, situ\u00e9 dans les pentes orientales de cha\u00eene de montagnes de Geghama.<br \/>\nLe lac Sevan, l\u2019\u00e9meraude de l\u2019Arm\u00e9nie, est situ\u00e9 dans le centre de la marz. Le nom Sevan est de l\u2019origine Urartian \u2013 Siuna, \u00e7a veut dire, pays des lacs.<br \/>\nLe lac Sevan est 1.900 m\u00e8tres d\u2019altitude. Dans les temps anciens, il a \u00e9t\u00e9 appel\u00e9 le mer Geghama.<br \/>\nSevan est l\u2019un des plus \u00e9lev\u00e9s parmi les lacs d\u2019eau douce dans le monde. Les truites c\u00e9l\u00e8bres, connus sous le nom Ishkan (prince) est la reine de Sevan.<br \/>\nLa p\u00e9ninsule, avec son monast\u00e8re est l\u2019un des secrets de la nature, dans le cours des si\u00e8cles parfois il se transforme en une \u00eele et vice-versa. Il est difficile d\u2019imaginer l\u2019\u00eele de Sevan (il est maintenant p\u00e9ninsule), sans le monast\u00e8re de Sevan. Le complexe est compos\u00e9 de trois \u00e9glises, de parvis, d\u2019 une \u00e9cole et des autres constructions \u00e9glises. Selon les documents historiques, il a \u00e9t\u00e9 construit en 874.<\/p>\n<\/div><\/div><\/div><\/div><\/div><\/div><\/section><section class=\"l-section wpb_row height_small\"><div class=\"l-section-h i-cf\"><div class=\"g-cols vc_row via_grid cols_1 laptops-cols_inherit tablets-cols_inherit mobiles-cols_1 valign_top type_default stacking_default\"><div class=\"wpb_column vc_column_container\"><div class=\"vc_column-inner\"><div class=\"w-slider style_none fit_contain nav_dots count_24\"><div class=\"w-slider-h\" aria-hidden=\"true\"><div class=\"royalSlider\"><div class=\"rsContent\"><a class=\"rsImg\" data-rsw=\"1920\" data-rsh=\"940\" data-rsBigImg=\"https:\/\/armintour.com\/wp-content\/uploads\/2022\/12\/Sevan.jpg\" href=\"https:\/\/armintour.com\/wp-content\/uploads\/2022\/12\/Sevan.jpg\"><span data-alt=\"\"><\/span><\/a><\/div><div class=\"rsContent\"><a class=\"rsImg\" data-rsw=\"900\" data-rsh=\"600\" data-rsBigImg=\"https:\/\/armintour.com\/wp-content\/uploads\/2022\/12\/sevanavank.jpg\" href=\"https:\/\/armintour.com\/wp-content\/uploads\/2022\/12\/sevanavank.jpg\"><span data-alt=\"\"><\/span><\/a><\/div><div class=\"rsContent\"><a class=\"rsImg\" data-rsw=\"2048\" data-rsh=\"1366\" data-rsBigImg=\"https:\/\/armintour.com\/wp-content\/uploads\/2022\/12\/Sevan-Lake.jpg\" href=\"https:\/\/armintour.com\/wp-content\/uploads\/2022\/12\/Sevan-Lake.jpg\"><span data-alt=\"\"><\/span><\/a><\/div><div class=\"rsContent\"><a class=\"rsImg\" data-rsw=\"549\" data-rsh=\"768\" data-rsBigImg=\"https:\/\/armintour.com\/wp-content\/uploads\/2022\/12\/Blue-Sevan-Hotel-3.jpg\" href=\"https:\/\/armintour.com\/wp-content\/uploads\/2022\/12\/Blue-Sevan-Hotel-3.jpg\"><span data-alt=\"\"><\/span><\/a><\/div><div class=\"rsContent\"><a class=\"rsImg\" data-rsw=\"1024\" data-rsh=\"683\" data-rsBigImg=\"https:\/\/armintour.com\/wp-content\/uploads\/2022\/12\/Blue-Sevan-Hotel-11.jpg\" href=\"https:\/\/armintour.com\/wp-content\/uploads\/2022\/12\/Blue-Sevan-Hotel-11.jpg\"><span data-alt=\"\"><\/span><\/a><\/div><div class=\"rsContent\"><a class=\"rsImg\" data-rsw=\"1024\" data-rsh=\"683\" data-rsBigImg=\"https:\/\/armintour.com\/wp-content\/uploads\/2022\/12\/Blue-Sevan-Hotel-10.jpg\" href=\"https:\/\/armintour.com\/wp-content\/uploads\/2022\/12\/Blue-Sevan-Hotel-10.jpg\"><span data-alt=\"\"><\/span><\/a><\/div><div class=\"rsContent\"><a class=\"rsImg\" data-rsw=\"1239\" data-rsh=\"825\" data-rsBigImg=\"https:\/\/armintour.com\/wp-content\/uploads\/2022\/12\/Hayravank.jpg\" href=\"https:\/\/armintour.com\/wp-content\/uploads\/2022\/12\/Hayravank.jpg\"><span data-alt=\"\"><\/span><\/a><\/div><div class=\"rsContent\"><a class=\"rsImg\" data-rsw=\"1920\" data-rsh=\"1080\" data-rsBigImg=\"https:\/\/armintour.com\/wp-content\/uploads\/2023\/01\/1648747319_7-vsegda-pomnim-com-p-ozero-sevan-plyazh-foto-8.jpg\" href=\"https:\/\/armintour.com\/wp-content\/uploads\/2023\/01\/1648747319_7-vsegda-pomnim-com-p-ozero-sevan-plyazh-foto-8.jpg\"><span data-alt=\"\"><\/span><\/a><\/div><div class=\"rsContent\"><a class=\"rsImg\" data-rsw=\"2000\" data-rsh=\"1333\" data-rsBigImg=\"https:\/\/armintour.com\/wp-content\/uploads\/2023\/01\/Hayravank.jpg\" href=\"https:\/\/armintour.com\/wp-content\/uploads\/2023\/01\/Hayravank.jpg\"><span data-alt=\"\"><\/span><\/a><\/div><div class=\"rsContent\"><a class=\"rsImg\" data-rsw=\"1080\" data-rsh=\"1080\" data-rsBigImg=\"https:\/\/armintour.com\/wp-content\/uploads\/2023\/01\/ozero-sevan-345.jpg\" href=\"https:\/\/armintour.com\/wp-content\/uploads\/2023\/01\/ozero-sevan-345.jpg\"><span data-alt=\"\"><\/span><\/a><\/div><div class=\"rsContent\"><a class=\"rsImg\" data-rsw=\"1200\" data-rsh=\"900\" data-rsBigImg=\"https:\/\/armintour.com\/wp-content\/uploads\/2023\/01\/scale_1200.jpg\" href=\"https:\/\/armintour.com\/wp-content\/uploads\/2023\/01\/scale_1200.jpg\"><span data-alt=\"\"><\/span><\/a><\/div><div class=\"rsContent\"><a class=\"rsImg\" data-rsw=\"2000\" data-rsh=\"1125\" data-rsBigImg=\"https:\/\/armintour.com\/wp-content\/uploads\/2023\/01\/ozero-sevan-34.jpg\" href=\"https:\/\/armintour.com\/wp-content\/uploads\/2023\/01\/ozero-sevan-34.jpg\"><span data-alt=\"\"><\/span><\/a><\/div><div class=\"rsContent\"><a class=\"rsImg\" data-rsw=\"2000\" data-rsh=\"1500\" data-rsBigImg=\"https:\/\/armintour.com\/wp-content\/uploads\/2023\/01\/ozero-sevan-11.jpg\" href=\"https:\/\/armintour.com\/wp-content\/uploads\/2023\/01\/ozero-sevan-11.jpg\"><span data-alt=\"\"><\/span><\/a><\/div><div class=\"rsContent\"><a class=\"rsImg\" data-rsw=\"2000\" data-rsh=\"667\" data-rsBigImg=\"https:\/\/armintour.com\/wp-content\/uploads\/2023\/01\/Mount_Azhdahak_-_panoramio.jpg\" href=\"https:\/\/armintour.com\/wp-content\/uploads\/2023\/01\/Mount_Azhdahak_-_panoramio.jpg\"><span data-alt=\"\"><\/span><\/a><\/div><div class=\"rsContent\"><a class=\"rsImg\" data-rsw=\"1200\" data-rsh=\"784\" data-rsBigImg=\"https:\/\/armintour.com\/wp-content\/uploads\/2023\/01\/ozero-sevan.jpg\" href=\"https:\/\/armintour.com\/wp-content\/uploads\/2023\/01\/ozero-sevan.jpg\"><span data-alt=\"\"><\/span><\/a><\/div><div class=\"rsContent\"><a class=\"rsImg\" data-rsw=\"1200\" data-rsh=\"900\" data-rsBigImg=\"https:\/\/armintour.com\/wp-content\/uploads\/2023\/01\/1648753892_49-vsegda-pomnim-com-p-yerevan-ozero-sevan-foto-52.jpg\" href=\"https:\/\/armintour.com\/wp-content\/uploads\/2023\/01\/1648753892_49-vsegda-pomnim-com-p-yerevan-ozero-sevan-foto-52.jpg\"><span data-alt=\"\"><\/span><\/a><\/div><div class=\"rsContent\"><a class=\"rsImg\" data-rsw=\"1600\" data-rsh=\"1200\" data-rsBigImg=\"https:\/\/armintour.com\/wp-content\/uploads\/2023\/01\/61aff0befb14827a4910cff1.1600x1200.jpeg\" href=\"https:\/\/armintour.com\/wp-content\/uploads\/2023\/01\/61aff0befb14827a4910cff1.1600x1200.jpeg\"><span data-alt=\"\"><\/span><\/a><\/div><div class=\"rsContent\"><a class=\"rsImg\" data-rsw=\"1600\" data-rsh=\"1200\" data-rsBigImg=\"https:\/\/armintour.com\/wp-content\/uploads\/2023\/01\/1647461554_8-vsegda-pomnim-com-p-ozero-sevan-foto-8.jpg\" href=\"https:\/\/armintour.com\/wp-content\/uploads\/2023\/01\/1647461554_8-vsegda-pomnim-com-p-ozero-sevan-foto-8.jpg\"><span data-alt=\"\"><\/span><\/a><\/div><div class=\"rsContent\"><a class=\"rsImg\" data-rsw=\"1200\" data-rsh=\"800\" data-rsBigImg=\"https:\/\/armintour.com\/wp-content\/uploads\/2023\/01\/Lake_Sevan_with_Sevanavank.jpg\" href=\"https:\/\/armintour.com\/wp-content\/uploads\/2023\/01\/Lake_Sevan_with_Sevanavank.jpg\"><span data-alt=\"\"><\/span><\/a><\/div><div class=\"rsContent\"><a class=\"rsImg\" data-rsw=\"1280\" data-rsh=\"853\" data-rsBigImg=\"https:\/\/armintour.com\/wp-content\/uploads\/2023\/01\/1657805317_17-kartinkin-net-p-ozero-sevan-priroda-krasivo-foto-17.jpg\" href=\"https:\/\/armintour.com\/wp-content\/uploads\/2023\/01\/1657805317_17-kartinkin-net-p-ozero-sevan-priroda-krasivo-foto-17.jpg\"><span data-alt=\"\"><\/span><\/a><\/div><div class=\"rsContent\"><a class=\"rsImg\" data-rsw=\"1333\" data-rsh=\"1000\" data-rsBigImg=\"https:\/\/armintour.com\/wp-content\/uploads\/2023\/01\/azhdahak.jpg\" href=\"https:\/\/armintour.com\/wp-content\/uploads\/2023\/01\/azhdahak.jpg\"><span data-alt=\"\"><\/span><\/a><\/div><div class=\"rsContent\"><a class=\"rsImg\" data-rsw=\"1200\" data-rsh=\"900\" data-rsBigImg=\"https:\/\/armintour.com\/wp-content\/uploads\/2023\/01\/Gandzak.jpg\" href=\"https:\/\/armintour.com\/wp-content\/uploads\/2023\/01\/Gandzak.jpg\"><span data-alt=\"\"><\/span><\/a><\/div><div class=\"rsContent\"><a class=\"rsImg\" data-rsw=\"1100\" data-rsh=\"825\" data-rsBigImg=\"https:\/\/armintour.com\/wp-content\/uploads\/2023\/01\/fullsize.jpg\" href=\"https:\/\/armintour.com\/wp-content\/uploads\/2023\/01\/fullsize.jpg\"><span data-alt=\"\"><\/span><\/a><\/div><div class=\"rsContent\"><a class=\"rsImg\" data-rsw=\"1087\" data-rsh=\"743\" data-rsBigImg=\"https:\/\/armintour.com\/wp-content\/uploads\/2023\/01\/1630080104_26-kartinkin-com-p-armyanskaya-riba-ishkhan-yeda-krasivo-foto-28.jpg\" href=\"https:\/\/armintour.com\/wp-content\/uploads\/2023\/01\/1630080104_26-kartinkin-com-p-armyanskaya-riba-ishkhan-yeda-krasivo-foto-28.jpg\"><span data-alt=\"\"><\/span><\/a><\/div><\/div><img decoding=\"async\" src=\"https:\/\/armintour.com\/wp-content\/uploads\/2022\/12\/Sevan.jpg\" width=\"1920\" height=\"940\" alt loading=\"lazy\"><\/div><div class=\"w-slider-json\" onclick='return {&quot;autoScaleSlider&quot;:true,&quot;addActiveClass&quot;:true,&quot;loop&quot;:true,&quot;fadeInLoadedSlide&quot;:false,&quot;slidesSpacing&quot;:0,&quot;imageScalePadding&quot;:0,&quot;numImagesToPreload&quot;:2,&quot;arrowsNav&quot;:false,&quot;arrowsNavAutoHide&quot;:false,&quot;transitionType&quot;:&quot;move&quot;,&quot;transitionSpeed&quot;:250,&quot;block&quot;:{&quot;moveEffect&quot;:&quot;none&quot;,&quot;speed&quot;:300},&quot;thumbs&quot;:{&quot;fitInViewport&quot;:false,&quot;firstMargin&quot;:false,&quot;spacing&quot;:4},&quot;controlNavigation&quot;:&quot;bullets&quot;,&quot;autoplay&quot;:{&quot;enabled&quot;:true,&quot;pauseOnHover&quot;:false,&quot;delay&quot;:3000},&quot;fullscreen&quot;:{&quot;enabled&quot;:true},&quot;autoScaleSliderWidth&quot;:1920,&quot;autoScaleSliderHeight&quot;:940}'><\/div><\/div><\/div><\/div><\/div><\/div><\/section>\n","protected":false},"excerpt":{"rendered":"Territoire: 5348 km\u00b2 Les terres agricoles: 240033 ha Y compris les terres arables: 95148 ha Population: 231,800 milliers de personnes (2016) Le marz de Gegharkunik est situ\u00e9 dans la partie orientale de l\u2019Arm\u00e9nie, \u00e0 1500-1900m d\u2019altitude. Le point culminant est le mont Azhdahak (3598m). Le centre administratif de la marz est Gavar. Il est un...","protected":false},"author":1,"featured_media":16437,"parent":0,"menu_order":0,"comment_status":"closed","ping_status":"closed","template":"","meta":{"footnotes":""},"class_list":["post-16525","page","type-page","status-publish","has-post-thumbnail","hentry"],"_links":{"self":[{"href":"https:\/\/armintour.com\/fr\/wp-json\/wp\/v2\/pages\/16525","targetHints":{"allow":["GET"]}}],"collection":[{"href":"https:\/\/armintour.com\/fr\/wp-json\/wp\/v2\/pages"}],"about":[{"href":"https:\/\/armintour.com\/fr\/wp-json\/wp\/v2\/types\/page"}],"author":[{"embeddable":true,"href":"https:\/\/armintour.com\/fr\/wp-json\/wp\/v2\/users\/1"}],"replies":[{"embeddable":true,"href":"https:\/\/armintour.com\/fr\/wp-json\/wp\/v2\/comments?post=16525"}],"version-history":[{"count":3,"href":"https:\/\/armintour.com\/fr\/wp-json\/wp\/v2\/pages\/16525\/revisions"}],"predecessor-version":[{"id":24752,"href":"https:\/\/armintour.com\/fr\/wp-json\/wp\/v2\/pages\/16525\/revisions\/24752"}],"wp:featuredmedia":[{"embeddable":true,"href":"https:\/\/armintour.com\/fr\/wp-json\/wp\/v2\/media\/16437"}],"wp:attachment":[{"href":"https:\/\/armintour.com\/fr\/wp-json\/wp\/v2\/media?parent=16525"}],"curies":[{"name":"wp","href":"https:\/\/api.w.org\/{rel}","templated":true}]}}