{"id":16679,"date":"2023-01-03T17:41:49","date_gmt":"2023-01-03T13:41:49","guid":{"rendered":"https:\/\/intour.lizin.am\/armavir-marz\/"},"modified":"2023-01-22T19:41:11","modified_gmt":"2023-01-22T15:41:11","slug":"armavir-marz","status":"publish","type":"page","link":"https:\/\/armintour.com\/fr\/armavir-marz\/","title":{"rendered":"Armavir Marz"},"content":{"rendered":"<section class=\"l-section wpb_row height_small\"><div class=\"l-section-h i-cf\"><div class=\"g-cols vc_row via_grid cols_1 laptops-cols_inherit tablets-cols_inherit mobiles-cols_1 valign_top type_default stacking_default\"><div class=\"wpb_column vc_column_container\"><div class=\"vc_column-inner\"><div class=\"wpb_text_column\"><div class=\"wpb_wrapper\"><p><strong>Territory:<\/strong> 1254 km\u00b2<br \/>\n<strong>Les terres agricoles:<\/strong> 70049 ha<br \/>\n<strong>Y compris les terres arables:<\/strong> 39399ha<br \/>\n<strong>Population:<\/strong> 266,6 milliers de personnes (2016)<\/p>\n<\/div><\/div><\/div><\/div><\/div><\/div><\/section><section class=\"l-section wpb_row height_small\"><div class=\"l-section-h i-cf\"><div class=\"g-cols vc_row via_grid cols_1 laptops-cols_inherit tablets-cols_inherit mobiles-cols_1 valign_top type_default stacking_default\"><div class=\"wpb_column vc_column_container\"><div class=\"vc_column-inner\"><div class=\"wpb_text_column\"><div class=\"wpb_wrapper\"><p>Le Marz d\u2019Armavir est situ\u00e9 au sud de Aragatsotn marz et a \u00e9t\u00e9 nomm\u00e9 d\u2019apr\u00e8s l\u2019une des premi\u00e8res capitales de l\u2019Arm\u00e9nie-Armavir.<br \/>\nArmavir se trouve entre les montagnes d\u2019Ararat et Aragats. Le marz d\u2019Armavir a un endroit ensoleill\u00e9, le climat sec et continental. Le lac Metsamor est le seul r\u00e9servoir naturel de l\u2019eau ici. Il est \u00e0 noter que \u00ables vers rouges\u201d \u2013 cochenille, les insectes sp\u00e9ciaux qui ont \u00e9t\u00e9 utilis\u00e9s pour la production de colorants peut-e trouve dans les vall\u00e9es de la marz.<br \/>\nL\u2019architecture a \u00e9t\u00e9 d\u00e9velopp\u00e9e ici depuis les temps pr\u00e9historiques, Parmi les nombreux t\u00e9moignages sont les ruines de forteresses cyclop\u00e9ennes, des lieux de s\u00e9pulture et les b\u00e2timents du palais. Metsamor a une histoire de 7000 ans, la ville forteresse Argishtikhinili (VIII B.C.-IV A.D.), quatre capitales arm\u00e9niennes sur un total de treize ont \u00e9t\u00e9 situ\u00e9s sur le territoire de cette marz: Armavir, Yervandashat, Bagaran et Vagharshapat.<br \/>\nVagharshapat est en quelque distance de 15 minutes de la capital actuelle Erevan, et a \u00e9t\u00e9 connu depuis 570-560 B.C. Il \u00e9tait le roi arm\u00e9nien Vagharsh (117-140 AD) qui a fait la ville de la capitale d\u2019Arm\u00e9nie.<br \/>\nApr\u00e8s l\u2019adoption du christianisme, le roi arm\u00e9nien Trdat III d\u00e9truit le temple pa\u00efen en Vagharshapat et fonde \u00e0 sa place la Cath\u00e9drale Sainte-M\u00e8re de Saint Etchmiadzine. Le nom (descente du Fils unique venu) provient d\u2019une l\u00e9gende selon laquelle saint Gr\u00e9goire l\u2019Illuminateur dans un r\u00eave, vit le Christ descendant avec un marteau ign\u00e9e dans sa main et en montrant l\u2019endroit o\u00f9 la cath\u00e9drale devait \u00eatre construite.<\/p>\n<\/div><\/div><\/div><\/div><\/div><\/div><\/section><section class=\"l-section wpb_row height_small\"><div class=\"l-section-h i-cf\"><div class=\"g-cols vc_row via_grid cols_1 laptops-cols_inherit tablets-cols_inherit mobiles-cols_1 valign_top type_default stacking_default\"><div class=\"wpb_column vc_column_container\"><div class=\"vc_column-inner\"><div class=\"w-slider style_none fit_contain nav_dots count_25\"><div class=\"w-slider-h\" aria-hidden=\"true\"><div class=\"royalSlider\"><div class=\"rsContent\"><a class=\"rsImg\" data-rsw=\"1200\" data-rsh=\"800\" data-rsBigImg=\"https:\/\/armintour.com\/wp-content\/uploads\/2022\/12\/Temple-of-Zvartnots.jpg\" href=\"https:\/\/armintour.com\/wp-content\/uploads\/2022\/12\/Temple-of-Zvartnots.jpg\"><span data-alt=\"\"><\/span><\/a><\/div><div class=\"rsContent\"><a class=\"rsImg\" data-rsw=\"1880\" data-rsh=\"1408\" data-rsBigImg=\"https:\/\/armintour.com\/wp-content\/uploads\/2022\/12\/Zvartnots.jpg\" href=\"https:\/\/armintour.com\/wp-content\/uploads\/2022\/12\/Zvartnots.jpg\"><span data-alt=\"\"><\/span><\/a><\/div><div class=\"rsContent\"><a class=\"rsImg\" data-rsw=\"2000\" data-rsh=\"1333\" data-rsBigImg=\"https:\/\/armintour.com\/wp-content\/uploads\/2022\/12\/Zvartnots-1.jpg\" href=\"https:\/\/armintour.com\/wp-content\/uploads\/2022\/12\/Zvartnots-1.jpg\"><span data-alt=\"\"><\/span><\/a><\/div><div class=\"rsContent\"><a class=\"rsImg\" data-rsw=\"1000\" data-rsh=\"816\" data-rsBigImg=\"https:\/\/armintour.com\/wp-content\/uploads\/2022\/12\/Echmiatsin-2.1.jpg\" href=\"https:\/\/armintour.com\/wp-content\/uploads\/2022\/12\/Echmiatsin-2.1.jpg\"><span data-alt=\"\"><\/span><\/a><\/div><div class=\"rsContent\"><a class=\"rsImg\" data-rsw=\"1920\" data-rsh=\"2560\" data-rsBigImg=\"https:\/\/armintour.com\/wp-content\/uploads\/2022\/12\/Bell_Tower_Echmiadzin-scaled.jpg\" href=\"https:\/\/armintour.com\/wp-content\/uploads\/2022\/12\/Bell_Tower_Echmiadzin-scaled.jpg\"><span data-alt=\"\"><\/span><\/a><\/div><div class=\"rsContent\"><a class=\"rsImg\" data-rsw=\"960\" data-rsh=\"600\" data-rsBigImg=\"https:\/\/armintour.com\/wp-content\/uploads\/2022\/12\/Echmiadzin-1.jpg\" href=\"https:\/\/armintour.com\/wp-content\/uploads\/2022\/12\/Echmiadzin-1.jpg\"><span data-alt=\"\"><\/span><\/a><\/div><div class=\"rsContent\"><a class=\"rsImg\" data-rsw=\"1024\" data-rsh=\"680\" data-rsBigImg=\"https:\/\/armintour.com\/wp-content\/uploads\/2022\/12\/St.-Hripsime-Church.jpg\" href=\"https:\/\/armintour.com\/wp-content\/uploads\/2022\/12\/St.-Hripsime-Church.jpg\"><span data-alt=\"\"><\/span><\/a><\/div><div class=\"rsContent\"><a class=\"rsImg\" data-rsw=\"2000\" data-rsh=\"1334\" data-rsBigImg=\"https:\/\/armintour.com\/wp-content\/uploads\/2022\/12\/Etchmiadzin-Cathedral-inner.jpg\" href=\"https:\/\/armintour.com\/wp-content\/uploads\/2022\/12\/Etchmiadzin-Cathedral-inner.jpg\"><span data-alt=\"\"><\/span><\/a><\/div><div class=\"rsContent\"><a class=\"rsImg\" data-rsw=\"1583\" data-rsh=\"1274\" data-rsBigImg=\"https:\/\/armintour.com\/wp-content\/uploads\/2022\/12\/Etchmiadzin-Cathedral.jpg\" href=\"https:\/\/armintour.com\/wp-content\/uploads\/2022\/12\/Etchmiadzin-Cathedral.jpg\"><span data-alt=\"\"><\/span><\/a><\/div><div class=\"rsContent\"><a class=\"rsImg\" data-rsw=\"2000\" data-rsh=\"1339\" data-rsBigImg=\"https:\/\/armintour.com\/wp-content\/uploads\/2023\/01\/metsamor-lake.jpg\" href=\"https:\/\/armintour.com\/wp-content\/uploads\/2023\/01\/metsamor-lake.jpg\"><span data-alt=\"\"><\/span><\/a><\/div><div class=\"rsContent\"><a class=\"rsImg\" data-rsw=\"1200\" data-rsh=\"900\" data-rsBigImg=\"https:\/\/armintour.com\/wp-content\/uploads\/2023\/01\/S._Hripsime.jpg\" href=\"https:\/\/armintour.com\/wp-content\/uploads\/2023\/01\/S._Hripsime.jpg\"><span data-alt=\"\"><\/span><\/a><\/div><div class=\"rsContent\"><a class=\"rsImg\" data-rsw=\"2000\" data-rsh=\"1334\" data-rsBigImg=\"https:\/\/armintour.com\/wp-content\/uploads\/2023\/01\/Armenia_Temples_Church_Armavir.jpg\" href=\"https:\/\/armintour.com\/wp-content\/uploads\/2023\/01\/Armenia_Temples_Church_Armavir.jpg\"><span data-alt=\"\"><\/span><\/a><\/div><div class=\"rsContent\"><a class=\"rsImg\" data-rsw=\"2000\" data-rsh=\"1333\" data-rsBigImg=\"https:\/\/armintour.com\/wp-content\/uploads\/2023\/01\/Echmiatsin_open_air_altar.jpg\" href=\"https:\/\/armintour.com\/wp-content\/uploads\/2023\/01\/Echmiatsin_open_air_altar.jpg\"><span data-alt=\"\"><\/span><\/a><\/div><div class=\"rsContent\"><a class=\"rsImg\" data-rsw=\"2000\" data-rsh=\"1500\" data-rsBigImg=\"https:\/\/armintour.com\/wp-content\/uploads\/2023\/01\/Tagnap.jpg\" href=\"https:\/\/armintour.com\/wp-content\/uploads\/2023\/01\/Tagnap.jpg\"><span data-alt=\"\"><\/span><\/a><\/div><div class=\"rsContent\"><a class=\"rsImg\" data-rsw=\"2000\" data-rsh=\"1500\" data-rsBigImg=\"https:\/\/armintour.com\/wp-content\/uploads\/2023\/01\/Surb-Gayane.jpg\" href=\"https:\/\/armintour.com\/wp-content\/uploads\/2023\/01\/Surb-Gayane.jpg\"><span data-alt=\"\"><\/span><\/a><\/div><div class=\"rsContent\"><a class=\"rsImg\" data-rsw=\"2000\" data-rsh=\"1333\" data-rsBigImg=\"https:\/\/armintour.com\/wp-content\/uploads\/2023\/01\/Temples_Armenia_Armavir_Trees_Cross_512897_5616x3744.jpg\" href=\"https:\/\/armintour.com\/wp-content\/uploads\/2023\/01\/Temples_Armenia_Armavir_Trees_Cross_512897_5616x3744.jpg\"><span data-alt=\"\"><\/span><\/a><\/div><div class=\"rsContent\"><a class=\"rsImg\" data-rsw=\"1500\" data-rsh=\"1000\" data-rsBigImg=\"https:\/\/armintour.com\/wp-content\/uploads\/2023\/01\/266074294.jpg\" href=\"https:\/\/armintour.com\/wp-content\/uploads\/2023\/01\/266074294.jpg\"><span data-alt=\"\"><\/span><\/a><\/div><div class=\"rsContent\"><a class=\"rsImg\" data-rsw=\"1280\" data-rsh=\"916\" data-rsBigImg=\"https:\/\/armintour.com\/wp-content\/uploads\/2023\/01\/303.jpg\" href=\"https:\/\/armintour.com\/wp-content\/uploads\/2023\/01\/303.jpg\"><span data-alt=\"\"><\/span><\/a><\/div><div class=\"rsContent\"><a class=\"rsImg\" data-rsw=\"1239\" data-rsh=\"826\" data-rsBigImg=\"https:\/\/armintour.com\/wp-content\/uploads\/2023\/01\/Gayane.jpg\" href=\"https:\/\/armintour.com\/wp-content\/uploads\/2023\/01\/Gayane.jpg\"><span data-alt=\"\"><\/span><\/a><\/div><div class=\"rsContent\"><a class=\"rsImg\" data-rsw=\"1280\" data-rsh=\"960\" data-rsBigImg=\"https:\/\/armintour.com\/wp-content\/uploads\/2023\/01\/Yervandashat.jpg\" href=\"https:\/\/armintour.com\/wp-content\/uploads\/2023\/01\/Yervandashat.jpg\"><span data-alt=\"\"><\/span><\/a><\/div><div class=\"rsContent\"><a class=\"rsImg\" data-rsw=\"1200\" data-rsh=\"769\" data-rsBigImg=\"https:\/\/armintour.com\/wp-content\/uploads\/2023\/01\/argishtikhinili.jpg\" href=\"https:\/\/armintour.com\/wp-content\/uploads\/2023\/01\/argishtikhinili.jpg\"><span data-alt=\"\"><\/span><\/a><\/div><div class=\"rsContent\"><a class=\"rsImg\" data-rsw=\"1200\" data-rsh=\"800\" data-rsBigImg=\"https:\/\/armintour.com\/wp-content\/uploads\/2023\/01\/hqdefault.jpeg\" href=\"https:\/\/armintour.com\/wp-content\/uploads\/2023\/01\/hqdefault.jpeg\"><span data-alt=\"\"><\/span><\/a><\/div><div class=\"rsContent\"><a class=\"rsImg\" data-rsw=\"1200\" data-rsh=\"800\" data-rsBigImg=\"https:\/\/armintour.com\/wp-content\/uploads\/2023\/01\/19226013_34da2f4fe12eb79fbfda5bd33748cd3e.jpg\" href=\"https:\/\/armintour.com\/wp-content\/uploads\/2023\/01\/19226013_34da2f4fe12eb79fbfda5bd33748cd3e.jpg\"><span data-alt=\"\"><\/span><\/a><\/div><div class=\"rsContent\"><a class=\"rsImg\" data-rsw=\"1900\" data-rsh=\"1258\" data-rsBigImg=\"https:\/\/armintour.com\/wp-content\/uploads\/2023\/01\/image254892.jpg\" href=\"https:\/\/armintour.com\/wp-content\/uploads\/2023\/01\/image254892.jpg\"><span data-alt=\"\"><\/span><\/a><\/div><div class=\"rsContent\"><a class=\"rsImg\" data-rsw=\"1900\" data-rsh=\"1258\" data-rsBigImg=\"https:\/\/armintour.com\/wp-content\/uploads\/2023\/01\/image254883.jpg\" href=\"https:\/\/armintour.com\/wp-content\/uploads\/2023\/01\/image254883.jpg\"><span data-alt=\"\"><\/span><\/a><\/div><\/div><img decoding=\"async\" src=\"https:\/\/armintour.com\/wp-content\/uploads\/2022\/12\/Temple-of-Zvartnots.jpg\" width=\"1200\" height=\"800\" alt loading=\"lazy\"><\/div><div class=\"w-slider-json\" onclick='return {&quot;autoScaleSlider&quot;:true,&quot;addActiveClass&quot;:true,&quot;loop&quot;:true,&quot;fadeInLoadedSlide&quot;:false,&quot;slidesSpacing&quot;:0,&quot;imageScalePadding&quot;:0,&quot;numImagesToPreload&quot;:2,&quot;arrowsNav&quot;:false,&quot;arrowsNavAutoHide&quot;:false,&quot;transitionType&quot;:&quot;move&quot;,&quot;transitionSpeed&quot;:250,&quot;block&quot;:{&quot;moveEffect&quot;:&quot;none&quot;,&quot;speed&quot;:300},&quot;thumbs&quot;:{&quot;fitInViewport&quot;:false,&quot;firstMargin&quot;:false,&quot;spacing&quot;:4},&quot;controlNavigation&quot;:&quot;bullets&quot;,&quot;autoplay&quot;:{&quot;enabled&quot;:true,&quot;pauseOnHover&quot;:false,&quot;delay&quot;:3000},&quot;fullscreen&quot;:{&quot;enabled&quot;:true},&quot;autoScaleSliderWidth&quot;:1200,&quot;autoScaleSliderHeight&quot;:800}'><\/div><\/div><\/div><\/div><\/div><\/div><\/section>\n","protected":false},"excerpt":{"rendered":"Territory: 1254 km\u00b2 Les terres agricoles: 70049 ha Y compris les terres arables: 39399ha Population: 266,6 milliers de personnes (2016) Le Marz d\u2019Armavir est situ\u00e9 au sud de Aragatsotn marz et a \u00e9t\u00e9 nomm\u00e9 d\u2019apr\u00e8s l\u2019une des premi\u00e8res capitales de l\u2019Arm\u00e9nie-Armavir. Armavir se trouve entre les montagnes d\u2019Ararat et Aragats. Le marz d\u2019Armavir a un...","protected":false},"author":1,"featured_media":16599,"parent":0,"menu_order":0,"comment_status":"closed","ping_status":"closed","template":"","meta":{"footnotes":""},"class_list":["post-16679","page","type-page","status-publish","has-post-thumbnail","hentry"],"_links":{"self":[{"href":"https:\/\/armintour.com\/fr\/wp-json\/wp\/v2\/pages\/16679","targetHints":{"allow":["GET"]}}],"collection":[{"href":"https:\/\/armintour.com\/fr\/wp-json\/wp\/v2\/pages"}],"about":[{"href":"https:\/\/armintour.com\/fr\/wp-json\/wp\/v2\/types\/page"}],"author":[{"embeddable":true,"href":"https:\/\/armintour.com\/fr\/wp-json\/wp\/v2\/users\/1"}],"replies":[{"embeddable":true,"href":"https:\/\/armintour.com\/fr\/wp-json\/wp\/v2\/comments?post=16679"}],"version-history":[{"count":3,"href":"https:\/\/armintour.com\/fr\/wp-json\/wp\/v2\/pages\/16679\/revisions"}],"predecessor-version":[{"id":24761,"href":"https:\/\/armintour.com\/fr\/wp-json\/wp\/v2\/pages\/16679\/revisions\/24761"}],"wp:featuredmedia":[{"embeddable":true,"href":"https:\/\/armintour.com\/fr\/wp-json\/wp\/v2\/media\/16599"}],"wp:attachment":[{"href":"https:\/\/armintour.com\/fr\/wp-json\/wp\/v2\/media?parent=16679"}],"curies":[{"name":"wp","href":"https:\/\/api.w.org\/{rel}","templated":true}]}}