{"id":16745,"date":"2023-01-03T18:24:29","date_gmt":"2023-01-03T14:24:29","guid":{"rendered":"https:\/\/intour.lizin.am\/ararat-marz\/"},"modified":"2023-01-22T19:47:11","modified_gmt":"2023-01-22T15:47:11","slug":"ararat-marz","status":"publish","type":"page","link":"https:\/\/armintour.com\/fr\/ararat-marz\/","title":{"rendered":"Ararat Marz"},"content":{"rendered":"<section class=\"l-section wpb_row height_small\"><div class=\"l-section-h i-cf\"><div class=\"g-cols vc_row via_grid cols_1 laptops-cols_inherit tablets-cols_inherit mobiles-cols_1 valign_top type_default stacking_default\"><div class=\"wpb_column vc_column_container\"><div class=\"vc_column-inner\"><div class=\"wpb_text_column\"><div class=\"wpb_wrapper\"><p><strong>Territoire:<\/strong> 2096 km\u00b2<br \/>\n<strong>Les terres agricoles:<\/strong> 88700 ha<br \/>\n<strong>Y compris les terres arables:<\/strong> 33300 ha<br \/>\n<strong>Population:<\/strong> 258,9 milliers de personnes(2016)<\/p>\n<\/div><\/div><\/div><\/div><\/div><\/div><\/section><section class=\"l-section wpb_row height_small\"><div class=\"l-section-h i-cf\"><div class=\"g-cols vc_row via_grid cols_1 laptops-cols_inherit tablets-cols_inherit mobiles-cols_1 valign_top type_default stacking_default\"><div class=\"wpb_column vc_column_container\"><div class=\"vc_column-inner\"><div class=\"wpb_text_column\"><div class=\"wpb_wrapper\"><p>Le marz est situ\u00e9 dans la partie occidentale de l\u2019Arm\u00e9nie, au sud d\u2019Erevan. Le centre de marz est Artashat. La route principale s\u2019\u00e9tend \u00e0 travers le territoire de la marz le long de la rive gauche de la rivi\u00e8re Araxe, le mont Ararat (5165m) et la fronti\u00e8re d\u2019\u00c9tat sur sa droite. Le panorama impressionnant du Mont Ararat, sa hauteur inaccessible, et les ab\u00eemes profonds a eu une grande influence sur l\u2019Arm\u00e9nie et est devenu un objet de culte et de la mythologie. Selon la Bible, Ararat est connect\u00e9 avec le nom de No\u00e9, dont le nom symbolise la nouvelle histoire de l\u2019humanit\u00e9.<br \/>\nLe principal int\u00e9r\u00eat et l\u2019attrait de la r\u00e9gion est le Monast\u00e8re de Khor Virap. Khor Virap est le site de la prison royale, o\u00f9 saint Gr\u00e9goire l\u2019Illuminateur a \u00e9t\u00e9 d\u00e9tenu pendant treize ans avant de se convertir en Arm\u00e9nie la premi\u00e8re nation Chr\u00e9tienne en 301. Guid\u00e9 par la majest\u00e9 biblique \u00e0 distance de mont Ararat, nous explorons le site, ses chambres souterraines et des chapelles \u00e9l\u00e9gantes sont captiv\u00e9s par l\u2019atmosph\u00e8re asc\u00e9tique du site.<\/p>\n<\/div><\/div><\/div><\/div><\/div><\/div><\/section><section class=\"l-section wpb_row height_small\"><div class=\"l-section-h i-cf\"><div class=\"g-cols vc_row via_grid cols_1 laptops-cols_inherit tablets-cols_inherit mobiles-cols_1 valign_top type_default stacking_default\"><div class=\"wpb_column vc_column_container\"><div class=\"vc_column-inner\"><div class=\"w-slider style_none fit_contain\"><div class=\"w-slider-h\"><div class=\"royalSlider\"><div class=\"rsContent\"><a class=\"rsImg\" data-rsw=\"1280\" data-rsh=\"720\" data-rsBigImg=\"https:\/\/armintour.com\/wp-content\/uploads\/2023\/01\/maxresdefault_live.jpg\" href=\"https:\/\/armintour.com\/wp-content\/uploads\/2023\/01\/maxresdefault_live.jpg\"><span data-alt=\"\"><\/span><\/a><\/div><div class=\"rsContent\"><a class=\"rsImg\" data-rsw=\"1266\" data-rsh=\"861\" data-rsBigImg=\"https:\/\/armintour.com\/wp-content\/uploads\/2023\/01\/bc04f87b1442e82a9d7828879f80552b_XL.jpg\" href=\"https:\/\/armintour.com\/wp-content\/uploads\/2023\/01\/bc04f87b1442e82a9d7828879f80552b_XL.jpg\"><span data-alt=\"\"><\/span><\/a><\/div><div class=\"rsContent\"><a class=\"rsImg\" data-rsw=\"2000\" data-rsh=\"1183\" data-rsBigImg=\"https:\/\/armintour.com\/wp-content\/uploads\/2022\/12\/Khor-Virap-1.jpg\" href=\"https:\/\/armintour.com\/wp-content\/uploads\/2022\/12\/Khor-Virap-1.jpg\"><span data-alt=\"\"><\/span><\/a><\/div><div class=\"rsContent\"><a class=\"rsImg\" data-rsw=\"2000\" data-rsh=\"1023\" data-rsBigImg=\"https:\/\/armintour.com\/wp-content\/uploads\/2022\/12\/Khor-Virap-Armenia.jpg\" href=\"https:\/\/armintour.com\/wp-content\/uploads\/2022\/12\/Khor-Virap-Armenia.jpg\"><span data-alt=\"\"><\/span><\/a><\/div><div class=\"rsContent\"><a class=\"rsImg\" data-rsw=\"960\" data-rsh=\"640\" data-rsBigImg=\"https:\/\/armintour.com\/wp-content\/uploads\/2022\/12\/Khor-Virap.jpg\" href=\"https:\/\/armintour.com\/wp-content\/uploads\/2022\/12\/Khor-Virap.jpg\"><span data-alt=\"\"><\/span><\/a><\/div><div class=\"rsContent\"><a class=\"rsImg\" data-rsw=\"1200\" data-rsh=\"800\" data-rsBigImg=\"https:\/\/armintour.com\/wp-content\/uploads\/2023\/01\/Khor-Virap-Monastery-9.jpeg\" href=\"https:\/\/armintour.com\/wp-content\/uploads\/2023\/01\/Khor-Virap-Monastery-9.jpeg\"><span data-alt=\"\"><\/span><\/a><\/div><div class=\"rsContent\"><a class=\"rsImg\" data-rsw=\"1680\" data-rsh=\"1120\" data-rsBigImg=\"https:\/\/armintour.com\/wp-content\/uploads\/2023\/01\/Khor-Virap-Monastery-8.jpg\" href=\"https:\/\/armintour.com\/wp-content\/uploads\/2023\/01\/Khor-Virap-Monastery-8.jpg\"><span data-alt=\"\"><\/span><\/a><\/div><div class=\"rsContent\"><a class=\"rsImg\" data-rsw=\"1280\" data-rsh=\"960\" data-rsBigImg=\"https:\/\/armintour.com\/wp-content\/uploads\/2023\/01\/Khor-Virap-Monastery-7.jpg\" href=\"https:\/\/armintour.com\/wp-content\/uploads\/2023\/01\/Khor-Virap-Monastery-7.jpg\"><span data-alt=\"\"><\/span><\/a><\/div><div class=\"rsContent\"><a class=\"rsImg\" data-rsw=\"1239\" data-rsh=\"823\" data-rsBigImg=\"https:\/\/armintour.com\/wp-content\/uploads\/2022\/12\/Khor-Virap-2.jpg\" href=\"https:\/\/armintour.com\/wp-content\/uploads\/2022\/12\/Khor-Virap-2.jpg\"><span data-alt=\"\"><\/span><\/a><\/div><div class=\"rsContent\"><a class=\"rsImg\" data-rsw=\"1365\" data-rsh=\"1024\" data-rsBigImg=\"https:\/\/armintour.com\/wp-content\/uploads\/2023\/01\/kHor-Virap3-1365x1024-1.jpg\" href=\"https:\/\/armintour.com\/wp-content\/uploads\/2023\/01\/kHor-Virap3-1365x1024-1.jpg\"><span data-alt=\"\"><\/span><\/a><\/div><\/div><img decoding=\"async\" src=\"https:\/\/armintour.com\/wp-content\/uploads\/2023\/01\/maxresdefault_live.jpg\" width=\"1280\" height=\"720\" alt loading=\"lazy\"><\/div><div class=\"w-slider-json\" onclick='return {&quot;autoScaleSlider&quot;:true,&quot;loop&quot;:true,&quot;fadeInLoadedSlide&quot;:false,&quot;slidesSpacing&quot;:0,&quot;imageScalePadding&quot;:0,&quot;numImagesToPreload&quot;:2,&quot;arrowsNav&quot;:false,&quot;arrowsNavAutoHide&quot;:false,&quot;transitionType&quot;:&quot;move&quot;,&quot;transitionSpeed&quot;:250,&quot;block&quot;:{&quot;moveEffect&quot;:&quot;none&quot;,&quot;speed&quot;:300},&quot;thumbs&quot;:{&quot;fitInViewport&quot;:false},&quot;controlNavigation&quot;:&quot;bullets&quot;,&quot;autoplay&quot;:{&quot;enabled&quot;:true,&quot;pauseOnHover&quot;:false,&quot;delay&quot;:3000},&quot;fullscreen&quot;:{&quot;enabled&quot;:true},&quot;imageScaleMode&quot;:&quot;fit&quot;,&quot;autoScaleSliderWidth&quot;:1280,&quot;autoScaleSliderHeight&quot;:720}'><\/div><\/div><\/div><\/div><\/div><\/div><\/section>\n","protected":false},"excerpt":{"rendered":"Territoire: 2096 km\u00b2 Les terres agricoles: 88700 ha Y compris les terres arables: 33300 ha Population: 258,9 milliers de personnes(2016) Le marz est situ\u00e9 dans la partie occidentale de l\u2019Arm\u00e9nie, au sud d\u2019Erevan. Le centre de marz est Artashat. La route principale s\u2019\u00e9tend \u00e0 travers le territoire de la marz le long de la rive...","protected":false},"author":1,"featured_media":1815,"parent":0,"menu_order":0,"comment_status":"closed","ping_status":"closed","template":"","meta":{"footnotes":""},"class_list":["post-16745","page","type-page","status-publish","has-post-thumbnail","hentry"],"_links":{"self":[{"href":"https:\/\/armintour.com\/fr\/wp-json\/wp\/v2\/pages\/16745","targetHints":{"allow":["GET"]}}],"collection":[{"href":"https:\/\/armintour.com\/fr\/wp-json\/wp\/v2\/pages"}],"about":[{"href":"https:\/\/armintour.com\/fr\/wp-json\/wp\/v2\/types\/page"}],"author":[{"embeddable":true,"href":"https:\/\/armintour.com\/fr\/wp-json\/wp\/v2\/users\/1"}],"replies":[{"embeddable":true,"href":"https:\/\/armintour.com\/fr\/wp-json\/wp\/v2\/comments?post=16745"}],"version-history":[{"count":2,"href":"https:\/\/armintour.com\/fr\/wp-json\/wp\/v2\/pages\/16745\/revisions"}],"predecessor-version":[{"id":24771,"href":"https:\/\/armintour.com\/fr\/wp-json\/wp\/v2\/pages\/16745\/revisions\/24771"}],"wp:featuredmedia":[{"embeddable":true,"href":"https:\/\/armintour.com\/fr\/wp-json\/wp\/v2\/media\/1815"}],"wp:attachment":[{"href":"https:\/\/armintour.com\/fr\/wp-json\/wp\/v2\/media?parent=16745"}],"curies":[{"name":"wp","href":"https:\/\/api.w.org\/{rel}","templated":true}]}}