{"id":17356,"date":"2023-01-04T14:34:18","date_gmt":"2023-01-04T10:34:18","guid":{"rendered":"https:\/\/intour.lizin.am\/people-and-language\/"},"modified":"2023-01-21T15:25:49","modified_gmt":"2023-01-21T11:25:49","slug":"people-and-language","status":"publish","type":"page","link":"https:\/\/armintour.com\/fr\/people-and-language\/","title":{"rendered":"Les Gens et le Langage"},"content":{"rendered":"<section class=\"l-section wpb_row height_small\"><div class=\"l-section-h i-cf\"><div class=\"g-cols vc_row via_grid cols_1 laptops-cols_inherit tablets-cols_inherit mobiles-cols_1 valign_top type_default stacking_default\"><div class=\"wpb_column vc_column_container\"><div class=\"vc_column-inner\"><div class=\"wpb_text_column\"><div class=\"wpb_wrapper\"><p>Les Arm\u00e9niens sont les descendants de la branche des Indo-Europ\u00e9ens.<br \/>\nL\u2019Arm\u00e9nie est la seule r\u00e9publique de l\u2019ex-Union Sovi\u00e9tique qui a une population presque homog\u00e8ne:<\/p>\n<\/div><\/div><\/div><\/div><\/div><\/div><\/section><section class=\"l-section wpb_row height_auto\"><div class=\"l-section-h i-cf\"><div class=\"g-cols vc_row via_grid cols_1-3 laptops-cols_inherit tablets-cols_inherit mobiles-cols_1 valign_top type_default stacking_default\"><div class=\"wpb_column vc_column_container\"><div class=\"vc_column-inner\"><div class=\"wpb_text_column\"><div class=\"wpb_wrapper\"><table>\n<tbody>\n<tr>\n<td>Arm\u00e9niens<\/td>\n<td>97.9%<\/td>\n<\/tr>\n<tr>\n<td>Kurdes<\/td>\n<td>1.3%<\/td>\n<\/tr>\n<tr>\n<td>Russes<\/td>\n<td>0.5%<\/td>\n<\/tr>\n<tr>\n<td>Assyriens<\/td>\n<td>0.1%<\/td>\n<\/tr>\n<tr>\n<td>Ukrainiens<\/td>\n<td>0.1%<\/td>\n<\/tr>\n<tr>\n<td>Autre<\/td>\n<td>0.1%<\/td>\n<\/tr>\n<\/tbody>\n<\/table>\n<\/div><\/div><\/div><\/div><div class=\"wpb_column vc_column_container\"><div class=\"vc_column-inner\"><\/div><\/div><\/div><\/div><\/section><section class=\"l-section wpb_row height_small\"><div class=\"l-section-h i-cf\"><div class=\"g-cols vc_row via_grid cols_1 laptops-cols_inherit tablets-cols_inherit mobiles-cols_1 valign_top type_default stacking_default\"><div class=\"wpb_column vc_column_container\"><div class=\"vc_column-inner\"><div class=\"wpb_text_column\"><div class=\"wpb_wrapper\"><p>Selon Strabon, un g\u00e9ographe et historien grec, les Arm\u00e9niens vivant dans les terres arm\u00e9niennes parlaient une seule langue: l\u2019arm\u00e9nien.<br \/>\nL\u2019arm\u00e9nien est une ancienne langue indo-europ\u00e9enne, qui n\u2019est pas affili\u00e9 \u00e0 aucun des groupes linguistiques de la famille des langues indo-europ\u00e9ennes. Les arm\u00e9niens parlent deux formes mutuellement intelligibles et \u00e9crite de leur langue: l\u2019arm\u00e9nien oriental (parl\u00e9 principalement en Arm\u00e9nie, l\u2019Iran et les anciennes r\u00e9publiques sovi\u00e9tiques) et l\u2019arm\u00e9nien occidental (parl\u00e9 principalement dans la diaspora arm\u00e9nienne).<br \/>\nL\u2019invention de l\u2019alphabet arm\u00e9nien en 405 par St. Mesrop Machtots semble \u00eatre l\u2019histoire dans l\u2019histoire mill\u00e9naire du peuple arm\u00e9nien qui a abouti \u00e0 un bang culturel puissant.<br \/>\nAu total sont 39 lettres, \u00e0 partir de la quelle, dans l\u2019arm\u00e9nien classique on distingue sept voyelles: a, i schwa, e ouvert, e ferm\u00e9, o et u. L\u2019arm\u00e9nienne est riche en combinaisons des consonnes, en particulier dans les sons affriqu\u00e9es comme j, ch et ts.<\/p>\n<\/div><\/div><\/div><\/div><\/div><\/div><\/section><section class=\"l-section wpb_row height_small\"><div class=\"l-section-h i-cf\"><div class=\"g-cols vc_row via_grid cols_1 laptops-cols_inherit tablets-cols_inherit mobiles-cols_1 valign_top type_default stacking_default\"><div class=\"wpb_column vc_column_container\"><div class=\"vc_column-inner\"><div class=\"wpb_text_column\"><div class=\"wpb_wrapper\"><p>Armenian alphabetAlphabet MonumentLittle Armenian girl<\/p>\n<p>\u0531\u0561 \u2013 lettres majuscules et minuscules<br \/>\nayb-nom de la lettre<br \/>\na-latine \u00e9quivalent<br \/>\n[a] \u2013 transcription<br \/>\n1 \u2013 l\u2019\u00e9quivalent chiffres<\/p>\n<\/div><\/div><\/div><\/div><\/div><\/div><\/section><section class=\"l-section wpb_row height_small\"><div class=\"l-section-h i-cf\"><div class=\"g-cols vc_row via_grid cols_1 laptops-cols_inherit tablets-cols_inherit mobiles-cols_1 valign_top type_default stacking_default\"><div class=\"wpb_column vc_column_container\"><div class=\"vc_column-inner\"><div class=\"w-slider style_none fit_scaledown nav_dots count_7\"><div class=\"w-slider-h\" aria-hidden=\"true\"><div class=\"royalSlider\"><div class=\"rsContent\"><a class=\"rsImg\" data-rsw=\"1920\" data-rsh=\"1282\" data-rsBigImg=\"https:\/\/armintour.com\/wp-content\/uploads\/2022\/12\/2_day.jpg\" href=\"https:\/\/armintour.com\/wp-content\/uploads\/2022\/12\/2_day.jpg\"><span data-alt=\"\"><\/span><\/a><\/div><div class=\"rsContent\"><a class=\"rsImg\" data-rsw=\"2048\" data-rsh=\"1366\" data-rsBigImg=\"https:\/\/armintour.com\/wp-content\/uploads\/2023\/01\/4b210bf844c07ac1c95fa5d478ba0879.jpg\" href=\"https:\/\/armintour.com\/wp-content\/uploads\/2023\/01\/4b210bf844c07ac1c95fa5d478ba0879.jpg\"><span data-alt=\"\"><\/span><\/a><\/div><div class=\"rsContent\"><a class=\"rsImg\" data-rsw=\"1200\" data-rsh=\"900\" data-rsBigImg=\"https:\/\/armintour.com\/wp-content\/uploads\/2022\/12\/Matenadaran.jpg\" href=\"https:\/\/armintour.com\/wp-content\/uploads\/2022\/12\/Matenadaran.jpg\"><span data-alt=\"\"><\/span><\/a><\/div><div class=\"rsContent\"><a class=\"rsImg\" data-rsw=\"1200\" data-rsh=\"828\" data-rsBigImg=\"https:\/\/armintour.com\/wp-content\/uploads\/2023\/01\/3adc585bdb74753cf0051bad4ca7df18.jpeg\" href=\"https:\/\/armintour.com\/wp-content\/uploads\/2023\/01\/3adc585bdb74753cf0051bad4ca7df18.jpeg\"><span data-alt=\"\"><\/span><\/a><\/div><div class=\"rsContent\"><a class=\"rsImg\" data-rsw=\"1600\" data-rsh=\"1067\" data-rsBigImg=\"https:\/\/armintour.com\/wp-content\/uploads\/2023\/01\/46e8a47d8b0d9d50b0e381998bbed5cf.jpeg\" href=\"https:\/\/armintour.com\/wp-content\/uploads\/2023\/01\/46e8a47d8b0d9d50b0e381998bbed5cf.jpeg\"><span data-alt=\"\"><\/span><\/a><\/div><div class=\"rsContent\"><a class=\"rsImg\" data-rsw=\"1582\" data-rsh=\"944\" data-rsBigImg=\"https:\/\/armintour.com\/wp-content\/uploads\/2023\/01\/1_PHgGUAk349Bscz7FCtfiIA.jpeg\" href=\"https:\/\/armintour.com\/wp-content\/uploads\/2023\/01\/1_PHgGUAk349Bscz7FCtfiIA.jpeg\"><span data-alt=\"\"><\/span><\/a><\/div><div class=\"rsContent\"><a class=\"rsImg\" data-rsw=\"1200\" data-rsh=\"630\" data-rsBigImg=\"https:\/\/armintour.com\/wp-content\/uploads\/2023\/01\/imgpreview.jpg\" href=\"https:\/\/armintour.com\/wp-content\/uploads\/2023\/01\/imgpreview.jpg\"><span data-alt=\"\"><\/span><\/a><\/div><\/div><img decoding=\"async\" src=\"https:\/\/armintour.com\/wp-content\/uploads\/2022\/12\/2_day.jpg\" width=\"1920\" height=\"1282\" alt loading=\"lazy\"><\/div><div class=\"w-slider-json\" onclick='return {&quot;autoScaleSlider&quot;:true,&quot;addActiveClass&quot;:true,&quot;loop&quot;:true,&quot;fadeInLoadedSlide&quot;:false,&quot;slidesSpacing&quot;:0,&quot;imageScalePadding&quot;:0,&quot;numImagesToPreload&quot;:2,&quot;arrowsNav&quot;:false,&quot;arrowsNavAutoHide&quot;:false,&quot;transitionType&quot;:&quot;move&quot;,&quot;transitionSpeed&quot;:250,&quot;block&quot;:{&quot;moveEffect&quot;:&quot;none&quot;,&quot;speed&quot;:300},&quot;thumbs&quot;:{&quot;fitInViewport&quot;:false,&quot;firstMargin&quot;:false,&quot;spacing&quot;:4},&quot;controlNavigation&quot;:&quot;bullets&quot;,&quot;autoplay&quot;:{&quot;enabled&quot;:true,&quot;pauseOnHover&quot;:false,&quot;delay&quot;:3000},&quot;fullscreen&quot;:{&quot;enabled&quot;:true},&quot;autoScaleSliderWidth&quot;:1920,&quot;autoScaleSliderHeight&quot;:1282}'><\/div><\/div><\/div><\/div><\/div><\/div><\/section>\n","protected":false},"excerpt":{"rendered":"Les Arm\u00e9niens sont les descendants de la branche des Indo-Europ\u00e9ens. L\u2019Arm\u00e9nie est la seule r\u00e9publique de l\u2019ex-Union Sovi\u00e9tique qui a une population presque homog\u00e8ne: Arm\u00e9niens 97.9% Kurdes 1.3% Russes 0.5% Assyriens 0.1% Ukrainiens 0.1% Autre 0.1% Selon Strabon, un g\u00e9ographe et historien grec, les Arm\u00e9niens vivant dans les terres arm\u00e9niennes parlaient une seule langue: l\u2019arm\u00e9nien....","protected":false},"author":1,"featured_media":17348,"parent":0,"menu_order":0,"comment_status":"closed","ping_status":"closed","template":"","meta":{"footnotes":""},"class_list":["post-17356","page","type-page","status-publish","has-post-thumbnail","hentry"],"_links":{"self":[{"href":"https:\/\/armintour.com\/fr\/wp-json\/wp\/v2\/pages\/17356","targetHints":{"allow":["GET"]}}],"collection":[{"href":"https:\/\/armintour.com\/fr\/wp-json\/wp\/v2\/pages"}],"about":[{"href":"https:\/\/armintour.com\/fr\/wp-json\/wp\/v2\/types\/page"}],"author":[{"embeddable":true,"href":"https:\/\/armintour.com\/fr\/wp-json\/wp\/v2\/users\/1"}],"replies":[{"embeddable":true,"href":"https:\/\/armintour.com\/fr\/wp-json\/wp\/v2\/comments?post=17356"}],"version-history":[{"count":2,"href":"https:\/\/armintour.com\/fr\/wp-json\/wp\/v2\/pages\/17356\/revisions"}],"predecessor-version":[{"id":24588,"href":"https:\/\/armintour.com\/fr\/wp-json\/wp\/v2\/pages\/17356\/revisions\/24588"}],"wp:featuredmedia":[{"embeddable":true,"href":"https:\/\/armintour.com\/fr\/wp-json\/wp\/v2\/media\/17348"}],"wp:attachment":[{"href":"https:\/\/armintour.com\/fr\/wp-json\/wp\/v2\/media?parent=17356"}],"curies":[{"name":"wp","href":"https:\/\/api.w.org\/{rel}","templated":true}]}}