{"id":17650,"date":"2023-01-04T16:44:20","date_gmt":"2023-01-04T12:44:20","guid":{"rendered":"https:\/\/intour.lizin.am\/cuisine\/"},"modified":"2023-01-21T15:29:44","modified_gmt":"2023-01-21T11:29:44","slug":"cuisine","status":"publish","type":"page","link":"https:\/\/armintour.com\/fr\/cuisine\/","title":{"rendered":"Cuisine"},"content":{"rendered":"<section class=\"l-section wpb_row height_small\"><div class=\"l-section-h i-cf\"><div class=\"g-cols vc_row via_grid cols_1 laptops-cols_inherit tablets-cols_inherit mobiles-cols_1 valign_top type_default stacking_default\"><div class=\"wpb_column vc_column_container\"><div class=\"vc_column-inner\"><div id=\"ultimate-heading-247969f25696b51f5\" class=\"uvc-heading ult-adjust-bottom-margin ultimate-heading-247969f25696b51f5 uvc-9213 \" data-hspacer=\"no_spacer\"  data-halign=\"center\" style=\"text-align:center\"><div class=\"uvc-heading-spacer no_spacer\" style=\"top\"><\/div><div class=\"uvc-main-heading ult-responsive\"  data-ultimate-target='.uvc-heading.ultimate-heading-247969f25696b51f5 h3'  data-responsive-json-new='{\"font-size\":\"\",\"line-height\":\"\"}' ><h3 style=\"font-weight:bold;\">Participer au cours de cuire du pain traditional \u201clavach\u201d.<\/h3><\/div><div class=\"uvc-sub-heading ult-responsive\"  data-ultimate-target='.uvc-heading.ultimate-heading-247969f25696b51f5 .uvc-sub-heading '  data-responsive-json-new='{\"font-size\":\"\",\"line-height\":\"\"}'  style=\"font-weight:normal;margin-top:10px;\">\n<p style=\"text-align: left;\">M\u00eame \u00e0 l\u2019\u00e9tranger les arm\u00e9niens souviennent de leur pain traditionel \u201clavach\u201d. Une couche trop mince de la pate, environ un m\u00e8tre, d\u00e9vid\u00e9e l\u00e9g\u00e8rement cuite dans le mur du four-tondir, c\u2019est le vrai lavache. Tache de cuire le lavach toi-m\u00eame et le go\u00fbte avec le fromage traditional arm\u00e9nien et des verdures qui sont la partie de chaque dinner, en effet. La cuisine arm\u00e9nienne se ressemble \u00e0 un po\u00e8me, dont chaque ligne a son ar\u00f4me individuel.<br \/>\nDes milliers de secrets constituent la renomm\u00e9e de la cuisine arm\u00e9nienne est Dolma, qui est prepar\u00e9 des feuilles de raisin et est servi avec matsun (le caill\u00e9 arm\u00e9nien).<\/p>\n<p style=\"text-align: left;\">Anciens arm\u00e9niens ont envelop\u00e9 le khorovats dans le lavache. C\u2019est un plat moins populaire aujourd\u2019hui. Khorovats est bon pour toutes les saisons de l\u2019ann\u00e9e. En \u00e9t\u00e9 on sert habituellement le khorovats avec des tomates, des aubergines et des poivres r\u00f4tis.<\/p>\n<\/div><\/div><\/div><\/div><\/div><\/div><\/section><section class=\"l-section wpb_row height_auto\"><div class=\"l-section-h i-cf\"><div class=\"g-cols vc_row via_grid cols_1 laptops-cols_inherit tablets-cols_inherit mobiles-cols_1 valign_top type_default stacking_default\"><div class=\"wpb_column vc_column_container\"><div class=\"vc_column-inner\"><div class=\"w-slider style_none fit_scaledown nav_dots count_21\"><div class=\"w-slider-h\" aria-hidden=\"true\"><div class=\"royalSlider\"><div class=\"rsContent\"><a class=\"rsImg\" data-rsw=\"2000\" data-rsh=\"1500\" data-rsBigImg=\"https:\/\/armintour.com\/wp-content\/uploads\/2023\/01\/e365290b6fad3560961017ceeb8a1928.jpg\" href=\"https:\/\/armintour.com\/wp-content\/uploads\/2023\/01\/e365290b6fad3560961017ceeb8a1928.jpg\"><span data-alt=\"\"><\/span><\/a><\/div><div class=\"rsContent\"><a class=\"rsImg\" data-rsw=\"2000\" data-rsh=\"1430\" data-rsBigImg=\"https:\/\/armintour.com\/wp-content\/uploads\/2023\/01\/1626704409_17-kartinkin-com-p-armyanskii-sup-khash-yeda-krasivo-foto-26.jpg\" href=\"https:\/\/armintour.com\/wp-content\/uploads\/2023\/01\/1626704409_17-kartinkin-com-p-armyanskii-sup-khash-yeda-krasivo-foto-26.jpg\"><span data-alt=\"\"><\/span><\/a><\/div><div class=\"rsContent\"><a class=\"rsImg\" data-rsw=\"2000\" data-rsh=\"1415\" data-rsBigImg=\"https:\/\/armintour.com\/wp-content\/uploads\/2023\/01\/dc0c7c35c66718d876f4101b389ef3d0.jpg\" href=\"https:\/\/armintour.com\/wp-content\/uploads\/2023\/01\/dc0c7c35c66718d876f4101b389ef3d0.jpg\"><span data-alt=\"\"><\/span><\/a><\/div><div class=\"rsContent\"><a class=\"rsImg\" data-rsw=\"2000\" data-rsh=\"1333\" data-rsBigImg=\"https:\/\/armintour.com\/wp-content\/uploads\/2023\/01\/DSC02946-1.jpg\" href=\"https:\/\/armintour.com\/wp-content\/uploads\/2023\/01\/DSC02946-1.jpg\"><span data-alt=\"\"><\/span><\/a><\/div><div class=\"rsContent\"><a class=\"rsImg\" data-rsw=\"1600\" data-rsh=\"1067\" data-rsBigImg=\"https:\/\/armintour.com\/wp-content\/uploads\/2023\/01\/sup-spas.png\" href=\"https:\/\/armintour.com\/wp-content\/uploads\/2023\/01\/sup-spas.png\"><span data-alt=\"\"><\/span><\/a><\/div><div class=\"rsContent\"><a class=\"rsImg\" data-rsw=\"1280\" data-rsh=\"720\" data-rsBigImg=\"https:\/\/armintour.com\/wp-content\/uploads\/2023\/01\/maxresdefault-1-1.jpg\" href=\"https:\/\/armintour.com\/wp-content\/uploads\/2023\/01\/maxresdefault-1-1.jpg\"><span data-alt=\"\"><\/span><\/a><\/div><div class=\"rsContent\"><a class=\"rsImg\" data-rsw=\"1280\" data-rsh=\"720\" data-rsBigImg=\"https:\/\/armintour.com\/wp-content\/uploads\/2023\/01\/maxresdefault-2.jpg\" href=\"https:\/\/armintour.com\/wp-content\/uploads\/2023\/01\/maxresdefault-2.jpg\"><span data-alt=\"\"><\/span><\/a><\/div><div class=\"rsContent\"><a class=\"rsImg\" data-rsw=\"1456\" data-rsh=\"970\" data-rsBigImg=\"https:\/\/armintour.com\/wp-content\/uploads\/2023\/01\/1626704409_16-kartinkin-com-p-armyanskii-sup-khash-yeda-krasivo-foto-25.jpg\" href=\"https:\/\/armintour.com\/wp-content\/uploads\/2023\/01\/1626704409_16-kartinkin-com-p-armyanskii-sup-khash-yeda-krasivo-foto-25.jpg\"><span data-alt=\"\"><\/span><\/a><\/div><div class=\"rsContent\"><a class=\"rsImg\" data-rsw=\"1678\" data-rsh=\"1119\" data-rsBigImg=\"https:\/\/armintour.com\/wp-content\/uploads\/2023\/01\/1627752289_10-kartinkin-com-p-blyuda-tsiganskoi-kukhni-yeda-krasivo-foto-11.jpg\" href=\"https:\/\/armintour.com\/wp-content\/uploads\/2023\/01\/1627752289_10-kartinkin-com-p-blyuda-tsiganskoi-kukhni-yeda-krasivo-foto-11.jpg\"><span data-alt=\"\"><\/span><\/a><\/div><div class=\"rsContent\"><a class=\"rsImg\" data-rsw=\"1024\" data-rsh=\"1024\" data-rsBigImg=\"https:\/\/armintour.com\/wp-content\/uploads\/2023\/01\/1626284359_44-kartinkin-com-p-armyanskaya-yeda-yeda-krasivo-foto-55.jpg\" href=\"https:\/\/armintour.com\/wp-content\/uploads\/2023\/01\/1626284359_44-kartinkin-com-p-armyanskaya-yeda-yeda-krasivo-foto-55.jpg\"><span data-alt=\"\"><\/span><\/a><\/div><div class=\"rsContent\"><a class=\"rsImg\" data-rsw=\"1920\" data-rsh=\"1279\" data-rsBigImg=\"https:\/\/armintour.com\/wp-content\/uploads\/2023\/01\/1668526537_23-na-dache-pro-p-armyanskaya-kukhnya-foto-23.jpg\" href=\"https:\/\/armintour.com\/wp-content\/uploads\/2023\/01\/1668526537_23-na-dache-pro-p-armyanskaya-kukhnya-foto-23.jpg\"><span data-alt=\"\"><\/span><\/a><\/div><div class=\"rsContent\"><a class=\"rsImg\" data-rsw=\"1400\" data-rsh=\"933\" data-rsBigImg=\"https:\/\/armintour.com\/wp-content\/uploads\/2023\/01\/1617234337_44-p-blyuda-armyanskoi-kukhni-krasivo-45.jpg\" href=\"https:\/\/armintour.com\/wp-content\/uploads\/2023\/01\/1617234337_44-p-blyuda-armyanskoi-kukhni-krasivo-45.jpg\"><span data-alt=\"\"><\/span><\/a><\/div><div class=\"rsContent\"><a class=\"rsImg\" data-rsw=\"1280\" data-rsh=\"853\" data-rsBigImg=\"https:\/\/armintour.com\/wp-content\/uploads\/2023\/01\/JY-wapSXNhU.jpg\" href=\"https:\/\/armintour.com\/wp-content\/uploads\/2023\/01\/JY-wapSXNhU.jpg\"><span data-alt=\"\"><\/span><\/a><\/div><div class=\"rsContent\"><a class=\"rsImg\" data-rsw=\"2000\" data-rsh=\"1342\" data-rsBigImg=\"https:\/\/armintour.com\/wp-content\/uploads\/2023\/01\/lj2.jpg\" href=\"https:\/\/armintour.com\/wp-content\/uploads\/2023\/01\/lj2.jpg\"><span data-alt=\"\"><\/span><\/a><\/div><div class=\"rsContent\"><a class=\"rsImg\" data-rsw=\"1200\" data-rsh=\"900\" data-rsBigImg=\"https:\/\/armintour.com\/wp-content\/uploads\/2023\/01\/1617234294_57-p-blyuda-armyanskoi-kukhni-krasivo-60.jpg\" href=\"https:\/\/armintour.com\/wp-content\/uploads\/2023\/01\/1617234294_57-p-blyuda-armyanskoi-kukhni-krasivo-60.jpg\"><span data-alt=\"\"><\/span><\/a><\/div><div class=\"rsContent\"><a class=\"rsImg\" data-rsw=\"1280\" data-rsh=\"853\" data-rsBigImg=\"https:\/\/armintour.com\/wp-content\/uploads\/2023\/01\/7f2a0150dd286841dd0eec0caaa00087.jpeg\" href=\"https:\/\/armintour.com\/wp-content\/uploads\/2023\/01\/7f2a0150dd286841dd0eec0caaa00087.jpeg\"><span data-alt=\"\"><\/span><\/a><\/div><div class=\"rsContent\"><a class=\"rsImg\" data-rsw=\"1280\" data-rsh=\"853\" data-rsBigImg=\"https:\/\/armintour.com\/wp-content\/uploads\/2023\/01\/1617234334_14-p-blyuda-armyanskoi-kukhni-krasivo-14.jpg\" href=\"https:\/\/armintour.com\/wp-content\/uploads\/2023\/01\/1617234334_14-p-blyuda-armyanskoi-kukhni-krasivo-14.jpg\"><span data-alt=\"\"><\/span><\/a><\/div><div class=\"rsContent\"><a class=\"rsImg\" data-rsw=\"1680\" data-rsh=\"1120\" data-rsBigImg=\"https:\/\/armintour.com\/wp-content\/uploads\/2023\/01\/10414574163463875_6a.jpg\" href=\"https:\/\/armintour.com\/wp-content\/uploads\/2023\/01\/10414574163463875_6a.jpg\"><span data-alt=\"\"><\/span><\/a><\/div><div class=\"rsContent\"><a class=\"rsImg\" data-rsw=\"1200\" data-rsh=\"800\" data-rsBigImg=\"https:\/\/armintour.com\/wp-content\/uploads\/2023\/01\/f38c3f3092b999bac231b577236ba411.jpeg\" href=\"https:\/\/armintour.com\/wp-content\/uploads\/2023\/01\/f38c3f3092b999bac231b577236ba411.jpeg\"><span data-alt=\"\"><\/span><\/a><\/div><div class=\"rsContent\"><a class=\"rsImg\" data-rsw=\"1600\" data-rsh=\"1200\" data-rsBigImg=\"https:\/\/armintour.com\/wp-content\/uploads\/2023\/01\/armenia2.jpg\" href=\"https:\/\/armintour.com\/wp-content\/uploads\/2023\/01\/armenia2.jpg\"><span data-alt=\"\"><\/span><\/a><\/div><div class=\"rsContent\"><a class=\"rsImg\" data-rsw=\"1920\" data-rsh=\"2111\" data-rsBigImg=\"https:\/\/armintour.com\/wp-content\/uploads\/2023\/01\/12829612_404_0_2266_2048_1920x0_80_0_0_ea4cef076d2588fc024a851d1fb9f528.jpg\" href=\"https:\/\/armintour.com\/wp-content\/uploads\/2023\/01\/12829612_404_0_2266_2048_1920x0_80_0_0_ea4cef076d2588fc024a851d1fb9f528.jpg\"><span data-alt=\"\"><\/span><\/a><\/div><\/div><img decoding=\"async\" src=\"https:\/\/armintour.com\/wp-content\/uploads\/2023\/01\/e365290b6fad3560961017ceeb8a1928.jpg\" width=\"2000\" height=\"1500\" alt loading=\"lazy\"><\/div><div class=\"w-slider-json\" onclick='return {&quot;autoScaleSlider&quot;:true,&quot;addActiveClass&quot;:true,&quot;loop&quot;:true,&quot;fadeInLoadedSlide&quot;:false,&quot;slidesSpacing&quot;:0,&quot;imageScalePadding&quot;:0,&quot;numImagesToPreload&quot;:2,&quot;arrowsNav&quot;:false,&quot;arrowsNavAutoHide&quot;:false,&quot;transitionType&quot;:&quot;move&quot;,&quot;transitionSpeed&quot;:250,&quot;block&quot;:{&quot;moveEffect&quot;:&quot;none&quot;,&quot;speed&quot;:300},&quot;thumbs&quot;:{&quot;fitInViewport&quot;:false,&quot;firstMargin&quot;:false,&quot;spacing&quot;:4},&quot;controlNavigation&quot;:&quot;bullets&quot;,&quot;autoplay&quot;:{&quot;enabled&quot;:true,&quot;pauseOnHover&quot;:false,&quot;delay&quot;:3000},&quot;fullscreen&quot;:{&quot;enabled&quot;:true},&quot;autoScaleSliderWidth&quot;:2000,&quot;autoScaleSliderHeight&quot;:1500}'><\/div><\/div><\/div><\/div><\/div><\/div><\/section><section class=\"l-section wpb_row height_small\"><div class=\"l-section-h i-cf\"><div class=\"g-cols vc_row via_grid cols_1 laptops-cols_inherit tablets-cols_inherit mobiles-cols_1 valign_top type_default stacking_default\"><div class=\"wpb_column vc_column_container\"><div class=\"vc_column-inner\"><div id=\"ultimate-heading-457769f25696b8c7c\" class=\"uvc-heading ult-adjust-bottom-margin ultimate-heading-457769f25696b8c7c uvc-5710 \" data-hspacer=\"no_spacer\"  data-halign=\"center\" style=\"text-align:center\"><div class=\"uvc-heading-spacer no_spacer\" style=\"top\"><\/div><div class=\"uvc-main-heading ult-responsive\"  data-ultimate-target='.uvc-heading.ultimate-heading-457769f25696b8c7c h3'  data-responsive-json-new='{\"font-size\":\"\",\"line-height\":\"\"}' ><h3 style=\"font-weight:bold;\">Le vin et le brandy armenien<\/h3><\/div><div class=\"uvc-sub-heading ult-responsive\"  data-ultimate-target='.uvc-heading.ultimate-heading-457769f25696b8c7c .uvc-sub-heading '  data-responsive-json-new='{\"font-size\":\"\",\"line-height\":\"\"}'  style=\"font-weight:normal;margin-top:10px;\">\n<p style=\"text-align: left;\">Selon une des l\u00e9gendes des plus r\u00e9elles de la naissance de la viniculture, No\u00e9 \u00e9tait le premier vigneron du monde. A la fin du d\u00e9luge No\u00e9 est sorti sur le mont Ararat et a plant\u00e9 le cep de vigne. Ensuite la cultivation du cep de vigne et de la viniculture a commenc\u00e9. Nos tours incluent la visite de l\u2019usine du brandy et du vin, o\u00f9 on peut faire connaissance de l\u2019histoire de la naissance du vin et du cognac arm\u00e9nien, ainsi que les go\u00fbter.<\/p>\n<\/div><\/div><\/div><\/div><\/div><\/div><\/section><section class=\"l-section wpb_row height_auto\"><div class=\"l-section-h i-cf\"><div class=\"g-cols vc_row via_grid cols_1 laptops-cols_inherit tablets-cols_inherit mobiles-cols_1 valign_top type_default stacking_default\"><div class=\"wpb_column vc_column_container\"><div class=\"vc_column-inner\"><div class=\"w-slider style_none fit_scaledown nav_dots count_13\"><div class=\"w-slider-h\" aria-hidden=\"true\"><div class=\"royalSlider\"><div class=\"rsContent\"><a class=\"rsImg\" data-rsw=\"1920\" data-rsh=\"1280\" data-rsBigImg=\"https:\/\/armintour.com\/wp-content\/uploads\/2023\/01\/armenian-brandy-2.jpg\" href=\"https:\/\/armintour.com\/wp-content\/uploads\/2023\/01\/armenian-brandy-2.jpg\"><span data-alt=\"\"><\/span><\/a><\/div><div class=\"rsContent\"><a class=\"rsImg\" data-rsw=\"1920\" data-rsh=\"985\" data-rsBigImg=\"https:\/\/armintour.com\/wp-content\/uploads\/2023\/01\/armenian-brandy-4.jpg\" href=\"https:\/\/armintour.com\/wp-content\/uploads\/2023\/01\/armenian-brandy-4.jpg\"><span data-alt=\"\"><\/span><\/a><\/div><div class=\"rsContent\"><a class=\"rsImg\" data-rsw=\"1600\" data-rsh=\"1067\" data-rsBigImg=\"https:\/\/armintour.com\/wp-content\/uploads\/2023\/01\/armenian-brandy-5.jpg\" href=\"https:\/\/armintour.com\/wp-content\/uploads\/2023\/01\/armenian-brandy-5.jpg\"><span data-alt=\"\"><\/span><\/a><\/div><div class=\"rsContent\"><a class=\"rsImg\" data-rsw=\"1332\" data-rsh=\"888\" data-rsBigImg=\"https:\/\/armintour.com\/wp-content\/uploads\/2023\/01\/armenian-brandy-3.jpg\" href=\"https:\/\/armintour.com\/wp-content\/uploads\/2023\/01\/armenian-brandy-3.jpg\"><span data-alt=\"\"><\/span><\/a><\/div><div class=\"rsContent\"><a class=\"rsImg\" data-rsw=\"1500\" data-rsh=\"1000\" data-rsBigImg=\"https:\/\/armintour.com\/wp-content\/uploads\/2023\/01\/armenian-brandy-1.jpg\" href=\"https:\/\/armintour.com\/wp-content\/uploads\/2023\/01\/armenian-brandy-1.jpg\"><span data-alt=\"\"><\/span><\/a><\/div><div class=\"rsContent\"><a class=\"rsImg\" data-rsw=\"1600\" data-rsh=\"1233\" data-rsBigImg=\"https:\/\/armintour.com\/wp-content\/uploads\/2023\/01\/armenian-wine-8.jpg\" href=\"https:\/\/armintour.com\/wp-content\/uploads\/2023\/01\/armenian-wine-8.jpg\"><span data-alt=\"\"><\/span><\/a><\/div><div class=\"rsContent\"><a class=\"rsImg\" data-rsw=\"1726\" data-rsh=\"524\" data-rsBigImg=\"https:\/\/armintour.com\/wp-content\/uploads\/2023\/01\/armenian-wine-7.jpg\" href=\"https:\/\/armintour.com\/wp-content\/uploads\/2023\/01\/armenian-wine-7.jpg\"><span data-alt=\"\"><\/span><\/a><\/div><div class=\"rsContent\"><a class=\"rsImg\" data-rsw=\"1500\" data-rsh=\"1000\" data-rsBigImg=\"https:\/\/armintour.com\/wp-content\/uploads\/2023\/01\/armenian-wine-6.jpg\" href=\"https:\/\/armintour.com\/wp-content\/uploads\/2023\/01\/armenian-wine-6.jpg\"><span data-alt=\"\"><\/span><\/a><\/div><div class=\"rsContent\"><a class=\"rsImg\" data-rsw=\"1440\" data-rsh=\"1440\" data-rsBigImg=\"https:\/\/armintour.com\/wp-content\/uploads\/2023\/01\/armenian-wine-5.jpg\" href=\"https:\/\/armintour.com\/wp-content\/uploads\/2023\/01\/armenian-wine-5.jpg\"><span data-alt=\"\"><\/span><\/a><\/div><div class=\"rsContent\"><a class=\"rsImg\" data-rsw=\"2048\" data-rsh=\"1362\" data-rsBigImg=\"https:\/\/armintour.com\/wp-content\/uploads\/2023\/01\/armenian-wine-4.jpg\" href=\"https:\/\/armintour.com\/wp-content\/uploads\/2023\/01\/armenian-wine-4.jpg\"><span data-alt=\"\"><\/span><\/a><\/div><div class=\"rsContent\"><a class=\"rsImg\" data-rsw=\"1125\" data-rsh=\"743\" data-rsBigImg=\"https:\/\/armintour.com\/wp-content\/uploads\/2023\/01\/armenian-wine-2.jpg\" href=\"https:\/\/armintour.com\/wp-content\/uploads\/2023\/01\/armenian-wine-2.jpg\"><span data-alt=\"\"><\/span><\/a><\/div><div class=\"rsContent\"><a class=\"rsImg\" data-rsw=\"1920\" data-rsh=\"1280\" data-rsBigImg=\"https:\/\/armintour.com\/wp-content\/uploads\/2023\/01\/armenian-wine-1.jpg\" href=\"https:\/\/armintour.com\/wp-content\/uploads\/2023\/01\/armenian-wine-1.jpg\"><span data-alt=\"\"><\/span><\/a><\/div><div class=\"rsContent\"><a class=\"rsImg\" data-rsw=\"1068\" data-rsh=\"801\" data-rsBigImg=\"https:\/\/armintour.com\/wp-content\/uploads\/2023\/01\/armenian-wine-3.jpg\" href=\"https:\/\/armintour.com\/wp-content\/uploads\/2023\/01\/armenian-wine-3.jpg\"><span data-alt=\"\"><\/span><\/a><\/div><\/div><img decoding=\"async\" src=\"https:\/\/armintour.com\/wp-content\/uploads\/2023\/01\/armenian-brandy-2.jpg\" width=\"1920\" height=\"1280\" alt loading=\"lazy\"><\/div><div class=\"w-slider-json\" onclick='return {&quot;autoScaleSlider&quot;:true,&quot;addActiveClass&quot;:true,&quot;loop&quot;:true,&quot;fadeInLoadedSlide&quot;:false,&quot;slidesSpacing&quot;:0,&quot;imageScalePadding&quot;:0,&quot;numImagesToPreload&quot;:2,&quot;arrowsNav&quot;:false,&quot;arrowsNavAutoHide&quot;:false,&quot;transitionType&quot;:&quot;move&quot;,&quot;transitionSpeed&quot;:250,&quot;block&quot;:{&quot;moveEffect&quot;:&quot;none&quot;,&quot;speed&quot;:300},&quot;thumbs&quot;:{&quot;fitInViewport&quot;:false,&quot;firstMargin&quot;:false,&quot;spacing&quot;:4},&quot;controlNavigation&quot;:&quot;bullets&quot;,&quot;autoplay&quot;:{&quot;enabled&quot;:true,&quot;pauseOnHover&quot;:false,&quot;delay&quot;:3000},&quot;fullscreen&quot;:{&quot;enabled&quot;:true},&quot;autoScaleSliderWidth&quot;:1920,&quot;autoScaleSliderHeight&quot;:1280}'><\/div><\/div><\/div><\/div><\/div><\/div><\/section>\n","protected":false},"excerpt":{"rendered":"Participer au cours de cuire du pain traditional \u201clavach\u201d. M\u00eame \u00e0 l\u2019\u00e9tranger les arm\u00e9niens souviennent de leur pain traditionel \u201clavach\u201d. Une couche trop mince de la pate, environ un m\u00e8tre, d\u00e9vid\u00e9e l\u00e9g\u00e8rement cuite dans le mur du four-tondir, c\u2019est le vrai lavache. Tache de cuire le lavach toi-m\u00eame et le go\u00fbte avec le fromage traditional...","protected":false},"author":1,"featured_media":17536,"parent":0,"menu_order":0,"comment_status":"closed","ping_status":"closed","template":"","meta":{"footnotes":""},"class_list":["post-17650","page","type-page","status-publish","has-post-thumbnail","hentry"],"_links":{"self":[{"href":"https:\/\/armintour.com\/fr\/wp-json\/wp\/v2\/pages\/17650","targetHints":{"allow":["GET"]}}],"collection":[{"href":"https:\/\/armintour.com\/fr\/wp-json\/wp\/v2\/pages"}],"about":[{"href":"https:\/\/armintour.com\/fr\/wp-json\/wp\/v2\/types\/page"}],"author":[{"embeddable":true,"href":"https:\/\/armintour.com\/fr\/wp-json\/wp\/v2\/users\/1"}],"replies":[{"embeddable":true,"href":"https:\/\/armintour.com\/fr\/wp-json\/wp\/v2\/comments?post=17650"}],"version-history":[{"count":4,"href":"https:\/\/armintour.com\/fr\/wp-json\/wp\/v2\/pages\/17650\/revisions"}],"predecessor-version":[{"id":24591,"href":"https:\/\/armintour.com\/fr\/wp-json\/wp\/v2\/pages\/17650\/revisions\/24591"}],"wp:featuredmedia":[{"embeddable":true,"href":"https:\/\/armintour.com\/fr\/wp-json\/wp\/v2\/media\/17536"}],"wp:attachment":[{"href":"https:\/\/armintour.com\/fr\/wp-json\/wp\/v2\/media?parent=17650"}],"curies":[{"name":"wp","href":"https:\/\/api.w.org\/{rel}","templated":true}]}}