{"id":24572,"date":"2023-01-02T22:48:31","date_gmt":"2023-01-02T18:48:31","guid":{"rendered":"https:\/\/intour.lizin.am\/lori-marz\/"},"modified":"2023-01-25T15:55:07","modified_gmt":"2023-01-25T11:55:07","slug":"lori-marz","status":"publish","type":"page","link":"https:\/\/armintour.com\/fr\/lori-marz\/","title":{"rendered":"Lori Marz"},"content":{"rendered":"<section class=\"l-section wpb_row height_small\"><div class=\"l-section-h i-cf\"><div class=\"g-cols vc_row via_grid cols_1 laptops-cols_inherit tablets-cols_inherit mobiles-cols_1 valign_top type_default stacking_default\"><div class=\"wpb_column vc_column_container\"><div class=\"vc_column-inner\"><div class=\"wpb_text_column\"><div class=\"wpb_wrapper\"><p><strong>Territoire:<\/strong> 3789 km\u00b2<br \/>\n<strong>Les terres agricoles:<\/strong> 192212 ha<br \/>\n<strong>Y compris les terres arables:<\/strong> 47823 ha<br \/>\n<strong>Population:<\/strong> 225,0 milliers de personnes (2016)<\/p>\n<\/div><\/div><\/div><\/div><\/div><\/div><\/section><section class=\"l-section wpb_row height_small\"><div class=\"l-section-h i-cf\"><div class=\"g-cols vc_row via_grid cols_1 laptops-cols_inherit tablets-cols_inherit mobiles-cols_1 valign_top type_default stacking_default\"><div class=\"wpb_column vc_column_container\"><div class=\"vc_column-inner\"><div class=\"wpb_text_column\"><div class=\"wpb_wrapper\"><p>Le marz de Lori est situ\u00e9 dans le nord-est de l\u2019Arm\u00e9nie, avec Vanadzor comme le centre. Pambak, Dzoraget, Aghstev et Debed coulent les ruisseaux \u00e0 travers le territoire de la Marz. Il est riche en fruits, les for\u00eats, les champs fertiles, des lacs et des sources fra\u00eeches. Le climat est temp\u00e9r\u00e9. La cha\u00eene de montagnes de Lori-Pambak emp\u00eache l\u2019\u00e9coulement des vents froids du nord. Le riche patrimoine culturel du marz remonte \u00e0 l\u2019\u00e2ge. Sur le plateau \u00e9lev\u00e9 de la ville d\u2019Alaverdi, sur la rive droite de la rivi\u00e8re Debed est situ\u00e9 le village de Sanahin. Le village est reli\u00e9 avec les routes principales par le pont de 1192, la plus ancienne construction de g\u00e9nie pr\u00e9serv\u00e9 jusqu\u2019\u00e0 nos jours. Le complexe du monast\u00e8re de Sanahin, construit en X-XIII ss.<br \/>\nEst sur le territoire du village. Il est consid\u00e9r\u00e9 comme l\u2019une des solutions les plus int\u00e9ressantes d\u2019architecture. D\u00e9crire Sanahin n\u2019est pas une t\u00e2che facile, il faut la voir. Le complexe du monast\u00e8re de Haghbat, X-XIII ss., est sur la distance de 5 km de Sanahin. Les deux complexes utilis\u00e9s pour leurs biblioth\u00e8ques, scriptoria, les \u00e9coles et les r\u00e9fectoires. Les deux monast\u00e8res sont inscrits par l\u2019UNESCO sur la liste du Patrimoine Mondial en 1996.<br \/>\nVers Sud de Alaverdi, sur le plateau, vous trouverez la c\u00e9l\u00e8bre cath\u00e9drale de Odzun, VI-VII ss. Dans les bois de Lori vous pouvez voir partout les traces de colonies anciennes et des forteresses, des complexes monastiques et les \u00e9glises. Vous ne supportez pas d\u2019admirer les monuments de Akhtala (X-XIII ss.) Kobayr (XIIIs.) avec leurs fresques, Hnevank ( XII-XIII ss.), un certain nombre d\u2019\u00e9glises catholiques et des citadelles. La forteresse de Lori est un \u00e9chantillon brillante de l\u2019architecture arm\u00e9nienne.<\/p>\n<\/div><\/div><\/div><\/div><\/div><\/div><\/section><section class=\"l-section wpb_row height_small\"><div class=\"l-section-h i-cf\"><div class=\"g-cols vc_row via_grid cols_1 laptops-cols_inherit tablets-cols_inherit mobiles-cols_1 valign_top type_default stacking_default\"><div class=\"wpb_column vc_column_container\"><div class=\"vc_column-inner\"><div class=\"w-slider style_none fit_contain nav_dots count_27\"><div class=\"w-slider-h\" aria-hidden=\"true\"><div class=\"royalSlider\"><div class=\"rsContent\"><a class=\"rsImg\" data-rsw=\"1280\" data-rsh=\"831\" data-rsBigImg=\"https:\/\/armintour.com\/wp-content\/uploads\/2023\/01\/Odzun-Altar-pod-otkryt.jpg\" href=\"https:\/\/armintour.com\/wp-content\/uploads\/2023\/01\/Odzun-Altar-pod-otkryt.jpg\"><span data-alt=\"\"><\/span><\/a><\/div><div class=\"rsContent\"><a class=\"rsImg\" data-rsw=\"2000\" data-rsh=\"1333\" data-rsBigImg=\"https:\/\/armintour.com\/wp-content\/uploads\/2023\/01\/49034286072_Haghpat.jpg\" href=\"https:\/\/armintour.com\/wp-content\/uploads\/2023\/01\/49034286072_Haghpat.jpg\"><span data-alt=\"\"><\/span><\/a><\/div><div class=\"rsContent\"><a class=\"rsImg\" data-rsw=\"1400\" data-rsh=\"843\" data-rsBigImg=\"https:\/\/armintour.com\/wp-content\/uploads\/2023\/01\/Debed.jpg\" href=\"https:\/\/armintour.com\/wp-content\/uploads\/2023\/01\/Debed.jpg\"><span data-alt=\"\"><\/span><\/a><\/div><div class=\"rsContent\"><a class=\"rsImg\" data-rsw=\"1000\" data-rsh=\"604\" data-rsBigImg=\"https:\/\/armintour.com\/wp-content\/uploads\/2023\/01\/Dzoraget.jpg\" href=\"https:\/\/armintour.com\/wp-content\/uploads\/2023\/01\/Dzoraget.jpg\"><span data-alt=\"\"><\/span><\/a><\/div><div class=\"rsContent\"><a class=\"rsImg\" data-rsw=\"1024\" data-rsh=\"791\" data-rsBigImg=\"https:\/\/armintour.com\/wp-content\/uploads\/2023\/01\/Kobayr.jpg\" href=\"https:\/\/armintour.com\/wp-content\/uploads\/2023\/01\/Kobayr.jpg\"><span data-alt=\"\"><\/span><\/a><\/div><div class=\"rsContent\"><a class=\"rsImg\" data-rsw=\"2000\" data-rsh=\"1500\" data-rsBigImg=\"https:\/\/armintour.com\/wp-content\/uploads\/2023\/01\/Pambak.jpg\" href=\"https:\/\/armintour.com\/wp-content\/uploads\/2023\/01\/Pambak.jpg\"><span data-alt=\"\"><\/span><\/a><\/div><div class=\"rsContent\"><a class=\"rsImg\" data-rsw=\"2000\" data-rsh=\"1500\" data-rsBigImg=\"https:\/\/armintour.com\/wp-content\/uploads\/2023\/01\/Vanadzor.jpg\" href=\"https:\/\/armintour.com\/wp-content\/uploads\/2023\/01\/Vanadzor.jpg\"><span data-alt=\"\"><\/span><\/a><\/div><div class=\"rsContent\"><a class=\"rsImg\" data-rsw=\"2000\" data-rsh=\"1333\" data-rsBigImg=\"https:\/\/armintour.com\/wp-content\/uploads\/2023\/01\/Monasterio_de_Sanahin_Armenia.jpg\" href=\"https:\/\/armintour.com\/wp-content\/uploads\/2023\/01\/Monasterio_de_Sanahin_Armenia.jpg\"><span data-alt=\"\"><\/span><\/a><\/div><div class=\"rsContent\"><a class=\"rsImg\" data-rsw=\"2000\" data-rsh=\"1333\" data-rsBigImg=\"https:\/\/armintour.com\/wp-content\/uploads\/2023\/01\/Sanahin_Monastery_5.jpg\" href=\"https:\/\/armintour.com\/wp-content\/uploads\/2023\/01\/Sanahin_Monastery_5.jpg\"><span data-alt=\"\"><\/span><\/a><\/div><div class=\"rsContent\"><a class=\"rsImg\" data-rsw=\"2000\" data-rsh=\"1500\" data-rsBigImg=\"https:\/\/armintour.com\/wp-content\/uploads\/2023\/01\/Lori_Berd_Lori_Marz_01.jpg\" href=\"https:\/\/armintour.com\/wp-content\/uploads\/2023\/01\/Lori_Berd_Lori_Marz_01.jpg\"><span data-alt=\"\"><\/span><\/a><\/div><div class=\"rsContent\"><a class=\"rsImg\" data-rsw=\"1200\" data-rsh=\"800\" data-rsBigImg=\"https:\/\/armintour.com\/wp-content\/uploads\/2023\/01\/Lori_Berd_Armenia_2016-09-30_DD_55.jpg\" href=\"https:\/\/armintour.com\/wp-content\/uploads\/2023\/01\/Lori_Berd_Armenia_2016-09-30_DD_55.jpg\"><span data-alt=\"\"><\/span><\/a><\/div><div class=\"rsContent\"><a class=\"rsImg\" data-rsw=\"1600\" data-rsh=\"978\" data-rsBigImg=\"https:\/\/armintour.com\/wp-content\/uploads\/2023\/01\/1600px-Lori_Berd_Armenia_2016-09-30_DD_63-65_HDR.jpg\" href=\"https:\/\/armintour.com\/wp-content\/uploads\/2023\/01\/1600px-Lori_Berd_Armenia_2016-09-30_DD_63-65_HDR.jpg\"><span data-alt=\"\"><\/span><\/a><\/div><div class=\"rsContent\"><a class=\"rsImg\" data-rsw=\"1600\" data-rsh=\"1107\" data-rsBigImg=\"https:\/\/armintour.com\/wp-content\/uploads\/2023\/01\/1600px-Lori_Berd_Armenia_2016-09-30_DD_69.jpg\" href=\"https:\/\/armintour.com\/wp-content\/uploads\/2023\/01\/1600px-Lori_Berd_Armenia_2016-09-30_DD_69.jpg\"><span data-alt=\"\"><\/span><\/a><\/div><div class=\"rsContent\"><a class=\"rsImg\" data-rsw=\"1200\" data-rsh=\"899\" data-rsBigImg=\"https:\/\/armintour.com\/wp-content\/uploads\/2023\/01\/Hnevank_monastery_complex_from_air_2.jpg\" href=\"https:\/\/armintour.com\/wp-content\/uploads\/2023\/01\/Hnevank_monastery_complex_from_air_2.jpg\"><span data-alt=\"\"><\/span><\/a><\/div><div class=\"rsContent\"><a class=\"rsImg\" data-rsw=\"1200\" data-rsh=\"800\" data-rsBigImg=\"https:\/\/armintour.com\/wp-content\/uploads\/2023\/01\/Kobayr-5.jpeg\" href=\"https:\/\/armintour.com\/wp-content\/uploads\/2023\/01\/Kobayr-5.jpeg\"><span data-alt=\"\"><\/span><\/a><\/div><div class=\"rsContent\"><a class=\"rsImg\" data-rsw=\"1200\" data-rsh=\"800\" data-rsBigImg=\"https:\/\/armintour.com\/wp-content\/uploads\/2023\/01\/Kobayr-6.jpeg\" href=\"https:\/\/armintour.com\/wp-content\/uploads\/2023\/01\/Kobayr-6.jpeg\"><span data-alt=\"\"><\/span><\/a><\/div><div class=\"rsContent\"><a class=\"rsImg\" data-rsw=\"1280\" data-rsh=\"853\" data-rsBigImg=\"https:\/\/armintour.com\/wp-content\/uploads\/2023\/01\/Kobayr-4.jpg\" href=\"https:\/\/armintour.com\/wp-content\/uploads\/2023\/01\/Kobayr-4.jpg\"><span data-alt=\"\"><\/span><\/a><\/div><div class=\"rsContent\"><a class=\"rsImg\" data-rsw=\"1200\" data-rsh=\"714\" data-rsBigImg=\"https:\/\/armintour.com\/wp-content\/uploads\/2023\/01\/Akhtala.jpg\" href=\"https:\/\/armintour.com\/wp-content\/uploads\/2023\/01\/Akhtala.jpg\"><span data-alt=\"\"><\/span><\/a><\/div><div class=\"rsContent\"><a class=\"rsImg\" data-rsw=\"1376\" data-rsh=\"770\" data-rsBigImg=\"https:\/\/armintour.com\/wp-content\/uploads\/2023\/01\/00-AKHTALA-MONASTERY-cover-photo.jpg\" href=\"https:\/\/armintour.com\/wp-content\/uploads\/2023\/01\/00-AKHTALA-MONASTERY-cover-photo.jpg\"><span data-alt=\"\"><\/span><\/a><\/div><div class=\"rsContent\"><a class=\"rsImg\" data-rsw=\"1200\" data-rsh=\"800\" data-rsBigImg=\"https:\/\/armintour.com\/wp-content\/uploads\/2023\/01\/Odzun.jpeg\" href=\"https:\/\/armintour.com\/wp-content\/uploads\/2023\/01\/Odzun.jpeg\"><span data-alt=\"\"><\/span><\/a><\/div><div class=\"rsContent\"><a class=\"rsImg\" data-rsw=\"1200\" data-rsh=\"800\" data-rsBigImg=\"https:\/\/armintour.com\/wp-content\/uploads\/2023\/01\/Haghpat-4.jpeg\" href=\"https:\/\/armintour.com\/wp-content\/uploads\/2023\/01\/Haghpat-4.jpeg\"><span data-alt=\"\"><\/span><\/a><\/div><div class=\"rsContent\"><a class=\"rsImg\" data-rsw=\"1080\" data-rsh=\"1080\" data-rsBigImg=\"https:\/\/armintour.com\/wp-content\/uploads\/2023\/01\/Haghpat.jpg\" href=\"https:\/\/armintour.com\/wp-content\/uploads\/2023\/01\/Haghpat.jpg\"><span data-alt=\"\"><\/span><\/a><\/div><div class=\"rsContent\"><a class=\"rsImg\" data-rsw=\"1200\" data-rsh=\"800\" data-rsBigImg=\"https:\/\/armintour.com\/wp-content\/uploads\/2023\/01\/Sanahin.jpeg\" href=\"https:\/\/armintour.com\/wp-content\/uploads\/2023\/01\/Sanahin.jpeg\"><span data-alt=\"\"><\/span><\/a><\/div><div class=\"rsContent\"><a class=\"rsImg\" data-rsw=\"1080\" data-rsh=\"1319\" data-rsBigImg=\"https:\/\/armintour.com\/wp-content\/uploads\/2023\/01\/Alaverdi.jpg\" href=\"https:\/\/armintour.com\/wp-content\/uploads\/2023\/01\/Alaverdi.jpg\"><span data-alt=\"\"><\/span><\/a><\/div><div class=\"rsContent\"><a class=\"rsImg\" data-rsw=\"1920\" data-rsh=\"1149\" data-rsBigImg=\"https:\/\/armintour.com\/wp-content\/uploads\/2023\/01\/2.sanahin-monastery-in-armenia.jpg\" href=\"https:\/\/armintour.com\/wp-content\/uploads\/2023\/01\/2.sanahin-monastery-in-armenia.jpg\"><span data-alt=\"\"><\/span><\/a><\/div><div class=\"rsContent\"><a class=\"rsImg\" data-rsw=\"1280\" data-rsh=\"853\" data-rsBigImg=\"https:\/\/armintour.com\/wp-content\/uploads\/2023\/01\/Utstchele-reki-Debed-i-zalozh.jpg\" href=\"https:\/\/armintour.com\/wp-content\/uploads\/2023\/01\/Utstchele-reki-Debed-i-zalozh.jpg\"><span data-alt=\"\"><\/span><\/a><\/div><div class=\"rsContent\"><a class=\"rsImg\" data-rsw=\"1500\" data-rsh=\"1125\" data-rsBigImg=\"https:\/\/armintour.com\/wp-content\/uploads\/2023\/01\/Hnevank.jpg\" href=\"https:\/\/armintour.com\/wp-content\/uploads\/2023\/01\/Hnevank.jpg\"><span data-alt=\"\"><\/span><\/a><\/div><\/div><img decoding=\"async\" src=\"https:\/\/armintour.com\/wp-content\/uploads\/2023\/01\/Odzun-Altar-pod-otkryt.jpg\" width=\"1280\" height=\"831\" alt loading=\"lazy\"><\/div><div class=\"w-slider-json\" onclick='return {&quot;autoScaleSlider&quot;:true,&quot;addActiveClass&quot;:true,&quot;loop&quot;:true,&quot;fadeInLoadedSlide&quot;:false,&quot;slidesSpacing&quot;:0,&quot;imageScalePadding&quot;:0,&quot;numImagesToPreload&quot;:2,&quot;arrowsNav&quot;:false,&quot;arrowsNavAutoHide&quot;:false,&quot;transitionType&quot;:&quot;move&quot;,&quot;transitionSpeed&quot;:250,&quot;block&quot;:{&quot;moveEffect&quot;:&quot;none&quot;,&quot;speed&quot;:300},&quot;thumbs&quot;:{&quot;fitInViewport&quot;:false,&quot;firstMargin&quot;:false,&quot;spacing&quot;:4},&quot;controlNavigation&quot;:&quot;bullets&quot;,&quot;autoplay&quot;:{&quot;enabled&quot;:true,&quot;pauseOnHover&quot;:false,&quot;delay&quot;:3000},&quot;fullscreen&quot;:{&quot;enabled&quot;:true},&quot;autoScaleSliderWidth&quot;:1280,&quot;autoScaleSliderHeight&quot;:831}'><\/div><\/div><\/div><\/div><\/div><\/div><\/section>\n","protected":false},"excerpt":{"rendered":"Territoire: 3789 km\u00b2 Les terres agricoles: 192212 ha Y compris les terres arables: 47823 ha Population: 225,0 milliers de personnes (2016) Le marz de Lori est situ\u00e9 dans le nord-est de l\u2019Arm\u00e9nie, avec Vanadzor comme le centre. Pambak, Dzoraget, Aghstev et Debed coulent les ruisseaux \u00e0 travers le territoire de la Marz. Il est riche...","protected":false},"author":1,"featured_media":15975,"parent":0,"menu_order":0,"comment_status":"closed","ping_status":"closed","template":"","meta":{"footnotes":""},"class_list":["post-24572","page","type-page","status-publish","has-post-thumbnail","hentry"],"_links":{"self":[{"href":"https:\/\/armintour.com\/fr\/wp-json\/wp\/v2\/pages\/24572","targetHints":{"allow":["GET"]}}],"collection":[{"href":"https:\/\/armintour.com\/fr\/wp-json\/wp\/v2\/pages"}],"about":[{"href":"https:\/\/armintour.com\/fr\/wp-json\/wp\/v2\/types\/page"}],"author":[{"embeddable":true,"href":"https:\/\/armintour.com\/fr\/wp-json\/wp\/v2\/users\/1"}],"replies":[{"embeddable":true,"href":"https:\/\/armintour.com\/fr\/wp-json\/wp\/v2\/comments?post=24572"}],"version-history":[{"count":9,"href":"https:\/\/armintour.com\/fr\/wp-json\/wp\/v2\/pages\/24572\/revisions"}],"predecessor-version":[{"id":25034,"href":"https:\/\/armintour.com\/fr\/wp-json\/wp\/v2\/pages\/24572\/revisions\/25034"}],"wp:featuredmedia":[{"embeddable":true,"href":"https:\/\/armintour.com\/fr\/wp-json\/wp\/v2\/media\/15975"}],"wp:attachment":[{"href":"https:\/\/armintour.com\/fr\/wp-json\/wp\/v2\/media?parent=24572"}],"curies":[{"name":"wp","href":"https:\/\/api.w.org\/{rel}","templated":true}]}}