{"id":14758,"date":"2022-12-27T23:14:30","date_gmt":"2022-12-27T19:14:30","guid":{"rendered":"https:\/\/intour.lizin.am\/general-information\/"},"modified":"2023-01-23T23:20:50","modified_gmt":"2023-01-23T19:20:50","slug":"general-information","status":"publish","type":"page","link":"https:\/\/armintour.com\/it\/general-information\/","title":{"rendered":"Informazioni Generali"},"content":{"rendered":"<section class=\"l-section wpb_row height_small\"><div class=\"l-section-h i-cf\"><div class=\"g-cols vc_row via_grid cols_1 laptops-cols_inherit tablets-cols_inherit mobiles-cols_1 valign_top type_default stacking_default\"><div class=\"wpb_column vc_column_container\"><div class=\"vc_column-inner\"><div class=\"w-tabs style_default switch_click accordion has_scrolling\" style=\"--sections-title-size:inherit\"><div class=\"w-tabs-sections titles-align_none icon_triangle cpos_right\"><div class=\"w-tabs-section no_indents\" id=\"k595\" itemscope itemprop=\"mainEntity\" itemtype=\"https:\/\/schema.org\/Question\"><button class=\"w-tabs-section-header\" aria-controls=\"content-k595\" aria-expanded=\"false\"><div class=\"w-tabs-section-title\" itemprop=\"name\">Nome ufficiale- La Repubblica di Armenia (Hayastani Hanrapetoutyun)<\/div><div class=\"w-tabs-section-control\"><\/div><\/button><div  class=\"w-tabs-section-content\" id=\"content-k595\" itemscope itemprop=\"acceptedAnswer\" itemtype=\"https:\/\/schema.org\/Answer\"><div class=\"w-tabs-section-content-h i-cf\" itemprop=\"text\"><div class=\"wpb_text_column\"><div class=\"wpb_wrapper\"><p>La Repubblica di Armenia \u00e8 uno Stato sovrano, democratico, sociale e legale. Il potere statale \u00e8 amministrato in conformit\u00e0 con la Costituzione e le leggi in base al principio della separazione dei poteri legislativo, esecutivo e giudiziario.<\/p>\n<\/div><\/div><\/div><\/div><\/div><div class=\"w-tabs-section\" id=\"d8ed\" itemscope itemprop=\"mainEntity\" itemtype=\"https:\/\/schema.org\/Question\"><button class=\"w-tabs-section-header\" aria-controls=\"content-d8ed\" aria-expanded=\"false\"><div class=\"w-tabs-section-title\" itemprop=\"name\">Capitale:<\/div><div class=\"w-tabs-section-control\"><\/div><\/button><div  class=\"w-tabs-section-content\" id=\"content-d8ed\" itemscope itemprop=\"acceptedAnswer\" itemtype=\"https:\/\/schema.org\/Answer\"><div class=\"w-tabs-section-content-h i-cf\" itemprop=\"text\"><div class=\"g-cols wpb_row via_grid cols_2 laptops-cols_inherit tablets-cols_inherit mobiles-cols_1 valign_top type_default stacking_default\" style=\"--columns-gap:3rem;\"><div class=\"wpb_column vc_column_container\"><div class=\"vc_column-inner\"><div class=\"wpb_text_column\"><div class=\"wpb_wrapper\"><p>La citt\u00e0 di Yerevan \u00e8 1,073,700 (dal 2016)<\/p>\n<\/div><\/div><\/div><\/div><div class=\"wpb_column vc_column_container\"><div class=\"vc_column-inner\"><div class=\"w-image align_center\"><a ref=\"magnificPopup\" href=\"https:\/\/armintour.com\/wp-content\/uploads\/2022\/12\/Yerevan-3.jpg\" aria-label=\"Yerevan\" class=\"w-image-h\"><img decoding=\"async\" width=\"1920\" height=\"1080\" src=\"https:\/\/armintour.com\/wp-content\/uploads\/2022\/12\/Yerevan-3.jpg\" class=\"attachment-full size-full\" alt=\"\" loading=\"lazy\" srcset=\"https:\/\/armintour.com\/wp-content\/uploads\/2022\/12\/Yerevan-3.jpg 1920w, https:\/\/armintour.com\/wp-content\/uploads\/2022\/12\/Yerevan-3-300x169.jpg 300w, https:\/\/armintour.com\/wp-content\/uploads\/2022\/12\/Yerevan-3-1024x576.jpg 1024w\" sizes=\"auto, (max-width: 1920px) 100vw, 1920px\" \/><\/a><\/div><\/div><\/div><\/div><\/div><\/div><\/div><div class=\"w-tabs-section\" id=\"q7ac\" itemscope itemprop=\"mainEntity\" itemtype=\"https:\/\/schema.org\/Question\"><button class=\"w-tabs-section-header\" aria-controls=\"content-q7ac\" aria-expanded=\"false\"><div class=\"w-tabs-section-title\" itemprop=\"name\">Lingua ufficiale:<\/div><div class=\"w-tabs-section-control\"><\/div><\/button><div  class=\"w-tabs-section-content\" id=\"content-q7ac\" itemscope itemprop=\"acceptedAnswer\" itemtype=\"https:\/\/schema.org\/Answer\"><div class=\"w-tabs-section-content-h i-cf\" itemprop=\"text\"><div class=\"g-cols wpb_row via_grid cols_2 laptops-cols_inherit tablets-cols_inherit mobiles-cols_1 valign_top type_default stacking_default\" style=\"--columns-gap:3rem;\"><div class=\"wpb_column vc_column_container\"><div class=\"vc_column-inner\"><div class=\"wpb_text_column\"><div class=\"wpb_wrapper\"><p>L\u2019armeno \u00e8 una lingua ufficiale della Repubblica di Armenia.<br \/>\n(Il russo \u00e8 ampiamente utilizzato, soprattutto nell\u2019istruzione)<\/p>\n<\/div><\/div><\/div><\/div><div class=\"wpb_column vc_column_container\"><div class=\"vc_column-inner\"><div class=\"w-image align_center\"><a ref=\"magnificPopup\" href=\"https:\/\/armintour.com\/wp-content\/uploads\/2022\/12\/armenian-alphabet-monument.jpg\" aria-label=\"armenian-alphabet-monument\" class=\"w-image-h\"><img decoding=\"async\" width=\"1200\" height=\"1200\" src=\"https:\/\/armintour.com\/wp-content\/uploads\/2022\/12\/armenian-alphabet-monument.jpg\" class=\"attachment-full size-full\" alt=\"\" loading=\"lazy\" srcset=\"https:\/\/armintour.com\/wp-content\/uploads\/2022\/12\/armenian-alphabet-monument.jpg 1200w, https:\/\/armintour.com\/wp-content\/uploads\/2022\/12\/armenian-alphabet-monument-300x300.jpg 300w, https:\/\/armintour.com\/wp-content\/uploads\/2022\/12\/armenian-alphabet-monument-1024x1024.jpg 1024w, https:\/\/armintour.com\/wp-content\/uploads\/2022\/12\/armenian-alphabet-monument-150x150.jpg 150w\" sizes=\"auto, (max-width: 1200px) 100vw, 1200px\" \/><\/a><\/div><\/div><\/div><\/div><\/div><\/div><\/div><div class=\"w-tabs-section\" id=\"p855\" itemscope itemprop=\"mainEntity\" itemtype=\"https:\/\/schema.org\/Question\"><button class=\"w-tabs-section-header\" aria-controls=\"content-p855\" aria-expanded=\"false\"><div class=\"w-tabs-section-title\" itemprop=\"name\">Religione:<\/div><div class=\"w-tabs-section-control\"><\/div><\/button><div  class=\"w-tabs-section-content\" id=\"content-p855\" itemscope itemprop=\"acceptedAnswer\" itemtype=\"https:\/\/schema.org\/Answer\"><div class=\"w-tabs-section-content-h i-cf\" itemprop=\"text\"><div class=\"g-cols wpb_row via_grid cols_2 laptops-cols_inherit tablets-cols_inherit mobiles-cols_1 valign_top type_default stacking_default\" style=\"--columns-gap:3rem;\"><div class=\"wpb_column vc_column_container\"><div class=\"vc_column-inner\"><div class=\"wpb_text_column\"><div class=\"wpb_wrapper\"><p>La maggioranza assoluta \u00e8 il discepolo della Chiesa Armena Apostolica.<\/p>\n<\/div><\/div><\/div><\/div><div class=\"wpb_column vc_column_container\"><div class=\"vc_column-inner\"><div class=\"w-image align_center\"><a ref=\"magnificPopup\" href=\"https:\/\/armintour.com\/wp-content\/uploads\/2022\/12\/Echmiatsin-2.1.jpg\" aria-label=\"Echmiatsin-2.1\" class=\"w-image-h\"><img decoding=\"async\" width=\"1000\" height=\"816\" src=\"https:\/\/armintour.com\/wp-content\/uploads\/2022\/12\/Echmiatsin-2.1.jpg\" class=\"attachment-full size-full\" alt=\"\" loading=\"lazy\" srcset=\"https:\/\/armintour.com\/wp-content\/uploads\/2022\/12\/Echmiatsin-2.1.jpg 1000w, https:\/\/armintour.com\/wp-content\/uploads\/2022\/12\/Echmiatsin-2.1-300x245.jpg 300w\" sizes=\"auto, (max-width: 1000px) 100vw, 1000px\" \/><\/a><\/div><\/div><\/div><\/div><\/div><\/div><\/div><div class=\"w-tabs-section\" id=\"s498\" itemscope itemprop=\"mainEntity\" itemtype=\"https:\/\/schema.org\/Question\"><button class=\"w-tabs-section-header\" aria-controls=\"content-s498\" aria-expanded=\"false\"><div class=\"w-tabs-section-title\" itemprop=\"name\">Valuta:<\/div><div class=\"w-tabs-section-control\"><\/div><\/button><div  class=\"w-tabs-section-content\" id=\"content-s498\" itemscope itemprop=\"acceptedAnswer\" itemtype=\"https:\/\/schema.org\/Answer\"><div class=\"w-tabs-section-content-h i-cf\" itemprop=\"text\"><div class=\"g-cols wpb_row via_grid cols_2 laptops-cols_inherit tablets-cols_inherit mobiles-cols_1 valign_top type_default stacking_default\" style=\"--columns-gap:3rem;\"><div class=\"wpb_column vc_column_container\"><div class=\"vc_column-inner\"><div class=\"wpb_text_column\"><div class=\"wpb_wrapper\"><p>L\u2019unit\u00e0 monetaria \u00e8 il dram RA (AMD), introdotto nel 1993.<\/p>\n<\/div><\/div><\/div><\/div><div class=\"wpb_column vc_column_container\"><div class=\"vc_column-inner\"><div class=\"w-image align_center\"><a ref=\"magnificPopup\" href=\"https:\/\/armintour.com\/wp-content\/uploads\/2022\/12\/Armenian-Bills.jpg\" aria-label=\"Armenian-Bills\" class=\"w-image-h\"><img decoding=\"async\" width=\"880\" height=\"880\" src=\"https:\/\/armintour.com\/wp-content\/uploads\/2022\/12\/Armenian-Bills.jpg\" class=\"attachment-full size-full\" alt=\"\" loading=\"lazy\" srcset=\"https:\/\/armintour.com\/wp-content\/uploads\/2022\/12\/Armenian-Bills.jpg 880w, https:\/\/armintour.com\/wp-content\/uploads\/2022\/12\/Armenian-Bills-300x300.jpg 300w, https:\/\/armintour.com\/wp-content\/uploads\/2022\/12\/Armenian-Bills-150x150.jpg 150w\" sizes=\"auto, (max-width: 880px) 100vw, 880px\" \/><\/a><\/div><\/div><\/div><\/div><\/div><\/div><\/div><div class=\"w-tabs-section\" id=\"a29b\" itemscope itemprop=\"mainEntity\" itemtype=\"https:\/\/schema.org\/Question\"><button class=\"w-tabs-section-header\" aria-controls=\"content-a29b\" aria-expanded=\"false\"><div class=\"w-tabs-section-title\" itemprop=\"name\">Popolazione:<\/div><div class=\"w-tabs-section-control\"><\/div><\/button><div  class=\"w-tabs-section-content\" id=\"content-a29b\" itemscope itemprop=\"acceptedAnswer\" itemtype=\"https:\/\/schema.org\/Answer\"><div class=\"w-tabs-section-content-h i-cf\" itemprop=\"text\"><div class=\"g-cols wpb_row via_grid cols_2 laptops-cols_inherit tablets-cols_inherit mobiles-cols_1 valign_top type_default stacking_default\" style=\"--columns-gap:3rem;\"><div class=\"wpb_column vc_column_container\"><div class=\"vc_column-inner\"><div class=\"wpb_text_column\"><div class=\"wpb_wrapper\"><p>3 022 866 (2016)<\/p>\n<\/div><\/div><\/div><\/div><div class=\"wpb_column vc_column_container\"><div class=\"vc_column-inner\"><div class=\"w-image align_center\"><a ref=\"magnificPopup\" href=\"https:\/\/armintour.com\/wp-content\/uploads\/2022\/12\/Armenians.jpg\" aria-label=\"Armenians\" class=\"w-image-h\"><img decoding=\"async\" width=\"800\" height=\"450\" src=\"https:\/\/armintour.com\/wp-content\/uploads\/2022\/12\/Armenians.jpg\" class=\"attachment-full size-full\" alt=\"\" loading=\"lazy\" srcset=\"https:\/\/armintour.com\/wp-content\/uploads\/2022\/12\/Armenians.jpg 800w, https:\/\/armintour.com\/wp-content\/uploads\/2022\/12\/Armenians-300x169.jpg 300w\" sizes=\"auto, (max-width: 800px) 100vw, 800px\" \/><\/a><\/div><\/div><\/div><\/div><\/div><\/div><\/div><div class=\"w-tabs-section\" id=\"i160\" itemscope itemprop=\"mainEntity\" itemtype=\"https:\/\/schema.org\/Question\"><button class=\"w-tabs-section-header\" aria-controls=\"content-i160\" aria-expanded=\"false\"><div class=\"w-tabs-section-title\" itemprop=\"name\">Composizione etnica:<\/div><div class=\"w-tabs-section-control\"><\/div><\/button><div  class=\"w-tabs-section-content\" id=\"content-i160\" itemscope itemprop=\"acceptedAnswer\" itemtype=\"https:\/\/schema.org\/Answer\"><div class=\"w-tabs-section-content-h i-cf\" itemprop=\"text\"><div class=\"g-cols wpb_row via_grid cols_2 laptops-cols_inherit tablets-cols_inherit mobiles-cols_1 valign_top type_default stacking_default\" style=\"--columns-gap:3rem;\"><div class=\"wpb_column vc_column_container\"><div class=\"vc_column-inner\"><div class=\"wpb_text_column\"><div class=\"wpb_wrapper\"><p>Armeni: 96%<br \/>\nMinoranze: russi, yezidi, assiri, greci, ucraini, ebrei, curdi ed altri.<\/p>\n<\/div><\/div><\/div><\/div><div class=\"wpb_column vc_column_container\"><div class=\"vc_column-inner\"><div class=\"w-image align_center\"><a ref=\"magnificPopup\" href=\"https:\/\/armintour.com\/wp-content\/uploads\/2022\/12\/Ethnic-composition.jpg\" aria-label=\"Ethnic composition\" class=\"w-image-h\"><img decoding=\"async\" width=\"800\" height=\"445\" src=\"https:\/\/armintour.com\/wp-content\/uploads\/2022\/12\/Ethnic-composition.jpg\" class=\"attachment-full size-full\" alt=\"\" loading=\"lazy\" srcset=\"https:\/\/armintour.com\/wp-content\/uploads\/2022\/12\/Ethnic-composition.jpg 800w, https:\/\/armintour.com\/wp-content\/uploads\/2022\/12\/Ethnic-composition-300x167.jpg 300w\" sizes=\"auto, (max-width: 800px) 100vw, 800px\" \/><\/a><\/div><\/div><\/div><\/div><\/div><\/div><\/div><div class=\"w-tabs-section\" id=\"z5e8\" itemscope itemprop=\"mainEntity\" itemtype=\"https:\/\/schema.org\/Question\"><button class=\"w-tabs-section-header\" aria-controls=\"content-z5e8\" aria-expanded=\"false\"><div class=\"w-tabs-section-title\" itemprop=\"name\">Risorse naturali:<\/div><div class=\"w-tabs-section-control\"><\/div><\/button><div  class=\"w-tabs-section-content\" id=\"content-z5e8\" itemscope itemprop=\"acceptedAnswer\" itemtype=\"https:\/\/schema.org\/Answer\"><div class=\"w-tabs-section-content-h i-cf\" itemprop=\"text\"><div class=\"g-cols wpb_row via_grid cols_1 laptops-cols_inherit tablets-cols_inherit mobiles-cols_1 valign_top type_default stacking_default\" style=\"--columns-gap:3rem;\"><div class=\"wpb_column vc_column_container\"><div class=\"vc_column-inner\"><div class=\"wpb_text_column\"><div class=\"wpb_wrapper\"><p>L\u2019Armenia \u00e8 ricca di rame, carbone, ferro, bauxite, molibdeno, oro, argento, piombo e zinco. Ci sono anche dei grandi depositi di pomice, marmo, tufo, perlite, calcare, basalto e sale. Le pietre preziose e semi-preziose sono anche abbondanti.<\/p>\n<\/div><\/div><\/div><\/div><\/div><\/div><\/div><\/div><div class=\"w-tabs-section\" id=\"p712\" itemscope itemprop=\"mainEntity\" itemtype=\"https:\/\/schema.org\/Question\"><button class=\"w-tabs-section-header\" aria-controls=\"content-p712\" aria-expanded=\"false\"><div class=\"w-tabs-section-title\" itemprop=\"name\">Territorio:<\/div><div class=\"w-tabs-section-control\"><\/div><\/button><div  class=\"w-tabs-section-content\" id=\"content-p712\" itemscope itemprop=\"acceptedAnswer\" itemtype=\"https:\/\/schema.org\/Answer\"><div class=\"w-tabs-section-content-h i-cf\" itemprop=\"text\"><div class=\"wpb_text_column\"><div class=\"wpb_wrapper\"><p>29,74 mila chilometri quadrati<\/p>\n<\/div><\/div><\/div><\/div><\/div><div class=\"w-tabs-section\" id=\"l817\" itemscope itemprop=\"mainEntity\" itemtype=\"https:\/\/schema.org\/Question\"><button class=\"w-tabs-section-header\" aria-controls=\"content-l817\" aria-expanded=\"false\"><div class=\"w-tabs-section-title\" itemprop=\"name\">Altitudine media sul livello del mare:<\/div><div class=\"w-tabs-section-control\"><\/div><\/button><div  class=\"w-tabs-section-content\" id=\"content-l817\" itemscope itemprop=\"acceptedAnswer\" itemtype=\"https:\/\/schema.org\/Answer\"><div class=\"w-tabs-section-content-h i-cf\" itemprop=\"text\"><div class=\"wpb_text_column\"><div class=\"wpb_wrapper\"><p>1800 metri<\/p>\n<\/div><\/div><\/div><\/div><\/div><div class=\"w-tabs-section\" id=\"q795\" itemscope itemprop=\"mainEntity\" itemtype=\"https:\/\/schema.org\/Question\"><button class=\"w-tabs-section-header\" aria-controls=\"content-q795\" aria-expanded=\"false\"><div class=\"w-tabs-section-title\" itemprop=\"name\">La cima pi\u00f9 alta:<\/div><div class=\"w-tabs-section-control\"><\/div><\/button><div  class=\"w-tabs-section-content\" id=\"content-q795\" itemscope itemprop=\"acceptedAnswer\" itemtype=\"https:\/\/schema.org\/Answer\"><div class=\"w-tabs-section-content-h i-cf\" itemprop=\"text\"><div class=\"g-cols wpb_row via_grid cols_2 laptops-cols_inherit tablets-cols_inherit mobiles-cols_1 valign_top type_default stacking_default\" style=\"--columns-gap:3rem;\"><div class=\"wpb_column vc_column_container\"><div class=\"vc_column-inner\"><div class=\"wpb_text_column\"><div class=\"wpb_wrapper\"><p>Aragats (4.095 metri)<\/p>\n<\/div><\/div><\/div><\/div><div class=\"wpb_column vc_column_container\"><div class=\"vc_column-inner\"><div class=\"w-image align_center\"><a ref=\"magnificPopup\" href=\"https:\/\/armintour.com\/wp-content\/uploads\/2022\/12\/aragats-in-armenia.jpg\" aria-label=\"aragats-in-armenia\" class=\"w-image-h\"><img decoding=\"async\" width=\"1200\" height=\"661\" src=\"https:\/\/armintour.com\/wp-content\/uploads\/2022\/12\/aragats-in-armenia.jpg\" class=\"attachment-full size-full\" alt=\"\" loading=\"lazy\" srcset=\"https:\/\/armintour.com\/wp-content\/uploads\/2022\/12\/aragats-in-armenia.jpg 1200w, https:\/\/armintour.com\/wp-content\/uploads\/2022\/12\/aragats-in-armenia-300x165.jpg 300w, https:\/\/armintour.com\/wp-content\/uploads\/2022\/12\/aragats-in-armenia-1024x564.jpg 1024w\" sizes=\"auto, (max-width: 1200px) 100vw, 1200px\" \/><\/a><\/div><\/div><\/div><\/div><\/div><\/div><\/div><div class=\"w-tabs-section\" id=\"h844\" itemscope itemprop=\"mainEntity\" itemtype=\"https:\/\/schema.org\/Question\"><button class=\"w-tabs-section-header\" aria-controls=\"content-h844\" aria-expanded=\"false\"><div class=\"w-tabs-section-title\" itemprop=\"name\">La bandiera:<\/div><div class=\"w-tabs-section-control\"><\/div><\/button><div  class=\"w-tabs-section-content\" id=\"content-h844\" itemscope itemprop=\"acceptedAnswer\" itemtype=\"https:\/\/schema.org\/Answer\"><div class=\"w-tabs-section-content-h i-cf\" itemprop=\"text\"><div class=\"g-cols wpb_row via_grid cols_2 laptops-cols_inherit tablets-cols_inherit mobiles-cols_1 valign_top type_default stacking_default\" style=\"--columns-gap:3rem;\"><div class=\"wpb_column vc_column_container\"><div class=\"vc_column-inner\"><div class=\"wpb_text_column\"><div class=\"wpb_wrapper\"><p>La legge su \u201cLa bandiera della Repubblica di Armenia\u201d \u00e8 stata adottata il 24 Agosto 1990, dal Soviet Supremo della Repubblica di Armenia.<br \/>\nLa bandiera dello Stato \u00e8 un pannello rettangolare con tre bande orizzontali uguali di colori: rosso, blu e arancio (dall\u2019alto verso il basso).<\/p>\n<\/div><\/div><\/div><\/div><div class=\"wpb_column vc_column_container\"><div class=\"vc_column-inner\"><div class=\"w-image align_center\"><a ref=\"magnificPopup\" href=\"https:\/\/armintour.com\/wp-content\/uploads\/2022\/12\/armenian-national-flag.jpg\" aria-label=\"armenian-national-flag\" class=\"w-image-h\"><img decoding=\"async\" width=\"1348\" height=\"510\" src=\"https:\/\/armintour.com\/wp-content\/uploads\/2022\/12\/armenian-national-flag.jpg\" class=\"attachment-full size-full\" alt=\"\" loading=\"lazy\" srcset=\"https:\/\/armintour.com\/wp-content\/uploads\/2022\/12\/armenian-national-flag.jpg 1348w, https:\/\/armintour.com\/wp-content\/uploads\/2022\/12\/armenian-national-flag-300x114.jpg 300w, https:\/\/armintour.com\/wp-content\/uploads\/2022\/12\/armenian-national-flag-1024x387.jpg 1024w\" sizes=\"auto, (max-width: 1348px) 100vw, 1348px\" \/><\/a><\/div><\/div><\/div><\/div><\/div><\/div><\/div><div class=\"w-tabs-section\" id=\"l6ab\" itemscope itemprop=\"mainEntity\" itemtype=\"https:\/\/schema.org\/Question\"><button class=\"w-tabs-section-header\" aria-controls=\"content-l6ab\" aria-expanded=\"false\"><div class=\"w-tabs-section-title\" itemprop=\"name\">I Stemmi:<\/div><div class=\"w-tabs-section-control\"><\/div><\/button><div  class=\"w-tabs-section-content\" id=\"content-l6ab\" itemscope itemprop=\"acceptedAnswer\" itemtype=\"https:\/\/schema.org\/Answer\"><div class=\"w-tabs-section-content-h i-cf\" itemprop=\"text\"><div class=\"g-cols wpb_row via_grid cols_2 laptops-cols_inherit tablets-cols_inherit mobiles-cols_1 valign_top type_default stacking_default\" style=\"--columns-gap:3rem;\"><div class=\"wpb_column vc_column_container\"><div class=\"vc_column-inner\"><div class=\"wpb_text_column\"><div class=\"wpb_wrapper\"><p>La legge su \u201cLo stemma nazionale della Repubblica di Armenia\u201d \u00e8 stata adottata il 19 aprile 1992, dal Soviet Supremo della Repubblica di Armenia.<br \/>\nSi tratta di una interpretazione delle armi della Prima Repubblica Armena (1918-1920) progettata da un membro dell\u2019Accademia Russa di Belle Arti, da l\u2019architetto Alexander Tamanyan e l\u2019artista Hakob Kojoyan.<\/p>\n<\/div><\/div><\/div><\/div><div class=\"wpb_column vc_column_container\"><div class=\"vc_column-inner\"><div class=\"w-image align_center\"><a ref=\"magnificPopup\" href=\"https:\/\/armintour.com\/wp-content\/uploads\/2022\/12\/The-Coat-of-Arms.jpg\" aria-label=\"The Coat of Arms\" class=\"w-image-h\"><img decoding=\"async\" width=\"1280\" height=\"720\" src=\"https:\/\/armintour.com\/wp-content\/uploads\/2022\/12\/The-Coat-of-Arms.jpg\" class=\"attachment-full size-full\" alt=\"\" loading=\"lazy\" srcset=\"https:\/\/armintour.com\/wp-content\/uploads\/2022\/12\/The-Coat-of-Arms.jpg 1280w, https:\/\/armintour.com\/wp-content\/uploads\/2022\/12\/The-Coat-of-Arms-300x169.jpg 300w, https:\/\/armintour.com\/wp-content\/uploads\/2022\/12\/The-Coat-of-Arms-1024x576.jpg 1024w\" sizes=\"auto, (max-width: 1280px) 100vw, 1280px\" \/><\/a><\/div><\/div><\/div><\/div><\/div><\/div><\/div><\/div><\/div><\/div><\/div><\/div><\/div><\/section>\n","protected":false},"excerpt":{"rendered":"Nome ufficiale- La Repubblica di Armenia (Hayastani Hanrapetoutyun)La Repubblica di Armenia \u00e8 uno Stato sovrano, democratico, sociale e legale. Il potere statale \u00e8 amministrato in conformit\u00e0 con la Costituzione e le leggi in base al principio della separazione dei poteri legislativo, esecutivo e giudiziario. Capitale:La citt\u00e0 di Yerevan \u00e8 1,073,700 (dal 2016) Lingua ufficiale:L\u2019armeno \u00e8...","protected":false},"author":1,"featured_media":14644,"parent":0,"menu_order":0,"comment_status":"closed","ping_status":"closed","template":"","meta":{"footnotes":""},"class_list":["post-14758","page","type-page","status-publish","has-post-thumbnail","hentry"],"_links":{"self":[{"href":"https:\/\/armintour.com\/it\/wp-json\/wp\/v2\/pages\/14758","targetHints":{"allow":["GET"]}}],"collection":[{"href":"https:\/\/armintour.com\/it\/wp-json\/wp\/v2\/pages"}],"about":[{"href":"https:\/\/armintour.com\/it\/wp-json\/wp\/v2\/types\/page"}],"author":[{"embeddable":true,"href":"https:\/\/armintour.com\/it\/wp-json\/wp\/v2\/users\/1"}],"replies":[{"embeddable":true,"href":"https:\/\/armintour.com\/it\/wp-json\/wp\/v2\/comments?post=14758"}],"version-history":[{"count":2,"href":"https:\/\/armintour.com\/it\/wp-json\/wp\/v2\/pages\/14758\/revisions"}],"predecessor-version":[{"id":24901,"href":"https:\/\/armintour.com\/it\/wp-json\/wp\/v2\/pages\/14758\/revisions\/24901"}],"wp:featuredmedia":[{"embeddable":true,"href":"https:\/\/armintour.com\/it\/wp-json\/wp\/v2\/media\/14644"}],"wp:attachment":[{"href":"https:\/\/armintour.com\/it\/wp-json\/wp\/v2\/media?parent=14758"}],"curies":[{"name":"wp","href":"https:\/\/api.w.org\/{rel}","templated":true}]}}