{"id":14885,"date":"2022-12-28T10:40:09","date_gmt":"2022-12-28T06:40:09","guid":{"rendered":"https:\/\/intour.lizin.am\/history\/"},"modified":"2023-01-23T23:27:32","modified_gmt":"2023-01-23T19:27:32","slug":"history","status":"publish","type":"page","link":"https:\/\/armintour.com\/it\/history\/","title":{"rendered":"La Storia"},"content":{"rendered":"<section class=\"l-section wpb_row height_small\"><div class=\"l-section-overlay\" style=\"background:var(--color-header-middle-bg)\"><\/div><div class=\"l-section-h i-cf\"><div class=\"g-cols vc_row via_grid cols_1 laptops-cols_inherit tablets-cols_inherit mobiles-cols_1 valign_top type_default stacking_default\"><div class=\"wpb_column vc_column_container\"><div class=\"vc_column-inner\"><div class=\"g-cols wpb_row via_grid cols_1 laptops-cols_inherit tablets-cols_inherit mobiles-cols_1 valign_top type_default stacking_default\" style=\"--columns-gap:3rem;\"><div class=\"wpb_column vc_column_container\"><div class=\"vc_column-inner\"><div id=\"ultimate-heading-870969e604230d030\" class=\"uvc-heading ult-adjust-bottom-margin ultimate-heading-870969e604230d030 uvc-333 \" data-hspacer=\"no_spacer\"  data-halign=\"left\" style=\"text-align:left\"><div class=\"uvc-heading-spacer no_spacer\" style=\"top\"><\/div><div class=\"uvc-main-heading ult-responsive\"  data-ultimate-target='.uvc-heading.ultimate-heading-870969e604230d030 h3'  data-responsive-json-new='{\"font-size\":\"\",\"line-height\":\"\"}' ><h3 style=\"font-weight:bold;color:#215388;\">\u201cHAYASTAN\u201d e \u201cARMENIA\u201d<\/h3><\/div><\/div><\/div><\/div><\/div><div class=\"w-separator size_small\"><\/div><div class=\"g-cols wpb_row via_grid cols_2 laptops-cols_inherit tablets-cols_inherit mobiles-cols_1 valign_top type_default stacking_default\" style=\"--columns-gap:3rem;\"><div class=\"wpb_column vc_column_container\"><div class=\"vc_column-inner\"><div class=\"wpb_text_column\"><div class=\"wpb_wrapper\"><p>La prima indicazione di Armenia pu\u00f2 essere rintracciata in sumerico iscrizioni cuneiformi risalenti al III millennio prima di J.C., e gli ittiti dimostrano l\u2019esistenza di un paese chiamato Hayasa, che si suppone la culla dell\u2019armeno. Haya, combinato con il suffisso \u2018-sanscrito-\u2019stan\u2019 (terra).<br \/>\nHayk \u00e8 stato uno dei grandi leader armeni dopo che la Terra Hayk \u00e8 stato chiamato. Hayk \u00e8 anche usato al posto di Orione, nella traduzione armena della Bibbia. Si dice che si sono insediati ai piedi del monte Ararat, si \u00e8 recato per assistere alla costruzione della Torre di Babele, e, dopo il suo ritorno, sconfisse il re babilonese Bel (considerato da alcuni ricercatori come Nimrod) nel 2492, prima J .C., vicino alle montagne del Lago di Van, nel sud-ovest del centro storico di Armenia (oggi Turchia orientale).<br \/>\nLa parola Armani \u2013 una prima forma di Armen-Armin [Armen o Arman denota l\u2019appartenenza nazionale, come con molte culture in piedi per la nazione e in particolare, l\u2019AR Dio \u00e8 la divinit\u00e0 principale del pantheon indo-europea \u2013 e AR MAN indica \u2013 Uomini di Ar o figli di Ar, ancora una volta inizialmente in piedi AR per ARAREL \u2013 Creare-Creatore, anche il Sole, la Luce, la Vita e l\u2019Amore.<br \/>\nSecondo le iscrizioni assiro-babilonesi (VII-XIII ss. prima di J.C.), l\u2019Armenia \u00e8 stata anche chiamata Nairi (paese dei fiumi). Questa terra mitica consisteva dei 60 regni dei trib\u00f9 e inclusi centinaia di citt\u00e0. L\u2019Armenia \u00e8 stata abitata fin dalla preistoria, ed \u00e8 stata proposta come il posto del Giardino di Eden biblico. Il regno armeno si chiama il regno di Ararat nella Bibbia.<\/p>\n<\/div><\/div><\/div><\/div><div class=\"wpb_column vc_column_container\"><div class=\"vc_column-inner\"><div class=\"w-image align_none\"><a ref=\"magnificPopup\" href=\"https:\/\/armintour.com\/wp-content\/uploads\/2022\/12\/old-gods-of-armenia.jpg\" aria-label=\"old gods of armenia\" class=\"w-image-h\"><img decoding=\"async\" width=\"1500\" height=\"1033\" src=\"https:\/\/armintour.com\/wp-content\/uploads\/2022\/12\/old-gods-of-armenia.jpg\" class=\"attachment-full size-full\" alt=\"\" loading=\"lazy\" srcset=\"https:\/\/armintour.com\/wp-content\/uploads\/2022\/12\/old-gods-of-armenia.jpg 1500w, https:\/\/armintour.com\/wp-content\/uploads\/2022\/12\/old-gods-of-armenia-300x207.jpg 300w, https:\/\/armintour.com\/wp-content\/uploads\/2022\/12\/old-gods-of-armenia-1024x705.jpg 1024w\" sizes=\"auto, (max-width: 1500px) 100vw, 1500px\" \/><\/a><\/div><div class=\"w-image align_none\"><a ref=\"magnificPopup\" href=\"https:\/\/armintour.com\/wp-content\/uploads\/2022\/12\/Armenian-History.jpg\" aria-label=\"Armenian History\" class=\"w-image-h\"><img decoding=\"async\" width=\"1920\" height=\"844\" src=\"https:\/\/armintour.com\/wp-content\/uploads\/2022\/12\/Armenian-History.jpg\" class=\"attachment-full size-full\" alt=\"\" loading=\"lazy\" srcset=\"https:\/\/armintour.com\/wp-content\/uploads\/2022\/12\/Armenian-History.jpg 1920w, https:\/\/armintour.com\/wp-content\/uploads\/2022\/12\/Armenian-History-300x132.jpg 300w, https:\/\/armintour.com\/wp-content\/uploads\/2022\/12\/Armenian-History-1024x450.jpg 1024w\" sizes=\"auto, (max-width: 1920px) 100vw, 1920px\" \/><\/a><\/div><\/div><\/div><\/div><\/div><\/div><\/div><\/div><\/section><section class=\"l-section wpb_row height_small\"><div class=\"l-section-overlay\" style=\"background:var(--color-header-middle-bg)\"><\/div><div class=\"l-section-h i-cf\"><div class=\"g-cols vc_row via_grid cols_1 laptops-cols_inherit tablets-cols_inherit mobiles-cols_1 valign_top type_default stacking_default\"><div class=\"wpb_column vc_column_container\"><div class=\"vc_column-inner\"><div class=\"g-cols wpb_row via_grid cols_1 laptops-cols_inherit tablets-cols_inherit mobiles-cols_1 valign_top type_default stacking_default\" style=\"--columns-gap:3rem;\"><div class=\"wpb_column vc_column_container\"><div class=\"vc_column-inner\"><div id=\"ultimate-heading-178669e604230f87b\" class=\"uvc-heading ult-adjust-bottom-margin ultimate-heading-178669e604230f87b uvc-2296 \" data-hspacer=\"no_spacer\"  data-halign=\"left\" style=\"text-align:left\"><div class=\"uvc-heading-spacer no_spacer\" style=\"top\"><\/div><div class=\"uvc-main-heading ult-responsive\"  data-ultimate-target='.uvc-heading.ultimate-heading-178669e604230f87b h3'  data-responsive-json-new='{\"font-size\":\"\",\"line-height\":\"\"}' ><h3 style=\"font-weight:bold;color:#215388;\">4 REGNI ARMENI<\/h3><\/div><div class=\"uvc-sub-heading ult-responsive\"  data-ultimate-target='.uvc-heading.ultimate-heading-178669e604230f87b .uvc-sub-heading '  data-responsive-json-new='{\"font-size\":\"\",\"line-height\":\"\"}'  style=\"font-style:italic;font-weight:bold;color:#000000;margin-top:10px;\">Dai tempi antichi ai primi di Cristianesimo<\/div><\/div><\/div><\/div><\/div><div class=\"w-separator size_small\"><\/div><div id=\"ultimate-heading-988769e604230f9ef\" class=\"uvc-heading ult-adjust-bottom-margin ultimate-heading-988769e604230f9ef uvc-4663 \" data-hspacer=\"no_spacer\"  data-halign=\"left\" style=\"text-align:left\"><div class=\"uvc-heading-spacer no_spacer\" style=\"top\"><\/div><div class=\"uvc-main-heading ult-responsive\"  data-ultimate-target='.uvc-heading.ultimate-heading-988769e604230f9ef h5'  data-responsive-json-new='{\"font-size\":\"\",\"line-height\":\"\"}' ><h5 style=\"font-weight:bold;color:#215388;\">Il regno di Urartu<\/h5><\/div><\/div><div class=\"w-separator size_small\"><\/div><div class=\"g-cols wpb_row via_grid cols_2 laptops-cols_inherit tablets-cols_inherit mobiles-cols_1 valign_top type_default stacking_default\" style=\"--columns-gap:3rem;\"><div class=\"wpb_column vc_column_container type_sticky\"><div class=\"vc_column-inner\" style=\"top:80px\"><div class=\"wpb_text_column\"><div class=\"wpb_wrapper\"><p>Gli scavi archeologici hanno portato alla luce una civilt\u00e0 unica e altamente sviluppata, cio\u00e8, la citt\u00e0 fortezza di Urartu (Ararat). La prova di questa civilt\u00e0 \u00e8 la citt\u00e0 fortezza di Erebuni nel 782 prima di J.C., in base al territorio della citt\u00e0 di Armenia, oggi la capitale di Yerevan.<br \/>\nIl primo secolo prima di J.C. \u00e8 considerato l\u2019et\u00e0 d\u2019oro di Armenia, con le sue citt\u00e0 fiorenti, arte e letteratura.<\/p>\n<\/div><\/div><\/div><\/div><div class=\"wpb_column vc_column_container\"><div class=\"vc_column-inner\"><div class=\"w-image align_none\"><a ref=\"magnificPopup\" href=\"https:\/\/armintour.com\/wp-content\/uploads\/2022\/12\/The-Kingdom-of-Urartu.jpg\" aria-label=\"The Kingdom of Urartu\" class=\"w-image-h\"><img decoding=\"async\" width=\"1970\" height=\"948\" src=\"https:\/\/armintour.com\/wp-content\/uploads\/2022\/12\/The-Kingdom-of-Urartu.jpg\" class=\"attachment-full size-full\" alt=\"\" loading=\"lazy\" srcset=\"https:\/\/armintour.com\/wp-content\/uploads\/2022\/12\/The-Kingdom-of-Urartu.jpg 1970w, https:\/\/armintour.com\/wp-content\/uploads\/2022\/12\/The-Kingdom-of-Urartu-300x144.jpg 300w, https:\/\/armintour.com\/wp-content\/uploads\/2022\/12\/The-Kingdom-of-Urartu-1024x493.jpg 1024w\" sizes=\"auto, (max-width: 1970px) 100vw, 1970px\" \/><\/a><\/div><\/div><\/div><\/div><\/div><\/div><\/div><\/div><\/section><section class=\"l-section wpb_row height_small\"><div class=\"l-section-overlay\" style=\"background:var(--color-header-middle-bg)\"><\/div><div class=\"l-section-h i-cf\"><div class=\"g-cols vc_row via_grid cols_1 laptops-cols_inherit tablets-cols_inherit mobiles-cols_1 valign_top type_default stacking_default\"><div class=\"wpb_column vc_column_container\"><div class=\"vc_column-inner\"><div id=\"ultimate-heading-880369e6042310ed6\" class=\"uvc-heading ult-adjust-bottom-margin ultimate-heading-880369e6042310ed6 uvc-6950 \" data-hspacer=\"no_spacer\"  data-halign=\"left\" style=\"text-align:left\"><div class=\"uvc-heading-spacer no_spacer\" style=\"top\"><\/div><div class=\"uvc-main-heading ult-responsive\"  data-ultimate-target='.uvc-heading.ultimate-heading-880369e6042310ed6 h5'  data-responsive-json-new='{\"font-size\":\"\",\"line-height\":\"\"}' ><h5 style=\"font-weight:bold;color:#215388;\">La dinastia Arsacide<\/h5><\/div><\/div><div class=\"w-separator size_small\"><\/div><div class=\"g-cols wpb_row via_grid cols_2 laptops-cols_inherit tablets-cols_inherit mobiles-cols_1 valign_top type_default stacking_default\" style=\"--columns-gap:3rem;\"><div class=\"wpb_column vc_column_container type_sticky\"><div class=\"vc_column-inner\" style=\"top:80px\"><div class=\"wpb_text_column\"><div class=\"wpb_wrapper\"><p>Il primo secolo prima di J.C. \u00e8 stato un periodo molto difficile per l\u2019Armenia. Le politiche distruttive di una successione di sovrani partici hanno portato al paese a rifiutare, all\u2019inizio della seconda met\u00e0 del secolo, la Roma non osava esaurire la sua influenza sull\u2019Armenia e divenne il vicino dello stato dei Parti. A quel tempo, la dinastia armena arsacide \u00e8 stata fondata, la quale govern\u00f2 fino al IV s.<br \/>\nDopo una lunga lotta contro la Roma, il re armeno Tiridate I fu incoronato da Nerone nel 66 dopo J.C. e la rinascita \u00e8 stata avviata in Armenia. Molte fortezze e citt\u00e0 sono state fondate o ricostruite, e notevoli progressi sono stati compiuti sia in arte e scienza, l\u2019una delle citt\u00e0 nuovamente emersa era Vagharshapat la quale sarebbe poi diventata la culla del cristianesimo in Armenia.<br \/>\nNel 301 l\u2019Armenia ha adottato il cristianesimo diventando cos\u00ec il primo paese che ha dichiarato la religione di stato. Per confronto, il cristianesimo \u00e8 stato legalizzato nell\u2019Impero Romano nel 313 da parte l\u2019Editto di Milano.<br \/>\nNel 449 scoppi\u00f2 una rivolta tra la Persia bizantino e sassanide a liberare il paese diviso. Grazie a un grande eroismo, ai pesanti perdite e alle 66.000 truppe armene forte, gli armeni sono stati in grado di resistere a circa 220.000 Persiani nella battaglia di Avarayr nel 451.<\/p>\n<\/div><\/div><\/div><\/div><div class=\"wpb_column vc_column_container type_sticky\"><div class=\"vc_column-inner\" style=\"top:80px\"><div class=\"w-image align_none\"><a ref=\"magnificPopup\" href=\"https:\/\/armintour.com\/wp-content\/uploads\/2022\/12\/Arshakunyats_Dambaran_and_Chapel_Aghdzk_Armenia-scaled.jpg\" aria-label=\"Arshakunyats_Dambaran_and_Chapel,_Aghdzk,_Armenia\" class=\"w-image-h\"><img decoding=\"async\" width=\"2560\" height=\"1752\" src=\"https:\/\/armintour.com\/wp-content\/uploads\/2022\/12\/Arshakunyats_Dambaran_and_Chapel_Aghdzk_Armenia-scaled.jpg\" class=\"attachment-full size-full\" alt=\"\" loading=\"lazy\" srcset=\"https:\/\/armintour.com\/wp-content\/uploads\/2022\/12\/Arshakunyats_Dambaran_and_Chapel_Aghdzk_Armenia-scaled.jpg 2560w, https:\/\/armintour.com\/wp-content\/uploads\/2022\/12\/Arshakunyats_Dambaran_and_Chapel_Aghdzk_Armenia-300x205.jpg 300w, https:\/\/armintour.com\/wp-content\/uploads\/2022\/12\/Arshakunyats_Dambaran_and_Chapel_Aghdzk_Armenia-1024x701.jpg 1024w\" sizes=\"auto, (max-width: 2560px) 100vw, 2560px\" \/><\/a><\/div><div class=\"w-image align_none\"><a ref=\"magnificPopup\" href=\"https:\/\/armintour.com\/wp-content\/uploads\/2022\/12\/Arshakunyats_Mausoleum_01.jpg\" aria-label=\"Arshakunyats_Mausoleum_01\" class=\"w-image-h\"><img decoding=\"async\" width=\"2000\" height=\"1500\" src=\"https:\/\/armintour.com\/wp-content\/uploads\/2022\/12\/Arshakunyats_Mausoleum_01.jpg\" class=\"attachment-full size-full\" alt=\"\" loading=\"lazy\" srcset=\"https:\/\/armintour.com\/wp-content\/uploads\/2022\/12\/Arshakunyats_Mausoleum_01.jpg 2000w, https:\/\/armintour.com\/wp-content\/uploads\/2022\/12\/Arshakunyats_Mausoleum_01-300x225.jpg 300w, https:\/\/armintour.com\/wp-content\/uploads\/2022\/12\/Arshakunyats_Mausoleum_01-1024x768.jpg 1024w\" sizes=\"auto, (max-width: 2000px) 100vw, 2000px\" \/><\/a><\/div><\/div><\/div><\/div><\/div><\/div><\/div><\/div><\/section><section class=\"l-section wpb_row height_small\"><div class=\"l-section-overlay\" style=\"background:var(--color-header-middle-bg)\"><\/div><div class=\"l-section-h i-cf\"><div class=\"g-cols vc_row via_grid cols_1 laptops-cols_inherit tablets-cols_inherit mobiles-cols_1 valign_top type_default stacking_default\"><div class=\"wpb_column vc_column_container\"><div class=\"vc_column-inner\"><div id=\"ultimate-heading-246769e6042312836\" class=\"uvc-heading ult-adjust-bottom-margin ultimate-heading-246769e6042312836 uvc-4719 \" data-hspacer=\"no_spacer\"  data-halign=\"left\" style=\"text-align:left\"><div class=\"uvc-heading-spacer no_spacer\" style=\"top\"><\/div><div class=\"uvc-main-heading ult-responsive\"  data-ultimate-target='.uvc-heading.ultimate-heading-246769e6042312836 h5'  data-responsive-json-new='{\"font-size\":\"\",\"line-height\":\"\"}' ><h5 style=\"font-weight:bold;color:#215388;\">La medievale Armenia<\/h5><\/div><div class=\"uvc-sub-heading ult-responsive\"  data-ultimate-target='.uvc-heading.ultimate-heading-246769e6042312836 .uvc-sub-heading '  data-responsive-json-new='{\"font-size\":\"\",\"line-height\":\"\"}'  style=\"font-style:italic;font-weight:bold;color:#000000;margin-top:10px;\">L\u2019 Armenia dei Bagratidi -Il Regno medievale di Armenia<\/div><\/div><div class=\"w-separator size_small\"><\/div><div class=\"g-cols wpb_row via_grid cols_2 laptops-cols_inherit tablets-cols_inherit mobiles-cols_1 valign_top type_default stacking_default\" style=\"--columns-gap:3rem;\"><div class=\"wpb_column vc_column_container type_sticky\"><div class=\"vc_column-inner\" style=\"top:80px\"><div class=\"wpb_text_column\"><div class=\"wpb_wrapper\"><p>Nel VII secolo in Persia, Sasadin si \u00e8 crollato sotto le invasioni degli arabi, l\u2019Armenia, questa volta \u00e8 caduta sotto il giogo del Califfato arabo. Un movimento lungo di liberazione nazionale si \u00e8 concluso con la vittoria degli armeni e nel 859 Ashot Bagratuni, dalla Dinastia dei Bagratuni \u00e8 stato riconosciuto il principe dei principi, e nel 885 aveva concesso il titolo di re d\u2019Armenia dal Califfo.<br \/>\nDalla met\u00e0 del IX secolo un aumento significativo \u00e8 stato caratterizzato per lo sviluppo economico, spirituale, culturale e politico. La Fortezza Ani, conosciuta dal V secolo, divenne la capitale nel 961. Ani \u00e8 stata conosciuta come una citt\u00e0 di \u201cmille e una Chiese\u201d. Aveva delle mura possenti, giardini e sobborghi. La capitale di Ani \u00e8 cresciuta ad una popolazione di circa 100.000, pi\u00f9 di qualsiasi centro urbano in Europa.<br \/>\nNel XI secolo, il regno armeno \u00e8 indebolito a causa dell\u2019instabilit\u00e0 sia all\u2019interno e sotto l\u2019influenza di forze esterne, ed i Turchi selgiuchidi che si erano gi\u00e0 apparsi sulla scena della storia nel XI secolo, invasi il nord dell\u2019Armenia nel 1064.<\/p>\n<\/div><\/div><\/div><\/div><div class=\"wpb_column vc_column_container\"><div class=\"vc_column-inner\"><div class=\"w-image align_none\"><a ref=\"magnificPopup\" href=\"https:\/\/armintour.com\/wp-content\/uploads\/2022\/12\/ani-capitol-of-armenia.jpg\" aria-label=\"ani-capitol-of-armenia\" class=\"w-image-h\"><img decoding=\"async\" width=\"2048\" height=\"1281\" src=\"https:\/\/armintour.com\/wp-content\/uploads\/2022\/12\/ani-capitol-of-armenia.jpg\" class=\"attachment-full size-full\" alt=\"\" loading=\"lazy\" srcset=\"https:\/\/armintour.com\/wp-content\/uploads\/2022\/12\/ani-capitol-of-armenia.jpg 2048w, https:\/\/armintour.com\/wp-content\/uploads\/2022\/12\/ani-capitol-of-armenia-300x188.jpg 300w, https:\/\/armintour.com\/wp-content\/uploads\/2022\/12\/ani-capitol-of-armenia-1024x641.jpg 1024w\" sizes=\"auto, (max-width: 2048px) 100vw, 2048px\" \/><\/a><\/div><div class=\"w-image align_none\"><a ref=\"magnificPopup\" href=\"https:\/\/armintour.com\/wp-content\/uploads\/2022\/12\/medieval-armenian-manuscript.jpg\" aria-label=\"medieval-armenian-manuscript\" class=\"w-image-h\"><img decoding=\"async\" width=\"857\" height=\"1181\" src=\"https:\/\/armintour.com\/wp-content\/uploads\/2022\/12\/medieval-armenian-manuscript.jpg\" class=\"attachment-full size-full\" alt=\"\" loading=\"lazy\" srcset=\"https:\/\/armintour.com\/wp-content\/uploads\/2022\/12\/medieval-armenian-manuscript.jpg 857w, https:\/\/armintour.com\/wp-content\/uploads\/2022\/12\/medieval-armenian-manuscript-218x300.jpg 218w, https:\/\/armintour.com\/wp-content\/uploads\/2022\/12\/medieval-armenian-manuscript-743x1024.jpg 743w\" sizes=\"auto, (max-width: 857px) 100vw, 857px\" \/><\/a><\/div><\/div><\/div><\/div><\/div><\/div><\/div><\/div><\/section><section class=\"l-section wpb_row height_small\"><div class=\"l-section-overlay\" style=\"background:var(--color-header-middle-bg)\"><\/div><div class=\"l-section-h i-cf\"><div class=\"g-cols vc_row via_grid cols_1 laptops-cols_inherit tablets-cols_inherit mobiles-cols_1 valign_top type_default stacking_default\"><div class=\"wpb_column vc_column_container\"><div class=\"vc_column-inner\"><div id=\"ultimate-heading-535469e6042314489\" class=\"uvc-heading ult-adjust-bottom-margin ultimate-heading-535469e6042314489 uvc-8852 \" data-hspacer=\"no_spacer\"  data-halign=\"left\" style=\"text-align:left\"><div class=\"uvc-heading-spacer no_spacer\" style=\"top\"><\/div><div class=\"uvc-main-heading ult-responsive\"  data-ultimate-target='.uvc-heading.ultimate-heading-535469e6042314489 h5'  data-responsive-json-new='{\"font-size\":\"\",\"line-height\":\"\"}' ><h5 style=\"font-weight:bold;color:#215388;\">Regno armeno di Cilicia<\/h5><\/div><\/div><div class=\"w-separator size_small\"><\/div><div class=\"g-cols wpb_row via_grid cols_2 laptops-cols_inherit tablets-cols_inherit mobiles-cols_1 valign_top type_default stacking_default\" style=\"--columns-gap:3rem;\"><div class=\"wpb_column vc_column_container type_sticky\"><div class=\"vc_column-inner\" style=\"top:80px\"><div class=\"wpb_text_column\"><div class=\"wpb_wrapper\"><p>Mentre l\u2019Armenia ha perso la sovranit\u00e0 buona, sui costi del Mediterraneo meridionale un altro regno armeno di Cilicia \u00e8 stato aumentato e dur\u00f2 circa 300 anni (1080-1375).<br \/>\nGli primi armeni hanno messo piede in Cilicia nel 96-95 prima di J.C. e nel corso del tempo si diffusero a lungo della costa del Mediterraneo. Il principato armeno di Cilicia \u00e8 cresciuto cos\u00ec rapidamente e divenne cos\u00ec potente che nel 1198, con il consenso di Bisanzio e dei crociati, \u00e8 stato riconosciuto come un regno sovrano.<br \/>\nDopo la caduta dell\u2019Impero tartare, le invasioni in Armenia da parte di diversi bottini non hanno smesso. Le truppe di Timur Lenk (Timur,1386) e il persiano Shah Abbas il Grande (1604) hanno invaso l\u2019Armenia devastando il paese. Dopo una lunga lotta, nel 1639, l\u2019Armenia occidentale \u00e8 stata adottata alla Turchia, e l\u2019Armenia orientale alla Persia. Questa situazione dur\u00f2 fino agli anni \u201920 del XIX secolo.<\/p>\n<\/div><\/div><\/div><\/div><div class=\"wpb_column vc_column_container type_sticky\"><div class=\"vc_column-inner\" style=\"top:80px\"><div class=\"w-image align_none\"><a ref=\"magnificPopup\" href=\"https:\/\/armintour.com\/wp-content\/uploads\/2022\/12\/2ef267b33a4911ab8af7de15af843d29.jpg\" aria-label=\"2ef267b33a4911ab8af7de15af843d29\" class=\"w-image-h\"><img decoding=\"async\" width=\"900\" height=\"900\" src=\"https:\/\/armintour.com\/wp-content\/uploads\/2022\/12\/2ef267b33a4911ab8af7de15af843d29.jpg\" class=\"attachment-full size-full\" alt=\"\" loading=\"lazy\" srcset=\"https:\/\/armintour.com\/wp-content\/uploads\/2022\/12\/2ef267b33a4911ab8af7de15af843d29.jpg 900w, https:\/\/armintour.com\/wp-content\/uploads\/2022\/12\/2ef267b33a4911ab8af7de15af843d29-300x300.jpg 300w, https:\/\/armintour.com\/wp-content\/uploads\/2022\/12\/2ef267b33a4911ab8af7de15af843d29-150x150.jpg 150w\" sizes=\"auto, (max-width: 900px) 100vw, 900px\" \/><\/a><\/div><\/div><\/div><\/div><\/div><\/div><\/div><\/div><\/section><section class=\"l-section wpb_row height_small\"><div class=\"l-section-overlay\" style=\"background:var(--color-header-middle-bg)\"><\/div><div class=\"l-section-h i-cf\"><div class=\"g-cols vc_row via_grid cols_1 laptops-cols_inherit tablets-cols_inherit mobiles-cols_1 valign_top type_default stacking_default\"><div class=\"wpb_column vc_column_container\"><div class=\"vc_column-inner\"><div class=\"g-cols wpb_row via_grid cols_1 laptops-cols_inherit tablets-cols_inherit mobiles-cols_1 valign_top type_default stacking_default\" style=\"--columns-gap:3rem;\"><div class=\"wpb_column vc_column_container\"><div class=\"vc_column-inner\"><div id=\"ultimate-heading-437869e6042315c33\" class=\"uvc-heading ult-adjust-bottom-margin ultimate-heading-437869e6042315c33 uvc-591 \" data-hspacer=\"no_spacer\"  data-halign=\"left\" style=\"text-align:left\"><div class=\"uvc-heading-spacer no_spacer\" style=\"top\"><\/div><div class=\"uvc-main-heading ult-responsive\"  data-ultimate-target='.uvc-heading.ultimate-heading-437869e6042315c33 h3'  data-responsive-json-new='{\"font-size\":\"\",\"line-height\":\"\"}' ><h3 style=\"font-weight:bold;color:#215388;\">Tra la Russia e la Turchia<\/h3><\/div><\/div><\/div><\/div><\/div><div class=\"w-separator size_small\"><\/div><div class=\"g-cols wpb_row via_grid cols_1 laptops-cols_inherit tablets-cols_inherit mobiles-cols_1 valign_top type_default stacking_default\" style=\"--columns-gap:3rem;\"><div class=\"wpb_column vc_column_container\"><div class=\"vc_column-inner\"><div class=\"wpb_text_column\"><div class=\"wpb_wrapper\"><p>La relazione tra l\u2019Armenia e la Russia ha l\u2019inizio dai X-XII ss. Dal XVII secolo la questione chiave nelle relazioni politiche con la Russia fu la liberazione dell\u2019Armenia dalla tirannia turca e persiana. \u00c8 stato rotto nel 1804 tra la Russia e la Persia, e nel 1813 un certo numero di distretti storicamente armeno (marzes) sono stati uniti alla Russia con l\u2019accordo di Giulistano.<br \/>\nNel 1828, con l\u2019accordo di Turkmencha \u00e8 stato finalmente possibile di unificare l\u2019Armenia orientale con la Russia, e il risultato della guerra russo-turca del 1877-1878 \u00e8 stata la marze occidentale armena di Kars che \u00e8 stata unita \u00e0 la Russia.<br \/>\nDalla fine del XIX secolo, il governo ottomano ha progettato e ha realizzato dei massacri degli armeni. Le riflessioni della resistenza eroica di Sasun, Zeitun, Van e altrove ancora fresco nel 1915, il governo turco ha fatto il genocidio del popolo armenoal quale circa 1,5 milioni di armeni erano vittime.<br \/>\nI sopravvissuti erano sparsi ovunque, e alcuni di loro hanno trovato rifugio in Armenia orientale.<br \/>\nIl 28 maggio 1918, l\u2019Armenia \u00e8 stato dichiarato uno stato indipendente.<br \/>\nNel 1920, la Repubblica socialista sovietica armena \u00e8 stata istituita.<br \/>\nNel 1991 l\u2019Armenia ha riacquistato l\u2019indipendenza.<\/p>\n<\/div><\/div><\/div><\/div><\/div><\/div><\/div><\/div><\/div><\/section>\n","protected":false},"excerpt":{"rendered":"\u201cHAYASTAN\u201d e \u201cARMENIA\u201dLa prima indicazione di Armenia pu\u00f2 essere rintracciata in sumerico iscrizioni cuneiformi risalenti al III millennio prima di J.C., e gli ittiti dimostrano l\u2019esistenza di un paese chiamato Hayasa, che si suppone la culla dell\u2019armeno. Haya, combinato con il suffisso \u2018-sanscrito-\u2019stan\u2019 (terra). Hayk \u00e8 stato uno dei grandi leader armeni dopo che la...","protected":false},"author":1,"featured_media":14767,"parent":0,"menu_order":0,"comment_status":"closed","ping_status":"closed","template":"","meta":{"footnotes":""},"class_list":["post-14885","page","type-page","status-publish","has-post-thumbnail","hentry"],"_links":{"self":[{"href":"https:\/\/armintour.com\/it\/wp-json\/wp\/v2\/pages\/14885","targetHints":{"allow":["GET"]}}],"collection":[{"href":"https:\/\/armintour.com\/it\/wp-json\/wp\/v2\/pages"}],"about":[{"href":"https:\/\/armintour.com\/it\/wp-json\/wp\/v2\/types\/page"}],"author":[{"embeddable":true,"href":"https:\/\/armintour.com\/it\/wp-json\/wp\/v2\/users\/1"}],"replies":[{"embeddable":true,"href":"https:\/\/armintour.com\/it\/wp-json\/wp\/v2\/comments?post=14885"}],"version-history":[{"count":4,"href":"https:\/\/armintour.com\/it\/wp-json\/wp\/v2\/pages\/14885\/revisions"}],"predecessor-version":[{"id":24903,"href":"https:\/\/armintour.com\/it\/wp-json\/wp\/v2\/pages\/14885\/revisions\/24903"}],"wp:featuredmedia":[{"embeddable":true,"href":"https:\/\/armintour.com\/it\/wp-json\/wp\/v2\/media\/14767"}],"wp:attachment":[{"href":"https:\/\/armintour.com\/it\/wp-json\/wp\/v2\/media?parent=14885"}],"curies":[{"name":"wp","href":"https:\/\/api.w.org\/{rel}","templated":true}]}}